{"id":5307,"date":"2023-05-11T14:15:45","date_gmt":"2023-05-11T13:15:45","guid":{"rendered":"https:\/\/crocjeux.com\/?post_type=product&#038;p=5307"},"modified":"2024-03-19T15:37:23","modified_gmt":"2024-03-19T14:37:23","slug":"mindbug","status":"publish","type":"product","link":"https:\/\/crocjeux.com\/index.php\/produit\/mindbug\/","title":{"rendered":"Mindbug"},"content":{"rendered":"<h2>Mindbug &#8211; Le Jeu<\/h2>\n<p>VOUS \u00caTES MAINTENANT SOUS MON CONTR\u00d4LE, TERRIEN&#8230; VOUS AVEZ \u00c9T\u00c9 CHOISI&#8230; &#8230;pour contr\u00f4ler quelques-unes des cr\u00e9ations des Mindbugs et les mener au combat contre leurs anciens adversaires !<\/p>\n<h2>Mindbug &#8211; Comment \u00e7a marche<\/h2>\n<p>Dans Mindbug , vous invoquez des cr\u00e9atures hybrides et les envoyez au combat contre votre adversaire \u2013 mais lorsque vous invoquez une cr\u00e9ature, l\u2019adversaire peut utiliser l\u2019un de ses Mindbugs pour en prendre le contr\u00f4le.<\/p>\n<p>D\u00e9jouez votre adversaire dans un duel tactique fascinant dans lequel avoir le fait d\u2019avoir les meilleures cartes mais de les jouer au mauvais moment peut \u00eatre mortel pour vous-m\u00eame. Les cartes de Mindbug repr\u00e9sentent des cr\u00e9atures \u00e9tranges dot\u00e9es de capacit\u00e9s uniques et puissantes.<\/p>\n<p>Chaque joueur commence la partie avec dix cartes de cr\u00e9ature (cinq en main et cinq dans une pioche) et essaie de les utiliser pour r\u00e9duire \u00e0 z\u00e9ro le total de points de vie de l\u2019adversaire. De plus, chaque joueur re\u00e7oit deux cartes Mindbug qui peuvent \u00eatre utilis\u00e9es pour contr\u00f4ler mentalement une cr\u00e9ature adverse lorsqu\u2019elle est jou\u00e9e.<\/p>\n<p>Ce m\u00e9canisme innovant de Mindbug est au c\u0153ur du jeu et conduit \u00e0 un processus de prise de d\u00e9cision unique qui fait que Mindbug se sent totalement diff\u00e9rent de tout autre jeu de cartes. Jouer une carte ne n\u00e9cessite aucune ressource dans Mindbug .<br \/>\nEn cons\u00e9quence, le jeu n\u2019a pas de phase de mont\u00e9e en puissance (comme la collecte de ressources) et ne n\u00e9cessite pas de cartes faibles.<br \/>\nComme il n\u2019y a pas non plus de construction de deck, vous pouvez commencer \u00e0 jouer imm\u00e9diatement \u00e0 partir d\u2019un seul deck. Il n\u2019y a pas non plus d\u2019avantage injuste car les joueurs tirent des cartes du m\u00eame jeu et ont toujours la possibilit\u00e9 de contr\u00f4ler mentalement les cartes adverses les plus fortes.<\/p>\n<p>En fin de compte, tout d\u00e9pend de vos propres d\u00e9cisions, ce qui rend le jeu extr\u00eamement \u00e9quitable et comp\u00e9titif \u00e0 la fois.<\/p>\n","protected":false},"excerpt":{"rendered":"<p>Mindbug est un jeu\u00a0 de duels bas\u00e9s sur un jeu de gestion de main minimaliste\u00a0 : 10 cartes et pas une de plus pour an\u00e9antir votre adversaires ! Saurez vous l&#8217;emportez ?<\/p>\n<p>&nbsp;<\/p>\n","protected":false},"featured_media":5308,"comment_status":"open","ping_status":"closed","template":"","meta":{"colormag_page_container_layout":"default_layout","colormag_page_sidebar_layout":"default_layout"},"product_brand":[],"product_cat":[32],"product_tag":[],"class_list":{"0":"post-5307","1":"product","2":"type-product","3":"status-publish","4":"has-post-thumbnail","6":"product_cat-jeux-de-cartes","8":"first","9":"instock","10":"taxable","11":"shipping-taxable","12":"purchasable","13":"product-type-simple"},"yoast_head":"<!-- This site is optimized with the Yoast SEO plugin v27.3 - https:\/\/yoast.com\/product\/yoast-seo-wordpress\/ -->\n<title>Mindbug - Croc Jeux<\/title>\n<meta name=\"description\" content=\"Mindbug est un jeu\u00a0 de duels bas\u00e9s sur un jeu de gestion de main minimaliste\u00a0 : 10 cartes et pas une de plus pour an\u00e9antir votre adversaires ! Saurez vous l&#039;emportez ?\" \/>\n<meta name=\"robots\" content=\"index, follow, max-snippet:-1, max-image-preview:large, max-video-preview:-1\" \/>\n<link rel=\"canonical\" href=\"https:\/\/crocjeux.com\/index.php\/produit\/mindbug\/\" \/>\n<meta property=\"og:locale\" content=\"fr_FR\" \/>\n<meta property=\"og:type\" content=\"article\" \/>\n<meta property=\"og:title\" content=\"Mindbug - Croc Jeux\" \/>\n<meta property=\"og:description\" content=\"Mindbug est un jeu\u00a0 de duels bas\u00e9s sur un jeu de gestion de main minimaliste\u00a0 : 10 cartes et pas une de plus pour an\u00e9antir votre adversaires ! Saurez vous l&#039;emportez ?\" \/>\n<meta property=\"og:url\" content=\"https:\/\/crocjeux.com\/index.php\/produit\/mindbug\/\" \/>\n<meta property=\"og:site_name\" content=\"Croc Jeux\" \/>\n<meta property=\"article:modified_time\" content=\"2024-03-19T14:37:23+00:00\" \/>\n<meta property=\"og:image\" content=\"https:\/\/crocjeux.com\/wp-content\/uploads\/2023\/05\/mindbug.jpg\" \/>\n\t<meta property=\"og:image:width\" content=\"600\" \/>\n\t<meta property=\"og:image:height\" content=\"600\" \/>\n\t<meta property=\"og:image:type\" content=\"image\/jpeg\" \/>\n<meta name=\"twitter:card\" content=\"summary_large_image\" \/>\n<meta name=\"twitter:label1\" content=\"Dur\u00e9e de lecture estim\u00e9e\" \/>\n\t<meta name=\"twitter:data1\" content=\"2 minutes\" \/>\n<script type=\"application\/ld+json\" class=\"yoast-schema-graph\">{\"@context\":\"https:\\\/\\\/schema.org\",\"@graph\":[{\"@type\":\"WebPage\",\"@id\":\"https:\\\/\\\/crocjeux.com\\\/index.php\\\/produit\\\/mindbug\\\/\",\"url\":\"https:\\\/\\\/crocjeux.com\\\/index.php\\\/produit\\\/mindbug\\\/\",\"name\":\"Mindbug - Croc Jeux\",\"isPartOf\":{\"@id\":\"https:\\\/\\\/crocjeux.com\\\/#website\"},\"primaryImageOfPage\":{\"@id\":\"https:\\\/\\\/crocjeux.com\\\/index.php\\\/produit\\\/mindbug\\\/#primaryimage\"},\"image\":{\"@id\":\"https:\\\/\\\/crocjeux.com\\\/index.php\\\/produit\\\/mindbug\\\/#primaryimage\"},\"thumbnailUrl\":\"https:\\\/\\\/crocjeux.com\\\/wp-content\\\/uploads\\\/2023\\\/05\\\/mindbug.jpg\",\"datePublished\":\"2023-05-11T13:15:45+00:00\",\"dateModified\":\"2024-03-19T14:37:23+00:00\",\"description\":\"Mindbug est un jeu\u00a0 de duels bas\u00e9s sur un jeu de gestion de main minimaliste\u00a0 : 10 cartes et pas une de plus pour an\u00e9antir votre adversaires ! Saurez vous l'emportez ?\",\"breadcrumb\":{\"@id\":\"https:\\\/\\\/crocjeux.com\\\/index.php\\\/produit\\\/mindbug\\\/#breadcrumb\"},\"inLanguage\":\"fr-FR\",\"potentialAction\":[{\"@type\":\"ReadAction\",\"target\":[\"https:\\\/\\\/crocjeux.com\\\/index.php\\\/produit\\\/mindbug\\\/\"]}]},{\"@type\":\"ImageObject\",\"inLanguage\":\"fr-FR\",\"@id\":\"https:\\\/\\\/crocjeux.com\\\/index.php\\\/produit\\\/mindbug\\\/#primaryimage\",\"url\":\"https:\\\/\\\/crocjeux.com\\\/wp-content\\\/uploads\\\/2023\\\/05\\\/mindbug.jpg\",\"contentUrl\":\"https:\\\/\\\/crocjeux.com\\\/wp-content\\\/uploads\\\/2023\\\/05\\\/mindbug.jpg\",\"width\":600,\"height\":600},{\"@type\":\"BreadcrumbList\",\"@id\":\"https:\\\/\\\/crocjeux.com\\\/index.php\\\/produit\\\/mindbug\\\/#breadcrumb\",\"itemListElement\":[{\"@type\":\"ListItem\",\"position\":1,\"name\":\"Accueil\",\"item\":\"https:\\\/\\\/crocjeux.com\\\/\"},{\"@type\":\"ListItem\",\"position\":2,\"name\":\"Boutique\",\"item\":\"https:\\\/\\\/crocjeux.com\\\/\"},{\"@type\":\"ListItem\",\"position\":3,\"name\":\"Mindbug\"}]},{\"@type\":\"WebSite\",\"@id\":\"https:\\\/\\\/crocjeux.com\\\/#website\",\"url\":\"https:\\\/\\\/crocjeux.com\\\/\",\"name\":\"Croc Jeux\",\"description\":\"Bienvenue chez Croc Jeux!\",\"publisher\":{\"@id\":\"https:\\\/\\\/crocjeux.com\\\/#organization\"},\"potentialAction\":[{\"@type\":\"SearchAction\",\"target\":{\"@type\":\"EntryPoint\",\"urlTemplate\":\"https:\\\/\\\/crocjeux.com\\\/?s={search_term_string}\"},\"query-input\":{\"@type\":\"PropertyValueSpecification\",\"valueRequired\":true,\"valueName\":\"search_term_string\"}}],\"inLanguage\":\"fr-FR\"},{\"@type\":\"Organization\",\"@id\":\"https:\\\/\\\/crocjeux.com\\\/#organization\",\"name\":\"Croc Jeux\",\"url\":\"https:\\\/\\\/crocjeux.com\\\/\",\"logo\":{\"@type\":\"ImageObject\",\"inLanguage\":\"fr-FR\",\"@id\":\"https:\\\/\\\/crocjeux.com\\\/#\\\/schema\\\/logo\\\/image\\\/\",\"url\":\"https:\\\/\\\/crocjeux.com\\\/wp-content\\\/uploads\\\/2022\\\/01\\\/cropped-logo-croc-etape-1-e1644574034239.jpg\",\"contentUrl\":\"https:\\\/\\\/crocjeux.com\\\/wp-content\\\/uploads\\\/2022\\\/01\\\/cropped-logo-croc-etape-1-e1644574034239.jpg\",\"width\":1224,\"height\":314,\"caption\":\"Croc Jeux\"},\"image\":{\"@id\":\"https:\\\/\\\/crocjeux.com\\\/#\\\/schema\\\/logo\\\/image\\\/\"}}]}<\/script>\n<!-- \/ Yoast SEO plugin. -->","yoast_head_json":{"title":"Mindbug - Croc Jeux","description":"Mindbug est un jeu\u00a0 de duels bas\u00e9s sur un jeu de gestion de main minimaliste\u00a0 : 10 cartes et pas une de plus pour an\u00e9antir votre adversaires ! Saurez vous l'emportez ?","robots":{"index":"index","follow":"follow","max-snippet":"max-snippet:-1","max-image-preview":"max-image-preview:large","max-video-preview":"max-video-preview:-1"},"canonical":"https:\/\/crocjeux.com\/index.php\/produit\/mindbug\/","og_locale":"fr_FR","og_type":"article","og_title":"Mindbug - Croc Jeux","og_description":"Mindbug est un jeu\u00a0 de duels bas\u00e9s sur un jeu de gestion de main minimaliste\u00a0 : 10 cartes et pas une de plus pour an\u00e9antir votre adversaires ! Saurez vous l'emportez ?","og_url":"https:\/\/crocjeux.com\/index.php\/produit\/mindbug\/","og_site_name":"Croc Jeux","article_modified_time":"2024-03-19T14:37:23+00:00","og_image":[{"width":600,"height":600,"url":"https:\/\/crocjeux.com\/wp-content\/uploads\/2023\/05\/mindbug.jpg","type":"image\/jpeg"}],"twitter_card":"summary_large_image","twitter_misc":{"Dur\u00e9e de lecture estim\u00e9e":"2 minutes"},"schema":{"@context":"https:\/\/schema.org","@graph":[{"@type":"WebPage","@id":"https:\/\/crocjeux.com\/index.php\/produit\/mindbug\/","url":"https:\/\/crocjeux.com\/index.php\/produit\/mindbug\/","name":"Mindbug - Croc Jeux","isPartOf":{"@id":"https:\/\/crocjeux.com\/#website"},"primaryImageOfPage":{"@id":"https:\/\/crocjeux.com\/index.php\/produit\/mindbug\/#primaryimage"},"image":{"@id":"https:\/\/crocjeux.com\/index.php\/produit\/mindbug\/#primaryimage"},"thumbnailUrl":"https:\/\/crocjeux.com\/wp-content\/uploads\/2023\/05\/mindbug.jpg","datePublished":"2023-05-11T13:15:45+00:00","dateModified":"2024-03-19T14:37:23+00:00","description":"Mindbug est un jeu\u00a0 de duels bas\u00e9s sur un jeu de gestion de main minimaliste\u00a0 : 10 cartes et pas une de plus pour an\u00e9antir votre adversaires ! Saurez vous l'emportez ?","breadcrumb":{"@id":"https:\/\/crocjeux.com\/index.php\/produit\/mindbug\/#breadcrumb"},"inLanguage":"fr-FR","potentialAction":[{"@type":"ReadAction","target":["https:\/\/crocjeux.com\/index.php\/produit\/mindbug\/"]}]},{"@type":"ImageObject","inLanguage":"fr-FR","@id":"https:\/\/crocjeux.com\/index.php\/produit\/mindbug\/#primaryimage","url":"https:\/\/crocjeux.com\/wp-content\/uploads\/2023\/05\/mindbug.jpg","contentUrl":"https:\/\/crocjeux.com\/wp-content\/uploads\/2023\/05\/mindbug.jpg","width":600,"height":600},{"@type":"BreadcrumbList","@id":"https:\/\/crocjeux.com\/index.php\/produit\/mindbug\/#breadcrumb","itemListElement":[{"@type":"ListItem","position":1,"name":"Accueil","item":"https:\/\/crocjeux.com\/"},{"@type":"ListItem","position":2,"name":"Boutique","item":"https:\/\/crocjeux.com\/"},{"@type":"ListItem","position":3,"name":"Mindbug"}]},{"@type":"WebSite","@id":"https:\/\/crocjeux.com\/#website","url":"https:\/\/crocjeux.com\/","name":"Croc Jeux","description":"Bienvenue chez Croc Jeux!","publisher":{"@id":"https:\/\/crocjeux.com\/#organization"},"potentialAction":[{"@type":"SearchAction","target":{"@type":"EntryPoint","urlTemplate":"https:\/\/crocjeux.com\/?s={search_term_string}"},"query-input":{"@type":"PropertyValueSpecification","valueRequired":true,"valueName":"search_term_string"}}],"inLanguage":"fr-FR"},{"@type":"Organization","@id":"https:\/\/crocjeux.com\/#organization","name":"Croc Jeux","url":"https:\/\/crocjeux.com\/","logo":{"@type":"ImageObject","inLanguage":"fr-FR","@id":"https:\/\/crocjeux.com\/#\/schema\/logo\/image\/","url":"https:\/\/crocjeux.com\/wp-content\/uploads\/2022\/01\/cropped-logo-croc-etape-1-e1644574034239.jpg","contentUrl":"https:\/\/crocjeux.com\/wp-content\/uploads\/2022\/01\/cropped-logo-croc-etape-1-e1644574034239.jpg","width":1224,"height":314,"caption":"Croc Jeux"},"image":{"@id":"https:\/\/crocjeux.com\/#\/schema\/logo\/image\/"}}]}},"_links":{"self":[{"href":"https:\/\/crocjeux.com\/index.php\/wp-json\/wp\/v2\/product\/5307","targetHints":{"allow":["GET"]}}],"collection":[{"href":"https:\/\/crocjeux.com\/index.php\/wp-json\/wp\/v2\/product"}],"about":[{"href":"https:\/\/crocjeux.com\/index.php\/wp-json\/wp\/v2\/types\/product"}],"replies":[{"embeddable":true,"href":"https:\/\/crocjeux.com\/index.php\/wp-json\/wp\/v2\/comments?post=5307"}],"wp:featuredmedia":[{"embeddable":true,"href":"https:\/\/crocjeux.com\/index.php\/wp-json\/wp\/v2\/media\/5308"}],"wp:attachment":[{"href":"https:\/\/crocjeux.com\/index.php\/wp-json\/wp\/v2\/media?parent=5307"}],"wp:term":[{"taxonomy":"product_brand","embeddable":true,"href":"https:\/\/crocjeux.com\/index.php\/wp-json\/wp\/v2\/product_brand?post=5307"},{"taxonomy":"product_cat","embeddable":true,"href":"https:\/\/crocjeux.com\/index.php\/wp-json\/wp\/v2\/product_cat?post=5307"},{"taxonomy":"product_tag","embeddable":true,"href":"https:\/\/crocjeux.com\/index.php\/wp-json\/wp\/v2\/product_tag?post=5307"}],"curies":[{"name":"wp","href":"https:\/\/api.w.org\/{rel}","templated":true}]}}