{"id":5318,"date":"2023-05-17T16:25:02","date_gmt":"2023-05-17T15:25:02","guid":{"rendered":"https:\/\/crocjeux.com\/?post_type=product&#038;p=5318"},"modified":"2023-06-01T16:11:54","modified_gmt":"2023-06-01T15:11:54","slug":"jurassic-survie","status":"publish","type":"product","link":"https:\/\/crocjeux.com\/index.php\/produit\/jurassic-survie\/","title":{"rendered":"Jurassic Survie"},"content":{"rendered":"<div id=\"product-description-short-17735\" class=\"rte-content\">\n<p>C&rsquo;est parti pour un jeu d&rsquo;aventure hors du commun! Vous venez d\u2019\u00e9chouer sur une \u00eele peupl\u00e9e de dinosaures! Apr\u00e8s avoir activ\u00e9 votre balise de d\u00e9tresse, vous devez d\u00e9sormais attendre les secours au sein de votre campement de fortune. Or, les dinosaures r\u00f4dent autour de vous\u2026 Chaque nuit, il va donc falloir identifier les dinosaures qui approchent gr\u00e2ce \u00e0 vos posters, afin de leur donner la nourriture ad\u00e9quate, et ne pas se faire d\u00e9vorer! C\u2019est qu\u2019on ne fabrique pas un pi\u00e8ge \u00e0 tyrannosaure avec de l\u2019herbe\u2026 Aussi, il va falloir \u00eatre vigilant et tr\u00e8s observateur! Si vous parvenez \u00e0 survivre au nombre de nuits d\u00e9termin\u00e9 en d\u00e9but de partie, c&rsquo;est la victoire!<\/p>\n<\/div>\n<div class=\"product-actions\">\n<form id=\"add-to-cart-or-refresh\" action=\"https:\/\/www.lapouleapois.fr\/panier\" method=\"post\">\n<div class=\"product-variants\"><\/div>\n<div class=\"product-add-to-cart pt-3\">\n<div class=\"row extra-small-gutters product-quantity\">\n<div class=\"col col-12 col-sm-auto\">\n<div class=\"qty\">\n<div class=\"input-group bootstrap-touchspin\"><input id=\"quantity_wanted\" class=\"input-group form-control\" min=\"1\" name=\"qty\" type=\"number\" value=\"1\" \/><\/div>\n<\/div>\n<\/div>\n<\/div>\n<\/div>\n<\/form>\n<\/div>\n<div class=\"col col-12 col-sm-auto\">\n<div class=\"qty\"><\/div>\n<\/div>\n<div class=\"col col-12 col-sm-auto\">\n<div class=\"add\"><\/div>\n<\/div>\n","protected":false},"excerpt":{"rendered":"<p>D\u00e9couvrez le jeu <em>Jurassic survie<\/em> de Janod, un jeu d&rsquo;observation et de rapidit\u00e9 pour jouer de 2 \u00e0 6 joueurs \u00e0 partir de 7 ans.<\/p>\n","protected":false},"featured_media":5319,"comment_status":"open","ping_status":"closed","template":"","meta":{"colormag_page_container_layout":"default_layout","colormag_page_sidebar_layout":"default_layout"},"product_brand":[],"product_cat":[30,33],"product_tag":[],"class_list":{"0":"post-5318","1":"product","2":"type-product","3":"status-publish","4":"has-post-thumbnail","6":"product_cat-jeux-collaboratifs","7":"product_cat-jeux-enfants","9":"first","10":"instock","11":"taxable","12":"shipping-taxable","13":"purchasable","14":"product-type-simple"},"yoast_head":"<!-- This site is optimized with the Yoast SEO plugin v27.3 - https:\/\/yoast.com\/product\/yoast-seo-wordpress\/ -->\n<title>Jurassic Survie - Croc Jeux<\/title>\n<meta name=\"description\" content=\"D\u00e9couvrez le jeu Jurassic survie de Janod, un jeu d&#039;observation et de rapidit\u00e9 pour jouer de 2 \u00e0 6 joueurs \u00e0 partir de 7 ans.\" \/>\n<meta name=\"robots\" content=\"index, follow, max-snippet:-1, max-image-preview:large, max-video-preview:-1\" \/>\n<link rel=\"canonical\" href=\"https:\/\/crocjeux.com\/index.php\/produit\/jurassic-survie\/\" \/>\n<meta property=\"og:locale\" content=\"fr_FR\" \/>\n<meta property=\"og:type\" content=\"article\" \/>\n<meta property=\"og:title\" content=\"Jurassic Survie - Croc Jeux\" \/>\n<meta property=\"og:description\" content=\"D\u00e9couvrez le jeu Jurassic survie de Janod, un jeu d&#039;observation et de rapidit\u00e9 pour jouer de 2 \u00e0 6 joueurs \u00e0 partir de 7 ans.\" \/>\n<meta property=\"og:url\" content=\"https:\/\/crocjeux.com\/index.php\/produit\/jurassic-survie\/\" \/>\n<meta property=\"og:site_name\" content=\"Croc Jeux\" \/>\n<meta property=\"article:modified_time\" content=\"2023-06-01T15:11:54+00:00\" \/>\n<meta property=\"og:image\" content=\"https:\/\/crocjeux.com\/wp-content\/uploads\/2023\/05\/jurassic-survie.jpg\" \/>\n\t<meta property=\"og:image:width\" content=\"225\" \/>\n\t<meta property=\"og:image:height\" content=\"225\" \/>\n\t<meta property=\"og:image:type\" content=\"image\/jpeg\" \/>\n<meta name=\"twitter:card\" content=\"summary_large_image\" \/>\n<meta name=\"twitter:label1\" content=\"Dur\u00e9e de lecture estim\u00e9e\" \/>\n\t<meta name=\"twitter:data1\" content=\"1 minute\" \/>\n<script type=\"application\/ld+json\" class=\"yoast-schema-graph\">{\"@context\":\"https:\\\/\\\/schema.org\",\"@graph\":[{\"@type\":\"WebPage\",\"@id\":\"https:\\\/\\\/crocjeux.com\\\/index.php\\\/produit\\\/jurassic-survie\\\/\",\"url\":\"https:\\\/\\\/crocjeux.com\\\/index.php\\\/produit\\\/jurassic-survie\\\/\",\"name\":\"Jurassic Survie - Croc Jeux\",\"isPartOf\":{\"@id\":\"https:\\\/\\\/crocjeux.com\\\/#website\"},\"primaryImageOfPage\":{\"@id\":\"https:\\\/\\\/crocjeux.com\\\/index.php\\\/produit\\\/jurassic-survie\\\/#primaryimage\"},\"image\":{\"@id\":\"https:\\\/\\\/crocjeux.com\\\/index.php\\\/produit\\\/jurassic-survie\\\/#primaryimage\"},\"thumbnailUrl\":\"https:\\\/\\\/crocjeux.com\\\/wp-content\\\/uploads\\\/2023\\\/05\\\/jurassic-survie.jpg\",\"datePublished\":\"2023-05-17T15:25:02+00:00\",\"dateModified\":\"2023-06-01T15:11:54+00:00\",\"description\":\"D\u00e9couvrez le jeu Jurassic survie de Janod, un jeu d'observation et de rapidit\u00e9 pour jouer de 2 \u00e0 6 joueurs \u00e0 partir de 7 ans.\",\"breadcrumb\":{\"@id\":\"https:\\\/\\\/crocjeux.com\\\/index.php\\\/produit\\\/jurassic-survie\\\/#breadcrumb\"},\"inLanguage\":\"fr-FR\",\"potentialAction\":[{\"@type\":\"ReadAction\",\"target\":[\"https:\\\/\\\/crocjeux.com\\\/index.php\\\/produit\\\/jurassic-survie\\\/\"]}]},{\"@type\":\"ImageObject\",\"inLanguage\":\"fr-FR\",\"@id\":\"https:\\\/\\\/crocjeux.com\\\/index.php\\\/produit\\\/jurassic-survie\\\/#primaryimage\",\"url\":\"https:\\\/\\\/crocjeux.com\\\/wp-content\\\/uploads\\\/2023\\\/05\\\/jurassic-survie.jpg\",\"contentUrl\":\"https:\\\/\\\/crocjeux.com\\\/wp-content\\\/uploads\\\/2023\\\/05\\\/jurassic-survie.jpg\",\"width\":225,\"height\":225},{\"@type\":\"BreadcrumbList\",\"@id\":\"https:\\\/\\\/crocjeux.com\\\/index.php\\\/produit\\\/jurassic-survie\\\/#breadcrumb\",\"itemListElement\":[{\"@type\":\"ListItem\",\"position\":1,\"name\":\"Accueil\",\"item\":\"https:\\\/\\\/crocjeux.com\\\/\"},{\"@type\":\"ListItem\",\"position\":2,\"name\":\"Boutique\",\"item\":\"https:\\\/\\\/crocjeux.com\\\/\"},{\"@type\":\"ListItem\",\"position\":3,\"name\":\"Jurassic Survie\"}]},{\"@type\":\"WebSite\",\"@id\":\"https:\\\/\\\/crocjeux.com\\\/#website\",\"url\":\"https:\\\/\\\/crocjeux.com\\\/\",\"name\":\"Croc Jeux\",\"description\":\"Bienvenue chez Croc Jeux!\",\"publisher\":{\"@id\":\"https:\\\/\\\/crocjeux.com\\\/#organization\"},\"potentialAction\":[{\"@type\":\"SearchAction\",\"target\":{\"@type\":\"EntryPoint\",\"urlTemplate\":\"https:\\\/\\\/crocjeux.com\\\/?s={search_term_string}\"},\"query-input\":{\"@type\":\"PropertyValueSpecification\",\"valueRequired\":true,\"valueName\":\"search_term_string\"}}],\"inLanguage\":\"fr-FR\"},{\"@type\":\"Organization\",\"@id\":\"https:\\\/\\\/crocjeux.com\\\/#organization\",\"name\":\"Croc Jeux\",\"url\":\"https:\\\/\\\/crocjeux.com\\\/\",\"logo\":{\"@type\":\"ImageObject\",\"inLanguage\":\"fr-FR\",\"@id\":\"https:\\\/\\\/crocjeux.com\\\/#\\\/schema\\\/logo\\\/image\\\/\",\"url\":\"https:\\\/\\\/crocjeux.com\\\/wp-content\\\/uploads\\\/2022\\\/01\\\/cropped-logo-croc-etape-1-e1644574034239.jpg\",\"contentUrl\":\"https:\\\/\\\/crocjeux.com\\\/wp-content\\\/uploads\\\/2022\\\/01\\\/cropped-logo-croc-etape-1-e1644574034239.jpg\",\"width\":1224,\"height\":314,\"caption\":\"Croc Jeux\"},\"image\":{\"@id\":\"https:\\\/\\\/crocjeux.com\\\/#\\\/schema\\\/logo\\\/image\\\/\"}}]}<\/script>\n<!-- \/ Yoast SEO plugin. -->","yoast_head_json":{"title":"Jurassic Survie - Croc Jeux","description":"D\u00e9couvrez le jeu Jurassic survie de Janod, un jeu d'observation et de rapidit\u00e9 pour jouer de 2 \u00e0 6 joueurs \u00e0 partir de 7 ans.","robots":{"index":"index","follow":"follow","max-snippet":"max-snippet:-1","max-image-preview":"max-image-preview:large","max-video-preview":"max-video-preview:-1"},"canonical":"https:\/\/crocjeux.com\/index.php\/produit\/jurassic-survie\/","og_locale":"fr_FR","og_type":"article","og_title":"Jurassic Survie - Croc Jeux","og_description":"D\u00e9couvrez le jeu Jurassic survie de Janod, un jeu d'observation et de rapidit\u00e9 pour jouer de 2 \u00e0 6 joueurs \u00e0 partir de 7 ans.","og_url":"https:\/\/crocjeux.com\/index.php\/produit\/jurassic-survie\/","og_site_name":"Croc Jeux","article_modified_time":"2023-06-01T15:11:54+00:00","og_image":[{"width":225,"height":225,"url":"https:\/\/crocjeux.com\/wp-content\/uploads\/2023\/05\/jurassic-survie.jpg","type":"image\/jpeg"}],"twitter_card":"summary_large_image","twitter_misc":{"Dur\u00e9e de lecture estim\u00e9e":"1 minute"},"schema":{"@context":"https:\/\/schema.org","@graph":[{"@type":"WebPage","@id":"https:\/\/crocjeux.com\/index.php\/produit\/jurassic-survie\/","url":"https:\/\/crocjeux.com\/index.php\/produit\/jurassic-survie\/","name":"Jurassic Survie - Croc Jeux","isPartOf":{"@id":"https:\/\/crocjeux.com\/#website"},"primaryImageOfPage":{"@id":"https:\/\/crocjeux.com\/index.php\/produit\/jurassic-survie\/#primaryimage"},"image":{"@id":"https:\/\/crocjeux.com\/index.php\/produit\/jurassic-survie\/#primaryimage"},"thumbnailUrl":"https:\/\/crocjeux.com\/wp-content\/uploads\/2023\/05\/jurassic-survie.jpg","datePublished":"2023-05-17T15:25:02+00:00","dateModified":"2023-06-01T15:11:54+00:00","description":"D\u00e9couvrez le jeu Jurassic survie de Janod, un jeu d'observation et de rapidit\u00e9 pour jouer de 2 \u00e0 6 joueurs \u00e0 partir de 7 ans.","breadcrumb":{"@id":"https:\/\/crocjeux.com\/index.php\/produit\/jurassic-survie\/#breadcrumb"},"inLanguage":"fr-FR","potentialAction":[{"@type":"ReadAction","target":["https:\/\/crocjeux.com\/index.php\/produit\/jurassic-survie\/"]}]},{"@type":"ImageObject","inLanguage":"fr-FR","@id":"https:\/\/crocjeux.com\/index.php\/produit\/jurassic-survie\/#primaryimage","url":"https:\/\/crocjeux.com\/wp-content\/uploads\/2023\/05\/jurassic-survie.jpg","contentUrl":"https:\/\/crocjeux.com\/wp-content\/uploads\/2023\/05\/jurassic-survie.jpg","width":225,"height":225},{"@type":"BreadcrumbList","@id":"https:\/\/crocjeux.com\/index.php\/produit\/jurassic-survie\/#breadcrumb","itemListElement":[{"@type":"ListItem","position":1,"name":"Accueil","item":"https:\/\/crocjeux.com\/"},{"@type":"ListItem","position":2,"name":"Boutique","item":"https:\/\/crocjeux.com\/"},{"@type":"ListItem","position":3,"name":"Jurassic Survie"}]},{"@type":"WebSite","@id":"https:\/\/crocjeux.com\/#website","url":"https:\/\/crocjeux.com\/","name":"Croc Jeux","description":"Bienvenue chez Croc Jeux!","publisher":{"@id":"https:\/\/crocjeux.com\/#organization"},"potentialAction":[{"@type":"SearchAction","target":{"@type":"EntryPoint","urlTemplate":"https:\/\/crocjeux.com\/?s={search_term_string}"},"query-input":{"@type":"PropertyValueSpecification","valueRequired":true,"valueName":"search_term_string"}}],"inLanguage":"fr-FR"},{"@type":"Organization","@id":"https:\/\/crocjeux.com\/#organization","name":"Croc Jeux","url":"https:\/\/crocjeux.com\/","logo":{"@type":"ImageObject","inLanguage":"fr-FR","@id":"https:\/\/crocjeux.com\/#\/schema\/logo\/image\/","url":"https:\/\/crocjeux.com\/wp-content\/uploads\/2022\/01\/cropped-logo-croc-etape-1-e1644574034239.jpg","contentUrl":"https:\/\/crocjeux.com\/wp-content\/uploads\/2022\/01\/cropped-logo-croc-etape-1-e1644574034239.jpg","width":1224,"height":314,"caption":"Croc Jeux"},"image":{"@id":"https:\/\/crocjeux.com\/#\/schema\/logo\/image\/"}}]}},"_links":{"self":[{"href":"https:\/\/crocjeux.com\/index.php\/wp-json\/wp\/v2\/product\/5318","targetHints":{"allow":["GET"]}}],"collection":[{"href":"https:\/\/crocjeux.com\/index.php\/wp-json\/wp\/v2\/product"}],"about":[{"href":"https:\/\/crocjeux.com\/index.php\/wp-json\/wp\/v2\/types\/product"}],"replies":[{"embeddable":true,"href":"https:\/\/crocjeux.com\/index.php\/wp-json\/wp\/v2\/comments?post=5318"}],"wp:featuredmedia":[{"embeddable":true,"href":"https:\/\/crocjeux.com\/index.php\/wp-json\/wp\/v2\/media\/5319"}],"wp:attachment":[{"href":"https:\/\/crocjeux.com\/index.php\/wp-json\/wp\/v2\/media?parent=5318"}],"wp:term":[{"taxonomy":"product_brand","embeddable":true,"href":"https:\/\/crocjeux.com\/index.php\/wp-json\/wp\/v2\/product_brand?post=5318"},{"taxonomy":"product_cat","embeddable":true,"href":"https:\/\/crocjeux.com\/index.php\/wp-json\/wp\/v2\/product_cat?post=5318"},{"taxonomy":"product_tag","embeddable":true,"href":"https:\/\/crocjeux.com\/index.php\/wp-json\/wp\/v2\/product_tag?post=5318"}],"curies":[{"name":"wp","href":"https:\/\/api.w.org\/{rel}","templated":true}]}}