{"id":5331,"date":"2023-05-17T17:04:20","date_gmt":"2023-05-17T16:04:20","guid":{"rendered":"https:\/\/crocjeux.com\/?post_type=product&#038;p=5331"},"modified":"2023-06-01T16:12:52","modified_gmt":"2023-06-01T15:12:52","slug":"rauha","status":"publish","type":"product","link":"https:\/\/crocjeux.com\/index.php\/produit\/rauha\/","title":{"rendered":"Rauha"},"content":{"rendered":"<p>Chaque personne dispose d\u2019un plateau carr\u00e9 constitu\u00e9 de 9 cases et d\u2019un avatar en haut de la premi\u00e8re colonne \u00e0 gauche. La partie se d\u00e9roule en 4 manches, segment\u00e9es en 3 tours de \u00ab draft \u00bb et 1 tour de scoring de points d\u2019Energie (=victoire).<\/p>\n<p>Lors de chaque manche, 4 cartes Biome vont \u00eatre plac\u00e9s entre chaque personne. Prenez le paquet de carte \u00e0 votre gauche ou \u00e0 votre droite, selon la position de votre avatar, et choisissez-en une. Dans le sens horaire en d\u00e9butant par la personne qui a le plus de points d\u2019Energie, chacun et chacune place sa carte sur sa grille en payant le cout \u00e9ventuel et active tous les Biomes pr\u00e9sents dans la colonne ou la ligne en regard de son avatar.<\/p>\n<p>D\u00e9placez ensuite votre avatar dans le sens horaire. L\u2019alignement des types de Biomes et Animaux pr\u00e9sents sur les tuiles, vous permettront d\u2019accueillir des divinit\u00e9s aux pouvoirs uniques !<\/p>\n<p>\u00c0 la fin du d\u00e9compte de la 4e manche, la personne poss\u00e9dant le plus de points d\u2019\u00c9nergie Vitale remporte la partie ! En cas d\u2019\u00e9galit\u00e9, la victoire est partag\u00e9e.<\/p>\n","protected":false},"excerpt":{"rendered":"<p>Rauha est un jeu de draft dans lequel les joueurs incarnent de v\u00e9n\u00e9rables Chamans ayant pour objectif de sculpter l\u2019environnement afin d\u2019en faire un berceau d\u2019\u00e9nergie, garant de la s\u00e9r\u00e9nit\u00e9 et de l\u2019harmonie pour les si\u00e8cles \u00e0 venir.<\/p>\n","protected":false},"featured_media":5332,"comment_status":"open","ping_status":"closed","template":"","meta":{"colormag_page_container_layout":"default_layout","colormag_page_sidebar_layout":"default_layout"},"product_brand":[],"product_cat":[18],"product_tag":[],"class_list":{"0":"post-5331","1":"product","2":"type-product","3":"status-publish","4":"has-post-thumbnail","6":"product_cat-jeux-de-strategie","8":"first","9":"instock","10":"taxable","11":"shipping-taxable","12":"purchasable","13":"product-type-simple"},"yoast_head":"<!-- This site is optimized with the Yoast SEO plugin v27.3 - https:\/\/yoast.com\/product\/yoast-seo-wordpress\/ -->\n<title>Rauha - Croc Jeux<\/title>\n<meta name=\"description\" content=\"Rauha est un jeu de draft dans lequel les joueurs incarnent de v\u00e9n\u00e9rables Chamans ayant pour objectif de sculpter l\u2019environnement afin d\u2019en faire un berceau d\u2019\u00e9nergie, garant de la s\u00e9r\u00e9nit\u00e9 et de l\u2019harmonie pour les si\u00e8cles \u00e0 venir.\" \/>\n<meta name=\"robots\" content=\"index, follow, max-snippet:-1, max-image-preview:large, max-video-preview:-1\" \/>\n<link rel=\"canonical\" href=\"https:\/\/crocjeux.com\/index.php\/produit\/rauha\/\" \/>\n<meta property=\"og:locale\" content=\"fr_FR\" \/>\n<meta property=\"og:type\" content=\"article\" \/>\n<meta property=\"og:title\" content=\"Rauha - Croc Jeux\" \/>\n<meta property=\"og:description\" content=\"Rauha est un jeu de draft dans lequel les joueurs incarnent de v\u00e9n\u00e9rables Chamans ayant pour objectif de sculpter l\u2019environnement afin d\u2019en faire un berceau d\u2019\u00e9nergie, garant de la s\u00e9r\u00e9nit\u00e9 et de l\u2019harmonie pour les si\u00e8cles \u00e0 venir.\" \/>\n<meta property=\"og:url\" content=\"https:\/\/crocjeux.com\/index.php\/produit\/rauha\/\" \/>\n<meta property=\"og:site_name\" content=\"Croc Jeux\" \/>\n<meta property=\"article:modified_time\" content=\"2023-06-01T15:12:52+00:00\" \/>\n<meta property=\"og:image\" content=\"https:\/\/crocjeux.com\/wp-content\/uploads\/2023\/05\/Rauha.jpg\" \/>\n\t<meta property=\"og:image:width\" content=\"217\" \/>\n\t<meta property=\"og:image:height\" content=\"233\" \/>\n\t<meta property=\"og:image:type\" content=\"image\/jpeg\" \/>\n<meta name=\"twitter:card\" content=\"summary_large_image\" \/>\n<meta name=\"twitter:label1\" content=\"Dur\u00e9e de lecture estim\u00e9e\" \/>\n\t<meta name=\"twitter:data1\" content=\"1 minute\" \/>\n<script type=\"application\/ld+json\" class=\"yoast-schema-graph\">{\"@context\":\"https:\\\/\\\/schema.org\",\"@graph\":[{\"@type\":\"WebPage\",\"@id\":\"https:\\\/\\\/crocjeux.com\\\/index.php\\\/produit\\\/rauha\\\/\",\"url\":\"https:\\\/\\\/crocjeux.com\\\/index.php\\\/produit\\\/rauha\\\/\",\"name\":\"Rauha - Croc Jeux\",\"isPartOf\":{\"@id\":\"https:\\\/\\\/crocjeux.com\\\/#website\"},\"primaryImageOfPage\":{\"@id\":\"https:\\\/\\\/crocjeux.com\\\/index.php\\\/produit\\\/rauha\\\/#primaryimage\"},\"image\":{\"@id\":\"https:\\\/\\\/crocjeux.com\\\/index.php\\\/produit\\\/rauha\\\/#primaryimage\"},\"thumbnailUrl\":\"https:\\\/\\\/crocjeux.com\\\/wp-content\\\/uploads\\\/2023\\\/05\\\/Rauha.jpg\",\"datePublished\":\"2023-05-17T16:04:20+00:00\",\"dateModified\":\"2023-06-01T15:12:52+00:00\",\"description\":\"Rauha est un jeu de draft dans lequel les joueurs incarnent de v\u00e9n\u00e9rables Chamans ayant pour objectif de sculpter l\u2019environnement afin d\u2019en faire un berceau d\u2019\u00e9nergie, garant de la s\u00e9r\u00e9nit\u00e9 et de l\u2019harmonie pour les si\u00e8cles \u00e0 venir.\",\"breadcrumb\":{\"@id\":\"https:\\\/\\\/crocjeux.com\\\/index.php\\\/produit\\\/rauha\\\/#breadcrumb\"},\"inLanguage\":\"fr-FR\",\"potentialAction\":[{\"@type\":\"ReadAction\",\"target\":[\"https:\\\/\\\/crocjeux.com\\\/index.php\\\/produit\\\/rauha\\\/\"]}]},{\"@type\":\"ImageObject\",\"inLanguage\":\"fr-FR\",\"@id\":\"https:\\\/\\\/crocjeux.com\\\/index.php\\\/produit\\\/rauha\\\/#primaryimage\",\"url\":\"https:\\\/\\\/crocjeux.com\\\/wp-content\\\/uploads\\\/2023\\\/05\\\/Rauha.jpg\",\"contentUrl\":\"https:\\\/\\\/crocjeux.com\\\/wp-content\\\/uploads\\\/2023\\\/05\\\/Rauha.jpg\",\"width\":217,\"height\":233},{\"@type\":\"BreadcrumbList\",\"@id\":\"https:\\\/\\\/crocjeux.com\\\/index.php\\\/produit\\\/rauha\\\/#breadcrumb\",\"itemListElement\":[{\"@type\":\"ListItem\",\"position\":1,\"name\":\"Accueil\",\"item\":\"https:\\\/\\\/crocjeux.com\\\/\"},{\"@type\":\"ListItem\",\"position\":2,\"name\":\"Boutique\",\"item\":\"https:\\\/\\\/crocjeux.com\\\/\"},{\"@type\":\"ListItem\",\"position\":3,\"name\":\"Rauha\"}]},{\"@type\":\"WebSite\",\"@id\":\"https:\\\/\\\/crocjeux.com\\\/#website\",\"url\":\"https:\\\/\\\/crocjeux.com\\\/\",\"name\":\"Croc Jeux\",\"description\":\"Bienvenue chez Croc Jeux!\",\"publisher\":{\"@id\":\"https:\\\/\\\/crocjeux.com\\\/#organization\"},\"potentialAction\":[{\"@type\":\"SearchAction\",\"target\":{\"@type\":\"EntryPoint\",\"urlTemplate\":\"https:\\\/\\\/crocjeux.com\\\/?s={search_term_string}\"},\"query-input\":{\"@type\":\"PropertyValueSpecification\",\"valueRequired\":true,\"valueName\":\"search_term_string\"}}],\"inLanguage\":\"fr-FR\"},{\"@type\":\"Organization\",\"@id\":\"https:\\\/\\\/crocjeux.com\\\/#organization\",\"name\":\"Croc Jeux\",\"url\":\"https:\\\/\\\/crocjeux.com\\\/\",\"logo\":{\"@type\":\"ImageObject\",\"inLanguage\":\"fr-FR\",\"@id\":\"https:\\\/\\\/crocjeux.com\\\/#\\\/schema\\\/logo\\\/image\\\/\",\"url\":\"https:\\\/\\\/crocjeux.com\\\/wp-content\\\/uploads\\\/2022\\\/01\\\/cropped-logo-croc-etape-1-e1644574034239.jpg\",\"contentUrl\":\"https:\\\/\\\/crocjeux.com\\\/wp-content\\\/uploads\\\/2022\\\/01\\\/cropped-logo-croc-etape-1-e1644574034239.jpg\",\"width\":1224,\"height\":314,\"caption\":\"Croc Jeux\"},\"image\":{\"@id\":\"https:\\\/\\\/crocjeux.com\\\/#\\\/schema\\\/logo\\\/image\\\/\"}}]}<\/script>\n<!-- \/ Yoast SEO plugin. -->","yoast_head_json":{"title":"Rauha - Croc Jeux","description":"Rauha est un jeu de draft dans lequel les joueurs incarnent de v\u00e9n\u00e9rables Chamans ayant pour objectif de sculpter l\u2019environnement afin d\u2019en faire un berceau d\u2019\u00e9nergie, garant de la s\u00e9r\u00e9nit\u00e9 et de l\u2019harmonie pour les si\u00e8cles \u00e0 venir.","robots":{"index":"index","follow":"follow","max-snippet":"max-snippet:-1","max-image-preview":"max-image-preview:large","max-video-preview":"max-video-preview:-1"},"canonical":"https:\/\/crocjeux.com\/index.php\/produit\/rauha\/","og_locale":"fr_FR","og_type":"article","og_title":"Rauha - Croc Jeux","og_description":"Rauha est un jeu de draft dans lequel les joueurs incarnent de v\u00e9n\u00e9rables Chamans ayant pour objectif de sculpter l\u2019environnement afin d\u2019en faire un berceau d\u2019\u00e9nergie, garant de la s\u00e9r\u00e9nit\u00e9 et de l\u2019harmonie pour les si\u00e8cles \u00e0 venir.","og_url":"https:\/\/crocjeux.com\/index.php\/produit\/rauha\/","og_site_name":"Croc Jeux","article_modified_time":"2023-06-01T15:12:52+00:00","og_image":[{"width":217,"height":233,"url":"https:\/\/crocjeux.com\/wp-content\/uploads\/2023\/05\/Rauha.jpg","type":"image\/jpeg"}],"twitter_card":"summary_large_image","twitter_misc":{"Dur\u00e9e de lecture estim\u00e9e":"1 minute"},"schema":{"@context":"https:\/\/schema.org","@graph":[{"@type":"WebPage","@id":"https:\/\/crocjeux.com\/index.php\/produit\/rauha\/","url":"https:\/\/crocjeux.com\/index.php\/produit\/rauha\/","name":"Rauha - Croc Jeux","isPartOf":{"@id":"https:\/\/crocjeux.com\/#website"},"primaryImageOfPage":{"@id":"https:\/\/crocjeux.com\/index.php\/produit\/rauha\/#primaryimage"},"image":{"@id":"https:\/\/crocjeux.com\/index.php\/produit\/rauha\/#primaryimage"},"thumbnailUrl":"https:\/\/crocjeux.com\/wp-content\/uploads\/2023\/05\/Rauha.jpg","datePublished":"2023-05-17T16:04:20+00:00","dateModified":"2023-06-01T15:12:52+00:00","description":"Rauha est un jeu de draft dans lequel les joueurs incarnent de v\u00e9n\u00e9rables Chamans ayant pour objectif de sculpter l\u2019environnement afin d\u2019en faire un berceau d\u2019\u00e9nergie, garant de la s\u00e9r\u00e9nit\u00e9 et de l\u2019harmonie pour les si\u00e8cles \u00e0 venir.","breadcrumb":{"@id":"https:\/\/crocjeux.com\/index.php\/produit\/rauha\/#breadcrumb"},"inLanguage":"fr-FR","potentialAction":[{"@type":"ReadAction","target":["https:\/\/crocjeux.com\/index.php\/produit\/rauha\/"]}]},{"@type":"ImageObject","inLanguage":"fr-FR","@id":"https:\/\/crocjeux.com\/index.php\/produit\/rauha\/#primaryimage","url":"https:\/\/crocjeux.com\/wp-content\/uploads\/2023\/05\/Rauha.jpg","contentUrl":"https:\/\/crocjeux.com\/wp-content\/uploads\/2023\/05\/Rauha.jpg","width":217,"height":233},{"@type":"BreadcrumbList","@id":"https:\/\/crocjeux.com\/index.php\/produit\/rauha\/#breadcrumb","itemListElement":[{"@type":"ListItem","position":1,"name":"Accueil","item":"https:\/\/crocjeux.com\/"},{"@type":"ListItem","position":2,"name":"Boutique","item":"https:\/\/crocjeux.com\/"},{"@type":"ListItem","position":3,"name":"Rauha"}]},{"@type":"WebSite","@id":"https:\/\/crocjeux.com\/#website","url":"https:\/\/crocjeux.com\/","name":"Croc Jeux","description":"Bienvenue chez Croc Jeux!","publisher":{"@id":"https:\/\/crocjeux.com\/#organization"},"potentialAction":[{"@type":"SearchAction","target":{"@type":"EntryPoint","urlTemplate":"https:\/\/crocjeux.com\/?s={search_term_string}"},"query-input":{"@type":"PropertyValueSpecification","valueRequired":true,"valueName":"search_term_string"}}],"inLanguage":"fr-FR"},{"@type":"Organization","@id":"https:\/\/crocjeux.com\/#organization","name":"Croc Jeux","url":"https:\/\/crocjeux.com\/","logo":{"@type":"ImageObject","inLanguage":"fr-FR","@id":"https:\/\/crocjeux.com\/#\/schema\/logo\/image\/","url":"https:\/\/crocjeux.com\/wp-content\/uploads\/2022\/01\/cropped-logo-croc-etape-1-e1644574034239.jpg","contentUrl":"https:\/\/crocjeux.com\/wp-content\/uploads\/2022\/01\/cropped-logo-croc-etape-1-e1644574034239.jpg","width":1224,"height":314,"caption":"Croc Jeux"},"image":{"@id":"https:\/\/crocjeux.com\/#\/schema\/logo\/image\/"}}]}},"_links":{"self":[{"href":"https:\/\/crocjeux.com\/index.php\/wp-json\/wp\/v2\/product\/5331","targetHints":{"allow":["GET"]}}],"collection":[{"href":"https:\/\/crocjeux.com\/index.php\/wp-json\/wp\/v2\/product"}],"about":[{"href":"https:\/\/crocjeux.com\/index.php\/wp-json\/wp\/v2\/types\/product"}],"replies":[{"embeddable":true,"href":"https:\/\/crocjeux.com\/index.php\/wp-json\/wp\/v2\/comments?post=5331"}],"wp:featuredmedia":[{"embeddable":true,"href":"https:\/\/crocjeux.com\/index.php\/wp-json\/wp\/v2\/media\/5332"}],"wp:attachment":[{"href":"https:\/\/crocjeux.com\/index.php\/wp-json\/wp\/v2\/media?parent=5331"}],"wp:term":[{"taxonomy":"product_brand","embeddable":true,"href":"https:\/\/crocjeux.com\/index.php\/wp-json\/wp\/v2\/product_brand?post=5331"},{"taxonomy":"product_cat","embeddable":true,"href":"https:\/\/crocjeux.com\/index.php\/wp-json\/wp\/v2\/product_cat?post=5331"},{"taxonomy":"product_tag","embeddable":true,"href":"https:\/\/crocjeux.com\/index.php\/wp-json\/wp\/v2\/product_tag?post=5331"}],"curies":[{"name":"wp","href":"https:\/\/api.w.org\/{rel}","templated":true}]}}