{"id":5337,"date":"2023-05-19T20:47:17","date_gmt":"2023-05-19T19:47:17","guid":{"rendered":"https:\/\/crocjeux.com\/?post_type=product&#038;p=5337"},"modified":"2023-06-01T16:13:09","modified_gmt":"2023-06-01T15:13:09","slug":"flashback-zombie-kidz","status":"publish","type":"product","link":"https:\/\/crocjeux.com\/index.php\/produit\/flashback-zombie-kidz\/","title":{"rendered":"Flashback Zombie Kidz"},"content":{"rendered":"<p>Il ne reste que quelques instants avant que les zombies ne causent la fin du monde! Heureusement, tu disposes d&rsquo;une machine permettant de visiter un souvenir. Comprends le pass\u00e9 pour changer le futur!<\/p>\n<p>Dans Flashback zombie kidz tu peut sauter d&rsquo;un point de vue a l&rsquo;autre et d\u00e9couvrir des indices! \u00c9lucide les myst\u00e8res et d\u00e9joue le plan des zombies!<\/p>\n<p>D\u00e9couvre de vrais gadgets qui modifient le jeu et rejoue chacun des 3 sc\u00e9narios d&rsquo;une toute nouvelle fa\u00e7on!<\/p>\n","protected":false},"excerpt":{"rendered":"<p>Un jeu dans la lign\u00e9 des Zombie kidz , des changement de points de vue et des \u00e9nigmes a \u00e9lucid\u00e9!<\/p>\n","protected":false},"featured_media":5339,"comment_status":"open","ping_status":"closed","template":"","meta":{"colormag_page_container_layout":"default_layout","colormag_page_sidebar_layout":"default_layout"},"product_brand":[],"product_cat":[30,29],"product_tag":[],"class_list":{"0":"post-5337","1":"product","2":"type-product","3":"status-publish","4":"has-post-thumbnail","6":"product_cat-jeux-collaboratifs","7":"product_cat-jeux-2-joueurs","9":"first","10":"instock","11":"taxable","12":"shipping-taxable","13":"purchasable","14":"product-type-simple"},"yoast_head":"<!-- This site is optimized with the Yoast SEO plugin v27.1.1 - https:\/\/yoast.com\/product\/yoast-seo-wordpress\/ -->\n<title>Flashback Zombie Kidz - Croc Jeux<\/title>\n<meta name=\"description\" content=\"Un jeu dans la lign\u00e9 des Zombie kidz , des changement de points de vue et des \u00e9nigmes a \u00e9lucid\u00e9!\" \/>\n<meta name=\"robots\" content=\"index, follow, max-snippet:-1, max-image-preview:large, max-video-preview:-1\" \/>\n<link rel=\"canonical\" href=\"https:\/\/crocjeux.com\/index.php\/produit\/flashback-zombie-kidz\/\" \/>\n<meta property=\"og:locale\" content=\"fr_FR\" \/>\n<meta property=\"og:type\" content=\"article\" \/>\n<meta property=\"og:title\" content=\"Flashback Zombie Kidz - Croc Jeux\" \/>\n<meta property=\"og:description\" content=\"Un jeu dans la lign\u00e9 des Zombie kidz , des changement de points de vue et des \u00e9nigmes a \u00e9lucid\u00e9!\" \/>\n<meta property=\"og:url\" content=\"https:\/\/crocjeux.com\/index.php\/produit\/flashback-zombie-kidz\/\" \/>\n<meta property=\"og:site_name\" content=\"Croc Jeux\" \/>\n<meta property=\"article:modified_time\" content=\"2023-06-01T15:13:09+00:00\" \/>\n<meta property=\"og:image\" content=\"https:\/\/crocjeux.com\/wp-content\/uploads\/2023\/05\/flashback-1.jpg\" \/>\n\t<meta property=\"og:image:width\" content=\"225\" \/>\n\t<meta property=\"og:image:height\" content=\"225\" \/>\n\t<meta property=\"og:image:type\" content=\"image\/jpeg\" \/>\n<meta name=\"twitter:card\" content=\"summary_large_image\" \/>\n<meta name=\"twitter:label1\" content=\"Dur\u00e9e de lecture estim\u00e9e\" \/>\n\t<meta name=\"twitter:data1\" content=\"1 minute\" \/>\n<script type=\"application\/ld+json\" class=\"yoast-schema-graph\">{\"@context\":\"https:\/\/schema.org\",\"@graph\":[{\"@type\":\"WebPage\",\"@id\":\"https:\/\/crocjeux.com\/index.php\/produit\/flashback-zombie-kidz\/\",\"url\":\"https:\/\/crocjeux.com\/index.php\/produit\/flashback-zombie-kidz\/\",\"name\":\"Flashback Zombie Kidz - Croc Jeux\",\"isPartOf\":{\"@id\":\"https:\/\/crocjeux.com\/#website\"},\"primaryImageOfPage\":{\"@id\":\"https:\/\/crocjeux.com\/index.php\/produit\/flashback-zombie-kidz\/#primaryimage\"},\"image\":{\"@id\":\"https:\/\/crocjeux.com\/index.php\/produit\/flashback-zombie-kidz\/#primaryimage\"},\"thumbnailUrl\":\"https:\/\/crocjeux.com\/wp-content\/uploads\/2023\/05\/flashback-1.jpg\",\"datePublished\":\"2023-05-19T19:47:17+00:00\",\"dateModified\":\"2023-06-01T15:13:09+00:00\",\"description\":\"Un jeu dans la lign\u00e9 des Zombie kidz , des changement de points de vue et des \u00e9nigmes a \u00e9lucid\u00e9!\",\"breadcrumb\":{\"@id\":\"https:\/\/crocjeux.com\/index.php\/produit\/flashback-zombie-kidz\/#breadcrumb\"},\"inLanguage\":\"fr-FR\",\"potentialAction\":[{\"@type\":\"ReadAction\",\"target\":[\"https:\/\/crocjeux.com\/index.php\/produit\/flashback-zombie-kidz\/\"]}]},{\"@type\":\"ImageObject\",\"inLanguage\":\"fr-FR\",\"@id\":\"https:\/\/crocjeux.com\/index.php\/produit\/flashback-zombie-kidz\/#primaryimage\",\"url\":\"https:\/\/crocjeux.com\/wp-content\/uploads\/2023\/05\/flashback-1.jpg\",\"contentUrl\":\"https:\/\/crocjeux.com\/wp-content\/uploads\/2023\/05\/flashback-1.jpg\",\"width\":225,\"height\":225},{\"@type\":\"BreadcrumbList\",\"@id\":\"https:\/\/crocjeux.com\/index.php\/produit\/flashback-zombie-kidz\/#breadcrumb\",\"itemListElement\":[{\"@type\":\"ListItem\",\"position\":1,\"name\":\"Accueil\",\"item\":\"https:\/\/crocjeux.com\/\"},{\"@type\":\"ListItem\",\"position\":2,\"name\":\"Boutique\",\"item\":\"https:\/\/crocjeux.com\/\"},{\"@type\":\"ListItem\",\"position\":3,\"name\":\"Flashback Zombie Kidz\"}]},{\"@type\":\"WebSite\",\"@id\":\"https:\/\/crocjeux.com\/#website\",\"url\":\"https:\/\/crocjeux.com\/\",\"name\":\"Croc Jeux\",\"description\":\"Bienvenue chez Croc Jeux!\",\"publisher\":{\"@id\":\"https:\/\/crocjeux.com\/#organization\"},\"potentialAction\":[{\"@type\":\"SearchAction\",\"target\":{\"@type\":\"EntryPoint\",\"urlTemplate\":\"https:\/\/crocjeux.com\/?s={search_term_string}\"},\"query-input\":{\"@type\":\"PropertyValueSpecification\",\"valueRequired\":true,\"valueName\":\"search_term_string\"}}],\"inLanguage\":\"fr-FR\"},{\"@type\":\"Organization\",\"@id\":\"https:\/\/crocjeux.com\/#organization\",\"name\":\"Croc Jeux\",\"url\":\"https:\/\/crocjeux.com\/\",\"logo\":{\"@type\":\"ImageObject\",\"inLanguage\":\"fr-FR\",\"@id\":\"https:\/\/crocjeux.com\/#\/schema\/logo\/image\/\",\"url\":\"https:\/\/crocjeux.com\/wp-content\/uploads\/2022\/01\/cropped-logo-croc-etape-1-e1644574034239.jpg\",\"contentUrl\":\"https:\/\/crocjeux.com\/wp-content\/uploads\/2022\/01\/cropped-logo-croc-etape-1-e1644574034239.jpg\",\"width\":1224,\"height\":314,\"caption\":\"Croc Jeux\"},\"image\":{\"@id\":\"https:\/\/crocjeux.com\/#\/schema\/logo\/image\/\"}}]}<\/script>\n<!-- \/ Yoast SEO plugin. -->","yoast_head_json":{"title":"Flashback Zombie Kidz - Croc Jeux","description":"Un jeu dans la lign\u00e9 des Zombie kidz , des changement de points de vue et des \u00e9nigmes a \u00e9lucid\u00e9!","robots":{"index":"index","follow":"follow","max-snippet":"max-snippet:-1","max-image-preview":"max-image-preview:large","max-video-preview":"max-video-preview:-1"},"canonical":"https:\/\/crocjeux.com\/index.php\/produit\/flashback-zombie-kidz\/","og_locale":"fr_FR","og_type":"article","og_title":"Flashback Zombie Kidz - Croc Jeux","og_description":"Un jeu dans la lign\u00e9 des Zombie kidz , des changement de points de vue et des \u00e9nigmes a \u00e9lucid\u00e9!","og_url":"https:\/\/crocjeux.com\/index.php\/produit\/flashback-zombie-kidz\/","og_site_name":"Croc Jeux","article_modified_time":"2023-06-01T15:13:09+00:00","og_image":[{"width":225,"height":225,"url":"https:\/\/crocjeux.com\/wp-content\/uploads\/2023\/05\/flashback-1.jpg","type":"image\/jpeg"}],"twitter_card":"summary_large_image","twitter_misc":{"Dur\u00e9e de lecture estim\u00e9e":"1 minute"},"schema":{"@context":"https:\/\/schema.org","@graph":[{"@type":"WebPage","@id":"https:\/\/crocjeux.com\/index.php\/produit\/flashback-zombie-kidz\/","url":"https:\/\/crocjeux.com\/index.php\/produit\/flashback-zombie-kidz\/","name":"Flashback Zombie Kidz - Croc Jeux","isPartOf":{"@id":"https:\/\/crocjeux.com\/#website"},"primaryImageOfPage":{"@id":"https:\/\/crocjeux.com\/index.php\/produit\/flashback-zombie-kidz\/#primaryimage"},"image":{"@id":"https:\/\/crocjeux.com\/index.php\/produit\/flashback-zombie-kidz\/#primaryimage"},"thumbnailUrl":"https:\/\/crocjeux.com\/wp-content\/uploads\/2023\/05\/flashback-1.jpg","datePublished":"2023-05-19T19:47:17+00:00","dateModified":"2023-06-01T15:13:09+00:00","description":"Un jeu dans la lign\u00e9 des Zombie kidz , des changement de points de vue et des \u00e9nigmes a \u00e9lucid\u00e9!","breadcrumb":{"@id":"https:\/\/crocjeux.com\/index.php\/produit\/flashback-zombie-kidz\/#breadcrumb"},"inLanguage":"fr-FR","potentialAction":[{"@type":"ReadAction","target":["https:\/\/crocjeux.com\/index.php\/produit\/flashback-zombie-kidz\/"]}]},{"@type":"ImageObject","inLanguage":"fr-FR","@id":"https:\/\/crocjeux.com\/index.php\/produit\/flashback-zombie-kidz\/#primaryimage","url":"https:\/\/crocjeux.com\/wp-content\/uploads\/2023\/05\/flashback-1.jpg","contentUrl":"https:\/\/crocjeux.com\/wp-content\/uploads\/2023\/05\/flashback-1.jpg","width":225,"height":225},{"@type":"BreadcrumbList","@id":"https:\/\/crocjeux.com\/index.php\/produit\/flashback-zombie-kidz\/#breadcrumb","itemListElement":[{"@type":"ListItem","position":1,"name":"Accueil","item":"https:\/\/crocjeux.com\/"},{"@type":"ListItem","position":2,"name":"Boutique","item":"https:\/\/crocjeux.com\/"},{"@type":"ListItem","position":3,"name":"Flashback Zombie Kidz"}]},{"@type":"WebSite","@id":"https:\/\/crocjeux.com\/#website","url":"https:\/\/crocjeux.com\/","name":"Croc Jeux","description":"Bienvenue chez Croc Jeux!","publisher":{"@id":"https:\/\/crocjeux.com\/#organization"},"potentialAction":[{"@type":"SearchAction","target":{"@type":"EntryPoint","urlTemplate":"https:\/\/crocjeux.com\/?s={search_term_string}"},"query-input":{"@type":"PropertyValueSpecification","valueRequired":true,"valueName":"search_term_string"}}],"inLanguage":"fr-FR"},{"@type":"Organization","@id":"https:\/\/crocjeux.com\/#organization","name":"Croc Jeux","url":"https:\/\/crocjeux.com\/","logo":{"@type":"ImageObject","inLanguage":"fr-FR","@id":"https:\/\/crocjeux.com\/#\/schema\/logo\/image\/","url":"https:\/\/crocjeux.com\/wp-content\/uploads\/2022\/01\/cropped-logo-croc-etape-1-e1644574034239.jpg","contentUrl":"https:\/\/crocjeux.com\/wp-content\/uploads\/2022\/01\/cropped-logo-croc-etape-1-e1644574034239.jpg","width":1224,"height":314,"caption":"Croc Jeux"},"image":{"@id":"https:\/\/crocjeux.com\/#\/schema\/logo\/image\/"}}]}},"_links":{"self":[{"href":"https:\/\/crocjeux.com\/index.php\/wp-json\/wp\/v2\/product\/5337","targetHints":{"allow":["GET"]}}],"collection":[{"href":"https:\/\/crocjeux.com\/index.php\/wp-json\/wp\/v2\/product"}],"about":[{"href":"https:\/\/crocjeux.com\/index.php\/wp-json\/wp\/v2\/types\/product"}],"replies":[{"embeddable":true,"href":"https:\/\/crocjeux.com\/index.php\/wp-json\/wp\/v2\/comments?post=5337"}],"wp:featuredmedia":[{"embeddable":true,"href":"https:\/\/crocjeux.com\/index.php\/wp-json\/wp\/v2\/media\/5339"}],"wp:attachment":[{"href":"https:\/\/crocjeux.com\/index.php\/wp-json\/wp\/v2\/media?parent=5337"}],"wp:term":[{"taxonomy":"product_brand","embeddable":true,"href":"https:\/\/crocjeux.com\/index.php\/wp-json\/wp\/v2\/product_brand?post=5337"},{"taxonomy":"product_cat","embeddable":true,"href":"https:\/\/crocjeux.com\/index.php\/wp-json\/wp\/v2\/product_cat?post=5337"},{"taxonomy":"product_tag","embeddable":true,"href":"https:\/\/crocjeux.com\/index.php\/wp-json\/wp\/v2\/product_tag?post=5337"}],"curies":[{"name":"wp","href":"https:\/\/api.w.org\/{rel}","templated":true}]}}