{"id":5340,"date":"2023-05-19T21:03:43","date_gmt":"2023-05-19T20:03:43","guid":{"rendered":"https:\/\/crocjeux.com\/?post_type=product&#038;p=5340"},"modified":"2023-06-01T16:07:45","modified_gmt":"2023-06-01T15:07:45","slug":"lappel-de-cthulhu-boite-de-base","status":"publish","type":"product","link":"https:\/\/crocjeux.com\/index.php\/produit\/lappel-de-cthulhu-boite-de-base\/","title":{"rendered":"L&rsquo;appel de cthulhu boite de base"},"content":{"rendered":"<h2>Votre mission : l&rsquo;investigation<\/h2>\n<div>Cette bo\u00eete de base propose cinq investigateurs pr\u00e9-tir\u00e9s utilisables dans les trois sc\u00e9narios du Livre 3. Cependant, les joueurs peuvent \u00e9galement concevoir leurs propres personnages \u00e0 l\u2019aide des r\u00e8gles du Livre 2.<br \/>\nTous membres de la Soci\u00e9t\u00e9 pour l\u2019Exploration de l\u2019Inexpliqu\u00e9 (SEI), un groupement aussi informel qu\u2019officieux, ces cinq investigateurs ont pour mission de d\u00e9couvrir d\u2019effroyables secrets, d&rsquo;affronter des cr\u00e9atures \u00e9tranges et de d\u00e9jouer les plans de sectes mal\u00e9fiques.<br \/>\nLorsqu&rsquo;un cas int\u00e9ressant se pr\u00e9sente, les dirigeants de la Soci\u00e9t\u00e9 choisissent les investigateurs qui se d\u00e9m\u00e8neront pour r\u00e9soudre le myst\u00e8re&#8230;<\/div>\n<div><\/div>\n<div>En tant qu&rsquo;investigateurs hors pairs, vous allez pouvoir cr\u00e9er et d\u00e9velopper un r\u00e9cit dont vos personnages sont les principaux protagonistes, bien d\u00e9cid\u00e9s \u00e0 faire \u00e9chouer d\u2019ambitieux complots ou \u00e0 arr\u00eater des monstres surgis des ab\u00eemes de l\u2019espace et du temps !<\/div>\n","protected":false},"excerpt":{"rendered":"<p>Bo\u00eete de base contient tout le n\u00e9cessaire pour commencer \u00e0 jouer \u00e0 L\u2019Appel de Cthulhu, le jeu de r\u00f4le de myst\u00e8re et d\u2019horreur. Cette nouvelle \u00e9dition propose quelques am\u00e9liorations, dont une boite rigide et non plus souple.<\/p>\n","protected":false},"featured_media":5341,"comment_status":"open","ping_status":"closed","template":"","meta":{"colormag_page_container_layout":"default_layout","colormag_page_sidebar_layout":"default_layout"},"product_brand":[],"product_cat":[30,35],"product_tag":[],"class_list":{"0":"post-5340","1":"product","2":"type-product","3":"status-publish","4":"has-post-thumbnail","6":"product_cat-jeux-collaboratifs","7":"product_cat-jeux-jdr","9":"first","10":"instock","11":"taxable","12":"shipping-taxable","13":"purchasable","14":"product-type-simple"},"yoast_head":"<!-- This site is optimized with the Yoast SEO plugin v27.3 - https:\/\/yoast.com\/product\/yoast-seo-wordpress\/ -->\n<title>L&#039;appel de cthulhu boite de base - Croc Jeux<\/title>\n<meta name=\"description\" content=\"Bo\u00eete de base contient tout le n\u00e9cessaire pour commencer \u00e0 jouer \u00e0 L\u2019Appel de Cthulhu, le jeu de r\u00f4le de myst\u00e8re et d\u2019horreur. Cette nouvelle \u00e9dition propose quelques am\u00e9liorations, dont une boite rigide et non plus souple.\" \/>\n<meta name=\"robots\" content=\"index, follow, max-snippet:-1, max-image-preview:large, max-video-preview:-1\" \/>\n<link rel=\"canonical\" href=\"https:\/\/crocjeux.com\/index.php\/produit\/lappel-de-cthulhu-boite-de-base\/\" \/>\n<meta property=\"og:locale\" content=\"fr_FR\" \/>\n<meta property=\"og:type\" content=\"article\" \/>\n<meta property=\"og:title\" content=\"L&#039;appel de cthulhu boite de base - Croc Jeux\" \/>\n<meta property=\"og:description\" content=\"Bo\u00eete de base contient tout le n\u00e9cessaire pour commencer \u00e0 jouer \u00e0 L\u2019Appel de Cthulhu, le jeu de r\u00f4le de myst\u00e8re et d\u2019horreur. Cette nouvelle \u00e9dition propose quelques am\u00e9liorations, dont une boite rigide et non plus souple.\" \/>\n<meta property=\"og:url\" content=\"https:\/\/crocjeux.com\/index.php\/produit\/lappel-de-cthulhu-boite-de-base\/\" \/>\n<meta property=\"og:site_name\" content=\"Croc Jeux\" \/>\n<meta property=\"article:modified_time\" content=\"2023-06-01T15:07:45+00:00\" \/>\n<meta property=\"og:image\" content=\"https:\/\/crocjeux.com\/wp-content\/uploads\/2023\/05\/cthulhu.jpg\" \/>\n\t<meta property=\"og:image:width\" content=\"225\" \/>\n\t<meta property=\"og:image:height\" content=\"225\" \/>\n\t<meta property=\"og:image:type\" content=\"image\/jpeg\" \/>\n<meta name=\"twitter:card\" content=\"summary_large_image\" \/>\n<meta name=\"twitter:label1\" content=\"Dur\u00e9e de lecture estim\u00e9e\" \/>\n\t<meta name=\"twitter:data1\" content=\"1 minute\" \/>\n<script type=\"application\/ld+json\" class=\"yoast-schema-graph\">{\"@context\":\"https:\\\/\\\/schema.org\",\"@graph\":[{\"@type\":\"WebPage\",\"@id\":\"https:\\\/\\\/crocjeux.com\\\/index.php\\\/produit\\\/lappel-de-cthulhu-boite-de-base\\\/\",\"url\":\"https:\\\/\\\/crocjeux.com\\\/index.php\\\/produit\\\/lappel-de-cthulhu-boite-de-base\\\/\",\"name\":\"L'appel de cthulhu boite de base - Croc Jeux\",\"isPartOf\":{\"@id\":\"https:\\\/\\\/crocjeux.com\\\/#website\"},\"primaryImageOfPage\":{\"@id\":\"https:\\\/\\\/crocjeux.com\\\/index.php\\\/produit\\\/lappel-de-cthulhu-boite-de-base\\\/#primaryimage\"},\"image\":{\"@id\":\"https:\\\/\\\/crocjeux.com\\\/index.php\\\/produit\\\/lappel-de-cthulhu-boite-de-base\\\/#primaryimage\"},\"thumbnailUrl\":\"https:\\\/\\\/crocjeux.com\\\/wp-content\\\/uploads\\\/2023\\\/05\\\/cthulhu.jpg\",\"datePublished\":\"2023-05-19T20:03:43+00:00\",\"dateModified\":\"2023-06-01T15:07:45+00:00\",\"description\":\"Bo\u00eete de base contient tout le n\u00e9cessaire pour commencer \u00e0 jouer \u00e0 L\u2019Appel de Cthulhu, le jeu de r\u00f4le de myst\u00e8re et d\u2019horreur. Cette nouvelle \u00e9dition propose quelques am\u00e9liorations, dont une boite rigide et non plus souple.\",\"breadcrumb\":{\"@id\":\"https:\\\/\\\/crocjeux.com\\\/index.php\\\/produit\\\/lappel-de-cthulhu-boite-de-base\\\/#breadcrumb\"},\"inLanguage\":\"fr-FR\",\"potentialAction\":[{\"@type\":\"ReadAction\",\"target\":[\"https:\\\/\\\/crocjeux.com\\\/index.php\\\/produit\\\/lappel-de-cthulhu-boite-de-base\\\/\"]}]},{\"@type\":\"ImageObject\",\"inLanguage\":\"fr-FR\",\"@id\":\"https:\\\/\\\/crocjeux.com\\\/index.php\\\/produit\\\/lappel-de-cthulhu-boite-de-base\\\/#primaryimage\",\"url\":\"https:\\\/\\\/crocjeux.com\\\/wp-content\\\/uploads\\\/2023\\\/05\\\/cthulhu.jpg\",\"contentUrl\":\"https:\\\/\\\/crocjeux.com\\\/wp-content\\\/uploads\\\/2023\\\/05\\\/cthulhu.jpg\",\"width\":225,\"height\":225},{\"@type\":\"BreadcrumbList\",\"@id\":\"https:\\\/\\\/crocjeux.com\\\/index.php\\\/produit\\\/lappel-de-cthulhu-boite-de-base\\\/#breadcrumb\",\"itemListElement\":[{\"@type\":\"ListItem\",\"position\":1,\"name\":\"Accueil\",\"item\":\"https:\\\/\\\/crocjeux.com\\\/\"},{\"@type\":\"ListItem\",\"position\":2,\"name\":\"Boutique\",\"item\":\"https:\\\/\\\/crocjeux.com\\\/\"},{\"@type\":\"ListItem\",\"position\":3,\"name\":\"L&#8217;appel de cthulhu boite de base\"}]},{\"@type\":\"WebSite\",\"@id\":\"https:\\\/\\\/crocjeux.com\\\/#website\",\"url\":\"https:\\\/\\\/crocjeux.com\\\/\",\"name\":\"Croc Jeux\",\"description\":\"Bienvenue chez Croc Jeux!\",\"publisher\":{\"@id\":\"https:\\\/\\\/crocjeux.com\\\/#organization\"},\"potentialAction\":[{\"@type\":\"SearchAction\",\"target\":{\"@type\":\"EntryPoint\",\"urlTemplate\":\"https:\\\/\\\/crocjeux.com\\\/?s={search_term_string}\"},\"query-input\":{\"@type\":\"PropertyValueSpecification\",\"valueRequired\":true,\"valueName\":\"search_term_string\"}}],\"inLanguage\":\"fr-FR\"},{\"@type\":\"Organization\",\"@id\":\"https:\\\/\\\/crocjeux.com\\\/#organization\",\"name\":\"Croc Jeux\",\"url\":\"https:\\\/\\\/crocjeux.com\\\/\",\"logo\":{\"@type\":\"ImageObject\",\"inLanguage\":\"fr-FR\",\"@id\":\"https:\\\/\\\/crocjeux.com\\\/#\\\/schema\\\/logo\\\/image\\\/\",\"url\":\"https:\\\/\\\/crocjeux.com\\\/wp-content\\\/uploads\\\/2022\\\/01\\\/cropped-logo-croc-etape-1-e1644574034239.jpg\",\"contentUrl\":\"https:\\\/\\\/crocjeux.com\\\/wp-content\\\/uploads\\\/2022\\\/01\\\/cropped-logo-croc-etape-1-e1644574034239.jpg\",\"width\":1224,\"height\":314,\"caption\":\"Croc Jeux\"},\"image\":{\"@id\":\"https:\\\/\\\/crocjeux.com\\\/#\\\/schema\\\/logo\\\/image\\\/\"}}]}<\/script>\n<!-- \/ Yoast SEO plugin. -->","yoast_head_json":{"title":"L'appel de cthulhu boite de base - Croc Jeux","description":"Bo\u00eete de base contient tout le n\u00e9cessaire pour commencer \u00e0 jouer \u00e0 L\u2019Appel de Cthulhu, le jeu de r\u00f4le de myst\u00e8re et d\u2019horreur. Cette nouvelle \u00e9dition propose quelques am\u00e9liorations, dont une boite rigide et non plus souple.","robots":{"index":"index","follow":"follow","max-snippet":"max-snippet:-1","max-image-preview":"max-image-preview:large","max-video-preview":"max-video-preview:-1"},"canonical":"https:\/\/crocjeux.com\/index.php\/produit\/lappel-de-cthulhu-boite-de-base\/","og_locale":"fr_FR","og_type":"article","og_title":"L'appel de cthulhu boite de base - Croc Jeux","og_description":"Bo\u00eete de base contient tout le n\u00e9cessaire pour commencer \u00e0 jouer \u00e0 L\u2019Appel de Cthulhu, le jeu de r\u00f4le de myst\u00e8re et d\u2019horreur. Cette nouvelle \u00e9dition propose quelques am\u00e9liorations, dont une boite rigide et non plus souple.","og_url":"https:\/\/crocjeux.com\/index.php\/produit\/lappel-de-cthulhu-boite-de-base\/","og_site_name":"Croc Jeux","article_modified_time":"2023-06-01T15:07:45+00:00","og_image":[{"width":225,"height":225,"url":"https:\/\/crocjeux.com\/wp-content\/uploads\/2023\/05\/cthulhu.jpg","type":"image\/jpeg"}],"twitter_card":"summary_large_image","twitter_misc":{"Dur\u00e9e de lecture estim\u00e9e":"1 minute"},"schema":{"@context":"https:\/\/schema.org","@graph":[{"@type":"WebPage","@id":"https:\/\/crocjeux.com\/index.php\/produit\/lappel-de-cthulhu-boite-de-base\/","url":"https:\/\/crocjeux.com\/index.php\/produit\/lappel-de-cthulhu-boite-de-base\/","name":"L'appel de cthulhu boite de base - Croc Jeux","isPartOf":{"@id":"https:\/\/crocjeux.com\/#website"},"primaryImageOfPage":{"@id":"https:\/\/crocjeux.com\/index.php\/produit\/lappel-de-cthulhu-boite-de-base\/#primaryimage"},"image":{"@id":"https:\/\/crocjeux.com\/index.php\/produit\/lappel-de-cthulhu-boite-de-base\/#primaryimage"},"thumbnailUrl":"https:\/\/crocjeux.com\/wp-content\/uploads\/2023\/05\/cthulhu.jpg","datePublished":"2023-05-19T20:03:43+00:00","dateModified":"2023-06-01T15:07:45+00:00","description":"Bo\u00eete de base contient tout le n\u00e9cessaire pour commencer \u00e0 jouer \u00e0 L\u2019Appel de Cthulhu, le jeu de r\u00f4le de myst\u00e8re et d\u2019horreur. Cette nouvelle \u00e9dition propose quelques am\u00e9liorations, dont une boite rigide et non plus souple.","breadcrumb":{"@id":"https:\/\/crocjeux.com\/index.php\/produit\/lappel-de-cthulhu-boite-de-base\/#breadcrumb"},"inLanguage":"fr-FR","potentialAction":[{"@type":"ReadAction","target":["https:\/\/crocjeux.com\/index.php\/produit\/lappel-de-cthulhu-boite-de-base\/"]}]},{"@type":"ImageObject","inLanguage":"fr-FR","@id":"https:\/\/crocjeux.com\/index.php\/produit\/lappel-de-cthulhu-boite-de-base\/#primaryimage","url":"https:\/\/crocjeux.com\/wp-content\/uploads\/2023\/05\/cthulhu.jpg","contentUrl":"https:\/\/crocjeux.com\/wp-content\/uploads\/2023\/05\/cthulhu.jpg","width":225,"height":225},{"@type":"BreadcrumbList","@id":"https:\/\/crocjeux.com\/index.php\/produit\/lappel-de-cthulhu-boite-de-base\/#breadcrumb","itemListElement":[{"@type":"ListItem","position":1,"name":"Accueil","item":"https:\/\/crocjeux.com\/"},{"@type":"ListItem","position":2,"name":"Boutique","item":"https:\/\/crocjeux.com\/"},{"@type":"ListItem","position":3,"name":"L&#8217;appel de cthulhu boite de base"}]},{"@type":"WebSite","@id":"https:\/\/crocjeux.com\/#website","url":"https:\/\/crocjeux.com\/","name":"Croc Jeux","description":"Bienvenue chez Croc Jeux!","publisher":{"@id":"https:\/\/crocjeux.com\/#organization"},"potentialAction":[{"@type":"SearchAction","target":{"@type":"EntryPoint","urlTemplate":"https:\/\/crocjeux.com\/?s={search_term_string}"},"query-input":{"@type":"PropertyValueSpecification","valueRequired":true,"valueName":"search_term_string"}}],"inLanguage":"fr-FR"},{"@type":"Organization","@id":"https:\/\/crocjeux.com\/#organization","name":"Croc Jeux","url":"https:\/\/crocjeux.com\/","logo":{"@type":"ImageObject","inLanguage":"fr-FR","@id":"https:\/\/crocjeux.com\/#\/schema\/logo\/image\/","url":"https:\/\/crocjeux.com\/wp-content\/uploads\/2022\/01\/cropped-logo-croc-etape-1-e1644574034239.jpg","contentUrl":"https:\/\/crocjeux.com\/wp-content\/uploads\/2022\/01\/cropped-logo-croc-etape-1-e1644574034239.jpg","width":1224,"height":314,"caption":"Croc Jeux"},"image":{"@id":"https:\/\/crocjeux.com\/#\/schema\/logo\/image\/"}}]}},"_links":{"self":[{"href":"https:\/\/crocjeux.com\/index.php\/wp-json\/wp\/v2\/product\/5340","targetHints":{"allow":["GET"]}}],"collection":[{"href":"https:\/\/crocjeux.com\/index.php\/wp-json\/wp\/v2\/product"}],"about":[{"href":"https:\/\/crocjeux.com\/index.php\/wp-json\/wp\/v2\/types\/product"}],"replies":[{"embeddable":true,"href":"https:\/\/crocjeux.com\/index.php\/wp-json\/wp\/v2\/comments?post=5340"}],"wp:featuredmedia":[{"embeddable":true,"href":"https:\/\/crocjeux.com\/index.php\/wp-json\/wp\/v2\/media\/5341"}],"wp:attachment":[{"href":"https:\/\/crocjeux.com\/index.php\/wp-json\/wp\/v2\/media?parent=5340"}],"wp:term":[{"taxonomy":"product_brand","embeddable":true,"href":"https:\/\/crocjeux.com\/index.php\/wp-json\/wp\/v2\/product_brand?post=5340"},{"taxonomy":"product_cat","embeddable":true,"href":"https:\/\/crocjeux.com\/index.php\/wp-json\/wp\/v2\/product_cat?post=5340"},{"taxonomy":"product_tag","embeddable":true,"href":"https:\/\/crocjeux.com\/index.php\/wp-json\/wp\/v2\/product_tag?post=5340"}],"curies":[{"name":"wp","href":"https:\/\/api.w.org\/{rel}","templated":true}]}}