{"id":5383,"date":"2023-06-01T15:59:08","date_gmt":"2023-06-01T14:59:08","guid":{"rendered":"https:\/\/crocjeux.com\/?post_type=product&#038;p=5383"},"modified":"2024-02-20T18:11:05","modified_gmt":"2024-02-20T17:11:05","slug":"ca-tourne-edition-kickstarter","status":"publish","type":"product","link":"https:\/\/crocjeux.com\/index.php\/produit\/ca-tourne-edition-kickstarter\/","title":{"rendered":"\u00c7a Tourne &#8211; Edition Kickstarter"},"content":{"rendered":"<h2>R\u00e9alisez le meilleur film&#8230; ou le pire navet dans ce jeu coop\u00e9ratif haut en couleurs !<\/h2>\n<div>\n<div class=\"col-12 col-md-9 desc-content\">\n<p>Vous travaillez pour une soci\u00e9t\u00e9 de production en difficult\u00e9. C\u2019est votre derni\u00e8re chance de r\u00e9aliser un film \u00e0 succ\u00e8s. Si vous \u00e9chouez, ce sera la faillite et plus personne ne voudra travailler avec vous !<\/p>\n<p>Dans ce jeu coop\u00e9ratif, \u0153uvrez ensemble \u00e0 la cr\u00e9ation du meilleur film possible ! \u00c0 votre tour, vous assignez \u00e0 l\u2019\u00e9quipe diff\u00e9rentes actions sur le plateau principal, sur votre plateau individuel, ou dans le studio, pour filmer des sc\u00e8nes. Vous gagnez si vous terminez un film de qualit\u00e9 ou s\u2019il est tellement nul que cela en devient g\u00e9nial ! Vous perdez si vous manquez de temps ou d\u2019argent pendant la production, ou si votre film est de qualit\u00e9 m\u00e9diocre.<\/p>\n<\/div>\n<div class=\"col-12 col-md-3 desc-title\">Contenu<\/div>\n<div class=\"col-12 col-md-9 desc-content\">\n<p>\u2022 1 plateau principal<br \/>\n\u2022 6 plateaux individuels<br \/>\n\u2022 6 d\u00e9s \u00c9quipe<br \/>\n\u2022 25 cartes Sc\u00e8ne<br \/>\n\u2022 40 cartes Id\u00e9e<br \/>\n\u2022 35 cartes Probl\u00e8me<br \/>\n\u2022 15 cartes Sc\u00e9nario partie haute<br \/>\n\u2022 15 cartes Sc\u00e9nario partie basse<br \/>\n\u2022 1 marqueur de Qualit\u00e9<br \/>\n\u2022 1 double cadran Budget\/Planning<br \/>\n\u2022 12 tuiles D\u00e9cor<br \/>\n\u2022 3 jetons Blocage<br \/>\n\u2022 10 cartes Soci\u00e9t\u00e9 de Production<br \/>\n\u2022 6 cartes Aide de Jeu<\/p>\n<\/div>\n<\/div>\n","protected":false},"excerpt":{"rendered":"<p>Dans \u00c7a Tourne, produisez votre film dans les temps, en respectant le budget, assurez-vous que l\u2019histoire tienne la route et vos carri\u00e8res seront sauv\u00e9es !<\/p>\n","protected":false},"featured_media":5384,"comment_status":"open","ping_status":"closed","template":"","meta":{"colormag_page_container_layout":"default_layout","colormag_page_sidebar_layout":"default_layout"},"product_brand":[],"product_cat":[30,29],"product_tag":[],"class_list":{"0":"post-5383","1":"product","2":"type-product","3":"status-publish","4":"has-post-thumbnail","6":"product_cat-jeux-collaboratifs","7":"product_cat-jeux-2-joueurs","9":"first","10":"instock","11":"taxable","12":"shipping-taxable","13":"purchasable","14":"product-type-simple"},"yoast_head":"<!-- This site is optimized with the Yoast SEO plugin v27.1.1 - https:\/\/yoast.com\/product\/yoast-seo-wordpress\/ -->\n<title>\u00c7a Tourne - Edition Kickstarter - Croc Jeux<\/title>\n<meta name=\"robots\" content=\"index, follow, max-snippet:-1, max-image-preview:large, max-video-preview:-1\" \/>\n<link rel=\"canonical\" href=\"https:\/\/crocjeux.com\/index.php\/produit\/ca-tourne-edition-kickstarter\/\" \/>\n<meta property=\"og:locale\" content=\"fr_FR\" \/>\n<meta property=\"og:type\" content=\"article\" \/>\n<meta property=\"og:title\" content=\"\u00c7a Tourne - Edition Kickstarter - Croc Jeux\" \/>\n<meta property=\"og:description\" content=\"Dans \u00c7a Tourne, produisez votre film dans les temps, en respectant le budget, assurez-vous que l\u2019histoire tienne la route et vos carri\u00e8res seront sauv\u00e9es !\" \/>\n<meta property=\"og:url\" content=\"https:\/\/crocjeux.com\/index.php\/produit\/ca-tourne-edition-kickstarter\/\" \/>\n<meta property=\"og:site_name\" content=\"Croc Jeux\" \/>\n<meta property=\"article:modified_time\" content=\"2024-02-20T17:11:05+00:00\" \/>\n<meta property=\"og:image\" content=\"https:\/\/crocjeux.com\/wp-content\/uploads\/2023\/06\/ca-tourne-.jpg\" \/>\n\t<meta property=\"og:image:width\" content=\"1024\" \/>\n\t<meta property=\"og:image:height\" content=\"1024\" \/>\n\t<meta property=\"og:image:type\" content=\"image\/jpeg\" \/>\n<meta name=\"twitter:card\" content=\"summary_large_image\" \/>\n<meta name=\"twitter:label1\" content=\"Dur\u00e9e de lecture estim\u00e9e\" \/>\n\t<meta name=\"twitter:data1\" content=\"1 minute\" \/>\n<script type=\"application\/ld+json\" class=\"yoast-schema-graph\">{\"@context\":\"https:\/\/schema.org\",\"@graph\":[{\"@type\":\"WebPage\",\"@id\":\"https:\/\/crocjeux.com\/index.php\/produit\/ca-tourne-edition-kickstarter\/\",\"url\":\"https:\/\/crocjeux.com\/index.php\/produit\/ca-tourne-edition-kickstarter\/\",\"name\":\"\u00c7a Tourne - Edition Kickstarter - Croc Jeux\",\"isPartOf\":{\"@id\":\"https:\/\/crocjeux.com\/#website\"},\"primaryImageOfPage\":{\"@id\":\"https:\/\/crocjeux.com\/index.php\/produit\/ca-tourne-edition-kickstarter\/#primaryimage\"},\"image\":{\"@id\":\"https:\/\/crocjeux.com\/index.php\/produit\/ca-tourne-edition-kickstarter\/#primaryimage\"},\"thumbnailUrl\":\"https:\/\/crocjeux.com\/wp-content\/uploads\/2023\/06\/ca-tourne-.jpg\",\"datePublished\":\"2023-06-01T14:59:08+00:00\",\"dateModified\":\"2024-02-20T17:11:05+00:00\",\"breadcrumb\":{\"@id\":\"https:\/\/crocjeux.com\/index.php\/produit\/ca-tourne-edition-kickstarter\/#breadcrumb\"},\"inLanguage\":\"fr-FR\",\"potentialAction\":[{\"@type\":\"ReadAction\",\"target\":[\"https:\/\/crocjeux.com\/index.php\/produit\/ca-tourne-edition-kickstarter\/\"]}]},{\"@type\":\"ImageObject\",\"inLanguage\":\"fr-FR\",\"@id\":\"https:\/\/crocjeux.com\/index.php\/produit\/ca-tourne-edition-kickstarter\/#primaryimage\",\"url\":\"https:\/\/crocjeux.com\/wp-content\/uploads\/2023\/06\/ca-tourne-.jpg\",\"contentUrl\":\"https:\/\/crocjeux.com\/wp-content\/uploads\/2023\/06\/ca-tourne-.jpg\",\"width\":1024,\"height\":1024},{\"@type\":\"BreadcrumbList\",\"@id\":\"https:\/\/crocjeux.com\/index.php\/produit\/ca-tourne-edition-kickstarter\/#breadcrumb\",\"itemListElement\":[{\"@type\":\"ListItem\",\"position\":1,\"name\":\"Accueil\",\"item\":\"https:\/\/crocjeux.com\/\"},{\"@type\":\"ListItem\",\"position\":2,\"name\":\"Boutique\",\"item\":\"https:\/\/crocjeux.com\/\"},{\"@type\":\"ListItem\",\"position\":3,\"name\":\"\u00c7a Tourne &#8211; Edition Kickstarter\"}]},{\"@type\":\"WebSite\",\"@id\":\"https:\/\/crocjeux.com\/#website\",\"url\":\"https:\/\/crocjeux.com\/\",\"name\":\"Croc Jeux\",\"description\":\"Bienvenue chez Croc Jeux!\",\"publisher\":{\"@id\":\"https:\/\/crocjeux.com\/#organization\"},\"potentialAction\":[{\"@type\":\"SearchAction\",\"target\":{\"@type\":\"EntryPoint\",\"urlTemplate\":\"https:\/\/crocjeux.com\/?s={search_term_string}\"},\"query-input\":{\"@type\":\"PropertyValueSpecification\",\"valueRequired\":true,\"valueName\":\"search_term_string\"}}],\"inLanguage\":\"fr-FR\"},{\"@type\":\"Organization\",\"@id\":\"https:\/\/crocjeux.com\/#organization\",\"name\":\"Croc Jeux\",\"url\":\"https:\/\/crocjeux.com\/\",\"logo\":{\"@type\":\"ImageObject\",\"inLanguage\":\"fr-FR\",\"@id\":\"https:\/\/crocjeux.com\/#\/schema\/logo\/image\/\",\"url\":\"https:\/\/crocjeux.com\/wp-content\/uploads\/2022\/01\/cropped-logo-croc-etape-1-e1644574034239.jpg\",\"contentUrl\":\"https:\/\/crocjeux.com\/wp-content\/uploads\/2022\/01\/cropped-logo-croc-etape-1-e1644574034239.jpg\",\"width\":1224,\"height\":314,\"caption\":\"Croc Jeux\"},\"image\":{\"@id\":\"https:\/\/crocjeux.com\/#\/schema\/logo\/image\/\"}}]}<\/script>\n<!-- \/ Yoast SEO plugin. -->","yoast_head_json":{"title":"\u00c7a Tourne - Edition Kickstarter - Croc Jeux","robots":{"index":"index","follow":"follow","max-snippet":"max-snippet:-1","max-image-preview":"max-image-preview:large","max-video-preview":"max-video-preview:-1"},"canonical":"https:\/\/crocjeux.com\/index.php\/produit\/ca-tourne-edition-kickstarter\/","og_locale":"fr_FR","og_type":"article","og_title":"\u00c7a Tourne - Edition Kickstarter - Croc Jeux","og_description":"Dans \u00c7a Tourne, produisez votre film dans les temps, en respectant le budget, assurez-vous que l\u2019histoire tienne la route et vos carri\u00e8res seront sauv\u00e9es !","og_url":"https:\/\/crocjeux.com\/index.php\/produit\/ca-tourne-edition-kickstarter\/","og_site_name":"Croc Jeux","article_modified_time":"2024-02-20T17:11:05+00:00","og_image":[{"width":1024,"height":1024,"url":"https:\/\/crocjeux.com\/wp-content\/uploads\/2023\/06\/ca-tourne-.jpg","type":"image\/jpeg"}],"twitter_card":"summary_large_image","twitter_misc":{"Dur\u00e9e de lecture estim\u00e9e":"1 minute"},"schema":{"@context":"https:\/\/schema.org","@graph":[{"@type":"WebPage","@id":"https:\/\/crocjeux.com\/index.php\/produit\/ca-tourne-edition-kickstarter\/","url":"https:\/\/crocjeux.com\/index.php\/produit\/ca-tourne-edition-kickstarter\/","name":"\u00c7a Tourne - Edition Kickstarter - Croc Jeux","isPartOf":{"@id":"https:\/\/crocjeux.com\/#website"},"primaryImageOfPage":{"@id":"https:\/\/crocjeux.com\/index.php\/produit\/ca-tourne-edition-kickstarter\/#primaryimage"},"image":{"@id":"https:\/\/crocjeux.com\/index.php\/produit\/ca-tourne-edition-kickstarter\/#primaryimage"},"thumbnailUrl":"https:\/\/crocjeux.com\/wp-content\/uploads\/2023\/06\/ca-tourne-.jpg","datePublished":"2023-06-01T14:59:08+00:00","dateModified":"2024-02-20T17:11:05+00:00","breadcrumb":{"@id":"https:\/\/crocjeux.com\/index.php\/produit\/ca-tourne-edition-kickstarter\/#breadcrumb"},"inLanguage":"fr-FR","potentialAction":[{"@type":"ReadAction","target":["https:\/\/crocjeux.com\/index.php\/produit\/ca-tourne-edition-kickstarter\/"]}]},{"@type":"ImageObject","inLanguage":"fr-FR","@id":"https:\/\/crocjeux.com\/index.php\/produit\/ca-tourne-edition-kickstarter\/#primaryimage","url":"https:\/\/crocjeux.com\/wp-content\/uploads\/2023\/06\/ca-tourne-.jpg","contentUrl":"https:\/\/crocjeux.com\/wp-content\/uploads\/2023\/06\/ca-tourne-.jpg","width":1024,"height":1024},{"@type":"BreadcrumbList","@id":"https:\/\/crocjeux.com\/index.php\/produit\/ca-tourne-edition-kickstarter\/#breadcrumb","itemListElement":[{"@type":"ListItem","position":1,"name":"Accueil","item":"https:\/\/crocjeux.com\/"},{"@type":"ListItem","position":2,"name":"Boutique","item":"https:\/\/crocjeux.com\/"},{"@type":"ListItem","position":3,"name":"\u00c7a Tourne &#8211; Edition Kickstarter"}]},{"@type":"WebSite","@id":"https:\/\/crocjeux.com\/#website","url":"https:\/\/crocjeux.com\/","name":"Croc Jeux","description":"Bienvenue chez Croc Jeux!","publisher":{"@id":"https:\/\/crocjeux.com\/#organization"},"potentialAction":[{"@type":"SearchAction","target":{"@type":"EntryPoint","urlTemplate":"https:\/\/crocjeux.com\/?s={search_term_string}"},"query-input":{"@type":"PropertyValueSpecification","valueRequired":true,"valueName":"search_term_string"}}],"inLanguage":"fr-FR"},{"@type":"Organization","@id":"https:\/\/crocjeux.com\/#organization","name":"Croc Jeux","url":"https:\/\/crocjeux.com\/","logo":{"@type":"ImageObject","inLanguage":"fr-FR","@id":"https:\/\/crocjeux.com\/#\/schema\/logo\/image\/","url":"https:\/\/crocjeux.com\/wp-content\/uploads\/2022\/01\/cropped-logo-croc-etape-1-e1644574034239.jpg","contentUrl":"https:\/\/crocjeux.com\/wp-content\/uploads\/2022\/01\/cropped-logo-croc-etape-1-e1644574034239.jpg","width":1224,"height":314,"caption":"Croc Jeux"},"image":{"@id":"https:\/\/crocjeux.com\/#\/schema\/logo\/image\/"}}]}},"_links":{"self":[{"href":"https:\/\/crocjeux.com\/index.php\/wp-json\/wp\/v2\/product\/5383","targetHints":{"allow":["GET"]}}],"collection":[{"href":"https:\/\/crocjeux.com\/index.php\/wp-json\/wp\/v2\/product"}],"about":[{"href":"https:\/\/crocjeux.com\/index.php\/wp-json\/wp\/v2\/types\/product"}],"replies":[{"embeddable":true,"href":"https:\/\/crocjeux.com\/index.php\/wp-json\/wp\/v2\/comments?post=5383"}],"wp:featuredmedia":[{"embeddable":true,"href":"https:\/\/crocjeux.com\/index.php\/wp-json\/wp\/v2\/media\/5384"}],"wp:attachment":[{"href":"https:\/\/crocjeux.com\/index.php\/wp-json\/wp\/v2\/media?parent=5383"}],"wp:term":[{"taxonomy":"product_brand","embeddable":true,"href":"https:\/\/crocjeux.com\/index.php\/wp-json\/wp\/v2\/product_brand?post=5383"},{"taxonomy":"product_cat","embeddable":true,"href":"https:\/\/crocjeux.com\/index.php\/wp-json\/wp\/v2\/product_cat?post=5383"},{"taxonomy":"product_tag","embeddable":true,"href":"https:\/\/crocjeux.com\/index.php\/wp-json\/wp\/v2\/product_tag?post=5383"}],"curies":[{"name":"wp","href":"https:\/\/api.w.org\/{rel}","templated":true}]}}