{"id":5385,"date":"2023-06-01T16:05:00","date_gmt":"2023-06-01T15:05:00","guid":{"rendered":"https:\/\/crocjeux.com\/?post_type=product&#038;p=5385"},"modified":"2024-02-20T18:08:28","modified_gmt":"2024-02-20T17:08:28","slug":"unmatched-houdini-vs-le-genie","status":"publish","type":"product","link":"https:\/\/crocjeux.com\/index.php\/produit\/unmatched-houdini-vs-le-genie\/","title":{"rendered":"Unmatched &#8211; Houdini Vs Le G\u00e9nie"},"content":{"rendered":"<section id=\"tab-description\" class=\"page-product-box r-tabs-panel r-tabs-state-active\">\n<div class=\"rte\">\n<h2>Unmatched : Battez-vous \u00e0 armes in\u00e9gales<\/h2>\n<div>Contre n&rsquo;importe qui, n&rsquo;importe o\u00f9. Unmatched est un jeu de duels tactiques tr\u00e9pidants opposant des adversaires surprenants. Choisissez votre h\u00e9ros favori, un champ de bataille, et utilisez les capacit\u00e9s sp\u00e9ciales et le deck de cartes unique de votre h\u00e9ros pour l&#8217;emporter. Vous pouvez m\u00e9langer les h\u00e9ros et les champs de bataille des diff\u00e9rentes extensions d&rsquo;Unmatched. Relevez de nouveaux d\u00e9fis et d\u00e9couvrez des combinaisons in\u00e9dites. De multiples possibilit\u00e9s vous attendent, et encore bien plus avec chaque nouvelle extension.<\/div>\n<div>\n<h3>Deux h\u00e9ros, deux decks, deux styles !<\/h3>\n<\/div>\n<div>Unmatched est un jeu d\u2019escarmouche qui permet d\u2019opposer des personnages embl\u00e9matiques, chacun ayant son propre style de combat avec ses forces et faiblesses. Le jeu de base propose deux h\u00e9ros, mais de nombreuses extensions permettent de diversifier toujours davantage les combats.<\/div>\n<div>\n<h3>Rapide et tactique<\/h3>\n<\/div>\n<div>Les affrontements sont aussi rapides que f\u00e9roces, avec un tour de jeu fluide et intuitif. Chaque joueur doit trouver le meilleur placement sur le champ de bataille afin de pouvoir attaquer l\u2019adversaire en m\u00eal\u00e9e ou \u00e0 distance. Les cartes d\u2019attaque et de d\u00e9fense sont jou\u00e9es face cach\u00e9e et les d\u00e9g\u00e2ts encaiss\u00e9s peuvent \u00eatre modifi\u00e9s par le texte des cartes jou\u00e9es. Le suspense est donc total jusqu\u2019\u00e0 r\u00e9v\u00e9lation des cartes mises en jeu, moment toujours plein de tension.<\/div>\n<div><\/div>\n<div>La nouvelle extension d\u2019Unmatched vous permet d\u2019incarner Houdini et le G\u00e9nie. Chaque h\u00e9ros de cette extension poss\u00e8de des cartes octroyant un Tour Boost\u00e9. Cela permet au combattant d\u2019effectuer deux attaques lors d\u2019une seule et m\u00eame action Attaque.<\/div>\n<div><\/div>\n<div>Contenu :<\/div>\n<ul>\n<li>2 figurines H\u00e9ros<\/li>\n<li>60 cartes Action<\/li>\n<li>2 cartes Personnage<\/li>\n<li>1 jeton Acolyte<\/li>\n<li>3 compteurs Sant\u00e9<\/li>\n<li>1 plateau recto\/verso<\/li>\n<li>1 r\u00e8gle du jeu<\/li>\n<\/ul>\n<\/div>\n<\/section>\n","protected":false},"excerpt":{"rendered":"<p>Unmatched : Houdini Vs Le G\u00e9nie est un jeu de combat de figurines hautement asym\u00e9trique pour deux ou quatre joueurs. Cette bo\u00eete pr\u00e9sente deux nouveaux h\u00e9ros : Houdini et Le G\u00e9nie.<\/p>\n","protected":false},"featured_media":5386,"comment_status":"open","ping_status":"closed","template":"","meta":{"colormag_page_container_layout":"default_layout","colormag_page_sidebar_layout":"default_layout"},"product_brand":[],"product_cat":[29,37],"product_tag":[],"class_list":{"0":"post-5385","1":"product","2":"type-product","3":"status-publish","4":"has-post-thumbnail","6":"product_cat-jeux-2-joueurs","7":"product_cat-ne-ratez-pas","9":"first","10":"instock","11":"taxable","12":"shipping-taxable","13":"purchasable","14":"product-type-simple"},"yoast_head":"<!-- This site is optimized with the Yoast SEO plugin v27.4 - https:\/\/yoast.com\/product\/yoast-seo-wordpress\/ -->\n<title>Unmatched - Houdini Vs Le G\u00e9nie - Croc Jeux<\/title>\n<meta name=\"robots\" content=\"index, follow, max-snippet:-1, max-image-preview:large, max-video-preview:-1\" \/>\n<link rel=\"canonical\" href=\"https:\/\/crocjeux.com\/index.php\/produit\/unmatched-houdini-vs-le-genie\/\" \/>\n<meta property=\"og:locale\" content=\"fr_FR\" \/>\n<meta property=\"og:type\" content=\"article\" \/>\n<meta property=\"og:title\" content=\"Unmatched - Houdini Vs Le G\u00e9nie - Croc Jeux\" \/>\n<meta property=\"og:description\" content=\"Unmatched : Houdini Vs Le G\u00e9nie est un jeu de combat de figurines hautement asym\u00e9trique pour deux ou quatre joueurs. Cette bo\u00eete pr\u00e9sente deux nouveaux h\u00e9ros : Houdini et Le G\u00e9nie.\" \/>\n<meta property=\"og:url\" content=\"https:\/\/crocjeux.com\/index.php\/produit\/unmatched-houdini-vs-le-genie\/\" \/>\n<meta property=\"og:site_name\" content=\"Croc Jeux\" \/>\n<meta property=\"article:modified_time\" content=\"2024-02-20T17:08:28+00:00\" \/>\n<meta property=\"og:image\" content=\"https:\/\/crocjeux.com\/wp-content\/uploads\/2023\/06\/UM-HvG-BoxTop-3D-scaled-1.jpg\" \/>\n\t<meta property=\"og:image:width\" content=\"2560\" \/>\n\t<meta property=\"og:image:height\" content=\"2560\" \/>\n\t<meta property=\"og:image:type\" content=\"image\/jpeg\" \/>\n<meta name=\"twitter:card\" content=\"summary_large_image\" \/>\n<meta name=\"twitter:label1\" content=\"Dur\u00e9e de lecture estim\u00e9e\" \/>\n\t<meta name=\"twitter:data1\" content=\"2 minutes\" \/>\n<script type=\"application\/ld+json\" class=\"yoast-schema-graph\">{\"@context\":\"https:\\\/\\\/schema.org\",\"@graph\":[{\"@type\":\"WebPage\",\"@id\":\"https:\\\/\\\/crocjeux.com\\\/index.php\\\/produit\\\/unmatched-houdini-vs-le-genie\\\/\",\"url\":\"https:\\\/\\\/crocjeux.com\\\/index.php\\\/produit\\\/unmatched-houdini-vs-le-genie\\\/\",\"name\":\"Unmatched - Houdini Vs Le G\u00e9nie - Croc Jeux\",\"isPartOf\":{\"@id\":\"https:\\\/\\\/crocjeux.com\\\/#website\"},\"primaryImageOfPage\":{\"@id\":\"https:\\\/\\\/crocjeux.com\\\/index.php\\\/produit\\\/unmatched-houdini-vs-le-genie\\\/#primaryimage\"},\"image\":{\"@id\":\"https:\\\/\\\/crocjeux.com\\\/index.php\\\/produit\\\/unmatched-houdini-vs-le-genie\\\/#primaryimage\"},\"thumbnailUrl\":\"https:\\\/\\\/crocjeux.com\\\/wp-content\\\/uploads\\\/2023\\\/06\\\/UM-HvG-BoxTop-3D-scaled-1.jpg\",\"datePublished\":\"2023-06-01T15:05:00+00:00\",\"dateModified\":\"2024-02-20T17:08:28+00:00\",\"breadcrumb\":{\"@id\":\"https:\\\/\\\/crocjeux.com\\\/index.php\\\/produit\\\/unmatched-houdini-vs-le-genie\\\/#breadcrumb\"},\"inLanguage\":\"fr-FR\",\"potentialAction\":[{\"@type\":\"ReadAction\",\"target\":[\"https:\\\/\\\/crocjeux.com\\\/index.php\\\/produit\\\/unmatched-houdini-vs-le-genie\\\/\"]}]},{\"@type\":\"ImageObject\",\"inLanguage\":\"fr-FR\",\"@id\":\"https:\\\/\\\/crocjeux.com\\\/index.php\\\/produit\\\/unmatched-houdini-vs-le-genie\\\/#primaryimage\",\"url\":\"https:\\\/\\\/crocjeux.com\\\/wp-content\\\/uploads\\\/2023\\\/06\\\/UM-HvG-BoxTop-3D-scaled-1.jpg\",\"contentUrl\":\"https:\\\/\\\/crocjeux.com\\\/wp-content\\\/uploads\\\/2023\\\/06\\\/UM-HvG-BoxTop-3D-scaled-1.jpg\",\"width\":2560,\"height\":2560},{\"@type\":\"BreadcrumbList\",\"@id\":\"https:\\\/\\\/crocjeux.com\\\/index.php\\\/produit\\\/unmatched-houdini-vs-le-genie\\\/#breadcrumb\",\"itemListElement\":[{\"@type\":\"ListItem\",\"position\":1,\"name\":\"Accueil\",\"item\":\"https:\\\/\\\/crocjeux.com\\\/\"},{\"@type\":\"ListItem\",\"position\":2,\"name\":\"Boutique\",\"item\":\"https:\\\/\\\/crocjeux.com\\\/\"},{\"@type\":\"ListItem\",\"position\":3,\"name\":\"Unmatched &#8211; Houdini Vs Le G\u00e9nie\"}]},{\"@type\":\"WebSite\",\"@id\":\"https:\\\/\\\/crocjeux.com\\\/#website\",\"url\":\"https:\\\/\\\/crocjeux.com\\\/\",\"name\":\"Croc Jeux\",\"description\":\"Bienvenue chez Croc Jeux!\",\"publisher\":{\"@id\":\"https:\\\/\\\/crocjeux.com\\\/#organization\"},\"potentialAction\":[{\"@type\":\"SearchAction\",\"target\":{\"@type\":\"EntryPoint\",\"urlTemplate\":\"https:\\\/\\\/crocjeux.com\\\/?s={search_term_string}\"},\"query-input\":{\"@type\":\"PropertyValueSpecification\",\"valueRequired\":true,\"valueName\":\"search_term_string\"}}],\"inLanguage\":\"fr-FR\"},{\"@type\":\"Organization\",\"@id\":\"https:\\\/\\\/crocjeux.com\\\/#organization\",\"name\":\"Croc Jeux\",\"url\":\"https:\\\/\\\/crocjeux.com\\\/\",\"logo\":{\"@type\":\"ImageObject\",\"inLanguage\":\"fr-FR\",\"@id\":\"https:\\\/\\\/crocjeux.com\\\/#\\\/schema\\\/logo\\\/image\\\/\",\"url\":\"https:\\\/\\\/crocjeux.com\\\/wp-content\\\/uploads\\\/2022\\\/01\\\/cropped-logo-croc-etape-1-e1644574034239.jpg\",\"contentUrl\":\"https:\\\/\\\/crocjeux.com\\\/wp-content\\\/uploads\\\/2022\\\/01\\\/cropped-logo-croc-etape-1-e1644574034239.jpg\",\"width\":1224,\"height\":314,\"caption\":\"Croc Jeux\"},\"image\":{\"@id\":\"https:\\\/\\\/crocjeux.com\\\/#\\\/schema\\\/logo\\\/image\\\/\"}}]}<\/script>\n<!-- \/ Yoast SEO plugin. -->","yoast_head_json":{"title":"Unmatched - Houdini Vs Le G\u00e9nie - Croc Jeux","robots":{"index":"index","follow":"follow","max-snippet":"max-snippet:-1","max-image-preview":"max-image-preview:large","max-video-preview":"max-video-preview:-1"},"canonical":"https:\/\/crocjeux.com\/index.php\/produit\/unmatched-houdini-vs-le-genie\/","og_locale":"fr_FR","og_type":"article","og_title":"Unmatched - Houdini Vs Le G\u00e9nie - Croc Jeux","og_description":"Unmatched : Houdini Vs Le G\u00e9nie est un jeu de combat de figurines hautement asym\u00e9trique pour deux ou quatre joueurs. Cette bo\u00eete pr\u00e9sente deux nouveaux h\u00e9ros : Houdini et Le G\u00e9nie.","og_url":"https:\/\/crocjeux.com\/index.php\/produit\/unmatched-houdini-vs-le-genie\/","og_site_name":"Croc Jeux","article_modified_time":"2024-02-20T17:08:28+00:00","og_image":[{"width":2560,"height":2560,"url":"https:\/\/crocjeux.com\/wp-content\/uploads\/2023\/06\/UM-HvG-BoxTop-3D-scaled-1.jpg","type":"image\/jpeg"}],"twitter_card":"summary_large_image","twitter_misc":{"Dur\u00e9e de lecture estim\u00e9e":"2 minutes"},"schema":{"@context":"https:\/\/schema.org","@graph":[{"@type":"WebPage","@id":"https:\/\/crocjeux.com\/index.php\/produit\/unmatched-houdini-vs-le-genie\/","url":"https:\/\/crocjeux.com\/index.php\/produit\/unmatched-houdini-vs-le-genie\/","name":"Unmatched - Houdini Vs Le G\u00e9nie - Croc Jeux","isPartOf":{"@id":"https:\/\/crocjeux.com\/#website"},"primaryImageOfPage":{"@id":"https:\/\/crocjeux.com\/index.php\/produit\/unmatched-houdini-vs-le-genie\/#primaryimage"},"image":{"@id":"https:\/\/crocjeux.com\/index.php\/produit\/unmatched-houdini-vs-le-genie\/#primaryimage"},"thumbnailUrl":"https:\/\/crocjeux.com\/wp-content\/uploads\/2023\/06\/UM-HvG-BoxTop-3D-scaled-1.jpg","datePublished":"2023-06-01T15:05:00+00:00","dateModified":"2024-02-20T17:08:28+00:00","breadcrumb":{"@id":"https:\/\/crocjeux.com\/index.php\/produit\/unmatched-houdini-vs-le-genie\/#breadcrumb"},"inLanguage":"fr-FR","potentialAction":[{"@type":"ReadAction","target":["https:\/\/crocjeux.com\/index.php\/produit\/unmatched-houdini-vs-le-genie\/"]}]},{"@type":"ImageObject","inLanguage":"fr-FR","@id":"https:\/\/crocjeux.com\/index.php\/produit\/unmatched-houdini-vs-le-genie\/#primaryimage","url":"https:\/\/crocjeux.com\/wp-content\/uploads\/2023\/06\/UM-HvG-BoxTop-3D-scaled-1.jpg","contentUrl":"https:\/\/crocjeux.com\/wp-content\/uploads\/2023\/06\/UM-HvG-BoxTop-3D-scaled-1.jpg","width":2560,"height":2560},{"@type":"BreadcrumbList","@id":"https:\/\/crocjeux.com\/index.php\/produit\/unmatched-houdini-vs-le-genie\/#breadcrumb","itemListElement":[{"@type":"ListItem","position":1,"name":"Accueil","item":"https:\/\/crocjeux.com\/"},{"@type":"ListItem","position":2,"name":"Boutique","item":"https:\/\/crocjeux.com\/"},{"@type":"ListItem","position":3,"name":"Unmatched &#8211; Houdini Vs Le G\u00e9nie"}]},{"@type":"WebSite","@id":"https:\/\/crocjeux.com\/#website","url":"https:\/\/crocjeux.com\/","name":"Croc Jeux","description":"Bienvenue chez Croc Jeux!","publisher":{"@id":"https:\/\/crocjeux.com\/#organization"},"potentialAction":[{"@type":"SearchAction","target":{"@type":"EntryPoint","urlTemplate":"https:\/\/crocjeux.com\/?s={search_term_string}"},"query-input":{"@type":"PropertyValueSpecification","valueRequired":true,"valueName":"search_term_string"}}],"inLanguage":"fr-FR"},{"@type":"Organization","@id":"https:\/\/crocjeux.com\/#organization","name":"Croc Jeux","url":"https:\/\/crocjeux.com\/","logo":{"@type":"ImageObject","inLanguage":"fr-FR","@id":"https:\/\/crocjeux.com\/#\/schema\/logo\/image\/","url":"https:\/\/crocjeux.com\/wp-content\/uploads\/2022\/01\/cropped-logo-croc-etape-1-e1644574034239.jpg","contentUrl":"https:\/\/crocjeux.com\/wp-content\/uploads\/2022\/01\/cropped-logo-croc-etape-1-e1644574034239.jpg","width":1224,"height":314,"caption":"Croc Jeux"},"image":{"@id":"https:\/\/crocjeux.com\/#\/schema\/logo\/image\/"}}]}},"_links":{"self":[{"href":"https:\/\/crocjeux.com\/index.php\/wp-json\/wp\/v2\/product\/5385","targetHints":{"allow":["GET"]}}],"collection":[{"href":"https:\/\/crocjeux.com\/index.php\/wp-json\/wp\/v2\/product"}],"about":[{"href":"https:\/\/crocjeux.com\/index.php\/wp-json\/wp\/v2\/types\/product"}],"replies":[{"embeddable":true,"href":"https:\/\/crocjeux.com\/index.php\/wp-json\/wp\/v2\/comments?post=5385"}],"wp:featuredmedia":[{"embeddable":true,"href":"https:\/\/crocjeux.com\/index.php\/wp-json\/wp\/v2\/media\/5386"}],"wp:attachment":[{"href":"https:\/\/crocjeux.com\/index.php\/wp-json\/wp\/v2\/media?parent=5385"}],"wp:term":[{"taxonomy":"product_brand","embeddable":true,"href":"https:\/\/crocjeux.com\/index.php\/wp-json\/wp\/v2\/product_brand?post=5385"},{"taxonomy":"product_cat","embeddable":true,"href":"https:\/\/crocjeux.com\/index.php\/wp-json\/wp\/v2\/product_cat?post=5385"},{"taxonomy":"product_tag","embeddable":true,"href":"https:\/\/crocjeux.com\/index.php\/wp-json\/wp\/v2\/product_tag?post=5385"}],"curies":[{"name":"wp","href":"https:\/\/api.w.org\/{rel}","templated":true}]}}