{"id":540,"date":"2020-11-06T16:31:41","date_gmt":"2020-11-06T15:31:41","guid":{"rendered":"https:\/\/crocjeux.com\/?post_type=product&#038;p=540"},"modified":"2021-04-16T10:38:32","modified_gmt":"2021-04-16T09:38:32","slug":"les-aventuriers-du-rail-scandinavie","status":"publish","type":"product","link":"https:\/\/crocjeux.com\/index.php\/produit\/les-aventuriers-du-rail-scandinavie\/","title":{"rendered":"Les Aventuriers du Rail &#8211; Scandinavie"},"content":{"rendered":"<section id=\"tab-description\" class=\"page-product-box r-tabs-panel r-tabs-state-active\">\n<div class=\"rte\">\n<h2>Les Aventuriers du Rail Scandinavie, cap vers le Nord !<\/h2>\n<div>Dans cette nouvelle mouture, traversez les quatre grands pays scandinaves : le Danemark, la Finlande, la Norv\u00e8ge et la Su\u00e8de. D\u00e9couvrez les merveilleuses cit\u00e9s portuaires de Copenhague, Oslo, Helsinki et Stockholm et visitez les somptueux fjords norv\u00e9giens.<\/div>\n<div>Dans cette version nordique, prenez votre doudoune, votre bonnet et vos gants, vous allez prendre un grand bol d&rsquo;air frais. Depuis le chemin de fer de Rauma, admirez les paysages de montagne et respirez l\u2019air marin des ports de la Baltique. \u00c0 travers la verte campagne danoise et les vastes for\u00eats finlandaises, les trains vous emporteront au-del\u00e0 du cercle polaire, au pays du soleil de minuit.<\/div>\n<h2>Les Aventuriers du Rail Scandinavie, plus qu&rsquo;une autre version<\/h2>\n<div>Cette mouture ne se contente pas de vous proposer une nouvelle carte, elle apporte \u00e9galement quelques nouveaut\u00e9s pour rendre le jeu unique. Par exemple, dans ce volet nordique, les joueurs ne peuvent utiliser les locomotives uniquement pour les tunnels et ferries. Cette sp\u00e9cificit\u00e9 a pour effet de modifier la strat\u00e9gie des joueurs, car elle les encourage \u00e0 se tourner davantage vers ces lignes ferroviaires particuli\u00e8res.<\/div>\n<div><\/div>\n<h2>Les Aventuriers du Rail Scandinavie, une m\u00e9canique de base inchang\u00e9e<\/h2>\n<div>Ce nouvel opus reprend les cl\u00e9s du succ\u00e8s de la s\u00e9rie. Le jeu reste simple, tr\u00e8s bien illustr\u00e9 et facile \u00e0 apprendre.<\/div>\n<div>Replongez dans l&rsquo;\u00e2ge d&rsquo;or du chemin de fer et lancez-vous \u00e0 la conqu\u00eate du rail en Scandinavie. Tentez de prendre le contr\u00f4le du r\u00e9seau ferroviaire nordique en reliant un maximum de villes entre elles.<\/div>\n<div>Commencez la partie en piochant vos objectifs de destination et partez \u00e0 l&rsquo;assaut des chemins de fer. Les objectifs repr\u00e9sentent les liaisons entre deux villes que vous devrez imp\u00e9rativement \u00e9tablir. Ils sont tr\u00e8s importants pour le d\u00e9roulement de la partie, car s&rsquo;ils ne sont pas remplis \u00e0 la fin de la partie, vous obtiendrez un malus par objectif non respect\u00e9.<\/div>\n<div>Un joueur prend le contr\u00f4le d&rsquo;une ligne en utilisant des cartes de la m\u00eame couleur que la voie. Une fois contr\u00f4l\u00e9e, la ligne appartient au joueur et plus aucun participant ne peut en prendre le contr\u00f4le.<\/div>\n<div><\/div>\n<h2>Plusieurs mani\u00e8res de scorer<\/h2>\n<div>Il existe plusieurs fa\u00e7ons de marquer des points :<\/div>\n<div>\n<ul>\n<li>En construisant des sections de chemins de fer<\/li>\n<li>En remplissant ses objectifs de destination<\/li>\n<li>En ayant la ligne ferroviaire la plus longue<\/li>\n<\/ul>\n<\/div>\n<div>Le joueur qui obtient le plus grand nombre de points remporte la partie.<\/div>\n<\/div>\n<\/section>\n","protected":false},"excerpt":{"rendered":"<p>Les Aventuriers du Rail Scandinavie, cap vers le Nord ! Dans cette nouvelle mouture, traversez les quatre grands pays scandinaves<\/p>\n","protected":false},"featured_media":541,"comment_status":"open","ping_status":"closed","template":"","meta":{"colormag_page_container_layout":"default_layout","colormag_page_sidebar_layout":"default_layout"},"product_brand":[],"product_cat":[69,91,92],"product_tag":[],"class_list":{"0":"post-540","1":"product","2":"type-product","3":"status-publish","4":"has-post-thumbnail","6":"product_cat-aventuriers-du-rail-jouez-a-deux","7":"product_cat-aventuriers-du-rail-jeux-strategie","8":"product_cat-aventuriers-du-rail-jeux-familliaux","10":"first","11":"instock","12":"taxable","13":"shipping-taxable","14":"purchasable","15":"product-type-simple"},"yoast_head":"<!-- This site is optimized with the Yoast SEO plugin v27.3 - https:\/\/yoast.com\/product\/yoast-seo-wordpress\/ -->\n<title>Les Aventuriers du Rail - Scandinavie - Croc Jeux<\/title>\n<meta name=\"robots\" content=\"index, follow, max-snippet:-1, max-image-preview:large, max-video-preview:-1\" \/>\n<link rel=\"canonical\" href=\"https:\/\/crocjeux.com\/index.php\/produit\/les-aventuriers-du-rail-scandinavie\/\" \/>\n<meta property=\"og:locale\" content=\"fr_FR\" \/>\n<meta property=\"og:type\" content=\"article\" \/>\n<meta property=\"og:title\" content=\"Les Aventuriers du Rail - Scandinavie - Croc Jeux\" \/>\n<meta property=\"og:description\" content=\"Les Aventuriers du Rail Scandinavie, cap vers le Nord ! Dans cette nouvelle mouture, traversez les quatre grands pays scandinaves\" \/>\n<meta property=\"og:url\" content=\"https:\/\/crocjeux.com\/index.php\/produit\/les-aventuriers-du-rail-scandinavie\/\" \/>\n<meta property=\"og:site_name\" content=\"Croc Jeux\" \/>\n<meta property=\"article:modified_time\" content=\"2021-04-16T09:38:32+00:00\" \/>\n<meta property=\"og:image\" content=\"https:\/\/crocjeux.com\/wp-content\/uploads\/2020\/11\/Aventuriers-du-rail-scandinavie.jpg\" \/>\n\t<meta property=\"og:image:width\" content=\"569\" \/>\n\t<meta property=\"og:image:height\" content=\"575\" \/>\n\t<meta property=\"og:image:type\" content=\"image\/jpeg\" \/>\n<meta name=\"twitter:card\" content=\"summary_large_image\" \/>\n<meta name=\"twitter:label1\" content=\"Dur\u00e9e de lecture estim\u00e9e\" \/>\n\t<meta name=\"twitter:data1\" content=\"2 minutes\" \/>\n<script type=\"application\/ld+json\" class=\"yoast-schema-graph\">{\"@context\":\"https:\\\/\\\/schema.org\",\"@graph\":[{\"@type\":\"WebPage\",\"@id\":\"https:\\\/\\\/crocjeux.com\\\/index.php\\\/produit\\\/les-aventuriers-du-rail-scandinavie\\\/\",\"url\":\"https:\\\/\\\/crocjeux.com\\\/index.php\\\/produit\\\/les-aventuriers-du-rail-scandinavie\\\/\",\"name\":\"Les Aventuriers du Rail - Scandinavie - Croc Jeux\",\"isPartOf\":{\"@id\":\"https:\\\/\\\/crocjeux.com\\\/#website\"},\"primaryImageOfPage\":{\"@id\":\"https:\\\/\\\/crocjeux.com\\\/index.php\\\/produit\\\/les-aventuriers-du-rail-scandinavie\\\/#primaryimage\"},\"image\":{\"@id\":\"https:\\\/\\\/crocjeux.com\\\/index.php\\\/produit\\\/les-aventuriers-du-rail-scandinavie\\\/#primaryimage\"},\"thumbnailUrl\":\"https:\\\/\\\/crocjeux.com\\\/wp-content\\\/uploads\\\/2020\\\/11\\\/Aventuriers-du-rail-scandinavie.jpg\",\"datePublished\":\"2020-11-06T15:31:41+00:00\",\"dateModified\":\"2021-04-16T09:38:32+00:00\",\"breadcrumb\":{\"@id\":\"https:\\\/\\\/crocjeux.com\\\/index.php\\\/produit\\\/les-aventuriers-du-rail-scandinavie\\\/#breadcrumb\"},\"inLanguage\":\"fr-FR\",\"potentialAction\":[{\"@type\":\"ReadAction\",\"target\":[\"https:\\\/\\\/crocjeux.com\\\/index.php\\\/produit\\\/les-aventuriers-du-rail-scandinavie\\\/\"]}]},{\"@type\":\"ImageObject\",\"inLanguage\":\"fr-FR\",\"@id\":\"https:\\\/\\\/crocjeux.com\\\/index.php\\\/produit\\\/les-aventuriers-du-rail-scandinavie\\\/#primaryimage\",\"url\":\"https:\\\/\\\/crocjeux.com\\\/wp-content\\\/uploads\\\/2020\\\/11\\\/Aventuriers-du-rail-scandinavie.jpg\",\"contentUrl\":\"https:\\\/\\\/crocjeux.com\\\/wp-content\\\/uploads\\\/2020\\\/11\\\/Aventuriers-du-rail-scandinavie.jpg\",\"width\":569,\"height\":575},{\"@type\":\"BreadcrumbList\",\"@id\":\"https:\\\/\\\/crocjeux.com\\\/index.php\\\/produit\\\/les-aventuriers-du-rail-scandinavie\\\/#breadcrumb\",\"itemListElement\":[{\"@type\":\"ListItem\",\"position\":1,\"name\":\"Accueil\",\"item\":\"https:\\\/\\\/crocjeux.com\\\/\"},{\"@type\":\"ListItem\",\"position\":2,\"name\":\"Boutique\",\"item\":\"https:\\\/\\\/crocjeux.com\\\/\"},{\"@type\":\"ListItem\",\"position\":3,\"name\":\"Les Aventuriers du Rail &#8211; Scandinavie\"}]},{\"@type\":\"WebSite\",\"@id\":\"https:\\\/\\\/crocjeux.com\\\/#website\",\"url\":\"https:\\\/\\\/crocjeux.com\\\/\",\"name\":\"Croc Jeux\",\"description\":\"Bienvenue chez Croc Jeux!\",\"publisher\":{\"@id\":\"https:\\\/\\\/crocjeux.com\\\/#organization\"},\"potentialAction\":[{\"@type\":\"SearchAction\",\"target\":{\"@type\":\"EntryPoint\",\"urlTemplate\":\"https:\\\/\\\/crocjeux.com\\\/?s={search_term_string}\"},\"query-input\":{\"@type\":\"PropertyValueSpecification\",\"valueRequired\":true,\"valueName\":\"search_term_string\"}}],\"inLanguage\":\"fr-FR\"},{\"@type\":\"Organization\",\"@id\":\"https:\\\/\\\/crocjeux.com\\\/#organization\",\"name\":\"Croc Jeux\",\"url\":\"https:\\\/\\\/crocjeux.com\\\/\",\"logo\":{\"@type\":\"ImageObject\",\"inLanguage\":\"fr-FR\",\"@id\":\"https:\\\/\\\/crocjeux.com\\\/#\\\/schema\\\/logo\\\/image\\\/\",\"url\":\"https:\\\/\\\/crocjeux.com\\\/wp-content\\\/uploads\\\/2022\\\/01\\\/cropped-logo-croc-etape-1-e1644574034239.jpg\",\"contentUrl\":\"https:\\\/\\\/crocjeux.com\\\/wp-content\\\/uploads\\\/2022\\\/01\\\/cropped-logo-croc-etape-1-e1644574034239.jpg\",\"width\":1224,\"height\":314,\"caption\":\"Croc Jeux\"},\"image\":{\"@id\":\"https:\\\/\\\/crocjeux.com\\\/#\\\/schema\\\/logo\\\/image\\\/\"}}]}<\/script>\n<!-- \/ Yoast SEO plugin. -->","yoast_head_json":{"title":"Les Aventuriers du Rail - Scandinavie - Croc Jeux","robots":{"index":"index","follow":"follow","max-snippet":"max-snippet:-1","max-image-preview":"max-image-preview:large","max-video-preview":"max-video-preview:-1"},"canonical":"https:\/\/crocjeux.com\/index.php\/produit\/les-aventuriers-du-rail-scandinavie\/","og_locale":"fr_FR","og_type":"article","og_title":"Les Aventuriers du Rail - Scandinavie - Croc Jeux","og_description":"Les Aventuriers du Rail Scandinavie, cap vers le Nord ! Dans cette nouvelle mouture, traversez les quatre grands pays scandinaves","og_url":"https:\/\/crocjeux.com\/index.php\/produit\/les-aventuriers-du-rail-scandinavie\/","og_site_name":"Croc Jeux","article_modified_time":"2021-04-16T09:38:32+00:00","og_image":[{"width":569,"height":575,"url":"https:\/\/crocjeux.com\/wp-content\/uploads\/2020\/11\/Aventuriers-du-rail-scandinavie.jpg","type":"image\/jpeg"}],"twitter_card":"summary_large_image","twitter_misc":{"Dur\u00e9e de lecture estim\u00e9e":"2 minutes"},"schema":{"@context":"https:\/\/schema.org","@graph":[{"@type":"WebPage","@id":"https:\/\/crocjeux.com\/index.php\/produit\/les-aventuriers-du-rail-scandinavie\/","url":"https:\/\/crocjeux.com\/index.php\/produit\/les-aventuriers-du-rail-scandinavie\/","name":"Les Aventuriers du Rail - Scandinavie - Croc Jeux","isPartOf":{"@id":"https:\/\/crocjeux.com\/#website"},"primaryImageOfPage":{"@id":"https:\/\/crocjeux.com\/index.php\/produit\/les-aventuriers-du-rail-scandinavie\/#primaryimage"},"image":{"@id":"https:\/\/crocjeux.com\/index.php\/produit\/les-aventuriers-du-rail-scandinavie\/#primaryimage"},"thumbnailUrl":"https:\/\/crocjeux.com\/wp-content\/uploads\/2020\/11\/Aventuriers-du-rail-scandinavie.jpg","datePublished":"2020-11-06T15:31:41+00:00","dateModified":"2021-04-16T09:38:32+00:00","breadcrumb":{"@id":"https:\/\/crocjeux.com\/index.php\/produit\/les-aventuriers-du-rail-scandinavie\/#breadcrumb"},"inLanguage":"fr-FR","potentialAction":[{"@type":"ReadAction","target":["https:\/\/crocjeux.com\/index.php\/produit\/les-aventuriers-du-rail-scandinavie\/"]}]},{"@type":"ImageObject","inLanguage":"fr-FR","@id":"https:\/\/crocjeux.com\/index.php\/produit\/les-aventuriers-du-rail-scandinavie\/#primaryimage","url":"https:\/\/crocjeux.com\/wp-content\/uploads\/2020\/11\/Aventuriers-du-rail-scandinavie.jpg","contentUrl":"https:\/\/crocjeux.com\/wp-content\/uploads\/2020\/11\/Aventuriers-du-rail-scandinavie.jpg","width":569,"height":575},{"@type":"BreadcrumbList","@id":"https:\/\/crocjeux.com\/index.php\/produit\/les-aventuriers-du-rail-scandinavie\/#breadcrumb","itemListElement":[{"@type":"ListItem","position":1,"name":"Accueil","item":"https:\/\/crocjeux.com\/"},{"@type":"ListItem","position":2,"name":"Boutique","item":"https:\/\/crocjeux.com\/"},{"@type":"ListItem","position":3,"name":"Les Aventuriers du Rail &#8211; Scandinavie"}]},{"@type":"WebSite","@id":"https:\/\/crocjeux.com\/#website","url":"https:\/\/crocjeux.com\/","name":"Croc Jeux","description":"Bienvenue chez Croc Jeux!","publisher":{"@id":"https:\/\/crocjeux.com\/#organization"},"potentialAction":[{"@type":"SearchAction","target":{"@type":"EntryPoint","urlTemplate":"https:\/\/crocjeux.com\/?s={search_term_string}"},"query-input":{"@type":"PropertyValueSpecification","valueRequired":true,"valueName":"search_term_string"}}],"inLanguage":"fr-FR"},{"@type":"Organization","@id":"https:\/\/crocjeux.com\/#organization","name":"Croc Jeux","url":"https:\/\/crocjeux.com\/","logo":{"@type":"ImageObject","inLanguage":"fr-FR","@id":"https:\/\/crocjeux.com\/#\/schema\/logo\/image\/","url":"https:\/\/crocjeux.com\/wp-content\/uploads\/2022\/01\/cropped-logo-croc-etape-1-e1644574034239.jpg","contentUrl":"https:\/\/crocjeux.com\/wp-content\/uploads\/2022\/01\/cropped-logo-croc-etape-1-e1644574034239.jpg","width":1224,"height":314,"caption":"Croc Jeux"},"image":{"@id":"https:\/\/crocjeux.com\/#\/schema\/logo\/image\/"}}]}},"_links":{"self":[{"href":"https:\/\/crocjeux.com\/index.php\/wp-json\/wp\/v2\/product\/540","targetHints":{"allow":["GET"]}}],"collection":[{"href":"https:\/\/crocjeux.com\/index.php\/wp-json\/wp\/v2\/product"}],"about":[{"href":"https:\/\/crocjeux.com\/index.php\/wp-json\/wp\/v2\/types\/product"}],"replies":[{"embeddable":true,"href":"https:\/\/crocjeux.com\/index.php\/wp-json\/wp\/v2\/comments?post=540"}],"wp:featuredmedia":[{"embeddable":true,"href":"https:\/\/crocjeux.com\/index.php\/wp-json\/wp\/v2\/media\/541"}],"wp:attachment":[{"href":"https:\/\/crocjeux.com\/index.php\/wp-json\/wp\/v2\/media?parent=540"}],"wp:term":[{"taxonomy":"product_brand","embeddable":true,"href":"https:\/\/crocjeux.com\/index.php\/wp-json\/wp\/v2\/product_brand?post=540"},{"taxonomy":"product_cat","embeddable":true,"href":"https:\/\/crocjeux.com\/index.php\/wp-json\/wp\/v2\/product_cat?post=540"},{"taxonomy":"product_tag","embeddable":true,"href":"https:\/\/crocjeux.com\/index.php\/wp-json\/wp\/v2\/product_tag?post=540"}],"curies":[{"name":"wp","href":"https:\/\/api.w.org\/{rel}","templated":true}]}}