{"id":5403,"date":"2023-06-09T14:27:07","date_gmt":"2023-06-09T13:27:07","guid":{"rendered":"https:\/\/crocjeux.com\/?post_type=product&#038;p=5403"},"modified":"2024-02-20T18:10:40","modified_gmt":"2024-02-20T17:10:40","slug":"la-toupie-voyageuse","status":"publish","type":"product","link":"https:\/\/crocjeux.com\/index.php\/produit\/la-toupie-voyageuse\/","title":{"rendered":"La Toupie Voyageuse"},"content":{"rendered":"<p>Chaque mission repr\u00e9sente un parcours que les joueurs vont devoir effectuer avec une toupie en la passant d\u2019un plateau \u00e0 un autre. Ils repr\u00e9sentent 8 mondes merveilleux en relief avec plusieurs cibles. Au d\u00e9but de chaque mission, les joueurs identifient ensemble les cibles \u00e0 atteindre et se r\u00e9partissent les plateaux indiqu\u00e9s.<br \/>\nLe premier joueur lance la toupie avec l\u2019aide du propulseur et la d\u00e9place en inclinant son plateau pour la diriger vers sa cible. Une fois la cible atteinte, le joueur guide la toupie vers la sortie pour la faire passer sur le plateau tenu par le joueur suivant. La dynamique de relais entre les joueurs se poursuit ainsi jusqu\u2019\u00e0 la r\u00e9alisation compl\u00e8te de la mission. La difficult\u00e9 des d\u00e9fis s\u2019accroit progressivement (passages \u00e9troits, sauts d\u2019obstacles\u2026). Des troph\u00e9es autocollants permettent de valider chaque mission r\u00e9ussie !<\/p>\n","protected":false},"excerpt":{"rendered":"<p>Le jeu sensationnel de parcours de toupie ! Lance ta toupie \u00e0 toute vitesse gr\u00e2ce \u00e0 son propulseur. Voyage \u00e0 travers 8 mondes merveilleux pour r\u00e9aliser tes missions : saute les obstacles, touche les cibles et valide ta progression avec des troph\u00e9es autocollants. Aussi fun en mode solo qu\u2019en mode coop\u00e9ratif.<\/p>\n","protected":false},"featured_media":5404,"comment_status":"open","ping_status":"closed","template":"","meta":{"colormag_page_container_layout":"default_layout","colormag_page_sidebar_layout":"default_layout"},"product_brand":[],"product_cat":[30],"product_tag":[],"class_list":{"0":"post-5403","1":"product","2":"type-product","3":"status-publish","4":"has-post-thumbnail","6":"product_cat-jeux-collaboratifs","8":"first","9":"instock","10":"taxable","11":"shipping-taxable","12":"purchasable","13":"product-type-simple"},"yoast_head":"<!-- This site is optimized with the Yoast SEO plugin v27.1.1 - https:\/\/yoast.com\/product\/yoast-seo-wordpress\/ -->\n<title>La Toupie Voyageuse - Croc Jeux<\/title>\n<meta name=\"description\" content=\"Le jeu sensationnel de parcours de toupie ! Lance ta toupie \u00e0 toute vitesse gr\u00e2ce \u00e0 son propulseur. Voyage \u00e0 travers 8 mondes merveilleux pour r\u00e9aliser tes missions : saute les obstacles, touche les cibles et valide ta progression avec des troph\u00e9es autocollants. Aussi fun en mode solo qu\u2019en mode coop\u00e9ratif.\" \/>\n<meta name=\"robots\" content=\"index, follow, max-snippet:-1, max-image-preview:large, max-video-preview:-1\" \/>\n<link rel=\"canonical\" href=\"https:\/\/crocjeux.com\/index.php\/produit\/la-toupie-voyageuse\/\" \/>\n<meta property=\"og:locale\" content=\"fr_FR\" \/>\n<meta property=\"og:type\" content=\"article\" \/>\n<meta property=\"og:title\" content=\"La Toupie Voyageuse - Croc Jeux\" \/>\n<meta property=\"og:description\" content=\"Le jeu sensationnel de parcours de toupie ! Lance ta toupie \u00e0 toute vitesse gr\u00e2ce \u00e0 son propulseur. Voyage \u00e0 travers 8 mondes merveilleux pour r\u00e9aliser tes missions : saute les obstacles, touche les cibles et valide ta progression avec des troph\u00e9es autocollants. Aussi fun en mode solo qu\u2019en mode coop\u00e9ratif.\" \/>\n<meta property=\"og:url\" content=\"https:\/\/crocjeux.com\/index.php\/produit\/la-toupie-voyageuse\/\" \/>\n<meta property=\"og:site_name\" content=\"Croc Jeux\" \/>\n<meta property=\"article:modified_time\" content=\"2024-02-20T17:10:40+00:00\" \/>\n<meta property=\"og:image\" content=\"https:\/\/crocjeux.com\/wp-content\/uploads\/2023\/06\/la-toupie-voyageuse.jpg\" \/>\n\t<meta property=\"og:image:width\" content=\"221\" \/>\n\t<meta property=\"og:image:height\" content=\"228\" \/>\n\t<meta property=\"og:image:type\" content=\"image\/jpeg\" \/>\n<meta name=\"twitter:card\" content=\"summary_large_image\" \/>\n<meta name=\"twitter:label1\" content=\"Dur\u00e9e de lecture estim\u00e9e\" \/>\n\t<meta name=\"twitter:data1\" content=\"1 minute\" \/>\n<script type=\"application\/ld+json\" class=\"yoast-schema-graph\">{\"@context\":\"https:\/\/schema.org\",\"@graph\":[{\"@type\":\"WebPage\",\"@id\":\"https:\/\/crocjeux.com\/index.php\/produit\/la-toupie-voyageuse\/\",\"url\":\"https:\/\/crocjeux.com\/index.php\/produit\/la-toupie-voyageuse\/\",\"name\":\"La Toupie Voyageuse - Croc Jeux\",\"isPartOf\":{\"@id\":\"https:\/\/crocjeux.com\/#website\"},\"primaryImageOfPage\":{\"@id\":\"https:\/\/crocjeux.com\/index.php\/produit\/la-toupie-voyageuse\/#primaryimage\"},\"image\":{\"@id\":\"https:\/\/crocjeux.com\/index.php\/produit\/la-toupie-voyageuse\/#primaryimage\"},\"thumbnailUrl\":\"https:\/\/crocjeux.com\/wp-content\/uploads\/2023\/06\/la-toupie-voyageuse.jpg\",\"datePublished\":\"2023-06-09T13:27:07+00:00\",\"dateModified\":\"2024-02-20T17:10:40+00:00\",\"description\":\"Le jeu sensationnel de parcours de toupie ! Lance ta toupie \u00e0 toute vitesse gr\u00e2ce \u00e0 son propulseur. Voyage \u00e0 travers 8 mondes merveilleux pour r\u00e9aliser tes missions : saute les obstacles, touche les cibles et valide ta progression avec des troph\u00e9es autocollants. Aussi fun en mode solo qu\u2019en mode coop\u00e9ratif.\",\"breadcrumb\":{\"@id\":\"https:\/\/crocjeux.com\/index.php\/produit\/la-toupie-voyageuse\/#breadcrumb\"},\"inLanguage\":\"fr-FR\",\"potentialAction\":[{\"@type\":\"ReadAction\",\"target\":[\"https:\/\/crocjeux.com\/index.php\/produit\/la-toupie-voyageuse\/\"]}]},{\"@type\":\"ImageObject\",\"inLanguage\":\"fr-FR\",\"@id\":\"https:\/\/crocjeux.com\/index.php\/produit\/la-toupie-voyageuse\/#primaryimage\",\"url\":\"https:\/\/crocjeux.com\/wp-content\/uploads\/2023\/06\/la-toupie-voyageuse.jpg\",\"contentUrl\":\"https:\/\/crocjeux.com\/wp-content\/uploads\/2023\/06\/la-toupie-voyageuse.jpg\",\"width\":221,\"height\":228},{\"@type\":\"BreadcrumbList\",\"@id\":\"https:\/\/crocjeux.com\/index.php\/produit\/la-toupie-voyageuse\/#breadcrumb\",\"itemListElement\":[{\"@type\":\"ListItem\",\"position\":1,\"name\":\"Accueil\",\"item\":\"https:\/\/crocjeux.com\/\"},{\"@type\":\"ListItem\",\"position\":2,\"name\":\"Boutique\",\"item\":\"https:\/\/crocjeux.com\/\"},{\"@type\":\"ListItem\",\"position\":3,\"name\":\"La Toupie Voyageuse\"}]},{\"@type\":\"WebSite\",\"@id\":\"https:\/\/crocjeux.com\/#website\",\"url\":\"https:\/\/crocjeux.com\/\",\"name\":\"Croc Jeux\",\"description\":\"Bienvenue chez Croc Jeux!\",\"publisher\":{\"@id\":\"https:\/\/crocjeux.com\/#organization\"},\"potentialAction\":[{\"@type\":\"SearchAction\",\"target\":{\"@type\":\"EntryPoint\",\"urlTemplate\":\"https:\/\/crocjeux.com\/?s={search_term_string}\"},\"query-input\":{\"@type\":\"PropertyValueSpecification\",\"valueRequired\":true,\"valueName\":\"search_term_string\"}}],\"inLanguage\":\"fr-FR\"},{\"@type\":\"Organization\",\"@id\":\"https:\/\/crocjeux.com\/#organization\",\"name\":\"Croc Jeux\",\"url\":\"https:\/\/crocjeux.com\/\",\"logo\":{\"@type\":\"ImageObject\",\"inLanguage\":\"fr-FR\",\"@id\":\"https:\/\/crocjeux.com\/#\/schema\/logo\/image\/\",\"url\":\"https:\/\/crocjeux.com\/wp-content\/uploads\/2022\/01\/cropped-logo-croc-etape-1-e1644574034239.jpg\",\"contentUrl\":\"https:\/\/crocjeux.com\/wp-content\/uploads\/2022\/01\/cropped-logo-croc-etape-1-e1644574034239.jpg\",\"width\":1224,\"height\":314,\"caption\":\"Croc Jeux\"},\"image\":{\"@id\":\"https:\/\/crocjeux.com\/#\/schema\/logo\/image\/\"}}]}<\/script>\n<!-- \/ Yoast SEO plugin. -->","yoast_head_json":{"title":"La Toupie Voyageuse - Croc Jeux","description":"Le jeu sensationnel de parcours de toupie ! Lance ta toupie \u00e0 toute vitesse gr\u00e2ce \u00e0 son propulseur. Voyage \u00e0 travers 8 mondes merveilleux pour r\u00e9aliser tes missions : saute les obstacles, touche les cibles et valide ta progression avec des troph\u00e9es autocollants. Aussi fun en mode solo qu\u2019en mode coop\u00e9ratif.","robots":{"index":"index","follow":"follow","max-snippet":"max-snippet:-1","max-image-preview":"max-image-preview:large","max-video-preview":"max-video-preview:-1"},"canonical":"https:\/\/crocjeux.com\/index.php\/produit\/la-toupie-voyageuse\/","og_locale":"fr_FR","og_type":"article","og_title":"La Toupie Voyageuse - Croc Jeux","og_description":"Le jeu sensationnel de parcours de toupie ! Lance ta toupie \u00e0 toute vitesse gr\u00e2ce \u00e0 son propulseur. Voyage \u00e0 travers 8 mondes merveilleux pour r\u00e9aliser tes missions : saute les obstacles, touche les cibles et valide ta progression avec des troph\u00e9es autocollants. Aussi fun en mode solo qu\u2019en mode coop\u00e9ratif.","og_url":"https:\/\/crocjeux.com\/index.php\/produit\/la-toupie-voyageuse\/","og_site_name":"Croc Jeux","article_modified_time":"2024-02-20T17:10:40+00:00","og_image":[{"width":221,"height":228,"url":"https:\/\/crocjeux.com\/wp-content\/uploads\/2023\/06\/la-toupie-voyageuse.jpg","type":"image\/jpeg"}],"twitter_card":"summary_large_image","twitter_misc":{"Dur\u00e9e de lecture estim\u00e9e":"1 minute"},"schema":{"@context":"https:\/\/schema.org","@graph":[{"@type":"WebPage","@id":"https:\/\/crocjeux.com\/index.php\/produit\/la-toupie-voyageuse\/","url":"https:\/\/crocjeux.com\/index.php\/produit\/la-toupie-voyageuse\/","name":"La Toupie Voyageuse - Croc Jeux","isPartOf":{"@id":"https:\/\/crocjeux.com\/#website"},"primaryImageOfPage":{"@id":"https:\/\/crocjeux.com\/index.php\/produit\/la-toupie-voyageuse\/#primaryimage"},"image":{"@id":"https:\/\/crocjeux.com\/index.php\/produit\/la-toupie-voyageuse\/#primaryimage"},"thumbnailUrl":"https:\/\/crocjeux.com\/wp-content\/uploads\/2023\/06\/la-toupie-voyageuse.jpg","datePublished":"2023-06-09T13:27:07+00:00","dateModified":"2024-02-20T17:10:40+00:00","description":"Le jeu sensationnel de parcours de toupie ! Lance ta toupie \u00e0 toute vitesse gr\u00e2ce \u00e0 son propulseur. Voyage \u00e0 travers 8 mondes merveilleux pour r\u00e9aliser tes missions : saute les obstacles, touche les cibles et valide ta progression avec des troph\u00e9es autocollants. Aussi fun en mode solo qu\u2019en mode coop\u00e9ratif.","breadcrumb":{"@id":"https:\/\/crocjeux.com\/index.php\/produit\/la-toupie-voyageuse\/#breadcrumb"},"inLanguage":"fr-FR","potentialAction":[{"@type":"ReadAction","target":["https:\/\/crocjeux.com\/index.php\/produit\/la-toupie-voyageuse\/"]}]},{"@type":"ImageObject","inLanguage":"fr-FR","@id":"https:\/\/crocjeux.com\/index.php\/produit\/la-toupie-voyageuse\/#primaryimage","url":"https:\/\/crocjeux.com\/wp-content\/uploads\/2023\/06\/la-toupie-voyageuse.jpg","contentUrl":"https:\/\/crocjeux.com\/wp-content\/uploads\/2023\/06\/la-toupie-voyageuse.jpg","width":221,"height":228},{"@type":"BreadcrumbList","@id":"https:\/\/crocjeux.com\/index.php\/produit\/la-toupie-voyageuse\/#breadcrumb","itemListElement":[{"@type":"ListItem","position":1,"name":"Accueil","item":"https:\/\/crocjeux.com\/"},{"@type":"ListItem","position":2,"name":"Boutique","item":"https:\/\/crocjeux.com\/"},{"@type":"ListItem","position":3,"name":"La Toupie Voyageuse"}]},{"@type":"WebSite","@id":"https:\/\/crocjeux.com\/#website","url":"https:\/\/crocjeux.com\/","name":"Croc Jeux","description":"Bienvenue chez Croc Jeux!","publisher":{"@id":"https:\/\/crocjeux.com\/#organization"},"potentialAction":[{"@type":"SearchAction","target":{"@type":"EntryPoint","urlTemplate":"https:\/\/crocjeux.com\/?s={search_term_string}"},"query-input":{"@type":"PropertyValueSpecification","valueRequired":true,"valueName":"search_term_string"}}],"inLanguage":"fr-FR"},{"@type":"Organization","@id":"https:\/\/crocjeux.com\/#organization","name":"Croc Jeux","url":"https:\/\/crocjeux.com\/","logo":{"@type":"ImageObject","inLanguage":"fr-FR","@id":"https:\/\/crocjeux.com\/#\/schema\/logo\/image\/","url":"https:\/\/crocjeux.com\/wp-content\/uploads\/2022\/01\/cropped-logo-croc-etape-1-e1644574034239.jpg","contentUrl":"https:\/\/crocjeux.com\/wp-content\/uploads\/2022\/01\/cropped-logo-croc-etape-1-e1644574034239.jpg","width":1224,"height":314,"caption":"Croc Jeux"},"image":{"@id":"https:\/\/crocjeux.com\/#\/schema\/logo\/image\/"}}]}},"_links":{"self":[{"href":"https:\/\/crocjeux.com\/index.php\/wp-json\/wp\/v2\/product\/5403","targetHints":{"allow":["GET"]}}],"collection":[{"href":"https:\/\/crocjeux.com\/index.php\/wp-json\/wp\/v2\/product"}],"about":[{"href":"https:\/\/crocjeux.com\/index.php\/wp-json\/wp\/v2\/types\/product"}],"replies":[{"embeddable":true,"href":"https:\/\/crocjeux.com\/index.php\/wp-json\/wp\/v2\/comments?post=5403"}],"wp:featuredmedia":[{"embeddable":true,"href":"https:\/\/crocjeux.com\/index.php\/wp-json\/wp\/v2\/media\/5404"}],"wp:attachment":[{"href":"https:\/\/crocjeux.com\/index.php\/wp-json\/wp\/v2\/media?parent=5403"}],"wp:term":[{"taxonomy":"product_brand","embeddable":true,"href":"https:\/\/crocjeux.com\/index.php\/wp-json\/wp\/v2\/product_brand?post=5403"},{"taxonomy":"product_cat","embeddable":true,"href":"https:\/\/crocjeux.com\/index.php\/wp-json\/wp\/v2\/product_cat?post=5403"},{"taxonomy":"product_tag","embeddable":true,"href":"https:\/\/crocjeux.com\/index.php\/wp-json\/wp\/v2\/product_tag?post=5403"}],"curies":[{"name":"wp","href":"https:\/\/api.w.org\/{rel}","templated":true}]}}