{"id":5408,"date":"2023-06-15T11:48:03","date_gmt":"2023-06-15T10:48:03","guid":{"rendered":"https:\/\/crocjeux.com\/?post_type=product&#038;p=5408"},"modified":"2026-01-22T12:43:40","modified_gmt":"2026-01-22T11:43:40","slug":"etherfields-kittenburg-expansion","status":"publish","type":"product","link":"https:\/\/crocjeux.com\/index.php\/produit\/etherfields-kittenburg-expansion\/","title":{"rendered":"Etherfields: Kittenburg Expansion"},"content":{"rendered":"<div>La ville est tourment\u00e9e par des dilemmes internes que les joueurs tenteront de r\u00e9soudre. Le r\u00eave est divis\u00e9 en 2 parties, la premi\u00e8re plus polici\u00e8re, dans laquelle les joueurs apprendront \u00e0 conna\u00eetre les habitants de Kittenburg. La seconde partie, plus tactique, consiste \u00e0 r\u00e9soudre les principaux probl\u00e8mes de la ville.<b><br \/>\n<\/b><\/div>\n<div><\/div>\n<div><b>Etherfields &#8211; Kittenburg<\/b> est une extension pour le jeu Etherfields. N\u00e9cessite le jeu de base pour \u00eatre jou\u00e9.<\/div>\n","protected":false},"excerpt":{"rendered":"<p>Etherfields &#8211; Kittenburg est une extension pour le jeu Etherfields.<\/p>\n","protected":false},"featured_media":5409,"comment_status":"open","ping_status":"closed","template":"","meta":{"colormag_page_container_layout":"default_layout","colormag_page_sidebar_layout":"default_layout"},"product_brand":[],"product_cat":[30,38,34],"product_tag":[],"class_list":{"0":"post-5408","1":"product","2":"type-product","3":"status-publish","4":"has-post-thumbnail","6":"product_cat-jeux-collaboratifs","7":"product_cat-jeux-experts","8":"product_cat-jeux-figurines","10":"first","11":"outofstock","12":"taxable","13":"shipping-taxable","14":"purchasable","15":"product-type-simple"},"yoast_head":"<!-- This site is optimized with the Yoast SEO plugin v27.4 - https:\/\/yoast.com\/product\/yoast-seo-wordpress\/ -->\n<title>Etherfields: Kittenburg Expansion - Croc Jeux<\/title>\n<meta name=\"description\" content=\"Etherfields - Kittenburg est une extension pour le jeu Etherfields.\" \/>\n<meta name=\"robots\" content=\"index, follow, max-snippet:-1, max-image-preview:large, max-video-preview:-1\" \/>\n<link rel=\"canonical\" href=\"https:\/\/crocjeux.com\/index.php\/produit\/etherfields-kittenburg-expansion\/\" \/>\n<meta property=\"og:locale\" content=\"fr_FR\" \/>\n<meta property=\"og:type\" content=\"article\" \/>\n<meta property=\"og:title\" content=\"Etherfields: Kittenburg Expansion - Croc Jeux\" \/>\n<meta property=\"og:description\" content=\"Etherfields - Kittenburg est une extension pour le jeu Etherfields.\" \/>\n<meta property=\"og:url\" content=\"https:\/\/crocjeux.com\/index.php\/produit\/etherfields-kittenburg-expansion\/\" \/>\n<meta property=\"og:site_name\" content=\"Croc Jeux\" \/>\n<meta property=\"article:modified_time\" content=\"2026-01-22T11:43:40+00:00\" \/>\n<meta property=\"og:image\" content=\"https:\/\/crocjeux.com\/wp-content\/uploads\/2023\/06\/kittenburg-expansion.jpg\" \/>\n\t<meta property=\"og:image:width\" content=\"225\" \/>\n\t<meta property=\"og:image:height\" content=\"225\" \/>\n\t<meta property=\"og:image:type\" content=\"image\/jpeg\" \/>\n<meta name=\"twitter:card\" content=\"summary_large_image\" \/>\n<meta name=\"twitter:label1\" content=\"Dur\u00e9e de lecture estim\u00e9e\" \/>\n\t<meta name=\"twitter:data1\" content=\"1 minute\" \/>\n<script type=\"application\/ld+json\" class=\"yoast-schema-graph\">{\"@context\":\"https:\\\/\\\/schema.org\",\"@graph\":[{\"@type\":\"WebPage\",\"@id\":\"https:\\\/\\\/crocjeux.com\\\/index.php\\\/produit\\\/etherfields-kittenburg-expansion\\\/\",\"url\":\"https:\\\/\\\/crocjeux.com\\\/index.php\\\/produit\\\/etherfields-kittenburg-expansion\\\/\",\"name\":\"Etherfields: Kittenburg Expansion - Croc Jeux\",\"isPartOf\":{\"@id\":\"https:\\\/\\\/crocjeux.com\\\/#website\"},\"primaryImageOfPage\":{\"@id\":\"https:\\\/\\\/crocjeux.com\\\/index.php\\\/produit\\\/etherfields-kittenburg-expansion\\\/#primaryimage\"},\"image\":{\"@id\":\"https:\\\/\\\/crocjeux.com\\\/index.php\\\/produit\\\/etherfields-kittenburg-expansion\\\/#primaryimage\"},\"thumbnailUrl\":\"https:\\\/\\\/crocjeux.com\\\/wp-content\\\/uploads\\\/2023\\\/06\\\/kittenburg-expansion.jpg\",\"datePublished\":\"2023-06-15T10:48:03+00:00\",\"dateModified\":\"2026-01-22T11:43:40+00:00\",\"description\":\"Etherfields - Kittenburg est une extension pour le jeu Etherfields.\",\"breadcrumb\":{\"@id\":\"https:\\\/\\\/crocjeux.com\\\/index.php\\\/produit\\\/etherfields-kittenburg-expansion\\\/#breadcrumb\"},\"inLanguage\":\"fr-FR\",\"potentialAction\":[{\"@type\":\"ReadAction\",\"target\":[\"https:\\\/\\\/crocjeux.com\\\/index.php\\\/produit\\\/etherfields-kittenburg-expansion\\\/\"]}]},{\"@type\":\"ImageObject\",\"inLanguage\":\"fr-FR\",\"@id\":\"https:\\\/\\\/crocjeux.com\\\/index.php\\\/produit\\\/etherfields-kittenburg-expansion\\\/#primaryimage\",\"url\":\"https:\\\/\\\/crocjeux.com\\\/wp-content\\\/uploads\\\/2023\\\/06\\\/kittenburg-expansion.jpg\",\"contentUrl\":\"https:\\\/\\\/crocjeux.com\\\/wp-content\\\/uploads\\\/2023\\\/06\\\/kittenburg-expansion.jpg\",\"width\":225,\"height\":225},{\"@type\":\"BreadcrumbList\",\"@id\":\"https:\\\/\\\/crocjeux.com\\\/index.php\\\/produit\\\/etherfields-kittenburg-expansion\\\/#breadcrumb\",\"itemListElement\":[{\"@type\":\"ListItem\",\"position\":1,\"name\":\"Accueil\",\"item\":\"https:\\\/\\\/crocjeux.com\\\/\"},{\"@type\":\"ListItem\",\"position\":2,\"name\":\"Boutique\",\"item\":\"https:\\\/\\\/crocjeux.com\\\/\"},{\"@type\":\"ListItem\",\"position\":3,\"name\":\"Etherfields: Kittenburg Expansion\"}]},{\"@type\":\"WebSite\",\"@id\":\"https:\\\/\\\/crocjeux.com\\\/#website\",\"url\":\"https:\\\/\\\/crocjeux.com\\\/\",\"name\":\"Croc Jeux\",\"description\":\"Bienvenue chez Croc Jeux!\",\"publisher\":{\"@id\":\"https:\\\/\\\/crocjeux.com\\\/#organization\"},\"potentialAction\":[{\"@type\":\"SearchAction\",\"target\":{\"@type\":\"EntryPoint\",\"urlTemplate\":\"https:\\\/\\\/crocjeux.com\\\/?s={search_term_string}\"},\"query-input\":{\"@type\":\"PropertyValueSpecification\",\"valueRequired\":true,\"valueName\":\"search_term_string\"}}],\"inLanguage\":\"fr-FR\"},{\"@type\":\"Organization\",\"@id\":\"https:\\\/\\\/crocjeux.com\\\/#organization\",\"name\":\"Croc Jeux\",\"url\":\"https:\\\/\\\/crocjeux.com\\\/\",\"logo\":{\"@type\":\"ImageObject\",\"inLanguage\":\"fr-FR\",\"@id\":\"https:\\\/\\\/crocjeux.com\\\/#\\\/schema\\\/logo\\\/image\\\/\",\"url\":\"https:\\\/\\\/crocjeux.com\\\/wp-content\\\/uploads\\\/2022\\\/01\\\/cropped-logo-croc-etape-1-e1644574034239.jpg\",\"contentUrl\":\"https:\\\/\\\/crocjeux.com\\\/wp-content\\\/uploads\\\/2022\\\/01\\\/cropped-logo-croc-etape-1-e1644574034239.jpg\",\"width\":1224,\"height\":314,\"caption\":\"Croc Jeux\"},\"image\":{\"@id\":\"https:\\\/\\\/crocjeux.com\\\/#\\\/schema\\\/logo\\\/image\\\/\"}}]}<\/script>\n<!-- \/ Yoast SEO plugin. -->","yoast_head_json":{"title":"Etherfields: Kittenburg Expansion - Croc Jeux","description":"Etherfields - Kittenburg est une extension pour le jeu Etherfields.","robots":{"index":"index","follow":"follow","max-snippet":"max-snippet:-1","max-image-preview":"max-image-preview:large","max-video-preview":"max-video-preview:-1"},"canonical":"https:\/\/crocjeux.com\/index.php\/produit\/etherfields-kittenburg-expansion\/","og_locale":"fr_FR","og_type":"article","og_title":"Etherfields: Kittenburg Expansion - Croc Jeux","og_description":"Etherfields - Kittenburg est une extension pour le jeu Etherfields.","og_url":"https:\/\/crocjeux.com\/index.php\/produit\/etherfields-kittenburg-expansion\/","og_site_name":"Croc Jeux","article_modified_time":"2026-01-22T11:43:40+00:00","og_image":[{"width":225,"height":225,"url":"https:\/\/crocjeux.com\/wp-content\/uploads\/2023\/06\/kittenburg-expansion.jpg","type":"image\/jpeg"}],"twitter_card":"summary_large_image","twitter_misc":{"Dur\u00e9e de lecture estim\u00e9e":"1 minute"},"schema":{"@context":"https:\/\/schema.org","@graph":[{"@type":"WebPage","@id":"https:\/\/crocjeux.com\/index.php\/produit\/etherfields-kittenburg-expansion\/","url":"https:\/\/crocjeux.com\/index.php\/produit\/etherfields-kittenburg-expansion\/","name":"Etherfields: Kittenburg Expansion - Croc Jeux","isPartOf":{"@id":"https:\/\/crocjeux.com\/#website"},"primaryImageOfPage":{"@id":"https:\/\/crocjeux.com\/index.php\/produit\/etherfields-kittenburg-expansion\/#primaryimage"},"image":{"@id":"https:\/\/crocjeux.com\/index.php\/produit\/etherfields-kittenburg-expansion\/#primaryimage"},"thumbnailUrl":"https:\/\/crocjeux.com\/wp-content\/uploads\/2023\/06\/kittenburg-expansion.jpg","datePublished":"2023-06-15T10:48:03+00:00","dateModified":"2026-01-22T11:43:40+00:00","description":"Etherfields - Kittenburg est une extension pour le jeu Etherfields.","breadcrumb":{"@id":"https:\/\/crocjeux.com\/index.php\/produit\/etherfields-kittenburg-expansion\/#breadcrumb"},"inLanguage":"fr-FR","potentialAction":[{"@type":"ReadAction","target":["https:\/\/crocjeux.com\/index.php\/produit\/etherfields-kittenburg-expansion\/"]}]},{"@type":"ImageObject","inLanguage":"fr-FR","@id":"https:\/\/crocjeux.com\/index.php\/produit\/etherfields-kittenburg-expansion\/#primaryimage","url":"https:\/\/crocjeux.com\/wp-content\/uploads\/2023\/06\/kittenburg-expansion.jpg","contentUrl":"https:\/\/crocjeux.com\/wp-content\/uploads\/2023\/06\/kittenburg-expansion.jpg","width":225,"height":225},{"@type":"BreadcrumbList","@id":"https:\/\/crocjeux.com\/index.php\/produit\/etherfields-kittenburg-expansion\/#breadcrumb","itemListElement":[{"@type":"ListItem","position":1,"name":"Accueil","item":"https:\/\/crocjeux.com\/"},{"@type":"ListItem","position":2,"name":"Boutique","item":"https:\/\/crocjeux.com\/"},{"@type":"ListItem","position":3,"name":"Etherfields: Kittenburg Expansion"}]},{"@type":"WebSite","@id":"https:\/\/crocjeux.com\/#website","url":"https:\/\/crocjeux.com\/","name":"Croc Jeux","description":"Bienvenue chez Croc Jeux!","publisher":{"@id":"https:\/\/crocjeux.com\/#organization"},"potentialAction":[{"@type":"SearchAction","target":{"@type":"EntryPoint","urlTemplate":"https:\/\/crocjeux.com\/?s={search_term_string}"},"query-input":{"@type":"PropertyValueSpecification","valueRequired":true,"valueName":"search_term_string"}}],"inLanguage":"fr-FR"},{"@type":"Organization","@id":"https:\/\/crocjeux.com\/#organization","name":"Croc Jeux","url":"https:\/\/crocjeux.com\/","logo":{"@type":"ImageObject","inLanguage":"fr-FR","@id":"https:\/\/crocjeux.com\/#\/schema\/logo\/image\/","url":"https:\/\/crocjeux.com\/wp-content\/uploads\/2022\/01\/cropped-logo-croc-etape-1-e1644574034239.jpg","contentUrl":"https:\/\/crocjeux.com\/wp-content\/uploads\/2022\/01\/cropped-logo-croc-etape-1-e1644574034239.jpg","width":1224,"height":314,"caption":"Croc Jeux"},"image":{"@id":"https:\/\/crocjeux.com\/#\/schema\/logo\/image\/"}}]}},"_links":{"self":[{"href":"https:\/\/crocjeux.com\/index.php\/wp-json\/wp\/v2\/product\/5408","targetHints":{"allow":["GET"]}}],"collection":[{"href":"https:\/\/crocjeux.com\/index.php\/wp-json\/wp\/v2\/product"}],"about":[{"href":"https:\/\/crocjeux.com\/index.php\/wp-json\/wp\/v2\/types\/product"}],"replies":[{"embeddable":true,"href":"https:\/\/crocjeux.com\/index.php\/wp-json\/wp\/v2\/comments?post=5408"}],"wp:featuredmedia":[{"embeddable":true,"href":"https:\/\/crocjeux.com\/index.php\/wp-json\/wp\/v2\/media\/5409"}],"wp:attachment":[{"href":"https:\/\/crocjeux.com\/index.php\/wp-json\/wp\/v2\/media?parent=5408"}],"wp:term":[{"taxonomy":"product_brand","embeddable":true,"href":"https:\/\/crocjeux.com\/index.php\/wp-json\/wp\/v2\/product_brand?post=5408"},{"taxonomy":"product_cat","embeddable":true,"href":"https:\/\/crocjeux.com\/index.php\/wp-json\/wp\/v2\/product_cat?post=5408"},{"taxonomy":"product_tag","embeddable":true,"href":"https:\/\/crocjeux.com\/index.php\/wp-json\/wp\/v2\/product_tag?post=5408"}],"curies":[{"name":"wp","href":"https:\/\/api.w.org\/{rel}","templated":true}]}}