{"id":5415,"date":"2023-06-15T15:36:19","date_gmt":"2023-06-15T14:36:19","guid":{"rendered":"https:\/\/crocjeux.com\/?post_type=product&#038;p=5415"},"modified":"2023-06-15T15:36:20","modified_gmt":"2023-06-15T14:36:20","slug":"allie-gator","status":"publish","type":"product","link":"https:\/\/crocjeux.com\/index.php\/produit\/allie-gator\/","title":{"rendered":"Allie Gator"},"content":{"rendered":"<div>Trouvez un moyen de la distraire : jouets, friandises, vieux jeu de soci\u00e9t\u00e9 ou m\u00eame un vieux pneu&#8230; Tout peut fonctionner, tant que vous lui mettez quelque chose sous la dent. Mais si vous n\u2019avez rien \u00e0 lui proposer&#8230; CROC !<\/div>\n<div><\/div>\n<div>C\u2019est vous qui deviendrez son go\u00fbter ! Et gare aux points malus que vous subirez : vous risquez de vous en mordre les doigts ! Une gamme \u00e0 petits prix et jouable rapidement ! Nous vous pr\u00e9sentons une nouvelle gamme de jeux de soci\u00e9t\u00e9, con\u00e7ue pour offrir des parties rapides et faciles \u00e0 apprendre.<\/div>\n<div><\/div>\n<div><b>Allie Gator<\/b> est pr\u00eat \u00e0 jouer d\u00e8s l&rsquo;ouverture de la bo\u00eete, sans n\u00e9cessiter une longue phase d&rsquo;apprentissage. Destin\u00e9 en particulier aux familles, cette nouvelle gamme propose un format accessible \u00e0 un plus large public, tout en garantissant un mat\u00e9riel de qualit\u00e9. Un jeu d&rsquo;opposition simple mais traitre&#8230;<\/div>\n<div><\/div>\n<div>\u00c0 tour de r\u00f4le, vous allez jouer une carte de votre main (en fonction de sa valeur), avant d\u2019en piocher une nouvelle. Si, \u00e0 votre tour, vous ne pouvez poser aucune carte de votre main, vous devez prendre la ou les cartes d\u00e9j\u00e0 pos\u00e9es et les placer devant vous : elles s\u2019ajoutent \u00e0 vos points malus. Votre but est d\u2019avoir le moins de points malus \u00e0 la fin de chaque manche. Plus vous remportez de manches, plus vous avez de chances de remporter la partie !<\/div>\n","protected":false},"excerpt":{"rendered":"<p>Allie Gator est un jeu d&rsquo;opposition o\u00f9 tendre des pi\u00e8ges \u00e0 son adversaire est le ma\u00eetre mot.<\/p>\n","protected":false},"featured_media":5418,"comment_status":"open","ping_status":"closed","template":"","meta":{"colormag_page_container_layout":"default_layout","colormag_page_sidebar_layout":"default_layout"},"product_brand":[],"product_cat":[18],"product_tag":[],"class_list":{"0":"post-5415","1":"product","2":"type-product","3":"status-publish","4":"has-post-thumbnail","6":"product_cat-jeux-de-strategie","8":"first","9":"instock","10":"taxable","11":"shipping-taxable","12":"purchasable","13":"product-type-simple"},"yoast_head":"<!-- This site is optimized with the Yoast SEO plugin v27.3 - https:\/\/yoast.com\/product\/yoast-seo-wordpress\/ -->\n<title>Allie Gator - Croc Jeux<\/title>\n<meta name=\"description\" content=\"Allie Gator est un jeu d&#039;opposition o\u00f9 tendre des pi\u00e8ges \u00e0 son adversaire est le ma\u00eetre mot.\" \/>\n<meta name=\"robots\" content=\"index, follow, max-snippet:-1, max-image-preview:large, max-video-preview:-1\" \/>\n<link rel=\"canonical\" href=\"https:\/\/crocjeux.com\/index.php\/produit\/allie-gator\/\" \/>\n<meta property=\"og:locale\" content=\"fr_FR\" \/>\n<meta property=\"og:type\" content=\"article\" \/>\n<meta property=\"og:title\" content=\"Allie Gator - Croc Jeux\" \/>\n<meta property=\"og:description\" content=\"Allie Gator est un jeu d&#039;opposition o\u00f9 tendre des pi\u00e8ges \u00e0 son adversaire est le ma\u00eetre mot.\" \/>\n<meta property=\"og:url\" content=\"https:\/\/crocjeux.com\/index.php\/produit\/allie-gator\/\" \/>\n<meta property=\"og:site_name\" content=\"Croc Jeux\" \/>\n<meta property=\"article:modified_time\" content=\"2023-06-15T14:36:20+00:00\" \/>\n<meta property=\"og:image\" content=\"https:\/\/crocjeux.com\/wp-content\/uploads\/2023\/06\/Allie-Gator-2.jpg\" \/>\n\t<meta property=\"og:image:width\" content=\"225\" \/>\n\t<meta property=\"og:image:height\" content=\"225\" \/>\n\t<meta property=\"og:image:type\" content=\"image\/jpeg\" \/>\n<meta name=\"twitter:card\" content=\"summary_large_image\" \/>\n<meta name=\"twitter:label1\" content=\"Dur\u00e9e de lecture estim\u00e9e\" \/>\n\t<meta name=\"twitter:data1\" content=\"2 minutes\" \/>\n<script type=\"application\/ld+json\" class=\"yoast-schema-graph\">{\"@context\":\"https:\\\/\\\/schema.org\",\"@graph\":[{\"@type\":\"WebPage\",\"@id\":\"https:\\\/\\\/crocjeux.com\\\/index.php\\\/produit\\\/allie-gator\\\/\",\"url\":\"https:\\\/\\\/crocjeux.com\\\/index.php\\\/produit\\\/allie-gator\\\/\",\"name\":\"Allie Gator - Croc Jeux\",\"isPartOf\":{\"@id\":\"https:\\\/\\\/crocjeux.com\\\/#website\"},\"primaryImageOfPage\":{\"@id\":\"https:\\\/\\\/crocjeux.com\\\/index.php\\\/produit\\\/allie-gator\\\/#primaryimage\"},\"image\":{\"@id\":\"https:\\\/\\\/crocjeux.com\\\/index.php\\\/produit\\\/allie-gator\\\/#primaryimage\"},\"thumbnailUrl\":\"https:\\\/\\\/crocjeux.com\\\/wp-content\\\/uploads\\\/2023\\\/06\\\/Allie-Gator-2.jpg\",\"datePublished\":\"2023-06-15T14:36:19+00:00\",\"dateModified\":\"2023-06-15T14:36:20+00:00\",\"description\":\"Allie Gator est un jeu d'opposition o\u00f9 tendre des pi\u00e8ges \u00e0 son adversaire est le ma\u00eetre mot.\",\"breadcrumb\":{\"@id\":\"https:\\\/\\\/crocjeux.com\\\/index.php\\\/produit\\\/allie-gator\\\/#breadcrumb\"},\"inLanguage\":\"fr-FR\",\"potentialAction\":[{\"@type\":\"ReadAction\",\"target\":[\"https:\\\/\\\/crocjeux.com\\\/index.php\\\/produit\\\/allie-gator\\\/\"]}]},{\"@type\":\"ImageObject\",\"inLanguage\":\"fr-FR\",\"@id\":\"https:\\\/\\\/crocjeux.com\\\/index.php\\\/produit\\\/allie-gator\\\/#primaryimage\",\"url\":\"https:\\\/\\\/crocjeux.com\\\/wp-content\\\/uploads\\\/2023\\\/06\\\/Allie-Gator-2.jpg\",\"contentUrl\":\"https:\\\/\\\/crocjeux.com\\\/wp-content\\\/uploads\\\/2023\\\/06\\\/Allie-Gator-2.jpg\",\"width\":225,\"height\":225},{\"@type\":\"BreadcrumbList\",\"@id\":\"https:\\\/\\\/crocjeux.com\\\/index.php\\\/produit\\\/allie-gator\\\/#breadcrumb\",\"itemListElement\":[{\"@type\":\"ListItem\",\"position\":1,\"name\":\"Accueil\",\"item\":\"https:\\\/\\\/crocjeux.com\\\/\"},{\"@type\":\"ListItem\",\"position\":2,\"name\":\"Boutique\",\"item\":\"https:\\\/\\\/crocjeux.com\\\/\"},{\"@type\":\"ListItem\",\"position\":3,\"name\":\"Allie Gator\"}]},{\"@type\":\"WebSite\",\"@id\":\"https:\\\/\\\/crocjeux.com\\\/#website\",\"url\":\"https:\\\/\\\/crocjeux.com\\\/\",\"name\":\"Croc Jeux\",\"description\":\"Bienvenue chez Croc Jeux!\",\"publisher\":{\"@id\":\"https:\\\/\\\/crocjeux.com\\\/#organization\"},\"potentialAction\":[{\"@type\":\"SearchAction\",\"target\":{\"@type\":\"EntryPoint\",\"urlTemplate\":\"https:\\\/\\\/crocjeux.com\\\/?s={search_term_string}\"},\"query-input\":{\"@type\":\"PropertyValueSpecification\",\"valueRequired\":true,\"valueName\":\"search_term_string\"}}],\"inLanguage\":\"fr-FR\"},{\"@type\":\"Organization\",\"@id\":\"https:\\\/\\\/crocjeux.com\\\/#organization\",\"name\":\"Croc Jeux\",\"url\":\"https:\\\/\\\/crocjeux.com\\\/\",\"logo\":{\"@type\":\"ImageObject\",\"inLanguage\":\"fr-FR\",\"@id\":\"https:\\\/\\\/crocjeux.com\\\/#\\\/schema\\\/logo\\\/image\\\/\",\"url\":\"https:\\\/\\\/crocjeux.com\\\/wp-content\\\/uploads\\\/2022\\\/01\\\/cropped-logo-croc-etape-1-e1644574034239.jpg\",\"contentUrl\":\"https:\\\/\\\/crocjeux.com\\\/wp-content\\\/uploads\\\/2022\\\/01\\\/cropped-logo-croc-etape-1-e1644574034239.jpg\",\"width\":1224,\"height\":314,\"caption\":\"Croc Jeux\"},\"image\":{\"@id\":\"https:\\\/\\\/crocjeux.com\\\/#\\\/schema\\\/logo\\\/image\\\/\"}}]}<\/script>\n<!-- \/ Yoast SEO plugin. -->","yoast_head_json":{"title":"Allie Gator - Croc Jeux","description":"Allie Gator est un jeu d'opposition o\u00f9 tendre des pi\u00e8ges \u00e0 son adversaire est le ma\u00eetre mot.","robots":{"index":"index","follow":"follow","max-snippet":"max-snippet:-1","max-image-preview":"max-image-preview:large","max-video-preview":"max-video-preview:-1"},"canonical":"https:\/\/crocjeux.com\/index.php\/produit\/allie-gator\/","og_locale":"fr_FR","og_type":"article","og_title":"Allie Gator - Croc Jeux","og_description":"Allie Gator est un jeu d'opposition o\u00f9 tendre des pi\u00e8ges \u00e0 son adversaire est le ma\u00eetre mot.","og_url":"https:\/\/crocjeux.com\/index.php\/produit\/allie-gator\/","og_site_name":"Croc Jeux","article_modified_time":"2023-06-15T14:36:20+00:00","og_image":[{"width":225,"height":225,"url":"https:\/\/crocjeux.com\/wp-content\/uploads\/2023\/06\/Allie-Gator-2.jpg","type":"image\/jpeg"}],"twitter_card":"summary_large_image","twitter_misc":{"Dur\u00e9e de lecture estim\u00e9e":"2 minutes"},"schema":{"@context":"https:\/\/schema.org","@graph":[{"@type":"WebPage","@id":"https:\/\/crocjeux.com\/index.php\/produit\/allie-gator\/","url":"https:\/\/crocjeux.com\/index.php\/produit\/allie-gator\/","name":"Allie Gator - Croc Jeux","isPartOf":{"@id":"https:\/\/crocjeux.com\/#website"},"primaryImageOfPage":{"@id":"https:\/\/crocjeux.com\/index.php\/produit\/allie-gator\/#primaryimage"},"image":{"@id":"https:\/\/crocjeux.com\/index.php\/produit\/allie-gator\/#primaryimage"},"thumbnailUrl":"https:\/\/crocjeux.com\/wp-content\/uploads\/2023\/06\/Allie-Gator-2.jpg","datePublished":"2023-06-15T14:36:19+00:00","dateModified":"2023-06-15T14:36:20+00:00","description":"Allie Gator est un jeu d'opposition o\u00f9 tendre des pi\u00e8ges \u00e0 son adversaire est le ma\u00eetre mot.","breadcrumb":{"@id":"https:\/\/crocjeux.com\/index.php\/produit\/allie-gator\/#breadcrumb"},"inLanguage":"fr-FR","potentialAction":[{"@type":"ReadAction","target":["https:\/\/crocjeux.com\/index.php\/produit\/allie-gator\/"]}]},{"@type":"ImageObject","inLanguage":"fr-FR","@id":"https:\/\/crocjeux.com\/index.php\/produit\/allie-gator\/#primaryimage","url":"https:\/\/crocjeux.com\/wp-content\/uploads\/2023\/06\/Allie-Gator-2.jpg","contentUrl":"https:\/\/crocjeux.com\/wp-content\/uploads\/2023\/06\/Allie-Gator-2.jpg","width":225,"height":225},{"@type":"BreadcrumbList","@id":"https:\/\/crocjeux.com\/index.php\/produit\/allie-gator\/#breadcrumb","itemListElement":[{"@type":"ListItem","position":1,"name":"Accueil","item":"https:\/\/crocjeux.com\/"},{"@type":"ListItem","position":2,"name":"Boutique","item":"https:\/\/crocjeux.com\/"},{"@type":"ListItem","position":3,"name":"Allie Gator"}]},{"@type":"WebSite","@id":"https:\/\/crocjeux.com\/#website","url":"https:\/\/crocjeux.com\/","name":"Croc Jeux","description":"Bienvenue chez Croc Jeux!","publisher":{"@id":"https:\/\/crocjeux.com\/#organization"},"potentialAction":[{"@type":"SearchAction","target":{"@type":"EntryPoint","urlTemplate":"https:\/\/crocjeux.com\/?s={search_term_string}"},"query-input":{"@type":"PropertyValueSpecification","valueRequired":true,"valueName":"search_term_string"}}],"inLanguage":"fr-FR"},{"@type":"Organization","@id":"https:\/\/crocjeux.com\/#organization","name":"Croc Jeux","url":"https:\/\/crocjeux.com\/","logo":{"@type":"ImageObject","inLanguage":"fr-FR","@id":"https:\/\/crocjeux.com\/#\/schema\/logo\/image\/","url":"https:\/\/crocjeux.com\/wp-content\/uploads\/2022\/01\/cropped-logo-croc-etape-1-e1644574034239.jpg","contentUrl":"https:\/\/crocjeux.com\/wp-content\/uploads\/2022\/01\/cropped-logo-croc-etape-1-e1644574034239.jpg","width":1224,"height":314,"caption":"Croc Jeux"},"image":{"@id":"https:\/\/crocjeux.com\/#\/schema\/logo\/image\/"}}]}},"_links":{"self":[{"href":"https:\/\/crocjeux.com\/index.php\/wp-json\/wp\/v2\/product\/5415","targetHints":{"allow":["GET"]}}],"collection":[{"href":"https:\/\/crocjeux.com\/index.php\/wp-json\/wp\/v2\/product"}],"about":[{"href":"https:\/\/crocjeux.com\/index.php\/wp-json\/wp\/v2\/types\/product"}],"replies":[{"embeddable":true,"href":"https:\/\/crocjeux.com\/index.php\/wp-json\/wp\/v2\/comments?post=5415"}],"wp:featuredmedia":[{"embeddable":true,"href":"https:\/\/crocjeux.com\/index.php\/wp-json\/wp\/v2\/media\/5418"}],"wp:attachment":[{"href":"https:\/\/crocjeux.com\/index.php\/wp-json\/wp\/v2\/media?parent=5415"}],"wp:term":[{"taxonomy":"product_brand","embeddable":true,"href":"https:\/\/crocjeux.com\/index.php\/wp-json\/wp\/v2\/product_brand?post=5415"},{"taxonomy":"product_cat","embeddable":true,"href":"https:\/\/crocjeux.com\/index.php\/wp-json\/wp\/v2\/product_cat?post=5415"},{"taxonomy":"product_tag","embeddable":true,"href":"https:\/\/crocjeux.com\/index.php\/wp-json\/wp\/v2\/product_tag?post=5415"}],"curies":[{"name":"wp","href":"https:\/\/api.w.org\/{rel}","templated":true}]}}