{"id":542,"date":"2020-11-06T16:37:04","date_gmt":"2020-11-06T15:37:04","guid":{"rendered":"https:\/\/crocjeux.com\/?post_type=product&#038;p=542"},"modified":"2023-01-31T10:48:09","modified_gmt":"2023-01-31T09:48:09","slug":"les-aventuriers-du-rail-allemagne","status":"publish","type":"product","link":"https:\/\/crocjeux.com\/index.php\/produit\/les-aventuriers-du-rail-allemagne\/","title":{"rendered":"Les Aventuriers du Rail"},"content":{"rendered":"<section id=\"tab-description\" class=\"page-product-box r-tabs-panel r-tabs-state-active\">\n<div class=\"rte\">\n<section id=\"tab-description\" class=\"page-product-box r-tabs-panel r-tabs-state-active\">\n<div class=\"rte\">\n<h2>Les Aventuriers du Rail, un jeu captivant<\/h2>\n<p>Dans ce jeu, replongez dans l&rsquo;\u00e2ge d&rsquo;or du chemin de fer. Lancez-vous \u00e0 la conqu\u00eate du rail et tentez de prendre le contr\u00f4le du r\u00e9seau ferroviaire am\u00e9ricain en reliant un maximum de villes entre elles.<\/p>\n<p>Au d\u00e9but de la partie, chaque joueur doit d\u00e9terminer ses objectifs \u00e0 atteindre. Les objectifs repr\u00e9sentent une liaison entre deux villes que le joueur devra imp\u00e9rativement \u00e9tablir s&rsquo;il ne veut pas se voir p\u00e9naliser. Ces objectifs sont tr\u00e8s importants pour le d\u00e9roulement de la partie, car si un joueur parvient \u00e0 le remplir, il gagnera des points bonus. Dans le cas contraire, il se verra infliger un malus et perdra des points. \u00c0 chaque tour, les joueurs ont le choix entre 3 actions : piocher des objectifs, r\u00e9cup\u00e9rer des cartes wagon, d\u00e9penser les cartes pour contr\u00f4ler les lignes du chemin de fer.<\/p>\n<p>Un joueur prend le contr\u00f4le d&rsquo;une ligne en utilisant des cartes de la m\u00eame couleur que la voie. Une fois contr\u00f4l\u00e9e, la ligne appartient au joueur et plus aucun participant ne peut en prendre le contr\u00f4le. \u00c0 la fin de la partie, un bonus de 10 points est donn\u00e9 au joueur qui aura la plus grande ligne ferroviaire.<\/p>\n<h2>Les Aventuriers du Rail, un jeu strat\u00e9gique et incontournable<\/h2>\n<p>Pour triomphez de vos adversaires, vous devrez savoir utiliser vos cartes au bon moment et conserver des objectifs \u00e0 votre port\u00e9e. Prenez la main sur les voies de chemin de fer et bloquez les autres participants dans leur d\u00e9sir de conqu\u00eate.<\/p>\n<p>Le jeu a obtenu des r\u00e9compenses ludiques importantes telles que l&rsquo;As d&rsquo;Or en 2005 et le Spiel des Jahres en 2004. Gr\u00e2ce \u00e0 une m\u00e9canique accessible, des r\u00e8gles expliqu\u00e9es rapidement et l&rsquo;univers r\u00eaveur et po\u00e9tique du chemin de fer au 19\u00e8me si\u00e8cle, le jeu a su devenir un incontournable des ludoth\u00e8ques.<\/p>\n<\/div>\n<\/section>\n<\/div>\n<\/section>\n","protected":false},"excerpt":{"rendered":"<p>Les Aventuriers du Rail, un jeu captivant Dans ce jeu, replongez dans l&rsquo;\u00e2ge d&rsquo;or du chemin de fer. Lancez-vous \u00e0<\/p>\n","protected":false},"featured_media":545,"comment_status":"open","ping_status":"closed","template":"","meta":{"colormag_page_container_layout":"default_layout","colormag_page_sidebar_layout":"default_layout"},"product_brand":[],"product_cat":[18,36,29,69,91,92],"product_tag":[],"class_list":{"0":"post-542","1":"product","2":"type-product","3":"status-publish","4":"has-post-thumbnail","6":"product_cat-jeux-de-strategie","7":"product_cat-jeux-familiaux","8":"product_cat-jeux-2-joueurs","9":"product_cat-aventuriers-du-rail-jouez-a-deux","10":"product_cat-aventuriers-du-rail-jeux-strategie","11":"product_cat-aventuriers-du-rail-jeux-familliaux","13":"first","14":"instock","15":"taxable","16":"shipping-taxable","17":"purchasable","18":"product-type-simple"},"yoast_head":"<!-- This site is optimized with the Yoast SEO plugin v27.4 - https:\/\/yoast.com\/product\/yoast-seo-wordpress\/ -->\n<title>Les Aventuriers du Rail - Croc Jeux<\/title>\n<meta name=\"robots\" content=\"index, follow, max-snippet:-1, max-image-preview:large, max-video-preview:-1\" \/>\n<link rel=\"canonical\" href=\"https:\/\/crocjeux.com\/index.php\/produit\/les-aventuriers-du-rail-allemagne\/\" \/>\n<meta property=\"og:locale\" content=\"fr_FR\" \/>\n<meta property=\"og:type\" content=\"article\" \/>\n<meta property=\"og:title\" content=\"Les Aventuriers du Rail - Croc Jeux\" \/>\n<meta property=\"og:description\" content=\"Les Aventuriers du Rail, un jeu captivant Dans ce jeu, replongez dans l&rsquo;\u00e2ge d&rsquo;or du chemin de fer. Lancez-vous \u00e0\" \/>\n<meta property=\"og:url\" content=\"https:\/\/crocjeux.com\/index.php\/produit\/les-aventuriers-du-rail-allemagne\/\" \/>\n<meta property=\"og:site_name\" content=\"Croc Jeux\" \/>\n<meta property=\"article:modified_time\" content=\"2023-01-31T09:48:09+00:00\" \/>\n<meta property=\"og:image\" content=\"https:\/\/crocjeux.com\/wp-content\/uploads\/2020\/11\/Asmodee-Aventuriers-du-Rail-US.jpg\" \/>\n\t<meta property=\"og:image:width\" content=\"500\" \/>\n\t<meta property=\"og:image:height\" content=\"526\" \/>\n\t<meta property=\"og:image:type\" content=\"image\/jpeg\" \/>\n<meta name=\"twitter:card\" content=\"summary_large_image\" \/>\n<meta name=\"twitter:label1\" content=\"Dur\u00e9e de lecture estim\u00e9e\" \/>\n\t<meta name=\"twitter:data1\" content=\"2 minutes\" \/>\n<script type=\"application\/ld+json\" class=\"yoast-schema-graph\">{\"@context\":\"https:\\\/\\\/schema.org\",\"@graph\":[{\"@type\":\"WebPage\",\"@id\":\"https:\\\/\\\/crocjeux.com\\\/index.php\\\/produit\\\/les-aventuriers-du-rail-allemagne\\\/\",\"url\":\"https:\\\/\\\/crocjeux.com\\\/index.php\\\/produit\\\/les-aventuriers-du-rail-allemagne\\\/\",\"name\":\"Les Aventuriers du Rail - Croc Jeux\",\"isPartOf\":{\"@id\":\"https:\\\/\\\/crocjeux.com\\\/#website\"},\"primaryImageOfPage\":{\"@id\":\"https:\\\/\\\/crocjeux.com\\\/index.php\\\/produit\\\/les-aventuriers-du-rail-allemagne\\\/#primaryimage\"},\"image\":{\"@id\":\"https:\\\/\\\/crocjeux.com\\\/index.php\\\/produit\\\/les-aventuriers-du-rail-allemagne\\\/#primaryimage\"},\"thumbnailUrl\":\"https:\\\/\\\/crocjeux.com\\\/wp-content\\\/uploads\\\/2020\\\/11\\\/Asmodee-Aventuriers-du-Rail-US.jpg\",\"datePublished\":\"2020-11-06T15:37:04+00:00\",\"dateModified\":\"2023-01-31T09:48:09+00:00\",\"breadcrumb\":{\"@id\":\"https:\\\/\\\/crocjeux.com\\\/index.php\\\/produit\\\/les-aventuriers-du-rail-allemagne\\\/#breadcrumb\"},\"inLanguage\":\"fr-FR\",\"potentialAction\":[{\"@type\":\"ReadAction\",\"target\":[\"https:\\\/\\\/crocjeux.com\\\/index.php\\\/produit\\\/les-aventuriers-du-rail-allemagne\\\/\"]}]},{\"@type\":\"ImageObject\",\"inLanguage\":\"fr-FR\",\"@id\":\"https:\\\/\\\/crocjeux.com\\\/index.php\\\/produit\\\/les-aventuriers-du-rail-allemagne\\\/#primaryimage\",\"url\":\"https:\\\/\\\/crocjeux.com\\\/wp-content\\\/uploads\\\/2020\\\/11\\\/Asmodee-Aventuriers-du-Rail-US.jpg\",\"contentUrl\":\"https:\\\/\\\/crocjeux.com\\\/wp-content\\\/uploads\\\/2020\\\/11\\\/Asmodee-Aventuriers-du-Rail-US.jpg\",\"width\":500,\"height\":526},{\"@type\":\"BreadcrumbList\",\"@id\":\"https:\\\/\\\/crocjeux.com\\\/index.php\\\/produit\\\/les-aventuriers-du-rail-allemagne\\\/#breadcrumb\",\"itemListElement\":[{\"@type\":\"ListItem\",\"position\":1,\"name\":\"Accueil\",\"item\":\"https:\\\/\\\/crocjeux.com\\\/\"},{\"@type\":\"ListItem\",\"position\":2,\"name\":\"Boutique\",\"item\":\"https:\\\/\\\/crocjeux.com\\\/\"},{\"@type\":\"ListItem\",\"position\":3,\"name\":\"Les Aventuriers du Rail\"}]},{\"@type\":\"WebSite\",\"@id\":\"https:\\\/\\\/crocjeux.com\\\/#website\",\"url\":\"https:\\\/\\\/crocjeux.com\\\/\",\"name\":\"Croc Jeux\",\"description\":\"Bienvenue chez Croc Jeux!\",\"publisher\":{\"@id\":\"https:\\\/\\\/crocjeux.com\\\/#organization\"},\"potentialAction\":[{\"@type\":\"SearchAction\",\"target\":{\"@type\":\"EntryPoint\",\"urlTemplate\":\"https:\\\/\\\/crocjeux.com\\\/?s={search_term_string}\"},\"query-input\":{\"@type\":\"PropertyValueSpecification\",\"valueRequired\":true,\"valueName\":\"search_term_string\"}}],\"inLanguage\":\"fr-FR\"},{\"@type\":\"Organization\",\"@id\":\"https:\\\/\\\/crocjeux.com\\\/#organization\",\"name\":\"Croc Jeux\",\"url\":\"https:\\\/\\\/crocjeux.com\\\/\",\"logo\":{\"@type\":\"ImageObject\",\"inLanguage\":\"fr-FR\",\"@id\":\"https:\\\/\\\/crocjeux.com\\\/#\\\/schema\\\/logo\\\/image\\\/\",\"url\":\"https:\\\/\\\/crocjeux.com\\\/wp-content\\\/uploads\\\/2022\\\/01\\\/cropped-logo-croc-etape-1-e1644574034239.jpg\",\"contentUrl\":\"https:\\\/\\\/crocjeux.com\\\/wp-content\\\/uploads\\\/2022\\\/01\\\/cropped-logo-croc-etape-1-e1644574034239.jpg\",\"width\":1224,\"height\":314,\"caption\":\"Croc Jeux\"},\"image\":{\"@id\":\"https:\\\/\\\/crocjeux.com\\\/#\\\/schema\\\/logo\\\/image\\\/\"}}]}<\/script>\n<!-- \/ Yoast SEO plugin. -->","yoast_head_json":{"title":"Les Aventuriers du Rail - Croc Jeux","robots":{"index":"index","follow":"follow","max-snippet":"max-snippet:-1","max-image-preview":"max-image-preview:large","max-video-preview":"max-video-preview:-1"},"canonical":"https:\/\/crocjeux.com\/index.php\/produit\/les-aventuriers-du-rail-allemagne\/","og_locale":"fr_FR","og_type":"article","og_title":"Les Aventuriers du Rail - Croc Jeux","og_description":"Les Aventuriers du Rail, un jeu captivant Dans ce jeu, replongez dans l&rsquo;\u00e2ge d&rsquo;or du chemin de fer. Lancez-vous \u00e0","og_url":"https:\/\/crocjeux.com\/index.php\/produit\/les-aventuriers-du-rail-allemagne\/","og_site_name":"Croc Jeux","article_modified_time":"2023-01-31T09:48:09+00:00","og_image":[{"width":500,"height":526,"url":"https:\/\/crocjeux.com\/wp-content\/uploads\/2020\/11\/Asmodee-Aventuriers-du-Rail-US.jpg","type":"image\/jpeg"}],"twitter_card":"summary_large_image","twitter_misc":{"Dur\u00e9e de lecture estim\u00e9e":"2 minutes"},"schema":{"@context":"https:\/\/schema.org","@graph":[{"@type":"WebPage","@id":"https:\/\/crocjeux.com\/index.php\/produit\/les-aventuriers-du-rail-allemagne\/","url":"https:\/\/crocjeux.com\/index.php\/produit\/les-aventuriers-du-rail-allemagne\/","name":"Les Aventuriers du Rail - Croc Jeux","isPartOf":{"@id":"https:\/\/crocjeux.com\/#website"},"primaryImageOfPage":{"@id":"https:\/\/crocjeux.com\/index.php\/produit\/les-aventuriers-du-rail-allemagne\/#primaryimage"},"image":{"@id":"https:\/\/crocjeux.com\/index.php\/produit\/les-aventuriers-du-rail-allemagne\/#primaryimage"},"thumbnailUrl":"https:\/\/crocjeux.com\/wp-content\/uploads\/2020\/11\/Asmodee-Aventuriers-du-Rail-US.jpg","datePublished":"2020-11-06T15:37:04+00:00","dateModified":"2023-01-31T09:48:09+00:00","breadcrumb":{"@id":"https:\/\/crocjeux.com\/index.php\/produit\/les-aventuriers-du-rail-allemagne\/#breadcrumb"},"inLanguage":"fr-FR","potentialAction":[{"@type":"ReadAction","target":["https:\/\/crocjeux.com\/index.php\/produit\/les-aventuriers-du-rail-allemagne\/"]}]},{"@type":"ImageObject","inLanguage":"fr-FR","@id":"https:\/\/crocjeux.com\/index.php\/produit\/les-aventuriers-du-rail-allemagne\/#primaryimage","url":"https:\/\/crocjeux.com\/wp-content\/uploads\/2020\/11\/Asmodee-Aventuriers-du-Rail-US.jpg","contentUrl":"https:\/\/crocjeux.com\/wp-content\/uploads\/2020\/11\/Asmodee-Aventuriers-du-Rail-US.jpg","width":500,"height":526},{"@type":"BreadcrumbList","@id":"https:\/\/crocjeux.com\/index.php\/produit\/les-aventuriers-du-rail-allemagne\/#breadcrumb","itemListElement":[{"@type":"ListItem","position":1,"name":"Accueil","item":"https:\/\/crocjeux.com\/"},{"@type":"ListItem","position":2,"name":"Boutique","item":"https:\/\/crocjeux.com\/"},{"@type":"ListItem","position":3,"name":"Les Aventuriers du Rail"}]},{"@type":"WebSite","@id":"https:\/\/crocjeux.com\/#website","url":"https:\/\/crocjeux.com\/","name":"Croc Jeux","description":"Bienvenue chez Croc Jeux!","publisher":{"@id":"https:\/\/crocjeux.com\/#organization"},"potentialAction":[{"@type":"SearchAction","target":{"@type":"EntryPoint","urlTemplate":"https:\/\/crocjeux.com\/?s={search_term_string}"},"query-input":{"@type":"PropertyValueSpecification","valueRequired":true,"valueName":"search_term_string"}}],"inLanguage":"fr-FR"},{"@type":"Organization","@id":"https:\/\/crocjeux.com\/#organization","name":"Croc Jeux","url":"https:\/\/crocjeux.com\/","logo":{"@type":"ImageObject","inLanguage":"fr-FR","@id":"https:\/\/crocjeux.com\/#\/schema\/logo\/image\/","url":"https:\/\/crocjeux.com\/wp-content\/uploads\/2022\/01\/cropped-logo-croc-etape-1-e1644574034239.jpg","contentUrl":"https:\/\/crocjeux.com\/wp-content\/uploads\/2022\/01\/cropped-logo-croc-etape-1-e1644574034239.jpg","width":1224,"height":314,"caption":"Croc Jeux"},"image":{"@id":"https:\/\/crocjeux.com\/#\/schema\/logo\/image\/"}}]}},"_links":{"self":[{"href":"https:\/\/crocjeux.com\/index.php\/wp-json\/wp\/v2\/product\/542","targetHints":{"allow":["GET"]}}],"collection":[{"href":"https:\/\/crocjeux.com\/index.php\/wp-json\/wp\/v2\/product"}],"about":[{"href":"https:\/\/crocjeux.com\/index.php\/wp-json\/wp\/v2\/types\/product"}],"replies":[{"embeddable":true,"href":"https:\/\/crocjeux.com\/index.php\/wp-json\/wp\/v2\/comments?post=542"}],"wp:featuredmedia":[{"embeddable":true,"href":"https:\/\/crocjeux.com\/index.php\/wp-json\/wp\/v2\/media\/545"}],"wp:attachment":[{"href":"https:\/\/crocjeux.com\/index.php\/wp-json\/wp\/v2\/media?parent=542"}],"wp:term":[{"taxonomy":"product_brand","embeddable":true,"href":"https:\/\/crocjeux.com\/index.php\/wp-json\/wp\/v2\/product_brand?post=542"},{"taxonomy":"product_cat","embeddable":true,"href":"https:\/\/crocjeux.com\/index.php\/wp-json\/wp\/v2\/product_cat?post=542"},{"taxonomy":"product_tag","embeddable":true,"href":"https:\/\/crocjeux.com\/index.php\/wp-json\/wp\/v2\/product_tag?post=542"}],"curies":[{"name":"wp","href":"https:\/\/api.w.org\/{rel}","templated":true}]}}