{"id":5431,"date":"2023-06-21T12:48:50","date_gmt":"2023-06-21T11:48:50","guid":{"rendered":"https:\/\/crocjeux.com\/?post_type=product&#038;p=5431"},"modified":"2024-07-29T11:03:36","modified_gmt":"2024-07-29T10:03:36","slug":"juduku-girlz-night","status":"publish","type":"product","link":"https:\/\/crocjeux.com\/index.php\/produit\/juduku-girlz-night\/","title":{"rendered":"Juduku &#8211; Girl&rsquo;z Night"},"content":{"rendered":"<p>Juduku &#8211; Girl&rsquo;z Night, c&rsquo;est aussi des nouvelles cartes sp\u00e9ciales avec des gages d\u00e9lirants et des nouveaux mode de jeux.<\/p>\n<p>R\u00e9v\u00e8le, en 8 secondes, les pires pens\u00e9es de tes amies de ta famille et d\u2019illustres inconnu(e)s avec des cartes demandant de la spontan\u00e9it\u00e9, peu de morale et aucune retenue !<\/p>\n<p>Juduku &#8211; Girl&rsquo;z Night n&rsquo;est pas une extension, c&rsquo;est un jeu complet mais que vous pouvez quand m\u00eame m\u00e9langer avec Juduku l&rsquo;original parce qu&rsquo;on aime les m\u00e9langes !<\/p>\n<p>Juduku \u00ab\u00a0Girl&rsquo;z Night\u00a0\u00bb est la premi\u00e8re \u00e9dition de Juduku \u00e9crite par des filles pour les filles. Le jeu comporte 480 cartes d\u00e9lirantes dont 120 cartes sp\u00e9ciales r\u00e9parties en 4 cat\u00e9gories.<\/p>\n<p><iframe title=\"YouTube video player\" src=\"https:\/\/www.youtube.com\/embed\/jxNCzEwUrLw\" width=\"560\" height=\"315\" frameborder=\"0\" allowfullscreen=\"allowfullscreen\"><\/iframe><\/p>\n","protected":false},"excerpt":{"rendered":"<p>8 secondes pour r\u00e9v\u00e9ler la vraie nature de tes amies.<br \/>\nJuduku &#8211; Girl&rsquo;z Night, c&rsquo;est 480 nouvelles cartes pour animer vos soir\u00e9es entre filles et EVJF et r\u00e9v\u00e9ler les pires pens\u00e9es de tes amies !<\/p>\n","protected":false},"featured_media":5432,"comment_status":"open","ping_status":"closed","template":"","meta":{"colormag_page_container_layout":"default_layout","colormag_page_sidebar_layout":"default_layout"},"product_brand":[],"product_cat":[40],"product_tag":[],"class_list":{"0":"post-5431","1":"product","2":"type-product","3":"status-publish","4":"has-post-thumbnail","6":"product_cat-jeux-dambiance","8":"first","9":"instock","10":"taxable","11":"shipping-taxable","12":"purchasable","13":"product-type-simple"},"yoast_head":"<!-- This site is optimized with the Yoast SEO plugin v27.3 - https:\/\/yoast.com\/product\/yoast-seo-wordpress\/ -->\n<title>Juduku - Girl&#039;z Night - Croc Jeux<\/title>\n<meta name=\"robots\" content=\"index, follow, max-snippet:-1, max-image-preview:large, max-video-preview:-1\" \/>\n<link rel=\"canonical\" href=\"https:\/\/crocjeux.com\/index.php\/produit\/juduku-girlz-night\/\" \/>\n<meta property=\"og:locale\" content=\"fr_FR\" \/>\n<meta property=\"og:type\" content=\"article\" \/>\n<meta property=\"og:title\" content=\"Juduku - Girl&#039;z Night - Croc Jeux\" \/>\n<meta property=\"og:description\" content=\"8 secondes pour r\u00e9v\u00e9ler la vraie nature de tes amies. Juduku - Girl&#039;z Night, c&#039;est 480 nouvelles cartes pour animer vos soir\u00e9es entre filles et EVJF et r\u00e9v\u00e9ler les pires pens\u00e9es de tes amies !\" \/>\n<meta property=\"og:url\" content=\"https:\/\/crocjeux.com\/index.php\/produit\/juduku-girlz-night\/\" \/>\n<meta property=\"og:site_name\" content=\"Croc Jeux\" \/>\n<meta property=\"article:modified_time\" content=\"2024-07-29T10:03:36+00:00\" \/>\n<meta property=\"og:image\" content=\"https:\/\/crocjeux.com\/wp-content\/uploads\/2023\/06\/23699-jeux-de-societe-ambiance-jeu-de-cartes-juduku-girl-z-night.jpg\" \/>\n\t<meta property=\"og:image:width\" content=\"1000\" \/>\n\t<meta property=\"og:image:height\" content=\"1000\" \/>\n\t<meta property=\"og:image:type\" content=\"image\/jpeg\" \/>\n<meta name=\"twitter:card\" content=\"summary_large_image\" \/>\n<meta name=\"twitter:label1\" content=\"Dur\u00e9e de lecture estim\u00e9e\" \/>\n\t<meta name=\"twitter:data1\" content=\"1 minute\" \/>\n<script type=\"application\/ld+json\" class=\"yoast-schema-graph\">{\"@context\":\"https:\\\/\\\/schema.org\",\"@graph\":[{\"@type\":\"WebPage\",\"@id\":\"https:\\\/\\\/crocjeux.com\\\/index.php\\\/produit\\\/juduku-girlz-night\\\/\",\"url\":\"https:\\\/\\\/crocjeux.com\\\/index.php\\\/produit\\\/juduku-girlz-night\\\/\",\"name\":\"Juduku - Girl'z Night - Croc Jeux\",\"isPartOf\":{\"@id\":\"https:\\\/\\\/crocjeux.com\\\/#website\"},\"primaryImageOfPage\":{\"@id\":\"https:\\\/\\\/crocjeux.com\\\/index.php\\\/produit\\\/juduku-girlz-night\\\/#primaryimage\"},\"image\":{\"@id\":\"https:\\\/\\\/crocjeux.com\\\/index.php\\\/produit\\\/juduku-girlz-night\\\/#primaryimage\"},\"thumbnailUrl\":\"https:\\\/\\\/crocjeux.com\\\/wp-content\\\/uploads\\\/2023\\\/06\\\/23699-jeux-de-societe-ambiance-jeu-de-cartes-juduku-girl-z-night.jpg\",\"datePublished\":\"2023-06-21T11:48:50+00:00\",\"dateModified\":\"2024-07-29T10:03:36+00:00\",\"breadcrumb\":{\"@id\":\"https:\\\/\\\/crocjeux.com\\\/index.php\\\/produit\\\/juduku-girlz-night\\\/#breadcrumb\"},\"inLanguage\":\"fr-FR\",\"potentialAction\":[{\"@type\":\"ReadAction\",\"target\":[\"https:\\\/\\\/crocjeux.com\\\/index.php\\\/produit\\\/juduku-girlz-night\\\/\"]}]},{\"@type\":\"ImageObject\",\"inLanguage\":\"fr-FR\",\"@id\":\"https:\\\/\\\/crocjeux.com\\\/index.php\\\/produit\\\/juduku-girlz-night\\\/#primaryimage\",\"url\":\"https:\\\/\\\/crocjeux.com\\\/wp-content\\\/uploads\\\/2023\\\/06\\\/23699-jeux-de-societe-ambiance-jeu-de-cartes-juduku-girl-z-night.jpg\",\"contentUrl\":\"https:\\\/\\\/crocjeux.com\\\/wp-content\\\/uploads\\\/2023\\\/06\\\/23699-jeux-de-societe-ambiance-jeu-de-cartes-juduku-girl-z-night.jpg\",\"width\":1000,\"height\":1000},{\"@type\":\"BreadcrumbList\",\"@id\":\"https:\\\/\\\/crocjeux.com\\\/index.php\\\/produit\\\/juduku-girlz-night\\\/#breadcrumb\",\"itemListElement\":[{\"@type\":\"ListItem\",\"position\":1,\"name\":\"Accueil\",\"item\":\"https:\\\/\\\/crocjeux.com\\\/\"},{\"@type\":\"ListItem\",\"position\":2,\"name\":\"Boutique\",\"item\":\"https:\\\/\\\/crocjeux.com\\\/\"},{\"@type\":\"ListItem\",\"position\":3,\"name\":\"Juduku &#8211; Girl&#8217;z Night\"}]},{\"@type\":\"WebSite\",\"@id\":\"https:\\\/\\\/crocjeux.com\\\/#website\",\"url\":\"https:\\\/\\\/crocjeux.com\\\/\",\"name\":\"Croc Jeux\",\"description\":\"Bienvenue chez Croc Jeux!\",\"publisher\":{\"@id\":\"https:\\\/\\\/crocjeux.com\\\/#organization\"},\"potentialAction\":[{\"@type\":\"SearchAction\",\"target\":{\"@type\":\"EntryPoint\",\"urlTemplate\":\"https:\\\/\\\/crocjeux.com\\\/?s={search_term_string}\"},\"query-input\":{\"@type\":\"PropertyValueSpecification\",\"valueRequired\":true,\"valueName\":\"search_term_string\"}}],\"inLanguage\":\"fr-FR\"},{\"@type\":\"Organization\",\"@id\":\"https:\\\/\\\/crocjeux.com\\\/#organization\",\"name\":\"Croc Jeux\",\"url\":\"https:\\\/\\\/crocjeux.com\\\/\",\"logo\":{\"@type\":\"ImageObject\",\"inLanguage\":\"fr-FR\",\"@id\":\"https:\\\/\\\/crocjeux.com\\\/#\\\/schema\\\/logo\\\/image\\\/\",\"url\":\"https:\\\/\\\/crocjeux.com\\\/wp-content\\\/uploads\\\/2022\\\/01\\\/cropped-logo-croc-etape-1-e1644574034239.jpg\",\"contentUrl\":\"https:\\\/\\\/crocjeux.com\\\/wp-content\\\/uploads\\\/2022\\\/01\\\/cropped-logo-croc-etape-1-e1644574034239.jpg\",\"width\":1224,\"height\":314,\"caption\":\"Croc Jeux\"},\"image\":{\"@id\":\"https:\\\/\\\/crocjeux.com\\\/#\\\/schema\\\/logo\\\/image\\\/\"}}]}<\/script>\n<!-- \/ Yoast SEO plugin. -->","yoast_head_json":{"title":"Juduku - Girl'z Night - Croc Jeux","robots":{"index":"index","follow":"follow","max-snippet":"max-snippet:-1","max-image-preview":"max-image-preview:large","max-video-preview":"max-video-preview:-1"},"canonical":"https:\/\/crocjeux.com\/index.php\/produit\/juduku-girlz-night\/","og_locale":"fr_FR","og_type":"article","og_title":"Juduku - Girl'z Night - Croc Jeux","og_description":"8 secondes pour r\u00e9v\u00e9ler la vraie nature de tes amies. Juduku - Girl'z Night, c'est 480 nouvelles cartes pour animer vos soir\u00e9es entre filles et EVJF et r\u00e9v\u00e9ler les pires pens\u00e9es de tes amies !","og_url":"https:\/\/crocjeux.com\/index.php\/produit\/juduku-girlz-night\/","og_site_name":"Croc Jeux","article_modified_time":"2024-07-29T10:03:36+00:00","og_image":[{"width":1000,"height":1000,"url":"https:\/\/crocjeux.com\/wp-content\/uploads\/2023\/06\/23699-jeux-de-societe-ambiance-jeu-de-cartes-juduku-girl-z-night.jpg","type":"image\/jpeg"}],"twitter_card":"summary_large_image","twitter_misc":{"Dur\u00e9e de lecture estim\u00e9e":"1 minute"},"schema":{"@context":"https:\/\/schema.org","@graph":[{"@type":"WebPage","@id":"https:\/\/crocjeux.com\/index.php\/produit\/juduku-girlz-night\/","url":"https:\/\/crocjeux.com\/index.php\/produit\/juduku-girlz-night\/","name":"Juduku - Girl'z Night - Croc Jeux","isPartOf":{"@id":"https:\/\/crocjeux.com\/#website"},"primaryImageOfPage":{"@id":"https:\/\/crocjeux.com\/index.php\/produit\/juduku-girlz-night\/#primaryimage"},"image":{"@id":"https:\/\/crocjeux.com\/index.php\/produit\/juduku-girlz-night\/#primaryimage"},"thumbnailUrl":"https:\/\/crocjeux.com\/wp-content\/uploads\/2023\/06\/23699-jeux-de-societe-ambiance-jeu-de-cartes-juduku-girl-z-night.jpg","datePublished":"2023-06-21T11:48:50+00:00","dateModified":"2024-07-29T10:03:36+00:00","breadcrumb":{"@id":"https:\/\/crocjeux.com\/index.php\/produit\/juduku-girlz-night\/#breadcrumb"},"inLanguage":"fr-FR","potentialAction":[{"@type":"ReadAction","target":["https:\/\/crocjeux.com\/index.php\/produit\/juduku-girlz-night\/"]}]},{"@type":"ImageObject","inLanguage":"fr-FR","@id":"https:\/\/crocjeux.com\/index.php\/produit\/juduku-girlz-night\/#primaryimage","url":"https:\/\/crocjeux.com\/wp-content\/uploads\/2023\/06\/23699-jeux-de-societe-ambiance-jeu-de-cartes-juduku-girl-z-night.jpg","contentUrl":"https:\/\/crocjeux.com\/wp-content\/uploads\/2023\/06\/23699-jeux-de-societe-ambiance-jeu-de-cartes-juduku-girl-z-night.jpg","width":1000,"height":1000},{"@type":"BreadcrumbList","@id":"https:\/\/crocjeux.com\/index.php\/produit\/juduku-girlz-night\/#breadcrumb","itemListElement":[{"@type":"ListItem","position":1,"name":"Accueil","item":"https:\/\/crocjeux.com\/"},{"@type":"ListItem","position":2,"name":"Boutique","item":"https:\/\/crocjeux.com\/"},{"@type":"ListItem","position":3,"name":"Juduku &#8211; Girl&#8217;z Night"}]},{"@type":"WebSite","@id":"https:\/\/crocjeux.com\/#website","url":"https:\/\/crocjeux.com\/","name":"Croc Jeux","description":"Bienvenue chez Croc Jeux!","publisher":{"@id":"https:\/\/crocjeux.com\/#organization"},"potentialAction":[{"@type":"SearchAction","target":{"@type":"EntryPoint","urlTemplate":"https:\/\/crocjeux.com\/?s={search_term_string}"},"query-input":{"@type":"PropertyValueSpecification","valueRequired":true,"valueName":"search_term_string"}}],"inLanguage":"fr-FR"},{"@type":"Organization","@id":"https:\/\/crocjeux.com\/#organization","name":"Croc Jeux","url":"https:\/\/crocjeux.com\/","logo":{"@type":"ImageObject","inLanguage":"fr-FR","@id":"https:\/\/crocjeux.com\/#\/schema\/logo\/image\/","url":"https:\/\/crocjeux.com\/wp-content\/uploads\/2022\/01\/cropped-logo-croc-etape-1-e1644574034239.jpg","contentUrl":"https:\/\/crocjeux.com\/wp-content\/uploads\/2022\/01\/cropped-logo-croc-etape-1-e1644574034239.jpg","width":1224,"height":314,"caption":"Croc Jeux"},"image":{"@id":"https:\/\/crocjeux.com\/#\/schema\/logo\/image\/"}}]}},"_links":{"self":[{"href":"https:\/\/crocjeux.com\/index.php\/wp-json\/wp\/v2\/product\/5431","targetHints":{"allow":["GET"]}}],"collection":[{"href":"https:\/\/crocjeux.com\/index.php\/wp-json\/wp\/v2\/product"}],"about":[{"href":"https:\/\/crocjeux.com\/index.php\/wp-json\/wp\/v2\/types\/product"}],"replies":[{"embeddable":true,"href":"https:\/\/crocjeux.com\/index.php\/wp-json\/wp\/v2\/comments?post=5431"}],"wp:featuredmedia":[{"embeddable":true,"href":"https:\/\/crocjeux.com\/index.php\/wp-json\/wp\/v2\/media\/5432"}],"wp:attachment":[{"href":"https:\/\/crocjeux.com\/index.php\/wp-json\/wp\/v2\/media?parent=5431"}],"wp:term":[{"taxonomy":"product_brand","embeddable":true,"href":"https:\/\/crocjeux.com\/index.php\/wp-json\/wp\/v2\/product_brand?post=5431"},{"taxonomy":"product_cat","embeddable":true,"href":"https:\/\/crocjeux.com\/index.php\/wp-json\/wp\/v2\/product_cat?post=5431"},{"taxonomy":"product_tag","embeddable":true,"href":"https:\/\/crocjeux.com\/index.php\/wp-json\/wp\/v2\/product_tag?post=5431"}],"curies":[{"name":"wp","href":"https:\/\/api.w.org\/{rel}","templated":true}]}}