{"id":5443,"date":"2023-06-23T17:57:20","date_gmt":"2023-06-23T16:57:20","guid":{"rendered":"https:\/\/crocjeux.com\/?post_type=product&#038;p=5443"},"modified":"2023-06-23T17:57:21","modified_gmt":"2023-06-23T16:57:21","slug":"ominoes","status":"publish","type":"product","link":"https:\/\/crocjeux.com\/index.php\/produit\/ominoes\/","title":{"rendered":"Ominoes"},"content":{"rendered":"<p>864, Vall\u00e9e Ominus, Egypte. Un tas de cubes de jeu vieux de 6000 ans est retrouv\u00e9. Personne ne sait comment se joue ce jeu myst\u00e9rieux. Mais d\u00e9sormais, ce jeu est ressuscit\u00e9 sous la forme d&rsquo;Ominoes.<\/p>\n<p>Dans ce jeu abstrait, de deux \u00e0 quatre joueurs cherchent \u00e0 obtenir les faveurs des Dieux &#8211; Horus, Ra, Apep et Khepri &#8211; afin de marquer des points. Pour cela, ils lancent les d\u00e9s qui vont \u00e0 la fois d\u00e9terminer les actions et seront plac\u00e9s sur le plateau afin de repr\u00e9senter les pions du joueur. Lors de son tour, le joueur actif peut effectuer les actions suivantes :<\/p>\n<p>&nbsp;<\/p>\n<ul>\n<li>Lancer : prendre un d\u00e9 et le lancer.<\/li>\n<li>Se d\u00e9placer : d\u00e9placer d&rsquo;exactement trois cases sur le plateau un d\u00e9 de la m\u00eame couleur que le d\u00e9 pr\u00e9c\u00e9demment lanc\u00e9.<\/li>\n<li>Positionner : placer le d\u00e9 pr\u00e9c\u00e9demment lanc\u00e9 sur le plateau, dans l&rsquo;optique de marquer des points pour un groupe de m\u00eame couleur.<\/li>\n<\/ul>\n<p>&nbsp;<\/p>\n<p>Les d\u00e9s disposent de quatre faces correspondant aux couleurs des joueurs. Les deux faces restantes, Yay-Ra et Ominotep, permettent aux joueurs de d\u00e9placer ou relancer n&rsquo;importe quel d\u00e9, et comptent comme des jokers une fois sur le plateau. Les groupes de quatre d\u00e9s ou plus sont scor\u00e9s imm\u00e9diatement et donnent \u00e0 leur propri\u00e9taire des points selon leur nombre. Le premier joueur \u00e0 13 points l&#8217;emporte.<\/p>\n<p>Rapide \u00e0 apprendre, facile \u00e0 jouer, mais avec de la tactique, une partie d&rsquo;Ominoes se joue en une quinzaine de minutes.<\/p>\n","protected":false},"excerpt":{"rendered":"<p>1864, Vall\u00e9e Ominus, Egypte. Un tas de cubes de jeu vieux de 6000 ans est retrouv\u00e9. Personne ne sait comment se joue ce jeu myst\u00e9rieux. Mais d\u00e9sormais, ce jeu est ressuscit\u00e9 sous la forme d&rsquo;Ominoes.<\/p>\n","protected":false},"featured_media":5445,"comment_status":"open","ping_status":"closed","template":"","meta":{"colormag_page_container_layout":"default_layout","colormag_page_sidebar_layout":"default_layout"},"product_brand":[],"product_cat":[18,36],"product_tag":[],"class_list":{"0":"post-5443","1":"product","2":"type-product","3":"status-publish","4":"has-post-thumbnail","6":"product_cat-jeux-de-strategie","7":"product_cat-jeux-familiaux","9":"first","10":"instock","11":"taxable","12":"shipping-taxable","13":"purchasable","14":"product-type-simple"},"yoast_head":"<!-- This site is optimized with the Yoast SEO plugin v27.3 - https:\/\/yoast.com\/product\/yoast-seo-wordpress\/ -->\n<title>Ominoes - Croc Jeux<\/title>\n<meta name=\"description\" content=\"1864, Vall\u00e9e Ominus, Egypte. Un tas de cubes de jeu vieux de 6000 ans est retrouv\u00e9. Personne ne sait comment se joue ce jeu myst\u00e9rieux. Mais d\u00e9sormais, ce jeu est ressuscit\u00e9 sous la forme d&#039;Ominoes.\" \/>\n<meta name=\"robots\" content=\"index, follow, max-snippet:-1, max-image-preview:large, max-video-preview:-1\" \/>\n<link rel=\"canonical\" href=\"https:\/\/crocjeux.com\/index.php\/produit\/ominoes\/\" \/>\n<meta property=\"og:locale\" content=\"fr_FR\" \/>\n<meta property=\"og:type\" content=\"article\" \/>\n<meta property=\"og:title\" content=\"Ominoes - Croc Jeux\" \/>\n<meta property=\"og:description\" content=\"1864, Vall\u00e9e Ominus, Egypte. Un tas de cubes de jeu vieux de 6000 ans est retrouv\u00e9. Personne ne sait comment se joue ce jeu myst\u00e9rieux. Mais d\u00e9sormais, ce jeu est ressuscit\u00e9 sous la forme d&#039;Ominoes.\" \/>\n<meta property=\"og:url\" content=\"https:\/\/crocjeux.com\/index.php\/produit\/ominoes\/\" \/>\n<meta property=\"og:site_name\" content=\"Croc Jeux\" \/>\n<meta property=\"article:modified_time\" content=\"2023-06-23T16:57:21+00:00\" \/>\n<meta property=\"og:image\" content=\"https:\/\/crocjeux.com\/wp-content\/uploads\/2023\/06\/ominoes-1.jpg\" \/>\n\t<meta property=\"og:image:width\" content=\"1024\" \/>\n\t<meta property=\"og:image:height\" content=\"1024\" \/>\n\t<meta property=\"og:image:type\" content=\"image\/jpeg\" \/>\n<meta name=\"twitter:card\" content=\"summary_large_image\" \/>\n<meta name=\"twitter:label1\" content=\"Dur\u00e9e de lecture estim\u00e9e\" \/>\n\t<meta name=\"twitter:data1\" content=\"2 minutes\" \/>\n<script type=\"application\/ld+json\" class=\"yoast-schema-graph\">{\"@context\":\"https:\\\/\\\/schema.org\",\"@graph\":[{\"@type\":\"WebPage\",\"@id\":\"https:\\\/\\\/crocjeux.com\\\/index.php\\\/produit\\\/ominoes\\\/\",\"url\":\"https:\\\/\\\/crocjeux.com\\\/index.php\\\/produit\\\/ominoes\\\/\",\"name\":\"Ominoes - Croc Jeux\",\"isPartOf\":{\"@id\":\"https:\\\/\\\/crocjeux.com\\\/#website\"},\"primaryImageOfPage\":{\"@id\":\"https:\\\/\\\/crocjeux.com\\\/index.php\\\/produit\\\/ominoes\\\/#primaryimage\"},\"image\":{\"@id\":\"https:\\\/\\\/crocjeux.com\\\/index.php\\\/produit\\\/ominoes\\\/#primaryimage\"},\"thumbnailUrl\":\"https:\\\/\\\/crocjeux.com\\\/wp-content\\\/uploads\\\/2023\\\/06\\\/ominoes-1.jpg\",\"datePublished\":\"2023-06-23T16:57:20+00:00\",\"dateModified\":\"2023-06-23T16:57:21+00:00\",\"description\":\"1864, Vall\u00e9e Ominus, Egypte. Un tas de cubes de jeu vieux de 6000 ans est retrouv\u00e9. Personne ne sait comment se joue ce jeu myst\u00e9rieux. Mais d\u00e9sormais, ce jeu est ressuscit\u00e9 sous la forme d'Ominoes.\",\"breadcrumb\":{\"@id\":\"https:\\\/\\\/crocjeux.com\\\/index.php\\\/produit\\\/ominoes\\\/#breadcrumb\"},\"inLanguage\":\"fr-FR\",\"potentialAction\":[{\"@type\":\"ReadAction\",\"target\":[\"https:\\\/\\\/crocjeux.com\\\/index.php\\\/produit\\\/ominoes\\\/\"]}]},{\"@type\":\"ImageObject\",\"inLanguage\":\"fr-FR\",\"@id\":\"https:\\\/\\\/crocjeux.com\\\/index.php\\\/produit\\\/ominoes\\\/#primaryimage\",\"url\":\"https:\\\/\\\/crocjeux.com\\\/wp-content\\\/uploads\\\/2023\\\/06\\\/ominoes-1.jpg\",\"contentUrl\":\"https:\\\/\\\/crocjeux.com\\\/wp-content\\\/uploads\\\/2023\\\/06\\\/ominoes-1.jpg\",\"width\":1024,\"height\":1024},{\"@type\":\"BreadcrumbList\",\"@id\":\"https:\\\/\\\/crocjeux.com\\\/index.php\\\/produit\\\/ominoes\\\/#breadcrumb\",\"itemListElement\":[{\"@type\":\"ListItem\",\"position\":1,\"name\":\"Accueil\",\"item\":\"https:\\\/\\\/crocjeux.com\\\/\"},{\"@type\":\"ListItem\",\"position\":2,\"name\":\"Boutique\",\"item\":\"https:\\\/\\\/crocjeux.com\\\/\"},{\"@type\":\"ListItem\",\"position\":3,\"name\":\"Ominoes\"}]},{\"@type\":\"WebSite\",\"@id\":\"https:\\\/\\\/crocjeux.com\\\/#website\",\"url\":\"https:\\\/\\\/crocjeux.com\\\/\",\"name\":\"Croc Jeux\",\"description\":\"Bienvenue chez Croc Jeux!\",\"publisher\":{\"@id\":\"https:\\\/\\\/crocjeux.com\\\/#organization\"},\"potentialAction\":[{\"@type\":\"SearchAction\",\"target\":{\"@type\":\"EntryPoint\",\"urlTemplate\":\"https:\\\/\\\/crocjeux.com\\\/?s={search_term_string}\"},\"query-input\":{\"@type\":\"PropertyValueSpecification\",\"valueRequired\":true,\"valueName\":\"search_term_string\"}}],\"inLanguage\":\"fr-FR\"},{\"@type\":\"Organization\",\"@id\":\"https:\\\/\\\/crocjeux.com\\\/#organization\",\"name\":\"Croc Jeux\",\"url\":\"https:\\\/\\\/crocjeux.com\\\/\",\"logo\":{\"@type\":\"ImageObject\",\"inLanguage\":\"fr-FR\",\"@id\":\"https:\\\/\\\/crocjeux.com\\\/#\\\/schema\\\/logo\\\/image\\\/\",\"url\":\"https:\\\/\\\/crocjeux.com\\\/wp-content\\\/uploads\\\/2022\\\/01\\\/cropped-logo-croc-etape-1-e1644574034239.jpg\",\"contentUrl\":\"https:\\\/\\\/crocjeux.com\\\/wp-content\\\/uploads\\\/2022\\\/01\\\/cropped-logo-croc-etape-1-e1644574034239.jpg\",\"width\":1224,\"height\":314,\"caption\":\"Croc Jeux\"},\"image\":{\"@id\":\"https:\\\/\\\/crocjeux.com\\\/#\\\/schema\\\/logo\\\/image\\\/\"}}]}<\/script>\n<!-- \/ Yoast SEO plugin. -->","yoast_head_json":{"title":"Ominoes - Croc Jeux","description":"1864, Vall\u00e9e Ominus, Egypte. Un tas de cubes de jeu vieux de 6000 ans est retrouv\u00e9. Personne ne sait comment se joue ce jeu myst\u00e9rieux. Mais d\u00e9sormais, ce jeu est ressuscit\u00e9 sous la forme d'Ominoes.","robots":{"index":"index","follow":"follow","max-snippet":"max-snippet:-1","max-image-preview":"max-image-preview:large","max-video-preview":"max-video-preview:-1"},"canonical":"https:\/\/crocjeux.com\/index.php\/produit\/ominoes\/","og_locale":"fr_FR","og_type":"article","og_title":"Ominoes - Croc Jeux","og_description":"1864, Vall\u00e9e Ominus, Egypte. Un tas de cubes de jeu vieux de 6000 ans est retrouv\u00e9. Personne ne sait comment se joue ce jeu myst\u00e9rieux. Mais d\u00e9sormais, ce jeu est ressuscit\u00e9 sous la forme d'Ominoes.","og_url":"https:\/\/crocjeux.com\/index.php\/produit\/ominoes\/","og_site_name":"Croc Jeux","article_modified_time":"2023-06-23T16:57:21+00:00","og_image":[{"width":1024,"height":1024,"url":"https:\/\/crocjeux.com\/wp-content\/uploads\/2023\/06\/ominoes-1.jpg","type":"image\/jpeg"}],"twitter_card":"summary_large_image","twitter_misc":{"Dur\u00e9e de lecture estim\u00e9e":"2 minutes"},"schema":{"@context":"https:\/\/schema.org","@graph":[{"@type":"WebPage","@id":"https:\/\/crocjeux.com\/index.php\/produit\/ominoes\/","url":"https:\/\/crocjeux.com\/index.php\/produit\/ominoes\/","name":"Ominoes - Croc Jeux","isPartOf":{"@id":"https:\/\/crocjeux.com\/#website"},"primaryImageOfPage":{"@id":"https:\/\/crocjeux.com\/index.php\/produit\/ominoes\/#primaryimage"},"image":{"@id":"https:\/\/crocjeux.com\/index.php\/produit\/ominoes\/#primaryimage"},"thumbnailUrl":"https:\/\/crocjeux.com\/wp-content\/uploads\/2023\/06\/ominoes-1.jpg","datePublished":"2023-06-23T16:57:20+00:00","dateModified":"2023-06-23T16:57:21+00:00","description":"1864, Vall\u00e9e Ominus, Egypte. Un tas de cubes de jeu vieux de 6000 ans est retrouv\u00e9. Personne ne sait comment se joue ce jeu myst\u00e9rieux. Mais d\u00e9sormais, ce jeu est ressuscit\u00e9 sous la forme d'Ominoes.","breadcrumb":{"@id":"https:\/\/crocjeux.com\/index.php\/produit\/ominoes\/#breadcrumb"},"inLanguage":"fr-FR","potentialAction":[{"@type":"ReadAction","target":["https:\/\/crocjeux.com\/index.php\/produit\/ominoes\/"]}]},{"@type":"ImageObject","inLanguage":"fr-FR","@id":"https:\/\/crocjeux.com\/index.php\/produit\/ominoes\/#primaryimage","url":"https:\/\/crocjeux.com\/wp-content\/uploads\/2023\/06\/ominoes-1.jpg","contentUrl":"https:\/\/crocjeux.com\/wp-content\/uploads\/2023\/06\/ominoes-1.jpg","width":1024,"height":1024},{"@type":"BreadcrumbList","@id":"https:\/\/crocjeux.com\/index.php\/produit\/ominoes\/#breadcrumb","itemListElement":[{"@type":"ListItem","position":1,"name":"Accueil","item":"https:\/\/crocjeux.com\/"},{"@type":"ListItem","position":2,"name":"Boutique","item":"https:\/\/crocjeux.com\/"},{"@type":"ListItem","position":3,"name":"Ominoes"}]},{"@type":"WebSite","@id":"https:\/\/crocjeux.com\/#website","url":"https:\/\/crocjeux.com\/","name":"Croc Jeux","description":"Bienvenue chez Croc Jeux!","publisher":{"@id":"https:\/\/crocjeux.com\/#organization"},"potentialAction":[{"@type":"SearchAction","target":{"@type":"EntryPoint","urlTemplate":"https:\/\/crocjeux.com\/?s={search_term_string}"},"query-input":{"@type":"PropertyValueSpecification","valueRequired":true,"valueName":"search_term_string"}}],"inLanguage":"fr-FR"},{"@type":"Organization","@id":"https:\/\/crocjeux.com\/#organization","name":"Croc Jeux","url":"https:\/\/crocjeux.com\/","logo":{"@type":"ImageObject","inLanguage":"fr-FR","@id":"https:\/\/crocjeux.com\/#\/schema\/logo\/image\/","url":"https:\/\/crocjeux.com\/wp-content\/uploads\/2022\/01\/cropped-logo-croc-etape-1-e1644574034239.jpg","contentUrl":"https:\/\/crocjeux.com\/wp-content\/uploads\/2022\/01\/cropped-logo-croc-etape-1-e1644574034239.jpg","width":1224,"height":314,"caption":"Croc Jeux"},"image":{"@id":"https:\/\/crocjeux.com\/#\/schema\/logo\/image\/"}}]}},"_links":{"self":[{"href":"https:\/\/crocjeux.com\/index.php\/wp-json\/wp\/v2\/product\/5443","targetHints":{"allow":["GET"]}}],"collection":[{"href":"https:\/\/crocjeux.com\/index.php\/wp-json\/wp\/v2\/product"}],"about":[{"href":"https:\/\/crocjeux.com\/index.php\/wp-json\/wp\/v2\/types\/product"}],"replies":[{"embeddable":true,"href":"https:\/\/crocjeux.com\/index.php\/wp-json\/wp\/v2\/comments?post=5443"}],"wp:featuredmedia":[{"embeddable":true,"href":"https:\/\/crocjeux.com\/index.php\/wp-json\/wp\/v2\/media\/5445"}],"wp:attachment":[{"href":"https:\/\/crocjeux.com\/index.php\/wp-json\/wp\/v2\/media?parent=5443"}],"wp:term":[{"taxonomy":"product_brand","embeddable":true,"href":"https:\/\/crocjeux.com\/index.php\/wp-json\/wp\/v2\/product_brand?post=5443"},{"taxonomy":"product_cat","embeddable":true,"href":"https:\/\/crocjeux.com\/index.php\/wp-json\/wp\/v2\/product_cat?post=5443"},{"taxonomy":"product_tag","embeddable":true,"href":"https:\/\/crocjeux.com\/index.php\/wp-json\/wp\/v2\/product_tag?post=5443"}],"curies":[{"name":"wp","href":"https:\/\/api.w.org\/{rel}","templated":true}]}}