{"id":5460,"date":"2023-06-29T16:30:01","date_gmt":"2023-06-29T15:30:01","guid":{"rendered":"https:\/\/crocjeux.com\/?post_type=product&#038;p=5460"},"modified":"2023-06-29T16:30:03","modified_gmt":"2023-06-29T15:30:03","slug":"crime-zoom-fenetre-sur-crimes","status":"publish","type":"product","link":"https:\/\/crocjeux.com\/index.php\/produit\/crime-zoom-fenetre-sur-crimes\/","title":{"rendered":"Crime zoom &#8211; Fen\u00eatre sur crimes"},"content":{"rendered":"<p>Une sc\u00e8ne de crime s\u2019\u00e9tale sur plusieurs cartes pour former une grande illustration.<br \/>\nEt pour enqu\u00eater, rien de plus simple. Prenez une carte pour la regarder de plus pr\u00e8s. Un \u00e9l\u00e9ment vous intrigue ? Retournez la carte et d\u00e9couvrez ce qu\u2019est ce petit papier sur la table de chevet.<\/p>\n<p>Dans Crime Zoom, vous m\u00e8nerez votre enqu\u00eate librement.<\/p>\n<p>Discutez entre joueurs pour choisir les pistes \u00e0 suivre. Et d\u00e8s que vous pensez avoir r\u00e9solu l\u2019enqu\u00eate, rendez-vous au questionnaire. Qui est le coupable ? Quel est son mobile ? Quelle est l\u2019arme du crime ? Et quelques questions subsidiaires bien \u00e9videmment\u2026.<\/p>\n","protected":false},"excerpt":{"rendered":"<p>Los Angeles, 1954. : votre ami George Hopley est \u00e0 l\u2019h\u00f4pital. La police ne sait s\u2019il a \u00e9t\u00e9 d\u00e9fenestr\u00e9 ou s\u2019il s\u2019est jet\u00e9 lui-m\u00eame. Il faut venir enqu\u00eater. Et c\u2019est Billy, le jeune coursier qui vous fournira les \u00e9l\u00e9ments. Les derni\u00e8res photos prises par George de sa fen\u00eatre, qui vous donneront peut \u00eatre les r\u00e9ponses \u00e0 vos questions.<\/p>\n","protected":false},"featured_media":5462,"comment_status":"open","ping_status":"closed","template":"","meta":{"colormag_page_container_layout":"default_layout","colormag_page_sidebar_layout":"default_layout"},"product_brand":[],"product_cat":[45,30],"product_tag":[],"class_list":{"0":"post-5460","1":"product","2":"type-product","3":"status-publish","4":"has-post-thumbnail","6":"product_cat-escape-room-escape-enquete","7":"product_cat-jeux-collaboratifs","9":"first","10":"instock","11":"taxable","12":"shipping-taxable","13":"purchasable","14":"product-type-simple"},"yoast_head":"<!-- This site is optimized with the Yoast SEO plugin v27.3 - https:\/\/yoast.com\/product\/yoast-seo-wordpress\/ -->\n<title>Crime zoom - Fen\u00eatre sur crimes - Croc Jeux<\/title>\n<meta name=\"description\" content=\"Los Angeles, 1954. : votre ami George Hopley est \u00e0 l\u2019h\u00f4pital. La police ne sait s\u2019il a \u00e9t\u00e9 d\u00e9fenestr\u00e9 ou s\u2019il s\u2019est jet\u00e9 lui-m\u00eame. Il faut venir enqu\u00eater. Et c\u2019est Billy, le jeune coursier qui vous fournira les \u00e9l\u00e9ments. Les derni\u00e8res photos prises par George de sa fen\u00eatre, qui vous donneront peut \u00eatre les r\u00e9ponses \u00e0 vos questions.\" \/>\n<meta name=\"robots\" content=\"index, follow, max-snippet:-1, max-image-preview:large, max-video-preview:-1\" \/>\n<link rel=\"canonical\" href=\"https:\/\/crocjeux.com\/index.php\/produit\/crime-zoom-fenetre-sur-crimes\/\" \/>\n<meta property=\"og:locale\" content=\"fr_FR\" \/>\n<meta property=\"og:type\" content=\"article\" \/>\n<meta property=\"og:title\" content=\"Crime zoom - Fen\u00eatre sur crimes - Croc Jeux\" \/>\n<meta property=\"og:description\" content=\"Los Angeles, 1954. : votre ami George Hopley est \u00e0 l\u2019h\u00f4pital. La police ne sait s\u2019il a \u00e9t\u00e9 d\u00e9fenestr\u00e9 ou s\u2019il s\u2019est jet\u00e9 lui-m\u00eame. Il faut venir enqu\u00eater. Et c\u2019est Billy, le jeune coursier qui vous fournira les \u00e9l\u00e9ments. Les derni\u00e8res photos prises par George de sa fen\u00eatre, qui vous donneront peut \u00eatre les r\u00e9ponses \u00e0 vos questions.\" \/>\n<meta property=\"og:url\" content=\"https:\/\/crocjeux.com\/index.php\/produit\/crime-zoom-fenetre-sur-crimes\/\" \/>\n<meta property=\"og:site_name\" content=\"Croc Jeux\" \/>\n<meta property=\"article:modified_time\" content=\"2023-06-29T15:30:03+00:00\" \/>\n<meta property=\"og:image\" content=\"https:\/\/crocjeux.com\/wp-content\/uploads\/2023\/06\/crime-zoom-fenetre-sur-crimes-1.jpg\" \/>\n\t<meta property=\"og:image:width\" content=\"225\" \/>\n\t<meta property=\"og:image:height\" content=\"225\" \/>\n\t<meta property=\"og:image:type\" content=\"image\/jpeg\" \/>\n<meta name=\"twitter:card\" content=\"summary_large_image\" \/>\n<meta name=\"twitter:label1\" content=\"Dur\u00e9e de lecture estim\u00e9e\" \/>\n\t<meta name=\"twitter:data1\" content=\"1 minute\" \/>\n<script type=\"application\/ld+json\" class=\"yoast-schema-graph\">{\"@context\":\"https:\\\/\\\/schema.org\",\"@graph\":[{\"@type\":\"WebPage\",\"@id\":\"https:\\\/\\\/crocjeux.com\\\/index.php\\\/produit\\\/crime-zoom-fenetre-sur-crimes\\\/\",\"url\":\"https:\\\/\\\/crocjeux.com\\\/index.php\\\/produit\\\/crime-zoom-fenetre-sur-crimes\\\/\",\"name\":\"Crime zoom - Fen\u00eatre sur crimes - Croc Jeux\",\"isPartOf\":{\"@id\":\"https:\\\/\\\/crocjeux.com\\\/#website\"},\"primaryImageOfPage\":{\"@id\":\"https:\\\/\\\/crocjeux.com\\\/index.php\\\/produit\\\/crime-zoom-fenetre-sur-crimes\\\/#primaryimage\"},\"image\":{\"@id\":\"https:\\\/\\\/crocjeux.com\\\/index.php\\\/produit\\\/crime-zoom-fenetre-sur-crimes\\\/#primaryimage\"},\"thumbnailUrl\":\"https:\\\/\\\/crocjeux.com\\\/wp-content\\\/uploads\\\/2023\\\/06\\\/crime-zoom-fenetre-sur-crimes-1.jpg\",\"datePublished\":\"2023-06-29T15:30:01+00:00\",\"dateModified\":\"2023-06-29T15:30:03+00:00\",\"description\":\"Los Angeles, 1954. : votre ami George Hopley est \u00e0 l\u2019h\u00f4pital. La police ne sait s\u2019il a \u00e9t\u00e9 d\u00e9fenestr\u00e9 ou s\u2019il s\u2019est jet\u00e9 lui-m\u00eame. Il faut venir enqu\u00eater. Et c\u2019est Billy, le jeune coursier qui vous fournira les \u00e9l\u00e9ments. Les derni\u00e8res photos prises par George de sa fen\u00eatre, qui vous donneront peut \u00eatre les r\u00e9ponses \u00e0 vos questions.\",\"breadcrumb\":{\"@id\":\"https:\\\/\\\/crocjeux.com\\\/index.php\\\/produit\\\/crime-zoom-fenetre-sur-crimes\\\/#breadcrumb\"},\"inLanguage\":\"fr-FR\",\"potentialAction\":[{\"@type\":\"ReadAction\",\"target\":[\"https:\\\/\\\/crocjeux.com\\\/index.php\\\/produit\\\/crime-zoom-fenetre-sur-crimes\\\/\"]}]},{\"@type\":\"ImageObject\",\"inLanguage\":\"fr-FR\",\"@id\":\"https:\\\/\\\/crocjeux.com\\\/index.php\\\/produit\\\/crime-zoom-fenetre-sur-crimes\\\/#primaryimage\",\"url\":\"https:\\\/\\\/crocjeux.com\\\/wp-content\\\/uploads\\\/2023\\\/06\\\/crime-zoom-fenetre-sur-crimes-1.jpg\",\"contentUrl\":\"https:\\\/\\\/crocjeux.com\\\/wp-content\\\/uploads\\\/2023\\\/06\\\/crime-zoom-fenetre-sur-crimes-1.jpg\",\"width\":225,\"height\":225},{\"@type\":\"BreadcrumbList\",\"@id\":\"https:\\\/\\\/crocjeux.com\\\/index.php\\\/produit\\\/crime-zoom-fenetre-sur-crimes\\\/#breadcrumb\",\"itemListElement\":[{\"@type\":\"ListItem\",\"position\":1,\"name\":\"Accueil\",\"item\":\"https:\\\/\\\/crocjeux.com\\\/\"},{\"@type\":\"ListItem\",\"position\":2,\"name\":\"Boutique\",\"item\":\"https:\\\/\\\/crocjeux.com\\\/\"},{\"@type\":\"ListItem\",\"position\":3,\"name\":\"Crime zoom &#8211; Fen\u00eatre sur crimes\"}]},{\"@type\":\"WebSite\",\"@id\":\"https:\\\/\\\/crocjeux.com\\\/#website\",\"url\":\"https:\\\/\\\/crocjeux.com\\\/\",\"name\":\"Croc Jeux\",\"description\":\"Bienvenue chez Croc Jeux!\",\"publisher\":{\"@id\":\"https:\\\/\\\/crocjeux.com\\\/#organization\"},\"potentialAction\":[{\"@type\":\"SearchAction\",\"target\":{\"@type\":\"EntryPoint\",\"urlTemplate\":\"https:\\\/\\\/crocjeux.com\\\/?s={search_term_string}\"},\"query-input\":{\"@type\":\"PropertyValueSpecification\",\"valueRequired\":true,\"valueName\":\"search_term_string\"}}],\"inLanguage\":\"fr-FR\"},{\"@type\":\"Organization\",\"@id\":\"https:\\\/\\\/crocjeux.com\\\/#organization\",\"name\":\"Croc Jeux\",\"url\":\"https:\\\/\\\/crocjeux.com\\\/\",\"logo\":{\"@type\":\"ImageObject\",\"inLanguage\":\"fr-FR\",\"@id\":\"https:\\\/\\\/crocjeux.com\\\/#\\\/schema\\\/logo\\\/image\\\/\",\"url\":\"https:\\\/\\\/crocjeux.com\\\/wp-content\\\/uploads\\\/2022\\\/01\\\/cropped-logo-croc-etape-1-e1644574034239.jpg\",\"contentUrl\":\"https:\\\/\\\/crocjeux.com\\\/wp-content\\\/uploads\\\/2022\\\/01\\\/cropped-logo-croc-etape-1-e1644574034239.jpg\",\"width\":1224,\"height\":314,\"caption\":\"Croc Jeux\"},\"image\":{\"@id\":\"https:\\\/\\\/crocjeux.com\\\/#\\\/schema\\\/logo\\\/image\\\/\"}}]}<\/script>\n<!-- \/ Yoast SEO plugin. -->","yoast_head_json":{"title":"Crime zoom - Fen\u00eatre sur crimes - Croc Jeux","description":"Los Angeles, 1954. : votre ami George Hopley est \u00e0 l\u2019h\u00f4pital. La police ne sait s\u2019il a \u00e9t\u00e9 d\u00e9fenestr\u00e9 ou s\u2019il s\u2019est jet\u00e9 lui-m\u00eame. Il faut venir enqu\u00eater. Et c\u2019est Billy, le jeune coursier qui vous fournira les \u00e9l\u00e9ments. Les derni\u00e8res photos prises par George de sa fen\u00eatre, qui vous donneront peut \u00eatre les r\u00e9ponses \u00e0 vos questions.","robots":{"index":"index","follow":"follow","max-snippet":"max-snippet:-1","max-image-preview":"max-image-preview:large","max-video-preview":"max-video-preview:-1"},"canonical":"https:\/\/crocjeux.com\/index.php\/produit\/crime-zoom-fenetre-sur-crimes\/","og_locale":"fr_FR","og_type":"article","og_title":"Crime zoom - Fen\u00eatre sur crimes - Croc Jeux","og_description":"Los Angeles, 1954. : votre ami George Hopley est \u00e0 l\u2019h\u00f4pital. La police ne sait s\u2019il a \u00e9t\u00e9 d\u00e9fenestr\u00e9 ou s\u2019il s\u2019est jet\u00e9 lui-m\u00eame. Il faut venir enqu\u00eater. Et c\u2019est Billy, le jeune coursier qui vous fournira les \u00e9l\u00e9ments. Les derni\u00e8res photos prises par George de sa fen\u00eatre, qui vous donneront peut \u00eatre les r\u00e9ponses \u00e0 vos questions.","og_url":"https:\/\/crocjeux.com\/index.php\/produit\/crime-zoom-fenetre-sur-crimes\/","og_site_name":"Croc Jeux","article_modified_time":"2023-06-29T15:30:03+00:00","og_image":[{"width":225,"height":225,"url":"https:\/\/crocjeux.com\/wp-content\/uploads\/2023\/06\/crime-zoom-fenetre-sur-crimes-1.jpg","type":"image\/jpeg"}],"twitter_card":"summary_large_image","twitter_misc":{"Dur\u00e9e de lecture estim\u00e9e":"1 minute"},"schema":{"@context":"https:\/\/schema.org","@graph":[{"@type":"WebPage","@id":"https:\/\/crocjeux.com\/index.php\/produit\/crime-zoom-fenetre-sur-crimes\/","url":"https:\/\/crocjeux.com\/index.php\/produit\/crime-zoom-fenetre-sur-crimes\/","name":"Crime zoom - Fen\u00eatre sur crimes - Croc Jeux","isPartOf":{"@id":"https:\/\/crocjeux.com\/#website"},"primaryImageOfPage":{"@id":"https:\/\/crocjeux.com\/index.php\/produit\/crime-zoom-fenetre-sur-crimes\/#primaryimage"},"image":{"@id":"https:\/\/crocjeux.com\/index.php\/produit\/crime-zoom-fenetre-sur-crimes\/#primaryimage"},"thumbnailUrl":"https:\/\/crocjeux.com\/wp-content\/uploads\/2023\/06\/crime-zoom-fenetre-sur-crimes-1.jpg","datePublished":"2023-06-29T15:30:01+00:00","dateModified":"2023-06-29T15:30:03+00:00","description":"Los Angeles, 1954. : votre ami George Hopley est \u00e0 l\u2019h\u00f4pital. La police ne sait s\u2019il a \u00e9t\u00e9 d\u00e9fenestr\u00e9 ou s\u2019il s\u2019est jet\u00e9 lui-m\u00eame. Il faut venir enqu\u00eater. Et c\u2019est Billy, le jeune coursier qui vous fournira les \u00e9l\u00e9ments. Les derni\u00e8res photos prises par George de sa fen\u00eatre, qui vous donneront peut \u00eatre les r\u00e9ponses \u00e0 vos questions.","breadcrumb":{"@id":"https:\/\/crocjeux.com\/index.php\/produit\/crime-zoom-fenetre-sur-crimes\/#breadcrumb"},"inLanguage":"fr-FR","potentialAction":[{"@type":"ReadAction","target":["https:\/\/crocjeux.com\/index.php\/produit\/crime-zoom-fenetre-sur-crimes\/"]}]},{"@type":"ImageObject","inLanguage":"fr-FR","@id":"https:\/\/crocjeux.com\/index.php\/produit\/crime-zoom-fenetre-sur-crimes\/#primaryimage","url":"https:\/\/crocjeux.com\/wp-content\/uploads\/2023\/06\/crime-zoom-fenetre-sur-crimes-1.jpg","contentUrl":"https:\/\/crocjeux.com\/wp-content\/uploads\/2023\/06\/crime-zoom-fenetre-sur-crimes-1.jpg","width":225,"height":225},{"@type":"BreadcrumbList","@id":"https:\/\/crocjeux.com\/index.php\/produit\/crime-zoom-fenetre-sur-crimes\/#breadcrumb","itemListElement":[{"@type":"ListItem","position":1,"name":"Accueil","item":"https:\/\/crocjeux.com\/"},{"@type":"ListItem","position":2,"name":"Boutique","item":"https:\/\/crocjeux.com\/"},{"@type":"ListItem","position":3,"name":"Crime zoom &#8211; Fen\u00eatre sur crimes"}]},{"@type":"WebSite","@id":"https:\/\/crocjeux.com\/#website","url":"https:\/\/crocjeux.com\/","name":"Croc Jeux","description":"Bienvenue chez Croc Jeux!","publisher":{"@id":"https:\/\/crocjeux.com\/#organization"},"potentialAction":[{"@type":"SearchAction","target":{"@type":"EntryPoint","urlTemplate":"https:\/\/crocjeux.com\/?s={search_term_string}"},"query-input":{"@type":"PropertyValueSpecification","valueRequired":true,"valueName":"search_term_string"}}],"inLanguage":"fr-FR"},{"@type":"Organization","@id":"https:\/\/crocjeux.com\/#organization","name":"Croc Jeux","url":"https:\/\/crocjeux.com\/","logo":{"@type":"ImageObject","inLanguage":"fr-FR","@id":"https:\/\/crocjeux.com\/#\/schema\/logo\/image\/","url":"https:\/\/crocjeux.com\/wp-content\/uploads\/2022\/01\/cropped-logo-croc-etape-1-e1644574034239.jpg","contentUrl":"https:\/\/crocjeux.com\/wp-content\/uploads\/2022\/01\/cropped-logo-croc-etape-1-e1644574034239.jpg","width":1224,"height":314,"caption":"Croc Jeux"},"image":{"@id":"https:\/\/crocjeux.com\/#\/schema\/logo\/image\/"}}]}},"_links":{"self":[{"href":"https:\/\/crocjeux.com\/index.php\/wp-json\/wp\/v2\/product\/5460","targetHints":{"allow":["GET"]}}],"collection":[{"href":"https:\/\/crocjeux.com\/index.php\/wp-json\/wp\/v2\/product"}],"about":[{"href":"https:\/\/crocjeux.com\/index.php\/wp-json\/wp\/v2\/types\/product"}],"replies":[{"embeddable":true,"href":"https:\/\/crocjeux.com\/index.php\/wp-json\/wp\/v2\/comments?post=5460"}],"wp:featuredmedia":[{"embeddable":true,"href":"https:\/\/crocjeux.com\/index.php\/wp-json\/wp\/v2\/media\/5462"}],"wp:attachment":[{"href":"https:\/\/crocjeux.com\/index.php\/wp-json\/wp\/v2\/media?parent=5460"}],"wp:term":[{"taxonomy":"product_brand","embeddable":true,"href":"https:\/\/crocjeux.com\/index.php\/wp-json\/wp\/v2\/product_brand?post=5460"},{"taxonomy":"product_cat","embeddable":true,"href":"https:\/\/crocjeux.com\/index.php\/wp-json\/wp\/v2\/product_cat?post=5460"},{"taxonomy":"product_tag","embeddable":true,"href":"https:\/\/crocjeux.com\/index.php\/wp-json\/wp\/v2\/product_tag?post=5460"}],"curies":[{"name":"wp","href":"https:\/\/api.w.org\/{rel}","templated":true}]}}