{"id":5467,"date":"2023-06-29T17:01:31","date_gmt":"2023-06-29T16:01:31","guid":{"rendered":"https:\/\/crocjeux.com\/?post_type=product&#038;p=5467"},"modified":"2023-06-29T17:01:33","modified_gmt":"2023-06-29T16:01:33","slug":"aventures-a-chnafon","status":"publish","type":"product","link":"https:\/\/crocjeux.com\/index.php\/produit\/aventures-a-chnafon\/","title":{"rendered":"Aventures \u00e0 Chnafon"},"content":{"rendered":"<p>Goodies gratuits selon disponibilit\u00e9s : pour chaque exemplaire vendu sur notre site, un set de d\u00e9s, une pi\u00e8ce d&rsquo;or et des marques pages sont joints \u00e0 votre commande.<\/p>\n<p>Vous venez de sortir de la prestigieuse \u00c9cole de Magie de Chnafon avec un dipl\u00f4me en poche : le tout nouveau cursus de Magie Urbaine ! En effet, vous allez \u00eatre le premier \u00e0 utiliser un grimoire in\u00e9dit, r\u00e9dig\u00e9 \u00e0 l&rsquo;initiative du c\u00e9l\u00e8bre Rufus d&rsquo;Ombrelune. Cependant, vous avez \u00e0 peine le temps de vous questionner sur vos d\u00e9bouch\u00e9s professionnels qu&rsquo;un probl\u00e8me familial survient et vous oblige \u00e0 retrousser vos manches. Gr\u00e2ce \u00e0 vos nouveaux talents, vous allez devoir restaurer la gloire de votre famille, les Marfandor, afin d&rsquo;\u00e9viter qu&rsquo;une association de personnalit\u00e9s louches ne d\u00e9figure votre ville.<\/p>\n","protected":false},"excerpt":{"rendered":"<p>Nouveau livre-jeu, nouvel aventurier \u2026un magicien !<br \/>\n1 (UN) exemplaire du livre dont vous \u00eates le h\u00e9ros, sur papier de qualit\u00e9, reliure cousue. Vous recevrez en + 3 marques pages qui vous sauveront la vie, et selon disponibilit\u00e9, la \u00ab\u00a0pi\u00e8ce d&rsquo;or\u00a0\u00bb, un set de 3 d\u00e9s sp\u00e9ciaux etc.<\/p>\n","protected":false},"featured_media":5469,"comment_status":"open","ping_status":"closed","template":"","meta":{"colormag_page_container_layout":"default_layout","colormag_page_sidebar_layout":"default_layout"},"product_brand":[],"product_cat":[35],"product_tag":[],"class_list":{"0":"post-5467","1":"product","2":"type-product","3":"status-publish","4":"has-post-thumbnail","6":"product_cat-jeux-jdr","8":"first","9":"instock","10":"taxable","11":"shipping-taxable","12":"purchasable","13":"product-type-simple"},"yoast_head":"<!-- This site is optimized with the Yoast SEO plugin v27.3 - https:\/\/yoast.com\/product\/yoast-seo-wordpress\/ -->\n<title>Aventures \u00e0 Chnafon - Croc Jeux<\/title>\n<meta name=\"description\" content=\"Nouveau livre-jeu, nouvel aventurier \u2026un magicien !1 (UN) exemplaire du livre dont vous \u00eates le h\u00e9ros, sur papier de qualit\u00e9, reliure cousue. Vous recevrez en + 3 marques pages qui vous sauveront la vie, et selon disponibilit\u00e9, la &quot;pi\u00e8ce d&#039;or&quot;, un set de 3 d\u00e9s sp\u00e9ciaux etc.\" \/>\n<meta name=\"robots\" content=\"index, follow, max-snippet:-1, max-image-preview:large, max-video-preview:-1\" \/>\n<link rel=\"canonical\" href=\"https:\/\/crocjeux.com\/index.php\/produit\/aventures-a-chnafon\/\" \/>\n<meta property=\"og:locale\" content=\"fr_FR\" \/>\n<meta property=\"og:type\" content=\"article\" \/>\n<meta property=\"og:title\" content=\"Aventures \u00e0 Chnafon - Croc Jeux\" \/>\n<meta property=\"og:description\" content=\"Nouveau livre-jeu, nouvel aventurier \u2026un magicien !1 (UN) exemplaire du livre dont vous \u00eates le h\u00e9ros, sur papier de qualit\u00e9, reliure cousue. Vous recevrez en + 3 marques pages qui vous sauveront la vie, et selon disponibilit\u00e9, la &quot;pi\u00e8ce d&#039;or&quot;, un set de 3 d\u00e9s sp\u00e9ciaux etc.\" \/>\n<meta property=\"og:url\" content=\"https:\/\/crocjeux.com\/index.php\/produit\/aventures-a-chnafon\/\" \/>\n<meta property=\"og:site_name\" content=\"Croc Jeux\" \/>\n<meta property=\"article:modified_time\" content=\"2023-06-29T16:01:33+00:00\" \/>\n<meta property=\"og:image\" content=\"https:\/\/crocjeux.com\/wp-content\/uploads\/2023\/06\/aventures-a-chnafon-1.jpg\" \/>\n\t<meta property=\"og:image:width\" content=\"225\" \/>\n\t<meta property=\"og:image:height\" content=\"225\" \/>\n\t<meta property=\"og:image:type\" content=\"image\/jpeg\" \/>\n<meta name=\"twitter:card\" content=\"summary_large_image\" \/>\n<meta name=\"twitter:label1\" content=\"Dur\u00e9e de lecture estim\u00e9e\" \/>\n\t<meta name=\"twitter:data1\" content=\"1 minute\" \/>\n<script type=\"application\/ld+json\" class=\"yoast-schema-graph\">{\"@context\":\"https:\\\/\\\/schema.org\",\"@graph\":[{\"@type\":\"WebPage\",\"@id\":\"https:\\\/\\\/crocjeux.com\\\/index.php\\\/produit\\\/aventures-a-chnafon\\\/\",\"url\":\"https:\\\/\\\/crocjeux.com\\\/index.php\\\/produit\\\/aventures-a-chnafon\\\/\",\"name\":\"Aventures \u00e0 Chnafon - Croc Jeux\",\"isPartOf\":{\"@id\":\"https:\\\/\\\/crocjeux.com\\\/#website\"},\"primaryImageOfPage\":{\"@id\":\"https:\\\/\\\/crocjeux.com\\\/index.php\\\/produit\\\/aventures-a-chnafon\\\/#primaryimage\"},\"image\":{\"@id\":\"https:\\\/\\\/crocjeux.com\\\/index.php\\\/produit\\\/aventures-a-chnafon\\\/#primaryimage\"},\"thumbnailUrl\":\"https:\\\/\\\/crocjeux.com\\\/wp-content\\\/uploads\\\/2023\\\/06\\\/aventures-a-chnafon-1.jpg\",\"datePublished\":\"2023-06-29T16:01:31+00:00\",\"dateModified\":\"2023-06-29T16:01:33+00:00\",\"description\":\"Nouveau livre-jeu, nouvel aventurier \u2026un magicien !1 (UN) exemplaire du livre dont vous \u00eates le h\u00e9ros, sur papier de qualit\u00e9, reliure cousue. Vous recevrez en + 3 marques pages qui vous sauveront la vie, et selon disponibilit\u00e9, la \\\"pi\u00e8ce d'or\\\", un set de 3 d\u00e9s sp\u00e9ciaux etc.\",\"breadcrumb\":{\"@id\":\"https:\\\/\\\/crocjeux.com\\\/index.php\\\/produit\\\/aventures-a-chnafon\\\/#breadcrumb\"},\"inLanguage\":\"fr-FR\",\"potentialAction\":[{\"@type\":\"ReadAction\",\"target\":[\"https:\\\/\\\/crocjeux.com\\\/index.php\\\/produit\\\/aventures-a-chnafon\\\/\"]}]},{\"@type\":\"ImageObject\",\"inLanguage\":\"fr-FR\",\"@id\":\"https:\\\/\\\/crocjeux.com\\\/index.php\\\/produit\\\/aventures-a-chnafon\\\/#primaryimage\",\"url\":\"https:\\\/\\\/crocjeux.com\\\/wp-content\\\/uploads\\\/2023\\\/06\\\/aventures-a-chnafon-1.jpg\",\"contentUrl\":\"https:\\\/\\\/crocjeux.com\\\/wp-content\\\/uploads\\\/2023\\\/06\\\/aventures-a-chnafon-1.jpg\",\"width\":225,\"height\":225},{\"@type\":\"BreadcrumbList\",\"@id\":\"https:\\\/\\\/crocjeux.com\\\/index.php\\\/produit\\\/aventures-a-chnafon\\\/#breadcrumb\",\"itemListElement\":[{\"@type\":\"ListItem\",\"position\":1,\"name\":\"Accueil\",\"item\":\"https:\\\/\\\/crocjeux.com\\\/\"},{\"@type\":\"ListItem\",\"position\":2,\"name\":\"Boutique\",\"item\":\"https:\\\/\\\/crocjeux.com\\\/\"},{\"@type\":\"ListItem\",\"position\":3,\"name\":\"Aventures \u00e0 Chnafon\"}]},{\"@type\":\"WebSite\",\"@id\":\"https:\\\/\\\/crocjeux.com\\\/#website\",\"url\":\"https:\\\/\\\/crocjeux.com\\\/\",\"name\":\"Croc Jeux\",\"description\":\"Bienvenue chez Croc Jeux!\",\"publisher\":{\"@id\":\"https:\\\/\\\/crocjeux.com\\\/#organization\"},\"potentialAction\":[{\"@type\":\"SearchAction\",\"target\":{\"@type\":\"EntryPoint\",\"urlTemplate\":\"https:\\\/\\\/crocjeux.com\\\/?s={search_term_string}\"},\"query-input\":{\"@type\":\"PropertyValueSpecification\",\"valueRequired\":true,\"valueName\":\"search_term_string\"}}],\"inLanguage\":\"fr-FR\"},{\"@type\":\"Organization\",\"@id\":\"https:\\\/\\\/crocjeux.com\\\/#organization\",\"name\":\"Croc Jeux\",\"url\":\"https:\\\/\\\/crocjeux.com\\\/\",\"logo\":{\"@type\":\"ImageObject\",\"inLanguage\":\"fr-FR\",\"@id\":\"https:\\\/\\\/crocjeux.com\\\/#\\\/schema\\\/logo\\\/image\\\/\",\"url\":\"https:\\\/\\\/crocjeux.com\\\/wp-content\\\/uploads\\\/2022\\\/01\\\/cropped-logo-croc-etape-1-e1644574034239.jpg\",\"contentUrl\":\"https:\\\/\\\/crocjeux.com\\\/wp-content\\\/uploads\\\/2022\\\/01\\\/cropped-logo-croc-etape-1-e1644574034239.jpg\",\"width\":1224,\"height\":314,\"caption\":\"Croc Jeux\"},\"image\":{\"@id\":\"https:\\\/\\\/crocjeux.com\\\/#\\\/schema\\\/logo\\\/image\\\/\"}}]}<\/script>\n<!-- \/ Yoast SEO plugin. -->","yoast_head_json":{"title":"Aventures \u00e0 Chnafon - Croc Jeux","description":"Nouveau livre-jeu, nouvel aventurier \u2026un magicien !1 (UN) exemplaire du livre dont vous \u00eates le h\u00e9ros, sur papier de qualit\u00e9, reliure cousue. Vous recevrez en + 3 marques pages qui vous sauveront la vie, et selon disponibilit\u00e9, la \"pi\u00e8ce d'or\", un set de 3 d\u00e9s sp\u00e9ciaux etc.","robots":{"index":"index","follow":"follow","max-snippet":"max-snippet:-1","max-image-preview":"max-image-preview:large","max-video-preview":"max-video-preview:-1"},"canonical":"https:\/\/crocjeux.com\/index.php\/produit\/aventures-a-chnafon\/","og_locale":"fr_FR","og_type":"article","og_title":"Aventures \u00e0 Chnafon - Croc Jeux","og_description":"Nouveau livre-jeu, nouvel aventurier \u2026un magicien !1 (UN) exemplaire du livre dont vous \u00eates le h\u00e9ros, sur papier de qualit\u00e9, reliure cousue. Vous recevrez en + 3 marques pages qui vous sauveront la vie, et selon disponibilit\u00e9, la \"pi\u00e8ce d'or\", un set de 3 d\u00e9s sp\u00e9ciaux etc.","og_url":"https:\/\/crocjeux.com\/index.php\/produit\/aventures-a-chnafon\/","og_site_name":"Croc Jeux","article_modified_time":"2023-06-29T16:01:33+00:00","og_image":[{"width":225,"height":225,"url":"https:\/\/crocjeux.com\/wp-content\/uploads\/2023\/06\/aventures-a-chnafon-1.jpg","type":"image\/jpeg"}],"twitter_card":"summary_large_image","twitter_misc":{"Dur\u00e9e de lecture estim\u00e9e":"1 minute"},"schema":{"@context":"https:\/\/schema.org","@graph":[{"@type":"WebPage","@id":"https:\/\/crocjeux.com\/index.php\/produit\/aventures-a-chnafon\/","url":"https:\/\/crocjeux.com\/index.php\/produit\/aventures-a-chnafon\/","name":"Aventures \u00e0 Chnafon - Croc Jeux","isPartOf":{"@id":"https:\/\/crocjeux.com\/#website"},"primaryImageOfPage":{"@id":"https:\/\/crocjeux.com\/index.php\/produit\/aventures-a-chnafon\/#primaryimage"},"image":{"@id":"https:\/\/crocjeux.com\/index.php\/produit\/aventures-a-chnafon\/#primaryimage"},"thumbnailUrl":"https:\/\/crocjeux.com\/wp-content\/uploads\/2023\/06\/aventures-a-chnafon-1.jpg","datePublished":"2023-06-29T16:01:31+00:00","dateModified":"2023-06-29T16:01:33+00:00","description":"Nouveau livre-jeu, nouvel aventurier \u2026un magicien !1 (UN) exemplaire du livre dont vous \u00eates le h\u00e9ros, sur papier de qualit\u00e9, reliure cousue. Vous recevrez en + 3 marques pages qui vous sauveront la vie, et selon disponibilit\u00e9, la \"pi\u00e8ce d'or\", un set de 3 d\u00e9s sp\u00e9ciaux etc.","breadcrumb":{"@id":"https:\/\/crocjeux.com\/index.php\/produit\/aventures-a-chnafon\/#breadcrumb"},"inLanguage":"fr-FR","potentialAction":[{"@type":"ReadAction","target":["https:\/\/crocjeux.com\/index.php\/produit\/aventures-a-chnafon\/"]}]},{"@type":"ImageObject","inLanguage":"fr-FR","@id":"https:\/\/crocjeux.com\/index.php\/produit\/aventures-a-chnafon\/#primaryimage","url":"https:\/\/crocjeux.com\/wp-content\/uploads\/2023\/06\/aventures-a-chnafon-1.jpg","contentUrl":"https:\/\/crocjeux.com\/wp-content\/uploads\/2023\/06\/aventures-a-chnafon-1.jpg","width":225,"height":225},{"@type":"BreadcrumbList","@id":"https:\/\/crocjeux.com\/index.php\/produit\/aventures-a-chnafon\/#breadcrumb","itemListElement":[{"@type":"ListItem","position":1,"name":"Accueil","item":"https:\/\/crocjeux.com\/"},{"@type":"ListItem","position":2,"name":"Boutique","item":"https:\/\/crocjeux.com\/"},{"@type":"ListItem","position":3,"name":"Aventures \u00e0 Chnafon"}]},{"@type":"WebSite","@id":"https:\/\/crocjeux.com\/#website","url":"https:\/\/crocjeux.com\/","name":"Croc Jeux","description":"Bienvenue chez Croc Jeux!","publisher":{"@id":"https:\/\/crocjeux.com\/#organization"},"potentialAction":[{"@type":"SearchAction","target":{"@type":"EntryPoint","urlTemplate":"https:\/\/crocjeux.com\/?s={search_term_string}"},"query-input":{"@type":"PropertyValueSpecification","valueRequired":true,"valueName":"search_term_string"}}],"inLanguage":"fr-FR"},{"@type":"Organization","@id":"https:\/\/crocjeux.com\/#organization","name":"Croc Jeux","url":"https:\/\/crocjeux.com\/","logo":{"@type":"ImageObject","inLanguage":"fr-FR","@id":"https:\/\/crocjeux.com\/#\/schema\/logo\/image\/","url":"https:\/\/crocjeux.com\/wp-content\/uploads\/2022\/01\/cropped-logo-croc-etape-1-e1644574034239.jpg","contentUrl":"https:\/\/crocjeux.com\/wp-content\/uploads\/2022\/01\/cropped-logo-croc-etape-1-e1644574034239.jpg","width":1224,"height":314,"caption":"Croc Jeux"},"image":{"@id":"https:\/\/crocjeux.com\/#\/schema\/logo\/image\/"}}]}},"_links":{"self":[{"href":"https:\/\/crocjeux.com\/index.php\/wp-json\/wp\/v2\/product\/5467","targetHints":{"allow":["GET"]}}],"collection":[{"href":"https:\/\/crocjeux.com\/index.php\/wp-json\/wp\/v2\/product"}],"about":[{"href":"https:\/\/crocjeux.com\/index.php\/wp-json\/wp\/v2\/types\/product"}],"replies":[{"embeddable":true,"href":"https:\/\/crocjeux.com\/index.php\/wp-json\/wp\/v2\/comments?post=5467"}],"wp:featuredmedia":[{"embeddable":true,"href":"https:\/\/crocjeux.com\/index.php\/wp-json\/wp\/v2\/media\/5469"}],"wp:attachment":[{"href":"https:\/\/crocjeux.com\/index.php\/wp-json\/wp\/v2\/media?parent=5467"}],"wp:term":[{"taxonomy":"product_brand","embeddable":true,"href":"https:\/\/crocjeux.com\/index.php\/wp-json\/wp\/v2\/product_brand?post=5467"},{"taxonomy":"product_cat","embeddable":true,"href":"https:\/\/crocjeux.com\/index.php\/wp-json\/wp\/v2\/product_cat?post=5467"},{"taxonomy":"product_tag","embeddable":true,"href":"https:\/\/crocjeux.com\/index.php\/wp-json\/wp\/v2\/product_tag?post=5467"}],"curies":[{"name":"wp","href":"https:\/\/api.w.org\/{rel}","templated":true}]}}