{"id":5494,"date":"2023-07-24T13:28:41","date_gmt":"2023-07-24T12:28:41","guid":{"rendered":"https:\/\/crocjeux.com\/?post_type=product&#038;p=5494"},"modified":"2023-07-24T13:28:41","modified_gmt":"2023-07-24T12:28:41","slug":"star-wars-legion-marcheur-tr-tt","status":"publish","type":"product","link":"https:\/\/crocjeux.com\/index.php\/produit\/star-wars-legion-marcheur-tr-tt\/","title":{"rendered":"Star Wars Legion &#8211; Marcheur TR-TT"},"content":{"rendered":"<p>La figurine contenue dans cette extension propose de nouvelles options de personnalisation, permettant de l&rsquo;assembler avec le g\u00e9n\u00e9rale Weiss ou Chewbacca, sortant de la trappe sommitale. Contient la carte Unit\u00e9 de l&rsquo;Empire et la carte Unit\u00e9 Mercenaire Ewok.<\/p>\n","protected":false},"excerpt":{"rendered":"<p>Marcheur TR-TT est une figurine compl\u00e9mentaire pour le jeu Star Wars L\u00e9gion.<\/p>\n","protected":false},"featured_media":5497,"comment_status":"open","ping_status":"closed","template":"","meta":{"colormag_page_container_layout":"default_layout","colormag_page_sidebar_layout":"default_layout"},"product_brand":[],"product_cat":[34],"product_tag":[],"class_list":{"0":"post-5494","1":"product","2":"type-product","3":"status-publish","4":"has-post-thumbnail","6":"product_cat-jeux-figurines","8":"first","9":"instock","10":"taxable","11":"shipping-taxable","12":"purchasable","13":"product-type-simple"},"yoast_head":"<!-- This site is optimized with the Yoast SEO plugin v27.4 - https:\/\/yoast.com\/product\/yoast-seo-wordpress\/ -->\n<title>Star Wars Legion - Marcheur TR-TT - Croc Jeux<\/title>\n<meta name=\"description\" content=\"Marcheur TR-TT est une figurine compl\u00e9mentaire pour le jeu Star Wars L\u00e9gion.\" \/>\n<meta name=\"robots\" content=\"index, follow, max-snippet:-1, max-image-preview:large, max-video-preview:-1\" \/>\n<link rel=\"canonical\" href=\"https:\/\/crocjeux.com\/index.php\/produit\/star-wars-legion-marcheur-tr-tt\/\" \/>\n<meta property=\"og:locale\" content=\"fr_FR\" \/>\n<meta property=\"og:type\" content=\"article\" \/>\n<meta property=\"og:title\" content=\"Star Wars Legion - Marcheur TR-TT - Croc Jeux\" \/>\n<meta property=\"og:description\" content=\"Marcheur TR-TT est une figurine compl\u00e9mentaire pour le jeu Star Wars L\u00e9gion.\" \/>\n<meta property=\"og:url\" content=\"https:\/\/crocjeux.com\/index.php\/produit\/star-wars-legion-marcheur-tr-tt\/\" \/>\n<meta property=\"og:site_name\" content=\"Croc Jeux\" \/>\n<meta property=\"og:image\" content=\"https:\/\/crocjeux.com\/wp-content\/uploads\/2023\/07\/sw-legion-tr-tt.jpg\" \/>\n\t<meta property=\"og:image:width\" content=\"248\" \/>\n\t<meta property=\"og:image:height\" content=\"203\" \/>\n\t<meta property=\"og:image:type\" content=\"image\/jpeg\" \/>\n<meta name=\"twitter:card\" content=\"summary_large_image\" \/>\n<meta name=\"twitter:label1\" content=\"Dur\u00e9e de lecture estim\u00e9e\" \/>\n\t<meta name=\"twitter:data1\" content=\"1 minute\" \/>\n<script type=\"application\/ld+json\" class=\"yoast-schema-graph\">{\"@context\":\"https:\\\/\\\/schema.org\",\"@graph\":[{\"@type\":\"WebPage\",\"@id\":\"https:\\\/\\\/crocjeux.com\\\/index.php\\\/produit\\\/star-wars-legion-marcheur-tr-tt\\\/\",\"url\":\"https:\\\/\\\/crocjeux.com\\\/index.php\\\/produit\\\/star-wars-legion-marcheur-tr-tt\\\/\",\"name\":\"Star Wars Legion - Marcheur TR-TT - Croc Jeux\",\"isPartOf\":{\"@id\":\"https:\\\/\\\/crocjeux.com\\\/#website\"},\"primaryImageOfPage\":{\"@id\":\"https:\\\/\\\/crocjeux.com\\\/index.php\\\/produit\\\/star-wars-legion-marcheur-tr-tt\\\/#primaryimage\"},\"image\":{\"@id\":\"https:\\\/\\\/crocjeux.com\\\/index.php\\\/produit\\\/star-wars-legion-marcheur-tr-tt\\\/#primaryimage\"},\"thumbnailUrl\":\"https:\\\/\\\/crocjeux.com\\\/wp-content\\\/uploads\\\/2023\\\/07\\\/sw-legion-tr-tt.jpg\",\"datePublished\":\"2023-07-24T12:28:41+00:00\",\"description\":\"Marcheur TR-TT est une figurine compl\u00e9mentaire pour le jeu Star Wars L\u00e9gion.\",\"breadcrumb\":{\"@id\":\"https:\\\/\\\/crocjeux.com\\\/index.php\\\/produit\\\/star-wars-legion-marcheur-tr-tt\\\/#breadcrumb\"},\"inLanguage\":\"fr-FR\",\"potentialAction\":[{\"@type\":\"ReadAction\",\"target\":[\"https:\\\/\\\/crocjeux.com\\\/index.php\\\/produit\\\/star-wars-legion-marcheur-tr-tt\\\/\"]}]},{\"@type\":\"ImageObject\",\"inLanguage\":\"fr-FR\",\"@id\":\"https:\\\/\\\/crocjeux.com\\\/index.php\\\/produit\\\/star-wars-legion-marcheur-tr-tt\\\/#primaryimage\",\"url\":\"https:\\\/\\\/crocjeux.com\\\/wp-content\\\/uploads\\\/2023\\\/07\\\/sw-legion-tr-tt.jpg\",\"contentUrl\":\"https:\\\/\\\/crocjeux.com\\\/wp-content\\\/uploads\\\/2023\\\/07\\\/sw-legion-tr-tt.jpg\",\"width\":248,\"height\":203},{\"@type\":\"BreadcrumbList\",\"@id\":\"https:\\\/\\\/crocjeux.com\\\/index.php\\\/produit\\\/star-wars-legion-marcheur-tr-tt\\\/#breadcrumb\",\"itemListElement\":[{\"@type\":\"ListItem\",\"position\":1,\"name\":\"Accueil\",\"item\":\"https:\\\/\\\/crocjeux.com\\\/\"},{\"@type\":\"ListItem\",\"position\":2,\"name\":\"Boutique\",\"item\":\"https:\\\/\\\/crocjeux.com\\\/\"},{\"@type\":\"ListItem\",\"position\":3,\"name\":\"Star Wars Legion &#8211; Marcheur TR-TT\"}]},{\"@type\":\"WebSite\",\"@id\":\"https:\\\/\\\/crocjeux.com\\\/#website\",\"url\":\"https:\\\/\\\/crocjeux.com\\\/\",\"name\":\"Croc Jeux\",\"description\":\"Bienvenue chez Croc Jeux!\",\"publisher\":{\"@id\":\"https:\\\/\\\/crocjeux.com\\\/#organization\"},\"potentialAction\":[{\"@type\":\"SearchAction\",\"target\":{\"@type\":\"EntryPoint\",\"urlTemplate\":\"https:\\\/\\\/crocjeux.com\\\/?s={search_term_string}\"},\"query-input\":{\"@type\":\"PropertyValueSpecification\",\"valueRequired\":true,\"valueName\":\"search_term_string\"}}],\"inLanguage\":\"fr-FR\"},{\"@type\":\"Organization\",\"@id\":\"https:\\\/\\\/crocjeux.com\\\/#organization\",\"name\":\"Croc Jeux\",\"url\":\"https:\\\/\\\/crocjeux.com\\\/\",\"logo\":{\"@type\":\"ImageObject\",\"inLanguage\":\"fr-FR\",\"@id\":\"https:\\\/\\\/crocjeux.com\\\/#\\\/schema\\\/logo\\\/image\\\/\",\"url\":\"https:\\\/\\\/crocjeux.com\\\/wp-content\\\/uploads\\\/2022\\\/01\\\/cropped-logo-croc-etape-1-e1644574034239.jpg\",\"contentUrl\":\"https:\\\/\\\/crocjeux.com\\\/wp-content\\\/uploads\\\/2022\\\/01\\\/cropped-logo-croc-etape-1-e1644574034239.jpg\",\"width\":1224,\"height\":314,\"caption\":\"Croc Jeux\"},\"image\":{\"@id\":\"https:\\\/\\\/crocjeux.com\\\/#\\\/schema\\\/logo\\\/image\\\/\"}}]}<\/script>\n<!-- \/ Yoast SEO plugin. -->","yoast_head_json":{"title":"Star Wars Legion - Marcheur TR-TT - Croc Jeux","description":"Marcheur TR-TT est une figurine compl\u00e9mentaire pour le jeu Star Wars L\u00e9gion.","robots":{"index":"index","follow":"follow","max-snippet":"max-snippet:-1","max-image-preview":"max-image-preview:large","max-video-preview":"max-video-preview:-1"},"canonical":"https:\/\/crocjeux.com\/index.php\/produit\/star-wars-legion-marcheur-tr-tt\/","og_locale":"fr_FR","og_type":"article","og_title":"Star Wars Legion - Marcheur TR-TT - Croc Jeux","og_description":"Marcheur TR-TT est une figurine compl\u00e9mentaire pour le jeu Star Wars L\u00e9gion.","og_url":"https:\/\/crocjeux.com\/index.php\/produit\/star-wars-legion-marcheur-tr-tt\/","og_site_name":"Croc Jeux","og_image":[{"width":248,"height":203,"url":"https:\/\/crocjeux.com\/wp-content\/uploads\/2023\/07\/sw-legion-tr-tt.jpg","type":"image\/jpeg"}],"twitter_card":"summary_large_image","twitter_misc":{"Dur\u00e9e de lecture estim\u00e9e":"1 minute"},"schema":{"@context":"https:\/\/schema.org","@graph":[{"@type":"WebPage","@id":"https:\/\/crocjeux.com\/index.php\/produit\/star-wars-legion-marcheur-tr-tt\/","url":"https:\/\/crocjeux.com\/index.php\/produit\/star-wars-legion-marcheur-tr-tt\/","name":"Star Wars Legion - Marcheur TR-TT - Croc Jeux","isPartOf":{"@id":"https:\/\/crocjeux.com\/#website"},"primaryImageOfPage":{"@id":"https:\/\/crocjeux.com\/index.php\/produit\/star-wars-legion-marcheur-tr-tt\/#primaryimage"},"image":{"@id":"https:\/\/crocjeux.com\/index.php\/produit\/star-wars-legion-marcheur-tr-tt\/#primaryimage"},"thumbnailUrl":"https:\/\/crocjeux.com\/wp-content\/uploads\/2023\/07\/sw-legion-tr-tt.jpg","datePublished":"2023-07-24T12:28:41+00:00","description":"Marcheur TR-TT est une figurine compl\u00e9mentaire pour le jeu Star Wars L\u00e9gion.","breadcrumb":{"@id":"https:\/\/crocjeux.com\/index.php\/produit\/star-wars-legion-marcheur-tr-tt\/#breadcrumb"},"inLanguage":"fr-FR","potentialAction":[{"@type":"ReadAction","target":["https:\/\/crocjeux.com\/index.php\/produit\/star-wars-legion-marcheur-tr-tt\/"]}]},{"@type":"ImageObject","inLanguage":"fr-FR","@id":"https:\/\/crocjeux.com\/index.php\/produit\/star-wars-legion-marcheur-tr-tt\/#primaryimage","url":"https:\/\/crocjeux.com\/wp-content\/uploads\/2023\/07\/sw-legion-tr-tt.jpg","contentUrl":"https:\/\/crocjeux.com\/wp-content\/uploads\/2023\/07\/sw-legion-tr-tt.jpg","width":248,"height":203},{"@type":"BreadcrumbList","@id":"https:\/\/crocjeux.com\/index.php\/produit\/star-wars-legion-marcheur-tr-tt\/#breadcrumb","itemListElement":[{"@type":"ListItem","position":1,"name":"Accueil","item":"https:\/\/crocjeux.com\/"},{"@type":"ListItem","position":2,"name":"Boutique","item":"https:\/\/crocjeux.com\/"},{"@type":"ListItem","position":3,"name":"Star Wars Legion &#8211; Marcheur TR-TT"}]},{"@type":"WebSite","@id":"https:\/\/crocjeux.com\/#website","url":"https:\/\/crocjeux.com\/","name":"Croc Jeux","description":"Bienvenue chez Croc Jeux!","publisher":{"@id":"https:\/\/crocjeux.com\/#organization"},"potentialAction":[{"@type":"SearchAction","target":{"@type":"EntryPoint","urlTemplate":"https:\/\/crocjeux.com\/?s={search_term_string}"},"query-input":{"@type":"PropertyValueSpecification","valueRequired":true,"valueName":"search_term_string"}}],"inLanguage":"fr-FR"},{"@type":"Organization","@id":"https:\/\/crocjeux.com\/#organization","name":"Croc Jeux","url":"https:\/\/crocjeux.com\/","logo":{"@type":"ImageObject","inLanguage":"fr-FR","@id":"https:\/\/crocjeux.com\/#\/schema\/logo\/image\/","url":"https:\/\/crocjeux.com\/wp-content\/uploads\/2022\/01\/cropped-logo-croc-etape-1-e1644574034239.jpg","contentUrl":"https:\/\/crocjeux.com\/wp-content\/uploads\/2022\/01\/cropped-logo-croc-etape-1-e1644574034239.jpg","width":1224,"height":314,"caption":"Croc Jeux"},"image":{"@id":"https:\/\/crocjeux.com\/#\/schema\/logo\/image\/"}}]}},"_links":{"self":[{"href":"https:\/\/crocjeux.com\/index.php\/wp-json\/wp\/v2\/product\/5494","targetHints":{"allow":["GET"]}}],"collection":[{"href":"https:\/\/crocjeux.com\/index.php\/wp-json\/wp\/v2\/product"}],"about":[{"href":"https:\/\/crocjeux.com\/index.php\/wp-json\/wp\/v2\/types\/product"}],"replies":[{"embeddable":true,"href":"https:\/\/crocjeux.com\/index.php\/wp-json\/wp\/v2\/comments?post=5494"}],"wp:featuredmedia":[{"embeddable":true,"href":"https:\/\/crocjeux.com\/index.php\/wp-json\/wp\/v2\/media\/5497"}],"wp:attachment":[{"href":"https:\/\/crocjeux.com\/index.php\/wp-json\/wp\/v2\/media?parent=5494"}],"wp:term":[{"taxonomy":"product_brand","embeddable":true,"href":"https:\/\/crocjeux.com\/index.php\/wp-json\/wp\/v2\/product_brand?post=5494"},{"taxonomy":"product_cat","embeddable":true,"href":"https:\/\/crocjeux.com\/index.php\/wp-json\/wp\/v2\/product_cat?post=5494"},{"taxonomy":"product_tag","embeddable":true,"href":"https:\/\/crocjeux.com\/index.php\/wp-json\/wp\/v2\/product_tag?post=5494"}],"curies":[{"name":"wp","href":"https:\/\/api.w.org\/{rel}","templated":true}]}}