{"id":5527,"date":"2023-08-12T09:28:39","date_gmt":"2023-08-12T08:28:39","guid":{"rendered":"https:\/\/crocjeux.com\/?post_type=product&#038;p=5527"},"modified":"2023-08-12T09:28:39","modified_gmt":"2023-08-12T08:28:39","slug":"memoire-44-equipement-pack","status":"publish","type":"product","link":"https:\/\/crocjeux.com\/index.php\/produit\/memoire-44-equipement-pack\/","title":{"rendered":"M\u00e9moire 44 \u00c9quipement Pack"},"content":{"rendered":"<p>Extension majeure pour le syst\u00e8me de jeu M\u00e9moire 44<\/p>\n<p>Ces 186 figurines et accessoires peuvent \u00eatre utilis\u00e9s sur bien des sc\u00e9narios existants, mais sont particuli\u00e8rement mis \u00e0 l&rsquo;honneur dans les sc\u00e9narios propos\u00e9s par l&rsquo;extension : 11 sc\u00e9narios standard, 2 Breakthrough et 4 Overlord. Un livret de r\u00e8gles et 25 cartes de r\u00e9sum\u00e9 sont \u00e9galement fournis dans celle-ci.<\/p>\n<p>&nbsp;<\/p>\n<p>Contenu :<\/p>\n<ul>\n<li>4 nations dites \u00ab\u00a0mineures\u00a0\u00bb (48 figurines d&rsquo;infanterie fran\u00e7aise, 24 de troupes \u00e0 skis finlandaises, 12 d&rsquo;artillerie italienne et 24 de cavalerie polonaise)<\/li>\n<li>4 types d&rsquo;artillerie (6 canons antichars lourds \u00ab\u00a0Flak 88\u00a0\u00bb, 6 pi\u00e8ces lourdes \u00ab\u00a0Long Tom\u00a0\u00bb , 6 v\u00e9hicules \u00ab\u00a0M7 Priest\u00a0\u00bb et 6 lance-roquettes \u00ab\u00a0Nebelwerfer\u00a0\u00bb)<\/li>\n<li>De nouveaux v\u00e9hicules de d\u00e9barquement (6 barges \u00ab\u00a0LCT-202\u00a0\u00bb et 6 chars \u00ab\u00a0Funnies de Hobart\u00a0\u00bb avec leurs accessoires)<\/li>\n<li>3 types de blind\u00e9s (6 chasseurs de chars \u00ab\u00a0Elefant\u00a0\u00bb, 3 half-tracks \u00ab\u00a0Sd.Kfz 250\u00a0\u00bb et 3 chars \u00ab\u00a0Tigre\u00a0\u00bb)<\/li>\n<li>3 types de v\u00e9hicules (6 voitures \u00ab\u00a0K\u00fcbelwagen\u00a0\u00bb, 3 voitures \u00ab\u00a0Jeep Willys\u00a0\u00bb et 3 camions \u00ab\u00a0Dodge WC-63\u00a0\u00bb)<\/li>\n<li>2 types de mat\u00e9riel (6 mitrailleuses \u00ab\u00a0Browning M2\u00a0\u00bb et 6 mortiers \u00ab\u00a0M2 60mm\u00a0\u00bb)<\/li>\n<li>6 figurines de tireur d&rsquo;\u00e9lite<\/li>\n<li>Un livret proposant de nouvelles batailles : 11 sc\u00e9narios standard, 4 Overlord et 2 Breakthrough<\/li>\n<li>Un livret de r\u00e8gles<\/li>\n<li>25 cartes de r\u00e9sum\u00e9<\/li>\n<\/ul>\n","protected":false},"excerpt":{"rendered":"<p>Extension pour m\u00e9moire 44<\/p>\n","protected":false},"featured_media":5528,"comment_status":"open","ping_status":"closed","template":"","meta":{"colormag_page_container_layout":"default_layout","colormag_page_sidebar_layout":"default_layout"},"product_brand":[],"product_cat":[70,93,94,95],"product_tag":[],"class_list":{"0":"post-5527","1":"product","2":"type-product","3":"status-publish","4":"has-post-thumbnail","6":"product_cat-memoire-44-jeux-a-deux","7":"product_cat-memoire-44-jeux-strategie","8":"product_cat-memoire-44-jeux-experts","9":"product_cat-memoire-44-jeux-civilisation","11":"first","12":"instock","13":"taxable","14":"shipping-taxable","15":"purchasable","16":"product-type-simple"},"yoast_head":"<!-- This site is optimized with the Yoast SEO plugin v27.1.1 - https:\/\/yoast.com\/product\/yoast-seo-wordpress\/ -->\n<title>M\u00e9moire 44 \u00c9quipement Pack - Croc Jeux<\/title>\n<meta name=\"description\" content=\"Extension pour m\u00e9moire 44\" \/>\n<meta name=\"robots\" content=\"index, follow, max-snippet:-1, max-image-preview:large, max-video-preview:-1\" \/>\n<link rel=\"canonical\" href=\"https:\/\/crocjeux.com\/index.php\/produit\/memoire-44-equipement-pack\/\" \/>\n<meta property=\"og:locale\" content=\"fr_FR\" \/>\n<meta property=\"og:type\" content=\"article\" \/>\n<meta property=\"og:title\" content=\"M\u00e9moire 44 \u00c9quipement Pack - Croc Jeux\" \/>\n<meta property=\"og:description\" content=\"Extension pour m\u00e9moire 44\" \/>\n<meta property=\"og:url\" content=\"https:\/\/crocjeux.com\/index.php\/produit\/memoire-44-equipement-pack\/\" \/>\n<meta property=\"og:site_name\" content=\"Croc Jeux\" \/>\n<meta property=\"og:image\" content=\"https:\/\/crocjeux.com\/wp-content\/uploads\/2023\/08\/memoire-44-equipment-pack.webp\" \/>\n\t<meta property=\"og:image:width\" content=\"1024\" \/>\n\t<meta property=\"og:image:height\" content=\"1024\" \/>\n\t<meta property=\"og:image:type\" content=\"image\/webp\" \/>\n<meta name=\"twitter:card\" content=\"summary_large_image\" \/>\n<meta name=\"twitter:label1\" content=\"Dur\u00e9e de lecture estim\u00e9e\" \/>\n\t<meta name=\"twitter:data1\" content=\"1 minute\" \/>\n<script type=\"application\/ld+json\" class=\"yoast-schema-graph\">{\"@context\":\"https:\/\/schema.org\",\"@graph\":[{\"@type\":\"WebPage\",\"@id\":\"https:\/\/crocjeux.com\/index.php\/produit\/memoire-44-equipement-pack\/\",\"url\":\"https:\/\/crocjeux.com\/index.php\/produit\/memoire-44-equipement-pack\/\",\"name\":\"M\u00e9moire 44 \u00c9quipement Pack - Croc Jeux\",\"isPartOf\":{\"@id\":\"https:\/\/crocjeux.com\/#website\"},\"primaryImageOfPage\":{\"@id\":\"https:\/\/crocjeux.com\/index.php\/produit\/memoire-44-equipement-pack\/#primaryimage\"},\"image\":{\"@id\":\"https:\/\/crocjeux.com\/index.php\/produit\/memoire-44-equipement-pack\/#primaryimage\"},\"thumbnailUrl\":\"https:\/\/crocjeux.com\/wp-content\/uploads\/2023\/08\/memoire-44-equipment-pack.webp\",\"datePublished\":\"2023-08-12T08:28:39+00:00\",\"description\":\"Extension pour m\u00e9moire 44\",\"breadcrumb\":{\"@id\":\"https:\/\/crocjeux.com\/index.php\/produit\/memoire-44-equipement-pack\/#breadcrumb\"},\"inLanguage\":\"fr-FR\",\"potentialAction\":[{\"@type\":\"ReadAction\",\"target\":[\"https:\/\/crocjeux.com\/index.php\/produit\/memoire-44-equipement-pack\/\"]}]},{\"@type\":\"ImageObject\",\"inLanguage\":\"fr-FR\",\"@id\":\"https:\/\/crocjeux.com\/index.php\/produit\/memoire-44-equipement-pack\/#primaryimage\",\"url\":\"https:\/\/crocjeux.com\/wp-content\/uploads\/2023\/08\/memoire-44-equipment-pack.webp\",\"contentUrl\":\"https:\/\/crocjeux.com\/wp-content\/uploads\/2023\/08\/memoire-44-equipment-pack.webp\",\"width\":1024,\"height\":1024},{\"@type\":\"BreadcrumbList\",\"@id\":\"https:\/\/crocjeux.com\/index.php\/produit\/memoire-44-equipement-pack\/#breadcrumb\",\"itemListElement\":[{\"@type\":\"ListItem\",\"position\":1,\"name\":\"Accueil\",\"item\":\"https:\/\/crocjeux.com\/\"},{\"@type\":\"ListItem\",\"position\":2,\"name\":\"Boutique\",\"item\":\"https:\/\/crocjeux.com\/\"},{\"@type\":\"ListItem\",\"position\":3,\"name\":\"M\u00e9moire 44 \u00c9quipement Pack\"}]},{\"@type\":\"WebSite\",\"@id\":\"https:\/\/crocjeux.com\/#website\",\"url\":\"https:\/\/crocjeux.com\/\",\"name\":\"Croc Jeux\",\"description\":\"Bienvenue chez Croc Jeux!\",\"publisher\":{\"@id\":\"https:\/\/crocjeux.com\/#organization\"},\"potentialAction\":[{\"@type\":\"SearchAction\",\"target\":{\"@type\":\"EntryPoint\",\"urlTemplate\":\"https:\/\/crocjeux.com\/?s={search_term_string}\"},\"query-input\":{\"@type\":\"PropertyValueSpecification\",\"valueRequired\":true,\"valueName\":\"search_term_string\"}}],\"inLanguage\":\"fr-FR\"},{\"@type\":\"Organization\",\"@id\":\"https:\/\/crocjeux.com\/#organization\",\"name\":\"Croc Jeux\",\"url\":\"https:\/\/crocjeux.com\/\",\"logo\":{\"@type\":\"ImageObject\",\"inLanguage\":\"fr-FR\",\"@id\":\"https:\/\/crocjeux.com\/#\/schema\/logo\/image\/\",\"url\":\"https:\/\/crocjeux.com\/wp-content\/uploads\/2022\/01\/cropped-logo-croc-etape-1-e1644574034239.jpg\",\"contentUrl\":\"https:\/\/crocjeux.com\/wp-content\/uploads\/2022\/01\/cropped-logo-croc-etape-1-e1644574034239.jpg\",\"width\":1224,\"height\":314,\"caption\":\"Croc Jeux\"},\"image\":{\"@id\":\"https:\/\/crocjeux.com\/#\/schema\/logo\/image\/\"}}]}<\/script>\n<!-- \/ Yoast SEO plugin. -->","yoast_head_json":{"title":"M\u00e9moire 44 \u00c9quipement Pack - Croc Jeux","description":"Extension pour m\u00e9moire 44","robots":{"index":"index","follow":"follow","max-snippet":"max-snippet:-1","max-image-preview":"max-image-preview:large","max-video-preview":"max-video-preview:-1"},"canonical":"https:\/\/crocjeux.com\/index.php\/produit\/memoire-44-equipement-pack\/","og_locale":"fr_FR","og_type":"article","og_title":"M\u00e9moire 44 \u00c9quipement Pack - Croc Jeux","og_description":"Extension pour m\u00e9moire 44","og_url":"https:\/\/crocjeux.com\/index.php\/produit\/memoire-44-equipement-pack\/","og_site_name":"Croc Jeux","og_image":[{"width":1024,"height":1024,"url":"https:\/\/crocjeux.com\/wp-content\/uploads\/2023\/08\/memoire-44-equipment-pack.webp","type":"image\/webp"}],"twitter_card":"summary_large_image","twitter_misc":{"Dur\u00e9e de lecture estim\u00e9e":"1 minute"},"schema":{"@context":"https:\/\/schema.org","@graph":[{"@type":"WebPage","@id":"https:\/\/crocjeux.com\/index.php\/produit\/memoire-44-equipement-pack\/","url":"https:\/\/crocjeux.com\/index.php\/produit\/memoire-44-equipement-pack\/","name":"M\u00e9moire 44 \u00c9quipement Pack - Croc Jeux","isPartOf":{"@id":"https:\/\/crocjeux.com\/#website"},"primaryImageOfPage":{"@id":"https:\/\/crocjeux.com\/index.php\/produit\/memoire-44-equipement-pack\/#primaryimage"},"image":{"@id":"https:\/\/crocjeux.com\/index.php\/produit\/memoire-44-equipement-pack\/#primaryimage"},"thumbnailUrl":"https:\/\/crocjeux.com\/wp-content\/uploads\/2023\/08\/memoire-44-equipment-pack.webp","datePublished":"2023-08-12T08:28:39+00:00","description":"Extension pour m\u00e9moire 44","breadcrumb":{"@id":"https:\/\/crocjeux.com\/index.php\/produit\/memoire-44-equipement-pack\/#breadcrumb"},"inLanguage":"fr-FR","potentialAction":[{"@type":"ReadAction","target":["https:\/\/crocjeux.com\/index.php\/produit\/memoire-44-equipement-pack\/"]}]},{"@type":"ImageObject","inLanguage":"fr-FR","@id":"https:\/\/crocjeux.com\/index.php\/produit\/memoire-44-equipement-pack\/#primaryimage","url":"https:\/\/crocjeux.com\/wp-content\/uploads\/2023\/08\/memoire-44-equipment-pack.webp","contentUrl":"https:\/\/crocjeux.com\/wp-content\/uploads\/2023\/08\/memoire-44-equipment-pack.webp","width":1024,"height":1024},{"@type":"BreadcrumbList","@id":"https:\/\/crocjeux.com\/index.php\/produit\/memoire-44-equipement-pack\/#breadcrumb","itemListElement":[{"@type":"ListItem","position":1,"name":"Accueil","item":"https:\/\/crocjeux.com\/"},{"@type":"ListItem","position":2,"name":"Boutique","item":"https:\/\/crocjeux.com\/"},{"@type":"ListItem","position":3,"name":"M\u00e9moire 44 \u00c9quipement Pack"}]},{"@type":"WebSite","@id":"https:\/\/crocjeux.com\/#website","url":"https:\/\/crocjeux.com\/","name":"Croc Jeux","description":"Bienvenue chez Croc Jeux!","publisher":{"@id":"https:\/\/crocjeux.com\/#organization"},"potentialAction":[{"@type":"SearchAction","target":{"@type":"EntryPoint","urlTemplate":"https:\/\/crocjeux.com\/?s={search_term_string}"},"query-input":{"@type":"PropertyValueSpecification","valueRequired":true,"valueName":"search_term_string"}}],"inLanguage":"fr-FR"},{"@type":"Organization","@id":"https:\/\/crocjeux.com\/#organization","name":"Croc Jeux","url":"https:\/\/crocjeux.com\/","logo":{"@type":"ImageObject","inLanguage":"fr-FR","@id":"https:\/\/crocjeux.com\/#\/schema\/logo\/image\/","url":"https:\/\/crocjeux.com\/wp-content\/uploads\/2022\/01\/cropped-logo-croc-etape-1-e1644574034239.jpg","contentUrl":"https:\/\/crocjeux.com\/wp-content\/uploads\/2022\/01\/cropped-logo-croc-etape-1-e1644574034239.jpg","width":1224,"height":314,"caption":"Croc Jeux"},"image":{"@id":"https:\/\/crocjeux.com\/#\/schema\/logo\/image\/"}}]}},"_links":{"self":[{"href":"https:\/\/crocjeux.com\/index.php\/wp-json\/wp\/v2\/product\/5527","targetHints":{"allow":["GET"]}}],"collection":[{"href":"https:\/\/crocjeux.com\/index.php\/wp-json\/wp\/v2\/product"}],"about":[{"href":"https:\/\/crocjeux.com\/index.php\/wp-json\/wp\/v2\/types\/product"}],"replies":[{"embeddable":true,"href":"https:\/\/crocjeux.com\/index.php\/wp-json\/wp\/v2\/comments?post=5527"}],"wp:featuredmedia":[{"embeddable":true,"href":"https:\/\/crocjeux.com\/index.php\/wp-json\/wp\/v2\/media\/5528"}],"wp:attachment":[{"href":"https:\/\/crocjeux.com\/index.php\/wp-json\/wp\/v2\/media?parent=5527"}],"wp:term":[{"taxonomy":"product_brand","embeddable":true,"href":"https:\/\/crocjeux.com\/index.php\/wp-json\/wp\/v2\/product_brand?post=5527"},{"taxonomy":"product_cat","embeddable":true,"href":"https:\/\/crocjeux.com\/index.php\/wp-json\/wp\/v2\/product_cat?post=5527"},{"taxonomy":"product_tag","embeddable":true,"href":"https:\/\/crocjeux.com\/index.php\/wp-json\/wp\/v2\/product_tag?post=5527"}],"curies":[{"name":"wp","href":"https:\/\/api.w.org\/{rel}","templated":true}]}}