{"id":5556,"date":"2023-09-11T15:34:59","date_gmt":"2023-09-11T14:34:59","guid":{"rendered":"https:\/\/crocjeux.com\/?post_type=product&#038;p=5556"},"modified":"2023-09-11T15:35:01","modified_gmt":"2023-09-11T14:35:01","slug":"lappel-de-cthulhu-berlin-la-depravee","status":"publish","type":"product","link":"https:\/\/crocjeux.com\/index.php\/produit\/lappel-de-cthulhu-berlin-la-depravee\/","title":{"rendered":"L&rsquo;Appel de Cthulhu : Berlin la D\u00e9prav\u00e9e"},"content":{"rendered":"<p>Berlin, durant l\u2019entre-deux-guerres, c\u2019est la capitale de la libert\u00e9, des arts, de la d\u00e9bauche, mais votre vie n\u2019y tient qu\u2019\u00e0 un fil. Les rues d\u00e9bordent de prostitu\u00e9s de tous genres, de v\u00e9t\u00e9rans estropi\u00e9s, d\u2019immigrants sans le sou et d\u2019agitateurs politiques, d\u2019hommes d\u2019affaires coinc\u00e9s, de travailleuses, d\u2019\u00e9rudits et d\u2019artistes.<\/p>\n<p>C\u2019est un contexte historique extraordinaire, revu et corrig\u00e9 \u00e0 la lumi\u00e8re du mythe lovecraftien. En plus de tr\u00e8s nombreuses informations, trois sc\u00e9narios, \u00e0 diff\u00e9rentes \u00e9poques, vous permettront de plonger au mieux dans ce contexte.<\/p>\n<p>Abordant des sujets matures, comme le sexe ou la politique, ce suppl\u00e9ment est \u00e0 r\u00e9server \u00e0 un public averti.<\/p>\n","protected":false},"excerpt":{"rendered":"<p>Berlin, durant l\u2019entre-deux-guerres, c\u2019est la capitale de la libert\u00e9, des arts, de la d\u00e9bauche, mais votre vie n\u2019y tient qu\u2019\u00e0<\/p>\n","protected":false},"featured_media":5557,"comment_status":"open","ping_status":"closed","template":"","meta":{"colormag_page_container_layout":"default_layout","colormag_page_sidebar_layout":"default_layout"},"product_brand":[],"product_cat":[35],"product_tag":[],"class_list":{"0":"post-5556","1":"product","2":"type-product","3":"status-publish","4":"has-post-thumbnail","6":"product_cat-jeux-jdr","8":"first","9":"instock","10":"taxable","11":"shipping-taxable","12":"purchasable","13":"product-type-simple"},"yoast_head":"<!-- This site is optimized with the Yoast SEO plugin v27.3 - https:\/\/yoast.com\/product\/yoast-seo-wordpress\/ -->\n<title>L&#039;Appel de Cthulhu : Berlin la D\u00e9prav\u00e9e - Croc Jeux<\/title>\n<meta name=\"robots\" content=\"index, follow, max-snippet:-1, max-image-preview:large, max-video-preview:-1\" \/>\n<link rel=\"canonical\" href=\"https:\/\/crocjeux.com\/index.php\/produit\/lappel-de-cthulhu-berlin-la-depravee\/\" \/>\n<meta property=\"og:locale\" content=\"fr_FR\" \/>\n<meta property=\"og:type\" content=\"article\" \/>\n<meta property=\"og:title\" content=\"L&#039;Appel de Cthulhu : Berlin la D\u00e9prav\u00e9e - Croc Jeux\" \/>\n<meta property=\"og:description\" content=\"Berlin, durant l\u2019entre-deux-guerres, c\u2019est la capitale de la libert\u00e9, des arts, de la d\u00e9bauche, mais votre vie n\u2019y tient qu\u2019\u00e0\" \/>\n<meta property=\"og:url\" content=\"https:\/\/crocjeux.com\/index.php\/produit\/lappel-de-cthulhu-berlin-la-depravee\/\" \/>\n<meta property=\"og:site_name\" content=\"Croc Jeux\" \/>\n<meta property=\"article:modified_time\" content=\"2023-09-11T14:35:01+00:00\" \/>\n<meta property=\"og:image\" content=\"https:\/\/crocjeux.com\/wp-content\/uploads\/2023\/09\/berlin-la-deprav.jpg\" \/>\n\t<meta property=\"og:image:width\" content=\"225\" \/>\n\t<meta property=\"og:image:height\" content=\"225\" \/>\n\t<meta property=\"og:image:type\" content=\"image\/jpeg\" \/>\n<meta name=\"twitter:card\" content=\"summary_large_image\" \/>\n<meta name=\"twitter:label1\" content=\"Dur\u00e9e de lecture estim\u00e9e\" \/>\n\t<meta name=\"twitter:data1\" content=\"1 minute\" \/>\n<script type=\"application\/ld+json\" class=\"yoast-schema-graph\">{\"@context\":\"https:\\\/\\\/schema.org\",\"@graph\":[{\"@type\":\"WebPage\",\"@id\":\"https:\\\/\\\/crocjeux.com\\\/index.php\\\/produit\\\/lappel-de-cthulhu-berlin-la-depravee\\\/\",\"url\":\"https:\\\/\\\/crocjeux.com\\\/index.php\\\/produit\\\/lappel-de-cthulhu-berlin-la-depravee\\\/\",\"name\":\"L'Appel de Cthulhu : Berlin la D\u00e9prav\u00e9e - Croc Jeux\",\"isPartOf\":{\"@id\":\"https:\\\/\\\/crocjeux.com\\\/#website\"},\"primaryImageOfPage\":{\"@id\":\"https:\\\/\\\/crocjeux.com\\\/index.php\\\/produit\\\/lappel-de-cthulhu-berlin-la-depravee\\\/#primaryimage\"},\"image\":{\"@id\":\"https:\\\/\\\/crocjeux.com\\\/index.php\\\/produit\\\/lappel-de-cthulhu-berlin-la-depravee\\\/#primaryimage\"},\"thumbnailUrl\":\"https:\\\/\\\/crocjeux.com\\\/wp-content\\\/uploads\\\/2023\\\/09\\\/berlin-la-deprav.jpg\",\"datePublished\":\"2023-09-11T14:34:59+00:00\",\"dateModified\":\"2023-09-11T14:35:01+00:00\",\"breadcrumb\":{\"@id\":\"https:\\\/\\\/crocjeux.com\\\/index.php\\\/produit\\\/lappel-de-cthulhu-berlin-la-depravee\\\/#breadcrumb\"},\"inLanguage\":\"fr-FR\",\"potentialAction\":[{\"@type\":\"ReadAction\",\"target\":[\"https:\\\/\\\/crocjeux.com\\\/index.php\\\/produit\\\/lappel-de-cthulhu-berlin-la-depravee\\\/\"]}]},{\"@type\":\"ImageObject\",\"inLanguage\":\"fr-FR\",\"@id\":\"https:\\\/\\\/crocjeux.com\\\/index.php\\\/produit\\\/lappel-de-cthulhu-berlin-la-depravee\\\/#primaryimage\",\"url\":\"https:\\\/\\\/crocjeux.com\\\/wp-content\\\/uploads\\\/2023\\\/09\\\/berlin-la-deprav.jpg\",\"contentUrl\":\"https:\\\/\\\/crocjeux.com\\\/wp-content\\\/uploads\\\/2023\\\/09\\\/berlin-la-deprav.jpg\",\"width\":225,\"height\":225},{\"@type\":\"BreadcrumbList\",\"@id\":\"https:\\\/\\\/crocjeux.com\\\/index.php\\\/produit\\\/lappel-de-cthulhu-berlin-la-depravee\\\/#breadcrumb\",\"itemListElement\":[{\"@type\":\"ListItem\",\"position\":1,\"name\":\"Accueil\",\"item\":\"https:\\\/\\\/crocjeux.com\\\/\"},{\"@type\":\"ListItem\",\"position\":2,\"name\":\"Boutique\",\"item\":\"https:\\\/\\\/crocjeux.com\\\/\"},{\"@type\":\"ListItem\",\"position\":3,\"name\":\"L&#8217;Appel de Cthulhu : Berlin la D\u00e9prav\u00e9e\"}]},{\"@type\":\"WebSite\",\"@id\":\"https:\\\/\\\/crocjeux.com\\\/#website\",\"url\":\"https:\\\/\\\/crocjeux.com\\\/\",\"name\":\"Croc Jeux\",\"description\":\"Bienvenue chez Croc Jeux!\",\"publisher\":{\"@id\":\"https:\\\/\\\/crocjeux.com\\\/#organization\"},\"potentialAction\":[{\"@type\":\"SearchAction\",\"target\":{\"@type\":\"EntryPoint\",\"urlTemplate\":\"https:\\\/\\\/crocjeux.com\\\/?s={search_term_string}\"},\"query-input\":{\"@type\":\"PropertyValueSpecification\",\"valueRequired\":true,\"valueName\":\"search_term_string\"}}],\"inLanguage\":\"fr-FR\"},{\"@type\":\"Organization\",\"@id\":\"https:\\\/\\\/crocjeux.com\\\/#organization\",\"name\":\"Croc Jeux\",\"url\":\"https:\\\/\\\/crocjeux.com\\\/\",\"logo\":{\"@type\":\"ImageObject\",\"inLanguage\":\"fr-FR\",\"@id\":\"https:\\\/\\\/crocjeux.com\\\/#\\\/schema\\\/logo\\\/image\\\/\",\"url\":\"https:\\\/\\\/crocjeux.com\\\/wp-content\\\/uploads\\\/2022\\\/01\\\/cropped-logo-croc-etape-1-e1644574034239.jpg\",\"contentUrl\":\"https:\\\/\\\/crocjeux.com\\\/wp-content\\\/uploads\\\/2022\\\/01\\\/cropped-logo-croc-etape-1-e1644574034239.jpg\",\"width\":1224,\"height\":314,\"caption\":\"Croc Jeux\"},\"image\":{\"@id\":\"https:\\\/\\\/crocjeux.com\\\/#\\\/schema\\\/logo\\\/image\\\/\"}}]}<\/script>\n<!-- \/ Yoast SEO plugin. -->","yoast_head_json":{"title":"L'Appel de Cthulhu : Berlin la D\u00e9prav\u00e9e - Croc Jeux","robots":{"index":"index","follow":"follow","max-snippet":"max-snippet:-1","max-image-preview":"max-image-preview:large","max-video-preview":"max-video-preview:-1"},"canonical":"https:\/\/crocjeux.com\/index.php\/produit\/lappel-de-cthulhu-berlin-la-depravee\/","og_locale":"fr_FR","og_type":"article","og_title":"L'Appel de Cthulhu : Berlin la D\u00e9prav\u00e9e - Croc Jeux","og_description":"Berlin, durant l\u2019entre-deux-guerres, c\u2019est la capitale de la libert\u00e9, des arts, de la d\u00e9bauche, mais votre vie n\u2019y tient qu\u2019\u00e0","og_url":"https:\/\/crocjeux.com\/index.php\/produit\/lappel-de-cthulhu-berlin-la-depravee\/","og_site_name":"Croc Jeux","article_modified_time":"2023-09-11T14:35:01+00:00","og_image":[{"width":225,"height":225,"url":"https:\/\/crocjeux.com\/wp-content\/uploads\/2023\/09\/berlin-la-deprav.jpg","type":"image\/jpeg"}],"twitter_card":"summary_large_image","twitter_misc":{"Dur\u00e9e de lecture estim\u00e9e":"1 minute"},"schema":{"@context":"https:\/\/schema.org","@graph":[{"@type":"WebPage","@id":"https:\/\/crocjeux.com\/index.php\/produit\/lappel-de-cthulhu-berlin-la-depravee\/","url":"https:\/\/crocjeux.com\/index.php\/produit\/lappel-de-cthulhu-berlin-la-depravee\/","name":"L'Appel de Cthulhu : Berlin la D\u00e9prav\u00e9e - Croc Jeux","isPartOf":{"@id":"https:\/\/crocjeux.com\/#website"},"primaryImageOfPage":{"@id":"https:\/\/crocjeux.com\/index.php\/produit\/lappel-de-cthulhu-berlin-la-depravee\/#primaryimage"},"image":{"@id":"https:\/\/crocjeux.com\/index.php\/produit\/lappel-de-cthulhu-berlin-la-depravee\/#primaryimage"},"thumbnailUrl":"https:\/\/crocjeux.com\/wp-content\/uploads\/2023\/09\/berlin-la-deprav.jpg","datePublished":"2023-09-11T14:34:59+00:00","dateModified":"2023-09-11T14:35:01+00:00","breadcrumb":{"@id":"https:\/\/crocjeux.com\/index.php\/produit\/lappel-de-cthulhu-berlin-la-depravee\/#breadcrumb"},"inLanguage":"fr-FR","potentialAction":[{"@type":"ReadAction","target":["https:\/\/crocjeux.com\/index.php\/produit\/lappel-de-cthulhu-berlin-la-depravee\/"]}]},{"@type":"ImageObject","inLanguage":"fr-FR","@id":"https:\/\/crocjeux.com\/index.php\/produit\/lappel-de-cthulhu-berlin-la-depravee\/#primaryimage","url":"https:\/\/crocjeux.com\/wp-content\/uploads\/2023\/09\/berlin-la-deprav.jpg","contentUrl":"https:\/\/crocjeux.com\/wp-content\/uploads\/2023\/09\/berlin-la-deprav.jpg","width":225,"height":225},{"@type":"BreadcrumbList","@id":"https:\/\/crocjeux.com\/index.php\/produit\/lappel-de-cthulhu-berlin-la-depravee\/#breadcrumb","itemListElement":[{"@type":"ListItem","position":1,"name":"Accueil","item":"https:\/\/crocjeux.com\/"},{"@type":"ListItem","position":2,"name":"Boutique","item":"https:\/\/crocjeux.com\/"},{"@type":"ListItem","position":3,"name":"L&#8217;Appel de Cthulhu : Berlin la D\u00e9prav\u00e9e"}]},{"@type":"WebSite","@id":"https:\/\/crocjeux.com\/#website","url":"https:\/\/crocjeux.com\/","name":"Croc Jeux","description":"Bienvenue chez Croc Jeux!","publisher":{"@id":"https:\/\/crocjeux.com\/#organization"},"potentialAction":[{"@type":"SearchAction","target":{"@type":"EntryPoint","urlTemplate":"https:\/\/crocjeux.com\/?s={search_term_string}"},"query-input":{"@type":"PropertyValueSpecification","valueRequired":true,"valueName":"search_term_string"}}],"inLanguage":"fr-FR"},{"@type":"Organization","@id":"https:\/\/crocjeux.com\/#organization","name":"Croc Jeux","url":"https:\/\/crocjeux.com\/","logo":{"@type":"ImageObject","inLanguage":"fr-FR","@id":"https:\/\/crocjeux.com\/#\/schema\/logo\/image\/","url":"https:\/\/crocjeux.com\/wp-content\/uploads\/2022\/01\/cropped-logo-croc-etape-1-e1644574034239.jpg","contentUrl":"https:\/\/crocjeux.com\/wp-content\/uploads\/2022\/01\/cropped-logo-croc-etape-1-e1644574034239.jpg","width":1224,"height":314,"caption":"Croc Jeux"},"image":{"@id":"https:\/\/crocjeux.com\/#\/schema\/logo\/image\/"}}]}},"_links":{"self":[{"href":"https:\/\/crocjeux.com\/index.php\/wp-json\/wp\/v2\/product\/5556","targetHints":{"allow":["GET"]}}],"collection":[{"href":"https:\/\/crocjeux.com\/index.php\/wp-json\/wp\/v2\/product"}],"about":[{"href":"https:\/\/crocjeux.com\/index.php\/wp-json\/wp\/v2\/types\/product"}],"replies":[{"embeddable":true,"href":"https:\/\/crocjeux.com\/index.php\/wp-json\/wp\/v2\/comments?post=5556"}],"wp:featuredmedia":[{"embeddable":true,"href":"https:\/\/crocjeux.com\/index.php\/wp-json\/wp\/v2\/media\/5557"}],"wp:attachment":[{"href":"https:\/\/crocjeux.com\/index.php\/wp-json\/wp\/v2\/media?parent=5556"}],"wp:term":[{"taxonomy":"product_brand","embeddable":true,"href":"https:\/\/crocjeux.com\/index.php\/wp-json\/wp\/v2\/product_brand?post=5556"},{"taxonomy":"product_cat","embeddable":true,"href":"https:\/\/crocjeux.com\/index.php\/wp-json\/wp\/v2\/product_cat?post=5556"},{"taxonomy":"product_tag","embeddable":true,"href":"https:\/\/crocjeux.com\/index.php\/wp-json\/wp\/v2\/product_tag?post=5556"}],"curies":[{"name":"wp","href":"https:\/\/api.w.org\/{rel}","templated":true}]}}