{"id":5572,"date":"2023-09-14T16:15:50","date_gmt":"2023-09-14T15:15:50","guid":{"rendered":"https:\/\/crocjeux.com\/?post_type=product&#038;p=5572"},"modified":"2023-09-14T16:15:51","modified_gmt":"2023-09-14T15:15:51","slug":"fluffy-valley","status":"publish","type":"product","link":"https:\/\/crocjeux.com\/index.php\/produit\/fluffy-valley\/","title":{"rendered":"Fluffy Valley"},"content":{"rendered":"<p>Fluffy Valley est un jeu coop\u00e9ratif. Stockez dans votre Terrier toutes les ressources n\u00e9cessaires pour passer l\u2019hiver avant la fin de la 9\u00e8me manche.<\/p>\n<p>La partie se d\u00e9roule en une succession de manches. A chaque manche, chacun de leur tour les joueurs vont d\u00e9placer un chien de Prairie pour r\u00e9aliser une action du plateau Prairie.<\/p>\n<p>R\u00e9coltez des baies, \u00e9changez les pourries contre de nouvelles app\u00e9tissantes ressources ou un bon nid de paille douillet, allez emb\u00eater le renard ou d\u00e9barrassez-vous des belettes, tout est bon pour nos petites boules de poils.<\/p>\n<p>Hiver confortable ou rude, tout d\u00e9pendra de votre gestion et de l\u2019anticipation mise en place pendant la partie.<\/p>\n","protected":false},"excerpt":{"rendered":"<p><span class=\"PBLongTxt PBItemDesc ng-scope ng-isolate-scope c-app-product-tabs c-app-product-tabs--accordion\"> Un jeu coop\u00e9ratif et immersif pour s&rsquo;initier au jeu de placement<\/span><\/p>\n","protected":false},"featured_media":5573,"comment_status":"open","ping_status":"closed","template":"","meta":{"colormag_page_container_layout":"default_layout","colormag_page_sidebar_layout":"default_layout"},"product_brand":[],"product_cat":[30,33,36,29],"product_tag":[],"class_list":{"0":"post-5572","1":"product","2":"type-product","3":"status-publish","4":"has-post-thumbnail","6":"product_cat-jeux-collaboratifs","7":"product_cat-jeux-enfants","8":"product_cat-jeux-familiaux","9":"product_cat-jeux-2-joueurs","11":"first","12":"instock","13":"taxable","14":"shipping-taxable","15":"purchasable","16":"product-type-simple"},"yoast_head":"<!-- This site is optimized with the Yoast SEO plugin v27.1.1 - https:\/\/yoast.com\/product\/yoast-seo-wordpress\/ -->\n<title>Fluffy Valley - Croc Jeux<\/title>\n<meta name=\"description\" content=\"Un jeu coop\u00e9ratif et immersif pour s&#039;initier au jeu de placement\" \/>\n<meta name=\"robots\" content=\"index, follow, max-snippet:-1, max-image-preview:large, max-video-preview:-1\" \/>\n<link rel=\"canonical\" href=\"https:\/\/crocjeux.com\/index.php\/produit\/fluffy-valley\/\" \/>\n<meta property=\"og:locale\" content=\"fr_FR\" \/>\n<meta property=\"og:type\" content=\"article\" \/>\n<meta property=\"og:title\" content=\"Fluffy Valley - Croc Jeux\" \/>\n<meta property=\"og:description\" content=\"Un jeu coop\u00e9ratif et immersif pour s&#039;initier au jeu de placement\" \/>\n<meta property=\"og:url\" content=\"https:\/\/crocjeux.com\/index.php\/produit\/fluffy-valley\/\" \/>\n<meta property=\"og:site_name\" content=\"Croc Jeux\" \/>\n<meta property=\"article:modified_time\" content=\"2023-09-14T15:15:51+00:00\" \/>\n<meta property=\"og:image\" content=\"https:\/\/crocjeux.com\/wp-content\/uploads\/2023\/09\/70115-LOKI-Fluffy-Valley-FR-Sortie-0923-_2x1200.jpg\" \/>\n\t<meta property=\"og:image:width\" content=\"1200\" \/>\n\t<meta property=\"og:image:height\" content=\"1200\" \/>\n\t<meta property=\"og:image:type\" content=\"image\/jpeg\" \/>\n<meta name=\"twitter:card\" content=\"summary_large_image\" \/>\n<meta name=\"twitter:label1\" content=\"Dur\u00e9e de lecture estim\u00e9e\" \/>\n\t<meta name=\"twitter:data1\" content=\"1 minute\" \/>\n<script type=\"application\/ld+json\" class=\"yoast-schema-graph\">{\"@context\":\"https:\/\/schema.org\",\"@graph\":[{\"@type\":\"WebPage\",\"@id\":\"https:\/\/crocjeux.com\/index.php\/produit\/fluffy-valley\/\",\"url\":\"https:\/\/crocjeux.com\/index.php\/produit\/fluffy-valley\/\",\"name\":\"Fluffy Valley - Croc Jeux\",\"isPartOf\":{\"@id\":\"https:\/\/crocjeux.com\/#website\"},\"primaryImageOfPage\":{\"@id\":\"https:\/\/crocjeux.com\/index.php\/produit\/fluffy-valley\/#primaryimage\"},\"image\":{\"@id\":\"https:\/\/crocjeux.com\/index.php\/produit\/fluffy-valley\/#primaryimage\"},\"thumbnailUrl\":\"https:\/\/crocjeux.com\/wp-content\/uploads\/2023\/09\/70115-LOKI-Fluffy-Valley-FR-Sortie-0923-_2x1200.jpg\",\"datePublished\":\"2023-09-14T15:15:50+00:00\",\"dateModified\":\"2023-09-14T15:15:51+00:00\",\"description\":\"Un jeu coop\u00e9ratif et immersif pour s'initier au jeu de placement\",\"breadcrumb\":{\"@id\":\"https:\/\/crocjeux.com\/index.php\/produit\/fluffy-valley\/#breadcrumb\"},\"inLanguage\":\"fr-FR\",\"potentialAction\":[{\"@type\":\"ReadAction\",\"target\":[\"https:\/\/crocjeux.com\/index.php\/produit\/fluffy-valley\/\"]}]},{\"@type\":\"ImageObject\",\"inLanguage\":\"fr-FR\",\"@id\":\"https:\/\/crocjeux.com\/index.php\/produit\/fluffy-valley\/#primaryimage\",\"url\":\"https:\/\/crocjeux.com\/wp-content\/uploads\/2023\/09\/70115-LOKI-Fluffy-Valley-FR-Sortie-0923-_2x1200.jpg\",\"contentUrl\":\"https:\/\/crocjeux.com\/wp-content\/uploads\/2023\/09\/70115-LOKI-Fluffy-Valley-FR-Sortie-0923-_2x1200.jpg\",\"width\":1200,\"height\":1200},{\"@type\":\"BreadcrumbList\",\"@id\":\"https:\/\/crocjeux.com\/index.php\/produit\/fluffy-valley\/#breadcrumb\",\"itemListElement\":[{\"@type\":\"ListItem\",\"position\":1,\"name\":\"Accueil\",\"item\":\"https:\/\/crocjeux.com\/\"},{\"@type\":\"ListItem\",\"position\":2,\"name\":\"Boutique\",\"item\":\"https:\/\/crocjeux.com\/\"},{\"@type\":\"ListItem\",\"position\":3,\"name\":\"Fluffy Valley\"}]},{\"@type\":\"WebSite\",\"@id\":\"https:\/\/crocjeux.com\/#website\",\"url\":\"https:\/\/crocjeux.com\/\",\"name\":\"Croc Jeux\",\"description\":\"Bienvenue chez Croc Jeux!\",\"publisher\":{\"@id\":\"https:\/\/crocjeux.com\/#organization\"},\"potentialAction\":[{\"@type\":\"SearchAction\",\"target\":{\"@type\":\"EntryPoint\",\"urlTemplate\":\"https:\/\/crocjeux.com\/?s={search_term_string}\"},\"query-input\":{\"@type\":\"PropertyValueSpecification\",\"valueRequired\":true,\"valueName\":\"search_term_string\"}}],\"inLanguage\":\"fr-FR\"},{\"@type\":\"Organization\",\"@id\":\"https:\/\/crocjeux.com\/#organization\",\"name\":\"Croc Jeux\",\"url\":\"https:\/\/crocjeux.com\/\",\"logo\":{\"@type\":\"ImageObject\",\"inLanguage\":\"fr-FR\",\"@id\":\"https:\/\/crocjeux.com\/#\/schema\/logo\/image\/\",\"url\":\"https:\/\/crocjeux.com\/wp-content\/uploads\/2022\/01\/cropped-logo-croc-etape-1-e1644574034239.jpg\",\"contentUrl\":\"https:\/\/crocjeux.com\/wp-content\/uploads\/2022\/01\/cropped-logo-croc-etape-1-e1644574034239.jpg\",\"width\":1224,\"height\":314,\"caption\":\"Croc Jeux\"},\"image\":{\"@id\":\"https:\/\/crocjeux.com\/#\/schema\/logo\/image\/\"}}]}<\/script>\n<!-- \/ Yoast SEO plugin. -->","yoast_head_json":{"title":"Fluffy Valley - Croc Jeux","description":"Un jeu coop\u00e9ratif et immersif pour s'initier au jeu de placement","robots":{"index":"index","follow":"follow","max-snippet":"max-snippet:-1","max-image-preview":"max-image-preview:large","max-video-preview":"max-video-preview:-1"},"canonical":"https:\/\/crocjeux.com\/index.php\/produit\/fluffy-valley\/","og_locale":"fr_FR","og_type":"article","og_title":"Fluffy Valley - Croc Jeux","og_description":"Un jeu coop\u00e9ratif et immersif pour s'initier au jeu de placement","og_url":"https:\/\/crocjeux.com\/index.php\/produit\/fluffy-valley\/","og_site_name":"Croc Jeux","article_modified_time":"2023-09-14T15:15:51+00:00","og_image":[{"width":1200,"height":1200,"url":"https:\/\/crocjeux.com\/wp-content\/uploads\/2023\/09\/70115-LOKI-Fluffy-Valley-FR-Sortie-0923-_2x1200.jpg","type":"image\/jpeg"}],"twitter_card":"summary_large_image","twitter_misc":{"Dur\u00e9e de lecture estim\u00e9e":"1 minute"},"schema":{"@context":"https:\/\/schema.org","@graph":[{"@type":"WebPage","@id":"https:\/\/crocjeux.com\/index.php\/produit\/fluffy-valley\/","url":"https:\/\/crocjeux.com\/index.php\/produit\/fluffy-valley\/","name":"Fluffy Valley - Croc Jeux","isPartOf":{"@id":"https:\/\/crocjeux.com\/#website"},"primaryImageOfPage":{"@id":"https:\/\/crocjeux.com\/index.php\/produit\/fluffy-valley\/#primaryimage"},"image":{"@id":"https:\/\/crocjeux.com\/index.php\/produit\/fluffy-valley\/#primaryimage"},"thumbnailUrl":"https:\/\/crocjeux.com\/wp-content\/uploads\/2023\/09\/70115-LOKI-Fluffy-Valley-FR-Sortie-0923-_2x1200.jpg","datePublished":"2023-09-14T15:15:50+00:00","dateModified":"2023-09-14T15:15:51+00:00","description":"Un jeu coop\u00e9ratif et immersif pour s'initier au jeu de placement","breadcrumb":{"@id":"https:\/\/crocjeux.com\/index.php\/produit\/fluffy-valley\/#breadcrumb"},"inLanguage":"fr-FR","potentialAction":[{"@type":"ReadAction","target":["https:\/\/crocjeux.com\/index.php\/produit\/fluffy-valley\/"]}]},{"@type":"ImageObject","inLanguage":"fr-FR","@id":"https:\/\/crocjeux.com\/index.php\/produit\/fluffy-valley\/#primaryimage","url":"https:\/\/crocjeux.com\/wp-content\/uploads\/2023\/09\/70115-LOKI-Fluffy-Valley-FR-Sortie-0923-_2x1200.jpg","contentUrl":"https:\/\/crocjeux.com\/wp-content\/uploads\/2023\/09\/70115-LOKI-Fluffy-Valley-FR-Sortie-0923-_2x1200.jpg","width":1200,"height":1200},{"@type":"BreadcrumbList","@id":"https:\/\/crocjeux.com\/index.php\/produit\/fluffy-valley\/#breadcrumb","itemListElement":[{"@type":"ListItem","position":1,"name":"Accueil","item":"https:\/\/crocjeux.com\/"},{"@type":"ListItem","position":2,"name":"Boutique","item":"https:\/\/crocjeux.com\/"},{"@type":"ListItem","position":3,"name":"Fluffy Valley"}]},{"@type":"WebSite","@id":"https:\/\/crocjeux.com\/#website","url":"https:\/\/crocjeux.com\/","name":"Croc Jeux","description":"Bienvenue chez Croc Jeux!","publisher":{"@id":"https:\/\/crocjeux.com\/#organization"},"potentialAction":[{"@type":"SearchAction","target":{"@type":"EntryPoint","urlTemplate":"https:\/\/crocjeux.com\/?s={search_term_string}"},"query-input":{"@type":"PropertyValueSpecification","valueRequired":true,"valueName":"search_term_string"}}],"inLanguage":"fr-FR"},{"@type":"Organization","@id":"https:\/\/crocjeux.com\/#organization","name":"Croc Jeux","url":"https:\/\/crocjeux.com\/","logo":{"@type":"ImageObject","inLanguage":"fr-FR","@id":"https:\/\/crocjeux.com\/#\/schema\/logo\/image\/","url":"https:\/\/crocjeux.com\/wp-content\/uploads\/2022\/01\/cropped-logo-croc-etape-1-e1644574034239.jpg","contentUrl":"https:\/\/crocjeux.com\/wp-content\/uploads\/2022\/01\/cropped-logo-croc-etape-1-e1644574034239.jpg","width":1224,"height":314,"caption":"Croc Jeux"},"image":{"@id":"https:\/\/crocjeux.com\/#\/schema\/logo\/image\/"}}]}},"_links":{"self":[{"href":"https:\/\/crocjeux.com\/index.php\/wp-json\/wp\/v2\/product\/5572","targetHints":{"allow":["GET"]}}],"collection":[{"href":"https:\/\/crocjeux.com\/index.php\/wp-json\/wp\/v2\/product"}],"about":[{"href":"https:\/\/crocjeux.com\/index.php\/wp-json\/wp\/v2\/types\/product"}],"replies":[{"embeddable":true,"href":"https:\/\/crocjeux.com\/index.php\/wp-json\/wp\/v2\/comments?post=5572"}],"wp:featuredmedia":[{"embeddable":true,"href":"https:\/\/crocjeux.com\/index.php\/wp-json\/wp\/v2\/media\/5573"}],"wp:attachment":[{"href":"https:\/\/crocjeux.com\/index.php\/wp-json\/wp\/v2\/media?parent=5572"}],"wp:term":[{"taxonomy":"product_brand","embeddable":true,"href":"https:\/\/crocjeux.com\/index.php\/wp-json\/wp\/v2\/product_brand?post=5572"},{"taxonomy":"product_cat","embeddable":true,"href":"https:\/\/crocjeux.com\/index.php\/wp-json\/wp\/v2\/product_cat?post=5572"},{"taxonomy":"product_tag","embeddable":true,"href":"https:\/\/crocjeux.com\/index.php\/wp-json\/wp\/v2\/product_tag?post=5572"}],"curies":[{"name":"wp","href":"https:\/\/api.w.org\/{rel}","templated":true}]}}