{"id":5688,"date":"2023-10-31T19:13:34","date_gmt":"2023-10-31T18:13:34","guid":{"rendered":"https:\/\/crocjeux.com\/?post_type=product&#038;p=5688"},"modified":"2024-06-05T14:50:27","modified_gmt":"2024-06-05T13:50:27","slug":"les-aventuriers-du-rail-legacy-legendes-de-louest","status":"publish","type":"product","link":"https:\/\/crocjeux.com\/index.php\/produit\/les-aventuriers-du-rail-legacy-legendes-de-louest\/","title":{"rendered":"Les Aventuriers du Rail Legacy : L\u00e9gendes de l\u2019Ouest"},"content":{"rendered":"<div><i>Au XIXe si\u00e8cle, l\u2019Am\u00e9rique est en plein boom \u00e9conomique. De nouvelles compagnies ferroviaires sont cr\u00e9\u00e9es et se livrent une lutte acharn\u00e9e pour r\u00e9pondre aux besoins d\u2019une population grandissante. N\u00e9gociants, dignitaires, nourriture et autres marchandises diverses doivent \u00eatre transport\u00e9es d\u2019un lieu \u00e0 un autre, et en toute s\u00e9curit\u00e9.\u00a0<\/i><\/div>\n<div><\/div>\n<div><i>Un enchev\u00eatrement complexe de lignes de chemin de fer sillonne alors l\u2019est du continent. Thaddeus Reeves est l\u2019un de ces jeunes entrepreneurs ambitieux. Son projet de connecter la nation enti\u00e8re est all\u00e9 au-del\u00e0 de ses plus folles esp\u00e9rances. Gr\u00e2ce \u00e0 ses lucratives lignes ferroviaires \u00e9tablies entre la c\u00f4te est et le Mississippi, sa compagnie Reeves Rails est promise \u00e0 un avenir des plus radieux.\u00a0<\/i><\/div>\n<div><\/div>\n<div><i>Mais une telle r\u00e9ussite n\u2019est pas au go\u00fbt de tous. Et certains barons du rail, avides et sans scrupules, \u00e9chafaudent des plans pour s\u2019emparer de l\u2019empire de Thaddeus. Les ann\u00e9es passent et Reeves Rails continue de cro\u00eetre et prosp\u00e9rer. Vous venez de cr\u00e9er votre propre compagnie ferroviaire et \u00eates pr\u00eat \u00e0 vous lancer \u00e0 votre tour dans cette incroyable aventure. Votre nouvelle ligne de train express va faire toute la diff\u00e9rence et dans la peinture de votre locomotive flambant neuve se refl\u00e8tent les promesses de r\u00e9ussite et de succ\u00e8s.<\/i><\/div>\n<div><\/div>\n<div><i>Des r\u00eaves plein la t\u00eate, vous ouvrez le journal et lisez les derni\u00e8res nouvelles de l\u2019ouest.<\/i><\/div>\n<div><\/div>\n<div><b>Les Aventuriers du Rail Legacy : L\u00e9gendes de l\u2019Ouest<\/b> vous offre l\u2019opportunit\u00e9 de retrouver votre jeu de trains favori tout en explorant l\u2019imaginaire de Rob Daviau, Matt Leacock et Alan R. Moon.<\/div>\n<div><\/div>\n<div>Montez \u00e0 bord et pr\u00e9parez-vous pour ce voyage qui, tout au long de ses douze parties, vous am\u00e8nera \u00e0 g\u00e9rer votre propre compagnie ferroviaire nord-am\u00e9ricaine et assurer sa prosp\u00e9rit\u00e9 tout au long d\u2019une campagne pleine de d\u00e9couvertes et d\u2019aventures.Compl\u00e9ter des tickets restera votre objectif principal, mais vous devrez \u00e9galement d\u00e9velopper d\u2019autres talents pour esp\u00e9rer faire face aux \u00e9v\u00e9nements inattendus et surclasser vos rivaux. Partie apr\u00e8s partie, route apr\u00e8s route, vous remplirez votre coffre-fort de pr\u00e9cieuses recettes. \u00c0 mesure que l\u2019histoire avancera, vous ouvrirez des bo\u00eetes r\u00e9gion qui d\u00e9bloqueront de nouveaux contenus, de nouvelles r\u00e8gles, et bien des surprises.<\/p>\n<p>Comme tous ceux de la gamme Les Aventuriers du Rail, ce jeu peut s\u2019apprendre tr\u00e8s vite. Mais il apportera une exp\u00e9rience de jeu bien plus immersive et narrative, qui devrait ravir tous les amateurs de la s\u00e9rie.<\/p>\n<p>Au terme des douze parties qui composent cette campagne Legacy, vous aurez transform\u00e9 votre jeu en une version personnelle et unique, sur laquelle vous pourrez continuer de jouer jusqu\u2019\u00e0 la fin des temps.<\/p>\n<\/div>\n","protected":false},"excerpt":{"rendered":"<p>Les Aventuriers du Rail Legacy : L\u00e9gendes de l\u2019Ouest est une exp\u00e9rience unique fa\u00e7onn\u00e9e par les choix du joueur. Chaque joueur a son propre r\u00f4le \u00e0 jouer, ce qui lui permet de changer la fa\u00e7on dont l&rsquo;histoire se d\u00e9roule. Associ\u00e9s \u00e0 des m\u00e9canismes \u00e9volutifs qui changent au fur et \u00e0 mesure que le jeu progresse, les joueurs vivront une nouvelle exp\u00e9rience \u00e0 chaque nouvelle partie.<\/p>\n","protected":false},"featured_media":5689,"comment_status":"open","ping_status":"closed","template":"","meta":{"colormag_page_container_layout":"default_layout","colormag_page_sidebar_layout":"default_layout"},"product_brand":[],"product_cat":[69],"product_tag":[],"class_list":{"0":"post-5688","1":"product","2":"type-product","3":"status-publish","4":"has-post-thumbnail","6":"product_cat-aventuriers-du-rail-jouez-a-deux","8":"first","9":"instock","10":"taxable","11":"shipping-taxable","12":"purchasable","13":"product-type-simple"},"yoast_head":"<!-- This site is optimized with the Yoast SEO plugin v27.4 - https:\/\/yoast.com\/product\/yoast-seo-wordpress\/ -->\n<title>Les Aventuriers du Rail Legacy : L\u00e9gendes de l\u2019Ouest - Croc Jeux<\/title>\n<meta name=\"description\" content=\"Les Aventuriers du Rail Legacy : L\u00e9gendes de l\u2019Ouest est une exp\u00e9rience unique fa\u00e7onn\u00e9e par les choix du joueur. Chaque joueur a son propre r\u00f4le \u00e0 jouer, ce qui lui permet de changer la fa\u00e7on dont l&#039;histoire se d\u00e9roule. Associ\u00e9s \u00e0 des m\u00e9canismes \u00e9volutifs qui changent au fur et \u00e0 mesure que le jeu progresse, les joueurs vivront une nouvelle exp\u00e9rience \u00e0 chaque nouvelle partie.\" \/>\n<meta name=\"robots\" content=\"index, follow, max-snippet:-1, max-image-preview:large, max-video-preview:-1\" \/>\n<link rel=\"canonical\" href=\"https:\/\/crocjeux.com\/index.php\/produit\/les-aventuriers-du-rail-legacy-legendes-de-louest\/\" \/>\n<meta property=\"og:locale\" content=\"fr_FR\" \/>\n<meta property=\"og:type\" content=\"article\" \/>\n<meta property=\"og:title\" content=\"Les Aventuriers du Rail Legacy : L\u00e9gendes de l\u2019Ouest - Croc Jeux\" \/>\n<meta property=\"og:description\" content=\"Les Aventuriers du Rail Legacy : L\u00e9gendes de l\u2019Ouest est une exp\u00e9rience unique fa\u00e7onn\u00e9e par les choix du joueur. Chaque joueur a son propre r\u00f4le \u00e0 jouer, ce qui lui permet de changer la fa\u00e7on dont l&#039;histoire se d\u00e9roule. Associ\u00e9s \u00e0 des m\u00e9canismes \u00e9volutifs qui changent au fur et \u00e0 mesure que le jeu progresse, les joueurs vivront une nouvelle exp\u00e9rience \u00e0 chaque nouvelle partie.\" \/>\n<meta property=\"og:url\" content=\"https:\/\/crocjeux.com\/index.php\/produit\/les-aventuriers-du-rail-legacy-legendes-de-louest\/\" \/>\n<meta property=\"og:site_name\" content=\"Croc Jeux\" \/>\n<meta property=\"article:modified_time\" content=\"2024-06-05T13:50:27+00:00\" \/>\n<meta property=\"og:image\" content=\"https:\/\/crocjeux.com\/wp-content\/uploads\/2023\/10\/les-aventuriers-du-rail-legacy-legendes-de-louest.jpg\" \/>\n\t<meta property=\"og:image:width\" content=\"372\" \/>\n\t<meta property=\"og:image:height\" content=\"372\" \/>\n\t<meta property=\"og:image:type\" content=\"image\/jpeg\" \/>\n<meta name=\"twitter:card\" content=\"summary_large_image\" \/>\n<meta name=\"twitter:label1\" content=\"Dur\u00e9e de lecture estim\u00e9e\" \/>\n\t<meta name=\"twitter:data1\" content=\"3 minutes\" \/>\n<script type=\"application\/ld+json\" class=\"yoast-schema-graph\">{\"@context\":\"https:\\\/\\\/schema.org\",\"@graph\":[{\"@type\":\"WebPage\",\"@id\":\"https:\\\/\\\/crocjeux.com\\\/index.php\\\/produit\\\/les-aventuriers-du-rail-legacy-legendes-de-louest\\\/\",\"url\":\"https:\\\/\\\/crocjeux.com\\\/index.php\\\/produit\\\/les-aventuriers-du-rail-legacy-legendes-de-louest\\\/\",\"name\":\"Les Aventuriers du Rail Legacy : L\u00e9gendes de l\u2019Ouest - Croc Jeux\",\"isPartOf\":{\"@id\":\"https:\\\/\\\/crocjeux.com\\\/#website\"},\"primaryImageOfPage\":{\"@id\":\"https:\\\/\\\/crocjeux.com\\\/index.php\\\/produit\\\/les-aventuriers-du-rail-legacy-legendes-de-louest\\\/#primaryimage\"},\"image\":{\"@id\":\"https:\\\/\\\/crocjeux.com\\\/index.php\\\/produit\\\/les-aventuriers-du-rail-legacy-legendes-de-louest\\\/#primaryimage\"},\"thumbnailUrl\":\"https:\\\/\\\/crocjeux.com\\\/wp-content\\\/uploads\\\/2023\\\/10\\\/les-aventuriers-du-rail-legacy-legendes-de-louest.jpg\",\"datePublished\":\"2023-10-31T18:13:34+00:00\",\"dateModified\":\"2024-06-05T13:50:27+00:00\",\"description\":\"Les Aventuriers du Rail Legacy : L\u00e9gendes de l\u2019Ouest est une exp\u00e9rience unique fa\u00e7onn\u00e9e par les choix du joueur. Chaque joueur a son propre r\u00f4le \u00e0 jouer, ce qui lui permet de changer la fa\u00e7on dont l'histoire se d\u00e9roule. Associ\u00e9s \u00e0 des m\u00e9canismes \u00e9volutifs qui changent au fur et \u00e0 mesure que le jeu progresse, les joueurs vivront une nouvelle exp\u00e9rience \u00e0 chaque nouvelle partie.\",\"breadcrumb\":{\"@id\":\"https:\\\/\\\/crocjeux.com\\\/index.php\\\/produit\\\/les-aventuriers-du-rail-legacy-legendes-de-louest\\\/#breadcrumb\"},\"inLanguage\":\"fr-FR\",\"potentialAction\":[{\"@type\":\"ReadAction\",\"target\":[\"https:\\\/\\\/crocjeux.com\\\/index.php\\\/produit\\\/les-aventuriers-du-rail-legacy-legendes-de-louest\\\/\"]}]},{\"@type\":\"ImageObject\",\"inLanguage\":\"fr-FR\",\"@id\":\"https:\\\/\\\/crocjeux.com\\\/index.php\\\/produit\\\/les-aventuriers-du-rail-legacy-legendes-de-louest\\\/#primaryimage\",\"url\":\"https:\\\/\\\/crocjeux.com\\\/wp-content\\\/uploads\\\/2023\\\/10\\\/les-aventuriers-du-rail-legacy-legendes-de-louest.jpg\",\"contentUrl\":\"https:\\\/\\\/crocjeux.com\\\/wp-content\\\/uploads\\\/2023\\\/10\\\/les-aventuriers-du-rail-legacy-legendes-de-louest.jpg\",\"width\":372,\"height\":372},{\"@type\":\"BreadcrumbList\",\"@id\":\"https:\\\/\\\/crocjeux.com\\\/index.php\\\/produit\\\/les-aventuriers-du-rail-legacy-legendes-de-louest\\\/#breadcrumb\",\"itemListElement\":[{\"@type\":\"ListItem\",\"position\":1,\"name\":\"Accueil\",\"item\":\"https:\\\/\\\/crocjeux.com\\\/\"},{\"@type\":\"ListItem\",\"position\":2,\"name\":\"Boutique\",\"item\":\"https:\\\/\\\/crocjeux.com\\\/\"},{\"@type\":\"ListItem\",\"position\":3,\"name\":\"Les Aventuriers du Rail Legacy : L\u00e9gendes de l\u2019Ouest\"}]},{\"@type\":\"WebSite\",\"@id\":\"https:\\\/\\\/crocjeux.com\\\/#website\",\"url\":\"https:\\\/\\\/crocjeux.com\\\/\",\"name\":\"Croc Jeux\",\"description\":\"Bienvenue chez Croc Jeux!\",\"publisher\":{\"@id\":\"https:\\\/\\\/crocjeux.com\\\/#organization\"},\"potentialAction\":[{\"@type\":\"SearchAction\",\"target\":{\"@type\":\"EntryPoint\",\"urlTemplate\":\"https:\\\/\\\/crocjeux.com\\\/?s={search_term_string}\"},\"query-input\":{\"@type\":\"PropertyValueSpecification\",\"valueRequired\":true,\"valueName\":\"search_term_string\"}}],\"inLanguage\":\"fr-FR\"},{\"@type\":\"Organization\",\"@id\":\"https:\\\/\\\/crocjeux.com\\\/#organization\",\"name\":\"Croc Jeux\",\"url\":\"https:\\\/\\\/crocjeux.com\\\/\",\"logo\":{\"@type\":\"ImageObject\",\"inLanguage\":\"fr-FR\",\"@id\":\"https:\\\/\\\/crocjeux.com\\\/#\\\/schema\\\/logo\\\/image\\\/\",\"url\":\"https:\\\/\\\/crocjeux.com\\\/wp-content\\\/uploads\\\/2022\\\/01\\\/cropped-logo-croc-etape-1-e1644574034239.jpg\",\"contentUrl\":\"https:\\\/\\\/crocjeux.com\\\/wp-content\\\/uploads\\\/2022\\\/01\\\/cropped-logo-croc-etape-1-e1644574034239.jpg\",\"width\":1224,\"height\":314,\"caption\":\"Croc Jeux\"},\"image\":{\"@id\":\"https:\\\/\\\/crocjeux.com\\\/#\\\/schema\\\/logo\\\/image\\\/\"}}]}<\/script>\n<!-- \/ Yoast SEO plugin. -->","yoast_head_json":{"title":"Les Aventuriers du Rail Legacy : L\u00e9gendes de l\u2019Ouest - Croc Jeux","description":"Les Aventuriers du Rail Legacy : L\u00e9gendes de l\u2019Ouest est une exp\u00e9rience unique fa\u00e7onn\u00e9e par les choix du joueur. Chaque joueur a son propre r\u00f4le \u00e0 jouer, ce qui lui permet de changer la fa\u00e7on dont l'histoire se d\u00e9roule. Associ\u00e9s \u00e0 des m\u00e9canismes \u00e9volutifs qui changent au fur et \u00e0 mesure que le jeu progresse, les joueurs vivront une nouvelle exp\u00e9rience \u00e0 chaque nouvelle partie.","robots":{"index":"index","follow":"follow","max-snippet":"max-snippet:-1","max-image-preview":"max-image-preview:large","max-video-preview":"max-video-preview:-1"},"canonical":"https:\/\/crocjeux.com\/index.php\/produit\/les-aventuriers-du-rail-legacy-legendes-de-louest\/","og_locale":"fr_FR","og_type":"article","og_title":"Les Aventuriers du Rail Legacy : L\u00e9gendes de l\u2019Ouest - Croc Jeux","og_description":"Les Aventuriers du Rail Legacy : L\u00e9gendes de l\u2019Ouest est une exp\u00e9rience unique fa\u00e7onn\u00e9e par les choix du joueur. Chaque joueur a son propre r\u00f4le \u00e0 jouer, ce qui lui permet de changer la fa\u00e7on dont l'histoire se d\u00e9roule. Associ\u00e9s \u00e0 des m\u00e9canismes \u00e9volutifs qui changent au fur et \u00e0 mesure que le jeu progresse, les joueurs vivront une nouvelle exp\u00e9rience \u00e0 chaque nouvelle partie.","og_url":"https:\/\/crocjeux.com\/index.php\/produit\/les-aventuriers-du-rail-legacy-legendes-de-louest\/","og_site_name":"Croc Jeux","article_modified_time":"2024-06-05T13:50:27+00:00","og_image":[{"width":372,"height":372,"url":"https:\/\/crocjeux.com\/wp-content\/uploads\/2023\/10\/les-aventuriers-du-rail-legacy-legendes-de-louest.jpg","type":"image\/jpeg"}],"twitter_card":"summary_large_image","twitter_misc":{"Dur\u00e9e de lecture estim\u00e9e":"3 minutes"},"schema":{"@context":"https:\/\/schema.org","@graph":[{"@type":"WebPage","@id":"https:\/\/crocjeux.com\/index.php\/produit\/les-aventuriers-du-rail-legacy-legendes-de-louest\/","url":"https:\/\/crocjeux.com\/index.php\/produit\/les-aventuriers-du-rail-legacy-legendes-de-louest\/","name":"Les Aventuriers du Rail Legacy : L\u00e9gendes de l\u2019Ouest - Croc Jeux","isPartOf":{"@id":"https:\/\/crocjeux.com\/#website"},"primaryImageOfPage":{"@id":"https:\/\/crocjeux.com\/index.php\/produit\/les-aventuriers-du-rail-legacy-legendes-de-louest\/#primaryimage"},"image":{"@id":"https:\/\/crocjeux.com\/index.php\/produit\/les-aventuriers-du-rail-legacy-legendes-de-louest\/#primaryimage"},"thumbnailUrl":"https:\/\/crocjeux.com\/wp-content\/uploads\/2023\/10\/les-aventuriers-du-rail-legacy-legendes-de-louest.jpg","datePublished":"2023-10-31T18:13:34+00:00","dateModified":"2024-06-05T13:50:27+00:00","description":"Les Aventuriers du Rail Legacy : L\u00e9gendes de l\u2019Ouest est une exp\u00e9rience unique fa\u00e7onn\u00e9e par les choix du joueur. Chaque joueur a son propre r\u00f4le \u00e0 jouer, ce qui lui permet de changer la fa\u00e7on dont l'histoire se d\u00e9roule. Associ\u00e9s \u00e0 des m\u00e9canismes \u00e9volutifs qui changent au fur et \u00e0 mesure que le jeu progresse, les joueurs vivront une nouvelle exp\u00e9rience \u00e0 chaque nouvelle partie.","breadcrumb":{"@id":"https:\/\/crocjeux.com\/index.php\/produit\/les-aventuriers-du-rail-legacy-legendes-de-louest\/#breadcrumb"},"inLanguage":"fr-FR","potentialAction":[{"@type":"ReadAction","target":["https:\/\/crocjeux.com\/index.php\/produit\/les-aventuriers-du-rail-legacy-legendes-de-louest\/"]}]},{"@type":"ImageObject","inLanguage":"fr-FR","@id":"https:\/\/crocjeux.com\/index.php\/produit\/les-aventuriers-du-rail-legacy-legendes-de-louest\/#primaryimage","url":"https:\/\/crocjeux.com\/wp-content\/uploads\/2023\/10\/les-aventuriers-du-rail-legacy-legendes-de-louest.jpg","contentUrl":"https:\/\/crocjeux.com\/wp-content\/uploads\/2023\/10\/les-aventuriers-du-rail-legacy-legendes-de-louest.jpg","width":372,"height":372},{"@type":"BreadcrumbList","@id":"https:\/\/crocjeux.com\/index.php\/produit\/les-aventuriers-du-rail-legacy-legendes-de-louest\/#breadcrumb","itemListElement":[{"@type":"ListItem","position":1,"name":"Accueil","item":"https:\/\/crocjeux.com\/"},{"@type":"ListItem","position":2,"name":"Boutique","item":"https:\/\/crocjeux.com\/"},{"@type":"ListItem","position":3,"name":"Les Aventuriers du Rail Legacy : L\u00e9gendes de l\u2019Ouest"}]},{"@type":"WebSite","@id":"https:\/\/crocjeux.com\/#website","url":"https:\/\/crocjeux.com\/","name":"Croc Jeux","description":"Bienvenue chez Croc Jeux!","publisher":{"@id":"https:\/\/crocjeux.com\/#organization"},"potentialAction":[{"@type":"SearchAction","target":{"@type":"EntryPoint","urlTemplate":"https:\/\/crocjeux.com\/?s={search_term_string}"},"query-input":{"@type":"PropertyValueSpecification","valueRequired":true,"valueName":"search_term_string"}}],"inLanguage":"fr-FR"},{"@type":"Organization","@id":"https:\/\/crocjeux.com\/#organization","name":"Croc Jeux","url":"https:\/\/crocjeux.com\/","logo":{"@type":"ImageObject","inLanguage":"fr-FR","@id":"https:\/\/crocjeux.com\/#\/schema\/logo\/image\/","url":"https:\/\/crocjeux.com\/wp-content\/uploads\/2022\/01\/cropped-logo-croc-etape-1-e1644574034239.jpg","contentUrl":"https:\/\/crocjeux.com\/wp-content\/uploads\/2022\/01\/cropped-logo-croc-etape-1-e1644574034239.jpg","width":1224,"height":314,"caption":"Croc Jeux"},"image":{"@id":"https:\/\/crocjeux.com\/#\/schema\/logo\/image\/"}}]}},"_links":{"self":[{"href":"https:\/\/crocjeux.com\/index.php\/wp-json\/wp\/v2\/product\/5688","targetHints":{"allow":["GET"]}}],"collection":[{"href":"https:\/\/crocjeux.com\/index.php\/wp-json\/wp\/v2\/product"}],"about":[{"href":"https:\/\/crocjeux.com\/index.php\/wp-json\/wp\/v2\/types\/product"}],"replies":[{"embeddable":true,"href":"https:\/\/crocjeux.com\/index.php\/wp-json\/wp\/v2\/comments?post=5688"}],"wp:featuredmedia":[{"embeddable":true,"href":"https:\/\/crocjeux.com\/index.php\/wp-json\/wp\/v2\/media\/5689"}],"wp:attachment":[{"href":"https:\/\/crocjeux.com\/index.php\/wp-json\/wp\/v2\/media?parent=5688"}],"wp:term":[{"taxonomy":"product_brand","embeddable":true,"href":"https:\/\/crocjeux.com\/index.php\/wp-json\/wp\/v2\/product_brand?post=5688"},{"taxonomy":"product_cat","embeddable":true,"href":"https:\/\/crocjeux.com\/index.php\/wp-json\/wp\/v2\/product_cat?post=5688"},{"taxonomy":"product_tag","embeddable":true,"href":"https:\/\/crocjeux.com\/index.php\/wp-json\/wp\/v2\/product_tag?post=5688"}],"curies":[{"name":"wp","href":"https:\/\/api.w.org\/{rel}","templated":true}]}}