{"id":574,"date":"2020-11-07T13:29:52","date_gmt":"2020-11-07T12:29:52","guid":{"rendered":"https:\/\/crocjeux.com\/?post_type=product&#038;p=574"},"modified":"2025-02-04T13:23:41","modified_gmt":"2025-02-04T12:23:41","slug":"just-one-2","status":"publish","type":"product","link":"https:\/\/crocjeux.com\/index.php\/produit\/just-one-2\/","title":{"rendered":"Just One"},"content":{"rendered":"<section id=\"tab-description\" class=\"page-product-box r-tabs-panel r-tabs-state-active\">\n<div class=\"rte\">\n<h2>Un jeu d&rsquo;ambiance coop\u00e9ratif<\/h2>\n<div>Just One est un party game coop\u00e9ratif dans lequel les joueurs jouent tous ensemble pour d\u00e9couvrir le plus de mots myst\u00e8res.<\/div>\n<div><\/div>\n<div>Pour obtenir le score le plus \u00e9lev\u00e9, vous devrez trouver le meilleur indice pour aider votre \u00e9quipier. Mais attention, vous devrez imp\u00e9rativement \u00eatre original, car tous les indices identiques seront annul\u00e9s !<\/div>\n<div><\/div>\n<div>\n<div>Les joueurs doivent faire deviner un mot Myst\u00e8re \u00e0 l\u2019un des joueurs en \u00e9crivant chacun, secr\u00e8tement, un indice sur son chevalet. Sans concertation, les joueurs r\u00e9fl\u00e9chissent au meilleur indice \u00e0 faire deviner au joueur actif. Il faudra alors veiller \u00e0 ne pas choisir un mot trop banal ou trop \u00e9vident, car seuls les indices uniques seront conserv\u00e9s pour aider le joueur \u00e0 d\u00e9couvrir le mot Myst\u00e8re.<\/div>\n<div><\/div>\n<div>\u00c0 la fin de la partie, calculez votre score en fonction du nombre de mots Myst\u00e8re trouv\u00e9s.<\/div>\n<div><\/div>\n<\/div>\n<h2>D\u00e9roulement d&rsquo;une partie<\/h2>\n<div>\n<p>Une partie se d\u00e9roule en plusieurs tours et se termine lorsque la pile de mots Myst\u00e8re est \u00e9puis\u00e9e. Un tour se compose de 4 phases :<\/p>\n<ul>\n<li>La s\u00e9lection du mot Myst\u00e8re : le joueur actif pioche une carte puis choisit un num\u00e9ro entre 1 et 5 : il s\u2019agit du mot myst\u00e8re.<\/li>\n<li>Le choix des indices : les autres joueurs \u00e9crivent un mot sur leur tableau pour aider le joueur actif \u00e0 deviner le mot. Les joueurs n&rsquo;ont pas le droit de se concerter.<\/li>\n<li>La comparaison des indices : les joueurs (hors joueur actif) comparent leurs mots. Et \u00e9liminent ceux qui sont identiques !<\/li>\n<li>La r\u00e9ponse : le joueur actif essaie de deviner le mot Myst\u00e8re avec les indices restants.<\/li>\n<\/ul>\n<\/div>\n<div>\n<h2>Calcul des points<\/h2>\n<p>Une partie se joue en 13 cartes. Le but est donc d\u2019obtenir le score le plus proche de 13. En cas de bonne r\u00e9ponse, les joueurs marquent 1 point. En cas de mauvaise r\u00e9ponse, ils perdent la carte \u00e0 deviner ainsi que la premi\u00e8re carte de la pile. Ils perdent donc 2 points. En cas de non-proposition, les joueurs perdent uniquement la carte \u00e0 deviner, donc 1 point.<\/p>\n<p>Ne vous pr\u00e9cipitez pas !<\/p>\n<h2>Just One, un jeu prim\u00e9<\/h2>\n<\/div>\n<div>Just One est la r\u00e9\u00e9dition de \u00ab\u00a0We Are The Word\u00a0\u00bb. Le jeu a obtenu le Spiel des Jahres 2019, l&rsquo;un des prix les plus renomm\u00e9s dans le milieu du jeu de soci\u00e9t\u00e9.<\/div>\n<\/div>\n<div><\/div>\n<div>Contenu:<\/div>\n<ul>\n<li>110 cartes<\/li>\n<li>7 chevalets<\/li>\n<li>7 feutres effa\u00e7ables<\/li>\n<li>1 livret de r\u00e8gles<\/li>\n<\/ul>\n<\/section>\n","protected":false},"excerpt":{"rendered":"<p>Un jeu d&rsquo;ambiance coop\u00e9ratif Just One est un party game coop\u00e9ratif dans lequel les joueurs jouent tous ensemble pour d\u00e9couvrir<\/p>\n","protected":false},"featured_media":575,"comment_status":"open","ping_status":"closed","template":"","meta":{"colormag_page_container_layout":"default_layout","colormag_page_sidebar_layout":"default_layout"},"product_brand":[],"product_cat":[30,40,36],"product_tag":[],"class_list":{"0":"post-574","1":"product","2":"type-product","3":"status-publish","4":"has-post-thumbnail","6":"product_cat-jeux-collaboratifs","7":"product_cat-jeux-dambiance","8":"product_cat-jeux-familiaux","10":"first","11":"instock","12":"taxable","13":"shipping-taxable","14":"purchasable","15":"product-type-simple"},"yoast_head":"<!-- This site is optimized with the Yoast SEO plugin v27.1.1 - https:\/\/yoast.com\/product\/yoast-seo-wordpress\/ -->\n<title>Just One - Croc Jeux<\/title>\n<meta name=\"robots\" content=\"index, follow, max-snippet:-1, max-image-preview:large, max-video-preview:-1\" \/>\n<link rel=\"canonical\" href=\"https:\/\/crocjeux.com\/index.php\/produit\/just-one-2\/\" \/>\n<meta property=\"og:locale\" content=\"fr_FR\" \/>\n<meta property=\"og:type\" content=\"article\" \/>\n<meta property=\"og:title\" content=\"Just One - Croc Jeux\" \/>\n<meta property=\"og:description\" content=\"Un jeu d&rsquo;ambiance coop\u00e9ratif Just One est un party game coop\u00e9ratif dans lequel les joueurs jouent tous ensemble pour d\u00e9couvrir\" \/>\n<meta property=\"og:url\" content=\"https:\/\/crocjeux.com\/index.php\/produit\/just-one-2\/\" \/>\n<meta property=\"og:site_name\" content=\"Croc Jeux\" \/>\n<meta property=\"article:modified_time\" content=\"2025-02-04T12:23:41+00:00\" \/>\n<meta property=\"og:image\" content=\"https:\/\/crocjeux.com\/wp-content\/uploads\/2020\/11\/just-one-repos-production.jpg\" \/>\n\t<meta property=\"og:image:width\" content=\"800\" \/>\n\t<meta property=\"og:image:height\" content=\"800\" \/>\n\t<meta property=\"og:image:type\" content=\"image\/jpeg\" \/>\n<meta name=\"twitter:card\" content=\"summary_large_image\" \/>\n<meta name=\"twitter:label1\" content=\"Dur\u00e9e de lecture estim\u00e9e\" \/>\n\t<meta name=\"twitter:data1\" content=\"2 minutes\" \/>\n<script type=\"application\/ld+json\" class=\"yoast-schema-graph\">{\"@context\":\"https:\/\/schema.org\",\"@graph\":[{\"@type\":\"WebPage\",\"@id\":\"https:\/\/crocjeux.com\/index.php\/produit\/just-one-2\/\",\"url\":\"https:\/\/crocjeux.com\/index.php\/produit\/just-one-2\/\",\"name\":\"Just One - Croc Jeux\",\"isPartOf\":{\"@id\":\"https:\/\/crocjeux.com\/#website\"},\"primaryImageOfPage\":{\"@id\":\"https:\/\/crocjeux.com\/index.php\/produit\/just-one-2\/#primaryimage\"},\"image\":{\"@id\":\"https:\/\/crocjeux.com\/index.php\/produit\/just-one-2\/#primaryimage\"},\"thumbnailUrl\":\"https:\/\/crocjeux.com\/wp-content\/uploads\/2020\/11\/just-one-repos-production.jpg\",\"datePublished\":\"2020-11-07T12:29:52+00:00\",\"dateModified\":\"2025-02-04T12:23:41+00:00\",\"breadcrumb\":{\"@id\":\"https:\/\/crocjeux.com\/index.php\/produit\/just-one-2\/#breadcrumb\"},\"inLanguage\":\"fr-FR\",\"potentialAction\":[{\"@type\":\"ReadAction\",\"target\":[\"https:\/\/crocjeux.com\/index.php\/produit\/just-one-2\/\"]}]},{\"@type\":\"ImageObject\",\"inLanguage\":\"fr-FR\",\"@id\":\"https:\/\/crocjeux.com\/index.php\/produit\/just-one-2\/#primaryimage\",\"url\":\"https:\/\/crocjeux.com\/wp-content\/uploads\/2020\/11\/just-one-repos-production.jpg\",\"contentUrl\":\"https:\/\/crocjeux.com\/wp-content\/uploads\/2020\/11\/just-one-repos-production.jpg\",\"width\":800,\"height\":800},{\"@type\":\"BreadcrumbList\",\"@id\":\"https:\/\/crocjeux.com\/index.php\/produit\/just-one-2\/#breadcrumb\",\"itemListElement\":[{\"@type\":\"ListItem\",\"position\":1,\"name\":\"Accueil\",\"item\":\"https:\/\/crocjeux.com\/\"},{\"@type\":\"ListItem\",\"position\":2,\"name\":\"Boutique\",\"item\":\"https:\/\/crocjeux.com\/\"},{\"@type\":\"ListItem\",\"position\":3,\"name\":\"Just One\"}]},{\"@type\":\"WebSite\",\"@id\":\"https:\/\/crocjeux.com\/#website\",\"url\":\"https:\/\/crocjeux.com\/\",\"name\":\"Croc Jeux\",\"description\":\"Bienvenue chez Croc Jeux!\",\"publisher\":{\"@id\":\"https:\/\/crocjeux.com\/#organization\"},\"potentialAction\":[{\"@type\":\"SearchAction\",\"target\":{\"@type\":\"EntryPoint\",\"urlTemplate\":\"https:\/\/crocjeux.com\/?s={search_term_string}\"},\"query-input\":{\"@type\":\"PropertyValueSpecification\",\"valueRequired\":true,\"valueName\":\"search_term_string\"}}],\"inLanguage\":\"fr-FR\"},{\"@type\":\"Organization\",\"@id\":\"https:\/\/crocjeux.com\/#organization\",\"name\":\"Croc Jeux\",\"url\":\"https:\/\/crocjeux.com\/\",\"logo\":{\"@type\":\"ImageObject\",\"inLanguage\":\"fr-FR\",\"@id\":\"https:\/\/crocjeux.com\/#\/schema\/logo\/image\/\",\"url\":\"https:\/\/crocjeux.com\/wp-content\/uploads\/2022\/01\/cropped-logo-croc-etape-1-e1644574034239.jpg\",\"contentUrl\":\"https:\/\/crocjeux.com\/wp-content\/uploads\/2022\/01\/cropped-logo-croc-etape-1-e1644574034239.jpg\",\"width\":1224,\"height\":314,\"caption\":\"Croc Jeux\"},\"image\":{\"@id\":\"https:\/\/crocjeux.com\/#\/schema\/logo\/image\/\"}}]}<\/script>\n<!-- \/ Yoast SEO plugin. -->","yoast_head_json":{"title":"Just One - Croc Jeux","robots":{"index":"index","follow":"follow","max-snippet":"max-snippet:-1","max-image-preview":"max-image-preview:large","max-video-preview":"max-video-preview:-1"},"canonical":"https:\/\/crocjeux.com\/index.php\/produit\/just-one-2\/","og_locale":"fr_FR","og_type":"article","og_title":"Just One - Croc Jeux","og_description":"Un jeu d&rsquo;ambiance coop\u00e9ratif Just One est un party game coop\u00e9ratif dans lequel les joueurs jouent tous ensemble pour d\u00e9couvrir","og_url":"https:\/\/crocjeux.com\/index.php\/produit\/just-one-2\/","og_site_name":"Croc Jeux","article_modified_time":"2025-02-04T12:23:41+00:00","og_image":[{"width":800,"height":800,"url":"https:\/\/crocjeux.com\/wp-content\/uploads\/2020\/11\/just-one-repos-production.jpg","type":"image\/jpeg"}],"twitter_card":"summary_large_image","twitter_misc":{"Dur\u00e9e de lecture estim\u00e9e":"2 minutes"},"schema":{"@context":"https:\/\/schema.org","@graph":[{"@type":"WebPage","@id":"https:\/\/crocjeux.com\/index.php\/produit\/just-one-2\/","url":"https:\/\/crocjeux.com\/index.php\/produit\/just-one-2\/","name":"Just One - Croc Jeux","isPartOf":{"@id":"https:\/\/crocjeux.com\/#website"},"primaryImageOfPage":{"@id":"https:\/\/crocjeux.com\/index.php\/produit\/just-one-2\/#primaryimage"},"image":{"@id":"https:\/\/crocjeux.com\/index.php\/produit\/just-one-2\/#primaryimage"},"thumbnailUrl":"https:\/\/crocjeux.com\/wp-content\/uploads\/2020\/11\/just-one-repos-production.jpg","datePublished":"2020-11-07T12:29:52+00:00","dateModified":"2025-02-04T12:23:41+00:00","breadcrumb":{"@id":"https:\/\/crocjeux.com\/index.php\/produit\/just-one-2\/#breadcrumb"},"inLanguage":"fr-FR","potentialAction":[{"@type":"ReadAction","target":["https:\/\/crocjeux.com\/index.php\/produit\/just-one-2\/"]}]},{"@type":"ImageObject","inLanguage":"fr-FR","@id":"https:\/\/crocjeux.com\/index.php\/produit\/just-one-2\/#primaryimage","url":"https:\/\/crocjeux.com\/wp-content\/uploads\/2020\/11\/just-one-repos-production.jpg","contentUrl":"https:\/\/crocjeux.com\/wp-content\/uploads\/2020\/11\/just-one-repos-production.jpg","width":800,"height":800},{"@type":"BreadcrumbList","@id":"https:\/\/crocjeux.com\/index.php\/produit\/just-one-2\/#breadcrumb","itemListElement":[{"@type":"ListItem","position":1,"name":"Accueil","item":"https:\/\/crocjeux.com\/"},{"@type":"ListItem","position":2,"name":"Boutique","item":"https:\/\/crocjeux.com\/"},{"@type":"ListItem","position":3,"name":"Just One"}]},{"@type":"WebSite","@id":"https:\/\/crocjeux.com\/#website","url":"https:\/\/crocjeux.com\/","name":"Croc Jeux","description":"Bienvenue chez Croc Jeux!","publisher":{"@id":"https:\/\/crocjeux.com\/#organization"},"potentialAction":[{"@type":"SearchAction","target":{"@type":"EntryPoint","urlTemplate":"https:\/\/crocjeux.com\/?s={search_term_string}"},"query-input":{"@type":"PropertyValueSpecification","valueRequired":true,"valueName":"search_term_string"}}],"inLanguage":"fr-FR"},{"@type":"Organization","@id":"https:\/\/crocjeux.com\/#organization","name":"Croc Jeux","url":"https:\/\/crocjeux.com\/","logo":{"@type":"ImageObject","inLanguage":"fr-FR","@id":"https:\/\/crocjeux.com\/#\/schema\/logo\/image\/","url":"https:\/\/crocjeux.com\/wp-content\/uploads\/2022\/01\/cropped-logo-croc-etape-1-e1644574034239.jpg","contentUrl":"https:\/\/crocjeux.com\/wp-content\/uploads\/2022\/01\/cropped-logo-croc-etape-1-e1644574034239.jpg","width":1224,"height":314,"caption":"Croc Jeux"},"image":{"@id":"https:\/\/crocjeux.com\/#\/schema\/logo\/image\/"}}]}},"_links":{"self":[{"href":"https:\/\/crocjeux.com\/index.php\/wp-json\/wp\/v2\/product\/574","targetHints":{"allow":["GET"]}}],"collection":[{"href":"https:\/\/crocjeux.com\/index.php\/wp-json\/wp\/v2\/product"}],"about":[{"href":"https:\/\/crocjeux.com\/index.php\/wp-json\/wp\/v2\/types\/product"}],"replies":[{"embeddable":true,"href":"https:\/\/crocjeux.com\/index.php\/wp-json\/wp\/v2\/comments?post=574"}],"wp:featuredmedia":[{"embeddable":true,"href":"https:\/\/crocjeux.com\/index.php\/wp-json\/wp\/v2\/media\/575"}],"wp:attachment":[{"href":"https:\/\/crocjeux.com\/index.php\/wp-json\/wp\/v2\/media?parent=574"}],"wp:term":[{"taxonomy":"product_brand","embeddable":true,"href":"https:\/\/crocjeux.com\/index.php\/wp-json\/wp\/v2\/product_brand?post=574"},{"taxonomy":"product_cat","embeddable":true,"href":"https:\/\/crocjeux.com\/index.php\/wp-json\/wp\/v2\/product_cat?post=574"},{"taxonomy":"product_tag","embeddable":true,"href":"https:\/\/crocjeux.com\/index.php\/wp-json\/wp\/v2\/product_tag?post=574"}],"curies":[{"name":"wp","href":"https:\/\/api.w.org\/{rel}","templated":true}]}}