{"id":584,"date":"2020-11-07T13:48:28","date_gmt":"2020-11-07T12:48:28","guid":{"rendered":"https:\/\/crocjeux.com\/?post_type=product&#038;p=584"},"modified":"2023-01-31T10:51:04","modified_gmt":"2023-01-31T09:51:04","slug":"codenames-images","status":"publish","type":"product","link":"https:\/\/crocjeux.com\/index.php\/produit\/codenames-images\/","title":{"rendered":"Codenames Images"},"content":{"rendered":"<section id=\"tab-description\" class=\"page-product-box r-tabs-panel r-tabs-state-active\">\n<div class=\"rte\">\n<p><strong>La version image du jeu culte<\/strong><\/p>\n<p><em>Laissez-vous tenter par la version image de Codenames. Pour jouer, devinez ou faites deviner des Images plus loufoques les unes que les autres. Plus accessible que la version classique, Codenames Images garde la m\u00eame profondeur de jeu tout en \u00e9tant plus visuel.<\/em><\/p>\n<p>Vous et votre rival connaissez les 20 cartes \u00e0 faire deviner. Votre \u00e9quipe parviendra-t-elle \u00e0 vous comprendre pour les retrouver ?<\/p>\n<p>Donnez un et un seul indice, qui peut \u00eatre en lien avec plusieurs cartes sur la table. Votre \u00e9quipe tente de les deviner gr\u00e2ce \u00e0 votre indice, tout en \u00e9vitant celles qui appartiennent \u00e0 l\u2019autre \u00e9quipe.<\/p>\n<p>Et surtout, ne faites jamais deviner l\u2019assassin, ou vous perdrez imm\u00e9diatement la partie !<\/p>\n<p>Contenu :<\/p>\n<ul>\n<li>7 tuiles \u00e9quipe Bleue<\/li>\n<li>7 tuiles \u00e9quipe Rouge<\/li>\n<li>1 tuile Extra<\/li>\n<li>4 Tuiles Neutre<\/li>\n<li>1 tuile Assassin<\/li>\n<li>140 cartes Image<\/li>\n<li>60 cartes Cl\u00e9<\/li>\n<li>1 support de carte Cl\u00e9<\/li>\n<li>1 livret de r\u00e8gles<\/li>\n<\/ul>\n<\/div>\n<\/section>\n","protected":false},"excerpt":{"rendered":"<p>Codenames Duo est un jeu coop\u00e9ratif pour 2 joueurs (ou plus) dans lequel vous devez retrouver tous vos Noms de Code avant la fin du temps imparti. Pour cela, vous devez, tour \u00e0 tour, deviner ou faire deviner vos Noms de Code en donnant le meilleur indice possible. Prenez garde \u00e0 ne pas tomber sur les redoutables Assassins qui r\u00f4dent !<\/p>\n","protected":false},"featured_media":585,"comment_status":"open","ping_status":"closed","template":"","meta":{"colormag_page_container_layout":"default_layout","colormag_page_sidebar_layout":"default_layout"},"product_brand":[],"product_cat":[43,30,40,29,37],"product_tag":[],"class_list":{"0":"post-584","1":"product","2":"type-product","3":"status-publish","4":"has-post-thumbnail","6":"product_cat-grand-classique","7":"product_cat-jeux-collaboratifs","8":"product_cat-jeux-dambiance","9":"product_cat-jeux-2-joueurs","10":"product_cat-ne-ratez-pas","12":"first","13":"instock","14":"taxable","15":"shipping-taxable","16":"purchasable","17":"product-type-simple"},"yoast_head":"<!-- This site is optimized with the Yoast SEO plugin v27.3 - https:\/\/yoast.com\/product\/yoast-seo-wordpress\/ -->\n<title>Codenames Images - Croc Jeux<\/title>\n<meta name=\"robots\" content=\"index, follow, max-snippet:-1, max-image-preview:large, max-video-preview:-1\" \/>\n<link rel=\"canonical\" href=\"https:\/\/crocjeux.com\/index.php\/produit\/codenames-images\/\" \/>\n<meta property=\"og:locale\" content=\"fr_FR\" \/>\n<meta property=\"og:type\" content=\"article\" \/>\n<meta property=\"og:title\" content=\"Codenames Images - Croc Jeux\" \/>\n<meta property=\"og:description\" content=\"Codenames Duo est un jeu coop\u00e9ratif pour 2 joueurs (ou plus) dans lequel vous devez retrouver tous vos Noms de Code avant la fin du temps imparti. Pour cela, vous devez, tour \u00e0 tour, deviner ou faire deviner vos Noms de Code en donnant le meilleur indice possible. Prenez garde \u00e0 ne pas tomber sur les redoutables Assassins qui r\u00f4dent !\" \/>\n<meta property=\"og:url\" content=\"https:\/\/crocjeux.com\/index.php\/produit\/codenames-images\/\" \/>\n<meta property=\"og:site_name\" content=\"Croc Jeux\" \/>\n<meta property=\"article:modified_time\" content=\"2023-01-31T09:51:04+00:00\" \/>\n<meta property=\"og:image\" content=\"https:\/\/crocjeux.com\/wp-content\/uploads\/2020\/11\/code-name-images-3367.jpg\" \/>\n\t<meta property=\"og:image:width\" content=\"700\" \/>\n\t<meta property=\"og:image:height\" content=\"971\" \/>\n\t<meta property=\"og:image:type\" content=\"image\/jpeg\" \/>\n<meta name=\"twitter:card\" content=\"summary_large_image\" \/>\n<meta name=\"twitter:label1\" content=\"Dur\u00e9e de lecture estim\u00e9e\" \/>\n\t<meta name=\"twitter:data1\" content=\"1 minute\" \/>\n<script type=\"application\/ld+json\" class=\"yoast-schema-graph\">{\"@context\":\"https:\\\/\\\/schema.org\",\"@graph\":[{\"@type\":\"WebPage\",\"@id\":\"https:\\\/\\\/crocjeux.com\\\/index.php\\\/produit\\\/codenames-images\\\/\",\"url\":\"https:\\\/\\\/crocjeux.com\\\/index.php\\\/produit\\\/codenames-images\\\/\",\"name\":\"Codenames Images - Croc Jeux\",\"isPartOf\":{\"@id\":\"https:\\\/\\\/crocjeux.com\\\/#website\"},\"primaryImageOfPage\":{\"@id\":\"https:\\\/\\\/crocjeux.com\\\/index.php\\\/produit\\\/codenames-images\\\/#primaryimage\"},\"image\":{\"@id\":\"https:\\\/\\\/crocjeux.com\\\/index.php\\\/produit\\\/codenames-images\\\/#primaryimage\"},\"thumbnailUrl\":\"https:\\\/\\\/crocjeux.com\\\/wp-content\\\/uploads\\\/2020\\\/11\\\/code-name-images-3367.jpg\",\"datePublished\":\"2020-11-07T12:48:28+00:00\",\"dateModified\":\"2023-01-31T09:51:04+00:00\",\"breadcrumb\":{\"@id\":\"https:\\\/\\\/crocjeux.com\\\/index.php\\\/produit\\\/codenames-images\\\/#breadcrumb\"},\"inLanguage\":\"fr-FR\",\"potentialAction\":[{\"@type\":\"ReadAction\",\"target\":[\"https:\\\/\\\/crocjeux.com\\\/index.php\\\/produit\\\/codenames-images\\\/\"]}]},{\"@type\":\"ImageObject\",\"inLanguage\":\"fr-FR\",\"@id\":\"https:\\\/\\\/crocjeux.com\\\/index.php\\\/produit\\\/codenames-images\\\/#primaryimage\",\"url\":\"https:\\\/\\\/crocjeux.com\\\/wp-content\\\/uploads\\\/2020\\\/11\\\/code-name-images-3367.jpg\",\"contentUrl\":\"https:\\\/\\\/crocjeux.com\\\/wp-content\\\/uploads\\\/2020\\\/11\\\/code-name-images-3367.jpg\",\"width\":700,\"height\":971},{\"@type\":\"BreadcrumbList\",\"@id\":\"https:\\\/\\\/crocjeux.com\\\/index.php\\\/produit\\\/codenames-images\\\/#breadcrumb\",\"itemListElement\":[{\"@type\":\"ListItem\",\"position\":1,\"name\":\"Accueil\",\"item\":\"https:\\\/\\\/crocjeux.com\\\/\"},{\"@type\":\"ListItem\",\"position\":2,\"name\":\"Boutique\",\"item\":\"https:\\\/\\\/crocjeux.com\\\/\"},{\"@type\":\"ListItem\",\"position\":3,\"name\":\"Codenames Images\"}]},{\"@type\":\"WebSite\",\"@id\":\"https:\\\/\\\/crocjeux.com\\\/#website\",\"url\":\"https:\\\/\\\/crocjeux.com\\\/\",\"name\":\"Croc Jeux\",\"description\":\"Bienvenue chez Croc Jeux!\",\"publisher\":{\"@id\":\"https:\\\/\\\/crocjeux.com\\\/#organization\"},\"potentialAction\":[{\"@type\":\"SearchAction\",\"target\":{\"@type\":\"EntryPoint\",\"urlTemplate\":\"https:\\\/\\\/crocjeux.com\\\/?s={search_term_string}\"},\"query-input\":{\"@type\":\"PropertyValueSpecification\",\"valueRequired\":true,\"valueName\":\"search_term_string\"}}],\"inLanguage\":\"fr-FR\"},{\"@type\":\"Organization\",\"@id\":\"https:\\\/\\\/crocjeux.com\\\/#organization\",\"name\":\"Croc Jeux\",\"url\":\"https:\\\/\\\/crocjeux.com\\\/\",\"logo\":{\"@type\":\"ImageObject\",\"inLanguage\":\"fr-FR\",\"@id\":\"https:\\\/\\\/crocjeux.com\\\/#\\\/schema\\\/logo\\\/image\\\/\",\"url\":\"https:\\\/\\\/crocjeux.com\\\/wp-content\\\/uploads\\\/2022\\\/01\\\/cropped-logo-croc-etape-1-e1644574034239.jpg\",\"contentUrl\":\"https:\\\/\\\/crocjeux.com\\\/wp-content\\\/uploads\\\/2022\\\/01\\\/cropped-logo-croc-etape-1-e1644574034239.jpg\",\"width\":1224,\"height\":314,\"caption\":\"Croc Jeux\"},\"image\":{\"@id\":\"https:\\\/\\\/crocjeux.com\\\/#\\\/schema\\\/logo\\\/image\\\/\"}}]}<\/script>\n<!-- \/ Yoast SEO plugin. -->","yoast_head_json":{"title":"Codenames Images - Croc Jeux","robots":{"index":"index","follow":"follow","max-snippet":"max-snippet:-1","max-image-preview":"max-image-preview:large","max-video-preview":"max-video-preview:-1"},"canonical":"https:\/\/crocjeux.com\/index.php\/produit\/codenames-images\/","og_locale":"fr_FR","og_type":"article","og_title":"Codenames Images - Croc Jeux","og_description":"Codenames Duo est un jeu coop\u00e9ratif pour 2 joueurs (ou plus) dans lequel vous devez retrouver tous vos Noms de Code avant la fin du temps imparti. Pour cela, vous devez, tour \u00e0 tour, deviner ou faire deviner vos Noms de Code en donnant le meilleur indice possible. Prenez garde \u00e0 ne pas tomber sur les redoutables Assassins qui r\u00f4dent !","og_url":"https:\/\/crocjeux.com\/index.php\/produit\/codenames-images\/","og_site_name":"Croc Jeux","article_modified_time":"2023-01-31T09:51:04+00:00","og_image":[{"width":700,"height":971,"url":"https:\/\/crocjeux.com\/wp-content\/uploads\/2020\/11\/code-name-images-3367.jpg","type":"image\/jpeg"}],"twitter_card":"summary_large_image","twitter_misc":{"Dur\u00e9e de lecture estim\u00e9e":"1 minute"},"schema":{"@context":"https:\/\/schema.org","@graph":[{"@type":"WebPage","@id":"https:\/\/crocjeux.com\/index.php\/produit\/codenames-images\/","url":"https:\/\/crocjeux.com\/index.php\/produit\/codenames-images\/","name":"Codenames Images - Croc Jeux","isPartOf":{"@id":"https:\/\/crocjeux.com\/#website"},"primaryImageOfPage":{"@id":"https:\/\/crocjeux.com\/index.php\/produit\/codenames-images\/#primaryimage"},"image":{"@id":"https:\/\/crocjeux.com\/index.php\/produit\/codenames-images\/#primaryimage"},"thumbnailUrl":"https:\/\/crocjeux.com\/wp-content\/uploads\/2020\/11\/code-name-images-3367.jpg","datePublished":"2020-11-07T12:48:28+00:00","dateModified":"2023-01-31T09:51:04+00:00","breadcrumb":{"@id":"https:\/\/crocjeux.com\/index.php\/produit\/codenames-images\/#breadcrumb"},"inLanguage":"fr-FR","potentialAction":[{"@type":"ReadAction","target":["https:\/\/crocjeux.com\/index.php\/produit\/codenames-images\/"]}]},{"@type":"ImageObject","inLanguage":"fr-FR","@id":"https:\/\/crocjeux.com\/index.php\/produit\/codenames-images\/#primaryimage","url":"https:\/\/crocjeux.com\/wp-content\/uploads\/2020\/11\/code-name-images-3367.jpg","contentUrl":"https:\/\/crocjeux.com\/wp-content\/uploads\/2020\/11\/code-name-images-3367.jpg","width":700,"height":971},{"@type":"BreadcrumbList","@id":"https:\/\/crocjeux.com\/index.php\/produit\/codenames-images\/#breadcrumb","itemListElement":[{"@type":"ListItem","position":1,"name":"Accueil","item":"https:\/\/crocjeux.com\/"},{"@type":"ListItem","position":2,"name":"Boutique","item":"https:\/\/crocjeux.com\/"},{"@type":"ListItem","position":3,"name":"Codenames Images"}]},{"@type":"WebSite","@id":"https:\/\/crocjeux.com\/#website","url":"https:\/\/crocjeux.com\/","name":"Croc Jeux","description":"Bienvenue chez Croc Jeux!","publisher":{"@id":"https:\/\/crocjeux.com\/#organization"},"potentialAction":[{"@type":"SearchAction","target":{"@type":"EntryPoint","urlTemplate":"https:\/\/crocjeux.com\/?s={search_term_string}"},"query-input":{"@type":"PropertyValueSpecification","valueRequired":true,"valueName":"search_term_string"}}],"inLanguage":"fr-FR"},{"@type":"Organization","@id":"https:\/\/crocjeux.com\/#organization","name":"Croc Jeux","url":"https:\/\/crocjeux.com\/","logo":{"@type":"ImageObject","inLanguage":"fr-FR","@id":"https:\/\/crocjeux.com\/#\/schema\/logo\/image\/","url":"https:\/\/crocjeux.com\/wp-content\/uploads\/2022\/01\/cropped-logo-croc-etape-1-e1644574034239.jpg","contentUrl":"https:\/\/crocjeux.com\/wp-content\/uploads\/2022\/01\/cropped-logo-croc-etape-1-e1644574034239.jpg","width":1224,"height":314,"caption":"Croc Jeux"},"image":{"@id":"https:\/\/crocjeux.com\/#\/schema\/logo\/image\/"}}]}},"_links":{"self":[{"href":"https:\/\/crocjeux.com\/index.php\/wp-json\/wp\/v2\/product\/584","targetHints":{"allow":["GET"]}}],"collection":[{"href":"https:\/\/crocjeux.com\/index.php\/wp-json\/wp\/v2\/product"}],"about":[{"href":"https:\/\/crocjeux.com\/index.php\/wp-json\/wp\/v2\/types\/product"}],"replies":[{"embeddable":true,"href":"https:\/\/crocjeux.com\/index.php\/wp-json\/wp\/v2\/comments?post=584"}],"wp:featuredmedia":[{"embeddable":true,"href":"https:\/\/crocjeux.com\/index.php\/wp-json\/wp\/v2\/media\/585"}],"wp:attachment":[{"href":"https:\/\/crocjeux.com\/index.php\/wp-json\/wp\/v2\/media?parent=584"}],"wp:term":[{"taxonomy":"product_brand","embeddable":true,"href":"https:\/\/crocjeux.com\/index.php\/wp-json\/wp\/v2\/product_brand?post=584"},{"taxonomy":"product_cat","embeddable":true,"href":"https:\/\/crocjeux.com\/index.php\/wp-json\/wp\/v2\/product_cat?post=584"},{"taxonomy":"product_tag","embeddable":true,"href":"https:\/\/crocjeux.com\/index.php\/wp-json\/wp\/v2\/product_tag?post=584"}],"curies":[{"name":"wp","href":"https:\/\/api.w.org\/{rel}","templated":true}]}}