{"id":5888,"date":"2024-02-20T11:35:08","date_gmt":"2024-02-20T10:35:08","guid":{"rendered":"https:\/\/crocjeux.com\/?post_type=product&#038;p=5888"},"modified":"2024-02-20T11:35:09","modified_gmt":"2024-02-20T10:35:09","slug":"medieval-academy","status":"publish","type":"product","link":"https:\/\/crocjeux.com\/index.php\/produit\/medieval-academy\/","title":{"rendered":"Medieval Academy"},"content":{"rendered":"<p>Dans le jeu <span class=\"style-client-colored-text\">Medieval Academy<\/span>, les \u00e9l\u00e8ves vont tenter d&rsquo;exceller dans chacun des sept cours de Chevalerie de la Medieval Academy.<br \/>\nD&rsquo;abord ils devront s\u00e9lectionner astucieusement les cartes qui leur seront les plus utiles. Puis ils joueront ces cartes pour faire avancer leurs pions Apprentissage sur chaque piste de cours, et ainsi tenter de marquer le plus de points possible.<br \/>\nLa partie se terminera apr\u00e8s six manches de jeu et c&rsquo;est l&rsquo;\u00c9l\u00e8ve avec le plus de points qui l&#8217;emportera !<\/p>\n","protected":false},"excerpt":{"rendered":"<p><span class=\"style-client-colored-text\">Medieval Academy<\/span> est un <strong>jeu de cartes et de placement pour 1 \u00e0 5 joueurs<\/strong><\/p>\n","protected":false},"featured_media":5889,"comment_status":"open","ping_status":"closed","template":"","meta":{"colormag_page_container_layout":"default_layout","colormag_page_sidebar_layout":"default_layout"},"product_brand":[],"product_cat":[33,36,29],"product_tag":[],"class_list":{"0":"post-5888","1":"product","2":"type-product","3":"status-publish","4":"has-post-thumbnail","6":"product_cat-jeux-enfants","7":"product_cat-jeux-familiaux","8":"product_cat-jeux-2-joueurs","10":"first","11":"instock","12":"taxable","13":"shipping-taxable","14":"purchasable","15":"product-type-simple"},"yoast_head":"<!-- This site is optimized with the Yoast SEO plugin v27.1.1 - https:\/\/yoast.com\/product\/yoast-seo-wordpress\/ -->\n<title>Medieval Academy - Croc Jeux<\/title>\n<meta name=\"description\" content=\"Medieval Academy est un jeu de cartes et de placement pour 1 \u00e0 5 joueurs\" \/>\n<meta name=\"robots\" content=\"index, follow, max-snippet:-1, max-image-preview:large, max-video-preview:-1\" \/>\n<link rel=\"canonical\" href=\"https:\/\/crocjeux.com\/index.php\/produit\/medieval-academy\/\" \/>\n<meta property=\"og:locale\" content=\"fr_FR\" \/>\n<meta property=\"og:type\" content=\"article\" \/>\n<meta property=\"og:title\" content=\"Medieval Academy - Croc Jeux\" \/>\n<meta property=\"og:description\" content=\"Medieval Academy est un jeu de cartes et de placement pour 1 \u00e0 5 joueurs\" \/>\n<meta property=\"og:url\" content=\"https:\/\/crocjeux.com\/index.php\/produit\/medieval-academy\/\" \/>\n<meta property=\"og:site_name\" content=\"Croc Jeux\" \/>\n<meta property=\"article:modified_time\" content=\"2024-02-20T10:35:09+00:00\" \/>\n<meta property=\"og:image\" content=\"https:\/\/crocjeux.com\/wp-content\/uploads\/2024\/02\/medieval-academy-p-image-89547-grande.jpg\" \/>\n\t<meta property=\"og:image:width\" content=\"863\" \/>\n\t<meta property=\"og:image:height\" content=\"1050\" \/>\n\t<meta property=\"og:image:type\" content=\"image\/jpeg\" \/>\n<meta name=\"twitter:card\" content=\"summary_large_image\" \/>\n<meta name=\"twitter:label1\" content=\"Dur\u00e9e de lecture estim\u00e9e\" \/>\n\t<meta name=\"twitter:data1\" content=\"1 minute\" \/>\n<script type=\"application\/ld+json\" class=\"yoast-schema-graph\">{\"@context\":\"https:\/\/schema.org\",\"@graph\":[{\"@type\":\"WebPage\",\"@id\":\"https:\/\/crocjeux.com\/index.php\/produit\/medieval-academy\/\",\"url\":\"https:\/\/crocjeux.com\/index.php\/produit\/medieval-academy\/\",\"name\":\"Medieval Academy - Croc Jeux\",\"isPartOf\":{\"@id\":\"https:\/\/crocjeux.com\/#website\"},\"primaryImageOfPage\":{\"@id\":\"https:\/\/crocjeux.com\/index.php\/produit\/medieval-academy\/#primaryimage\"},\"image\":{\"@id\":\"https:\/\/crocjeux.com\/index.php\/produit\/medieval-academy\/#primaryimage\"},\"thumbnailUrl\":\"https:\/\/crocjeux.com\/wp-content\/uploads\/2024\/02\/medieval-academy-p-image-89547-grande.jpg\",\"datePublished\":\"2024-02-20T10:35:08+00:00\",\"dateModified\":\"2024-02-20T10:35:09+00:00\",\"description\":\"Medieval Academy est un jeu de cartes et de placement pour 1 \u00e0 5 joueurs\",\"breadcrumb\":{\"@id\":\"https:\/\/crocjeux.com\/index.php\/produit\/medieval-academy\/#breadcrumb\"},\"inLanguage\":\"fr-FR\",\"potentialAction\":[{\"@type\":\"ReadAction\",\"target\":[\"https:\/\/crocjeux.com\/index.php\/produit\/medieval-academy\/\"]}]},{\"@type\":\"ImageObject\",\"inLanguage\":\"fr-FR\",\"@id\":\"https:\/\/crocjeux.com\/index.php\/produit\/medieval-academy\/#primaryimage\",\"url\":\"https:\/\/crocjeux.com\/wp-content\/uploads\/2024\/02\/medieval-academy-p-image-89547-grande.jpg\",\"contentUrl\":\"https:\/\/crocjeux.com\/wp-content\/uploads\/2024\/02\/medieval-academy-p-image-89547-grande.jpg\",\"width\":863,\"height\":1050},{\"@type\":\"BreadcrumbList\",\"@id\":\"https:\/\/crocjeux.com\/index.php\/produit\/medieval-academy\/#breadcrumb\",\"itemListElement\":[{\"@type\":\"ListItem\",\"position\":1,\"name\":\"Accueil\",\"item\":\"https:\/\/crocjeux.com\/\"},{\"@type\":\"ListItem\",\"position\":2,\"name\":\"Boutique\",\"item\":\"https:\/\/crocjeux.com\/\"},{\"@type\":\"ListItem\",\"position\":3,\"name\":\"Medieval Academy\"}]},{\"@type\":\"WebSite\",\"@id\":\"https:\/\/crocjeux.com\/#website\",\"url\":\"https:\/\/crocjeux.com\/\",\"name\":\"Croc Jeux\",\"description\":\"Bienvenue chez Croc Jeux!\",\"publisher\":{\"@id\":\"https:\/\/crocjeux.com\/#organization\"},\"potentialAction\":[{\"@type\":\"SearchAction\",\"target\":{\"@type\":\"EntryPoint\",\"urlTemplate\":\"https:\/\/crocjeux.com\/?s={search_term_string}\"},\"query-input\":{\"@type\":\"PropertyValueSpecification\",\"valueRequired\":true,\"valueName\":\"search_term_string\"}}],\"inLanguage\":\"fr-FR\"},{\"@type\":\"Organization\",\"@id\":\"https:\/\/crocjeux.com\/#organization\",\"name\":\"Croc Jeux\",\"url\":\"https:\/\/crocjeux.com\/\",\"logo\":{\"@type\":\"ImageObject\",\"inLanguage\":\"fr-FR\",\"@id\":\"https:\/\/crocjeux.com\/#\/schema\/logo\/image\/\",\"url\":\"https:\/\/crocjeux.com\/wp-content\/uploads\/2022\/01\/cropped-logo-croc-etape-1-e1644574034239.jpg\",\"contentUrl\":\"https:\/\/crocjeux.com\/wp-content\/uploads\/2022\/01\/cropped-logo-croc-etape-1-e1644574034239.jpg\",\"width\":1224,\"height\":314,\"caption\":\"Croc Jeux\"},\"image\":{\"@id\":\"https:\/\/crocjeux.com\/#\/schema\/logo\/image\/\"}}]}<\/script>\n<!-- \/ Yoast SEO plugin. -->","yoast_head_json":{"title":"Medieval Academy - Croc Jeux","description":"Medieval Academy est un jeu de cartes et de placement pour 1 \u00e0 5 joueurs","robots":{"index":"index","follow":"follow","max-snippet":"max-snippet:-1","max-image-preview":"max-image-preview:large","max-video-preview":"max-video-preview:-1"},"canonical":"https:\/\/crocjeux.com\/index.php\/produit\/medieval-academy\/","og_locale":"fr_FR","og_type":"article","og_title":"Medieval Academy - Croc Jeux","og_description":"Medieval Academy est un jeu de cartes et de placement pour 1 \u00e0 5 joueurs","og_url":"https:\/\/crocjeux.com\/index.php\/produit\/medieval-academy\/","og_site_name":"Croc Jeux","article_modified_time":"2024-02-20T10:35:09+00:00","og_image":[{"width":863,"height":1050,"url":"https:\/\/crocjeux.com\/wp-content\/uploads\/2024\/02\/medieval-academy-p-image-89547-grande.jpg","type":"image\/jpeg"}],"twitter_card":"summary_large_image","twitter_misc":{"Dur\u00e9e de lecture estim\u00e9e":"1 minute"},"schema":{"@context":"https:\/\/schema.org","@graph":[{"@type":"WebPage","@id":"https:\/\/crocjeux.com\/index.php\/produit\/medieval-academy\/","url":"https:\/\/crocjeux.com\/index.php\/produit\/medieval-academy\/","name":"Medieval Academy - Croc Jeux","isPartOf":{"@id":"https:\/\/crocjeux.com\/#website"},"primaryImageOfPage":{"@id":"https:\/\/crocjeux.com\/index.php\/produit\/medieval-academy\/#primaryimage"},"image":{"@id":"https:\/\/crocjeux.com\/index.php\/produit\/medieval-academy\/#primaryimage"},"thumbnailUrl":"https:\/\/crocjeux.com\/wp-content\/uploads\/2024\/02\/medieval-academy-p-image-89547-grande.jpg","datePublished":"2024-02-20T10:35:08+00:00","dateModified":"2024-02-20T10:35:09+00:00","description":"Medieval Academy est un jeu de cartes et de placement pour 1 \u00e0 5 joueurs","breadcrumb":{"@id":"https:\/\/crocjeux.com\/index.php\/produit\/medieval-academy\/#breadcrumb"},"inLanguage":"fr-FR","potentialAction":[{"@type":"ReadAction","target":["https:\/\/crocjeux.com\/index.php\/produit\/medieval-academy\/"]}]},{"@type":"ImageObject","inLanguage":"fr-FR","@id":"https:\/\/crocjeux.com\/index.php\/produit\/medieval-academy\/#primaryimage","url":"https:\/\/crocjeux.com\/wp-content\/uploads\/2024\/02\/medieval-academy-p-image-89547-grande.jpg","contentUrl":"https:\/\/crocjeux.com\/wp-content\/uploads\/2024\/02\/medieval-academy-p-image-89547-grande.jpg","width":863,"height":1050},{"@type":"BreadcrumbList","@id":"https:\/\/crocjeux.com\/index.php\/produit\/medieval-academy\/#breadcrumb","itemListElement":[{"@type":"ListItem","position":1,"name":"Accueil","item":"https:\/\/crocjeux.com\/"},{"@type":"ListItem","position":2,"name":"Boutique","item":"https:\/\/crocjeux.com\/"},{"@type":"ListItem","position":3,"name":"Medieval Academy"}]},{"@type":"WebSite","@id":"https:\/\/crocjeux.com\/#website","url":"https:\/\/crocjeux.com\/","name":"Croc Jeux","description":"Bienvenue chez Croc Jeux!","publisher":{"@id":"https:\/\/crocjeux.com\/#organization"},"potentialAction":[{"@type":"SearchAction","target":{"@type":"EntryPoint","urlTemplate":"https:\/\/crocjeux.com\/?s={search_term_string}"},"query-input":{"@type":"PropertyValueSpecification","valueRequired":true,"valueName":"search_term_string"}}],"inLanguage":"fr-FR"},{"@type":"Organization","@id":"https:\/\/crocjeux.com\/#organization","name":"Croc Jeux","url":"https:\/\/crocjeux.com\/","logo":{"@type":"ImageObject","inLanguage":"fr-FR","@id":"https:\/\/crocjeux.com\/#\/schema\/logo\/image\/","url":"https:\/\/crocjeux.com\/wp-content\/uploads\/2022\/01\/cropped-logo-croc-etape-1-e1644574034239.jpg","contentUrl":"https:\/\/crocjeux.com\/wp-content\/uploads\/2022\/01\/cropped-logo-croc-etape-1-e1644574034239.jpg","width":1224,"height":314,"caption":"Croc Jeux"},"image":{"@id":"https:\/\/crocjeux.com\/#\/schema\/logo\/image\/"}}]}},"_links":{"self":[{"href":"https:\/\/crocjeux.com\/index.php\/wp-json\/wp\/v2\/product\/5888","targetHints":{"allow":["GET"]}}],"collection":[{"href":"https:\/\/crocjeux.com\/index.php\/wp-json\/wp\/v2\/product"}],"about":[{"href":"https:\/\/crocjeux.com\/index.php\/wp-json\/wp\/v2\/types\/product"}],"replies":[{"embeddable":true,"href":"https:\/\/crocjeux.com\/index.php\/wp-json\/wp\/v2\/comments?post=5888"}],"wp:featuredmedia":[{"embeddable":true,"href":"https:\/\/crocjeux.com\/index.php\/wp-json\/wp\/v2\/media\/5889"}],"wp:attachment":[{"href":"https:\/\/crocjeux.com\/index.php\/wp-json\/wp\/v2\/media?parent=5888"}],"wp:term":[{"taxonomy":"product_brand","embeddable":true,"href":"https:\/\/crocjeux.com\/index.php\/wp-json\/wp\/v2\/product_brand?post=5888"},{"taxonomy":"product_cat","embeddable":true,"href":"https:\/\/crocjeux.com\/index.php\/wp-json\/wp\/v2\/product_cat?post=5888"},{"taxonomy":"product_tag","embeddable":true,"href":"https:\/\/crocjeux.com\/index.php\/wp-json\/wp\/v2\/product_tag?post=5888"}],"curies":[{"name":"wp","href":"https:\/\/api.w.org\/{rel}","templated":true}]}}