{"id":5920,"date":"2024-02-29T11:35:13","date_gmt":"2024-02-29T10:35:13","guid":{"rendered":"https:\/\/crocjeux.com\/?post_type=product&#038;p=5920"},"modified":"2024-06-05T14:51:23","modified_gmt":"2024-06-05T13:51:23","slug":"the-game-en-vert-et-contre-tous","status":"publish","type":"product","link":"https:\/\/crocjeux.com\/index.php\/produit\/the-game-en-vert-et-contre-tous\/","title":{"rendered":"The Game en Vert et contre tous"},"content":{"rendered":"<div class=\"x11i5rnm xat24cr x1mh8g0r x1vvkbs xtlvy1s x126k92a\">\n<div dir=\"auto\">Le jeu est toujours votre ennemi et vous gagnerez ou perdrez tous ensemble.<\/div>\n<\/div>\n<div class=\"x11i5rnm xat24cr x1mh8g0r x1vvkbs xtlvy1s x126k92a\">\n<div dir=\"auto\">Mais cette fois-ci, le Jeu a pris des couleurs, 5 exactement, et ce sera la cl\u00e9 de votre victoire : la seule mani\u00e8re de reculer est de jouer la m\u00eame couleur.<\/div>\n<\/div>\n<div class=\"x11i5rnm xat24cr x1mh8g0r x1vvkbs xtlvy1s x126k92a\">\n<div dir=\"auto\">The Game en Vert est plus simple et plus rapide. Mais pour le vaincre, il faudra sans cesse communiquer.<\/div>\n<\/div>\n","protected":false},"excerpt":{"rendered":"<p>le Jeu a pris des couleurs, 5 exactement, et ce sera la cl\u00e9 de votre victoire<\/p>\n","protected":false},"featured_media":5918,"comment_status":"open","ping_status":"closed","template":"","meta":{"colormag_page_container_layout":"default_layout","colormag_page_sidebar_layout":"default_layout"},"product_brand":[],"product_cat":[30,18],"product_tag":[],"class_list":{"0":"post-5920","1":"product","2":"type-product","3":"status-publish","4":"has-post-thumbnail","6":"product_cat-jeux-collaboratifs","7":"product_cat-jeux-de-strategie","9":"first","10":"instock","11":"taxable","12":"shipping-taxable","13":"purchasable","14":"product-type-simple"},"yoast_head":"<!-- This site is optimized with the Yoast SEO plugin v27.1.1 - https:\/\/yoast.com\/product\/yoast-seo-wordpress\/ -->\n<title>The Game en Vert et contre tous - Croc Jeux<\/title>\n<meta name=\"description\" content=\"le Jeu a pris des couleurs, 5 exactement, et ce sera la cl\u00e9 de votre victoire\" \/>\n<meta name=\"robots\" content=\"index, follow, max-snippet:-1, max-image-preview:large, max-video-preview:-1\" \/>\n<link rel=\"canonical\" href=\"https:\/\/crocjeux.com\/index.php\/produit\/the-game-en-vert-et-contre-tous\/\" \/>\n<meta property=\"og:locale\" content=\"fr_FR\" \/>\n<meta property=\"og:type\" content=\"article\" \/>\n<meta property=\"og:title\" content=\"The Game en Vert et contre tous - Croc Jeux\" \/>\n<meta property=\"og:description\" content=\"le Jeu a pris des couleurs, 5 exactement, et ce sera la cl\u00e9 de votre victoire\" \/>\n<meta property=\"og:url\" content=\"https:\/\/crocjeux.com\/index.php\/produit\/the-game-en-vert-et-contre-tous\/\" \/>\n<meta property=\"og:site_name\" content=\"Croc Jeux\" \/>\n<meta property=\"article:modified_time\" content=\"2024-06-05T13:51:23+00:00\" \/>\n<meta property=\"og:image\" content=\"https:\/\/crocjeux.com\/wp-content\/uploads\/2024\/02\/the-game-en-vert-et-contre-tous-p-image-71568-grande.jpg\" \/>\n\t<meta property=\"og:image:width\" content=\"551\" \/>\n\t<meta property=\"og:image:height\" content=\"745\" \/>\n\t<meta property=\"og:image:type\" content=\"image\/jpeg\" \/>\n<meta name=\"twitter:card\" content=\"summary_large_image\" \/>\n<meta name=\"twitter:label1\" content=\"Dur\u00e9e de lecture estim\u00e9e\" \/>\n\t<meta name=\"twitter:data1\" content=\"1 minute\" \/>\n<script type=\"application\/ld+json\" class=\"yoast-schema-graph\">{\"@context\":\"https:\/\/schema.org\",\"@graph\":[{\"@type\":\"WebPage\",\"@id\":\"https:\/\/crocjeux.com\/index.php\/produit\/the-game-en-vert-et-contre-tous\/\",\"url\":\"https:\/\/crocjeux.com\/index.php\/produit\/the-game-en-vert-et-contre-tous\/\",\"name\":\"The Game en Vert et contre tous - Croc Jeux\",\"isPartOf\":{\"@id\":\"https:\/\/crocjeux.com\/#website\"},\"primaryImageOfPage\":{\"@id\":\"https:\/\/crocjeux.com\/index.php\/produit\/the-game-en-vert-et-contre-tous\/#primaryimage\"},\"image\":{\"@id\":\"https:\/\/crocjeux.com\/index.php\/produit\/the-game-en-vert-et-contre-tous\/#primaryimage\"},\"thumbnailUrl\":\"https:\/\/crocjeux.com\/wp-content\/uploads\/2024\/02\/the-game-en-vert-et-contre-tous-p-image-71568-grande.jpg\",\"datePublished\":\"2024-02-29T10:35:13+00:00\",\"dateModified\":\"2024-06-05T13:51:23+00:00\",\"description\":\"le Jeu a pris des couleurs, 5 exactement, et ce sera la cl\u00e9 de votre victoire\",\"breadcrumb\":{\"@id\":\"https:\/\/crocjeux.com\/index.php\/produit\/the-game-en-vert-et-contre-tous\/#breadcrumb\"},\"inLanguage\":\"fr-FR\",\"potentialAction\":[{\"@type\":\"ReadAction\",\"target\":[\"https:\/\/crocjeux.com\/index.php\/produit\/the-game-en-vert-et-contre-tous\/\"]}]},{\"@type\":\"ImageObject\",\"inLanguage\":\"fr-FR\",\"@id\":\"https:\/\/crocjeux.com\/index.php\/produit\/the-game-en-vert-et-contre-tous\/#primaryimage\",\"url\":\"https:\/\/crocjeux.com\/wp-content\/uploads\/2024\/02\/the-game-en-vert-et-contre-tous-p-image-71568-grande.jpg\",\"contentUrl\":\"https:\/\/crocjeux.com\/wp-content\/uploads\/2024\/02\/the-game-en-vert-et-contre-tous-p-image-71568-grande.jpg\",\"width\":551,\"height\":745},{\"@type\":\"BreadcrumbList\",\"@id\":\"https:\/\/crocjeux.com\/index.php\/produit\/the-game-en-vert-et-contre-tous\/#breadcrumb\",\"itemListElement\":[{\"@type\":\"ListItem\",\"position\":1,\"name\":\"Accueil\",\"item\":\"https:\/\/crocjeux.com\/\"},{\"@type\":\"ListItem\",\"position\":2,\"name\":\"Boutique\",\"item\":\"https:\/\/crocjeux.com\/\"},{\"@type\":\"ListItem\",\"position\":3,\"name\":\"The Game en Vert et contre tous\"}]},{\"@type\":\"WebSite\",\"@id\":\"https:\/\/crocjeux.com\/#website\",\"url\":\"https:\/\/crocjeux.com\/\",\"name\":\"Croc Jeux\",\"description\":\"Bienvenue chez Croc Jeux!\",\"publisher\":{\"@id\":\"https:\/\/crocjeux.com\/#organization\"},\"potentialAction\":[{\"@type\":\"SearchAction\",\"target\":{\"@type\":\"EntryPoint\",\"urlTemplate\":\"https:\/\/crocjeux.com\/?s={search_term_string}\"},\"query-input\":{\"@type\":\"PropertyValueSpecification\",\"valueRequired\":true,\"valueName\":\"search_term_string\"}}],\"inLanguage\":\"fr-FR\"},{\"@type\":\"Organization\",\"@id\":\"https:\/\/crocjeux.com\/#organization\",\"name\":\"Croc Jeux\",\"url\":\"https:\/\/crocjeux.com\/\",\"logo\":{\"@type\":\"ImageObject\",\"inLanguage\":\"fr-FR\",\"@id\":\"https:\/\/crocjeux.com\/#\/schema\/logo\/image\/\",\"url\":\"https:\/\/crocjeux.com\/wp-content\/uploads\/2022\/01\/cropped-logo-croc-etape-1-e1644574034239.jpg\",\"contentUrl\":\"https:\/\/crocjeux.com\/wp-content\/uploads\/2022\/01\/cropped-logo-croc-etape-1-e1644574034239.jpg\",\"width\":1224,\"height\":314,\"caption\":\"Croc Jeux\"},\"image\":{\"@id\":\"https:\/\/crocjeux.com\/#\/schema\/logo\/image\/\"}}]}<\/script>\n<!-- \/ Yoast SEO plugin. -->","yoast_head_json":{"title":"The Game en Vert et contre tous - Croc Jeux","description":"le Jeu a pris des couleurs, 5 exactement, et ce sera la cl\u00e9 de votre victoire","robots":{"index":"index","follow":"follow","max-snippet":"max-snippet:-1","max-image-preview":"max-image-preview:large","max-video-preview":"max-video-preview:-1"},"canonical":"https:\/\/crocjeux.com\/index.php\/produit\/the-game-en-vert-et-contre-tous\/","og_locale":"fr_FR","og_type":"article","og_title":"The Game en Vert et contre tous - Croc Jeux","og_description":"le Jeu a pris des couleurs, 5 exactement, et ce sera la cl\u00e9 de votre victoire","og_url":"https:\/\/crocjeux.com\/index.php\/produit\/the-game-en-vert-et-contre-tous\/","og_site_name":"Croc Jeux","article_modified_time":"2024-06-05T13:51:23+00:00","og_image":[{"width":551,"height":745,"url":"https:\/\/crocjeux.com\/wp-content\/uploads\/2024\/02\/the-game-en-vert-et-contre-tous-p-image-71568-grande.jpg","type":"image\/jpeg"}],"twitter_card":"summary_large_image","twitter_misc":{"Dur\u00e9e de lecture estim\u00e9e":"1 minute"},"schema":{"@context":"https:\/\/schema.org","@graph":[{"@type":"WebPage","@id":"https:\/\/crocjeux.com\/index.php\/produit\/the-game-en-vert-et-contre-tous\/","url":"https:\/\/crocjeux.com\/index.php\/produit\/the-game-en-vert-et-contre-tous\/","name":"The Game en Vert et contre tous - Croc Jeux","isPartOf":{"@id":"https:\/\/crocjeux.com\/#website"},"primaryImageOfPage":{"@id":"https:\/\/crocjeux.com\/index.php\/produit\/the-game-en-vert-et-contre-tous\/#primaryimage"},"image":{"@id":"https:\/\/crocjeux.com\/index.php\/produit\/the-game-en-vert-et-contre-tous\/#primaryimage"},"thumbnailUrl":"https:\/\/crocjeux.com\/wp-content\/uploads\/2024\/02\/the-game-en-vert-et-contre-tous-p-image-71568-grande.jpg","datePublished":"2024-02-29T10:35:13+00:00","dateModified":"2024-06-05T13:51:23+00:00","description":"le Jeu a pris des couleurs, 5 exactement, et ce sera la cl\u00e9 de votre victoire","breadcrumb":{"@id":"https:\/\/crocjeux.com\/index.php\/produit\/the-game-en-vert-et-contre-tous\/#breadcrumb"},"inLanguage":"fr-FR","potentialAction":[{"@type":"ReadAction","target":["https:\/\/crocjeux.com\/index.php\/produit\/the-game-en-vert-et-contre-tous\/"]}]},{"@type":"ImageObject","inLanguage":"fr-FR","@id":"https:\/\/crocjeux.com\/index.php\/produit\/the-game-en-vert-et-contre-tous\/#primaryimage","url":"https:\/\/crocjeux.com\/wp-content\/uploads\/2024\/02\/the-game-en-vert-et-contre-tous-p-image-71568-grande.jpg","contentUrl":"https:\/\/crocjeux.com\/wp-content\/uploads\/2024\/02\/the-game-en-vert-et-contre-tous-p-image-71568-grande.jpg","width":551,"height":745},{"@type":"BreadcrumbList","@id":"https:\/\/crocjeux.com\/index.php\/produit\/the-game-en-vert-et-contre-tous\/#breadcrumb","itemListElement":[{"@type":"ListItem","position":1,"name":"Accueil","item":"https:\/\/crocjeux.com\/"},{"@type":"ListItem","position":2,"name":"Boutique","item":"https:\/\/crocjeux.com\/"},{"@type":"ListItem","position":3,"name":"The Game en Vert et contre tous"}]},{"@type":"WebSite","@id":"https:\/\/crocjeux.com\/#website","url":"https:\/\/crocjeux.com\/","name":"Croc Jeux","description":"Bienvenue chez Croc Jeux!","publisher":{"@id":"https:\/\/crocjeux.com\/#organization"},"potentialAction":[{"@type":"SearchAction","target":{"@type":"EntryPoint","urlTemplate":"https:\/\/crocjeux.com\/?s={search_term_string}"},"query-input":{"@type":"PropertyValueSpecification","valueRequired":true,"valueName":"search_term_string"}}],"inLanguage":"fr-FR"},{"@type":"Organization","@id":"https:\/\/crocjeux.com\/#organization","name":"Croc Jeux","url":"https:\/\/crocjeux.com\/","logo":{"@type":"ImageObject","inLanguage":"fr-FR","@id":"https:\/\/crocjeux.com\/#\/schema\/logo\/image\/","url":"https:\/\/crocjeux.com\/wp-content\/uploads\/2022\/01\/cropped-logo-croc-etape-1-e1644574034239.jpg","contentUrl":"https:\/\/crocjeux.com\/wp-content\/uploads\/2022\/01\/cropped-logo-croc-etape-1-e1644574034239.jpg","width":1224,"height":314,"caption":"Croc Jeux"},"image":{"@id":"https:\/\/crocjeux.com\/#\/schema\/logo\/image\/"}}]}},"_links":{"self":[{"href":"https:\/\/crocjeux.com\/index.php\/wp-json\/wp\/v2\/product\/5920","targetHints":{"allow":["GET"]}}],"collection":[{"href":"https:\/\/crocjeux.com\/index.php\/wp-json\/wp\/v2\/product"}],"about":[{"href":"https:\/\/crocjeux.com\/index.php\/wp-json\/wp\/v2\/types\/product"}],"replies":[{"embeddable":true,"href":"https:\/\/crocjeux.com\/index.php\/wp-json\/wp\/v2\/comments?post=5920"}],"wp:featuredmedia":[{"embeddable":true,"href":"https:\/\/crocjeux.com\/index.php\/wp-json\/wp\/v2\/media\/5918"}],"wp:attachment":[{"href":"https:\/\/crocjeux.com\/index.php\/wp-json\/wp\/v2\/media?parent=5920"}],"wp:term":[{"taxonomy":"product_brand","embeddable":true,"href":"https:\/\/crocjeux.com\/index.php\/wp-json\/wp\/v2\/product_brand?post=5920"},{"taxonomy":"product_cat","embeddable":true,"href":"https:\/\/crocjeux.com\/index.php\/wp-json\/wp\/v2\/product_cat?post=5920"},{"taxonomy":"product_tag","embeddable":true,"href":"https:\/\/crocjeux.com\/index.php\/wp-json\/wp\/v2\/product_tag?post=5920"}],"curies":[{"name":"wp","href":"https:\/\/api.w.org\/{rel}","templated":true}]}}