{"id":5922,"date":"2024-03-11T13:15:00","date_gmt":"2024-03-11T12:15:00","guid":{"rendered":"https:\/\/crocjeux.com\/?post_type=product&#038;p=5922"},"modified":"2024-03-11T13:15:01","modified_gmt":"2024-03-11T12:15:01","slug":"kid-express","status":"publish","type":"product","link":"https:\/\/crocjeux.com\/index.php\/produit\/kid-express\/","title":{"rendered":"Kid Express"},"content":{"rendered":"<p>De vilains bandits ont vol\u00e9 l\u2019or de Mountain Valley. Ils ont cach\u00e9 les p\u00e9pites d\u2019or dans les bagages des passagers du train qui les emm\u00e8ne vers la ville\u2026 \u00c0 bord de votre diligence, vous partez \u00e0 l\u2019assaut du train et d\u00e9cidez d\u2019aider votre ami Sam \u00e0 retrouver cet or.Pour gagner, vous devez r\u00e9cup\u00e9rer plus de bagages que les bandits. \u00c0 la fin de la partie, tous les bagages sauv\u00e9s et gard\u00e9s dans la diligence sont \u00e0 vous, alors que ceux restants dans le train sont aux bandits.<\/p>\n<div>\n<div>Dans Kids Express, vous jouez \u00e0 tour de r\u00f4le. \u00c0 votre tour, suivez les deux \u00e9tapes ci-dessous :<\/div>\n<div>\n<ul>\n<li>\u00c9tape 1 : Vous pouvez d\u00e9placer votre figurine Enfant OU tirer avec Sam.<\/li>\n<li>\u00c9tape 2 : Vous devez ramasser 1 jeton Bagage \u00e0 l\u2019endroit o\u00f9 se trouve votre figurine, puis appliquer l\u2019effet de ce jeton.<\/li>\n<\/ul>\n<\/div>\n<div>La partie s\u2019arr\u00eate imm\u00e9diatement d\u00e8s qu\u2019une pile de jetons Bagages est VIDE.<\/div>\n<\/div>\n<div><\/div>\n<div>Alors, combien de butins arriverez-vous \u00e0 sauver ?<\/div>\n","protected":false},"excerpt":{"rendered":"<p>Kids Express est un jeu coop\u00e9ratif. Pour gagner, vous devez, tous et toutes ensemble, r\u00e9cup\u00e9rer plus de p\u00e9pites d\u2019or que les bandits.<\/p>\n","protected":false},"featured_media":5923,"comment_status":"open","ping_status":"closed","template":"","meta":{"colormag_page_container_layout":"default_layout","colormag_page_sidebar_layout":"default_layout"},"product_brand":[],"product_cat":[71,87,88,18,36],"product_tag":[],"class_list":{"0":"post-5922","1":"product","2":"type-product","3":"status-publish","4":"has-post-thumbnail","6":"product_cat-colt-express-jeux-a-deux","7":"product_cat-colt-express-jeux-familliaux","8":"product_cat-colt-express-jeux-strategie","9":"product_cat-jeux-de-strategie","10":"product_cat-jeux-familiaux","12":"first","13":"instock","14":"taxable","15":"shipping-taxable","16":"purchasable","17":"product-type-simple"},"yoast_head":"<!-- This site is optimized with the Yoast SEO plugin v27.4 - https:\/\/yoast.com\/product\/yoast-seo-wordpress\/ -->\n<title>Kid Express - Croc Jeux<\/title>\n<meta name=\"description\" content=\"Kids Express est un jeu coop\u00e9ratif. Pour gagner, vous devez, tous et toutes ensemble, r\u00e9cup\u00e9rer plus de p\u00e9pites d\u2019or que les bandits.\" \/>\n<meta name=\"robots\" content=\"index, follow, max-snippet:-1, max-image-preview:large, max-video-preview:-1\" \/>\n<link rel=\"canonical\" href=\"https:\/\/crocjeux.com\/index.php\/produit\/kid-express\/\" \/>\n<meta property=\"og:locale\" content=\"fr_FR\" \/>\n<meta property=\"og:type\" content=\"article\" \/>\n<meta property=\"og:title\" content=\"Kid Express - Croc Jeux\" \/>\n<meta property=\"og:description\" content=\"Kids Express est un jeu coop\u00e9ratif. Pour gagner, vous devez, tous et toutes ensemble, r\u00e9cup\u00e9rer plus de p\u00e9pites d\u2019or que les bandits.\" \/>\n<meta property=\"og:url\" content=\"https:\/\/crocjeux.com\/index.php\/produit\/kid-express\/\" \/>\n<meta property=\"og:site_name\" content=\"Croc Jeux\" \/>\n<meta property=\"article:modified_time\" content=\"2024-03-11T12:15:01+00:00\" \/>\n<meta property=\"og:image\" content=\"https:\/\/crocjeux.com\/wp-content\/uploads\/2024\/03\/kids-express.jpg\" \/>\n\t<meta property=\"og:image:width\" content=\"372\" \/>\n\t<meta property=\"og:image:height\" content=\"372\" \/>\n\t<meta property=\"og:image:type\" content=\"image\/jpeg\" \/>\n<meta name=\"twitter:card\" content=\"summary_large_image\" \/>\n<meta name=\"twitter:label1\" content=\"Dur\u00e9e de lecture estim\u00e9e\" \/>\n\t<meta name=\"twitter:data1\" content=\"1 minute\" \/>\n<script type=\"application\/ld+json\" class=\"yoast-schema-graph\">{\"@context\":\"https:\\\/\\\/schema.org\",\"@graph\":[{\"@type\":\"WebPage\",\"@id\":\"https:\\\/\\\/crocjeux.com\\\/index.php\\\/produit\\\/kid-express\\\/\",\"url\":\"https:\\\/\\\/crocjeux.com\\\/index.php\\\/produit\\\/kid-express\\\/\",\"name\":\"Kid Express - Croc Jeux\",\"isPartOf\":{\"@id\":\"https:\\\/\\\/crocjeux.com\\\/#website\"},\"primaryImageOfPage\":{\"@id\":\"https:\\\/\\\/crocjeux.com\\\/index.php\\\/produit\\\/kid-express\\\/#primaryimage\"},\"image\":{\"@id\":\"https:\\\/\\\/crocjeux.com\\\/index.php\\\/produit\\\/kid-express\\\/#primaryimage\"},\"thumbnailUrl\":\"https:\\\/\\\/crocjeux.com\\\/wp-content\\\/uploads\\\/2024\\\/03\\\/kids-express.jpg\",\"datePublished\":\"2024-03-11T12:15:00+00:00\",\"dateModified\":\"2024-03-11T12:15:01+00:00\",\"description\":\"Kids Express est un jeu coop\u00e9ratif. Pour gagner, vous devez, tous et toutes ensemble, r\u00e9cup\u00e9rer plus de p\u00e9pites d\u2019or que les bandits.\",\"breadcrumb\":{\"@id\":\"https:\\\/\\\/crocjeux.com\\\/index.php\\\/produit\\\/kid-express\\\/#breadcrumb\"},\"inLanguage\":\"fr-FR\",\"potentialAction\":[{\"@type\":\"ReadAction\",\"target\":[\"https:\\\/\\\/crocjeux.com\\\/index.php\\\/produit\\\/kid-express\\\/\"]}]},{\"@type\":\"ImageObject\",\"inLanguage\":\"fr-FR\",\"@id\":\"https:\\\/\\\/crocjeux.com\\\/index.php\\\/produit\\\/kid-express\\\/#primaryimage\",\"url\":\"https:\\\/\\\/crocjeux.com\\\/wp-content\\\/uploads\\\/2024\\\/03\\\/kids-express.jpg\",\"contentUrl\":\"https:\\\/\\\/crocjeux.com\\\/wp-content\\\/uploads\\\/2024\\\/03\\\/kids-express.jpg\",\"width\":372,\"height\":372},{\"@type\":\"BreadcrumbList\",\"@id\":\"https:\\\/\\\/crocjeux.com\\\/index.php\\\/produit\\\/kid-express\\\/#breadcrumb\",\"itemListElement\":[{\"@type\":\"ListItem\",\"position\":1,\"name\":\"Accueil\",\"item\":\"https:\\\/\\\/crocjeux.com\\\/\"},{\"@type\":\"ListItem\",\"position\":2,\"name\":\"Boutique\",\"item\":\"https:\\\/\\\/crocjeux.com\\\/\"},{\"@type\":\"ListItem\",\"position\":3,\"name\":\"Kid Express\"}]},{\"@type\":\"WebSite\",\"@id\":\"https:\\\/\\\/crocjeux.com\\\/#website\",\"url\":\"https:\\\/\\\/crocjeux.com\\\/\",\"name\":\"Croc Jeux\",\"description\":\"Bienvenue chez Croc Jeux!\",\"publisher\":{\"@id\":\"https:\\\/\\\/crocjeux.com\\\/#organization\"},\"potentialAction\":[{\"@type\":\"SearchAction\",\"target\":{\"@type\":\"EntryPoint\",\"urlTemplate\":\"https:\\\/\\\/crocjeux.com\\\/?s={search_term_string}\"},\"query-input\":{\"@type\":\"PropertyValueSpecification\",\"valueRequired\":true,\"valueName\":\"search_term_string\"}}],\"inLanguage\":\"fr-FR\"},{\"@type\":\"Organization\",\"@id\":\"https:\\\/\\\/crocjeux.com\\\/#organization\",\"name\":\"Croc Jeux\",\"url\":\"https:\\\/\\\/crocjeux.com\\\/\",\"logo\":{\"@type\":\"ImageObject\",\"inLanguage\":\"fr-FR\",\"@id\":\"https:\\\/\\\/crocjeux.com\\\/#\\\/schema\\\/logo\\\/image\\\/\",\"url\":\"https:\\\/\\\/crocjeux.com\\\/wp-content\\\/uploads\\\/2022\\\/01\\\/cropped-logo-croc-etape-1-e1644574034239.jpg\",\"contentUrl\":\"https:\\\/\\\/crocjeux.com\\\/wp-content\\\/uploads\\\/2022\\\/01\\\/cropped-logo-croc-etape-1-e1644574034239.jpg\",\"width\":1224,\"height\":314,\"caption\":\"Croc Jeux\"},\"image\":{\"@id\":\"https:\\\/\\\/crocjeux.com\\\/#\\\/schema\\\/logo\\\/image\\\/\"}}]}<\/script>\n<!-- \/ Yoast SEO plugin. -->","yoast_head_json":{"title":"Kid Express - Croc Jeux","description":"Kids Express est un jeu coop\u00e9ratif. Pour gagner, vous devez, tous et toutes ensemble, r\u00e9cup\u00e9rer plus de p\u00e9pites d\u2019or que les bandits.","robots":{"index":"index","follow":"follow","max-snippet":"max-snippet:-1","max-image-preview":"max-image-preview:large","max-video-preview":"max-video-preview:-1"},"canonical":"https:\/\/crocjeux.com\/index.php\/produit\/kid-express\/","og_locale":"fr_FR","og_type":"article","og_title":"Kid Express - Croc Jeux","og_description":"Kids Express est un jeu coop\u00e9ratif. Pour gagner, vous devez, tous et toutes ensemble, r\u00e9cup\u00e9rer plus de p\u00e9pites d\u2019or que les bandits.","og_url":"https:\/\/crocjeux.com\/index.php\/produit\/kid-express\/","og_site_name":"Croc Jeux","article_modified_time":"2024-03-11T12:15:01+00:00","og_image":[{"width":372,"height":372,"url":"https:\/\/crocjeux.com\/wp-content\/uploads\/2024\/03\/kids-express.jpg","type":"image\/jpeg"}],"twitter_card":"summary_large_image","twitter_misc":{"Dur\u00e9e de lecture estim\u00e9e":"1 minute"},"schema":{"@context":"https:\/\/schema.org","@graph":[{"@type":"WebPage","@id":"https:\/\/crocjeux.com\/index.php\/produit\/kid-express\/","url":"https:\/\/crocjeux.com\/index.php\/produit\/kid-express\/","name":"Kid Express - Croc Jeux","isPartOf":{"@id":"https:\/\/crocjeux.com\/#website"},"primaryImageOfPage":{"@id":"https:\/\/crocjeux.com\/index.php\/produit\/kid-express\/#primaryimage"},"image":{"@id":"https:\/\/crocjeux.com\/index.php\/produit\/kid-express\/#primaryimage"},"thumbnailUrl":"https:\/\/crocjeux.com\/wp-content\/uploads\/2024\/03\/kids-express.jpg","datePublished":"2024-03-11T12:15:00+00:00","dateModified":"2024-03-11T12:15:01+00:00","description":"Kids Express est un jeu coop\u00e9ratif. Pour gagner, vous devez, tous et toutes ensemble, r\u00e9cup\u00e9rer plus de p\u00e9pites d\u2019or que les bandits.","breadcrumb":{"@id":"https:\/\/crocjeux.com\/index.php\/produit\/kid-express\/#breadcrumb"},"inLanguage":"fr-FR","potentialAction":[{"@type":"ReadAction","target":["https:\/\/crocjeux.com\/index.php\/produit\/kid-express\/"]}]},{"@type":"ImageObject","inLanguage":"fr-FR","@id":"https:\/\/crocjeux.com\/index.php\/produit\/kid-express\/#primaryimage","url":"https:\/\/crocjeux.com\/wp-content\/uploads\/2024\/03\/kids-express.jpg","contentUrl":"https:\/\/crocjeux.com\/wp-content\/uploads\/2024\/03\/kids-express.jpg","width":372,"height":372},{"@type":"BreadcrumbList","@id":"https:\/\/crocjeux.com\/index.php\/produit\/kid-express\/#breadcrumb","itemListElement":[{"@type":"ListItem","position":1,"name":"Accueil","item":"https:\/\/crocjeux.com\/"},{"@type":"ListItem","position":2,"name":"Boutique","item":"https:\/\/crocjeux.com\/"},{"@type":"ListItem","position":3,"name":"Kid Express"}]},{"@type":"WebSite","@id":"https:\/\/crocjeux.com\/#website","url":"https:\/\/crocjeux.com\/","name":"Croc Jeux","description":"Bienvenue chez Croc Jeux!","publisher":{"@id":"https:\/\/crocjeux.com\/#organization"},"potentialAction":[{"@type":"SearchAction","target":{"@type":"EntryPoint","urlTemplate":"https:\/\/crocjeux.com\/?s={search_term_string}"},"query-input":{"@type":"PropertyValueSpecification","valueRequired":true,"valueName":"search_term_string"}}],"inLanguage":"fr-FR"},{"@type":"Organization","@id":"https:\/\/crocjeux.com\/#organization","name":"Croc Jeux","url":"https:\/\/crocjeux.com\/","logo":{"@type":"ImageObject","inLanguage":"fr-FR","@id":"https:\/\/crocjeux.com\/#\/schema\/logo\/image\/","url":"https:\/\/crocjeux.com\/wp-content\/uploads\/2022\/01\/cropped-logo-croc-etape-1-e1644574034239.jpg","contentUrl":"https:\/\/crocjeux.com\/wp-content\/uploads\/2022\/01\/cropped-logo-croc-etape-1-e1644574034239.jpg","width":1224,"height":314,"caption":"Croc Jeux"},"image":{"@id":"https:\/\/crocjeux.com\/#\/schema\/logo\/image\/"}}]}},"_links":{"self":[{"href":"https:\/\/crocjeux.com\/index.php\/wp-json\/wp\/v2\/product\/5922","targetHints":{"allow":["GET"]}}],"collection":[{"href":"https:\/\/crocjeux.com\/index.php\/wp-json\/wp\/v2\/product"}],"about":[{"href":"https:\/\/crocjeux.com\/index.php\/wp-json\/wp\/v2\/types\/product"}],"replies":[{"embeddable":true,"href":"https:\/\/crocjeux.com\/index.php\/wp-json\/wp\/v2\/comments?post=5922"}],"wp:featuredmedia":[{"embeddable":true,"href":"https:\/\/crocjeux.com\/index.php\/wp-json\/wp\/v2\/media\/5923"}],"wp:attachment":[{"href":"https:\/\/crocjeux.com\/index.php\/wp-json\/wp\/v2\/media?parent=5922"}],"wp:term":[{"taxonomy":"product_brand","embeddable":true,"href":"https:\/\/crocjeux.com\/index.php\/wp-json\/wp\/v2\/product_brand?post=5922"},{"taxonomy":"product_cat","embeddable":true,"href":"https:\/\/crocjeux.com\/index.php\/wp-json\/wp\/v2\/product_cat?post=5922"},{"taxonomy":"product_tag","embeddable":true,"href":"https:\/\/crocjeux.com\/index.php\/wp-json\/wp\/v2\/product_tag?post=5922"}],"curies":[{"name":"wp","href":"https:\/\/api.w.org\/{rel}","templated":true}]}}