{"id":5934,"date":"2024-03-20T16:05:33","date_gmt":"2024-03-20T15:05:33","guid":{"rendered":"https:\/\/crocjeux.com\/?post_type=product&#038;p=5934"},"modified":"2024-03-20T17:36:53","modified_gmt":"2024-03-20T16:36:53","slug":"dixit-edition-disney-100ans","status":"publish","type":"product","link":"https:\/\/crocjeux.com\/index.php\/produit\/dixit-edition-disney-100ans\/","title":{"rendered":"Dixit \u00e9dition Disney 100ans"},"content":{"rendered":"<h2>Dixit, un jeu de communication<\/h2>\n<p>Le principe de Dixit est simple : les joueurs doivent deviner et faire deviner des cartes illustr\u00e9es. \u00c0 chaque tour, un joueur devient le conteur qui choisit une carte et la d\u00e9crit avec une phase, un mot ou un son. Mais attention, pour marquer des points, la carte doit \u00eatre trouv\u00e9e seulement par une partie des joueurs. Le message doit donc \u00eatre \u00e0 la fois clair et crypt\u00e9. Un certain myst\u00e8re doit planer. \u00c0 vous d&rsquo;\u00eatre inventif et malin ! En plus de devoir trouver le bon dessin, les autres joueurs doivent \u00e9galement choisir une carte dans leur main proche de la description du conteur. Le but ici est d&rsquo;induire les autres en erreur. Une fois toutes les cartes r\u00e9cup\u00e9r\u00e9es, elles sont d\u00e9voil\u00e9es par le conteur. Les joueurs ont la t\u00e2che de d\u00e9busquer l&rsquo;image du conteur.<\/p>\n<h2>Le d\u00e9compte des points<\/h2>\n<p>Les points sont ensuite accord\u00e9s suivant plusieurs cas de figure :<\/p>\n<ul>\n<li>Si tout le monde trouve la carte du conteur, celui-ci ne marque pas de point. Les autres joueurs re\u00e7oivent 2 points.<\/li>\n<li>Si personne ne trouve la carte du conteur, celui-ci ne marque pas de point. Les autres joueurs r\u00e9coltent 2 points.<\/li>\n<li>Si une partie des joueurs trouvent la carte du conteur, celui-ci obtient 3 points et les joueurs qui ont trouv\u00e9 la carte aussi.<\/li>\n<li>Si un joueur d\u00e9signe la mauvaise carte, le joueur qui a pos\u00e9 cette carte et donc induit en erreur, aura 1 point.<\/li>\n<\/ul>\n<p>&nbsp;<\/p>\n<p>Le premier joueur arriv\u00e9 \u00e0 30 points ou avec le plus de points lorsque le paquet est vide, remporte la partie de Dixit.<\/p>\n<h2>Dixit, un jeu po\u00e9tique et enchanteur<\/h2>\n<p>Dixit est un jeu de devinettes qui repose sur un univers po\u00e9tique. Afin de vous aider \u00e0 cr\u00e9er vos \u00ab\u00a0contes\u00a0\u00bb, Dixit vous propose des illustrations originales flirtant entre le fantastique et l&rsquo;onirisme. Un parfum de myst\u00e8re flotte autour de chaque carte et c&rsquo;est ce qui fait l&rsquo;int\u00e9r\u00eat de Dixit. \u00c0 vous de puiser dans votre inspiration !<\/p>\n","protected":false},"excerpt":{"rendered":"<p>Entrez dans le monde po\u00e9tique de Dixit. Faites marcher votre imagination pour deviner ou faire deviner les magnifiques cartes<\/p>\n","protected":false},"featured_media":5935,"comment_status":"open","ping_status":"closed","template":"","meta":{"colormag_page_container_layout":"default_layout","colormag_page_sidebar_layout":"default_layout"},"product_brand":[],"product_cat":[105,107,43,30,40,36],"product_tag":[],"class_list":{"0":"post-5934","1":"product","2":"type-product","3":"status-publish","4":"has-post-thumbnail","6":"product_cat-dixit-jeux-ambiance","7":"product_cat-dixit-jeux-familliaux","8":"product_cat-grand-classique","9":"product_cat-jeux-collaboratifs","10":"product_cat-jeux-dambiance","11":"product_cat-jeux-familiaux","13":"first","14":"instock","15":"taxable","16":"shipping-taxable","17":"purchasable","18":"product-type-simple"},"yoast_head":"<!-- This site is optimized with the Yoast SEO plugin v27.3 - https:\/\/yoast.com\/product\/yoast-seo-wordpress\/ -->\n<title>Dixit \u00e9dition Disney 100ans - Croc Jeux<\/title>\n<meta name=\"description\" content=\"Entrez dans le monde po\u00e9tique de Dixit. Faites marcher votre imagination pour deviner ou faire deviner les magnifiques cartes\" \/>\n<meta name=\"robots\" content=\"index, follow, max-snippet:-1, max-image-preview:large, max-video-preview:-1\" \/>\n<link rel=\"canonical\" href=\"https:\/\/crocjeux.com\/index.php\/produit\/dixit-edition-disney-100ans\/\" \/>\n<meta property=\"og:locale\" content=\"fr_FR\" \/>\n<meta property=\"og:type\" content=\"article\" \/>\n<meta property=\"og:title\" content=\"Dixit \u00e9dition Disney 100ans - Croc Jeux\" \/>\n<meta property=\"og:description\" content=\"Entrez dans le monde po\u00e9tique de Dixit. Faites marcher votre imagination pour deviner ou faire deviner les magnifiques cartes\" \/>\n<meta property=\"og:url\" content=\"https:\/\/crocjeux.com\/index.php\/produit\/dixit-edition-disney-100ans\/\" \/>\n<meta property=\"og:site_name\" content=\"Croc Jeux\" \/>\n<meta property=\"article:modified_time\" content=\"2024-03-20T16:36:53+00:00\" \/>\n<meta property=\"og:image\" content=\"https:\/\/crocjeux.com\/wp-content\/uploads\/2024\/03\/dixit-disney.jpg\" \/>\n\t<meta property=\"og:image:width\" content=\"265\" \/>\n\t<meta property=\"og:image:height\" content=\"265\" \/>\n\t<meta property=\"og:image:type\" content=\"image\/jpeg\" \/>\n<meta name=\"twitter:card\" content=\"summary_large_image\" \/>\n<meta name=\"twitter:label1\" content=\"Dur\u00e9e de lecture estim\u00e9e\" \/>\n\t<meta name=\"twitter:data1\" content=\"2 minutes\" \/>\n<script type=\"application\/ld+json\" class=\"yoast-schema-graph\">{\"@context\":\"https:\\\/\\\/schema.org\",\"@graph\":[{\"@type\":\"WebPage\",\"@id\":\"https:\\\/\\\/crocjeux.com\\\/index.php\\\/produit\\\/dixit-edition-disney-100ans\\\/\",\"url\":\"https:\\\/\\\/crocjeux.com\\\/index.php\\\/produit\\\/dixit-edition-disney-100ans\\\/\",\"name\":\"Dixit \u00e9dition Disney 100ans - Croc Jeux\",\"isPartOf\":{\"@id\":\"https:\\\/\\\/crocjeux.com\\\/#website\"},\"primaryImageOfPage\":{\"@id\":\"https:\\\/\\\/crocjeux.com\\\/index.php\\\/produit\\\/dixit-edition-disney-100ans\\\/#primaryimage\"},\"image\":{\"@id\":\"https:\\\/\\\/crocjeux.com\\\/index.php\\\/produit\\\/dixit-edition-disney-100ans\\\/#primaryimage\"},\"thumbnailUrl\":\"https:\\\/\\\/crocjeux.com\\\/wp-content\\\/uploads\\\/2024\\\/03\\\/dixit-disney.jpg\",\"datePublished\":\"2024-03-20T15:05:33+00:00\",\"dateModified\":\"2024-03-20T16:36:53+00:00\",\"description\":\"Entrez dans le monde po\u00e9tique de Dixit. Faites marcher votre imagination pour deviner ou faire deviner les magnifiques cartes\",\"breadcrumb\":{\"@id\":\"https:\\\/\\\/crocjeux.com\\\/index.php\\\/produit\\\/dixit-edition-disney-100ans\\\/#breadcrumb\"},\"inLanguage\":\"fr-FR\",\"potentialAction\":[{\"@type\":\"ReadAction\",\"target\":[\"https:\\\/\\\/crocjeux.com\\\/index.php\\\/produit\\\/dixit-edition-disney-100ans\\\/\"]}]},{\"@type\":\"ImageObject\",\"inLanguage\":\"fr-FR\",\"@id\":\"https:\\\/\\\/crocjeux.com\\\/index.php\\\/produit\\\/dixit-edition-disney-100ans\\\/#primaryimage\",\"url\":\"https:\\\/\\\/crocjeux.com\\\/wp-content\\\/uploads\\\/2024\\\/03\\\/dixit-disney.jpg\",\"contentUrl\":\"https:\\\/\\\/crocjeux.com\\\/wp-content\\\/uploads\\\/2024\\\/03\\\/dixit-disney.jpg\",\"width\":265,\"height\":265},{\"@type\":\"BreadcrumbList\",\"@id\":\"https:\\\/\\\/crocjeux.com\\\/index.php\\\/produit\\\/dixit-edition-disney-100ans\\\/#breadcrumb\",\"itemListElement\":[{\"@type\":\"ListItem\",\"position\":1,\"name\":\"Accueil\",\"item\":\"https:\\\/\\\/crocjeux.com\\\/\"},{\"@type\":\"ListItem\",\"position\":2,\"name\":\"Boutique\",\"item\":\"https:\\\/\\\/crocjeux.com\\\/\"},{\"@type\":\"ListItem\",\"position\":3,\"name\":\"Dixit \u00e9dition Disney 100ans\"}]},{\"@type\":\"WebSite\",\"@id\":\"https:\\\/\\\/crocjeux.com\\\/#website\",\"url\":\"https:\\\/\\\/crocjeux.com\\\/\",\"name\":\"Croc Jeux\",\"description\":\"Bienvenue chez Croc Jeux!\",\"publisher\":{\"@id\":\"https:\\\/\\\/crocjeux.com\\\/#organization\"},\"potentialAction\":[{\"@type\":\"SearchAction\",\"target\":{\"@type\":\"EntryPoint\",\"urlTemplate\":\"https:\\\/\\\/crocjeux.com\\\/?s={search_term_string}\"},\"query-input\":{\"@type\":\"PropertyValueSpecification\",\"valueRequired\":true,\"valueName\":\"search_term_string\"}}],\"inLanguage\":\"fr-FR\"},{\"@type\":\"Organization\",\"@id\":\"https:\\\/\\\/crocjeux.com\\\/#organization\",\"name\":\"Croc Jeux\",\"url\":\"https:\\\/\\\/crocjeux.com\\\/\",\"logo\":{\"@type\":\"ImageObject\",\"inLanguage\":\"fr-FR\",\"@id\":\"https:\\\/\\\/crocjeux.com\\\/#\\\/schema\\\/logo\\\/image\\\/\",\"url\":\"https:\\\/\\\/crocjeux.com\\\/wp-content\\\/uploads\\\/2022\\\/01\\\/cropped-logo-croc-etape-1-e1644574034239.jpg\",\"contentUrl\":\"https:\\\/\\\/crocjeux.com\\\/wp-content\\\/uploads\\\/2022\\\/01\\\/cropped-logo-croc-etape-1-e1644574034239.jpg\",\"width\":1224,\"height\":314,\"caption\":\"Croc Jeux\"},\"image\":{\"@id\":\"https:\\\/\\\/crocjeux.com\\\/#\\\/schema\\\/logo\\\/image\\\/\"}}]}<\/script>\n<!-- \/ Yoast SEO plugin. -->","yoast_head_json":{"title":"Dixit \u00e9dition Disney 100ans - Croc Jeux","description":"Entrez dans le monde po\u00e9tique de Dixit. Faites marcher votre imagination pour deviner ou faire deviner les magnifiques cartes","robots":{"index":"index","follow":"follow","max-snippet":"max-snippet:-1","max-image-preview":"max-image-preview:large","max-video-preview":"max-video-preview:-1"},"canonical":"https:\/\/crocjeux.com\/index.php\/produit\/dixit-edition-disney-100ans\/","og_locale":"fr_FR","og_type":"article","og_title":"Dixit \u00e9dition Disney 100ans - Croc Jeux","og_description":"Entrez dans le monde po\u00e9tique de Dixit. Faites marcher votre imagination pour deviner ou faire deviner les magnifiques cartes","og_url":"https:\/\/crocjeux.com\/index.php\/produit\/dixit-edition-disney-100ans\/","og_site_name":"Croc Jeux","article_modified_time":"2024-03-20T16:36:53+00:00","og_image":[{"width":265,"height":265,"url":"https:\/\/crocjeux.com\/wp-content\/uploads\/2024\/03\/dixit-disney.jpg","type":"image\/jpeg"}],"twitter_card":"summary_large_image","twitter_misc":{"Dur\u00e9e de lecture estim\u00e9e":"2 minutes"},"schema":{"@context":"https:\/\/schema.org","@graph":[{"@type":"WebPage","@id":"https:\/\/crocjeux.com\/index.php\/produit\/dixit-edition-disney-100ans\/","url":"https:\/\/crocjeux.com\/index.php\/produit\/dixit-edition-disney-100ans\/","name":"Dixit \u00e9dition Disney 100ans - Croc Jeux","isPartOf":{"@id":"https:\/\/crocjeux.com\/#website"},"primaryImageOfPage":{"@id":"https:\/\/crocjeux.com\/index.php\/produit\/dixit-edition-disney-100ans\/#primaryimage"},"image":{"@id":"https:\/\/crocjeux.com\/index.php\/produit\/dixit-edition-disney-100ans\/#primaryimage"},"thumbnailUrl":"https:\/\/crocjeux.com\/wp-content\/uploads\/2024\/03\/dixit-disney.jpg","datePublished":"2024-03-20T15:05:33+00:00","dateModified":"2024-03-20T16:36:53+00:00","description":"Entrez dans le monde po\u00e9tique de Dixit. Faites marcher votre imagination pour deviner ou faire deviner les magnifiques cartes","breadcrumb":{"@id":"https:\/\/crocjeux.com\/index.php\/produit\/dixit-edition-disney-100ans\/#breadcrumb"},"inLanguage":"fr-FR","potentialAction":[{"@type":"ReadAction","target":["https:\/\/crocjeux.com\/index.php\/produit\/dixit-edition-disney-100ans\/"]}]},{"@type":"ImageObject","inLanguage":"fr-FR","@id":"https:\/\/crocjeux.com\/index.php\/produit\/dixit-edition-disney-100ans\/#primaryimage","url":"https:\/\/crocjeux.com\/wp-content\/uploads\/2024\/03\/dixit-disney.jpg","contentUrl":"https:\/\/crocjeux.com\/wp-content\/uploads\/2024\/03\/dixit-disney.jpg","width":265,"height":265},{"@type":"BreadcrumbList","@id":"https:\/\/crocjeux.com\/index.php\/produit\/dixit-edition-disney-100ans\/#breadcrumb","itemListElement":[{"@type":"ListItem","position":1,"name":"Accueil","item":"https:\/\/crocjeux.com\/"},{"@type":"ListItem","position":2,"name":"Boutique","item":"https:\/\/crocjeux.com\/"},{"@type":"ListItem","position":3,"name":"Dixit \u00e9dition Disney 100ans"}]},{"@type":"WebSite","@id":"https:\/\/crocjeux.com\/#website","url":"https:\/\/crocjeux.com\/","name":"Croc Jeux","description":"Bienvenue chez Croc Jeux!","publisher":{"@id":"https:\/\/crocjeux.com\/#organization"},"potentialAction":[{"@type":"SearchAction","target":{"@type":"EntryPoint","urlTemplate":"https:\/\/crocjeux.com\/?s={search_term_string}"},"query-input":{"@type":"PropertyValueSpecification","valueRequired":true,"valueName":"search_term_string"}}],"inLanguage":"fr-FR"},{"@type":"Organization","@id":"https:\/\/crocjeux.com\/#organization","name":"Croc Jeux","url":"https:\/\/crocjeux.com\/","logo":{"@type":"ImageObject","inLanguage":"fr-FR","@id":"https:\/\/crocjeux.com\/#\/schema\/logo\/image\/","url":"https:\/\/crocjeux.com\/wp-content\/uploads\/2022\/01\/cropped-logo-croc-etape-1-e1644574034239.jpg","contentUrl":"https:\/\/crocjeux.com\/wp-content\/uploads\/2022\/01\/cropped-logo-croc-etape-1-e1644574034239.jpg","width":1224,"height":314,"caption":"Croc Jeux"},"image":{"@id":"https:\/\/crocjeux.com\/#\/schema\/logo\/image\/"}}]}},"_links":{"self":[{"href":"https:\/\/crocjeux.com\/index.php\/wp-json\/wp\/v2\/product\/5934","targetHints":{"allow":["GET"]}}],"collection":[{"href":"https:\/\/crocjeux.com\/index.php\/wp-json\/wp\/v2\/product"}],"about":[{"href":"https:\/\/crocjeux.com\/index.php\/wp-json\/wp\/v2\/types\/product"}],"replies":[{"embeddable":true,"href":"https:\/\/crocjeux.com\/index.php\/wp-json\/wp\/v2\/comments?post=5934"}],"wp:featuredmedia":[{"embeddable":true,"href":"https:\/\/crocjeux.com\/index.php\/wp-json\/wp\/v2\/media\/5935"}],"wp:attachment":[{"href":"https:\/\/crocjeux.com\/index.php\/wp-json\/wp\/v2\/media?parent=5934"}],"wp:term":[{"taxonomy":"product_brand","embeddable":true,"href":"https:\/\/crocjeux.com\/index.php\/wp-json\/wp\/v2\/product_brand?post=5934"},{"taxonomy":"product_cat","embeddable":true,"href":"https:\/\/crocjeux.com\/index.php\/wp-json\/wp\/v2\/product_cat?post=5934"},{"taxonomy":"product_tag","embeddable":true,"href":"https:\/\/crocjeux.com\/index.php\/wp-json\/wp\/v2\/product_tag?post=5934"}],"curies":[{"name":"wp","href":"https:\/\/api.w.org\/{rel}","templated":true}]}}