{"id":5944,"date":"2024-03-22T17:03:53","date_gmt":"2024-03-22T16:03:53","guid":{"rendered":"https:\/\/crocjeux.com\/?post_type=product&#038;p=5944"},"modified":"2025-04-30T09:57:37","modified_gmt":"2025-04-30T08:57:37","slug":"codex-lultime-secret-de-leonard-de-vinci","status":"publish","type":"product","link":"https:\/\/crocjeux.com\/index.php\/produit\/codex-lultime-secret-de-leonard-de-vinci\/","title":{"rendered":"CODEX L&rsquo;Ultime secret de L\u00e9onard De Vinci"},"content":{"rendered":"<p>Non, vous ne r\u00eavez pas. Ce colis vous est bien adress\u00e9. Regardez, votre nom figure dessus, vous \u00eates le destinataire. Une bo\u00eete cadenass\u00e9e, des effets personnels, l\u2019enveloppe d\u2019un notaire et une autre d\u2019un testament, voici votre h\u00e9ritage. D\u00e9sormais, vous \u00eates plong\u00e9 dans un secret de famille. Son origine nous ram\u00e8ne 5 si\u00e8cles en arri\u00e8re. Parviendrez-vous \u00e0 la d\u00e9couvrir ? Mais surtout, pourrez-vous le pr\u00e9server ?<\/p>\n<p>ESCAPE BOX : Un jeu d\u2019enqu\u00eate et d\u2019escape game sur table comme vous n\u2019en avez jamais rencontr\u00e9 avant. La bo\u00eete s\u2019ouvre comme les portes d\u2019une salle grandeur nature.<\/p>\n<p>AUCUNE R\u00c8GLE : Couvercle lev\u00e9, partie commenc\u00e9e : aucune r\u00e8gle n\u2019est \u00e0 suivre. Vous \u00eates imm\u00e9diatement dans le vif du sujet.<\/p>\n<p>100% IMMERSIF : Tout ce que contient cette bo\u00eete est r\u00e9aliste : objets, \u00e9nigmes\u2026 chaque \u00e9l\u00e9ment est d\u00e9terminant pour suivre le d\u00e9roulement de l\u2019intrigue.<\/p>\n<p>JEU \u00ab RECYCLABLE \u00bb : Vous avez consomm\u00e9 votre h\u00e9ritage ? Rangez et repliez le tout, comme si de rien n\u2019\u00e9tait : il ne vous reste plus qu\u2019\u00e0 l\u2019envoyer \u00e0 un nouvel h\u00e9ritier.<\/p>\n","protected":false},"excerpt":{"rendered":"<p>AUCUNE R\u00c8GLE : Couvercle lev\u00e9, partie commenc\u00e9e : aucune r\u00e8gle n\u2019est \u00e0 suivre. Vous \u00eates imm\u00e9diatement dans le vif du sujet.<\/p>\n","protected":false},"featured_media":5946,"comment_status":"open","ping_status":"closed","template":"","meta":{"colormag_page_container_layout":"default_layout","colormag_page_sidebar_layout":"default_layout"},"product_brand":[],"product_cat":[45,30,38],"product_tag":[],"class_list":{"0":"post-5944","1":"product","2":"type-product","3":"status-publish","4":"has-post-thumbnail","6":"product_cat-escape-room-escape-enquete","7":"product_cat-jeux-collaboratifs","8":"product_cat-jeux-experts","10":"first","11":"instock","12":"taxable","13":"shipping-taxable","14":"purchasable","15":"product-type-simple"},"yoast_head":"<!-- This site is optimized with the Yoast SEO plugin v27.3 - https:\/\/yoast.com\/product\/yoast-seo-wordpress\/ -->\n<title>CODEX L&#039;Ultime secret de L\u00e9onard De Vinci - Croc Jeux<\/title>\n<meta name=\"description\" content=\"AUCUNE R\u00c8GLE : Couvercle lev\u00e9, partie commenc\u00e9e : aucune r\u00e8gle n\u2019est \u00e0 suivre. Vous \u00eates imm\u00e9diatement dans le vif du sujet.\" \/>\n<meta name=\"robots\" content=\"index, follow, max-snippet:-1, max-image-preview:large, max-video-preview:-1\" \/>\n<link rel=\"canonical\" href=\"https:\/\/crocjeux.com\/index.php\/produit\/codex-lultime-secret-de-leonard-de-vinci\/\" \/>\n<meta property=\"og:locale\" content=\"fr_FR\" \/>\n<meta property=\"og:type\" content=\"article\" \/>\n<meta property=\"og:title\" content=\"CODEX L&#039;Ultime secret de L\u00e9onard De Vinci - Croc Jeux\" \/>\n<meta property=\"og:description\" content=\"AUCUNE R\u00c8GLE : Couvercle lev\u00e9, partie commenc\u00e9e : aucune r\u00e8gle n\u2019est \u00e0 suivre. Vous \u00eates imm\u00e9diatement dans le vif du sujet.\" \/>\n<meta property=\"og:url\" content=\"https:\/\/crocjeux.com\/index.php\/produit\/codex-lultime-secret-de-leonard-de-vinci\/\" \/>\n<meta property=\"og:site_name\" content=\"Croc Jeux\" \/>\n<meta property=\"article:modified_time\" content=\"2025-04-30T08:57:37+00:00\" \/>\n<meta property=\"og:image\" content=\"https:\/\/crocjeux.com\/wp-content\/uploads\/2024\/03\/Copie-de-Sans-titre5-1.png\" \/>\n\t<meta property=\"og:image:width\" content=\"1080\" \/>\n\t<meta property=\"og:image:height\" content=\"1080\" \/>\n\t<meta property=\"og:image:type\" content=\"image\/png\" \/>\n<meta name=\"twitter:card\" content=\"summary_large_image\" \/>\n<meta name=\"twitter:label1\" content=\"Dur\u00e9e de lecture estim\u00e9e\" \/>\n\t<meta name=\"twitter:data1\" content=\"2 minutes\" \/>\n<script type=\"application\/ld+json\" class=\"yoast-schema-graph\">{\"@context\":\"https:\\\/\\\/schema.org\",\"@graph\":[{\"@type\":\"WebPage\",\"@id\":\"https:\\\/\\\/crocjeux.com\\\/index.php\\\/produit\\\/codex-lultime-secret-de-leonard-de-vinci\\\/\",\"url\":\"https:\\\/\\\/crocjeux.com\\\/index.php\\\/produit\\\/codex-lultime-secret-de-leonard-de-vinci\\\/\",\"name\":\"CODEX L'Ultime secret de L\u00e9onard De Vinci - Croc Jeux\",\"isPartOf\":{\"@id\":\"https:\\\/\\\/crocjeux.com\\\/#website\"},\"primaryImageOfPage\":{\"@id\":\"https:\\\/\\\/crocjeux.com\\\/index.php\\\/produit\\\/codex-lultime-secret-de-leonard-de-vinci\\\/#primaryimage\"},\"image\":{\"@id\":\"https:\\\/\\\/crocjeux.com\\\/index.php\\\/produit\\\/codex-lultime-secret-de-leonard-de-vinci\\\/#primaryimage\"},\"thumbnailUrl\":\"https:\\\/\\\/crocjeux.com\\\/wp-content\\\/uploads\\\/2024\\\/03\\\/Copie-de-Sans-titre5-1.png\",\"datePublished\":\"2024-03-22T16:03:53+00:00\",\"dateModified\":\"2025-04-30T08:57:37+00:00\",\"description\":\"AUCUNE R\u00c8GLE : Couvercle lev\u00e9, partie commenc\u00e9e : aucune r\u00e8gle n\u2019est \u00e0 suivre. Vous \u00eates imm\u00e9diatement dans le vif du sujet.\",\"breadcrumb\":{\"@id\":\"https:\\\/\\\/crocjeux.com\\\/index.php\\\/produit\\\/codex-lultime-secret-de-leonard-de-vinci\\\/#breadcrumb\"},\"inLanguage\":\"fr-FR\",\"potentialAction\":[{\"@type\":\"ReadAction\",\"target\":[\"https:\\\/\\\/crocjeux.com\\\/index.php\\\/produit\\\/codex-lultime-secret-de-leonard-de-vinci\\\/\"]}]},{\"@type\":\"ImageObject\",\"inLanguage\":\"fr-FR\",\"@id\":\"https:\\\/\\\/crocjeux.com\\\/index.php\\\/produit\\\/codex-lultime-secret-de-leonard-de-vinci\\\/#primaryimage\",\"url\":\"https:\\\/\\\/crocjeux.com\\\/wp-content\\\/uploads\\\/2024\\\/03\\\/Copie-de-Sans-titre5-1.png\",\"contentUrl\":\"https:\\\/\\\/crocjeux.com\\\/wp-content\\\/uploads\\\/2024\\\/03\\\/Copie-de-Sans-titre5-1.png\",\"width\":1080,\"height\":1080},{\"@type\":\"BreadcrumbList\",\"@id\":\"https:\\\/\\\/crocjeux.com\\\/index.php\\\/produit\\\/codex-lultime-secret-de-leonard-de-vinci\\\/#breadcrumb\",\"itemListElement\":[{\"@type\":\"ListItem\",\"position\":1,\"name\":\"Accueil\",\"item\":\"https:\\\/\\\/crocjeux.com\\\/\"},{\"@type\":\"ListItem\",\"position\":2,\"name\":\"Boutique\",\"item\":\"https:\\\/\\\/crocjeux.com\\\/\"},{\"@type\":\"ListItem\",\"position\":3,\"name\":\"CODEX L&rsquo;Ultime secret de L\u00e9onard De Vinci\"}]},{\"@type\":\"WebSite\",\"@id\":\"https:\\\/\\\/crocjeux.com\\\/#website\",\"url\":\"https:\\\/\\\/crocjeux.com\\\/\",\"name\":\"Croc Jeux\",\"description\":\"Bienvenue chez Croc Jeux!\",\"publisher\":{\"@id\":\"https:\\\/\\\/crocjeux.com\\\/#organization\"},\"potentialAction\":[{\"@type\":\"SearchAction\",\"target\":{\"@type\":\"EntryPoint\",\"urlTemplate\":\"https:\\\/\\\/crocjeux.com\\\/?s={search_term_string}\"},\"query-input\":{\"@type\":\"PropertyValueSpecification\",\"valueRequired\":true,\"valueName\":\"search_term_string\"}}],\"inLanguage\":\"fr-FR\"},{\"@type\":\"Organization\",\"@id\":\"https:\\\/\\\/crocjeux.com\\\/#organization\",\"name\":\"Croc Jeux\",\"url\":\"https:\\\/\\\/crocjeux.com\\\/\",\"logo\":{\"@type\":\"ImageObject\",\"inLanguage\":\"fr-FR\",\"@id\":\"https:\\\/\\\/crocjeux.com\\\/#\\\/schema\\\/logo\\\/image\\\/\",\"url\":\"https:\\\/\\\/crocjeux.com\\\/wp-content\\\/uploads\\\/2022\\\/01\\\/cropped-logo-croc-etape-1-e1644574034239.jpg\",\"contentUrl\":\"https:\\\/\\\/crocjeux.com\\\/wp-content\\\/uploads\\\/2022\\\/01\\\/cropped-logo-croc-etape-1-e1644574034239.jpg\",\"width\":1224,\"height\":314,\"caption\":\"Croc Jeux\"},\"image\":{\"@id\":\"https:\\\/\\\/crocjeux.com\\\/#\\\/schema\\\/logo\\\/image\\\/\"}}]}<\/script>\n<!-- \/ Yoast SEO plugin. -->","yoast_head_json":{"title":"CODEX L'Ultime secret de L\u00e9onard De Vinci - Croc Jeux","description":"AUCUNE R\u00c8GLE : Couvercle lev\u00e9, partie commenc\u00e9e : aucune r\u00e8gle n\u2019est \u00e0 suivre. Vous \u00eates imm\u00e9diatement dans le vif du sujet.","robots":{"index":"index","follow":"follow","max-snippet":"max-snippet:-1","max-image-preview":"max-image-preview:large","max-video-preview":"max-video-preview:-1"},"canonical":"https:\/\/crocjeux.com\/index.php\/produit\/codex-lultime-secret-de-leonard-de-vinci\/","og_locale":"fr_FR","og_type":"article","og_title":"CODEX L'Ultime secret de L\u00e9onard De Vinci - Croc Jeux","og_description":"AUCUNE R\u00c8GLE : Couvercle lev\u00e9, partie commenc\u00e9e : aucune r\u00e8gle n\u2019est \u00e0 suivre. Vous \u00eates imm\u00e9diatement dans le vif du sujet.","og_url":"https:\/\/crocjeux.com\/index.php\/produit\/codex-lultime-secret-de-leonard-de-vinci\/","og_site_name":"Croc Jeux","article_modified_time":"2025-04-30T08:57:37+00:00","og_image":[{"width":1080,"height":1080,"url":"https:\/\/crocjeux.com\/wp-content\/uploads\/2024\/03\/Copie-de-Sans-titre5-1.png","type":"image\/png"}],"twitter_card":"summary_large_image","twitter_misc":{"Dur\u00e9e de lecture estim\u00e9e":"2 minutes"},"schema":{"@context":"https:\/\/schema.org","@graph":[{"@type":"WebPage","@id":"https:\/\/crocjeux.com\/index.php\/produit\/codex-lultime-secret-de-leonard-de-vinci\/","url":"https:\/\/crocjeux.com\/index.php\/produit\/codex-lultime-secret-de-leonard-de-vinci\/","name":"CODEX L'Ultime secret de L\u00e9onard De Vinci - Croc Jeux","isPartOf":{"@id":"https:\/\/crocjeux.com\/#website"},"primaryImageOfPage":{"@id":"https:\/\/crocjeux.com\/index.php\/produit\/codex-lultime-secret-de-leonard-de-vinci\/#primaryimage"},"image":{"@id":"https:\/\/crocjeux.com\/index.php\/produit\/codex-lultime-secret-de-leonard-de-vinci\/#primaryimage"},"thumbnailUrl":"https:\/\/crocjeux.com\/wp-content\/uploads\/2024\/03\/Copie-de-Sans-titre5-1.png","datePublished":"2024-03-22T16:03:53+00:00","dateModified":"2025-04-30T08:57:37+00:00","description":"AUCUNE R\u00c8GLE : Couvercle lev\u00e9, partie commenc\u00e9e : aucune r\u00e8gle n\u2019est \u00e0 suivre. Vous \u00eates imm\u00e9diatement dans le vif du sujet.","breadcrumb":{"@id":"https:\/\/crocjeux.com\/index.php\/produit\/codex-lultime-secret-de-leonard-de-vinci\/#breadcrumb"},"inLanguage":"fr-FR","potentialAction":[{"@type":"ReadAction","target":["https:\/\/crocjeux.com\/index.php\/produit\/codex-lultime-secret-de-leonard-de-vinci\/"]}]},{"@type":"ImageObject","inLanguage":"fr-FR","@id":"https:\/\/crocjeux.com\/index.php\/produit\/codex-lultime-secret-de-leonard-de-vinci\/#primaryimage","url":"https:\/\/crocjeux.com\/wp-content\/uploads\/2024\/03\/Copie-de-Sans-titre5-1.png","contentUrl":"https:\/\/crocjeux.com\/wp-content\/uploads\/2024\/03\/Copie-de-Sans-titre5-1.png","width":1080,"height":1080},{"@type":"BreadcrumbList","@id":"https:\/\/crocjeux.com\/index.php\/produit\/codex-lultime-secret-de-leonard-de-vinci\/#breadcrumb","itemListElement":[{"@type":"ListItem","position":1,"name":"Accueil","item":"https:\/\/crocjeux.com\/"},{"@type":"ListItem","position":2,"name":"Boutique","item":"https:\/\/crocjeux.com\/"},{"@type":"ListItem","position":3,"name":"CODEX L&rsquo;Ultime secret de L\u00e9onard De Vinci"}]},{"@type":"WebSite","@id":"https:\/\/crocjeux.com\/#website","url":"https:\/\/crocjeux.com\/","name":"Croc Jeux","description":"Bienvenue chez Croc Jeux!","publisher":{"@id":"https:\/\/crocjeux.com\/#organization"},"potentialAction":[{"@type":"SearchAction","target":{"@type":"EntryPoint","urlTemplate":"https:\/\/crocjeux.com\/?s={search_term_string}"},"query-input":{"@type":"PropertyValueSpecification","valueRequired":true,"valueName":"search_term_string"}}],"inLanguage":"fr-FR"},{"@type":"Organization","@id":"https:\/\/crocjeux.com\/#organization","name":"Croc Jeux","url":"https:\/\/crocjeux.com\/","logo":{"@type":"ImageObject","inLanguage":"fr-FR","@id":"https:\/\/crocjeux.com\/#\/schema\/logo\/image\/","url":"https:\/\/crocjeux.com\/wp-content\/uploads\/2022\/01\/cropped-logo-croc-etape-1-e1644574034239.jpg","contentUrl":"https:\/\/crocjeux.com\/wp-content\/uploads\/2022\/01\/cropped-logo-croc-etape-1-e1644574034239.jpg","width":1224,"height":314,"caption":"Croc Jeux"},"image":{"@id":"https:\/\/crocjeux.com\/#\/schema\/logo\/image\/"}}]}},"_links":{"self":[{"href":"https:\/\/crocjeux.com\/index.php\/wp-json\/wp\/v2\/product\/5944","targetHints":{"allow":["GET"]}}],"collection":[{"href":"https:\/\/crocjeux.com\/index.php\/wp-json\/wp\/v2\/product"}],"about":[{"href":"https:\/\/crocjeux.com\/index.php\/wp-json\/wp\/v2\/types\/product"}],"replies":[{"embeddable":true,"href":"https:\/\/crocjeux.com\/index.php\/wp-json\/wp\/v2\/comments?post=5944"}],"wp:featuredmedia":[{"embeddable":true,"href":"https:\/\/crocjeux.com\/index.php\/wp-json\/wp\/v2\/media\/5946"}],"wp:attachment":[{"href":"https:\/\/crocjeux.com\/index.php\/wp-json\/wp\/v2\/media?parent=5944"}],"wp:term":[{"taxonomy":"product_brand","embeddable":true,"href":"https:\/\/crocjeux.com\/index.php\/wp-json\/wp\/v2\/product_brand?post=5944"},{"taxonomy":"product_cat","embeddable":true,"href":"https:\/\/crocjeux.com\/index.php\/wp-json\/wp\/v2\/product_cat?post=5944"},{"taxonomy":"product_tag","embeddable":true,"href":"https:\/\/crocjeux.com\/index.php\/wp-json\/wp\/v2\/product_tag?post=5944"}],"curies":[{"name":"wp","href":"https:\/\/api.w.org\/{rel}","templated":true}]}}