{"id":5978,"date":"2024-04-11T17:43:56","date_gmt":"2024-04-11T16:43:56","guid":{"rendered":"https:\/\/crocjeux.com\/?post_type=product&#038;p=5978"},"modified":"2024-10-17T14:25:15","modified_gmt":"2024-10-17T13:25:15","slug":"eila","status":"publish","type":"product","link":"https:\/\/crocjeux.com\/index.php\/produit\/eila\/","title":{"rendered":"Eila"},"content":{"rendered":"<div class=\"c-app-product-tabs__content ng-isolate-scope c-cs-accordion__content-wrapper\">\n<div class=\"c-cs-accordion__content c-cs-accordion__content--opened\">\n<div class=\"c-app-product-tabs__content-inner ng-scope\">\n<div class=\"ng-scope\" align=\"left\">\n<p>\u00ab\u00a0Eila and Something Shiny\u00a0\u00bb est un jeu de soci\u00e9t\u00e9 ax\u00e9 sur l&rsquo;histoire, con\u00e7u pour 1 joueur ou plus, et se d\u00e9roulant dans un monde mystique. Incarnez le personnage d&rsquo;Eila, r\u00e9solvez des \u00e9nigmes, g\u00e9rez des ressources et surmontez des d\u00e9fis \u00e0 travers des labyrinthes souterrains p\u00e9rilleux, des hauts plateaux enneig\u00e9s impitoyables, et bien plus encore.<\/p>\n<p>Vivez une histoire passionnante et \u00e9motionnelle r\u00e9partie en 5 chapitres, mettant en vedette des illustrations \u00e9poustouflantes et des bandes dessin\u00e9es illustr\u00e9es. Avec des chemins narratifs diversifi\u00e9s, vos choix ont de l&rsquo;importance, influen\u00e7ant chaque chapitre et d\u00e9terminant comment le jeu se termine.<\/p>\n<div><\/div>\n<div>Comment se d\u00e9coupe un chapitre ?<\/p>\n<div><\/div>\n<div>Nous allons r\u00e9v\u00e9ler les options les unes apr\u00e8s les autres, puis faire un choix parmi deux ou trois possibilit\u00e9s qui impliquent des d\u00e9penses ou des gains de ressources telles que la nourriture, les pi\u00e8ces, l&rsquo;\u00e9nergie, la connaissance ou m\u00eame la peur. Pendant cette premi\u00e8re \u00e9tape du jeu, qui repr\u00e9sente la premi\u00e8re journ\u00e9e du voyage d&rsquo;Eila, nous obtiendrons de nouvelles cartes en fonction de nos choix pr\u00e9c\u00e9dents et en retirerons d&rsquo;autres. La joueuse ne saura pas ce que contiennent les nouvelles cartes, et apr\u00e8s avoir m\u00e9lang\u00e9 ce jeu de cartes enrichi, elle entamera la deuxi\u00e8me journ\u00e9e de l&rsquo;aventure d&rsquo;Eila.<\/div>\n<div><\/div>\n<div>La victoire sera obtenue si l&rsquo;objectif initial d\u00e9fini en d\u00e9but de partie est atteint avant la fin du septi\u00e8me jour. \u00c0 l&rsquo;inverse, la partie sera perdue si l&rsquo;objectif n&rsquo;est pas accompli ou si Eila perd tous ses points de vie.<\/p>\n<div><\/div>\n<div>De nouvelles m\u00e9caniques appara\u00eetront pour chaque chapitre suivant celui du prologue. Le jeu reste accessible et familial mais les petits twist am\u00e8neront une envie suppl\u00e9mentaire de se plonger dans cet univers !<\/p>\n<div><\/div>\n<div>Un maturit\u00e9 visible au fil des chapitres<\/p>\n<div><\/div>\n<div>Au fil des chapitres et de l&rsquo;histoire, l&rsquo;aventure \u00e9voquera de sujets, rarement \u00e9voqu\u00e9s dans les jeux de soci\u00e9t\u00e9. Les BD deviendront \u00e9tonnantes et assez crues. Un choix \u00e9ditorial audacieux qu&rsquo;il faut souligner et qui renforcera les \u00e9motions procur\u00e9es par le jeu. Les phases de d\u00e9couvertes narratives succ\u00e8deront aussi \u00e0 de l&rsquo;optimisation dans la gestion de ressources.<\/div>\n<\/div>\n<\/div>\n<\/div>\n<\/div>\n<p>&nbsp;<\/p>\n<p>Bonne chance, le destin d&rsquo;Eila repose entre vos mains !<\/p>\n<\/div>\n<\/div>\n<\/div>\n<\/div>\n","protected":false},"excerpt":{"rendered":"<p>\u00ab\u00a0Eila and Something Shiny\u00a0\u00bb est un jeu de soci\u00e9t\u00e9 ax\u00e9 sur l&rsquo;histoire, con\u00e7u pour 1 joueur ou plus, et se<\/p>\n","protected":false},"featured_media":5975,"comment_status":"open","ping_status":"closed","template":"","meta":{"colormag_page_container_layout":"default_layout","colormag_page_sidebar_layout":"default_layout"},"product_brand":[],"product_cat":[30,38],"product_tag":[],"class_list":{"0":"post-5978","1":"product","2":"type-product","3":"status-publish","4":"has-post-thumbnail","6":"product_cat-jeux-collaboratifs","7":"product_cat-jeux-experts","9":"first","10":"instock","11":"taxable","12":"shipping-taxable","13":"purchasable","14":"product-type-simple"},"yoast_head":"<!-- This site is optimized with the Yoast SEO plugin v27.1.1 - https:\/\/yoast.com\/product\/yoast-seo-wordpress\/ -->\n<title>Eila - Croc Jeux<\/title>\n<meta name=\"robots\" content=\"index, follow, max-snippet:-1, max-image-preview:large, max-video-preview:-1\" \/>\n<link rel=\"canonical\" href=\"https:\/\/crocjeux.com\/index.php\/produit\/eila\/\" \/>\n<meta property=\"og:locale\" content=\"fr_FR\" \/>\n<meta property=\"og:type\" content=\"article\" \/>\n<meta property=\"og:title\" content=\"Eila - Croc Jeux\" \/>\n<meta property=\"og:description\" content=\"\u00ab\u00a0Eila and Something Shiny\u00a0\u00bb est un jeu de soci\u00e9t\u00e9 ax\u00e9 sur l&rsquo;histoire, con\u00e7u pour 1 joueur ou plus, et se\" \/>\n<meta property=\"og:url\" content=\"https:\/\/crocjeux.com\/index.php\/produit\/eila\/\" \/>\n<meta property=\"og:site_name\" content=\"Croc Jeux\" \/>\n<meta property=\"article:modified_time\" content=\"2024-10-17T13:25:15+00:00\" \/>\n<meta property=\"og:image\" content=\"https:\/\/crocjeux.com\/wp-content\/uploads\/2024\/04\/affiche-site3.png\" \/>\n\t<meta property=\"og:image:width\" content=\"1080\" \/>\n\t<meta property=\"og:image:height\" content=\"1080\" \/>\n\t<meta property=\"og:image:type\" content=\"image\/png\" \/>\n<meta name=\"twitter:card\" content=\"summary_large_image\" \/>\n<meta name=\"twitter:label1\" content=\"Dur\u00e9e de lecture estim\u00e9e\" \/>\n\t<meta name=\"twitter:data1\" content=\"2 minutes\" \/>\n<script type=\"application\/ld+json\" class=\"yoast-schema-graph\">{\"@context\":\"https:\/\/schema.org\",\"@graph\":[{\"@type\":\"WebPage\",\"@id\":\"https:\/\/crocjeux.com\/index.php\/produit\/eila\/\",\"url\":\"https:\/\/crocjeux.com\/index.php\/produit\/eila\/\",\"name\":\"Eila - Croc Jeux\",\"isPartOf\":{\"@id\":\"https:\/\/crocjeux.com\/#website\"},\"primaryImageOfPage\":{\"@id\":\"https:\/\/crocjeux.com\/index.php\/produit\/eila\/#primaryimage\"},\"image\":{\"@id\":\"https:\/\/crocjeux.com\/index.php\/produit\/eila\/#primaryimage\"},\"thumbnailUrl\":\"https:\/\/crocjeux.com\/wp-content\/uploads\/2024\/04\/affiche-site3.png\",\"datePublished\":\"2024-04-11T16:43:56+00:00\",\"dateModified\":\"2024-10-17T13:25:15+00:00\",\"breadcrumb\":{\"@id\":\"https:\/\/crocjeux.com\/index.php\/produit\/eila\/#breadcrumb\"},\"inLanguage\":\"fr-FR\",\"potentialAction\":[{\"@type\":\"ReadAction\",\"target\":[\"https:\/\/crocjeux.com\/index.php\/produit\/eila\/\"]}]},{\"@type\":\"ImageObject\",\"inLanguage\":\"fr-FR\",\"@id\":\"https:\/\/crocjeux.com\/index.php\/produit\/eila\/#primaryimage\",\"url\":\"https:\/\/crocjeux.com\/wp-content\/uploads\/2024\/04\/affiche-site3.png\",\"contentUrl\":\"https:\/\/crocjeux.com\/wp-content\/uploads\/2024\/04\/affiche-site3.png\",\"width\":1080,\"height\":1080},{\"@type\":\"BreadcrumbList\",\"@id\":\"https:\/\/crocjeux.com\/index.php\/produit\/eila\/#breadcrumb\",\"itemListElement\":[{\"@type\":\"ListItem\",\"position\":1,\"name\":\"Accueil\",\"item\":\"https:\/\/crocjeux.com\/\"},{\"@type\":\"ListItem\",\"position\":2,\"name\":\"Boutique\",\"item\":\"https:\/\/crocjeux.com\/\"},{\"@type\":\"ListItem\",\"position\":3,\"name\":\"Eila\"}]},{\"@type\":\"WebSite\",\"@id\":\"https:\/\/crocjeux.com\/#website\",\"url\":\"https:\/\/crocjeux.com\/\",\"name\":\"Croc Jeux\",\"description\":\"Bienvenue chez Croc Jeux!\",\"publisher\":{\"@id\":\"https:\/\/crocjeux.com\/#organization\"},\"potentialAction\":[{\"@type\":\"SearchAction\",\"target\":{\"@type\":\"EntryPoint\",\"urlTemplate\":\"https:\/\/crocjeux.com\/?s={search_term_string}\"},\"query-input\":{\"@type\":\"PropertyValueSpecification\",\"valueRequired\":true,\"valueName\":\"search_term_string\"}}],\"inLanguage\":\"fr-FR\"},{\"@type\":\"Organization\",\"@id\":\"https:\/\/crocjeux.com\/#organization\",\"name\":\"Croc Jeux\",\"url\":\"https:\/\/crocjeux.com\/\",\"logo\":{\"@type\":\"ImageObject\",\"inLanguage\":\"fr-FR\",\"@id\":\"https:\/\/crocjeux.com\/#\/schema\/logo\/image\/\",\"url\":\"https:\/\/crocjeux.com\/wp-content\/uploads\/2022\/01\/cropped-logo-croc-etape-1-e1644574034239.jpg\",\"contentUrl\":\"https:\/\/crocjeux.com\/wp-content\/uploads\/2022\/01\/cropped-logo-croc-etape-1-e1644574034239.jpg\",\"width\":1224,\"height\":314,\"caption\":\"Croc Jeux\"},\"image\":{\"@id\":\"https:\/\/crocjeux.com\/#\/schema\/logo\/image\/\"}}]}<\/script>\n<!-- \/ Yoast SEO plugin. -->","yoast_head_json":{"title":"Eila - Croc Jeux","robots":{"index":"index","follow":"follow","max-snippet":"max-snippet:-1","max-image-preview":"max-image-preview:large","max-video-preview":"max-video-preview:-1"},"canonical":"https:\/\/crocjeux.com\/index.php\/produit\/eila\/","og_locale":"fr_FR","og_type":"article","og_title":"Eila - Croc Jeux","og_description":"\u00ab\u00a0Eila and Something Shiny\u00a0\u00bb est un jeu de soci\u00e9t\u00e9 ax\u00e9 sur l&rsquo;histoire, con\u00e7u pour 1 joueur ou plus, et se","og_url":"https:\/\/crocjeux.com\/index.php\/produit\/eila\/","og_site_name":"Croc Jeux","article_modified_time":"2024-10-17T13:25:15+00:00","og_image":[{"width":1080,"height":1080,"url":"https:\/\/crocjeux.com\/wp-content\/uploads\/2024\/04\/affiche-site3.png","type":"image\/png"}],"twitter_card":"summary_large_image","twitter_misc":{"Dur\u00e9e de lecture estim\u00e9e":"2 minutes"},"schema":{"@context":"https:\/\/schema.org","@graph":[{"@type":"WebPage","@id":"https:\/\/crocjeux.com\/index.php\/produit\/eila\/","url":"https:\/\/crocjeux.com\/index.php\/produit\/eila\/","name":"Eila - Croc Jeux","isPartOf":{"@id":"https:\/\/crocjeux.com\/#website"},"primaryImageOfPage":{"@id":"https:\/\/crocjeux.com\/index.php\/produit\/eila\/#primaryimage"},"image":{"@id":"https:\/\/crocjeux.com\/index.php\/produit\/eila\/#primaryimage"},"thumbnailUrl":"https:\/\/crocjeux.com\/wp-content\/uploads\/2024\/04\/affiche-site3.png","datePublished":"2024-04-11T16:43:56+00:00","dateModified":"2024-10-17T13:25:15+00:00","breadcrumb":{"@id":"https:\/\/crocjeux.com\/index.php\/produit\/eila\/#breadcrumb"},"inLanguage":"fr-FR","potentialAction":[{"@type":"ReadAction","target":["https:\/\/crocjeux.com\/index.php\/produit\/eila\/"]}]},{"@type":"ImageObject","inLanguage":"fr-FR","@id":"https:\/\/crocjeux.com\/index.php\/produit\/eila\/#primaryimage","url":"https:\/\/crocjeux.com\/wp-content\/uploads\/2024\/04\/affiche-site3.png","contentUrl":"https:\/\/crocjeux.com\/wp-content\/uploads\/2024\/04\/affiche-site3.png","width":1080,"height":1080},{"@type":"BreadcrumbList","@id":"https:\/\/crocjeux.com\/index.php\/produit\/eila\/#breadcrumb","itemListElement":[{"@type":"ListItem","position":1,"name":"Accueil","item":"https:\/\/crocjeux.com\/"},{"@type":"ListItem","position":2,"name":"Boutique","item":"https:\/\/crocjeux.com\/"},{"@type":"ListItem","position":3,"name":"Eila"}]},{"@type":"WebSite","@id":"https:\/\/crocjeux.com\/#website","url":"https:\/\/crocjeux.com\/","name":"Croc Jeux","description":"Bienvenue chez Croc Jeux!","publisher":{"@id":"https:\/\/crocjeux.com\/#organization"},"potentialAction":[{"@type":"SearchAction","target":{"@type":"EntryPoint","urlTemplate":"https:\/\/crocjeux.com\/?s={search_term_string}"},"query-input":{"@type":"PropertyValueSpecification","valueRequired":true,"valueName":"search_term_string"}}],"inLanguage":"fr-FR"},{"@type":"Organization","@id":"https:\/\/crocjeux.com\/#organization","name":"Croc Jeux","url":"https:\/\/crocjeux.com\/","logo":{"@type":"ImageObject","inLanguage":"fr-FR","@id":"https:\/\/crocjeux.com\/#\/schema\/logo\/image\/","url":"https:\/\/crocjeux.com\/wp-content\/uploads\/2022\/01\/cropped-logo-croc-etape-1-e1644574034239.jpg","contentUrl":"https:\/\/crocjeux.com\/wp-content\/uploads\/2022\/01\/cropped-logo-croc-etape-1-e1644574034239.jpg","width":1224,"height":314,"caption":"Croc Jeux"},"image":{"@id":"https:\/\/crocjeux.com\/#\/schema\/logo\/image\/"}}]}},"_links":{"self":[{"href":"https:\/\/crocjeux.com\/index.php\/wp-json\/wp\/v2\/product\/5978","targetHints":{"allow":["GET"]}}],"collection":[{"href":"https:\/\/crocjeux.com\/index.php\/wp-json\/wp\/v2\/product"}],"about":[{"href":"https:\/\/crocjeux.com\/index.php\/wp-json\/wp\/v2\/types\/product"}],"replies":[{"embeddable":true,"href":"https:\/\/crocjeux.com\/index.php\/wp-json\/wp\/v2\/comments?post=5978"}],"wp:featuredmedia":[{"embeddable":true,"href":"https:\/\/crocjeux.com\/index.php\/wp-json\/wp\/v2\/media\/5975"}],"wp:attachment":[{"href":"https:\/\/crocjeux.com\/index.php\/wp-json\/wp\/v2\/media?parent=5978"}],"wp:term":[{"taxonomy":"product_brand","embeddable":true,"href":"https:\/\/crocjeux.com\/index.php\/wp-json\/wp\/v2\/product_brand?post=5978"},{"taxonomy":"product_cat","embeddable":true,"href":"https:\/\/crocjeux.com\/index.php\/wp-json\/wp\/v2\/product_cat?post=5978"},{"taxonomy":"product_tag","embeddable":true,"href":"https:\/\/crocjeux.com\/index.php\/wp-json\/wp\/v2\/product_tag?post=5978"}],"curies":[{"name":"wp","href":"https:\/\/api.w.org\/{rel}","templated":true}]}}