{"id":6029,"date":"2024-05-03T18:34:13","date_gmt":"2024-05-03T17:34:13","guid":{"rendered":"https:\/\/crocjeux.com\/?post_type=product&#038;p=6029"},"modified":"2024-05-03T18:34:14","modified_gmt":"2024-05-03T17:34:14","slug":"dice-throne-marvel","status":"publish","type":"product","link":"https:\/\/crocjeux.com\/index.php\/produit\/dice-throne-marvel\/","title":{"rendered":"Dice Throne Marvel"},"content":{"rendered":"<p>Marvel Dice Throne est un jeu palpitant et rapide de jeu de cartes et de manipulation de d\u00e9s qui propose plusieurs modes de jeu, dont 1v1, 2v2, 3v3, 2v2v2 ou le chacun pour soi. Attaquez vos adversaires et activez vos capacit\u00e9s en lan\u00e7ant les cinq d\u00e9s de votre h\u00e9ros. Accumulez des points de combat et d\u00e9pensez-les sur des cartes aux effets vari\u00e9s, comme l\u2019octroi d\u2019am\u00e9liorations permanentes aux h\u00e9ros, l\u2019application d\u2019effets de statut et la manipulation directe des d\u00e9s (les v\u00f4tres, ceux de vos co\u00e9quipiers ou m\u00eame ceux de votre adversaire).<\/p>\n<p>Les 8 h\u00e9ros sont compatibles avec l\u2019ensemble de l\u2019\u00e9cosyst\u00e8me de Dice Throne. Utilisez les cartes d\u2019am\u00e9lioration pour booster les capacit\u00e9s de vos h\u00e9ros au fur et \u00e0 mesure que le jeu progresse.<\/p>\n<p>Jouez les cartes d\u2019action de fa\u00e7on strat\u00e9gique pour manipuler les d\u00e9s et surprendre votre adversaire !<\/p>\n","protected":false},"excerpt":{"rendered":"<p>jeu palpitant et rapide de jeu de cartes et de manipulation de d\u00e9s<\/p>\n","protected":false},"featured_media":6030,"comment_status":"open","ping_status":"closed","template":"","meta":{"colormag_page_container_layout":"default_layout","colormag_page_sidebar_layout":"default_layout"},"product_brand":[],"product_cat":[18,29],"product_tag":[],"class_list":{"0":"post-6029","1":"product","2":"type-product","3":"status-publish","4":"has-post-thumbnail","6":"product_cat-jeux-de-strategie","7":"product_cat-jeux-2-joueurs","9":"first","10":"instock","11":"taxable","12":"shipping-taxable","13":"purchasable","14":"product-type-simple"},"yoast_head":"<!-- This site is optimized with the Yoast SEO plugin v27.1.1 - https:\/\/yoast.com\/product\/yoast-seo-wordpress\/ -->\n<title>Dice Throne Marvel - Croc Jeux<\/title>\n<meta name=\"description\" content=\"jeu palpitant et rapide de jeu de cartes et de manipulation de d\u00e9s\" \/>\n<meta name=\"robots\" content=\"index, follow, max-snippet:-1, max-image-preview:large, max-video-preview:-1\" \/>\n<link rel=\"canonical\" href=\"https:\/\/crocjeux.com\/index.php\/produit\/dice-throne-marvel\/\" \/>\n<meta property=\"og:locale\" content=\"fr_FR\" \/>\n<meta property=\"og:type\" content=\"article\" \/>\n<meta property=\"og:title\" content=\"Dice Throne Marvel - Croc Jeux\" \/>\n<meta property=\"og:description\" content=\"jeu palpitant et rapide de jeu de cartes et de manipulation de d\u00e9s\" \/>\n<meta property=\"og:url\" content=\"https:\/\/crocjeux.com\/index.php\/produit\/dice-throne-marvel\/\" \/>\n<meta property=\"og:site_name\" content=\"Croc Jeux\" \/>\n<meta property=\"article:modified_time\" content=\"2024-05-03T17:34:14+00:00\" \/>\n<meta property=\"og:image\" content=\"https:\/\/crocjeux.com\/wp-content\/uploads\/2024\/05\/Copie-de-lombre-kraken.png\" \/>\n\t<meta property=\"og:image:width\" content=\"1080\" \/>\n\t<meta property=\"og:image:height\" content=\"1080\" \/>\n\t<meta property=\"og:image:type\" content=\"image\/png\" \/>\n<meta name=\"twitter:card\" content=\"summary_large_image\" \/>\n<meta name=\"twitter:label1\" content=\"Dur\u00e9e de lecture estim\u00e9e\" \/>\n\t<meta name=\"twitter:data1\" content=\"1 minute\" \/>\n<script type=\"application\/ld+json\" class=\"yoast-schema-graph\">{\"@context\":\"https:\/\/schema.org\",\"@graph\":[{\"@type\":\"WebPage\",\"@id\":\"https:\/\/crocjeux.com\/index.php\/produit\/dice-throne-marvel\/\",\"url\":\"https:\/\/crocjeux.com\/index.php\/produit\/dice-throne-marvel\/\",\"name\":\"Dice Throne Marvel - Croc Jeux\",\"isPartOf\":{\"@id\":\"https:\/\/crocjeux.com\/#website\"},\"primaryImageOfPage\":{\"@id\":\"https:\/\/crocjeux.com\/index.php\/produit\/dice-throne-marvel\/#primaryimage\"},\"image\":{\"@id\":\"https:\/\/crocjeux.com\/index.php\/produit\/dice-throne-marvel\/#primaryimage\"},\"thumbnailUrl\":\"https:\/\/crocjeux.com\/wp-content\/uploads\/2024\/05\/Copie-de-lombre-kraken.png\",\"datePublished\":\"2024-05-03T17:34:13+00:00\",\"dateModified\":\"2024-05-03T17:34:14+00:00\",\"description\":\"jeu palpitant et rapide de jeu de cartes et de manipulation de d\u00e9s\",\"breadcrumb\":{\"@id\":\"https:\/\/crocjeux.com\/index.php\/produit\/dice-throne-marvel\/#breadcrumb\"},\"inLanguage\":\"fr-FR\",\"potentialAction\":[{\"@type\":\"ReadAction\",\"target\":[\"https:\/\/crocjeux.com\/index.php\/produit\/dice-throne-marvel\/\"]}]},{\"@type\":\"ImageObject\",\"inLanguage\":\"fr-FR\",\"@id\":\"https:\/\/crocjeux.com\/index.php\/produit\/dice-throne-marvel\/#primaryimage\",\"url\":\"https:\/\/crocjeux.com\/wp-content\/uploads\/2024\/05\/Copie-de-lombre-kraken.png\",\"contentUrl\":\"https:\/\/crocjeux.com\/wp-content\/uploads\/2024\/05\/Copie-de-lombre-kraken.png\",\"width\":1080,\"height\":1080},{\"@type\":\"BreadcrumbList\",\"@id\":\"https:\/\/crocjeux.com\/index.php\/produit\/dice-throne-marvel\/#breadcrumb\",\"itemListElement\":[{\"@type\":\"ListItem\",\"position\":1,\"name\":\"Accueil\",\"item\":\"https:\/\/crocjeux.com\/\"},{\"@type\":\"ListItem\",\"position\":2,\"name\":\"Boutique\",\"item\":\"https:\/\/crocjeux.com\/\"},{\"@type\":\"ListItem\",\"position\":3,\"name\":\"Dice Throne Marvel\"}]},{\"@type\":\"WebSite\",\"@id\":\"https:\/\/crocjeux.com\/#website\",\"url\":\"https:\/\/crocjeux.com\/\",\"name\":\"Croc Jeux\",\"description\":\"Bienvenue chez Croc Jeux!\",\"publisher\":{\"@id\":\"https:\/\/crocjeux.com\/#organization\"},\"potentialAction\":[{\"@type\":\"SearchAction\",\"target\":{\"@type\":\"EntryPoint\",\"urlTemplate\":\"https:\/\/crocjeux.com\/?s={search_term_string}\"},\"query-input\":{\"@type\":\"PropertyValueSpecification\",\"valueRequired\":true,\"valueName\":\"search_term_string\"}}],\"inLanguage\":\"fr-FR\"},{\"@type\":\"Organization\",\"@id\":\"https:\/\/crocjeux.com\/#organization\",\"name\":\"Croc Jeux\",\"url\":\"https:\/\/crocjeux.com\/\",\"logo\":{\"@type\":\"ImageObject\",\"inLanguage\":\"fr-FR\",\"@id\":\"https:\/\/crocjeux.com\/#\/schema\/logo\/image\/\",\"url\":\"https:\/\/crocjeux.com\/wp-content\/uploads\/2022\/01\/cropped-logo-croc-etape-1-e1644574034239.jpg\",\"contentUrl\":\"https:\/\/crocjeux.com\/wp-content\/uploads\/2022\/01\/cropped-logo-croc-etape-1-e1644574034239.jpg\",\"width\":1224,\"height\":314,\"caption\":\"Croc Jeux\"},\"image\":{\"@id\":\"https:\/\/crocjeux.com\/#\/schema\/logo\/image\/\"}}]}<\/script>\n<!-- \/ Yoast SEO plugin. -->","yoast_head_json":{"title":"Dice Throne Marvel - Croc Jeux","description":"jeu palpitant et rapide de jeu de cartes et de manipulation de d\u00e9s","robots":{"index":"index","follow":"follow","max-snippet":"max-snippet:-1","max-image-preview":"max-image-preview:large","max-video-preview":"max-video-preview:-1"},"canonical":"https:\/\/crocjeux.com\/index.php\/produit\/dice-throne-marvel\/","og_locale":"fr_FR","og_type":"article","og_title":"Dice Throne Marvel - Croc Jeux","og_description":"jeu palpitant et rapide de jeu de cartes et de manipulation de d\u00e9s","og_url":"https:\/\/crocjeux.com\/index.php\/produit\/dice-throne-marvel\/","og_site_name":"Croc Jeux","article_modified_time":"2024-05-03T17:34:14+00:00","og_image":[{"width":1080,"height":1080,"url":"https:\/\/crocjeux.com\/wp-content\/uploads\/2024\/05\/Copie-de-lombre-kraken.png","type":"image\/png"}],"twitter_card":"summary_large_image","twitter_misc":{"Dur\u00e9e de lecture estim\u00e9e":"1 minute"},"schema":{"@context":"https:\/\/schema.org","@graph":[{"@type":"WebPage","@id":"https:\/\/crocjeux.com\/index.php\/produit\/dice-throne-marvel\/","url":"https:\/\/crocjeux.com\/index.php\/produit\/dice-throne-marvel\/","name":"Dice Throne Marvel - Croc Jeux","isPartOf":{"@id":"https:\/\/crocjeux.com\/#website"},"primaryImageOfPage":{"@id":"https:\/\/crocjeux.com\/index.php\/produit\/dice-throne-marvel\/#primaryimage"},"image":{"@id":"https:\/\/crocjeux.com\/index.php\/produit\/dice-throne-marvel\/#primaryimage"},"thumbnailUrl":"https:\/\/crocjeux.com\/wp-content\/uploads\/2024\/05\/Copie-de-lombre-kraken.png","datePublished":"2024-05-03T17:34:13+00:00","dateModified":"2024-05-03T17:34:14+00:00","description":"jeu palpitant et rapide de jeu de cartes et de manipulation de d\u00e9s","breadcrumb":{"@id":"https:\/\/crocjeux.com\/index.php\/produit\/dice-throne-marvel\/#breadcrumb"},"inLanguage":"fr-FR","potentialAction":[{"@type":"ReadAction","target":["https:\/\/crocjeux.com\/index.php\/produit\/dice-throne-marvel\/"]}]},{"@type":"ImageObject","inLanguage":"fr-FR","@id":"https:\/\/crocjeux.com\/index.php\/produit\/dice-throne-marvel\/#primaryimage","url":"https:\/\/crocjeux.com\/wp-content\/uploads\/2024\/05\/Copie-de-lombre-kraken.png","contentUrl":"https:\/\/crocjeux.com\/wp-content\/uploads\/2024\/05\/Copie-de-lombre-kraken.png","width":1080,"height":1080},{"@type":"BreadcrumbList","@id":"https:\/\/crocjeux.com\/index.php\/produit\/dice-throne-marvel\/#breadcrumb","itemListElement":[{"@type":"ListItem","position":1,"name":"Accueil","item":"https:\/\/crocjeux.com\/"},{"@type":"ListItem","position":2,"name":"Boutique","item":"https:\/\/crocjeux.com\/"},{"@type":"ListItem","position":3,"name":"Dice Throne Marvel"}]},{"@type":"WebSite","@id":"https:\/\/crocjeux.com\/#website","url":"https:\/\/crocjeux.com\/","name":"Croc Jeux","description":"Bienvenue chez Croc Jeux!","publisher":{"@id":"https:\/\/crocjeux.com\/#organization"},"potentialAction":[{"@type":"SearchAction","target":{"@type":"EntryPoint","urlTemplate":"https:\/\/crocjeux.com\/?s={search_term_string}"},"query-input":{"@type":"PropertyValueSpecification","valueRequired":true,"valueName":"search_term_string"}}],"inLanguage":"fr-FR"},{"@type":"Organization","@id":"https:\/\/crocjeux.com\/#organization","name":"Croc Jeux","url":"https:\/\/crocjeux.com\/","logo":{"@type":"ImageObject","inLanguage":"fr-FR","@id":"https:\/\/crocjeux.com\/#\/schema\/logo\/image\/","url":"https:\/\/crocjeux.com\/wp-content\/uploads\/2022\/01\/cropped-logo-croc-etape-1-e1644574034239.jpg","contentUrl":"https:\/\/crocjeux.com\/wp-content\/uploads\/2022\/01\/cropped-logo-croc-etape-1-e1644574034239.jpg","width":1224,"height":314,"caption":"Croc Jeux"},"image":{"@id":"https:\/\/crocjeux.com\/#\/schema\/logo\/image\/"}}]}},"_links":{"self":[{"href":"https:\/\/crocjeux.com\/index.php\/wp-json\/wp\/v2\/product\/6029","targetHints":{"allow":["GET"]}}],"collection":[{"href":"https:\/\/crocjeux.com\/index.php\/wp-json\/wp\/v2\/product"}],"about":[{"href":"https:\/\/crocjeux.com\/index.php\/wp-json\/wp\/v2\/types\/product"}],"replies":[{"embeddable":true,"href":"https:\/\/crocjeux.com\/index.php\/wp-json\/wp\/v2\/comments?post=6029"}],"wp:featuredmedia":[{"embeddable":true,"href":"https:\/\/crocjeux.com\/index.php\/wp-json\/wp\/v2\/media\/6030"}],"wp:attachment":[{"href":"https:\/\/crocjeux.com\/index.php\/wp-json\/wp\/v2\/media?parent=6029"}],"wp:term":[{"taxonomy":"product_brand","embeddable":true,"href":"https:\/\/crocjeux.com\/index.php\/wp-json\/wp\/v2\/product_brand?post=6029"},{"taxonomy":"product_cat","embeddable":true,"href":"https:\/\/crocjeux.com\/index.php\/wp-json\/wp\/v2\/product_cat?post=6029"},{"taxonomy":"product_tag","embeddable":true,"href":"https:\/\/crocjeux.com\/index.php\/wp-json\/wp\/v2\/product_tag?post=6029"}],"curies":[{"name":"wp","href":"https:\/\/api.w.org\/{rel}","templated":true}]}}