{"id":6042,"date":"2024-05-08T10:32:58","date_gmt":"2024-05-08T09:32:58","guid":{"rendered":"https:\/\/crocjeux.com\/?post_type=product&#038;p=6042"},"modified":"2024-05-10T22:29:16","modified_gmt":"2024-05-10T21:29:16","slug":"5-royaumes","status":"publish","type":"product","link":"https:\/\/crocjeux.com\/index.php\/produit\/5-royaumes\/","title":{"rendered":"5 Royaumes"},"content":{"rendered":"<div>Vous avez appris \u00e0 survivre et \u00e0 chuchoter \u00e0 l\u2019oreille des puissants. Il est temps d\u2019user de reprendre le pouvoir apr\u00e8s des ann\u00e9es pass\u00e9es dans l\u2019ombre des <b>5 Royaumes.<\/b><\/div>\n<div><\/div>\n<div>L&rsquo;id\u00e9e forte du jeu repose sur l&rsquo;utilisation des cartes avec d&rsquo;un c\u00f4t\u00e9 une banni\u00e8re et de l&rsquo;autre un personnage appartenant au royaume en question. A chaque tour et \u00e0 tour de r\u00f4le, il vous faudra placer une carte banni\u00e8re dans l&rsquo;aire de jeu dans le but de r\u00e9cup\u00e9rer des cartes en respectant les contraintes de poses et de prises.<\/div>\n<div><\/div>\n<div>Une fois que vous aurez r\u00e9cup\u00e9r\u00e9 des cartes, vous pourrez soit influencer et placer les banni\u00e8res dans votre zone de jeu pour augmenter votre influence dans ce royaume soit recruter et prendre connaissance des personnages au dos des cartes banni\u00e8res, afin d&rsquo;en choisir 1 et de l&rsquo;ajouter \u00e0 votre conseil.<\/div>\n<div><\/div>\n<div>Les personnes ont des effets qui s&rsquo;activeront lors de leur recrutement, ou lorsqu&rsquo;un certain nombre d&rsquo;influences dans un royaume sera atteint, ou en fin de partie, sous forme de majorit\u00e9.<\/div>\n<div><\/div>\n<div>Vous allez donc cr\u00e9er votre fa\u00e7on de marquer des points durant la partie.<\/div>\n<div><\/div>\n<div>Contenu :<\/div>\n<div>95 cartes dont :<\/div>\n<div>\u2022 10 cartes par Royaume d\u2019Alkane soit 50 cartes<\/div>\n<div>\u2022 8 cartes Ordre Religieux \u2022 8 cartes Ordre Imp\u00e9rial (ces cartes pr\u00e9sentent un c\u00f4t\u00e9 Banni\u00e8re et un c\u00f4t\u00e9 Personnage)<\/div>\n<div>\u2022 5 cartes Salle du Tr\u00f4ne<\/div>\n<div>\u2022 16 cartes Ch\u00e2teau<\/div>\n<div>\u2022 8 cartes Aide de jeu \/ r\u00e8gles<\/div>\n<div>\u00a0\u2022 1 livret de r\u00e8gle<\/div>\n","protected":false},"excerpt":{"rendered":"<p>5 Royaumes est un jeu de collection et de scoring facile \u00e0 transporter.<\/p>\n","protected":false},"featured_media":6063,"comment_status":"open","ping_status":"closed","template":"","meta":{"colormag_page_container_layout":"default_layout","colormag_page_sidebar_layout":"default_layout"},"product_brand":[],"product_cat":[18],"product_tag":[],"class_list":{"0":"post-6042","1":"product","2":"type-product","3":"status-publish","4":"has-post-thumbnail","6":"product_cat-jeux-de-strategie","8":"first","9":"instock","10":"taxable","11":"shipping-taxable","12":"purchasable","13":"product-type-simple"},"yoast_head":"<!-- This site is optimized with the Yoast SEO plugin v27.4 - https:\/\/yoast.com\/product\/yoast-seo-wordpress\/ -->\n<title>5 Royaumes - Croc Jeux<\/title>\n<meta name=\"description\" content=\"5 Royaumes est un jeu de collection et de scoring facile \u00e0 transporter.\" \/>\n<meta name=\"robots\" content=\"index, follow, max-snippet:-1, max-image-preview:large, max-video-preview:-1\" \/>\n<link rel=\"canonical\" href=\"https:\/\/crocjeux.com\/index.php\/produit\/5-royaumes\/\" \/>\n<meta property=\"og:locale\" content=\"fr_FR\" \/>\n<meta property=\"og:type\" content=\"article\" \/>\n<meta property=\"og:title\" content=\"5 Royaumes - Croc Jeux\" \/>\n<meta property=\"og:description\" content=\"5 Royaumes est un jeu de collection et de scoring facile \u00e0 transporter.\" \/>\n<meta property=\"og:url\" content=\"https:\/\/crocjeux.com\/index.php\/produit\/5-royaumes\/\" \/>\n<meta property=\"og:site_name\" content=\"Croc Jeux\" \/>\n<meta property=\"article:modified_time\" content=\"2024-05-10T21:29:16+00:00\" \/>\n<meta property=\"og:image\" content=\"https:\/\/crocjeux.com\/wp-content\/uploads\/2024\/05\/Copie-de-lombre-kraken6.png\" \/>\n\t<meta property=\"og:image:width\" content=\"1080\" \/>\n\t<meta property=\"og:image:height\" content=\"1080\" \/>\n\t<meta property=\"og:image:type\" content=\"image\/png\" \/>\n<meta name=\"twitter:card\" content=\"summary_large_image\" \/>\n<meta name=\"twitter:label1\" content=\"Dur\u00e9e de lecture estim\u00e9e\" \/>\n\t<meta name=\"twitter:data1\" content=\"2 minutes\" \/>\n<script type=\"application\/ld+json\" class=\"yoast-schema-graph\">{\"@context\":\"https:\\\/\\\/schema.org\",\"@graph\":[{\"@type\":\"WebPage\",\"@id\":\"https:\\\/\\\/crocjeux.com\\\/index.php\\\/produit\\\/5-royaumes\\\/\",\"url\":\"https:\\\/\\\/crocjeux.com\\\/index.php\\\/produit\\\/5-royaumes\\\/\",\"name\":\"5 Royaumes - Croc Jeux\",\"isPartOf\":{\"@id\":\"https:\\\/\\\/crocjeux.com\\\/#website\"},\"primaryImageOfPage\":{\"@id\":\"https:\\\/\\\/crocjeux.com\\\/index.php\\\/produit\\\/5-royaumes\\\/#primaryimage\"},\"image\":{\"@id\":\"https:\\\/\\\/crocjeux.com\\\/index.php\\\/produit\\\/5-royaumes\\\/#primaryimage\"},\"thumbnailUrl\":\"https:\\\/\\\/crocjeux.com\\\/wp-content\\\/uploads\\\/2024\\\/05\\\/Copie-de-lombre-kraken6.png\",\"datePublished\":\"2024-05-08T09:32:58+00:00\",\"dateModified\":\"2024-05-10T21:29:16+00:00\",\"description\":\"5 Royaumes est un jeu de collection et de scoring facile \u00e0 transporter.\",\"breadcrumb\":{\"@id\":\"https:\\\/\\\/crocjeux.com\\\/index.php\\\/produit\\\/5-royaumes\\\/#breadcrumb\"},\"inLanguage\":\"fr-FR\",\"potentialAction\":[{\"@type\":\"ReadAction\",\"target\":[\"https:\\\/\\\/crocjeux.com\\\/index.php\\\/produit\\\/5-royaumes\\\/\"]}]},{\"@type\":\"ImageObject\",\"inLanguage\":\"fr-FR\",\"@id\":\"https:\\\/\\\/crocjeux.com\\\/index.php\\\/produit\\\/5-royaumes\\\/#primaryimage\",\"url\":\"https:\\\/\\\/crocjeux.com\\\/wp-content\\\/uploads\\\/2024\\\/05\\\/Copie-de-lombre-kraken6.png\",\"contentUrl\":\"https:\\\/\\\/crocjeux.com\\\/wp-content\\\/uploads\\\/2024\\\/05\\\/Copie-de-lombre-kraken6.png\",\"width\":1080,\"height\":1080},{\"@type\":\"BreadcrumbList\",\"@id\":\"https:\\\/\\\/crocjeux.com\\\/index.php\\\/produit\\\/5-royaumes\\\/#breadcrumb\",\"itemListElement\":[{\"@type\":\"ListItem\",\"position\":1,\"name\":\"Accueil\",\"item\":\"https:\\\/\\\/crocjeux.com\\\/\"},{\"@type\":\"ListItem\",\"position\":2,\"name\":\"Boutique\",\"item\":\"https:\\\/\\\/crocjeux.com\\\/\"},{\"@type\":\"ListItem\",\"position\":3,\"name\":\"5 Royaumes\"}]},{\"@type\":\"WebSite\",\"@id\":\"https:\\\/\\\/crocjeux.com\\\/#website\",\"url\":\"https:\\\/\\\/crocjeux.com\\\/\",\"name\":\"Croc Jeux\",\"description\":\"Bienvenue chez Croc Jeux!\",\"publisher\":{\"@id\":\"https:\\\/\\\/crocjeux.com\\\/#organization\"},\"potentialAction\":[{\"@type\":\"SearchAction\",\"target\":{\"@type\":\"EntryPoint\",\"urlTemplate\":\"https:\\\/\\\/crocjeux.com\\\/?s={search_term_string}\"},\"query-input\":{\"@type\":\"PropertyValueSpecification\",\"valueRequired\":true,\"valueName\":\"search_term_string\"}}],\"inLanguage\":\"fr-FR\"},{\"@type\":\"Organization\",\"@id\":\"https:\\\/\\\/crocjeux.com\\\/#organization\",\"name\":\"Croc Jeux\",\"url\":\"https:\\\/\\\/crocjeux.com\\\/\",\"logo\":{\"@type\":\"ImageObject\",\"inLanguage\":\"fr-FR\",\"@id\":\"https:\\\/\\\/crocjeux.com\\\/#\\\/schema\\\/logo\\\/image\\\/\",\"url\":\"https:\\\/\\\/crocjeux.com\\\/wp-content\\\/uploads\\\/2022\\\/01\\\/cropped-logo-croc-etape-1-e1644574034239.jpg\",\"contentUrl\":\"https:\\\/\\\/crocjeux.com\\\/wp-content\\\/uploads\\\/2022\\\/01\\\/cropped-logo-croc-etape-1-e1644574034239.jpg\",\"width\":1224,\"height\":314,\"caption\":\"Croc Jeux\"},\"image\":{\"@id\":\"https:\\\/\\\/crocjeux.com\\\/#\\\/schema\\\/logo\\\/image\\\/\"}}]}<\/script>\n<!-- \/ Yoast SEO plugin. -->","yoast_head_json":{"title":"5 Royaumes - Croc Jeux","description":"5 Royaumes est un jeu de collection et de scoring facile \u00e0 transporter.","robots":{"index":"index","follow":"follow","max-snippet":"max-snippet:-1","max-image-preview":"max-image-preview:large","max-video-preview":"max-video-preview:-1"},"canonical":"https:\/\/crocjeux.com\/index.php\/produit\/5-royaumes\/","og_locale":"fr_FR","og_type":"article","og_title":"5 Royaumes - Croc Jeux","og_description":"5 Royaumes est un jeu de collection et de scoring facile \u00e0 transporter.","og_url":"https:\/\/crocjeux.com\/index.php\/produit\/5-royaumes\/","og_site_name":"Croc Jeux","article_modified_time":"2024-05-10T21:29:16+00:00","og_image":[{"width":1080,"height":1080,"url":"https:\/\/crocjeux.com\/wp-content\/uploads\/2024\/05\/Copie-de-lombre-kraken6.png","type":"image\/png"}],"twitter_card":"summary_large_image","twitter_misc":{"Dur\u00e9e de lecture estim\u00e9e":"2 minutes"},"schema":{"@context":"https:\/\/schema.org","@graph":[{"@type":"WebPage","@id":"https:\/\/crocjeux.com\/index.php\/produit\/5-royaumes\/","url":"https:\/\/crocjeux.com\/index.php\/produit\/5-royaumes\/","name":"5 Royaumes - Croc Jeux","isPartOf":{"@id":"https:\/\/crocjeux.com\/#website"},"primaryImageOfPage":{"@id":"https:\/\/crocjeux.com\/index.php\/produit\/5-royaumes\/#primaryimage"},"image":{"@id":"https:\/\/crocjeux.com\/index.php\/produit\/5-royaumes\/#primaryimage"},"thumbnailUrl":"https:\/\/crocjeux.com\/wp-content\/uploads\/2024\/05\/Copie-de-lombre-kraken6.png","datePublished":"2024-05-08T09:32:58+00:00","dateModified":"2024-05-10T21:29:16+00:00","description":"5 Royaumes est un jeu de collection et de scoring facile \u00e0 transporter.","breadcrumb":{"@id":"https:\/\/crocjeux.com\/index.php\/produit\/5-royaumes\/#breadcrumb"},"inLanguage":"fr-FR","potentialAction":[{"@type":"ReadAction","target":["https:\/\/crocjeux.com\/index.php\/produit\/5-royaumes\/"]}]},{"@type":"ImageObject","inLanguage":"fr-FR","@id":"https:\/\/crocjeux.com\/index.php\/produit\/5-royaumes\/#primaryimage","url":"https:\/\/crocjeux.com\/wp-content\/uploads\/2024\/05\/Copie-de-lombre-kraken6.png","contentUrl":"https:\/\/crocjeux.com\/wp-content\/uploads\/2024\/05\/Copie-de-lombre-kraken6.png","width":1080,"height":1080},{"@type":"BreadcrumbList","@id":"https:\/\/crocjeux.com\/index.php\/produit\/5-royaumes\/#breadcrumb","itemListElement":[{"@type":"ListItem","position":1,"name":"Accueil","item":"https:\/\/crocjeux.com\/"},{"@type":"ListItem","position":2,"name":"Boutique","item":"https:\/\/crocjeux.com\/"},{"@type":"ListItem","position":3,"name":"5 Royaumes"}]},{"@type":"WebSite","@id":"https:\/\/crocjeux.com\/#website","url":"https:\/\/crocjeux.com\/","name":"Croc Jeux","description":"Bienvenue chez Croc Jeux!","publisher":{"@id":"https:\/\/crocjeux.com\/#organization"},"potentialAction":[{"@type":"SearchAction","target":{"@type":"EntryPoint","urlTemplate":"https:\/\/crocjeux.com\/?s={search_term_string}"},"query-input":{"@type":"PropertyValueSpecification","valueRequired":true,"valueName":"search_term_string"}}],"inLanguage":"fr-FR"},{"@type":"Organization","@id":"https:\/\/crocjeux.com\/#organization","name":"Croc Jeux","url":"https:\/\/crocjeux.com\/","logo":{"@type":"ImageObject","inLanguage":"fr-FR","@id":"https:\/\/crocjeux.com\/#\/schema\/logo\/image\/","url":"https:\/\/crocjeux.com\/wp-content\/uploads\/2022\/01\/cropped-logo-croc-etape-1-e1644574034239.jpg","contentUrl":"https:\/\/crocjeux.com\/wp-content\/uploads\/2022\/01\/cropped-logo-croc-etape-1-e1644574034239.jpg","width":1224,"height":314,"caption":"Croc Jeux"},"image":{"@id":"https:\/\/crocjeux.com\/#\/schema\/logo\/image\/"}}]}},"_links":{"self":[{"href":"https:\/\/crocjeux.com\/index.php\/wp-json\/wp\/v2\/product\/6042","targetHints":{"allow":["GET"]}}],"collection":[{"href":"https:\/\/crocjeux.com\/index.php\/wp-json\/wp\/v2\/product"}],"about":[{"href":"https:\/\/crocjeux.com\/index.php\/wp-json\/wp\/v2\/types\/product"}],"replies":[{"embeddable":true,"href":"https:\/\/crocjeux.com\/index.php\/wp-json\/wp\/v2\/comments?post=6042"}],"wp:featuredmedia":[{"embeddable":true,"href":"https:\/\/crocjeux.com\/index.php\/wp-json\/wp\/v2\/media\/6063"}],"wp:attachment":[{"href":"https:\/\/crocjeux.com\/index.php\/wp-json\/wp\/v2\/media?parent=6042"}],"wp:term":[{"taxonomy":"product_brand","embeddable":true,"href":"https:\/\/crocjeux.com\/index.php\/wp-json\/wp\/v2\/product_brand?post=6042"},{"taxonomy":"product_cat","embeddable":true,"href":"https:\/\/crocjeux.com\/index.php\/wp-json\/wp\/v2\/product_cat?post=6042"},{"taxonomy":"product_tag","embeddable":true,"href":"https:\/\/crocjeux.com\/index.php\/wp-json\/wp\/v2\/product_tag?post=6042"}],"curies":[{"name":"wp","href":"https:\/\/api.w.org\/{rel}","templated":true}]}}