{"id":6044,"date":"2024-05-08T10:35:50","date_gmt":"2024-05-08T09:35:50","guid":{"rendered":"https:\/\/crocjeux.com\/?post_type=product&#038;p=6044"},"modified":"2024-05-10T22:27:02","modified_gmt":"2024-05-10T21:27:02","slug":"goldn-crash","status":"publish","type":"product","link":"https:\/\/crocjeux.com\/index.php\/produit\/goldn-crash\/","title":{"rendered":"Gold&rsquo;n Crash"},"content":{"rendered":"<div><b>Gold&rsquo;N Crash<\/b> est un jeu palpitant, o\u00f9 la strat\u00e9gie et la rapidit\u00e9 d&rsquo;ex\u00e9cution sont essentielles pour triompher de vos adversaires.<\/div>\n<div><\/div>\n<div>Choisissez judicieusement vos actions, planifiez vos attaques contre les zeppelins et g\u00e9rez habilement vos ressources en Or pour devenir le ma\u00eetre du ciel dans Gold&rsquo;n&rsquo;Crash.<\/div>\n<div><\/div>\n<div>Prenez possession d&rsquo;un paquet de cartes Equipage : Poulpirates ou Chamoura\u00efs.<\/div>\n<div><\/div>\n<div>\u00a0A votre tour, vous pouvez faire 2 actions parmi :<\/div>\n<div>&#8211; poser une carte dans une de vos colonnes (interdiction de poser dans celle qui a le plus de cartes) et d&rsquo;appliquer son effet<\/div>\n<div>&#8211; d\u00e9fausser une carte d&rsquo;une de vos colonnes et appliquer son effet de d\u00e9fausse<\/div>\n<div>&#8211; piocher une carte Il y a 5 types de cartes diff\u00e9rentes, avec chacune un effet de pose et un effet de d\u00e9fausse.<\/div>\n<div><\/div>\n<div>Cela donne 10 pouvoirs qui vous permettent de sauvegarder des tr\u00e9sors, d&rsquo;attaquer votre adversaire et de s\u00e9curiser les invit\u00e9s prestigieux. Gold&rsquo;n Crash est un jeu dynamique, sans temps mort, avec de nombreuses combinaisons en jeu. Les r\u00e8gles sont simples, mais le jeu a une belle courbe d&rsquo;apprentissage.<\/div>\n<div><\/div>\n<div>Contient :<\/div>\n<div>\u2022 2 aides de jeu, 3 Zeppelins, et 1 carte \u00c9tendard par \u00e9quipage<\/div>\n<div>\u2022 1 paquet de cartes Poulpirate et 1 paquet de cartes Chamoura\u00ef compos\u00e9s chacun de 30 cartes Personnage (6 de chaque type) et 6 cartes Pi\u00e8ce<\/div>\n<div>\u2022 8 Invit\u00e9s prestigieux<\/div>\n","protected":false},"excerpt":{"rendered":"<p>Gold&rsquo;N Crash est un jeu de cartes tactique et rapide qui propose deux voies vers la victoire : d\u00e9truisez tous les zeppelins adverses ou accumulez la plus grande quantit\u00e9 d&rsquo;Or avant l&rsquo;\u00e9puisement du paquet de cartes.<\/p>\n","protected":false},"featured_media":6062,"comment_status":"open","ping_status":"closed","template":"","meta":{"colormag_page_container_layout":"default_layout","colormag_page_sidebar_layout":"default_layout"},"product_brand":[],"product_cat":[18,29],"product_tag":[],"class_list":{"0":"post-6044","1":"product","2":"type-product","3":"status-publish","4":"has-post-thumbnail","6":"product_cat-jeux-de-strategie","7":"product_cat-jeux-2-joueurs","9":"first","10":"instock","11":"taxable","12":"shipping-taxable","13":"purchasable","14":"product-type-simple"},"yoast_head":"<!-- This site is optimized with the Yoast SEO plugin v27.1.1 - https:\/\/yoast.com\/product\/yoast-seo-wordpress\/ -->\n<title>Gold&#039;n Crash - Croc Jeux<\/title>\n<meta name=\"description\" content=\"Gold&#039;N Crash est un jeu de cartes tactique et rapide qui propose deux voies vers la victoire : d\u00e9truisez tous les zeppelins adverses ou accumulez la plus grande quantit\u00e9 d&#039;Or avant l&#039;\u00e9puisement du paquet de cartes.\" \/>\n<meta name=\"robots\" content=\"index, follow, max-snippet:-1, max-image-preview:large, max-video-preview:-1\" \/>\n<link rel=\"canonical\" href=\"https:\/\/crocjeux.com\/index.php\/produit\/goldn-crash\/\" \/>\n<meta property=\"og:locale\" content=\"fr_FR\" \/>\n<meta property=\"og:type\" content=\"article\" \/>\n<meta property=\"og:title\" content=\"Gold&#039;n Crash - Croc Jeux\" \/>\n<meta property=\"og:description\" content=\"Gold&#039;N Crash est un jeu de cartes tactique et rapide qui propose deux voies vers la victoire : d\u00e9truisez tous les zeppelins adverses ou accumulez la plus grande quantit\u00e9 d&#039;Or avant l&#039;\u00e9puisement du paquet de cartes.\" \/>\n<meta property=\"og:url\" content=\"https:\/\/crocjeux.com\/index.php\/produit\/goldn-crash\/\" \/>\n<meta property=\"og:site_name\" content=\"Croc Jeux\" \/>\n<meta property=\"article:modified_time\" content=\"2024-05-10T21:27:02+00:00\" \/>\n<meta property=\"og:image\" content=\"https:\/\/crocjeux.com\/wp-content\/uploads\/2024\/05\/Copie-de-lombre-kraken5-1.png\" \/>\n\t<meta property=\"og:image:width\" content=\"1080\" \/>\n\t<meta property=\"og:image:height\" content=\"1080\" \/>\n\t<meta property=\"og:image:type\" content=\"image\/png\" \/>\n<meta name=\"twitter:card\" content=\"summary_large_image\" \/>\n<meta name=\"twitter:label1\" content=\"Dur\u00e9e de lecture estim\u00e9e\" \/>\n\t<meta name=\"twitter:data1\" content=\"2 minutes\" \/>\n<script type=\"application\/ld+json\" class=\"yoast-schema-graph\">{\"@context\":\"https:\/\/schema.org\",\"@graph\":[{\"@type\":\"WebPage\",\"@id\":\"https:\/\/crocjeux.com\/index.php\/produit\/goldn-crash\/\",\"url\":\"https:\/\/crocjeux.com\/index.php\/produit\/goldn-crash\/\",\"name\":\"Gold'n Crash - Croc Jeux\",\"isPartOf\":{\"@id\":\"https:\/\/crocjeux.com\/#website\"},\"primaryImageOfPage\":{\"@id\":\"https:\/\/crocjeux.com\/index.php\/produit\/goldn-crash\/#primaryimage\"},\"image\":{\"@id\":\"https:\/\/crocjeux.com\/index.php\/produit\/goldn-crash\/#primaryimage\"},\"thumbnailUrl\":\"https:\/\/crocjeux.com\/wp-content\/uploads\/2024\/05\/Copie-de-lombre-kraken5-1.png\",\"datePublished\":\"2024-05-08T09:35:50+00:00\",\"dateModified\":\"2024-05-10T21:27:02+00:00\",\"description\":\"Gold'N Crash est un jeu de cartes tactique et rapide qui propose deux voies vers la victoire : d\u00e9truisez tous les zeppelins adverses ou accumulez la plus grande quantit\u00e9 d'Or avant l'\u00e9puisement du paquet de cartes.\",\"breadcrumb\":{\"@id\":\"https:\/\/crocjeux.com\/index.php\/produit\/goldn-crash\/#breadcrumb\"},\"inLanguage\":\"fr-FR\",\"potentialAction\":[{\"@type\":\"ReadAction\",\"target\":[\"https:\/\/crocjeux.com\/index.php\/produit\/goldn-crash\/\"]}]},{\"@type\":\"ImageObject\",\"inLanguage\":\"fr-FR\",\"@id\":\"https:\/\/crocjeux.com\/index.php\/produit\/goldn-crash\/#primaryimage\",\"url\":\"https:\/\/crocjeux.com\/wp-content\/uploads\/2024\/05\/Copie-de-lombre-kraken5-1.png\",\"contentUrl\":\"https:\/\/crocjeux.com\/wp-content\/uploads\/2024\/05\/Copie-de-lombre-kraken5-1.png\",\"width\":1080,\"height\":1080},{\"@type\":\"BreadcrumbList\",\"@id\":\"https:\/\/crocjeux.com\/index.php\/produit\/goldn-crash\/#breadcrumb\",\"itemListElement\":[{\"@type\":\"ListItem\",\"position\":1,\"name\":\"Accueil\",\"item\":\"https:\/\/crocjeux.com\/\"},{\"@type\":\"ListItem\",\"position\":2,\"name\":\"Boutique\",\"item\":\"https:\/\/crocjeux.com\/\"},{\"@type\":\"ListItem\",\"position\":3,\"name\":\"Gold&#8217;n Crash\"}]},{\"@type\":\"WebSite\",\"@id\":\"https:\/\/crocjeux.com\/#website\",\"url\":\"https:\/\/crocjeux.com\/\",\"name\":\"Croc Jeux\",\"description\":\"Bienvenue chez Croc Jeux!\",\"publisher\":{\"@id\":\"https:\/\/crocjeux.com\/#organization\"},\"potentialAction\":[{\"@type\":\"SearchAction\",\"target\":{\"@type\":\"EntryPoint\",\"urlTemplate\":\"https:\/\/crocjeux.com\/?s={search_term_string}\"},\"query-input\":{\"@type\":\"PropertyValueSpecification\",\"valueRequired\":true,\"valueName\":\"search_term_string\"}}],\"inLanguage\":\"fr-FR\"},{\"@type\":\"Organization\",\"@id\":\"https:\/\/crocjeux.com\/#organization\",\"name\":\"Croc Jeux\",\"url\":\"https:\/\/crocjeux.com\/\",\"logo\":{\"@type\":\"ImageObject\",\"inLanguage\":\"fr-FR\",\"@id\":\"https:\/\/crocjeux.com\/#\/schema\/logo\/image\/\",\"url\":\"https:\/\/crocjeux.com\/wp-content\/uploads\/2022\/01\/cropped-logo-croc-etape-1-e1644574034239.jpg\",\"contentUrl\":\"https:\/\/crocjeux.com\/wp-content\/uploads\/2022\/01\/cropped-logo-croc-etape-1-e1644574034239.jpg\",\"width\":1224,\"height\":314,\"caption\":\"Croc Jeux\"},\"image\":{\"@id\":\"https:\/\/crocjeux.com\/#\/schema\/logo\/image\/\"}}]}<\/script>\n<!-- \/ Yoast SEO plugin. -->","yoast_head_json":{"title":"Gold'n Crash - Croc Jeux","description":"Gold'N Crash est un jeu de cartes tactique et rapide qui propose deux voies vers la victoire : d\u00e9truisez tous les zeppelins adverses ou accumulez la plus grande quantit\u00e9 d'Or avant l'\u00e9puisement du paquet de cartes.","robots":{"index":"index","follow":"follow","max-snippet":"max-snippet:-1","max-image-preview":"max-image-preview:large","max-video-preview":"max-video-preview:-1"},"canonical":"https:\/\/crocjeux.com\/index.php\/produit\/goldn-crash\/","og_locale":"fr_FR","og_type":"article","og_title":"Gold'n Crash - Croc Jeux","og_description":"Gold'N Crash est un jeu de cartes tactique et rapide qui propose deux voies vers la victoire : d\u00e9truisez tous les zeppelins adverses ou accumulez la plus grande quantit\u00e9 d'Or avant l'\u00e9puisement du paquet de cartes.","og_url":"https:\/\/crocjeux.com\/index.php\/produit\/goldn-crash\/","og_site_name":"Croc Jeux","article_modified_time":"2024-05-10T21:27:02+00:00","og_image":[{"width":1080,"height":1080,"url":"https:\/\/crocjeux.com\/wp-content\/uploads\/2024\/05\/Copie-de-lombre-kraken5-1.png","type":"image\/png"}],"twitter_card":"summary_large_image","twitter_misc":{"Dur\u00e9e de lecture estim\u00e9e":"2 minutes"},"schema":{"@context":"https:\/\/schema.org","@graph":[{"@type":"WebPage","@id":"https:\/\/crocjeux.com\/index.php\/produit\/goldn-crash\/","url":"https:\/\/crocjeux.com\/index.php\/produit\/goldn-crash\/","name":"Gold'n Crash - Croc Jeux","isPartOf":{"@id":"https:\/\/crocjeux.com\/#website"},"primaryImageOfPage":{"@id":"https:\/\/crocjeux.com\/index.php\/produit\/goldn-crash\/#primaryimage"},"image":{"@id":"https:\/\/crocjeux.com\/index.php\/produit\/goldn-crash\/#primaryimage"},"thumbnailUrl":"https:\/\/crocjeux.com\/wp-content\/uploads\/2024\/05\/Copie-de-lombre-kraken5-1.png","datePublished":"2024-05-08T09:35:50+00:00","dateModified":"2024-05-10T21:27:02+00:00","description":"Gold'N Crash est un jeu de cartes tactique et rapide qui propose deux voies vers la victoire : d\u00e9truisez tous les zeppelins adverses ou accumulez la plus grande quantit\u00e9 d'Or avant l'\u00e9puisement du paquet de cartes.","breadcrumb":{"@id":"https:\/\/crocjeux.com\/index.php\/produit\/goldn-crash\/#breadcrumb"},"inLanguage":"fr-FR","potentialAction":[{"@type":"ReadAction","target":["https:\/\/crocjeux.com\/index.php\/produit\/goldn-crash\/"]}]},{"@type":"ImageObject","inLanguage":"fr-FR","@id":"https:\/\/crocjeux.com\/index.php\/produit\/goldn-crash\/#primaryimage","url":"https:\/\/crocjeux.com\/wp-content\/uploads\/2024\/05\/Copie-de-lombre-kraken5-1.png","contentUrl":"https:\/\/crocjeux.com\/wp-content\/uploads\/2024\/05\/Copie-de-lombre-kraken5-1.png","width":1080,"height":1080},{"@type":"BreadcrumbList","@id":"https:\/\/crocjeux.com\/index.php\/produit\/goldn-crash\/#breadcrumb","itemListElement":[{"@type":"ListItem","position":1,"name":"Accueil","item":"https:\/\/crocjeux.com\/"},{"@type":"ListItem","position":2,"name":"Boutique","item":"https:\/\/crocjeux.com\/"},{"@type":"ListItem","position":3,"name":"Gold&#8217;n Crash"}]},{"@type":"WebSite","@id":"https:\/\/crocjeux.com\/#website","url":"https:\/\/crocjeux.com\/","name":"Croc Jeux","description":"Bienvenue chez Croc Jeux!","publisher":{"@id":"https:\/\/crocjeux.com\/#organization"},"potentialAction":[{"@type":"SearchAction","target":{"@type":"EntryPoint","urlTemplate":"https:\/\/crocjeux.com\/?s={search_term_string}"},"query-input":{"@type":"PropertyValueSpecification","valueRequired":true,"valueName":"search_term_string"}}],"inLanguage":"fr-FR"},{"@type":"Organization","@id":"https:\/\/crocjeux.com\/#organization","name":"Croc Jeux","url":"https:\/\/crocjeux.com\/","logo":{"@type":"ImageObject","inLanguage":"fr-FR","@id":"https:\/\/crocjeux.com\/#\/schema\/logo\/image\/","url":"https:\/\/crocjeux.com\/wp-content\/uploads\/2022\/01\/cropped-logo-croc-etape-1-e1644574034239.jpg","contentUrl":"https:\/\/crocjeux.com\/wp-content\/uploads\/2022\/01\/cropped-logo-croc-etape-1-e1644574034239.jpg","width":1224,"height":314,"caption":"Croc Jeux"},"image":{"@id":"https:\/\/crocjeux.com\/#\/schema\/logo\/image\/"}}]}},"_links":{"self":[{"href":"https:\/\/crocjeux.com\/index.php\/wp-json\/wp\/v2\/product\/6044","targetHints":{"allow":["GET"]}}],"collection":[{"href":"https:\/\/crocjeux.com\/index.php\/wp-json\/wp\/v2\/product"}],"about":[{"href":"https:\/\/crocjeux.com\/index.php\/wp-json\/wp\/v2\/types\/product"}],"replies":[{"embeddable":true,"href":"https:\/\/crocjeux.com\/index.php\/wp-json\/wp\/v2\/comments?post=6044"}],"wp:featuredmedia":[{"embeddable":true,"href":"https:\/\/crocjeux.com\/index.php\/wp-json\/wp\/v2\/media\/6062"}],"wp:attachment":[{"href":"https:\/\/crocjeux.com\/index.php\/wp-json\/wp\/v2\/media?parent=6044"}],"wp:term":[{"taxonomy":"product_brand","embeddable":true,"href":"https:\/\/crocjeux.com\/index.php\/wp-json\/wp\/v2\/product_brand?post=6044"},{"taxonomy":"product_cat","embeddable":true,"href":"https:\/\/crocjeux.com\/index.php\/wp-json\/wp\/v2\/product_cat?post=6044"},{"taxonomy":"product_tag","embeddable":true,"href":"https:\/\/crocjeux.com\/index.php\/wp-json\/wp\/v2\/product_tag?post=6044"}],"curies":[{"name":"wp","href":"https:\/\/api.w.org\/{rel}","templated":true}]}}