{"id":6052,"date":"2024-05-08T10:46:05","date_gmt":"2024-05-08T09:46:05","guid":{"rendered":"https:\/\/crocjeux.com\/?post_type=product&#038;p=6052"},"modified":"2024-05-10T21:59:16","modified_gmt":"2024-05-10T20:59:16","slug":"la-chasse-au-tresor","status":"publish","type":"product","link":"https:\/\/crocjeux.com\/index.php\/produit\/la-chasse-au-tresor\/","title":{"rendered":"La chasse au tr\u00e9sor"},"content":{"rendered":"<p>En seulement 15 minutes, vous serez pr\u00eat \u00e0 divertir 4 \u00e0 8 enfants avec une grande enqu\u00eate palpitante. Ensemble, les enfants partiront \u00e0 la recherche de myst\u00e8res \u00e0 r\u00e9soudre, d\u00e9couvriront des indices soigneusement dissimul\u00e9s, \u00e9couteront des messages audio intrigants et rel\u00e8veront des d\u00e9fis amusants et rassembleurs.<\/p>\n<p>Dans<b> La Chasse au Tr\u00e9sor &#8211; L&rsquo;Ile Tropicale<\/b>, laissez libre cours \u00e0 leur imagination et \u00e0 leur esprit d&rsquo;\u00e9quipe dans cette chasse au tr\u00e9sor qui les transportera dans un monde de plaisir et d&rsquo;aventure !<\/p>\n<p>Au cours de l&rsquo;aventure vous autres parents, devrez intervenir de temps en temps pour remettre des documents ou lancer des podcasts, ajoutant ainsi une dimension interactive \u00e0 l&rsquo;enqu\u00eate.<\/p>\n<p>Les enfants seront transport\u00e9s sur l&rsquo;\u00eele tropicale myst\u00e9rieuse d&rsquo;Isla Nima, o\u00f9 ils pourront coop\u00e9rer, s&rsquo;amuser et cr\u00e9er des souvenirs inoubliables avec leurs amis. Pr\u00e9parez-vous \u00e0 vivre une exp\u00e9rience immersive et f\u00e9d\u00e9ratrice qui stimulera leur imagination et renforcera leur esprit d&rsquo;\u00e9quipe !<\/p>\n<div class=\"my-2 text-sm p-card p-component\">\n<div class=\"p-card-body\">\n<div class=\"p-card-title ng-star-inserted\">Contenu<\/div>\n<div class=\"p-card-content\">\n<ul>\n<li class=\"text-left\">8 cartes d\u2019invitations<\/li>\n<li class=\"text-left\">8 carnets d&rsquo;enqu\u00eate<\/li>\n<li class=\"text-left\">8 badges en bois<\/li>\n<li class=\"text-left\">1 carte d\u2019exp\u00e9dition g\u00e9ante<\/li>\n<li class=\"text-left\">1 ballon de baudruche<\/li>\n<li class=\"text-left\">2 num\u00e9ros de t\u00e9l\u00e9phone \u00e0 appeler<\/li>\n<li class=\"text-left\">1 livret parent<\/li>\n<li class=\"text-left\">1 enveloppe avec des documents \u00e0 cacher avant le d\u00e9but de l&rsquo;aventure<\/li>\n<li class=\"text-left\">1 enveloppe avec des documents \u00e0 donner aux Enfants Espions au d\u00e9marrage de l&rsquo;aventure<\/li>\n<\/ul>\n<\/div>\n<\/div>\n<\/div>\n","protected":false},"excerpt":{"rendered":"<p>Transformez l&rsquo;anniversaire de votre enfant en un rendez-vous inoubliable avec La Chasse au Tr\u00e9sor &#8211; L&rsquo;Ile Tropicale, une aventure cl\u00e9 en main !<\/p>\n","protected":false},"featured_media":6055,"comment_status":"open","ping_status":"closed","template":"","meta":{"colormag_page_container_layout":"default_layout","colormag_page_sidebar_layout":"default_layout"},"product_brand":[],"product_cat":[17],"product_tag":[],"class_list":{"0":"post-6052","1":"product","2":"type-product","3":"status-publish","4":"has-post-thumbnail","6":"product_cat-jeux-dexterieur","8":"first","9":"instock","10":"taxable","11":"shipping-taxable","12":"purchasable","13":"product-type-simple"},"yoast_head":"<!-- This site is optimized with the Yoast SEO plugin v27.1.1 - https:\/\/yoast.com\/product\/yoast-seo-wordpress\/ -->\n<title>La chasse au tr\u00e9sor - Croc Jeux<\/title>\n<meta name=\"description\" content=\"Transformez l&#039;anniversaire de votre enfant en un rendez-vous inoubliable avec La Chasse au Tr\u00e9sor - L&#039;Ile Tropicale, une aventure cl\u00e9 en main !\" \/>\n<meta name=\"robots\" content=\"index, follow, max-snippet:-1, max-image-preview:large, max-video-preview:-1\" \/>\n<link rel=\"canonical\" href=\"https:\/\/crocjeux.com\/index.php\/produit\/la-chasse-au-tresor\/\" \/>\n<meta property=\"og:locale\" content=\"fr_FR\" \/>\n<meta property=\"og:type\" content=\"article\" \/>\n<meta property=\"og:title\" content=\"La chasse au tr\u00e9sor - Croc Jeux\" \/>\n<meta property=\"og:description\" content=\"Transformez l&#039;anniversaire de votre enfant en un rendez-vous inoubliable avec La Chasse au Tr\u00e9sor - L&#039;Ile Tropicale, une aventure cl\u00e9 en main !\" \/>\n<meta property=\"og:url\" content=\"https:\/\/crocjeux.com\/index.php\/produit\/la-chasse-au-tresor\/\" \/>\n<meta property=\"og:site_name\" content=\"Croc Jeux\" \/>\n<meta property=\"article:modified_time\" content=\"2024-05-10T20:59:16+00:00\" \/>\n<meta property=\"og:image\" content=\"https:\/\/crocjeux.com\/wp-content\/uploads\/2024\/05\/Copie-de-lombre-kraken1.png\" \/>\n\t<meta property=\"og:image:width\" content=\"1080\" \/>\n\t<meta property=\"og:image:height\" content=\"1080\" \/>\n\t<meta property=\"og:image:type\" content=\"image\/png\" \/>\n<meta name=\"twitter:card\" content=\"summary_large_image\" \/>\n<meta name=\"twitter:label1\" content=\"Dur\u00e9e de lecture estim\u00e9e\" \/>\n\t<meta name=\"twitter:data1\" content=\"2 minutes\" \/>\n<script type=\"application\/ld+json\" class=\"yoast-schema-graph\">{\"@context\":\"https:\/\/schema.org\",\"@graph\":[{\"@type\":\"WebPage\",\"@id\":\"https:\/\/crocjeux.com\/index.php\/produit\/la-chasse-au-tresor\/\",\"url\":\"https:\/\/crocjeux.com\/index.php\/produit\/la-chasse-au-tresor\/\",\"name\":\"La chasse au tr\u00e9sor - Croc Jeux\",\"isPartOf\":{\"@id\":\"https:\/\/crocjeux.com\/#website\"},\"primaryImageOfPage\":{\"@id\":\"https:\/\/crocjeux.com\/index.php\/produit\/la-chasse-au-tresor\/#primaryimage\"},\"image\":{\"@id\":\"https:\/\/crocjeux.com\/index.php\/produit\/la-chasse-au-tresor\/#primaryimage\"},\"thumbnailUrl\":\"https:\/\/crocjeux.com\/wp-content\/uploads\/2024\/05\/Copie-de-lombre-kraken1.png\",\"datePublished\":\"2024-05-08T09:46:05+00:00\",\"dateModified\":\"2024-05-10T20:59:16+00:00\",\"description\":\"Transformez l'anniversaire de votre enfant en un rendez-vous inoubliable avec La Chasse au Tr\u00e9sor - L'Ile Tropicale, une aventure cl\u00e9 en main !\",\"breadcrumb\":{\"@id\":\"https:\/\/crocjeux.com\/index.php\/produit\/la-chasse-au-tresor\/#breadcrumb\"},\"inLanguage\":\"fr-FR\",\"potentialAction\":[{\"@type\":\"ReadAction\",\"target\":[\"https:\/\/crocjeux.com\/index.php\/produit\/la-chasse-au-tresor\/\"]}]},{\"@type\":\"ImageObject\",\"inLanguage\":\"fr-FR\",\"@id\":\"https:\/\/crocjeux.com\/index.php\/produit\/la-chasse-au-tresor\/#primaryimage\",\"url\":\"https:\/\/crocjeux.com\/wp-content\/uploads\/2024\/05\/Copie-de-lombre-kraken1.png\",\"contentUrl\":\"https:\/\/crocjeux.com\/wp-content\/uploads\/2024\/05\/Copie-de-lombre-kraken1.png\",\"width\":1080,\"height\":1080},{\"@type\":\"BreadcrumbList\",\"@id\":\"https:\/\/crocjeux.com\/index.php\/produit\/la-chasse-au-tresor\/#breadcrumb\",\"itemListElement\":[{\"@type\":\"ListItem\",\"position\":1,\"name\":\"Accueil\",\"item\":\"https:\/\/crocjeux.com\/\"},{\"@type\":\"ListItem\",\"position\":2,\"name\":\"Boutique\",\"item\":\"https:\/\/crocjeux.com\/\"},{\"@type\":\"ListItem\",\"position\":3,\"name\":\"La chasse au tr\u00e9sor\"}]},{\"@type\":\"WebSite\",\"@id\":\"https:\/\/crocjeux.com\/#website\",\"url\":\"https:\/\/crocjeux.com\/\",\"name\":\"Croc Jeux\",\"description\":\"Bienvenue chez Croc Jeux!\",\"publisher\":{\"@id\":\"https:\/\/crocjeux.com\/#organization\"},\"potentialAction\":[{\"@type\":\"SearchAction\",\"target\":{\"@type\":\"EntryPoint\",\"urlTemplate\":\"https:\/\/crocjeux.com\/?s={search_term_string}\"},\"query-input\":{\"@type\":\"PropertyValueSpecification\",\"valueRequired\":true,\"valueName\":\"search_term_string\"}}],\"inLanguage\":\"fr-FR\"},{\"@type\":\"Organization\",\"@id\":\"https:\/\/crocjeux.com\/#organization\",\"name\":\"Croc Jeux\",\"url\":\"https:\/\/crocjeux.com\/\",\"logo\":{\"@type\":\"ImageObject\",\"inLanguage\":\"fr-FR\",\"@id\":\"https:\/\/crocjeux.com\/#\/schema\/logo\/image\/\",\"url\":\"https:\/\/crocjeux.com\/wp-content\/uploads\/2022\/01\/cropped-logo-croc-etape-1-e1644574034239.jpg\",\"contentUrl\":\"https:\/\/crocjeux.com\/wp-content\/uploads\/2022\/01\/cropped-logo-croc-etape-1-e1644574034239.jpg\",\"width\":1224,\"height\":314,\"caption\":\"Croc Jeux\"},\"image\":{\"@id\":\"https:\/\/crocjeux.com\/#\/schema\/logo\/image\/\"}}]}<\/script>\n<!-- \/ Yoast SEO plugin. -->","yoast_head_json":{"title":"La chasse au tr\u00e9sor - Croc Jeux","description":"Transformez l'anniversaire de votre enfant en un rendez-vous inoubliable avec La Chasse au Tr\u00e9sor - L'Ile Tropicale, une aventure cl\u00e9 en main !","robots":{"index":"index","follow":"follow","max-snippet":"max-snippet:-1","max-image-preview":"max-image-preview:large","max-video-preview":"max-video-preview:-1"},"canonical":"https:\/\/crocjeux.com\/index.php\/produit\/la-chasse-au-tresor\/","og_locale":"fr_FR","og_type":"article","og_title":"La chasse au tr\u00e9sor - Croc Jeux","og_description":"Transformez l'anniversaire de votre enfant en un rendez-vous inoubliable avec La Chasse au Tr\u00e9sor - L'Ile Tropicale, une aventure cl\u00e9 en main !","og_url":"https:\/\/crocjeux.com\/index.php\/produit\/la-chasse-au-tresor\/","og_site_name":"Croc Jeux","article_modified_time":"2024-05-10T20:59:16+00:00","og_image":[{"width":1080,"height":1080,"url":"https:\/\/crocjeux.com\/wp-content\/uploads\/2024\/05\/Copie-de-lombre-kraken1.png","type":"image\/png"}],"twitter_card":"summary_large_image","twitter_misc":{"Dur\u00e9e de lecture estim\u00e9e":"2 minutes"},"schema":{"@context":"https:\/\/schema.org","@graph":[{"@type":"WebPage","@id":"https:\/\/crocjeux.com\/index.php\/produit\/la-chasse-au-tresor\/","url":"https:\/\/crocjeux.com\/index.php\/produit\/la-chasse-au-tresor\/","name":"La chasse au tr\u00e9sor - Croc Jeux","isPartOf":{"@id":"https:\/\/crocjeux.com\/#website"},"primaryImageOfPage":{"@id":"https:\/\/crocjeux.com\/index.php\/produit\/la-chasse-au-tresor\/#primaryimage"},"image":{"@id":"https:\/\/crocjeux.com\/index.php\/produit\/la-chasse-au-tresor\/#primaryimage"},"thumbnailUrl":"https:\/\/crocjeux.com\/wp-content\/uploads\/2024\/05\/Copie-de-lombre-kraken1.png","datePublished":"2024-05-08T09:46:05+00:00","dateModified":"2024-05-10T20:59:16+00:00","description":"Transformez l'anniversaire de votre enfant en un rendez-vous inoubliable avec La Chasse au Tr\u00e9sor - L'Ile Tropicale, une aventure cl\u00e9 en main !","breadcrumb":{"@id":"https:\/\/crocjeux.com\/index.php\/produit\/la-chasse-au-tresor\/#breadcrumb"},"inLanguage":"fr-FR","potentialAction":[{"@type":"ReadAction","target":["https:\/\/crocjeux.com\/index.php\/produit\/la-chasse-au-tresor\/"]}]},{"@type":"ImageObject","inLanguage":"fr-FR","@id":"https:\/\/crocjeux.com\/index.php\/produit\/la-chasse-au-tresor\/#primaryimage","url":"https:\/\/crocjeux.com\/wp-content\/uploads\/2024\/05\/Copie-de-lombre-kraken1.png","contentUrl":"https:\/\/crocjeux.com\/wp-content\/uploads\/2024\/05\/Copie-de-lombre-kraken1.png","width":1080,"height":1080},{"@type":"BreadcrumbList","@id":"https:\/\/crocjeux.com\/index.php\/produit\/la-chasse-au-tresor\/#breadcrumb","itemListElement":[{"@type":"ListItem","position":1,"name":"Accueil","item":"https:\/\/crocjeux.com\/"},{"@type":"ListItem","position":2,"name":"Boutique","item":"https:\/\/crocjeux.com\/"},{"@type":"ListItem","position":3,"name":"La chasse au tr\u00e9sor"}]},{"@type":"WebSite","@id":"https:\/\/crocjeux.com\/#website","url":"https:\/\/crocjeux.com\/","name":"Croc Jeux","description":"Bienvenue chez Croc Jeux!","publisher":{"@id":"https:\/\/crocjeux.com\/#organization"},"potentialAction":[{"@type":"SearchAction","target":{"@type":"EntryPoint","urlTemplate":"https:\/\/crocjeux.com\/?s={search_term_string}"},"query-input":{"@type":"PropertyValueSpecification","valueRequired":true,"valueName":"search_term_string"}}],"inLanguage":"fr-FR"},{"@type":"Organization","@id":"https:\/\/crocjeux.com\/#organization","name":"Croc Jeux","url":"https:\/\/crocjeux.com\/","logo":{"@type":"ImageObject","inLanguage":"fr-FR","@id":"https:\/\/crocjeux.com\/#\/schema\/logo\/image\/","url":"https:\/\/crocjeux.com\/wp-content\/uploads\/2022\/01\/cropped-logo-croc-etape-1-e1644574034239.jpg","contentUrl":"https:\/\/crocjeux.com\/wp-content\/uploads\/2022\/01\/cropped-logo-croc-etape-1-e1644574034239.jpg","width":1224,"height":314,"caption":"Croc Jeux"},"image":{"@id":"https:\/\/crocjeux.com\/#\/schema\/logo\/image\/"}}]}},"_links":{"self":[{"href":"https:\/\/crocjeux.com\/index.php\/wp-json\/wp\/v2\/product\/6052","targetHints":{"allow":["GET"]}}],"collection":[{"href":"https:\/\/crocjeux.com\/index.php\/wp-json\/wp\/v2\/product"}],"about":[{"href":"https:\/\/crocjeux.com\/index.php\/wp-json\/wp\/v2\/types\/product"}],"replies":[{"embeddable":true,"href":"https:\/\/crocjeux.com\/index.php\/wp-json\/wp\/v2\/comments?post=6052"}],"wp:featuredmedia":[{"embeddable":true,"href":"https:\/\/crocjeux.com\/index.php\/wp-json\/wp\/v2\/media\/6055"}],"wp:attachment":[{"href":"https:\/\/crocjeux.com\/index.php\/wp-json\/wp\/v2\/media?parent=6052"}],"wp:term":[{"taxonomy":"product_brand","embeddable":true,"href":"https:\/\/crocjeux.com\/index.php\/wp-json\/wp\/v2\/product_brand?post=6052"},{"taxonomy":"product_cat","embeddable":true,"href":"https:\/\/crocjeux.com\/index.php\/wp-json\/wp\/v2\/product_cat?post=6052"},{"taxonomy":"product_tag","embeddable":true,"href":"https:\/\/crocjeux.com\/index.php\/wp-json\/wp\/v2\/product_tag?post=6052"}],"curies":[{"name":"wp","href":"https:\/\/api.w.org\/{rel}","templated":true}]}}