{"id":6071,"date":"2024-05-14T16:27:19","date_gmt":"2024-05-14T15:27:19","guid":{"rendered":"https:\/\/crocjeux.com\/?post_type=product&#038;p=6071"},"modified":"2024-05-14T16:27:19","modified_gmt":"2024-05-14T15:27:19","slug":"dice-throne-marvel-2","status":"publish","type":"product","link":"https:\/\/crocjeux.com\/index.php\/produit\/dice-throne-marvel-2\/","title":{"rendered":"Dice Throne Marvel"},"content":{"rendered":"<h2>4 h\u00e9ros Marvel pr\u00eats \u00e0 en d\u00e9coudre !<\/h2>\n<p>Dice Throne Marvel est un jeu de combat rapide qui permet aux joueurs d&rsquo;incarner leurs h\u00e9ros Marvel pr\u00e9f\u00e9r\u00e9s dans des combats en duels, des batailles en \u00e9quipe et des combats en mode chacun pour soi! Bas\u00e9e sur le jeu \u00e0 succ\u00e8s Dice Throne, cette bo\u00eete <b>Dice Throne Marvel : Captain Marvel-Black Panther-Dr Strange-Black Widow <\/b>permet aux joueurs d&rsquo;incarner Captain Marvel, Black Widow, Doctor Strange et Black Panther, chacun avec son propre set de d\u00e9s, son plateau de jeu et son deck de cartes unique.<\/p>\n<p>Contenu:<\/p>\n<ul>\n<li>4 plateaux de h\u00e9ros<\/li>\n<li>4 fiches r\u00e9capitulatives<\/li>\n<li>4 sets de 5 d\u00e9s (1 jeu par h\u00e9ros)<\/li>\n<li>132 cartes de h\u00e9ros<\/li>\n<li>4 cadrans de Points de Combat (PC)<\/li>\n<li>4 cadrans de sant\u00e9<\/li>\n<li>R\u00e8gles<\/li>\n<\/ul>\n","protected":false},"excerpt":{"rendered":"<p>Dice Throne Marvel est un jeu de combat rapide qui permet aux joueurs d&rsquo;incarner leurs h\u00e9ros Marvel pr\u00e9f\u00e9r\u00e9s dans des combats en duels, des batailles en \u00e9quipe et des combats en mode chacun pour soi !<\/p>\n","protected":false},"featured_media":6072,"comment_status":"open","ping_status":"closed","template":"","meta":{"colormag_page_container_layout":"default_layout","colormag_page_sidebar_layout":"default_layout"},"product_brand":[],"product_cat":[18,36],"product_tag":[],"class_list":{"0":"post-6071","1":"product","2":"type-product","3":"status-publish","4":"has-post-thumbnail","6":"product_cat-jeux-de-strategie","7":"product_cat-jeux-familiaux","9":"first","10":"instock","11":"taxable","12":"shipping-taxable","13":"purchasable","14":"product-type-simple"},"yoast_head":"<!-- This site is optimized with the Yoast SEO plugin v27.4 - https:\/\/yoast.com\/product\/yoast-seo-wordpress\/ -->\n<title>Dice Throne Marvel - Croc Jeux<\/title>\n<meta name=\"description\" content=\"Dice Throne Marvel est un jeu de combat rapide qui permet aux joueurs d&#039;incarner leurs h\u00e9ros Marvel pr\u00e9f\u00e9r\u00e9s dans des combats en duels, des batailles en \u00e9quipe et des combats en mode chacun pour soi !\" \/>\n<meta name=\"robots\" content=\"index, follow, max-snippet:-1, max-image-preview:large, max-video-preview:-1\" \/>\n<link rel=\"canonical\" href=\"https:\/\/crocjeux.com\/index.php\/produit\/dice-throne-marvel-2\/\" \/>\n<meta property=\"og:locale\" content=\"fr_FR\" \/>\n<meta property=\"og:type\" content=\"article\" \/>\n<meta property=\"og:title\" content=\"Dice Throne Marvel - Croc Jeux\" \/>\n<meta property=\"og:description\" content=\"Dice Throne Marvel est un jeu de combat rapide qui permet aux joueurs d&#039;incarner leurs h\u00e9ros Marvel pr\u00e9f\u00e9r\u00e9s dans des combats en duels, des batailles en \u00e9quipe et des combats en mode chacun pour soi !\" \/>\n<meta property=\"og:url\" content=\"https:\/\/crocjeux.com\/index.php\/produit\/dice-throne-marvel-2\/\" \/>\n<meta property=\"og:site_name\" content=\"Croc Jeux\" \/>\n<meta property=\"og:image\" content=\"https:\/\/crocjeux.com\/wp-content\/uploads\/2024\/05\/Copie-de-lombre-kraken10.png\" \/>\n\t<meta property=\"og:image:width\" content=\"1080\" \/>\n\t<meta property=\"og:image:height\" content=\"1080\" \/>\n\t<meta property=\"og:image:type\" content=\"image\/png\" \/>\n<meta name=\"twitter:card\" content=\"summary_large_image\" \/>\n<meta name=\"twitter:label1\" content=\"Dur\u00e9e de lecture estim\u00e9e\" \/>\n\t<meta name=\"twitter:data1\" content=\"1 minute\" \/>\n<script type=\"application\/ld+json\" class=\"yoast-schema-graph\">{\"@context\":\"https:\\\/\\\/schema.org\",\"@graph\":[{\"@type\":\"WebPage\",\"@id\":\"https:\\\/\\\/crocjeux.com\\\/index.php\\\/produit\\\/dice-throne-marvel-2\\\/\",\"url\":\"https:\\\/\\\/crocjeux.com\\\/index.php\\\/produit\\\/dice-throne-marvel-2\\\/\",\"name\":\"Dice Throne Marvel - Croc Jeux\",\"isPartOf\":{\"@id\":\"https:\\\/\\\/crocjeux.com\\\/#website\"},\"primaryImageOfPage\":{\"@id\":\"https:\\\/\\\/crocjeux.com\\\/index.php\\\/produit\\\/dice-throne-marvel-2\\\/#primaryimage\"},\"image\":{\"@id\":\"https:\\\/\\\/crocjeux.com\\\/index.php\\\/produit\\\/dice-throne-marvel-2\\\/#primaryimage\"},\"thumbnailUrl\":\"https:\\\/\\\/crocjeux.com\\\/wp-content\\\/uploads\\\/2024\\\/05\\\/Copie-de-lombre-kraken10.png\",\"datePublished\":\"2024-05-14T15:27:19+00:00\",\"description\":\"Dice Throne Marvel est un jeu de combat rapide qui permet aux joueurs d'incarner leurs h\u00e9ros Marvel pr\u00e9f\u00e9r\u00e9s dans des combats en duels, des batailles en \u00e9quipe et des combats en mode chacun pour soi !\",\"breadcrumb\":{\"@id\":\"https:\\\/\\\/crocjeux.com\\\/index.php\\\/produit\\\/dice-throne-marvel-2\\\/#breadcrumb\"},\"inLanguage\":\"fr-FR\",\"potentialAction\":[{\"@type\":\"ReadAction\",\"target\":[\"https:\\\/\\\/crocjeux.com\\\/index.php\\\/produit\\\/dice-throne-marvel-2\\\/\"]}]},{\"@type\":\"ImageObject\",\"inLanguage\":\"fr-FR\",\"@id\":\"https:\\\/\\\/crocjeux.com\\\/index.php\\\/produit\\\/dice-throne-marvel-2\\\/#primaryimage\",\"url\":\"https:\\\/\\\/crocjeux.com\\\/wp-content\\\/uploads\\\/2024\\\/05\\\/Copie-de-lombre-kraken10.png\",\"contentUrl\":\"https:\\\/\\\/crocjeux.com\\\/wp-content\\\/uploads\\\/2024\\\/05\\\/Copie-de-lombre-kraken10.png\",\"width\":1080,\"height\":1080},{\"@type\":\"BreadcrumbList\",\"@id\":\"https:\\\/\\\/crocjeux.com\\\/index.php\\\/produit\\\/dice-throne-marvel-2\\\/#breadcrumb\",\"itemListElement\":[{\"@type\":\"ListItem\",\"position\":1,\"name\":\"Accueil\",\"item\":\"https:\\\/\\\/crocjeux.com\\\/\"},{\"@type\":\"ListItem\",\"position\":2,\"name\":\"Boutique\",\"item\":\"https:\\\/\\\/crocjeux.com\\\/\"},{\"@type\":\"ListItem\",\"position\":3,\"name\":\"Dice Throne Marvel\"}]},{\"@type\":\"WebSite\",\"@id\":\"https:\\\/\\\/crocjeux.com\\\/#website\",\"url\":\"https:\\\/\\\/crocjeux.com\\\/\",\"name\":\"Croc Jeux\",\"description\":\"Bienvenue chez Croc Jeux!\",\"publisher\":{\"@id\":\"https:\\\/\\\/crocjeux.com\\\/#organization\"},\"potentialAction\":[{\"@type\":\"SearchAction\",\"target\":{\"@type\":\"EntryPoint\",\"urlTemplate\":\"https:\\\/\\\/crocjeux.com\\\/?s={search_term_string}\"},\"query-input\":{\"@type\":\"PropertyValueSpecification\",\"valueRequired\":true,\"valueName\":\"search_term_string\"}}],\"inLanguage\":\"fr-FR\"},{\"@type\":\"Organization\",\"@id\":\"https:\\\/\\\/crocjeux.com\\\/#organization\",\"name\":\"Croc Jeux\",\"url\":\"https:\\\/\\\/crocjeux.com\\\/\",\"logo\":{\"@type\":\"ImageObject\",\"inLanguage\":\"fr-FR\",\"@id\":\"https:\\\/\\\/crocjeux.com\\\/#\\\/schema\\\/logo\\\/image\\\/\",\"url\":\"https:\\\/\\\/crocjeux.com\\\/wp-content\\\/uploads\\\/2022\\\/01\\\/cropped-logo-croc-etape-1-e1644574034239.jpg\",\"contentUrl\":\"https:\\\/\\\/crocjeux.com\\\/wp-content\\\/uploads\\\/2022\\\/01\\\/cropped-logo-croc-etape-1-e1644574034239.jpg\",\"width\":1224,\"height\":314,\"caption\":\"Croc Jeux\"},\"image\":{\"@id\":\"https:\\\/\\\/crocjeux.com\\\/#\\\/schema\\\/logo\\\/image\\\/\"}}]}<\/script>\n<!-- \/ Yoast SEO plugin. -->","yoast_head_json":{"title":"Dice Throne Marvel - Croc Jeux","description":"Dice Throne Marvel est un jeu de combat rapide qui permet aux joueurs d'incarner leurs h\u00e9ros Marvel pr\u00e9f\u00e9r\u00e9s dans des combats en duels, des batailles en \u00e9quipe et des combats en mode chacun pour soi !","robots":{"index":"index","follow":"follow","max-snippet":"max-snippet:-1","max-image-preview":"max-image-preview:large","max-video-preview":"max-video-preview:-1"},"canonical":"https:\/\/crocjeux.com\/index.php\/produit\/dice-throne-marvel-2\/","og_locale":"fr_FR","og_type":"article","og_title":"Dice Throne Marvel - Croc Jeux","og_description":"Dice Throne Marvel est un jeu de combat rapide qui permet aux joueurs d'incarner leurs h\u00e9ros Marvel pr\u00e9f\u00e9r\u00e9s dans des combats en duels, des batailles en \u00e9quipe et des combats en mode chacun pour soi !","og_url":"https:\/\/crocjeux.com\/index.php\/produit\/dice-throne-marvel-2\/","og_site_name":"Croc Jeux","og_image":[{"width":1080,"height":1080,"url":"https:\/\/crocjeux.com\/wp-content\/uploads\/2024\/05\/Copie-de-lombre-kraken10.png","type":"image\/png"}],"twitter_card":"summary_large_image","twitter_misc":{"Dur\u00e9e de lecture estim\u00e9e":"1 minute"},"schema":{"@context":"https:\/\/schema.org","@graph":[{"@type":"WebPage","@id":"https:\/\/crocjeux.com\/index.php\/produit\/dice-throne-marvel-2\/","url":"https:\/\/crocjeux.com\/index.php\/produit\/dice-throne-marvel-2\/","name":"Dice Throne Marvel - Croc Jeux","isPartOf":{"@id":"https:\/\/crocjeux.com\/#website"},"primaryImageOfPage":{"@id":"https:\/\/crocjeux.com\/index.php\/produit\/dice-throne-marvel-2\/#primaryimage"},"image":{"@id":"https:\/\/crocjeux.com\/index.php\/produit\/dice-throne-marvel-2\/#primaryimage"},"thumbnailUrl":"https:\/\/crocjeux.com\/wp-content\/uploads\/2024\/05\/Copie-de-lombre-kraken10.png","datePublished":"2024-05-14T15:27:19+00:00","description":"Dice Throne Marvel est un jeu de combat rapide qui permet aux joueurs d'incarner leurs h\u00e9ros Marvel pr\u00e9f\u00e9r\u00e9s dans des combats en duels, des batailles en \u00e9quipe et des combats en mode chacun pour soi !","breadcrumb":{"@id":"https:\/\/crocjeux.com\/index.php\/produit\/dice-throne-marvel-2\/#breadcrumb"},"inLanguage":"fr-FR","potentialAction":[{"@type":"ReadAction","target":["https:\/\/crocjeux.com\/index.php\/produit\/dice-throne-marvel-2\/"]}]},{"@type":"ImageObject","inLanguage":"fr-FR","@id":"https:\/\/crocjeux.com\/index.php\/produit\/dice-throne-marvel-2\/#primaryimage","url":"https:\/\/crocjeux.com\/wp-content\/uploads\/2024\/05\/Copie-de-lombre-kraken10.png","contentUrl":"https:\/\/crocjeux.com\/wp-content\/uploads\/2024\/05\/Copie-de-lombre-kraken10.png","width":1080,"height":1080},{"@type":"BreadcrumbList","@id":"https:\/\/crocjeux.com\/index.php\/produit\/dice-throne-marvel-2\/#breadcrumb","itemListElement":[{"@type":"ListItem","position":1,"name":"Accueil","item":"https:\/\/crocjeux.com\/"},{"@type":"ListItem","position":2,"name":"Boutique","item":"https:\/\/crocjeux.com\/"},{"@type":"ListItem","position":3,"name":"Dice Throne Marvel"}]},{"@type":"WebSite","@id":"https:\/\/crocjeux.com\/#website","url":"https:\/\/crocjeux.com\/","name":"Croc Jeux","description":"Bienvenue chez Croc Jeux!","publisher":{"@id":"https:\/\/crocjeux.com\/#organization"},"potentialAction":[{"@type":"SearchAction","target":{"@type":"EntryPoint","urlTemplate":"https:\/\/crocjeux.com\/?s={search_term_string}"},"query-input":{"@type":"PropertyValueSpecification","valueRequired":true,"valueName":"search_term_string"}}],"inLanguage":"fr-FR"},{"@type":"Organization","@id":"https:\/\/crocjeux.com\/#organization","name":"Croc Jeux","url":"https:\/\/crocjeux.com\/","logo":{"@type":"ImageObject","inLanguage":"fr-FR","@id":"https:\/\/crocjeux.com\/#\/schema\/logo\/image\/","url":"https:\/\/crocjeux.com\/wp-content\/uploads\/2022\/01\/cropped-logo-croc-etape-1-e1644574034239.jpg","contentUrl":"https:\/\/crocjeux.com\/wp-content\/uploads\/2022\/01\/cropped-logo-croc-etape-1-e1644574034239.jpg","width":1224,"height":314,"caption":"Croc Jeux"},"image":{"@id":"https:\/\/crocjeux.com\/#\/schema\/logo\/image\/"}}]}},"_links":{"self":[{"href":"https:\/\/crocjeux.com\/index.php\/wp-json\/wp\/v2\/product\/6071","targetHints":{"allow":["GET"]}}],"collection":[{"href":"https:\/\/crocjeux.com\/index.php\/wp-json\/wp\/v2\/product"}],"about":[{"href":"https:\/\/crocjeux.com\/index.php\/wp-json\/wp\/v2\/types\/product"}],"replies":[{"embeddable":true,"href":"https:\/\/crocjeux.com\/index.php\/wp-json\/wp\/v2\/comments?post=6071"}],"wp:featuredmedia":[{"embeddable":true,"href":"https:\/\/crocjeux.com\/index.php\/wp-json\/wp\/v2\/media\/6072"}],"wp:attachment":[{"href":"https:\/\/crocjeux.com\/index.php\/wp-json\/wp\/v2\/media?parent=6071"}],"wp:term":[{"taxonomy":"product_brand","embeddable":true,"href":"https:\/\/crocjeux.com\/index.php\/wp-json\/wp\/v2\/product_brand?post=6071"},{"taxonomy":"product_cat","embeddable":true,"href":"https:\/\/crocjeux.com\/index.php\/wp-json\/wp\/v2\/product_cat?post=6071"},{"taxonomy":"product_tag","embeddable":true,"href":"https:\/\/crocjeux.com\/index.php\/wp-json\/wp\/v2\/product_tag?post=6071"}],"curies":[{"name":"wp","href":"https:\/\/api.w.org\/{rel}","templated":true}]}}