{"id":6089,"date":"2024-05-29T15:01:50","date_gmt":"2024-05-29T14:01:50","guid":{"rendered":"https:\/\/crocjeux.com\/?post_type=product&#038;p=6089"},"modified":"2024-10-17T14:24:31","modified_gmt":"2024-10-17T13:24:31","slug":"dungeons-and-dragons-la-gloire-des-geants","status":"publish","type":"product","link":"https:\/\/crocjeux.com\/index.php\/produit\/dungeons-and-dragons-la-gloire-des-geants\/","title":{"rendered":"Dungeons and Dragons La gloire des g\u00e9ants"},"content":{"rendered":"<div class=\"description fr-view\">\n<div data-empty=\"true\">L&rsquo;illustre Bigby relate ses p\u00e9riples au c\u0153ur de l&rsquo;histoire, du mythe et de la soci\u00e9t\u00e9 des g\u00e9ants dans ce guide sur les royaumes des g\u00e9ants dans les mondes de Dungeons &amp; Dragons. Ici, Bigby et la demi-d\u00e9esse Diancastra, fille du P\u00e8re de tous les g\u00e9ants, Annam, d\u00e9voilent les secrets de l&rsquo;impressionnante descendance de ce dernier.<\/div>\n<div data-empty=\"true\">Les joueurs trouveront une multitude d&rsquo;options de personnages sur le th\u00e8me des g\u00e9ants : une sous-classe pour les barbares, deux origines li\u00e9es aux g\u00e9ants et \u00e0 leur magie runique, ainsi que des options de dons qui \u00e9voquent la force et la magie primitive des g\u00e9ants. Les ma\u00eetres du donjon pourront acqu\u00e9rir l&rsquo;inspiration n\u00e9cessaire pour donner vie aux g\u00e9ants : des cartes de sites construits par les g\u00e9ants, de nouveaux monstres \u00e9normes, ainsi que des tr\u00e9sors sid\u00e9rants et des babioles intrigantes dans la musette d&rsquo;un g\u00e9ant !<\/div>\n<div data-empty=\"true\">Laissez Bigby et Diancastra vous guider \u00e0 travers l&rsquo;histoire des embl\u00e9matiques g\u00e9ants de D&amp;D !<\/div>\n<\/div>\n","protected":false},"excerpt":{"rendered":"<p>L&rsquo;illustre Bigby relate ses p\u00e9riples au c\u0153ur de l&rsquo;histoire, du mythe et de la soci\u00e9t\u00e9 des g\u00e9ants dans ce guide<\/p>\n","protected":false},"featured_media":6303,"comment_status":"open","ping_status":"closed","template":"","meta":{"colormag_page_container_layout":"default_layout","colormag_page_sidebar_layout":"default_layout"},"product_brand":[],"product_cat":[35],"product_tag":[],"class_list":{"0":"post-6089","1":"product","2":"type-product","3":"status-publish","4":"has-post-thumbnail","6":"product_cat-jeux-jdr","8":"first","9":"instock","10":"taxable","11":"shipping-taxable","12":"purchasable","13":"product-type-simple"},"yoast_head":"<!-- This site is optimized with the Yoast SEO plugin v27.4 - https:\/\/yoast.com\/product\/yoast-seo-wordpress\/ -->\n<title>Dungeons and Dragons La gloire des g\u00e9ants - Croc Jeux<\/title>\n<meta name=\"robots\" content=\"index, follow, max-snippet:-1, max-image-preview:large, max-video-preview:-1\" \/>\n<link rel=\"canonical\" href=\"https:\/\/crocjeux.com\/index.php\/produit\/dungeons-and-dragons-la-gloire-des-geants\/\" \/>\n<meta property=\"og:locale\" content=\"fr_FR\" \/>\n<meta property=\"og:type\" content=\"article\" \/>\n<meta property=\"og:title\" content=\"Dungeons and Dragons La gloire des g\u00e9ants - Croc Jeux\" \/>\n<meta property=\"og:description\" content=\"L&rsquo;illustre Bigby relate ses p\u00e9riples au c\u0153ur de l&rsquo;histoire, du mythe et de la soci\u00e9t\u00e9 des g\u00e9ants dans ce guide\" \/>\n<meta property=\"og:url\" content=\"https:\/\/crocjeux.com\/index.php\/produit\/dungeons-and-dragons-la-gloire-des-geants\/\" \/>\n<meta property=\"og:site_name\" content=\"Croc Jeux\" \/>\n<meta property=\"article:modified_time\" content=\"2024-10-17T13:24:31+00:00\" \/>\n<meta property=\"og:image\" content=\"https:\/\/crocjeux.com\/wp-content\/uploads\/2024\/05\/Capture-decran-2024-07-25-132635.png\" \/>\n\t<meta property=\"og:image:width\" content=\"501\" \/>\n\t<meta property=\"og:image:height\" content=\"606\" \/>\n\t<meta property=\"og:image:type\" content=\"image\/png\" \/>\n<meta name=\"twitter:card\" content=\"summary_large_image\" \/>\n<meta name=\"twitter:label1\" content=\"Dur\u00e9e de lecture estim\u00e9e\" \/>\n\t<meta name=\"twitter:data1\" content=\"1 minute\" \/>\n<script type=\"application\/ld+json\" class=\"yoast-schema-graph\">{\"@context\":\"https:\\\/\\\/schema.org\",\"@graph\":[{\"@type\":\"WebPage\",\"@id\":\"https:\\\/\\\/crocjeux.com\\\/index.php\\\/produit\\\/dungeons-and-dragons-la-gloire-des-geants\\\/\",\"url\":\"https:\\\/\\\/crocjeux.com\\\/index.php\\\/produit\\\/dungeons-and-dragons-la-gloire-des-geants\\\/\",\"name\":\"Dungeons and Dragons La gloire des g\u00e9ants - Croc Jeux\",\"isPartOf\":{\"@id\":\"https:\\\/\\\/crocjeux.com\\\/#website\"},\"primaryImageOfPage\":{\"@id\":\"https:\\\/\\\/crocjeux.com\\\/index.php\\\/produit\\\/dungeons-and-dragons-la-gloire-des-geants\\\/#primaryimage\"},\"image\":{\"@id\":\"https:\\\/\\\/crocjeux.com\\\/index.php\\\/produit\\\/dungeons-and-dragons-la-gloire-des-geants\\\/#primaryimage\"},\"thumbnailUrl\":\"https:\\\/\\\/crocjeux.com\\\/wp-content\\\/uploads\\\/2024\\\/05\\\/Capture-decran-2024-07-25-132635.png\",\"datePublished\":\"2024-05-29T14:01:50+00:00\",\"dateModified\":\"2024-10-17T13:24:31+00:00\",\"breadcrumb\":{\"@id\":\"https:\\\/\\\/crocjeux.com\\\/index.php\\\/produit\\\/dungeons-and-dragons-la-gloire-des-geants\\\/#breadcrumb\"},\"inLanguage\":\"fr-FR\",\"potentialAction\":[{\"@type\":\"ReadAction\",\"target\":[\"https:\\\/\\\/crocjeux.com\\\/index.php\\\/produit\\\/dungeons-and-dragons-la-gloire-des-geants\\\/\"]}]},{\"@type\":\"ImageObject\",\"inLanguage\":\"fr-FR\",\"@id\":\"https:\\\/\\\/crocjeux.com\\\/index.php\\\/produit\\\/dungeons-and-dragons-la-gloire-des-geants\\\/#primaryimage\",\"url\":\"https:\\\/\\\/crocjeux.com\\\/wp-content\\\/uploads\\\/2024\\\/05\\\/Capture-decran-2024-07-25-132635.png\",\"contentUrl\":\"https:\\\/\\\/crocjeux.com\\\/wp-content\\\/uploads\\\/2024\\\/05\\\/Capture-decran-2024-07-25-132635.png\",\"width\":501,\"height\":606},{\"@type\":\"BreadcrumbList\",\"@id\":\"https:\\\/\\\/crocjeux.com\\\/index.php\\\/produit\\\/dungeons-and-dragons-la-gloire-des-geants\\\/#breadcrumb\",\"itemListElement\":[{\"@type\":\"ListItem\",\"position\":1,\"name\":\"Accueil\",\"item\":\"https:\\\/\\\/crocjeux.com\\\/\"},{\"@type\":\"ListItem\",\"position\":2,\"name\":\"Boutique\",\"item\":\"https:\\\/\\\/crocjeux.com\\\/\"},{\"@type\":\"ListItem\",\"position\":3,\"name\":\"Dungeons and Dragons La gloire des g\u00e9ants\"}]},{\"@type\":\"WebSite\",\"@id\":\"https:\\\/\\\/crocjeux.com\\\/#website\",\"url\":\"https:\\\/\\\/crocjeux.com\\\/\",\"name\":\"Croc Jeux\",\"description\":\"Bienvenue chez Croc Jeux!\",\"publisher\":{\"@id\":\"https:\\\/\\\/crocjeux.com\\\/#organization\"},\"potentialAction\":[{\"@type\":\"SearchAction\",\"target\":{\"@type\":\"EntryPoint\",\"urlTemplate\":\"https:\\\/\\\/crocjeux.com\\\/?s={search_term_string}\"},\"query-input\":{\"@type\":\"PropertyValueSpecification\",\"valueRequired\":true,\"valueName\":\"search_term_string\"}}],\"inLanguage\":\"fr-FR\"},{\"@type\":\"Organization\",\"@id\":\"https:\\\/\\\/crocjeux.com\\\/#organization\",\"name\":\"Croc Jeux\",\"url\":\"https:\\\/\\\/crocjeux.com\\\/\",\"logo\":{\"@type\":\"ImageObject\",\"inLanguage\":\"fr-FR\",\"@id\":\"https:\\\/\\\/crocjeux.com\\\/#\\\/schema\\\/logo\\\/image\\\/\",\"url\":\"https:\\\/\\\/crocjeux.com\\\/wp-content\\\/uploads\\\/2022\\\/01\\\/cropped-logo-croc-etape-1-e1644574034239.jpg\",\"contentUrl\":\"https:\\\/\\\/crocjeux.com\\\/wp-content\\\/uploads\\\/2022\\\/01\\\/cropped-logo-croc-etape-1-e1644574034239.jpg\",\"width\":1224,\"height\":314,\"caption\":\"Croc Jeux\"},\"image\":{\"@id\":\"https:\\\/\\\/crocjeux.com\\\/#\\\/schema\\\/logo\\\/image\\\/\"}}]}<\/script>\n<!-- \/ Yoast SEO plugin. -->","yoast_head_json":{"title":"Dungeons and Dragons La gloire des g\u00e9ants - Croc Jeux","robots":{"index":"index","follow":"follow","max-snippet":"max-snippet:-1","max-image-preview":"max-image-preview:large","max-video-preview":"max-video-preview:-1"},"canonical":"https:\/\/crocjeux.com\/index.php\/produit\/dungeons-and-dragons-la-gloire-des-geants\/","og_locale":"fr_FR","og_type":"article","og_title":"Dungeons and Dragons La gloire des g\u00e9ants - Croc Jeux","og_description":"L&rsquo;illustre Bigby relate ses p\u00e9riples au c\u0153ur de l&rsquo;histoire, du mythe et de la soci\u00e9t\u00e9 des g\u00e9ants dans ce guide","og_url":"https:\/\/crocjeux.com\/index.php\/produit\/dungeons-and-dragons-la-gloire-des-geants\/","og_site_name":"Croc Jeux","article_modified_time":"2024-10-17T13:24:31+00:00","og_image":[{"width":501,"height":606,"url":"https:\/\/crocjeux.com\/wp-content\/uploads\/2024\/05\/Capture-decran-2024-07-25-132635.png","type":"image\/png"}],"twitter_card":"summary_large_image","twitter_misc":{"Dur\u00e9e de lecture estim\u00e9e":"1 minute"},"schema":{"@context":"https:\/\/schema.org","@graph":[{"@type":"WebPage","@id":"https:\/\/crocjeux.com\/index.php\/produit\/dungeons-and-dragons-la-gloire-des-geants\/","url":"https:\/\/crocjeux.com\/index.php\/produit\/dungeons-and-dragons-la-gloire-des-geants\/","name":"Dungeons and Dragons La gloire des g\u00e9ants - Croc Jeux","isPartOf":{"@id":"https:\/\/crocjeux.com\/#website"},"primaryImageOfPage":{"@id":"https:\/\/crocjeux.com\/index.php\/produit\/dungeons-and-dragons-la-gloire-des-geants\/#primaryimage"},"image":{"@id":"https:\/\/crocjeux.com\/index.php\/produit\/dungeons-and-dragons-la-gloire-des-geants\/#primaryimage"},"thumbnailUrl":"https:\/\/crocjeux.com\/wp-content\/uploads\/2024\/05\/Capture-decran-2024-07-25-132635.png","datePublished":"2024-05-29T14:01:50+00:00","dateModified":"2024-10-17T13:24:31+00:00","breadcrumb":{"@id":"https:\/\/crocjeux.com\/index.php\/produit\/dungeons-and-dragons-la-gloire-des-geants\/#breadcrumb"},"inLanguage":"fr-FR","potentialAction":[{"@type":"ReadAction","target":["https:\/\/crocjeux.com\/index.php\/produit\/dungeons-and-dragons-la-gloire-des-geants\/"]}]},{"@type":"ImageObject","inLanguage":"fr-FR","@id":"https:\/\/crocjeux.com\/index.php\/produit\/dungeons-and-dragons-la-gloire-des-geants\/#primaryimage","url":"https:\/\/crocjeux.com\/wp-content\/uploads\/2024\/05\/Capture-decran-2024-07-25-132635.png","contentUrl":"https:\/\/crocjeux.com\/wp-content\/uploads\/2024\/05\/Capture-decran-2024-07-25-132635.png","width":501,"height":606},{"@type":"BreadcrumbList","@id":"https:\/\/crocjeux.com\/index.php\/produit\/dungeons-and-dragons-la-gloire-des-geants\/#breadcrumb","itemListElement":[{"@type":"ListItem","position":1,"name":"Accueil","item":"https:\/\/crocjeux.com\/"},{"@type":"ListItem","position":2,"name":"Boutique","item":"https:\/\/crocjeux.com\/"},{"@type":"ListItem","position":3,"name":"Dungeons and Dragons La gloire des g\u00e9ants"}]},{"@type":"WebSite","@id":"https:\/\/crocjeux.com\/#website","url":"https:\/\/crocjeux.com\/","name":"Croc Jeux","description":"Bienvenue chez Croc Jeux!","publisher":{"@id":"https:\/\/crocjeux.com\/#organization"},"potentialAction":[{"@type":"SearchAction","target":{"@type":"EntryPoint","urlTemplate":"https:\/\/crocjeux.com\/?s={search_term_string}"},"query-input":{"@type":"PropertyValueSpecification","valueRequired":true,"valueName":"search_term_string"}}],"inLanguage":"fr-FR"},{"@type":"Organization","@id":"https:\/\/crocjeux.com\/#organization","name":"Croc Jeux","url":"https:\/\/crocjeux.com\/","logo":{"@type":"ImageObject","inLanguage":"fr-FR","@id":"https:\/\/crocjeux.com\/#\/schema\/logo\/image\/","url":"https:\/\/crocjeux.com\/wp-content\/uploads\/2022\/01\/cropped-logo-croc-etape-1-e1644574034239.jpg","contentUrl":"https:\/\/crocjeux.com\/wp-content\/uploads\/2022\/01\/cropped-logo-croc-etape-1-e1644574034239.jpg","width":1224,"height":314,"caption":"Croc Jeux"},"image":{"@id":"https:\/\/crocjeux.com\/#\/schema\/logo\/image\/"}}]}},"_links":{"self":[{"href":"https:\/\/crocjeux.com\/index.php\/wp-json\/wp\/v2\/product\/6089","targetHints":{"allow":["GET"]}}],"collection":[{"href":"https:\/\/crocjeux.com\/index.php\/wp-json\/wp\/v2\/product"}],"about":[{"href":"https:\/\/crocjeux.com\/index.php\/wp-json\/wp\/v2\/types\/product"}],"replies":[{"embeddable":true,"href":"https:\/\/crocjeux.com\/index.php\/wp-json\/wp\/v2\/comments?post=6089"}],"wp:featuredmedia":[{"embeddable":true,"href":"https:\/\/crocjeux.com\/index.php\/wp-json\/wp\/v2\/media\/6303"}],"wp:attachment":[{"href":"https:\/\/crocjeux.com\/index.php\/wp-json\/wp\/v2\/media?parent=6089"}],"wp:term":[{"taxonomy":"product_brand","embeddable":true,"href":"https:\/\/crocjeux.com\/index.php\/wp-json\/wp\/v2\/product_brand?post=6089"},{"taxonomy":"product_cat","embeddable":true,"href":"https:\/\/crocjeux.com\/index.php\/wp-json\/wp\/v2\/product_cat?post=6089"},{"taxonomy":"product_tag","embeddable":true,"href":"https:\/\/crocjeux.com\/index.php\/wp-json\/wp\/v2\/product_tag?post=6089"}],"curies":[{"name":"wp","href":"https:\/\/api.w.org\/{rel}","templated":true}]}}