{"id":6143,"date":"2024-06-20T11:05:02","date_gmt":"2024-06-20T10:05:02","guid":{"rendered":"https:\/\/crocjeux.com\/?post_type=product&#038;p=6143"},"modified":"2024-06-20T11:05:02","modified_gmt":"2024-06-20T10:05:02","slug":"zombicide-black-plague-no-rest-for-the-wicked","status":"publish","type":"product","link":"https:\/\/crocjeux.com\/index.php\/produit\/zombicide-black-plague-no-rest-for-the-wicked\/","title":{"rendered":"Zombicide Black Plague : No Rest for the Wicked"},"content":{"rendered":"<p>Certains lieux suintent litt\u00e9ralement de magie impie.<\/p>\n<p>L&rsquo;origine de cette souillure est inconnue, sans doute le fruit de rituels contre-nature, mais l&rsquo;\u00e9quilibre de l&rsquo;univers semble y vaciller. Les animaux infect\u00e9s y \u00e9lisent domicile, les zombies y sont plus r\u00e9sistants qu&rsquo;ailleurs et on raconte m\u00eame que des dragons n\u00e9cromantiques en font leur tani\u00e8re&#8230;<br \/>\nVos h\u00e9ros auront fort \u00e0 faire pour purger ces endroits du mal qui y r\u00e9side.<\/p>\n<p>Pas de repos pour les damn\u00e9s !<\/p>\n<p><strong>Caract\u00e9ristiques techniques<\/strong><\/p>\n<ul>\n<li>47 Mini-Cartes,<\/li>\n<li>32 Cartes Zombies,<\/li>\n<li>9 Cartes D\u00e9combres\/Compas,<\/li>\n<li>5 Cartes Vuln\u00e9rabilit\u00e9,<\/li>\n<li>1 Carte R\u00e9f\u00e9rence de la Baliste,<\/li>\n<li>35 Figurines,<\/li>\n<li>18 Walkers Spectraux,<\/li>\n<li>15 Nu\u00e9es de Ratz,<\/li>\n<li>1 Dragon N\u00e9cromantique,<\/li>\n<li>1 Baliste.<\/li>\n<\/ul>\n","protected":false},"excerpt":{"rendered":"<p>Extension pour Zombicide Black Plague ou Green Horde<\/p>\n","protected":false},"featured_media":6144,"comment_status":"open","ping_status":"closed","template":"","meta":{"colormag_page_container_layout":"default_layout","colormag_page_sidebar_layout":"default_layout"},"product_brand":[],"product_cat":[30,34,44,29,60],"product_tag":[],"class_list":{"0":"post-6143","1":"product","2":"type-product","3":"status-publish","4":"has-post-thumbnail","6":"product_cat-jeux-collaboratifs","7":"product_cat-jeux-figurines","8":"product_cat-jeux-solo","9":"product_cat-jeux-2-joueurs","10":"product_cat-jeux-zombicide","12":"first","13":"instock","14":"taxable","15":"shipping-taxable","16":"purchasable","17":"product-type-simple"},"yoast_head":"<!-- This site is optimized with the Yoast SEO plugin v27.4 - https:\/\/yoast.com\/product\/yoast-seo-wordpress\/ -->\n<title>Zombicide Black Plague : No Rest for the Wicked - Croc Jeux<\/title>\n<meta name=\"description\" content=\"Extension pour Zombicide Black Plague ou Green Horde\" \/>\n<meta name=\"robots\" content=\"index, follow, max-snippet:-1, max-image-preview:large, max-video-preview:-1\" \/>\n<link rel=\"canonical\" href=\"https:\/\/crocjeux.com\/index.php\/produit\/zombicide-black-plague-no-rest-for-the-wicked\/\" \/>\n<meta property=\"og:locale\" content=\"fr_FR\" \/>\n<meta property=\"og:type\" content=\"article\" \/>\n<meta property=\"og:title\" content=\"Zombicide Black Plague : No Rest for the Wicked - Croc Jeux\" \/>\n<meta property=\"og:description\" content=\"Extension pour Zombicide Black Plague ou Green Horde\" \/>\n<meta property=\"og:url\" content=\"https:\/\/crocjeux.com\/index.php\/produit\/zombicide-black-plague-no-rest-for-the-wicked\/\" \/>\n<meta property=\"og:site_name\" content=\"Croc Jeux\" \/>\n<meta property=\"og:image\" content=\"https:\/\/crocjeux.com\/wp-content\/uploads\/2024\/06\/Zombicide.png\" \/>\n\t<meta property=\"og:image:width\" content=\"1080\" \/>\n\t<meta property=\"og:image:height\" content=\"1080\" \/>\n\t<meta property=\"og:image:type\" content=\"image\/png\" \/>\n<meta name=\"twitter:card\" content=\"summary_large_image\" \/>\n<meta name=\"twitter:label1\" content=\"Dur\u00e9e de lecture estim\u00e9e\" \/>\n\t<meta name=\"twitter:data1\" content=\"1 minute\" \/>\n<script type=\"application\/ld+json\" class=\"yoast-schema-graph\">{\"@context\":\"https:\\\/\\\/schema.org\",\"@graph\":[{\"@type\":\"WebPage\",\"@id\":\"https:\\\/\\\/crocjeux.com\\\/index.php\\\/produit\\\/zombicide-black-plague-no-rest-for-the-wicked\\\/\",\"url\":\"https:\\\/\\\/crocjeux.com\\\/index.php\\\/produit\\\/zombicide-black-plague-no-rest-for-the-wicked\\\/\",\"name\":\"Zombicide Black Plague : No Rest for the Wicked - Croc Jeux\",\"isPartOf\":{\"@id\":\"https:\\\/\\\/crocjeux.com\\\/#website\"},\"primaryImageOfPage\":{\"@id\":\"https:\\\/\\\/crocjeux.com\\\/index.php\\\/produit\\\/zombicide-black-plague-no-rest-for-the-wicked\\\/#primaryimage\"},\"image\":{\"@id\":\"https:\\\/\\\/crocjeux.com\\\/index.php\\\/produit\\\/zombicide-black-plague-no-rest-for-the-wicked\\\/#primaryimage\"},\"thumbnailUrl\":\"https:\\\/\\\/crocjeux.com\\\/wp-content\\\/uploads\\\/2024\\\/06\\\/Zombicide.png\",\"datePublished\":\"2024-06-20T10:05:02+00:00\",\"description\":\"Extension pour Zombicide Black Plague ou Green Horde\",\"breadcrumb\":{\"@id\":\"https:\\\/\\\/crocjeux.com\\\/index.php\\\/produit\\\/zombicide-black-plague-no-rest-for-the-wicked\\\/#breadcrumb\"},\"inLanguage\":\"fr-FR\",\"potentialAction\":[{\"@type\":\"ReadAction\",\"target\":[\"https:\\\/\\\/crocjeux.com\\\/index.php\\\/produit\\\/zombicide-black-plague-no-rest-for-the-wicked\\\/\"]}]},{\"@type\":\"ImageObject\",\"inLanguage\":\"fr-FR\",\"@id\":\"https:\\\/\\\/crocjeux.com\\\/index.php\\\/produit\\\/zombicide-black-plague-no-rest-for-the-wicked\\\/#primaryimage\",\"url\":\"https:\\\/\\\/crocjeux.com\\\/wp-content\\\/uploads\\\/2024\\\/06\\\/Zombicide.png\",\"contentUrl\":\"https:\\\/\\\/crocjeux.com\\\/wp-content\\\/uploads\\\/2024\\\/06\\\/Zombicide.png\",\"width\":1080,\"height\":1080},{\"@type\":\"BreadcrumbList\",\"@id\":\"https:\\\/\\\/crocjeux.com\\\/index.php\\\/produit\\\/zombicide-black-plague-no-rest-for-the-wicked\\\/#breadcrumb\",\"itemListElement\":[{\"@type\":\"ListItem\",\"position\":1,\"name\":\"Accueil\",\"item\":\"https:\\\/\\\/crocjeux.com\\\/\"},{\"@type\":\"ListItem\",\"position\":2,\"name\":\"Boutique\",\"item\":\"https:\\\/\\\/crocjeux.com\\\/\"},{\"@type\":\"ListItem\",\"position\":3,\"name\":\"Zombicide Black Plague : No Rest for the Wicked\"}]},{\"@type\":\"WebSite\",\"@id\":\"https:\\\/\\\/crocjeux.com\\\/#website\",\"url\":\"https:\\\/\\\/crocjeux.com\\\/\",\"name\":\"Croc Jeux\",\"description\":\"Bienvenue chez Croc Jeux!\",\"publisher\":{\"@id\":\"https:\\\/\\\/crocjeux.com\\\/#organization\"},\"potentialAction\":[{\"@type\":\"SearchAction\",\"target\":{\"@type\":\"EntryPoint\",\"urlTemplate\":\"https:\\\/\\\/crocjeux.com\\\/?s={search_term_string}\"},\"query-input\":{\"@type\":\"PropertyValueSpecification\",\"valueRequired\":true,\"valueName\":\"search_term_string\"}}],\"inLanguage\":\"fr-FR\"},{\"@type\":\"Organization\",\"@id\":\"https:\\\/\\\/crocjeux.com\\\/#organization\",\"name\":\"Croc Jeux\",\"url\":\"https:\\\/\\\/crocjeux.com\\\/\",\"logo\":{\"@type\":\"ImageObject\",\"inLanguage\":\"fr-FR\",\"@id\":\"https:\\\/\\\/crocjeux.com\\\/#\\\/schema\\\/logo\\\/image\\\/\",\"url\":\"https:\\\/\\\/crocjeux.com\\\/wp-content\\\/uploads\\\/2022\\\/01\\\/cropped-logo-croc-etape-1-e1644574034239.jpg\",\"contentUrl\":\"https:\\\/\\\/crocjeux.com\\\/wp-content\\\/uploads\\\/2022\\\/01\\\/cropped-logo-croc-etape-1-e1644574034239.jpg\",\"width\":1224,\"height\":314,\"caption\":\"Croc Jeux\"},\"image\":{\"@id\":\"https:\\\/\\\/crocjeux.com\\\/#\\\/schema\\\/logo\\\/image\\\/\"}}]}<\/script>\n<!-- \/ Yoast SEO plugin. -->","yoast_head_json":{"title":"Zombicide Black Plague : No Rest for the Wicked - Croc Jeux","description":"Extension pour Zombicide Black Plague ou Green Horde","robots":{"index":"index","follow":"follow","max-snippet":"max-snippet:-1","max-image-preview":"max-image-preview:large","max-video-preview":"max-video-preview:-1"},"canonical":"https:\/\/crocjeux.com\/index.php\/produit\/zombicide-black-plague-no-rest-for-the-wicked\/","og_locale":"fr_FR","og_type":"article","og_title":"Zombicide Black Plague : No Rest for the Wicked - Croc Jeux","og_description":"Extension pour Zombicide Black Plague ou Green Horde","og_url":"https:\/\/crocjeux.com\/index.php\/produit\/zombicide-black-plague-no-rest-for-the-wicked\/","og_site_name":"Croc Jeux","og_image":[{"width":1080,"height":1080,"url":"https:\/\/crocjeux.com\/wp-content\/uploads\/2024\/06\/Zombicide.png","type":"image\/png"}],"twitter_card":"summary_large_image","twitter_misc":{"Dur\u00e9e de lecture estim\u00e9e":"1 minute"},"schema":{"@context":"https:\/\/schema.org","@graph":[{"@type":"WebPage","@id":"https:\/\/crocjeux.com\/index.php\/produit\/zombicide-black-plague-no-rest-for-the-wicked\/","url":"https:\/\/crocjeux.com\/index.php\/produit\/zombicide-black-plague-no-rest-for-the-wicked\/","name":"Zombicide Black Plague : No Rest for the Wicked - Croc Jeux","isPartOf":{"@id":"https:\/\/crocjeux.com\/#website"},"primaryImageOfPage":{"@id":"https:\/\/crocjeux.com\/index.php\/produit\/zombicide-black-plague-no-rest-for-the-wicked\/#primaryimage"},"image":{"@id":"https:\/\/crocjeux.com\/index.php\/produit\/zombicide-black-plague-no-rest-for-the-wicked\/#primaryimage"},"thumbnailUrl":"https:\/\/crocjeux.com\/wp-content\/uploads\/2024\/06\/Zombicide.png","datePublished":"2024-06-20T10:05:02+00:00","description":"Extension pour Zombicide Black Plague ou Green Horde","breadcrumb":{"@id":"https:\/\/crocjeux.com\/index.php\/produit\/zombicide-black-plague-no-rest-for-the-wicked\/#breadcrumb"},"inLanguage":"fr-FR","potentialAction":[{"@type":"ReadAction","target":["https:\/\/crocjeux.com\/index.php\/produit\/zombicide-black-plague-no-rest-for-the-wicked\/"]}]},{"@type":"ImageObject","inLanguage":"fr-FR","@id":"https:\/\/crocjeux.com\/index.php\/produit\/zombicide-black-plague-no-rest-for-the-wicked\/#primaryimage","url":"https:\/\/crocjeux.com\/wp-content\/uploads\/2024\/06\/Zombicide.png","contentUrl":"https:\/\/crocjeux.com\/wp-content\/uploads\/2024\/06\/Zombicide.png","width":1080,"height":1080},{"@type":"BreadcrumbList","@id":"https:\/\/crocjeux.com\/index.php\/produit\/zombicide-black-plague-no-rest-for-the-wicked\/#breadcrumb","itemListElement":[{"@type":"ListItem","position":1,"name":"Accueil","item":"https:\/\/crocjeux.com\/"},{"@type":"ListItem","position":2,"name":"Boutique","item":"https:\/\/crocjeux.com\/"},{"@type":"ListItem","position":3,"name":"Zombicide Black Plague : No Rest for the Wicked"}]},{"@type":"WebSite","@id":"https:\/\/crocjeux.com\/#website","url":"https:\/\/crocjeux.com\/","name":"Croc Jeux","description":"Bienvenue chez Croc Jeux!","publisher":{"@id":"https:\/\/crocjeux.com\/#organization"},"potentialAction":[{"@type":"SearchAction","target":{"@type":"EntryPoint","urlTemplate":"https:\/\/crocjeux.com\/?s={search_term_string}"},"query-input":{"@type":"PropertyValueSpecification","valueRequired":true,"valueName":"search_term_string"}}],"inLanguage":"fr-FR"},{"@type":"Organization","@id":"https:\/\/crocjeux.com\/#organization","name":"Croc Jeux","url":"https:\/\/crocjeux.com\/","logo":{"@type":"ImageObject","inLanguage":"fr-FR","@id":"https:\/\/crocjeux.com\/#\/schema\/logo\/image\/","url":"https:\/\/crocjeux.com\/wp-content\/uploads\/2022\/01\/cropped-logo-croc-etape-1-e1644574034239.jpg","contentUrl":"https:\/\/crocjeux.com\/wp-content\/uploads\/2022\/01\/cropped-logo-croc-etape-1-e1644574034239.jpg","width":1224,"height":314,"caption":"Croc Jeux"},"image":{"@id":"https:\/\/crocjeux.com\/#\/schema\/logo\/image\/"}}]}},"_links":{"self":[{"href":"https:\/\/crocjeux.com\/index.php\/wp-json\/wp\/v2\/product\/6143","targetHints":{"allow":["GET"]}}],"collection":[{"href":"https:\/\/crocjeux.com\/index.php\/wp-json\/wp\/v2\/product"}],"about":[{"href":"https:\/\/crocjeux.com\/index.php\/wp-json\/wp\/v2\/types\/product"}],"replies":[{"embeddable":true,"href":"https:\/\/crocjeux.com\/index.php\/wp-json\/wp\/v2\/comments?post=6143"}],"wp:featuredmedia":[{"embeddable":true,"href":"https:\/\/crocjeux.com\/index.php\/wp-json\/wp\/v2\/media\/6144"}],"wp:attachment":[{"href":"https:\/\/crocjeux.com\/index.php\/wp-json\/wp\/v2\/media?parent=6143"}],"wp:term":[{"taxonomy":"product_brand","embeddable":true,"href":"https:\/\/crocjeux.com\/index.php\/wp-json\/wp\/v2\/product_brand?post=6143"},{"taxonomy":"product_cat","embeddable":true,"href":"https:\/\/crocjeux.com\/index.php\/wp-json\/wp\/v2\/product_cat?post=6143"},{"taxonomy":"product_tag","embeddable":true,"href":"https:\/\/crocjeux.com\/index.php\/wp-json\/wp\/v2\/product_tag?post=6143"}],"curies":[{"name":"wp","href":"https:\/\/api.w.org\/{rel}","templated":true}]}}