{"id":6159,"date":"2024-06-26T09:53:16","date_gmt":"2024-06-26T08:53:16","guid":{"rendered":"https:\/\/crocjeux.com\/?post_type=product&#038;p=6159"},"modified":"2025-07-24T09:31:14","modified_gmt":"2025-07-24T08:31:14","slug":"wyrmspan","status":"publish","type":"product","link":"https:\/\/crocjeux.com\/index.php\/produit\/wyrmspan\/","title":{"rendered":"Wyrmspan"},"content":{"rendered":"<p>Ici, vous jouez un dragonologue amateur dans le monde de Wyrmspan, un monde o\u00f9 les dragons de toutes formes, tailles et couleurs parcourent le ciel.<br \/>\nExcavez des grottes cach\u00e9es que vous avez r\u00e9cemment d\u00e9couvert sous votre terrain, et attirez ces merveilleuses cr\u00e9atures pour les rassembler dans votre antre !<\/p>\n<p>Votre sanctuaire dispose de 3 lignes (Caverne cramoisie, Grotte dor\u00e9e et Abysse am\u00e9thyste), et vous devrez les excaver au fur et \u00e0 mesure de la partie pour d\u00e9bloquer des bonus, poser des cartes cavernes et y accueillir de nouveaux dragons (183 au total).<\/p>\n<p>Ce ne sera pas tout, car il faudra \u00e9galement progresser au sein de la guilde draconique (8 diff\u00e9rentes) pour obtenir divers avantages, et remporter les pr\u00e9cieux objectifs de fin de tour. Wyrmspan introduit une foule de nouveaut\u00e9s et changements, entre nouveaux types de cartes (dragonnets), actions \u00e0 effectuer en utilisant des pi\u00e8ces, possibilit\u00e9 de report d&rsquo;actions selon les tours, nouvelles comp\u00e9tences et effets\u2026<\/p>\n<p>Le jeu est l&rsquo;\u0153uvre de Connie Vogelmann (l&rsquo;autrice d&rsquo;Apiary), en collaboration avec Elisabeth Hargrave, l&rsquo;autrice de Wingpsan. On retrouve Cl\u00e9mentine Campardou \u00e0 l&rsquo;illustration. On ne peut que saluer le travail de ma\u00eetre de cette \u00e9quipe, et vous retrouverez d&rsquo;ailleurs un mode solo complet, disposant de ses m\u00e9caniques propres.<\/p>\n<p>Wyrmspan s&rsquo;inspire des m\u00e9canismes de Wingspan, bien que ses \u00e9l\u00e9ments uniques font de Wyrmspan un jeu autonome (non compatible avec Wingspan).<\/p>\n","protected":false},"excerpt":{"rendered":"<p>Wyrmspan s&rsquo;inspire des m\u00e9canismes de Wingspan, bien que ses \u00e9l\u00e9ments uniques font de Wyrmspan un jeu autonome (non compatible avec Wingspan).<\/p>\n","protected":false},"featured_media":6160,"comment_status":"open","ping_status":"closed","template":"","meta":{"colormag_page_container_layout":"default_layout","colormag_page_sidebar_layout":"default_layout"},"product_brand":[],"product_cat":[18,44,29,37],"product_tag":[],"class_list":{"0":"post-6159","1":"product","2":"type-product","3":"status-publish","4":"has-post-thumbnail","6":"product_cat-jeux-de-strategie","7":"product_cat-jeux-solo","8":"product_cat-jeux-2-joueurs","9":"product_cat-ne-ratez-pas","11":"first","12":"instock","13":"taxable","14":"shipping-taxable","15":"purchasable","16":"product-type-simple"},"yoast_head":"<!-- This site is optimized with the Yoast SEO plugin v27.4 - https:\/\/yoast.com\/product\/yoast-seo-wordpress\/ -->\n<title>Wyrmspan - Croc Jeux<\/title>\n<meta name=\"description\" content=\"Wyrmspan s&#039;inspire des m\u00e9canismes de Wingspan, bien que ses \u00e9l\u00e9ments uniques font de Wyrmspan un jeu autonome (non compatible avec Wingspan).\" \/>\n<meta name=\"robots\" content=\"index, follow, max-snippet:-1, max-image-preview:large, max-video-preview:-1\" \/>\n<link rel=\"canonical\" href=\"https:\/\/crocjeux.com\/index.php\/produit\/wyrmspan\/\" \/>\n<meta property=\"og:locale\" content=\"fr_FR\" \/>\n<meta property=\"og:type\" content=\"article\" \/>\n<meta property=\"og:title\" content=\"Wyrmspan - Croc Jeux\" \/>\n<meta property=\"og:description\" content=\"Wyrmspan s&#039;inspire des m\u00e9canismes de Wingspan, bien que ses \u00e9l\u00e9ments uniques font de Wyrmspan un jeu autonome (non compatible avec Wingspan).\" \/>\n<meta property=\"og:url\" content=\"https:\/\/crocjeux.com\/index.php\/produit\/wyrmspan\/\" \/>\n<meta property=\"og:site_name\" content=\"Croc Jeux\" \/>\n<meta property=\"article:modified_time\" content=\"2025-07-24T08:31:14+00:00\" \/>\n<meta property=\"og:image\" content=\"https:\/\/crocjeux.com\/wp-content\/uploads\/2024\/06\/Wyrmspan.png\" \/>\n\t<meta property=\"og:image:width\" content=\"1080\" \/>\n\t<meta property=\"og:image:height\" content=\"1080\" \/>\n\t<meta property=\"og:image:type\" content=\"image\/png\" \/>\n<meta name=\"twitter:card\" content=\"summary_large_image\" \/>\n<meta name=\"twitter:label1\" content=\"Dur\u00e9e de lecture estim\u00e9e\" \/>\n\t<meta name=\"twitter:data1\" content=\"2 minutes\" \/>\n<script type=\"application\/ld+json\" class=\"yoast-schema-graph\">{\"@context\":\"https:\\\/\\\/schema.org\",\"@graph\":[{\"@type\":\"WebPage\",\"@id\":\"https:\\\/\\\/crocjeux.com\\\/index.php\\\/produit\\\/wyrmspan\\\/\",\"url\":\"https:\\\/\\\/crocjeux.com\\\/index.php\\\/produit\\\/wyrmspan\\\/\",\"name\":\"Wyrmspan - Croc Jeux\",\"isPartOf\":{\"@id\":\"https:\\\/\\\/crocjeux.com\\\/#website\"},\"primaryImageOfPage\":{\"@id\":\"https:\\\/\\\/crocjeux.com\\\/index.php\\\/produit\\\/wyrmspan\\\/#primaryimage\"},\"image\":{\"@id\":\"https:\\\/\\\/crocjeux.com\\\/index.php\\\/produit\\\/wyrmspan\\\/#primaryimage\"},\"thumbnailUrl\":\"https:\\\/\\\/crocjeux.com\\\/wp-content\\\/uploads\\\/2024\\\/06\\\/Wyrmspan.png\",\"datePublished\":\"2024-06-26T08:53:16+00:00\",\"dateModified\":\"2025-07-24T08:31:14+00:00\",\"description\":\"Wyrmspan s'inspire des m\u00e9canismes de Wingspan, bien que ses \u00e9l\u00e9ments uniques font de Wyrmspan un jeu autonome (non compatible avec Wingspan).\",\"breadcrumb\":{\"@id\":\"https:\\\/\\\/crocjeux.com\\\/index.php\\\/produit\\\/wyrmspan\\\/#breadcrumb\"},\"inLanguage\":\"fr-FR\",\"potentialAction\":[{\"@type\":\"ReadAction\",\"target\":[\"https:\\\/\\\/crocjeux.com\\\/index.php\\\/produit\\\/wyrmspan\\\/\"]}]},{\"@type\":\"ImageObject\",\"inLanguage\":\"fr-FR\",\"@id\":\"https:\\\/\\\/crocjeux.com\\\/index.php\\\/produit\\\/wyrmspan\\\/#primaryimage\",\"url\":\"https:\\\/\\\/crocjeux.com\\\/wp-content\\\/uploads\\\/2024\\\/06\\\/Wyrmspan.png\",\"contentUrl\":\"https:\\\/\\\/crocjeux.com\\\/wp-content\\\/uploads\\\/2024\\\/06\\\/Wyrmspan.png\",\"width\":1080,\"height\":1080},{\"@type\":\"BreadcrumbList\",\"@id\":\"https:\\\/\\\/crocjeux.com\\\/index.php\\\/produit\\\/wyrmspan\\\/#breadcrumb\",\"itemListElement\":[{\"@type\":\"ListItem\",\"position\":1,\"name\":\"Accueil\",\"item\":\"https:\\\/\\\/crocjeux.com\\\/\"},{\"@type\":\"ListItem\",\"position\":2,\"name\":\"Boutique\",\"item\":\"https:\\\/\\\/crocjeux.com\\\/\"},{\"@type\":\"ListItem\",\"position\":3,\"name\":\"Wyrmspan\"}]},{\"@type\":\"WebSite\",\"@id\":\"https:\\\/\\\/crocjeux.com\\\/#website\",\"url\":\"https:\\\/\\\/crocjeux.com\\\/\",\"name\":\"Croc Jeux\",\"description\":\"Bienvenue chez Croc Jeux!\",\"publisher\":{\"@id\":\"https:\\\/\\\/crocjeux.com\\\/#organization\"},\"potentialAction\":[{\"@type\":\"SearchAction\",\"target\":{\"@type\":\"EntryPoint\",\"urlTemplate\":\"https:\\\/\\\/crocjeux.com\\\/?s={search_term_string}\"},\"query-input\":{\"@type\":\"PropertyValueSpecification\",\"valueRequired\":true,\"valueName\":\"search_term_string\"}}],\"inLanguage\":\"fr-FR\"},{\"@type\":\"Organization\",\"@id\":\"https:\\\/\\\/crocjeux.com\\\/#organization\",\"name\":\"Croc Jeux\",\"url\":\"https:\\\/\\\/crocjeux.com\\\/\",\"logo\":{\"@type\":\"ImageObject\",\"inLanguage\":\"fr-FR\",\"@id\":\"https:\\\/\\\/crocjeux.com\\\/#\\\/schema\\\/logo\\\/image\\\/\",\"url\":\"https:\\\/\\\/crocjeux.com\\\/wp-content\\\/uploads\\\/2022\\\/01\\\/cropped-logo-croc-etape-1-e1644574034239.jpg\",\"contentUrl\":\"https:\\\/\\\/crocjeux.com\\\/wp-content\\\/uploads\\\/2022\\\/01\\\/cropped-logo-croc-etape-1-e1644574034239.jpg\",\"width\":1224,\"height\":314,\"caption\":\"Croc Jeux\"},\"image\":{\"@id\":\"https:\\\/\\\/crocjeux.com\\\/#\\\/schema\\\/logo\\\/image\\\/\"}}]}<\/script>\n<!-- \/ Yoast SEO plugin. -->","yoast_head_json":{"title":"Wyrmspan - Croc Jeux","description":"Wyrmspan s'inspire des m\u00e9canismes de Wingspan, bien que ses \u00e9l\u00e9ments uniques font de Wyrmspan un jeu autonome (non compatible avec Wingspan).","robots":{"index":"index","follow":"follow","max-snippet":"max-snippet:-1","max-image-preview":"max-image-preview:large","max-video-preview":"max-video-preview:-1"},"canonical":"https:\/\/crocjeux.com\/index.php\/produit\/wyrmspan\/","og_locale":"fr_FR","og_type":"article","og_title":"Wyrmspan - Croc Jeux","og_description":"Wyrmspan s'inspire des m\u00e9canismes de Wingspan, bien que ses \u00e9l\u00e9ments uniques font de Wyrmspan un jeu autonome (non compatible avec Wingspan).","og_url":"https:\/\/crocjeux.com\/index.php\/produit\/wyrmspan\/","og_site_name":"Croc Jeux","article_modified_time":"2025-07-24T08:31:14+00:00","og_image":[{"width":1080,"height":1080,"url":"https:\/\/crocjeux.com\/wp-content\/uploads\/2024\/06\/Wyrmspan.png","type":"image\/png"}],"twitter_card":"summary_large_image","twitter_misc":{"Dur\u00e9e de lecture estim\u00e9e":"2 minutes"},"schema":{"@context":"https:\/\/schema.org","@graph":[{"@type":"WebPage","@id":"https:\/\/crocjeux.com\/index.php\/produit\/wyrmspan\/","url":"https:\/\/crocjeux.com\/index.php\/produit\/wyrmspan\/","name":"Wyrmspan - Croc Jeux","isPartOf":{"@id":"https:\/\/crocjeux.com\/#website"},"primaryImageOfPage":{"@id":"https:\/\/crocjeux.com\/index.php\/produit\/wyrmspan\/#primaryimage"},"image":{"@id":"https:\/\/crocjeux.com\/index.php\/produit\/wyrmspan\/#primaryimage"},"thumbnailUrl":"https:\/\/crocjeux.com\/wp-content\/uploads\/2024\/06\/Wyrmspan.png","datePublished":"2024-06-26T08:53:16+00:00","dateModified":"2025-07-24T08:31:14+00:00","description":"Wyrmspan s'inspire des m\u00e9canismes de Wingspan, bien que ses \u00e9l\u00e9ments uniques font de Wyrmspan un jeu autonome (non compatible avec Wingspan).","breadcrumb":{"@id":"https:\/\/crocjeux.com\/index.php\/produit\/wyrmspan\/#breadcrumb"},"inLanguage":"fr-FR","potentialAction":[{"@type":"ReadAction","target":["https:\/\/crocjeux.com\/index.php\/produit\/wyrmspan\/"]}]},{"@type":"ImageObject","inLanguage":"fr-FR","@id":"https:\/\/crocjeux.com\/index.php\/produit\/wyrmspan\/#primaryimage","url":"https:\/\/crocjeux.com\/wp-content\/uploads\/2024\/06\/Wyrmspan.png","contentUrl":"https:\/\/crocjeux.com\/wp-content\/uploads\/2024\/06\/Wyrmspan.png","width":1080,"height":1080},{"@type":"BreadcrumbList","@id":"https:\/\/crocjeux.com\/index.php\/produit\/wyrmspan\/#breadcrumb","itemListElement":[{"@type":"ListItem","position":1,"name":"Accueil","item":"https:\/\/crocjeux.com\/"},{"@type":"ListItem","position":2,"name":"Boutique","item":"https:\/\/crocjeux.com\/"},{"@type":"ListItem","position":3,"name":"Wyrmspan"}]},{"@type":"WebSite","@id":"https:\/\/crocjeux.com\/#website","url":"https:\/\/crocjeux.com\/","name":"Croc Jeux","description":"Bienvenue chez Croc Jeux!","publisher":{"@id":"https:\/\/crocjeux.com\/#organization"},"potentialAction":[{"@type":"SearchAction","target":{"@type":"EntryPoint","urlTemplate":"https:\/\/crocjeux.com\/?s={search_term_string}"},"query-input":{"@type":"PropertyValueSpecification","valueRequired":true,"valueName":"search_term_string"}}],"inLanguage":"fr-FR"},{"@type":"Organization","@id":"https:\/\/crocjeux.com\/#organization","name":"Croc Jeux","url":"https:\/\/crocjeux.com\/","logo":{"@type":"ImageObject","inLanguage":"fr-FR","@id":"https:\/\/crocjeux.com\/#\/schema\/logo\/image\/","url":"https:\/\/crocjeux.com\/wp-content\/uploads\/2022\/01\/cropped-logo-croc-etape-1-e1644574034239.jpg","contentUrl":"https:\/\/crocjeux.com\/wp-content\/uploads\/2022\/01\/cropped-logo-croc-etape-1-e1644574034239.jpg","width":1224,"height":314,"caption":"Croc Jeux"},"image":{"@id":"https:\/\/crocjeux.com\/#\/schema\/logo\/image\/"}}]}},"_links":{"self":[{"href":"https:\/\/crocjeux.com\/index.php\/wp-json\/wp\/v2\/product\/6159","targetHints":{"allow":["GET"]}}],"collection":[{"href":"https:\/\/crocjeux.com\/index.php\/wp-json\/wp\/v2\/product"}],"about":[{"href":"https:\/\/crocjeux.com\/index.php\/wp-json\/wp\/v2\/types\/product"}],"replies":[{"embeddable":true,"href":"https:\/\/crocjeux.com\/index.php\/wp-json\/wp\/v2\/comments?post=6159"}],"wp:featuredmedia":[{"embeddable":true,"href":"https:\/\/crocjeux.com\/index.php\/wp-json\/wp\/v2\/media\/6160"}],"wp:attachment":[{"href":"https:\/\/crocjeux.com\/index.php\/wp-json\/wp\/v2\/media?parent=6159"}],"wp:term":[{"taxonomy":"product_brand","embeddable":true,"href":"https:\/\/crocjeux.com\/index.php\/wp-json\/wp\/v2\/product_brand?post=6159"},{"taxonomy":"product_cat","embeddable":true,"href":"https:\/\/crocjeux.com\/index.php\/wp-json\/wp\/v2\/product_cat?post=6159"},{"taxonomy":"product_tag","embeddable":true,"href":"https:\/\/crocjeux.com\/index.php\/wp-json\/wp\/v2\/product_tag?post=6159"}],"curies":[{"name":"wp","href":"https:\/\/api.w.org\/{rel}","templated":true}]}}