{"id":6161,"date":"2024-06-26T10:08:37","date_gmt":"2024-06-26T09:08:37","guid":{"rendered":"https:\/\/crocjeux.com\/?post_type=product&#038;p=6161"},"modified":"2024-06-26T10:08:37","modified_gmt":"2024-06-26T09:08:37","slug":"shadow-hunters","status":"publish","type":"product","link":"https:\/\/crocjeux.com\/index.php\/produit\/shadow-hunters\/","title":{"rendered":"Shadow Hunters"},"content":{"rendered":"<div class=\"hide_info_annexe row small-collapse medium-uncollapse\">\n<div class=\"column small-12\">\n<p><em>\u00cates-vous une cr\u00e9ature des t\u00e9n\u00e8bres, un Shadow ? Ou \u00eates-vous un chasseur de d\u00e9mons, un Hunter ? \u00c0 moins que vous ne soyez qu\u2019un simple civil, happ\u00e9 au coeur de la lutte \u00e9ternelle entre le bien et le mal ?<\/em><\/p>\n<p>Dans <strong>Shadow Hunters, vous devrez cacher votre vraie nature le plus longtemps possible<\/strong> et \u00e9liminer vos adversaires apr\u00e8s les avoir d\u00e9masqu\u00e9s. Vous voyagerez au travers le monde pour identifier vos alli\u00e9s ou collecter de puissants artefacts.<\/p>\n<p>Ce jeu de plateau rapide (environ 30 minutes) se joue avec des r\u00e8gles tr\u00e8s simples autour d&rsquo;un th\u00e8me inspir\u00e9 de l&rsquo;univers manga. A la fois jeu de course alliant bluff, observation et d\u00e9duction, <strong>Shadow Hunters propose, avec peu de mat\u00e9riel, une m\u00e9canique tr\u00e8s fluide et dynamique<\/strong> dont vous d\u00e9couvrirez toutes les subtilit\u00e9s d\u00e8s la premi\u00e8re partie.<\/p>\n<p>Votre but : il sera diff\u00e9rent selon que vous serez Shadow (Ombre), Hunter (Chasseur) ou personnage neutre (Humain).<\/p>\n<p>A chaque tour, les joueurs se d\u00e9placent \u00e0 coups de d\u00e9s et en se rendant sur diff\u00e9rents lieux du plateau de jeu. Ces lieux vous permettront de r\u00e9aliser des actions (piocher une carte, infliger des blessures, se soigner, voler un \u00e9quipement etc.).<\/p>\n<p>Vos points de vie sont d\u00e9compt\u00e9s \u00e0 chaque combat, vous pouvez r\u00e9v\u00e9ler votre vraie nature afin de b\u00e9n\u00e9ficier de pouvoirs sp\u00e9ciaux.<\/p>\n<p>Le ou les joueurs qui atteindront leur objectif gagneront la partie &#8211; Les Ombres doivent \u00e9liminer les Chasseurs ; les Chasseurs doivent \u00e9liminer les Ombres ; les Humains ont des objectifs propres.<\/p>\n<\/div>\n<\/div>\n","protected":false},"excerpt":{"rendered":"<p>Dans Shadow Hunters, vous devrez cacher votre vraie nature le plus longtemps possible et \u00e9liminer vos adversaires apr\u00e8s les avoir d\u00e9masqu\u00e9s. Vous voyagerez au travers le monde pour identifier vos alli\u00e9s ou collecter de puissants artefacts.Ce jeu de plateau rapide (environ 30 minutes) se joue avec des r\u00e8gles tr\u00e8s simples autour d&rsquo;un th\u00e8me inspir\u00e9 de l&rsquo;univers manga.<\/p>\n","protected":false},"featured_media":6162,"comment_status":"open","ping_status":"closed","template":"","meta":{"colormag_page_container_layout":"default_layout","colormag_page_sidebar_layout":"default_layout"},"product_brand":[],"product_cat":[42],"product_tag":[],"class_list":{"0":"post-6161","1":"product","2":"type-product","3":"status-publish","4":"has-post-thumbnail","6":"product_cat-jeux-a-roles-caches","8":"first","9":"instock","10":"taxable","11":"shipping-taxable","12":"purchasable","13":"product-type-simple"},"yoast_head":"<!-- This site is optimized with the Yoast SEO plugin v27.4 - https:\/\/yoast.com\/product\/yoast-seo-wordpress\/ -->\n<title>Shadow Hunters - Croc Jeux<\/title>\n<meta name=\"description\" content=\"Dans Shadow Hunters, vous devrez cacher votre vraie nature le plus longtemps possible et \u00e9liminer vos adversaires apr\u00e8s les avoir d\u00e9masqu\u00e9s. Vous voyagerez au travers le monde pour identifier vos alli\u00e9s ou collecter de puissants artefacts.Ce jeu de plateau rapide (environ 30 minutes) se joue avec des r\u00e8gles tr\u00e8s simples autour d&#039;un th\u00e8me inspir\u00e9 de l&#039;univers manga.\" \/>\n<meta name=\"robots\" content=\"index, follow, max-snippet:-1, max-image-preview:large, max-video-preview:-1\" \/>\n<link rel=\"canonical\" href=\"https:\/\/crocjeux.com\/index.php\/produit\/shadow-hunters\/\" \/>\n<meta property=\"og:locale\" content=\"fr_FR\" \/>\n<meta property=\"og:type\" content=\"article\" \/>\n<meta property=\"og:title\" content=\"Shadow Hunters - Croc Jeux\" \/>\n<meta property=\"og:description\" content=\"Dans Shadow Hunters, vous devrez cacher votre vraie nature le plus longtemps possible et \u00e9liminer vos adversaires apr\u00e8s les avoir d\u00e9masqu\u00e9s. Vous voyagerez au travers le monde pour identifier vos alli\u00e9s ou collecter de puissants artefacts.Ce jeu de plateau rapide (environ 30 minutes) se joue avec des r\u00e8gles tr\u00e8s simples autour d&#039;un th\u00e8me inspir\u00e9 de l&#039;univers manga.\" \/>\n<meta property=\"og:url\" content=\"https:\/\/crocjeux.com\/index.php\/produit\/shadow-hunters\/\" \/>\n<meta property=\"og:site_name\" content=\"Croc Jeux\" \/>\n<meta property=\"og:image\" content=\"https:\/\/crocjeux.com\/wp-content\/uploads\/2024\/06\/Wyrmspan1.png\" \/>\n\t<meta property=\"og:image:width\" content=\"1080\" \/>\n\t<meta property=\"og:image:height\" content=\"1080\" \/>\n\t<meta property=\"og:image:type\" content=\"image\/png\" \/>\n<meta name=\"twitter:card\" content=\"summary_large_image\" \/>\n<meta name=\"twitter:label1\" content=\"Dur\u00e9e de lecture estim\u00e9e\" \/>\n\t<meta name=\"twitter:data1\" content=\"2 minutes\" \/>\n<script type=\"application\/ld+json\" class=\"yoast-schema-graph\">{\"@context\":\"https:\\\/\\\/schema.org\",\"@graph\":[{\"@type\":\"WebPage\",\"@id\":\"https:\\\/\\\/crocjeux.com\\\/index.php\\\/produit\\\/shadow-hunters\\\/\",\"url\":\"https:\\\/\\\/crocjeux.com\\\/index.php\\\/produit\\\/shadow-hunters\\\/\",\"name\":\"Shadow Hunters - Croc Jeux\",\"isPartOf\":{\"@id\":\"https:\\\/\\\/crocjeux.com\\\/#website\"},\"primaryImageOfPage\":{\"@id\":\"https:\\\/\\\/crocjeux.com\\\/index.php\\\/produit\\\/shadow-hunters\\\/#primaryimage\"},\"image\":{\"@id\":\"https:\\\/\\\/crocjeux.com\\\/index.php\\\/produit\\\/shadow-hunters\\\/#primaryimage\"},\"thumbnailUrl\":\"https:\\\/\\\/crocjeux.com\\\/wp-content\\\/uploads\\\/2024\\\/06\\\/Wyrmspan1.png\",\"datePublished\":\"2024-06-26T09:08:37+00:00\",\"description\":\"Dans Shadow Hunters, vous devrez cacher votre vraie nature le plus longtemps possible et \u00e9liminer vos adversaires apr\u00e8s les avoir d\u00e9masqu\u00e9s. Vous voyagerez au travers le monde pour identifier vos alli\u00e9s ou collecter de puissants artefacts.Ce jeu de plateau rapide (environ 30 minutes) se joue avec des r\u00e8gles tr\u00e8s simples autour d'un th\u00e8me inspir\u00e9 de l'univers manga.\",\"breadcrumb\":{\"@id\":\"https:\\\/\\\/crocjeux.com\\\/index.php\\\/produit\\\/shadow-hunters\\\/#breadcrumb\"},\"inLanguage\":\"fr-FR\",\"potentialAction\":[{\"@type\":\"ReadAction\",\"target\":[\"https:\\\/\\\/crocjeux.com\\\/index.php\\\/produit\\\/shadow-hunters\\\/\"]}]},{\"@type\":\"ImageObject\",\"inLanguage\":\"fr-FR\",\"@id\":\"https:\\\/\\\/crocjeux.com\\\/index.php\\\/produit\\\/shadow-hunters\\\/#primaryimage\",\"url\":\"https:\\\/\\\/crocjeux.com\\\/wp-content\\\/uploads\\\/2024\\\/06\\\/Wyrmspan1.png\",\"contentUrl\":\"https:\\\/\\\/crocjeux.com\\\/wp-content\\\/uploads\\\/2024\\\/06\\\/Wyrmspan1.png\",\"width\":1080,\"height\":1080},{\"@type\":\"BreadcrumbList\",\"@id\":\"https:\\\/\\\/crocjeux.com\\\/index.php\\\/produit\\\/shadow-hunters\\\/#breadcrumb\",\"itemListElement\":[{\"@type\":\"ListItem\",\"position\":1,\"name\":\"Accueil\",\"item\":\"https:\\\/\\\/crocjeux.com\\\/\"},{\"@type\":\"ListItem\",\"position\":2,\"name\":\"Boutique\",\"item\":\"https:\\\/\\\/crocjeux.com\\\/\"},{\"@type\":\"ListItem\",\"position\":3,\"name\":\"Shadow Hunters\"}]},{\"@type\":\"WebSite\",\"@id\":\"https:\\\/\\\/crocjeux.com\\\/#website\",\"url\":\"https:\\\/\\\/crocjeux.com\\\/\",\"name\":\"Croc Jeux\",\"description\":\"Bienvenue chez Croc Jeux!\",\"publisher\":{\"@id\":\"https:\\\/\\\/crocjeux.com\\\/#organization\"},\"potentialAction\":[{\"@type\":\"SearchAction\",\"target\":{\"@type\":\"EntryPoint\",\"urlTemplate\":\"https:\\\/\\\/crocjeux.com\\\/?s={search_term_string}\"},\"query-input\":{\"@type\":\"PropertyValueSpecification\",\"valueRequired\":true,\"valueName\":\"search_term_string\"}}],\"inLanguage\":\"fr-FR\"},{\"@type\":\"Organization\",\"@id\":\"https:\\\/\\\/crocjeux.com\\\/#organization\",\"name\":\"Croc Jeux\",\"url\":\"https:\\\/\\\/crocjeux.com\\\/\",\"logo\":{\"@type\":\"ImageObject\",\"inLanguage\":\"fr-FR\",\"@id\":\"https:\\\/\\\/crocjeux.com\\\/#\\\/schema\\\/logo\\\/image\\\/\",\"url\":\"https:\\\/\\\/crocjeux.com\\\/wp-content\\\/uploads\\\/2022\\\/01\\\/cropped-logo-croc-etape-1-e1644574034239.jpg\",\"contentUrl\":\"https:\\\/\\\/crocjeux.com\\\/wp-content\\\/uploads\\\/2022\\\/01\\\/cropped-logo-croc-etape-1-e1644574034239.jpg\",\"width\":1224,\"height\":314,\"caption\":\"Croc Jeux\"},\"image\":{\"@id\":\"https:\\\/\\\/crocjeux.com\\\/#\\\/schema\\\/logo\\\/image\\\/\"}}]}<\/script>\n<!-- \/ Yoast SEO plugin. -->","yoast_head_json":{"title":"Shadow Hunters - Croc Jeux","description":"Dans Shadow Hunters, vous devrez cacher votre vraie nature le plus longtemps possible et \u00e9liminer vos adversaires apr\u00e8s les avoir d\u00e9masqu\u00e9s. Vous voyagerez au travers le monde pour identifier vos alli\u00e9s ou collecter de puissants artefacts.Ce jeu de plateau rapide (environ 30 minutes) se joue avec des r\u00e8gles tr\u00e8s simples autour d'un th\u00e8me inspir\u00e9 de l'univers manga.","robots":{"index":"index","follow":"follow","max-snippet":"max-snippet:-1","max-image-preview":"max-image-preview:large","max-video-preview":"max-video-preview:-1"},"canonical":"https:\/\/crocjeux.com\/index.php\/produit\/shadow-hunters\/","og_locale":"fr_FR","og_type":"article","og_title":"Shadow Hunters - Croc Jeux","og_description":"Dans Shadow Hunters, vous devrez cacher votre vraie nature le plus longtemps possible et \u00e9liminer vos adversaires apr\u00e8s les avoir d\u00e9masqu\u00e9s. Vous voyagerez au travers le monde pour identifier vos alli\u00e9s ou collecter de puissants artefacts.Ce jeu de plateau rapide (environ 30 minutes) se joue avec des r\u00e8gles tr\u00e8s simples autour d'un th\u00e8me inspir\u00e9 de l'univers manga.","og_url":"https:\/\/crocjeux.com\/index.php\/produit\/shadow-hunters\/","og_site_name":"Croc Jeux","og_image":[{"width":1080,"height":1080,"url":"https:\/\/crocjeux.com\/wp-content\/uploads\/2024\/06\/Wyrmspan1.png","type":"image\/png"}],"twitter_card":"summary_large_image","twitter_misc":{"Dur\u00e9e de lecture estim\u00e9e":"2 minutes"},"schema":{"@context":"https:\/\/schema.org","@graph":[{"@type":"WebPage","@id":"https:\/\/crocjeux.com\/index.php\/produit\/shadow-hunters\/","url":"https:\/\/crocjeux.com\/index.php\/produit\/shadow-hunters\/","name":"Shadow Hunters - Croc Jeux","isPartOf":{"@id":"https:\/\/crocjeux.com\/#website"},"primaryImageOfPage":{"@id":"https:\/\/crocjeux.com\/index.php\/produit\/shadow-hunters\/#primaryimage"},"image":{"@id":"https:\/\/crocjeux.com\/index.php\/produit\/shadow-hunters\/#primaryimage"},"thumbnailUrl":"https:\/\/crocjeux.com\/wp-content\/uploads\/2024\/06\/Wyrmspan1.png","datePublished":"2024-06-26T09:08:37+00:00","description":"Dans Shadow Hunters, vous devrez cacher votre vraie nature le plus longtemps possible et \u00e9liminer vos adversaires apr\u00e8s les avoir d\u00e9masqu\u00e9s. Vous voyagerez au travers le monde pour identifier vos alli\u00e9s ou collecter de puissants artefacts.Ce jeu de plateau rapide (environ 30 minutes) se joue avec des r\u00e8gles tr\u00e8s simples autour d'un th\u00e8me inspir\u00e9 de l'univers manga.","breadcrumb":{"@id":"https:\/\/crocjeux.com\/index.php\/produit\/shadow-hunters\/#breadcrumb"},"inLanguage":"fr-FR","potentialAction":[{"@type":"ReadAction","target":["https:\/\/crocjeux.com\/index.php\/produit\/shadow-hunters\/"]}]},{"@type":"ImageObject","inLanguage":"fr-FR","@id":"https:\/\/crocjeux.com\/index.php\/produit\/shadow-hunters\/#primaryimage","url":"https:\/\/crocjeux.com\/wp-content\/uploads\/2024\/06\/Wyrmspan1.png","contentUrl":"https:\/\/crocjeux.com\/wp-content\/uploads\/2024\/06\/Wyrmspan1.png","width":1080,"height":1080},{"@type":"BreadcrumbList","@id":"https:\/\/crocjeux.com\/index.php\/produit\/shadow-hunters\/#breadcrumb","itemListElement":[{"@type":"ListItem","position":1,"name":"Accueil","item":"https:\/\/crocjeux.com\/"},{"@type":"ListItem","position":2,"name":"Boutique","item":"https:\/\/crocjeux.com\/"},{"@type":"ListItem","position":3,"name":"Shadow Hunters"}]},{"@type":"WebSite","@id":"https:\/\/crocjeux.com\/#website","url":"https:\/\/crocjeux.com\/","name":"Croc Jeux","description":"Bienvenue chez Croc Jeux!","publisher":{"@id":"https:\/\/crocjeux.com\/#organization"},"potentialAction":[{"@type":"SearchAction","target":{"@type":"EntryPoint","urlTemplate":"https:\/\/crocjeux.com\/?s={search_term_string}"},"query-input":{"@type":"PropertyValueSpecification","valueRequired":true,"valueName":"search_term_string"}}],"inLanguage":"fr-FR"},{"@type":"Organization","@id":"https:\/\/crocjeux.com\/#organization","name":"Croc Jeux","url":"https:\/\/crocjeux.com\/","logo":{"@type":"ImageObject","inLanguage":"fr-FR","@id":"https:\/\/crocjeux.com\/#\/schema\/logo\/image\/","url":"https:\/\/crocjeux.com\/wp-content\/uploads\/2022\/01\/cropped-logo-croc-etape-1-e1644574034239.jpg","contentUrl":"https:\/\/crocjeux.com\/wp-content\/uploads\/2022\/01\/cropped-logo-croc-etape-1-e1644574034239.jpg","width":1224,"height":314,"caption":"Croc Jeux"},"image":{"@id":"https:\/\/crocjeux.com\/#\/schema\/logo\/image\/"}}]}},"_links":{"self":[{"href":"https:\/\/crocjeux.com\/index.php\/wp-json\/wp\/v2\/product\/6161","targetHints":{"allow":["GET"]}}],"collection":[{"href":"https:\/\/crocjeux.com\/index.php\/wp-json\/wp\/v2\/product"}],"about":[{"href":"https:\/\/crocjeux.com\/index.php\/wp-json\/wp\/v2\/types\/product"}],"replies":[{"embeddable":true,"href":"https:\/\/crocjeux.com\/index.php\/wp-json\/wp\/v2\/comments?post=6161"}],"wp:featuredmedia":[{"embeddable":true,"href":"https:\/\/crocjeux.com\/index.php\/wp-json\/wp\/v2\/media\/6162"}],"wp:attachment":[{"href":"https:\/\/crocjeux.com\/index.php\/wp-json\/wp\/v2\/media?parent=6161"}],"wp:term":[{"taxonomy":"product_brand","embeddable":true,"href":"https:\/\/crocjeux.com\/index.php\/wp-json\/wp\/v2\/product_brand?post=6161"},{"taxonomy":"product_cat","embeddable":true,"href":"https:\/\/crocjeux.com\/index.php\/wp-json\/wp\/v2\/product_cat?post=6161"},{"taxonomy":"product_tag","embeddable":true,"href":"https:\/\/crocjeux.com\/index.php\/wp-json\/wp\/v2\/product_tag?post=6161"}],"curies":[{"name":"wp","href":"https:\/\/api.w.org\/{rel}","templated":true}]}}