{"id":620,"date":"2020-11-07T16:16:16","date_gmt":"2020-11-07T15:16:16","guid":{"rendered":"https:\/\/crocjeux.com\/?post_type=product&#038;p=620"},"modified":"2024-07-11T11:27:46","modified_gmt":"2024-07-11T10:27:46","slug":"lile-interdite","status":"publish","type":"product","link":"https:\/\/crocjeux.com\/index.php\/produit\/lile-interdite\/","title":{"rendered":"L&rsquo;\u00cele Interdite"},"content":{"rendered":"<p align=\"justify\">L&rsquo;\u00cele Interdite \u00e9tait le c\u0153ur mystique de l\u2019ancien empire des Atlantes. La l\u00e9gende raconte qu\u2019ils avaient le pouvoir de contr\u00f4ler les quatre \u00e9l\u00e9ments \u2013 le feu, le vent, l\u2019eau et la terre \u2013 au moyen de tr\u00e9sors \u00e0 la valeur inestimable : le Cristal ardent, la Statue du z\u00e9phyr, le Calice de l\u2019onde et la Pierre sacr\u00e9e. Ainsi, les Atlantes gardaient les tr\u00e9sors cach\u00e9s sur l\u2019\u00cele Interdite qui \u00e9tait con\u00e7ue pour s\u2019enfoncer dans les flots si des intrus y mettaient les pieds.Durant les longs si\u00e8cles qui nous s\u00e9parent de la myst\u00e9rieuse disparition de leur empire, l\u2019\u00cele Interdite demeurait introuvable\u2026 jusqu\u2019\u00e0 aujourd\u2019hui.<\/p>\n<p align=\"justify\">Ensemble, tentez l\u2019aventure\u00a0!<\/p>\n<p align=\"justify\">Osez d\u00e9barquer sur l\u2019\u00eele interdite ! Formez une \u00e9quipe d\u2019intr\u00e9pides aventuriers et coop\u00e9rez pour r\u00e9ussir une mission insens\u00e9e : r\u00e9cup\u00e9rer 4 tr\u00e9sors sacr\u00e9s au milieu des ruines. Le p\u00e9ril vous guette car l\u2019\u00eele s\u2019enfonce dans les flots. L\u2019entraide sera la seule solution pour r\u00e9ussir\u00a0!<\/p>\n","protected":false},"excerpt":{"rendered":"<p>L&rsquo;\u00cele Interdite \u00e9tait le c\u0153ur mystique de l\u2019ancien empire des Atlantes. La l\u00e9gende raconte qu\u2019ils avaient le pouvoir de contr\u00f4ler<\/p>\n","protected":false},"featured_media":621,"comment_status":"open","ping_status":"closed","template":"","meta":{"colormag_page_container_layout":"default_layout","colormag_page_sidebar_layout":"default_layout"},"product_brand":[],"product_cat":[30,29],"product_tag":[],"class_list":{"0":"post-620","1":"product","2":"type-product","3":"status-publish","4":"has-post-thumbnail","6":"product_cat-jeux-collaboratifs","7":"product_cat-jeux-2-joueurs","9":"first","10":"instock","11":"taxable","12":"shipping-taxable","13":"purchasable","14":"product-type-simple"},"yoast_head":"<!-- This site is optimized with the Yoast SEO plugin v27.1.1 - https:\/\/yoast.com\/product\/yoast-seo-wordpress\/ -->\n<title>L&#039;\u00cele Interdite - Croc Jeux<\/title>\n<meta name=\"robots\" content=\"index, follow, max-snippet:-1, max-image-preview:large, max-video-preview:-1\" \/>\n<link rel=\"canonical\" href=\"https:\/\/crocjeux.com\/index.php\/produit\/lile-interdite\/\" \/>\n<meta property=\"og:locale\" content=\"fr_FR\" \/>\n<meta property=\"og:type\" content=\"article\" \/>\n<meta property=\"og:title\" content=\"L&#039;\u00cele Interdite - Croc Jeux\" \/>\n<meta property=\"og:description\" content=\"L&rsquo;\u00cele Interdite \u00e9tait le c\u0153ur mystique de l\u2019ancien empire des Atlantes. La l\u00e9gende raconte qu\u2019ils avaient le pouvoir de contr\u00f4ler\" \/>\n<meta property=\"og:url\" content=\"https:\/\/crocjeux.com\/index.php\/produit\/lile-interdite\/\" \/>\n<meta property=\"og:site_name\" content=\"Croc Jeux\" \/>\n<meta property=\"article:modified_time\" content=\"2024-07-11T10:27:46+00:00\" \/>\n<meta property=\"og:image\" content=\"https:\/\/crocjeux.com\/wp-content\/uploads\/2020\/11\/L-ile-interdite.jpg\" \/>\n\t<meta property=\"og:image:width\" content=\"374\" \/>\n\t<meta property=\"og:image:height\" content=\"500\" \/>\n\t<meta property=\"og:image:type\" content=\"image\/jpeg\" \/>\n<meta name=\"twitter:card\" content=\"summary_large_image\" \/>\n<meta name=\"twitter:label1\" content=\"Dur\u00e9e de lecture estim\u00e9e\" \/>\n\t<meta name=\"twitter:data1\" content=\"1 minute\" \/>\n<script type=\"application\/ld+json\" class=\"yoast-schema-graph\">{\"@context\":\"https:\/\/schema.org\",\"@graph\":[{\"@type\":\"WebPage\",\"@id\":\"https:\/\/crocjeux.com\/index.php\/produit\/lile-interdite\/\",\"url\":\"https:\/\/crocjeux.com\/index.php\/produit\/lile-interdite\/\",\"name\":\"L'\u00cele Interdite - Croc Jeux\",\"isPartOf\":{\"@id\":\"https:\/\/crocjeux.com\/#website\"},\"primaryImageOfPage\":{\"@id\":\"https:\/\/crocjeux.com\/index.php\/produit\/lile-interdite\/#primaryimage\"},\"image\":{\"@id\":\"https:\/\/crocjeux.com\/index.php\/produit\/lile-interdite\/#primaryimage\"},\"thumbnailUrl\":\"https:\/\/crocjeux.com\/wp-content\/uploads\/2020\/11\/L-ile-interdite.jpg\",\"datePublished\":\"2020-11-07T15:16:16+00:00\",\"dateModified\":\"2024-07-11T10:27:46+00:00\",\"breadcrumb\":{\"@id\":\"https:\/\/crocjeux.com\/index.php\/produit\/lile-interdite\/#breadcrumb\"},\"inLanguage\":\"fr-FR\",\"potentialAction\":[{\"@type\":\"ReadAction\",\"target\":[\"https:\/\/crocjeux.com\/index.php\/produit\/lile-interdite\/\"]}]},{\"@type\":\"ImageObject\",\"inLanguage\":\"fr-FR\",\"@id\":\"https:\/\/crocjeux.com\/index.php\/produit\/lile-interdite\/#primaryimage\",\"url\":\"https:\/\/crocjeux.com\/wp-content\/uploads\/2020\/11\/L-ile-interdite.jpg\",\"contentUrl\":\"https:\/\/crocjeux.com\/wp-content\/uploads\/2020\/11\/L-ile-interdite.jpg\",\"width\":374,\"height\":500},{\"@type\":\"BreadcrumbList\",\"@id\":\"https:\/\/crocjeux.com\/index.php\/produit\/lile-interdite\/#breadcrumb\",\"itemListElement\":[{\"@type\":\"ListItem\",\"position\":1,\"name\":\"Accueil\",\"item\":\"https:\/\/crocjeux.com\/\"},{\"@type\":\"ListItem\",\"position\":2,\"name\":\"Boutique\",\"item\":\"https:\/\/crocjeux.com\/\"},{\"@type\":\"ListItem\",\"position\":3,\"name\":\"L&#8217;\u00cele Interdite\"}]},{\"@type\":\"WebSite\",\"@id\":\"https:\/\/crocjeux.com\/#website\",\"url\":\"https:\/\/crocjeux.com\/\",\"name\":\"Croc Jeux\",\"description\":\"Bienvenue chez Croc Jeux!\",\"publisher\":{\"@id\":\"https:\/\/crocjeux.com\/#organization\"},\"potentialAction\":[{\"@type\":\"SearchAction\",\"target\":{\"@type\":\"EntryPoint\",\"urlTemplate\":\"https:\/\/crocjeux.com\/?s={search_term_string}\"},\"query-input\":{\"@type\":\"PropertyValueSpecification\",\"valueRequired\":true,\"valueName\":\"search_term_string\"}}],\"inLanguage\":\"fr-FR\"},{\"@type\":\"Organization\",\"@id\":\"https:\/\/crocjeux.com\/#organization\",\"name\":\"Croc Jeux\",\"url\":\"https:\/\/crocjeux.com\/\",\"logo\":{\"@type\":\"ImageObject\",\"inLanguage\":\"fr-FR\",\"@id\":\"https:\/\/crocjeux.com\/#\/schema\/logo\/image\/\",\"url\":\"https:\/\/crocjeux.com\/wp-content\/uploads\/2022\/01\/cropped-logo-croc-etape-1-e1644574034239.jpg\",\"contentUrl\":\"https:\/\/crocjeux.com\/wp-content\/uploads\/2022\/01\/cropped-logo-croc-etape-1-e1644574034239.jpg\",\"width\":1224,\"height\":314,\"caption\":\"Croc Jeux\"},\"image\":{\"@id\":\"https:\/\/crocjeux.com\/#\/schema\/logo\/image\/\"}}]}<\/script>\n<!-- \/ Yoast SEO plugin. -->","yoast_head_json":{"title":"L'\u00cele Interdite - Croc Jeux","robots":{"index":"index","follow":"follow","max-snippet":"max-snippet:-1","max-image-preview":"max-image-preview:large","max-video-preview":"max-video-preview:-1"},"canonical":"https:\/\/crocjeux.com\/index.php\/produit\/lile-interdite\/","og_locale":"fr_FR","og_type":"article","og_title":"L'\u00cele Interdite - Croc Jeux","og_description":"L&rsquo;\u00cele Interdite \u00e9tait le c\u0153ur mystique de l\u2019ancien empire des Atlantes. La l\u00e9gende raconte qu\u2019ils avaient le pouvoir de contr\u00f4ler","og_url":"https:\/\/crocjeux.com\/index.php\/produit\/lile-interdite\/","og_site_name":"Croc Jeux","article_modified_time":"2024-07-11T10:27:46+00:00","og_image":[{"width":374,"height":500,"url":"https:\/\/crocjeux.com\/wp-content\/uploads\/2020\/11\/L-ile-interdite.jpg","type":"image\/jpeg"}],"twitter_card":"summary_large_image","twitter_misc":{"Dur\u00e9e de lecture estim\u00e9e":"1 minute"},"schema":{"@context":"https:\/\/schema.org","@graph":[{"@type":"WebPage","@id":"https:\/\/crocjeux.com\/index.php\/produit\/lile-interdite\/","url":"https:\/\/crocjeux.com\/index.php\/produit\/lile-interdite\/","name":"L'\u00cele Interdite - Croc Jeux","isPartOf":{"@id":"https:\/\/crocjeux.com\/#website"},"primaryImageOfPage":{"@id":"https:\/\/crocjeux.com\/index.php\/produit\/lile-interdite\/#primaryimage"},"image":{"@id":"https:\/\/crocjeux.com\/index.php\/produit\/lile-interdite\/#primaryimage"},"thumbnailUrl":"https:\/\/crocjeux.com\/wp-content\/uploads\/2020\/11\/L-ile-interdite.jpg","datePublished":"2020-11-07T15:16:16+00:00","dateModified":"2024-07-11T10:27:46+00:00","breadcrumb":{"@id":"https:\/\/crocjeux.com\/index.php\/produit\/lile-interdite\/#breadcrumb"},"inLanguage":"fr-FR","potentialAction":[{"@type":"ReadAction","target":["https:\/\/crocjeux.com\/index.php\/produit\/lile-interdite\/"]}]},{"@type":"ImageObject","inLanguage":"fr-FR","@id":"https:\/\/crocjeux.com\/index.php\/produit\/lile-interdite\/#primaryimage","url":"https:\/\/crocjeux.com\/wp-content\/uploads\/2020\/11\/L-ile-interdite.jpg","contentUrl":"https:\/\/crocjeux.com\/wp-content\/uploads\/2020\/11\/L-ile-interdite.jpg","width":374,"height":500},{"@type":"BreadcrumbList","@id":"https:\/\/crocjeux.com\/index.php\/produit\/lile-interdite\/#breadcrumb","itemListElement":[{"@type":"ListItem","position":1,"name":"Accueil","item":"https:\/\/crocjeux.com\/"},{"@type":"ListItem","position":2,"name":"Boutique","item":"https:\/\/crocjeux.com\/"},{"@type":"ListItem","position":3,"name":"L&#8217;\u00cele Interdite"}]},{"@type":"WebSite","@id":"https:\/\/crocjeux.com\/#website","url":"https:\/\/crocjeux.com\/","name":"Croc Jeux","description":"Bienvenue chez Croc Jeux!","publisher":{"@id":"https:\/\/crocjeux.com\/#organization"},"potentialAction":[{"@type":"SearchAction","target":{"@type":"EntryPoint","urlTemplate":"https:\/\/crocjeux.com\/?s={search_term_string}"},"query-input":{"@type":"PropertyValueSpecification","valueRequired":true,"valueName":"search_term_string"}}],"inLanguage":"fr-FR"},{"@type":"Organization","@id":"https:\/\/crocjeux.com\/#organization","name":"Croc Jeux","url":"https:\/\/crocjeux.com\/","logo":{"@type":"ImageObject","inLanguage":"fr-FR","@id":"https:\/\/crocjeux.com\/#\/schema\/logo\/image\/","url":"https:\/\/crocjeux.com\/wp-content\/uploads\/2022\/01\/cropped-logo-croc-etape-1-e1644574034239.jpg","contentUrl":"https:\/\/crocjeux.com\/wp-content\/uploads\/2022\/01\/cropped-logo-croc-etape-1-e1644574034239.jpg","width":1224,"height":314,"caption":"Croc Jeux"},"image":{"@id":"https:\/\/crocjeux.com\/#\/schema\/logo\/image\/"}}]}},"_links":{"self":[{"href":"https:\/\/crocjeux.com\/index.php\/wp-json\/wp\/v2\/product\/620","targetHints":{"allow":["GET"]}}],"collection":[{"href":"https:\/\/crocjeux.com\/index.php\/wp-json\/wp\/v2\/product"}],"about":[{"href":"https:\/\/crocjeux.com\/index.php\/wp-json\/wp\/v2\/types\/product"}],"replies":[{"embeddable":true,"href":"https:\/\/crocjeux.com\/index.php\/wp-json\/wp\/v2\/comments?post=620"}],"wp:featuredmedia":[{"embeddable":true,"href":"https:\/\/crocjeux.com\/index.php\/wp-json\/wp\/v2\/media\/621"}],"wp:attachment":[{"href":"https:\/\/crocjeux.com\/index.php\/wp-json\/wp\/v2\/media?parent=620"}],"wp:term":[{"taxonomy":"product_brand","embeddable":true,"href":"https:\/\/crocjeux.com\/index.php\/wp-json\/wp\/v2\/product_brand?post=620"},{"taxonomy":"product_cat","embeddable":true,"href":"https:\/\/crocjeux.com\/index.php\/wp-json\/wp\/v2\/product_cat?post=620"},{"taxonomy":"product_tag","embeddable":true,"href":"https:\/\/crocjeux.com\/index.php\/wp-json\/wp\/v2\/product_tag?post=620"}],"curies":[{"name":"wp","href":"https:\/\/api.w.org\/{rel}","templated":true}]}}