{"id":6259,"date":"2024-07-13T16:52:19","date_gmt":"2024-07-13T15:52:19","guid":{"rendered":"https:\/\/crocjeux.com\/?post_type=product&#038;p=6259"},"modified":"2024-10-17T14:21:56","modified_gmt":"2024-10-17T13:21:56","slug":"avatar-legendes-set-de-des","status":"publish","type":"product","link":"https:\/\/crocjeux.com\/index.php\/produit\/avatar-legendes-set-de-des\/","title":{"rendered":"Avatar L\u00e9gendes &#8211; Set de D\u00e9s"},"content":{"rendered":"<p>Partez \u00e0 l\u2019aventure \u00e0 travers les quatre nations !<\/p>\n<p><strong>Avatar L\u00e9gendes : le jeu de r\u00f4le officiel<\/strong> vous am\u00e8ne, vous et vos amis, dans votre univers pr\u00e9f\u00e9r\u00e9, en tant que h\u00e9ros de vos propres histoires ! Tissez des r\u00e9cits de d\u00e9couverte de soi et d\u2019action avec votre \u00e9quipe d\u2019amis, et faites de la luge sur des manchots pendant que vous y \u00eates !<\/p>\n<p>Dans ce jeu de r\u00f4le, vous pourrez affronter la Triade de la Triple Terreur dans la Cit\u00e9 de la R\u00e9publique, voyager \u00e0 travers un portail spirituel pour sauver un enfant disparu, n\u00e9gocier la paix entre les hors-la-loi du Royaume de la Terre et le conseil des sages, poursuivre des ennemis et des myst\u00e8res \u00e0 travers les Quatre Nations, et m\u00eame apprendre une ou deux choses de vos personnages bien-aim\u00e9s d\u2019<em>Avatar L\u00e9gendes<\/em>.<\/p>\n<ul>\n<li>Choisissez un cadre parmi les \u00e9poques de Kyoshi, Roku, la Guerre de Cent Ans, Aang et Korra.<\/li>\n<li>Cr\u00e9ez vos h\u00e9ros \u00e0 partir de 10 livrets de personnage, des arch\u00e9types qui vous aideront \u00e0 incarner des protagonistes convaincants.<\/li>\n<li>Ma\u00eetrisez un \u00e9l\u00e9ment, une arme ou une technologie pour vous \u00e9lever et accomplir votre destin.<\/li>\n<li>Recherchez l\u2019\u00e9quilibre en apprenant aupr\u00e8s de grands mentors et en vous mettant dans le p\u00e9trin \u00e0 travers les quatre nations.<\/li>\n<\/ul>\n<p><em>Avatar L\u00e9gendes, le jeu de r\u00f4le officiel<\/em> est un ouvrage en couvertue cartonn\u00e9e de 312 pages tout en couleur qui contient tout ce dont vous avez besoin pour vous lancer dans l&rsquo;aventure dans les Quatre Nations.<\/p>\n","protected":false},"excerpt":{"rendered":"<p>Partez \u00e0 l\u2019aventure \u00e0 travers les quatre nations ! Avatar L\u00e9gendes : le jeu de r\u00f4le officiel vous am\u00e8ne, vous<\/p>\n","protected":false},"featured_media":6252,"comment_status":"open","ping_status":"closed","template":"","meta":{"colormag_page_container_layout":"default_layout","colormag_page_sidebar_layout":"default_layout"},"product_brand":[],"product_cat":[30,35,36],"product_tag":[],"class_list":{"0":"post-6259","1":"product","2":"type-product","3":"status-publish","4":"has-post-thumbnail","6":"product_cat-jeux-collaboratifs","7":"product_cat-jeux-jdr","8":"product_cat-jeux-familiaux","10":"first","11":"instock","12":"taxable","13":"shipping-taxable","14":"purchasable","15":"product-type-simple"},"yoast_head":"<!-- This site is optimized with the Yoast SEO plugin v27.3 - https:\/\/yoast.com\/product\/yoast-seo-wordpress\/ -->\n<title>Avatar L\u00e9gendes - Set de D\u00e9s - Croc Jeux<\/title>\n<meta name=\"robots\" content=\"index, follow, max-snippet:-1, max-image-preview:large, max-video-preview:-1\" \/>\n<link rel=\"canonical\" href=\"https:\/\/crocjeux.com\/index.php\/produit\/avatar-legendes-set-de-des\/\" \/>\n<meta property=\"og:locale\" content=\"fr_FR\" \/>\n<meta property=\"og:type\" content=\"article\" \/>\n<meta property=\"og:title\" content=\"Avatar L\u00e9gendes - Set de D\u00e9s - Croc Jeux\" \/>\n<meta property=\"og:description\" content=\"Partez \u00e0 l\u2019aventure \u00e0 travers les quatre nations ! Avatar L\u00e9gendes : le jeu de r\u00f4le officiel vous am\u00e8ne, vous\" \/>\n<meta property=\"og:url\" content=\"https:\/\/crocjeux.com\/index.php\/produit\/avatar-legendes-set-de-des\/\" \/>\n<meta property=\"og:site_name\" content=\"Croc Jeux\" \/>\n<meta property=\"article:modified_time\" content=\"2024-10-17T13:21:56+00:00\" \/>\n<meta property=\"og:image\" content=\"https:\/\/crocjeux.com\/wp-content\/uploads\/2024\/07\/avatar-jdr-des.png\" \/>\n\t<meta property=\"og:image:width\" content=\"1080\" \/>\n\t<meta property=\"og:image:height\" content=\"1080\" \/>\n\t<meta property=\"og:image:type\" content=\"image\/png\" \/>\n<meta name=\"twitter:card\" content=\"summary_large_image\" \/>\n<meta name=\"twitter:label1\" content=\"Dur\u00e9e de lecture estim\u00e9e\" \/>\n\t<meta name=\"twitter:data1\" content=\"2 minutes\" \/>\n<script type=\"application\/ld+json\" class=\"yoast-schema-graph\">{\"@context\":\"https:\\\/\\\/schema.org\",\"@graph\":[{\"@type\":\"WebPage\",\"@id\":\"https:\\\/\\\/crocjeux.com\\\/index.php\\\/produit\\\/avatar-legendes-set-de-des\\\/\",\"url\":\"https:\\\/\\\/crocjeux.com\\\/index.php\\\/produit\\\/avatar-legendes-set-de-des\\\/\",\"name\":\"Avatar L\u00e9gendes - Set de D\u00e9s - Croc Jeux\",\"isPartOf\":{\"@id\":\"https:\\\/\\\/crocjeux.com\\\/#website\"},\"primaryImageOfPage\":{\"@id\":\"https:\\\/\\\/crocjeux.com\\\/index.php\\\/produit\\\/avatar-legendes-set-de-des\\\/#primaryimage\"},\"image\":{\"@id\":\"https:\\\/\\\/crocjeux.com\\\/index.php\\\/produit\\\/avatar-legendes-set-de-des\\\/#primaryimage\"},\"thumbnailUrl\":\"https:\\\/\\\/crocjeux.com\\\/wp-content\\\/uploads\\\/2024\\\/07\\\/avatar-jdr-des.png\",\"datePublished\":\"2024-07-13T15:52:19+00:00\",\"dateModified\":\"2024-10-17T13:21:56+00:00\",\"breadcrumb\":{\"@id\":\"https:\\\/\\\/crocjeux.com\\\/index.php\\\/produit\\\/avatar-legendes-set-de-des\\\/#breadcrumb\"},\"inLanguage\":\"fr-FR\",\"potentialAction\":[{\"@type\":\"ReadAction\",\"target\":[\"https:\\\/\\\/crocjeux.com\\\/index.php\\\/produit\\\/avatar-legendes-set-de-des\\\/\"]}]},{\"@type\":\"ImageObject\",\"inLanguage\":\"fr-FR\",\"@id\":\"https:\\\/\\\/crocjeux.com\\\/index.php\\\/produit\\\/avatar-legendes-set-de-des\\\/#primaryimage\",\"url\":\"https:\\\/\\\/crocjeux.com\\\/wp-content\\\/uploads\\\/2024\\\/07\\\/avatar-jdr-des.png\",\"contentUrl\":\"https:\\\/\\\/crocjeux.com\\\/wp-content\\\/uploads\\\/2024\\\/07\\\/avatar-jdr-des.png\",\"width\":1080,\"height\":1080},{\"@type\":\"BreadcrumbList\",\"@id\":\"https:\\\/\\\/crocjeux.com\\\/index.php\\\/produit\\\/avatar-legendes-set-de-des\\\/#breadcrumb\",\"itemListElement\":[{\"@type\":\"ListItem\",\"position\":1,\"name\":\"Accueil\",\"item\":\"https:\\\/\\\/crocjeux.com\\\/\"},{\"@type\":\"ListItem\",\"position\":2,\"name\":\"Boutique\",\"item\":\"https:\\\/\\\/crocjeux.com\\\/\"},{\"@type\":\"ListItem\",\"position\":3,\"name\":\"Avatar L\u00e9gendes &#8211; Set de D\u00e9s\"}]},{\"@type\":\"WebSite\",\"@id\":\"https:\\\/\\\/crocjeux.com\\\/#website\",\"url\":\"https:\\\/\\\/crocjeux.com\\\/\",\"name\":\"Croc Jeux\",\"description\":\"Bienvenue chez Croc Jeux!\",\"publisher\":{\"@id\":\"https:\\\/\\\/crocjeux.com\\\/#organization\"},\"potentialAction\":[{\"@type\":\"SearchAction\",\"target\":{\"@type\":\"EntryPoint\",\"urlTemplate\":\"https:\\\/\\\/crocjeux.com\\\/?s={search_term_string}\"},\"query-input\":{\"@type\":\"PropertyValueSpecification\",\"valueRequired\":true,\"valueName\":\"search_term_string\"}}],\"inLanguage\":\"fr-FR\"},{\"@type\":\"Organization\",\"@id\":\"https:\\\/\\\/crocjeux.com\\\/#organization\",\"name\":\"Croc Jeux\",\"url\":\"https:\\\/\\\/crocjeux.com\\\/\",\"logo\":{\"@type\":\"ImageObject\",\"inLanguage\":\"fr-FR\",\"@id\":\"https:\\\/\\\/crocjeux.com\\\/#\\\/schema\\\/logo\\\/image\\\/\",\"url\":\"https:\\\/\\\/crocjeux.com\\\/wp-content\\\/uploads\\\/2022\\\/01\\\/cropped-logo-croc-etape-1-e1644574034239.jpg\",\"contentUrl\":\"https:\\\/\\\/crocjeux.com\\\/wp-content\\\/uploads\\\/2022\\\/01\\\/cropped-logo-croc-etape-1-e1644574034239.jpg\",\"width\":1224,\"height\":314,\"caption\":\"Croc Jeux\"},\"image\":{\"@id\":\"https:\\\/\\\/crocjeux.com\\\/#\\\/schema\\\/logo\\\/image\\\/\"}}]}<\/script>\n<!-- \/ Yoast SEO plugin. -->","yoast_head_json":{"title":"Avatar L\u00e9gendes - Set de D\u00e9s - Croc Jeux","robots":{"index":"index","follow":"follow","max-snippet":"max-snippet:-1","max-image-preview":"max-image-preview:large","max-video-preview":"max-video-preview:-1"},"canonical":"https:\/\/crocjeux.com\/index.php\/produit\/avatar-legendes-set-de-des\/","og_locale":"fr_FR","og_type":"article","og_title":"Avatar L\u00e9gendes - Set de D\u00e9s - Croc Jeux","og_description":"Partez \u00e0 l\u2019aventure \u00e0 travers les quatre nations ! Avatar L\u00e9gendes : le jeu de r\u00f4le officiel vous am\u00e8ne, vous","og_url":"https:\/\/crocjeux.com\/index.php\/produit\/avatar-legendes-set-de-des\/","og_site_name":"Croc Jeux","article_modified_time":"2024-10-17T13:21:56+00:00","og_image":[{"width":1080,"height":1080,"url":"https:\/\/crocjeux.com\/wp-content\/uploads\/2024\/07\/avatar-jdr-des.png","type":"image\/png"}],"twitter_card":"summary_large_image","twitter_misc":{"Dur\u00e9e de lecture estim\u00e9e":"2 minutes"},"schema":{"@context":"https:\/\/schema.org","@graph":[{"@type":"WebPage","@id":"https:\/\/crocjeux.com\/index.php\/produit\/avatar-legendes-set-de-des\/","url":"https:\/\/crocjeux.com\/index.php\/produit\/avatar-legendes-set-de-des\/","name":"Avatar L\u00e9gendes - Set de D\u00e9s - Croc Jeux","isPartOf":{"@id":"https:\/\/crocjeux.com\/#website"},"primaryImageOfPage":{"@id":"https:\/\/crocjeux.com\/index.php\/produit\/avatar-legendes-set-de-des\/#primaryimage"},"image":{"@id":"https:\/\/crocjeux.com\/index.php\/produit\/avatar-legendes-set-de-des\/#primaryimage"},"thumbnailUrl":"https:\/\/crocjeux.com\/wp-content\/uploads\/2024\/07\/avatar-jdr-des.png","datePublished":"2024-07-13T15:52:19+00:00","dateModified":"2024-10-17T13:21:56+00:00","breadcrumb":{"@id":"https:\/\/crocjeux.com\/index.php\/produit\/avatar-legendes-set-de-des\/#breadcrumb"},"inLanguage":"fr-FR","potentialAction":[{"@type":"ReadAction","target":["https:\/\/crocjeux.com\/index.php\/produit\/avatar-legendes-set-de-des\/"]}]},{"@type":"ImageObject","inLanguage":"fr-FR","@id":"https:\/\/crocjeux.com\/index.php\/produit\/avatar-legendes-set-de-des\/#primaryimage","url":"https:\/\/crocjeux.com\/wp-content\/uploads\/2024\/07\/avatar-jdr-des.png","contentUrl":"https:\/\/crocjeux.com\/wp-content\/uploads\/2024\/07\/avatar-jdr-des.png","width":1080,"height":1080},{"@type":"BreadcrumbList","@id":"https:\/\/crocjeux.com\/index.php\/produit\/avatar-legendes-set-de-des\/#breadcrumb","itemListElement":[{"@type":"ListItem","position":1,"name":"Accueil","item":"https:\/\/crocjeux.com\/"},{"@type":"ListItem","position":2,"name":"Boutique","item":"https:\/\/crocjeux.com\/"},{"@type":"ListItem","position":3,"name":"Avatar L\u00e9gendes &#8211; Set de D\u00e9s"}]},{"@type":"WebSite","@id":"https:\/\/crocjeux.com\/#website","url":"https:\/\/crocjeux.com\/","name":"Croc Jeux","description":"Bienvenue chez Croc Jeux!","publisher":{"@id":"https:\/\/crocjeux.com\/#organization"},"potentialAction":[{"@type":"SearchAction","target":{"@type":"EntryPoint","urlTemplate":"https:\/\/crocjeux.com\/?s={search_term_string}"},"query-input":{"@type":"PropertyValueSpecification","valueRequired":true,"valueName":"search_term_string"}}],"inLanguage":"fr-FR"},{"@type":"Organization","@id":"https:\/\/crocjeux.com\/#organization","name":"Croc Jeux","url":"https:\/\/crocjeux.com\/","logo":{"@type":"ImageObject","inLanguage":"fr-FR","@id":"https:\/\/crocjeux.com\/#\/schema\/logo\/image\/","url":"https:\/\/crocjeux.com\/wp-content\/uploads\/2022\/01\/cropped-logo-croc-etape-1-e1644574034239.jpg","contentUrl":"https:\/\/crocjeux.com\/wp-content\/uploads\/2022\/01\/cropped-logo-croc-etape-1-e1644574034239.jpg","width":1224,"height":314,"caption":"Croc Jeux"},"image":{"@id":"https:\/\/crocjeux.com\/#\/schema\/logo\/image\/"}}]}},"_links":{"self":[{"href":"https:\/\/crocjeux.com\/index.php\/wp-json\/wp\/v2\/product\/6259","targetHints":{"allow":["GET"]}}],"collection":[{"href":"https:\/\/crocjeux.com\/index.php\/wp-json\/wp\/v2\/product"}],"about":[{"href":"https:\/\/crocjeux.com\/index.php\/wp-json\/wp\/v2\/types\/product"}],"replies":[{"embeddable":true,"href":"https:\/\/crocjeux.com\/index.php\/wp-json\/wp\/v2\/comments?post=6259"}],"wp:featuredmedia":[{"embeddable":true,"href":"https:\/\/crocjeux.com\/index.php\/wp-json\/wp\/v2\/media\/6252"}],"wp:attachment":[{"href":"https:\/\/crocjeux.com\/index.php\/wp-json\/wp\/v2\/media?parent=6259"}],"wp:term":[{"taxonomy":"product_brand","embeddable":true,"href":"https:\/\/crocjeux.com\/index.php\/wp-json\/wp\/v2\/product_brand?post=6259"},{"taxonomy":"product_cat","embeddable":true,"href":"https:\/\/crocjeux.com\/index.php\/wp-json\/wp\/v2\/product_cat?post=6259"},{"taxonomy":"product_tag","embeddable":true,"href":"https:\/\/crocjeux.com\/index.php\/wp-json\/wp\/v2\/product_tag?post=6259"}],"curies":[{"name":"wp","href":"https:\/\/api.w.org\/{rel}","templated":true}]}}