{"id":6263,"date":"2024-07-17T11:15:43","date_gmt":"2024-07-17T10:15:43","guid":{"rendered":"https:\/\/crocjeux.com\/?post_type=product&#038;p=6263"},"modified":"2024-10-17T14:21:42","modified_gmt":"2024-10-17T13:21:42","slug":"guilty-houston-2015","status":"publish","type":"product","link":"https:\/\/crocjeux.com\/index.php\/produit\/guilty-houston-2015\/","title":{"rendered":"Guilty : Houston 2015"},"content":{"rendered":"<p>Plongez dans l&rsquo;univers sombre et captivant de \u00ab\u00a0Guilty\u00a0\u00bb ! Avec un r\u00e9alisme saisissant, chaque bo\u00eete de cette s\u00e9rie vous propose une enqu\u00eate palpitante o\u00f9 vos choix influent sur le destin de la victime, des suspects, voire sur le v\u00f4tre.<\/p>\n<p>Dans ce d\u00e9dale de mensonges, de fausses pistes et de r\u00e9v\u00e9lations bouleversantes, quelles pistes choisirez-vous d&rsquo;explorer ? Chaque carte jou\u00e9e vous rapproche de la v\u00e9rit\u00e9, mais aussi du danger. Dans ce jeu o\u00f9 chaque d\u00e9tail compte, vous devrez assembler les pi\u00e8ces du puzzle tout en surveillant la pile de cartes Temps.<\/p>\n<p>Serez-vous l&rsquo;enqu\u00eateur m\u00e9thodique qui suit les indices jusqu&rsquo;au bout ou l&rsquo;instinctif pr\u00eat \u00e0 prendre des risques calcul\u00e9s pour confondre le coupable ? Attention, le moindre faux pas peut vous conduire dans une impasse, voire pire.<\/p>\n<p>\u00ab\u00a0Guilty\u00a0\u00bb offre une exp\u00e9rience de jeu immersive qui vous tiendra en haleine jusqu&rsquo;\u00e0 la r\u00e9v\u00e9lation finale. Chaque \u00e9dition constitue un nouveau d\u00e9fi, une nouvelle histoire et une occasion in\u00e9dite de mettre \u00e0 l&rsquo;\u00e9preuve vos comp\u00e9tences en d\u00e9duction.<\/p>\n<p>Si vous avez l&rsquo;\u00e2me d&rsquo;un d\u00e9tective et que vous recherchez une exp\u00e9rience de jeu stimulante, \u00ab\u00a0Guilty\u00a0\u00bb est fait pour vous. Alors, \u00eates-vous pr\u00eat \u00e0 prendre en main votre destin et \u00e0 r\u00e9soudre les enqu\u00eates les plus complexes ? Le compte \u00e0 rebours est enclench\u00e9.<\/p>\n","protected":false},"excerpt":{"rendered":"<p>Plongez dans l&rsquo;univers sombre et captivant de \u00ab\u00a0Guilty\u00a0\u00bb ! Avec un r\u00e9alisme saisissant, chaque bo\u00eete de cette s\u00e9rie vous propose<\/p>\n","protected":false},"featured_media":6264,"comment_status":"open","ping_status":"closed","template":"","meta":{"colormag_page_container_layout":"default_layout","colormag_page_sidebar_layout":"default_layout"},"product_brand":[],"product_cat":[45,44],"product_tag":[],"class_list":{"0":"post-6263","1":"product","2":"type-product","3":"status-publish","4":"has-post-thumbnail","6":"product_cat-escape-room-escape-enquete","7":"product_cat-jeux-solo","9":"first","10":"instock","11":"taxable","12":"shipping-taxable","13":"purchasable","14":"product-type-simple"},"yoast_head":"<!-- This site is optimized with the Yoast SEO plugin v27.4 - https:\/\/yoast.com\/product\/yoast-seo-wordpress\/ -->\n<title>Guilty : Houston 2015 - Croc Jeux<\/title>\n<meta name=\"robots\" content=\"index, follow, max-snippet:-1, max-image-preview:large, max-video-preview:-1\" \/>\n<link rel=\"canonical\" href=\"https:\/\/crocjeux.com\/index.php\/produit\/guilty-houston-2015\/\" \/>\n<meta property=\"og:locale\" content=\"fr_FR\" \/>\n<meta property=\"og:type\" content=\"article\" \/>\n<meta property=\"og:title\" content=\"Guilty : Houston 2015 - Croc Jeux\" \/>\n<meta property=\"og:description\" content=\"Plongez dans l&rsquo;univers sombre et captivant de \u00ab\u00a0Guilty\u00a0\u00bb ! Avec un r\u00e9alisme saisissant, chaque bo\u00eete de cette s\u00e9rie vous propose\" \/>\n<meta property=\"og:url\" content=\"https:\/\/crocjeux.com\/index.php\/produit\/guilty-houston-2015\/\" \/>\n<meta property=\"og:site_name\" content=\"Croc Jeux\" \/>\n<meta property=\"article:modified_time\" content=\"2024-10-17T13:21:42+00:00\" \/>\n<meta property=\"og:image\" content=\"https:\/\/crocjeux.com\/wp-content\/uploads\/2024\/07\/Copie-de-Copie-de-avatar-jdr1.png\" \/>\n\t<meta property=\"og:image:width\" content=\"1080\" \/>\n\t<meta property=\"og:image:height\" content=\"1080\" \/>\n\t<meta property=\"og:image:type\" content=\"image\/png\" \/>\n<meta name=\"twitter:card\" content=\"summary_large_image\" \/>\n<meta name=\"twitter:label1\" content=\"Dur\u00e9e de lecture estim\u00e9e\" \/>\n\t<meta name=\"twitter:data1\" content=\"2 minutes\" \/>\n<script type=\"application\/ld+json\" class=\"yoast-schema-graph\">{\"@context\":\"https:\\\/\\\/schema.org\",\"@graph\":[{\"@type\":\"WebPage\",\"@id\":\"https:\\\/\\\/crocjeux.com\\\/index.php\\\/produit\\\/guilty-houston-2015\\\/\",\"url\":\"https:\\\/\\\/crocjeux.com\\\/index.php\\\/produit\\\/guilty-houston-2015\\\/\",\"name\":\"Guilty : Houston 2015 - Croc Jeux\",\"isPartOf\":{\"@id\":\"https:\\\/\\\/crocjeux.com\\\/#website\"},\"primaryImageOfPage\":{\"@id\":\"https:\\\/\\\/crocjeux.com\\\/index.php\\\/produit\\\/guilty-houston-2015\\\/#primaryimage\"},\"image\":{\"@id\":\"https:\\\/\\\/crocjeux.com\\\/index.php\\\/produit\\\/guilty-houston-2015\\\/#primaryimage\"},\"thumbnailUrl\":\"https:\\\/\\\/crocjeux.com\\\/wp-content\\\/uploads\\\/2024\\\/07\\\/Copie-de-Copie-de-avatar-jdr1.png\",\"datePublished\":\"2024-07-17T10:15:43+00:00\",\"dateModified\":\"2024-10-17T13:21:42+00:00\",\"breadcrumb\":{\"@id\":\"https:\\\/\\\/crocjeux.com\\\/index.php\\\/produit\\\/guilty-houston-2015\\\/#breadcrumb\"},\"inLanguage\":\"fr-FR\",\"potentialAction\":[{\"@type\":\"ReadAction\",\"target\":[\"https:\\\/\\\/crocjeux.com\\\/index.php\\\/produit\\\/guilty-houston-2015\\\/\"]}]},{\"@type\":\"ImageObject\",\"inLanguage\":\"fr-FR\",\"@id\":\"https:\\\/\\\/crocjeux.com\\\/index.php\\\/produit\\\/guilty-houston-2015\\\/#primaryimage\",\"url\":\"https:\\\/\\\/crocjeux.com\\\/wp-content\\\/uploads\\\/2024\\\/07\\\/Copie-de-Copie-de-avatar-jdr1.png\",\"contentUrl\":\"https:\\\/\\\/crocjeux.com\\\/wp-content\\\/uploads\\\/2024\\\/07\\\/Copie-de-Copie-de-avatar-jdr1.png\",\"width\":1080,\"height\":1080},{\"@type\":\"BreadcrumbList\",\"@id\":\"https:\\\/\\\/crocjeux.com\\\/index.php\\\/produit\\\/guilty-houston-2015\\\/#breadcrumb\",\"itemListElement\":[{\"@type\":\"ListItem\",\"position\":1,\"name\":\"Accueil\",\"item\":\"https:\\\/\\\/crocjeux.com\\\/\"},{\"@type\":\"ListItem\",\"position\":2,\"name\":\"Boutique\",\"item\":\"https:\\\/\\\/crocjeux.com\\\/\"},{\"@type\":\"ListItem\",\"position\":3,\"name\":\"Guilty : Houston 2015\"}]},{\"@type\":\"WebSite\",\"@id\":\"https:\\\/\\\/crocjeux.com\\\/#website\",\"url\":\"https:\\\/\\\/crocjeux.com\\\/\",\"name\":\"Croc Jeux\",\"description\":\"Bienvenue chez Croc Jeux!\",\"publisher\":{\"@id\":\"https:\\\/\\\/crocjeux.com\\\/#organization\"},\"potentialAction\":[{\"@type\":\"SearchAction\",\"target\":{\"@type\":\"EntryPoint\",\"urlTemplate\":\"https:\\\/\\\/crocjeux.com\\\/?s={search_term_string}\"},\"query-input\":{\"@type\":\"PropertyValueSpecification\",\"valueRequired\":true,\"valueName\":\"search_term_string\"}}],\"inLanguage\":\"fr-FR\"},{\"@type\":\"Organization\",\"@id\":\"https:\\\/\\\/crocjeux.com\\\/#organization\",\"name\":\"Croc Jeux\",\"url\":\"https:\\\/\\\/crocjeux.com\\\/\",\"logo\":{\"@type\":\"ImageObject\",\"inLanguage\":\"fr-FR\",\"@id\":\"https:\\\/\\\/crocjeux.com\\\/#\\\/schema\\\/logo\\\/image\\\/\",\"url\":\"https:\\\/\\\/crocjeux.com\\\/wp-content\\\/uploads\\\/2022\\\/01\\\/cropped-logo-croc-etape-1-e1644574034239.jpg\",\"contentUrl\":\"https:\\\/\\\/crocjeux.com\\\/wp-content\\\/uploads\\\/2022\\\/01\\\/cropped-logo-croc-etape-1-e1644574034239.jpg\",\"width\":1224,\"height\":314,\"caption\":\"Croc Jeux\"},\"image\":{\"@id\":\"https:\\\/\\\/crocjeux.com\\\/#\\\/schema\\\/logo\\\/image\\\/\"}}]}<\/script>\n<!-- \/ Yoast SEO plugin. -->","yoast_head_json":{"title":"Guilty : Houston 2015 - Croc Jeux","robots":{"index":"index","follow":"follow","max-snippet":"max-snippet:-1","max-image-preview":"max-image-preview:large","max-video-preview":"max-video-preview:-1"},"canonical":"https:\/\/crocjeux.com\/index.php\/produit\/guilty-houston-2015\/","og_locale":"fr_FR","og_type":"article","og_title":"Guilty : Houston 2015 - Croc Jeux","og_description":"Plongez dans l&rsquo;univers sombre et captivant de \u00ab\u00a0Guilty\u00a0\u00bb ! Avec un r\u00e9alisme saisissant, chaque bo\u00eete de cette s\u00e9rie vous propose","og_url":"https:\/\/crocjeux.com\/index.php\/produit\/guilty-houston-2015\/","og_site_name":"Croc Jeux","article_modified_time":"2024-10-17T13:21:42+00:00","og_image":[{"width":1080,"height":1080,"url":"https:\/\/crocjeux.com\/wp-content\/uploads\/2024\/07\/Copie-de-Copie-de-avatar-jdr1.png","type":"image\/png"}],"twitter_card":"summary_large_image","twitter_misc":{"Dur\u00e9e de lecture estim\u00e9e":"2 minutes"},"schema":{"@context":"https:\/\/schema.org","@graph":[{"@type":"WebPage","@id":"https:\/\/crocjeux.com\/index.php\/produit\/guilty-houston-2015\/","url":"https:\/\/crocjeux.com\/index.php\/produit\/guilty-houston-2015\/","name":"Guilty : Houston 2015 - Croc Jeux","isPartOf":{"@id":"https:\/\/crocjeux.com\/#website"},"primaryImageOfPage":{"@id":"https:\/\/crocjeux.com\/index.php\/produit\/guilty-houston-2015\/#primaryimage"},"image":{"@id":"https:\/\/crocjeux.com\/index.php\/produit\/guilty-houston-2015\/#primaryimage"},"thumbnailUrl":"https:\/\/crocjeux.com\/wp-content\/uploads\/2024\/07\/Copie-de-Copie-de-avatar-jdr1.png","datePublished":"2024-07-17T10:15:43+00:00","dateModified":"2024-10-17T13:21:42+00:00","breadcrumb":{"@id":"https:\/\/crocjeux.com\/index.php\/produit\/guilty-houston-2015\/#breadcrumb"},"inLanguage":"fr-FR","potentialAction":[{"@type":"ReadAction","target":["https:\/\/crocjeux.com\/index.php\/produit\/guilty-houston-2015\/"]}]},{"@type":"ImageObject","inLanguage":"fr-FR","@id":"https:\/\/crocjeux.com\/index.php\/produit\/guilty-houston-2015\/#primaryimage","url":"https:\/\/crocjeux.com\/wp-content\/uploads\/2024\/07\/Copie-de-Copie-de-avatar-jdr1.png","contentUrl":"https:\/\/crocjeux.com\/wp-content\/uploads\/2024\/07\/Copie-de-Copie-de-avatar-jdr1.png","width":1080,"height":1080},{"@type":"BreadcrumbList","@id":"https:\/\/crocjeux.com\/index.php\/produit\/guilty-houston-2015\/#breadcrumb","itemListElement":[{"@type":"ListItem","position":1,"name":"Accueil","item":"https:\/\/crocjeux.com\/"},{"@type":"ListItem","position":2,"name":"Boutique","item":"https:\/\/crocjeux.com\/"},{"@type":"ListItem","position":3,"name":"Guilty : Houston 2015"}]},{"@type":"WebSite","@id":"https:\/\/crocjeux.com\/#website","url":"https:\/\/crocjeux.com\/","name":"Croc Jeux","description":"Bienvenue chez Croc Jeux!","publisher":{"@id":"https:\/\/crocjeux.com\/#organization"},"potentialAction":[{"@type":"SearchAction","target":{"@type":"EntryPoint","urlTemplate":"https:\/\/crocjeux.com\/?s={search_term_string}"},"query-input":{"@type":"PropertyValueSpecification","valueRequired":true,"valueName":"search_term_string"}}],"inLanguage":"fr-FR"},{"@type":"Organization","@id":"https:\/\/crocjeux.com\/#organization","name":"Croc Jeux","url":"https:\/\/crocjeux.com\/","logo":{"@type":"ImageObject","inLanguage":"fr-FR","@id":"https:\/\/crocjeux.com\/#\/schema\/logo\/image\/","url":"https:\/\/crocjeux.com\/wp-content\/uploads\/2022\/01\/cropped-logo-croc-etape-1-e1644574034239.jpg","contentUrl":"https:\/\/crocjeux.com\/wp-content\/uploads\/2022\/01\/cropped-logo-croc-etape-1-e1644574034239.jpg","width":1224,"height":314,"caption":"Croc Jeux"},"image":{"@id":"https:\/\/crocjeux.com\/#\/schema\/logo\/image\/"}}]}},"_links":{"self":[{"href":"https:\/\/crocjeux.com\/index.php\/wp-json\/wp\/v2\/product\/6263","targetHints":{"allow":["GET"]}}],"collection":[{"href":"https:\/\/crocjeux.com\/index.php\/wp-json\/wp\/v2\/product"}],"about":[{"href":"https:\/\/crocjeux.com\/index.php\/wp-json\/wp\/v2\/types\/product"}],"replies":[{"embeddable":true,"href":"https:\/\/crocjeux.com\/index.php\/wp-json\/wp\/v2\/comments?post=6263"}],"wp:featuredmedia":[{"embeddable":true,"href":"https:\/\/crocjeux.com\/index.php\/wp-json\/wp\/v2\/media\/6264"}],"wp:attachment":[{"href":"https:\/\/crocjeux.com\/index.php\/wp-json\/wp\/v2\/media?parent=6263"}],"wp:term":[{"taxonomy":"product_brand","embeddable":true,"href":"https:\/\/crocjeux.com\/index.php\/wp-json\/wp\/v2\/product_brand?post=6263"},{"taxonomy":"product_cat","embeddable":true,"href":"https:\/\/crocjeux.com\/index.php\/wp-json\/wp\/v2\/product_cat?post=6263"},{"taxonomy":"product_tag","embeddable":true,"href":"https:\/\/crocjeux.com\/index.php\/wp-json\/wp\/v2\/product_tag?post=6263"}],"curies":[{"name":"wp","href":"https:\/\/api.w.org\/{rel}","templated":true}]}}