{"id":6278,"date":"2024-07-17T13:49:28","date_gmt":"2024-07-17T12:49:28","guid":{"rendered":"https:\/\/crocjeux.com\/?post_type=product&#038;p=6278"},"modified":"2024-07-17T13:49:29","modified_gmt":"2024-07-17T12:49:29","slug":"horreur-a-arkham-jce-les-devoreurs-de-reves","status":"publish","type":"product","link":"https:\/\/crocjeux.com\/index.php\/produit\/horreur-a-arkham-jce-les-devoreurs-de-reves\/","title":{"rendered":"Horreur \u00e0 Arkham JCE : Les D\u00e9voreurs de R\u00eaves"},"content":{"rendered":"<p>\u00ab Aussi r\u00e9solut-il de se rendre l\u00e0 o\u00f9 aucun homme n\u2019\u00e9tait jamais all\u00e9\u2026 \u00bb HP Lovecraft<\/p>\n<p>Il existe un monde cach\u00e9 au-del\u00e0 du monde de l\u2019\u00e9veil : un monde o\u00f9 r\u00e8gnent le merveilleux, l\u2019imagination et les cauchemars. Apr\u00e8s avoir lu le r\u00e9cit des aventures de l\u2019occultiste Virgil Gray dans ces \u00ab Contr\u00e9es du R\u00eave \u00bb, vous d\u00e9cidez de d\u00e9couvrir la v\u00e9rit\u00e9 par vous-m\u00eame. Qu\u2019est-ce qui est r\u00e9el ? Qu\u2019est-ce qui ne l\u2019est pas ? Et quels secrets se cachent dans les recoins sombres et interdits par-del\u00e0 le mur du sommeil ?<\/p>\n<p>Dans <em>Les D\u00e9voreurs de R\u00eaves<\/em>, 1 \u00e0 4 joueurs endossent le r\u00f4le d\u2019investigateurs qui s\u2019aventurent dans les Contr\u00e9es du R\u00eave ou celui de leurs compagnons rest\u00e9s dans le monde de l\u2019\u00e9veil. Cette extension contient les deux premiers sc\u00e9narios de la campagne <em>Les D\u00e9voreurs de R\u00eaves<\/em>, un pour chacun des deux groupes de joueurs, ainsi que de nouveaux investigateurs et de nouvelles cartes Joueur pour personnaliser davantage le jeu.<\/p>\n<p><em>Horreur \u00e0 Arkham : le Jeu de Cartes<\/em> est un jeu de cartes coop\u00e9ratif dans lequel les joueurs incarnent des investigateurs qui tentent d\u2019\u00e9lucider de terrifiants myst\u00e8res surnaturels.<\/p>\n<p><strong>Contenu<\/strong><\/p>\n<ul>\n<li>5 cartes Investigateur,<\/li>\n<li>5 mini-cartes,<\/li>\n<li>95 cartes Sc\u00e9nario,<\/li>\n<li>56 cartes Joueur,<\/li>\n<li>1 Guide de Campagne.<\/li>\n<\/ul>\n","protected":false},"excerpt":{"rendered":"<p>Extension du jeu horreur \u00e0 Arkham<\/p>\n","protected":false},"featured_media":6279,"comment_status":"open","ping_status":"closed","template":"","meta":{"colormag_page_container_layout":"default_layout","colormag_page_sidebar_layout":"default_layout"},"product_brand":[],"product_cat":[30,18,38,29],"product_tag":[],"class_list":{"0":"post-6278","1":"product","2":"type-product","3":"status-publish","4":"has-post-thumbnail","6":"product_cat-jeux-collaboratifs","7":"product_cat-jeux-de-strategie","8":"product_cat-jeux-experts","9":"product_cat-jeux-2-joueurs","11":"first","12":"instock","13":"taxable","14":"shipping-taxable","15":"purchasable","16":"product-type-simple"},"yoast_head":"<!-- This site is optimized with the Yoast SEO plugin v27.1.1 - https:\/\/yoast.com\/product\/yoast-seo-wordpress\/ -->\n<title>Horreur \u00e0 Arkham JCE : Les D\u00e9voreurs de R\u00eaves - Croc Jeux<\/title>\n<meta name=\"description\" content=\"Extension du jeu Horreur \u00e0 Arkham\" \/>\n<meta name=\"robots\" content=\"index, follow, max-snippet:-1, max-image-preview:large, max-video-preview:-1\" \/>\n<link rel=\"canonical\" href=\"https:\/\/crocjeux.com\/index.php\/produit\/horreur-a-arkham-jce-les-devoreurs-de-reves\/\" \/>\n<meta property=\"og:locale\" content=\"fr_FR\" \/>\n<meta property=\"og:type\" content=\"article\" \/>\n<meta property=\"og:title\" content=\"Horreur \u00e0 Arkham JCE : Les D\u00e9voreurs de R\u00eaves - Croc Jeux\" \/>\n<meta property=\"og:description\" content=\"Extension du jeu Horreur \u00e0 Arkham\" \/>\n<meta property=\"og:url\" content=\"https:\/\/crocjeux.com\/index.php\/produit\/horreur-a-arkham-jce-les-devoreurs-de-reves\/\" \/>\n<meta property=\"og:site_name\" content=\"Croc Jeux\" \/>\n<meta property=\"article:modified_time\" content=\"2024-07-17T12:49:29+00:00\" \/>\n<meta property=\"og:image\" content=\"https:\/\/crocjeux.com\/wp-content\/uploads\/2024\/07\/Horreur-a-arkam-jce.png\" \/>\n\t<meta property=\"og:image:width\" content=\"1080\" \/>\n\t<meta property=\"og:image:height\" content=\"1080\" \/>\n\t<meta property=\"og:image:type\" content=\"image\/png\" \/>\n<meta name=\"twitter:card\" content=\"summary_large_image\" \/>\n<meta name=\"twitter:label1\" content=\"Dur\u00e9e de lecture estim\u00e9e\" \/>\n\t<meta name=\"twitter:data1\" content=\"1 minute\" \/>\n<script type=\"application\/ld+json\" class=\"yoast-schema-graph\">{\"@context\":\"https:\/\/schema.org\",\"@graph\":[{\"@type\":\"WebPage\",\"@id\":\"https:\/\/crocjeux.com\/index.php\/produit\/horreur-a-arkham-jce-les-devoreurs-de-reves\/\",\"url\":\"https:\/\/crocjeux.com\/index.php\/produit\/horreur-a-arkham-jce-les-devoreurs-de-reves\/\",\"name\":\"Horreur \u00e0 Arkham JCE : Les D\u00e9voreurs de R\u00eaves - Croc Jeux\",\"isPartOf\":{\"@id\":\"https:\/\/crocjeux.com\/#website\"},\"primaryImageOfPage\":{\"@id\":\"https:\/\/crocjeux.com\/index.php\/produit\/horreur-a-arkham-jce-les-devoreurs-de-reves\/#primaryimage\"},\"image\":{\"@id\":\"https:\/\/crocjeux.com\/index.php\/produit\/horreur-a-arkham-jce-les-devoreurs-de-reves\/#primaryimage\"},\"thumbnailUrl\":\"https:\/\/crocjeux.com\/wp-content\/uploads\/2024\/07\/Horreur-a-arkam-jce.png\",\"datePublished\":\"2024-07-17T12:49:28+00:00\",\"dateModified\":\"2024-07-17T12:49:29+00:00\",\"description\":\"Extension du jeu Horreur \u00e0 Arkham\",\"breadcrumb\":{\"@id\":\"https:\/\/crocjeux.com\/index.php\/produit\/horreur-a-arkham-jce-les-devoreurs-de-reves\/#breadcrumb\"},\"inLanguage\":\"fr-FR\",\"potentialAction\":[{\"@type\":\"ReadAction\",\"target\":[\"https:\/\/crocjeux.com\/index.php\/produit\/horreur-a-arkham-jce-les-devoreurs-de-reves\/\"]}]},{\"@type\":\"ImageObject\",\"inLanguage\":\"fr-FR\",\"@id\":\"https:\/\/crocjeux.com\/index.php\/produit\/horreur-a-arkham-jce-les-devoreurs-de-reves\/#primaryimage\",\"url\":\"https:\/\/crocjeux.com\/wp-content\/uploads\/2024\/07\/Horreur-a-arkam-jce.png\",\"contentUrl\":\"https:\/\/crocjeux.com\/wp-content\/uploads\/2024\/07\/Horreur-a-arkam-jce.png\",\"width\":1080,\"height\":1080},{\"@type\":\"BreadcrumbList\",\"@id\":\"https:\/\/crocjeux.com\/index.php\/produit\/horreur-a-arkham-jce-les-devoreurs-de-reves\/#breadcrumb\",\"itemListElement\":[{\"@type\":\"ListItem\",\"position\":1,\"name\":\"Accueil\",\"item\":\"https:\/\/crocjeux.com\/\"},{\"@type\":\"ListItem\",\"position\":2,\"name\":\"Boutique\",\"item\":\"https:\/\/crocjeux.com\/\"},{\"@type\":\"ListItem\",\"position\":3,\"name\":\"Horreur \u00e0 Arkham JCE : Les D\u00e9voreurs de R\u00eaves\"}]},{\"@type\":\"WebSite\",\"@id\":\"https:\/\/crocjeux.com\/#website\",\"url\":\"https:\/\/crocjeux.com\/\",\"name\":\"Croc Jeux\",\"description\":\"Bienvenue chez Croc Jeux!\",\"publisher\":{\"@id\":\"https:\/\/crocjeux.com\/#organization\"},\"potentialAction\":[{\"@type\":\"SearchAction\",\"target\":{\"@type\":\"EntryPoint\",\"urlTemplate\":\"https:\/\/crocjeux.com\/?s={search_term_string}\"},\"query-input\":{\"@type\":\"PropertyValueSpecification\",\"valueRequired\":true,\"valueName\":\"search_term_string\"}}],\"inLanguage\":\"fr-FR\"},{\"@type\":\"Organization\",\"@id\":\"https:\/\/crocjeux.com\/#organization\",\"name\":\"Croc Jeux\",\"url\":\"https:\/\/crocjeux.com\/\",\"logo\":{\"@type\":\"ImageObject\",\"inLanguage\":\"fr-FR\",\"@id\":\"https:\/\/crocjeux.com\/#\/schema\/logo\/image\/\",\"url\":\"https:\/\/crocjeux.com\/wp-content\/uploads\/2022\/01\/cropped-logo-croc-etape-1-e1644574034239.jpg\",\"contentUrl\":\"https:\/\/crocjeux.com\/wp-content\/uploads\/2022\/01\/cropped-logo-croc-etape-1-e1644574034239.jpg\",\"width\":1224,\"height\":314,\"caption\":\"Croc Jeux\"},\"image\":{\"@id\":\"https:\/\/crocjeux.com\/#\/schema\/logo\/image\/\"}}]}<\/script>\n<!-- \/ Yoast SEO plugin. -->","yoast_head_json":{"title":"Horreur \u00e0 Arkham JCE : Les D\u00e9voreurs de R\u00eaves - Croc Jeux","description":"Extension du jeu Horreur \u00e0 Arkham","robots":{"index":"index","follow":"follow","max-snippet":"max-snippet:-1","max-image-preview":"max-image-preview:large","max-video-preview":"max-video-preview:-1"},"canonical":"https:\/\/crocjeux.com\/index.php\/produit\/horreur-a-arkham-jce-les-devoreurs-de-reves\/","og_locale":"fr_FR","og_type":"article","og_title":"Horreur \u00e0 Arkham JCE : Les D\u00e9voreurs de R\u00eaves - Croc Jeux","og_description":"Extension du jeu Horreur \u00e0 Arkham","og_url":"https:\/\/crocjeux.com\/index.php\/produit\/horreur-a-arkham-jce-les-devoreurs-de-reves\/","og_site_name":"Croc Jeux","article_modified_time":"2024-07-17T12:49:29+00:00","og_image":[{"width":1080,"height":1080,"url":"https:\/\/crocjeux.com\/wp-content\/uploads\/2024\/07\/Horreur-a-arkam-jce.png","type":"image\/png"}],"twitter_card":"summary_large_image","twitter_misc":{"Dur\u00e9e de lecture estim\u00e9e":"1 minute"},"schema":{"@context":"https:\/\/schema.org","@graph":[{"@type":"WebPage","@id":"https:\/\/crocjeux.com\/index.php\/produit\/horreur-a-arkham-jce-les-devoreurs-de-reves\/","url":"https:\/\/crocjeux.com\/index.php\/produit\/horreur-a-arkham-jce-les-devoreurs-de-reves\/","name":"Horreur \u00e0 Arkham JCE : Les D\u00e9voreurs de R\u00eaves - Croc Jeux","isPartOf":{"@id":"https:\/\/crocjeux.com\/#website"},"primaryImageOfPage":{"@id":"https:\/\/crocjeux.com\/index.php\/produit\/horreur-a-arkham-jce-les-devoreurs-de-reves\/#primaryimage"},"image":{"@id":"https:\/\/crocjeux.com\/index.php\/produit\/horreur-a-arkham-jce-les-devoreurs-de-reves\/#primaryimage"},"thumbnailUrl":"https:\/\/crocjeux.com\/wp-content\/uploads\/2024\/07\/Horreur-a-arkam-jce.png","datePublished":"2024-07-17T12:49:28+00:00","dateModified":"2024-07-17T12:49:29+00:00","description":"Extension du jeu Horreur \u00e0 Arkham","breadcrumb":{"@id":"https:\/\/crocjeux.com\/index.php\/produit\/horreur-a-arkham-jce-les-devoreurs-de-reves\/#breadcrumb"},"inLanguage":"fr-FR","potentialAction":[{"@type":"ReadAction","target":["https:\/\/crocjeux.com\/index.php\/produit\/horreur-a-arkham-jce-les-devoreurs-de-reves\/"]}]},{"@type":"ImageObject","inLanguage":"fr-FR","@id":"https:\/\/crocjeux.com\/index.php\/produit\/horreur-a-arkham-jce-les-devoreurs-de-reves\/#primaryimage","url":"https:\/\/crocjeux.com\/wp-content\/uploads\/2024\/07\/Horreur-a-arkam-jce.png","contentUrl":"https:\/\/crocjeux.com\/wp-content\/uploads\/2024\/07\/Horreur-a-arkam-jce.png","width":1080,"height":1080},{"@type":"BreadcrumbList","@id":"https:\/\/crocjeux.com\/index.php\/produit\/horreur-a-arkham-jce-les-devoreurs-de-reves\/#breadcrumb","itemListElement":[{"@type":"ListItem","position":1,"name":"Accueil","item":"https:\/\/crocjeux.com\/"},{"@type":"ListItem","position":2,"name":"Boutique","item":"https:\/\/crocjeux.com\/"},{"@type":"ListItem","position":3,"name":"Horreur \u00e0 Arkham JCE : Les D\u00e9voreurs de R\u00eaves"}]},{"@type":"WebSite","@id":"https:\/\/crocjeux.com\/#website","url":"https:\/\/crocjeux.com\/","name":"Croc Jeux","description":"Bienvenue chez Croc Jeux!","publisher":{"@id":"https:\/\/crocjeux.com\/#organization"},"potentialAction":[{"@type":"SearchAction","target":{"@type":"EntryPoint","urlTemplate":"https:\/\/crocjeux.com\/?s={search_term_string}"},"query-input":{"@type":"PropertyValueSpecification","valueRequired":true,"valueName":"search_term_string"}}],"inLanguage":"fr-FR"},{"@type":"Organization","@id":"https:\/\/crocjeux.com\/#organization","name":"Croc Jeux","url":"https:\/\/crocjeux.com\/","logo":{"@type":"ImageObject","inLanguage":"fr-FR","@id":"https:\/\/crocjeux.com\/#\/schema\/logo\/image\/","url":"https:\/\/crocjeux.com\/wp-content\/uploads\/2022\/01\/cropped-logo-croc-etape-1-e1644574034239.jpg","contentUrl":"https:\/\/crocjeux.com\/wp-content\/uploads\/2022\/01\/cropped-logo-croc-etape-1-e1644574034239.jpg","width":1224,"height":314,"caption":"Croc Jeux"},"image":{"@id":"https:\/\/crocjeux.com\/#\/schema\/logo\/image\/"}}]}},"_links":{"self":[{"href":"https:\/\/crocjeux.com\/index.php\/wp-json\/wp\/v2\/product\/6278","targetHints":{"allow":["GET"]}}],"collection":[{"href":"https:\/\/crocjeux.com\/index.php\/wp-json\/wp\/v2\/product"}],"about":[{"href":"https:\/\/crocjeux.com\/index.php\/wp-json\/wp\/v2\/types\/product"}],"replies":[{"embeddable":true,"href":"https:\/\/crocjeux.com\/index.php\/wp-json\/wp\/v2\/comments?post=6278"}],"wp:featuredmedia":[{"embeddable":true,"href":"https:\/\/crocjeux.com\/index.php\/wp-json\/wp\/v2\/media\/6279"}],"wp:attachment":[{"href":"https:\/\/crocjeux.com\/index.php\/wp-json\/wp\/v2\/media?parent=6278"}],"wp:term":[{"taxonomy":"product_brand","embeddable":true,"href":"https:\/\/crocjeux.com\/index.php\/wp-json\/wp\/v2\/product_brand?post=6278"},{"taxonomy":"product_cat","embeddable":true,"href":"https:\/\/crocjeux.com\/index.php\/wp-json\/wp\/v2\/product_cat?post=6278"},{"taxonomy":"product_tag","embeddable":true,"href":"https:\/\/crocjeux.com\/index.php\/wp-json\/wp\/v2\/product_tag?post=6278"}],"curies":[{"name":"wp","href":"https:\/\/api.w.org\/{rel}","templated":true}]}}