{"id":6287,"date":"2024-07-17T14:33:38","date_gmt":"2024-07-17T13:33:38","guid":{"rendered":"https:\/\/crocjeux.com\/?post_type=product&#038;p=6287"},"modified":"2024-07-17T14:33:38","modified_gmt":"2024-07-17T13:33:38","slug":"sub-terra-extension-3-annihilation","status":"publish","type":"product","link":"https:\/\/crocjeux.com\/index.php\/produit\/sub-terra-extension-3-annihilation\/","title":{"rendered":"SUB TERRA &#8211; Extension 3 Annihilation"},"content":{"rendered":"<h2>LE JEU :<\/h2>\n<p>&nbsp;<\/p>\n<p>Sub Terra Annihilation est une extension modulaire pour le jeu <a href=\"https:\/\/www.neoludis.com\/produit\/sub-terra-jeu-de-base\/\">Sub Terra<\/a>. Vous pouvez choisir de l\u2019utiliser dans une partie de Sub Terra en appliquant les modifications d\u2019installation suivantes. Cette extension se passe apr\u00e8s les \u00e9v\u00e8nements de Sub Terra. A la place de tenter de s\u2019\u00e9chapper de la caverne, vous y retournez pour la d\u00e9truire.<\/p>\n<p>&nbsp;<\/p>\n<h2>MAT\u00c9RIEL :<\/h2>\n<p>&nbsp;<\/p>\n<ul>\n<li>1 fiche Exterminateur<\/li>\n<li>1 pion Exterminateur<\/li>\n<li>8 marqueurs Poison<\/li>\n<li>3 marqueurs Bombe<\/li>\n<li>3 cartes Objet Bombe<\/li>\n<li>3 tuiles Bombe<\/li>\n<li>2 tuiles Eboulement proche<\/li>\n<\/ul>\n<p>&nbsp;<\/p>\n<p>La bo\u00eete de base de\u00a0<a href=\"https:\/\/www.neoludis.com\/produit\/sub-terra-jeu-de-base\/\">Sub Terra<\/a>\u00a0est n\u00e9cessaire pour jouer \u00e0 cette extension<\/p>\n","protected":false},"excerpt":{"rendered":"<p>La bo\u00eete de base de\u00a0<a href=\"https:\/\/www.neoludis.com\/produit\/sub-terra-jeu-de-base\/\">Sub Terra<\/a>\u00a0est n\u00e9cessaire pour jouer \u00e0 cette extension<\/p>\n","protected":false},"featured_media":6285,"comment_status":"open","ping_status":"closed","template":"","meta":{"colormag_page_container_layout":"default_layout","colormag_page_sidebar_layout":"default_layout"},"product_brand":[],"product_cat":[30,18,29],"product_tag":[],"class_list":{"0":"post-6287","1":"product","2":"type-product","3":"status-publish","4":"has-post-thumbnail","6":"product_cat-jeux-collaboratifs","7":"product_cat-jeux-de-strategie","8":"product_cat-jeux-2-joueurs","10":"first","11":"instock","12":"taxable","13":"shipping-taxable","14":"purchasable","15":"product-type-simple"},"yoast_head":"<!-- This site is optimized with the Yoast SEO plugin v27.1.1 - https:\/\/yoast.com\/product\/yoast-seo-wordpress\/ -->\n<title>SUB TERRA - Extension 3 Annihilation - Croc Jeux<\/title>\n<meta name=\"description\" content=\"La bo\u00eete de base de\u00a0Sub Terra\u00a0est n\u00e9cessaire pour jouer \u00e0 cette extension\" \/>\n<meta name=\"robots\" content=\"index, follow, max-snippet:-1, max-image-preview:large, max-video-preview:-1\" \/>\n<link rel=\"canonical\" href=\"https:\/\/crocjeux.com\/index.php\/produit\/sub-terra-extension-3-annihilation\/\" \/>\n<meta property=\"og:locale\" content=\"fr_FR\" \/>\n<meta property=\"og:type\" content=\"article\" \/>\n<meta property=\"og:title\" content=\"SUB TERRA - Extension 3 Annihilation - Croc Jeux\" \/>\n<meta property=\"og:description\" content=\"La bo\u00eete de base de\u00a0Sub Terra\u00a0est n\u00e9cessaire pour jouer \u00e0 cette extension\" \/>\n<meta property=\"og:url\" content=\"https:\/\/crocjeux.com\/index.php\/produit\/sub-terra-extension-3-annihilation\/\" \/>\n<meta property=\"og:site_name\" content=\"Croc Jeux\" \/>\n<meta property=\"og:image\" content=\"https:\/\/crocjeux.com\/wp-content\/uploads\/2024\/07\/Sub-terra-ext.png\" \/>\n\t<meta property=\"og:image:width\" content=\"1080\" \/>\n\t<meta property=\"og:image:height\" content=\"1080\" \/>\n\t<meta property=\"og:image:type\" content=\"image\/png\" \/>\n<meta name=\"twitter:card\" content=\"summary_large_image\" \/>\n<meta name=\"twitter:label1\" content=\"Dur\u00e9e de lecture estim\u00e9e\" \/>\n\t<meta name=\"twitter:data1\" content=\"1 minute\" \/>\n<script type=\"application\/ld+json\" class=\"yoast-schema-graph\">{\"@context\":\"https:\/\/schema.org\",\"@graph\":[{\"@type\":\"WebPage\",\"@id\":\"https:\/\/crocjeux.com\/index.php\/produit\/sub-terra-extension-3-annihilation\/\",\"url\":\"https:\/\/crocjeux.com\/index.php\/produit\/sub-terra-extension-3-annihilation\/\",\"name\":\"SUB TERRA - Extension 3 Annihilation - Croc Jeux\",\"isPartOf\":{\"@id\":\"https:\/\/crocjeux.com\/#website\"},\"primaryImageOfPage\":{\"@id\":\"https:\/\/crocjeux.com\/index.php\/produit\/sub-terra-extension-3-annihilation\/#primaryimage\"},\"image\":{\"@id\":\"https:\/\/crocjeux.com\/index.php\/produit\/sub-terra-extension-3-annihilation\/#primaryimage\"},\"thumbnailUrl\":\"https:\/\/crocjeux.com\/wp-content\/uploads\/2024\/07\/Sub-terra-ext.png\",\"datePublished\":\"2024-07-17T13:33:38+00:00\",\"description\":\"La bo\u00eete de base de\u00a0Sub Terra\u00a0est n\u00e9cessaire pour jouer \u00e0 cette extension\",\"breadcrumb\":{\"@id\":\"https:\/\/crocjeux.com\/index.php\/produit\/sub-terra-extension-3-annihilation\/#breadcrumb\"},\"inLanguage\":\"fr-FR\",\"potentialAction\":[{\"@type\":\"ReadAction\",\"target\":[\"https:\/\/crocjeux.com\/index.php\/produit\/sub-terra-extension-3-annihilation\/\"]}]},{\"@type\":\"ImageObject\",\"inLanguage\":\"fr-FR\",\"@id\":\"https:\/\/crocjeux.com\/index.php\/produit\/sub-terra-extension-3-annihilation\/#primaryimage\",\"url\":\"https:\/\/crocjeux.com\/wp-content\/uploads\/2024\/07\/Sub-terra-ext.png\",\"contentUrl\":\"https:\/\/crocjeux.com\/wp-content\/uploads\/2024\/07\/Sub-terra-ext.png\",\"width\":1080,\"height\":1080},{\"@type\":\"BreadcrumbList\",\"@id\":\"https:\/\/crocjeux.com\/index.php\/produit\/sub-terra-extension-3-annihilation\/#breadcrumb\",\"itemListElement\":[{\"@type\":\"ListItem\",\"position\":1,\"name\":\"Accueil\",\"item\":\"https:\/\/crocjeux.com\/\"},{\"@type\":\"ListItem\",\"position\":2,\"name\":\"Boutique\",\"item\":\"https:\/\/crocjeux.com\/\"},{\"@type\":\"ListItem\",\"position\":3,\"name\":\"SUB TERRA &#8211; Extension 3 Annihilation\"}]},{\"@type\":\"WebSite\",\"@id\":\"https:\/\/crocjeux.com\/#website\",\"url\":\"https:\/\/crocjeux.com\/\",\"name\":\"Croc Jeux\",\"description\":\"Bienvenue chez Croc Jeux!\",\"publisher\":{\"@id\":\"https:\/\/crocjeux.com\/#organization\"},\"potentialAction\":[{\"@type\":\"SearchAction\",\"target\":{\"@type\":\"EntryPoint\",\"urlTemplate\":\"https:\/\/crocjeux.com\/?s={search_term_string}\"},\"query-input\":{\"@type\":\"PropertyValueSpecification\",\"valueRequired\":true,\"valueName\":\"search_term_string\"}}],\"inLanguage\":\"fr-FR\"},{\"@type\":\"Organization\",\"@id\":\"https:\/\/crocjeux.com\/#organization\",\"name\":\"Croc Jeux\",\"url\":\"https:\/\/crocjeux.com\/\",\"logo\":{\"@type\":\"ImageObject\",\"inLanguage\":\"fr-FR\",\"@id\":\"https:\/\/crocjeux.com\/#\/schema\/logo\/image\/\",\"url\":\"https:\/\/crocjeux.com\/wp-content\/uploads\/2022\/01\/cropped-logo-croc-etape-1-e1644574034239.jpg\",\"contentUrl\":\"https:\/\/crocjeux.com\/wp-content\/uploads\/2022\/01\/cropped-logo-croc-etape-1-e1644574034239.jpg\",\"width\":1224,\"height\":314,\"caption\":\"Croc Jeux\"},\"image\":{\"@id\":\"https:\/\/crocjeux.com\/#\/schema\/logo\/image\/\"}}]}<\/script>\n<!-- \/ Yoast SEO plugin. -->","yoast_head_json":{"title":"SUB TERRA - Extension 3 Annihilation - Croc Jeux","description":"La bo\u00eete de base de\u00a0Sub Terra\u00a0est n\u00e9cessaire pour jouer \u00e0 cette extension","robots":{"index":"index","follow":"follow","max-snippet":"max-snippet:-1","max-image-preview":"max-image-preview:large","max-video-preview":"max-video-preview:-1"},"canonical":"https:\/\/crocjeux.com\/index.php\/produit\/sub-terra-extension-3-annihilation\/","og_locale":"fr_FR","og_type":"article","og_title":"SUB TERRA - Extension 3 Annihilation - Croc Jeux","og_description":"La bo\u00eete de base de\u00a0Sub Terra\u00a0est n\u00e9cessaire pour jouer \u00e0 cette extension","og_url":"https:\/\/crocjeux.com\/index.php\/produit\/sub-terra-extension-3-annihilation\/","og_site_name":"Croc Jeux","og_image":[{"width":1080,"height":1080,"url":"https:\/\/crocjeux.com\/wp-content\/uploads\/2024\/07\/Sub-terra-ext.png","type":"image\/png"}],"twitter_card":"summary_large_image","twitter_misc":{"Dur\u00e9e de lecture estim\u00e9e":"1 minute"},"schema":{"@context":"https:\/\/schema.org","@graph":[{"@type":"WebPage","@id":"https:\/\/crocjeux.com\/index.php\/produit\/sub-terra-extension-3-annihilation\/","url":"https:\/\/crocjeux.com\/index.php\/produit\/sub-terra-extension-3-annihilation\/","name":"SUB TERRA - Extension 3 Annihilation - Croc Jeux","isPartOf":{"@id":"https:\/\/crocjeux.com\/#website"},"primaryImageOfPage":{"@id":"https:\/\/crocjeux.com\/index.php\/produit\/sub-terra-extension-3-annihilation\/#primaryimage"},"image":{"@id":"https:\/\/crocjeux.com\/index.php\/produit\/sub-terra-extension-3-annihilation\/#primaryimage"},"thumbnailUrl":"https:\/\/crocjeux.com\/wp-content\/uploads\/2024\/07\/Sub-terra-ext.png","datePublished":"2024-07-17T13:33:38+00:00","description":"La bo\u00eete de base de\u00a0Sub Terra\u00a0est n\u00e9cessaire pour jouer \u00e0 cette extension","breadcrumb":{"@id":"https:\/\/crocjeux.com\/index.php\/produit\/sub-terra-extension-3-annihilation\/#breadcrumb"},"inLanguage":"fr-FR","potentialAction":[{"@type":"ReadAction","target":["https:\/\/crocjeux.com\/index.php\/produit\/sub-terra-extension-3-annihilation\/"]}]},{"@type":"ImageObject","inLanguage":"fr-FR","@id":"https:\/\/crocjeux.com\/index.php\/produit\/sub-terra-extension-3-annihilation\/#primaryimage","url":"https:\/\/crocjeux.com\/wp-content\/uploads\/2024\/07\/Sub-terra-ext.png","contentUrl":"https:\/\/crocjeux.com\/wp-content\/uploads\/2024\/07\/Sub-terra-ext.png","width":1080,"height":1080},{"@type":"BreadcrumbList","@id":"https:\/\/crocjeux.com\/index.php\/produit\/sub-terra-extension-3-annihilation\/#breadcrumb","itemListElement":[{"@type":"ListItem","position":1,"name":"Accueil","item":"https:\/\/crocjeux.com\/"},{"@type":"ListItem","position":2,"name":"Boutique","item":"https:\/\/crocjeux.com\/"},{"@type":"ListItem","position":3,"name":"SUB TERRA &#8211; Extension 3 Annihilation"}]},{"@type":"WebSite","@id":"https:\/\/crocjeux.com\/#website","url":"https:\/\/crocjeux.com\/","name":"Croc Jeux","description":"Bienvenue chez Croc Jeux!","publisher":{"@id":"https:\/\/crocjeux.com\/#organization"},"potentialAction":[{"@type":"SearchAction","target":{"@type":"EntryPoint","urlTemplate":"https:\/\/crocjeux.com\/?s={search_term_string}"},"query-input":{"@type":"PropertyValueSpecification","valueRequired":true,"valueName":"search_term_string"}}],"inLanguage":"fr-FR"},{"@type":"Organization","@id":"https:\/\/crocjeux.com\/#organization","name":"Croc Jeux","url":"https:\/\/crocjeux.com\/","logo":{"@type":"ImageObject","inLanguage":"fr-FR","@id":"https:\/\/crocjeux.com\/#\/schema\/logo\/image\/","url":"https:\/\/crocjeux.com\/wp-content\/uploads\/2022\/01\/cropped-logo-croc-etape-1-e1644574034239.jpg","contentUrl":"https:\/\/crocjeux.com\/wp-content\/uploads\/2022\/01\/cropped-logo-croc-etape-1-e1644574034239.jpg","width":1224,"height":314,"caption":"Croc Jeux"},"image":{"@id":"https:\/\/crocjeux.com\/#\/schema\/logo\/image\/"}}]}},"_links":{"self":[{"href":"https:\/\/crocjeux.com\/index.php\/wp-json\/wp\/v2\/product\/6287","targetHints":{"allow":["GET"]}}],"collection":[{"href":"https:\/\/crocjeux.com\/index.php\/wp-json\/wp\/v2\/product"}],"about":[{"href":"https:\/\/crocjeux.com\/index.php\/wp-json\/wp\/v2\/types\/product"}],"replies":[{"embeddable":true,"href":"https:\/\/crocjeux.com\/index.php\/wp-json\/wp\/v2\/comments?post=6287"}],"wp:featuredmedia":[{"embeddable":true,"href":"https:\/\/crocjeux.com\/index.php\/wp-json\/wp\/v2\/media\/6285"}],"wp:attachment":[{"href":"https:\/\/crocjeux.com\/index.php\/wp-json\/wp\/v2\/media?parent=6287"}],"wp:term":[{"taxonomy":"product_brand","embeddable":true,"href":"https:\/\/crocjeux.com\/index.php\/wp-json\/wp\/v2\/product_brand?post=6287"},{"taxonomy":"product_cat","embeddable":true,"href":"https:\/\/crocjeux.com\/index.php\/wp-json\/wp\/v2\/product_cat?post=6287"},{"taxonomy":"product_tag","embeddable":true,"href":"https:\/\/crocjeux.com\/index.php\/wp-json\/wp\/v2\/product_tag?post=6287"}],"curies":[{"name":"wp","href":"https:\/\/api.w.org\/{rel}","templated":true}]}}