{"id":6289,"date":"2024-07-17T15:10:29","date_gmt":"2024-07-17T14:10:29","guid":{"rendered":"https:\/\/crocjeux.com\/?post_type=product&#038;p=6289"},"modified":"2024-10-11T16:50:35","modified_gmt":"2024-10-11T15:50:35","slug":"sub-terra","status":"publish","type":"product","link":"https:\/\/crocjeux.com\/index.php\/produit\/sub-terra\/","title":{"rendered":"SUB TERRA"},"content":{"rendered":"<h2>LE JEU :<\/h2>\n<p>&nbsp;<\/p>\n<p>Sub Terra est un jeu collaboratif de survie horrifique pour un \u00e0 six joueurs. Avec jusqu\u2019\u00e0 cinq amis, vous faites partie d\u2019un groupe d\u2019explorateurs de cavernes, des sp\u00e9l\u00e9ologues qui, suite \u00e0 un incident, se retrouvent pi\u00e9g\u00e9s dans les profondeurs souterraines. Ensemble, vous devez trouver la sortie avant que vos lampes ne soient \u00e9puis\u00e9es et que vous ne soyez perdus pour toujours dans les t\u00e9n\u00e8bres.<br \/>\nVous devrez travailler en \u00e9quipe pour entreprendre rapidement l\u2019exploration des cavernes et \u00e9viter une s\u00e9rie de dangers mortels. S\u00e9parez-vous pour couvrir plus de terrain ou restez group\u00e9s pour prendre moins de risques. Un faux pas peut vous faire perdre connaissance et vos compagnons devront s\u2019organiser pour vous secourir. Lumi\u00e8re et espoir ne sont pas in\u00e9puisables et pire que tout, vous craignez de ne pas \u00eatre seuls sous terre\u2026<\/p>\n<p>&nbsp;<\/p>\n<h2>MAT\u00c9RIEL :<\/h2>\n<p>&nbsp;<\/p>\n<ul>\n<li>64 tuiles Caverne<\/li>\n<li>1 tuile D\u00e9part<\/li>\n<li>1 tuile Sortie<\/li>\n<li>30 cartes Danger<\/li>\n<li>1 carte \u00ab Temps \u00e9coul\u00e9 \u00bb<\/li>\n<li>8 fiches Sp\u00e9l\u00e9o<\/li>\n<li>1 marqueur \u00ab Premier sp\u00e9l\u00e9o \u00bb<\/li>\n<li>12 marqueurs \u00c9boulis<\/li>\n<li>8 marqueurs Inondation<\/li>\n<li>1 marqueur Horreur<\/li>\n<li>1 marqueur Gaz<\/li>\n<li>6 jetons Corde<\/li>\n<li>3 jetons Explosifs<\/li>\n<li>1 d\u00e9 \u00e0 6 faces (D6)<\/li>\n<li>8 pions Sp\u00e9l\u00e9o<\/li>\n<li>3 pions Horreur<\/li>\n<li>20 points de vie<\/li>\n<li>1 manuel du sp\u00e9l\u00e9ologue<\/li>\n<\/ul>\n","protected":false},"excerpt":{"rendered":"<p>LE JEU : &nbsp; Sub Terra est un jeu collaboratif de survie horrifique pour un \u00e0 six joueurs. Avec jusqu\u2019\u00e0<\/p>\n","protected":false},"featured_media":6290,"comment_status":"open","ping_status":"closed","template":"","meta":{"colormag_page_container_layout":"default_layout","colormag_page_sidebar_layout":"default_layout"},"product_brand":[],"product_cat":[30,18,29],"product_tag":[],"class_list":{"0":"post-6289","1":"product","2":"type-product","3":"status-publish","4":"has-post-thumbnail","6":"product_cat-jeux-collaboratifs","7":"product_cat-jeux-de-strategie","8":"product_cat-jeux-2-joueurs","10":"first","11":"instock","12":"taxable","13":"shipping-taxable","14":"purchasable","15":"product-type-simple"},"yoast_head":"<!-- This site is optimized with the Yoast SEO plugin v27.3 - https:\/\/yoast.com\/product\/yoast-seo-wordpress\/ -->\n<title>SUB TERRA - Croc Jeux<\/title>\n<meta name=\"robots\" content=\"index, follow, max-snippet:-1, max-image-preview:large, max-video-preview:-1\" \/>\n<link rel=\"canonical\" href=\"https:\/\/crocjeux.com\/index.php\/produit\/sub-terra\/\" \/>\n<meta property=\"og:locale\" content=\"fr_FR\" \/>\n<meta property=\"og:type\" content=\"article\" \/>\n<meta property=\"og:title\" content=\"SUB TERRA - Croc Jeux\" \/>\n<meta property=\"og:description\" content=\"LE JEU : &nbsp; Sub Terra est un jeu collaboratif de survie horrifique pour un \u00e0 six joueurs. Avec jusqu\u2019\u00e0\" \/>\n<meta property=\"og:url\" content=\"https:\/\/crocjeux.com\/index.php\/produit\/sub-terra\/\" \/>\n<meta property=\"og:site_name\" content=\"Croc Jeux\" \/>\n<meta property=\"article:modified_time\" content=\"2024-10-11T15:50:35+00:00\" \/>\n<meta property=\"og:image\" content=\"https:\/\/crocjeux.com\/wp-content\/uploads\/2024\/07\/sub-terra-base.png\" \/>\n\t<meta property=\"og:image:width\" content=\"1080\" \/>\n\t<meta property=\"og:image:height\" content=\"1080\" \/>\n\t<meta property=\"og:image:type\" content=\"image\/png\" \/>\n<meta name=\"twitter:card\" content=\"summary_large_image\" \/>\n<meta name=\"twitter:label1\" content=\"Dur\u00e9e de lecture estim\u00e9e\" \/>\n\t<meta name=\"twitter:data1\" content=\"2 minutes\" \/>\n<script type=\"application\/ld+json\" class=\"yoast-schema-graph\">{\"@context\":\"https:\\\/\\\/schema.org\",\"@graph\":[{\"@type\":\"WebPage\",\"@id\":\"https:\\\/\\\/crocjeux.com\\\/index.php\\\/produit\\\/sub-terra\\\/\",\"url\":\"https:\\\/\\\/crocjeux.com\\\/index.php\\\/produit\\\/sub-terra\\\/\",\"name\":\"SUB TERRA - Croc Jeux\",\"isPartOf\":{\"@id\":\"https:\\\/\\\/crocjeux.com\\\/#website\"},\"primaryImageOfPage\":{\"@id\":\"https:\\\/\\\/crocjeux.com\\\/index.php\\\/produit\\\/sub-terra\\\/#primaryimage\"},\"image\":{\"@id\":\"https:\\\/\\\/crocjeux.com\\\/index.php\\\/produit\\\/sub-terra\\\/#primaryimage\"},\"thumbnailUrl\":\"https:\\\/\\\/crocjeux.com\\\/wp-content\\\/uploads\\\/2024\\\/07\\\/sub-terra-base.png\",\"datePublished\":\"2024-07-17T14:10:29+00:00\",\"dateModified\":\"2024-10-11T15:50:35+00:00\",\"breadcrumb\":{\"@id\":\"https:\\\/\\\/crocjeux.com\\\/index.php\\\/produit\\\/sub-terra\\\/#breadcrumb\"},\"inLanguage\":\"fr-FR\",\"potentialAction\":[{\"@type\":\"ReadAction\",\"target\":[\"https:\\\/\\\/crocjeux.com\\\/index.php\\\/produit\\\/sub-terra\\\/\"]}]},{\"@type\":\"ImageObject\",\"inLanguage\":\"fr-FR\",\"@id\":\"https:\\\/\\\/crocjeux.com\\\/index.php\\\/produit\\\/sub-terra\\\/#primaryimage\",\"url\":\"https:\\\/\\\/crocjeux.com\\\/wp-content\\\/uploads\\\/2024\\\/07\\\/sub-terra-base.png\",\"contentUrl\":\"https:\\\/\\\/crocjeux.com\\\/wp-content\\\/uploads\\\/2024\\\/07\\\/sub-terra-base.png\",\"width\":1080,\"height\":1080},{\"@type\":\"BreadcrumbList\",\"@id\":\"https:\\\/\\\/crocjeux.com\\\/index.php\\\/produit\\\/sub-terra\\\/#breadcrumb\",\"itemListElement\":[{\"@type\":\"ListItem\",\"position\":1,\"name\":\"Accueil\",\"item\":\"https:\\\/\\\/crocjeux.com\\\/\"},{\"@type\":\"ListItem\",\"position\":2,\"name\":\"Boutique\",\"item\":\"https:\\\/\\\/crocjeux.com\\\/\"},{\"@type\":\"ListItem\",\"position\":3,\"name\":\"SUB TERRA\"}]},{\"@type\":\"WebSite\",\"@id\":\"https:\\\/\\\/crocjeux.com\\\/#website\",\"url\":\"https:\\\/\\\/crocjeux.com\\\/\",\"name\":\"Croc Jeux\",\"description\":\"Bienvenue chez Croc Jeux!\",\"publisher\":{\"@id\":\"https:\\\/\\\/crocjeux.com\\\/#organization\"},\"potentialAction\":[{\"@type\":\"SearchAction\",\"target\":{\"@type\":\"EntryPoint\",\"urlTemplate\":\"https:\\\/\\\/crocjeux.com\\\/?s={search_term_string}\"},\"query-input\":{\"@type\":\"PropertyValueSpecification\",\"valueRequired\":true,\"valueName\":\"search_term_string\"}}],\"inLanguage\":\"fr-FR\"},{\"@type\":\"Organization\",\"@id\":\"https:\\\/\\\/crocjeux.com\\\/#organization\",\"name\":\"Croc Jeux\",\"url\":\"https:\\\/\\\/crocjeux.com\\\/\",\"logo\":{\"@type\":\"ImageObject\",\"inLanguage\":\"fr-FR\",\"@id\":\"https:\\\/\\\/crocjeux.com\\\/#\\\/schema\\\/logo\\\/image\\\/\",\"url\":\"https:\\\/\\\/crocjeux.com\\\/wp-content\\\/uploads\\\/2022\\\/01\\\/cropped-logo-croc-etape-1-e1644574034239.jpg\",\"contentUrl\":\"https:\\\/\\\/crocjeux.com\\\/wp-content\\\/uploads\\\/2022\\\/01\\\/cropped-logo-croc-etape-1-e1644574034239.jpg\",\"width\":1224,\"height\":314,\"caption\":\"Croc Jeux\"},\"image\":{\"@id\":\"https:\\\/\\\/crocjeux.com\\\/#\\\/schema\\\/logo\\\/image\\\/\"}}]}<\/script>\n<!-- \/ Yoast SEO plugin. -->","yoast_head_json":{"title":"SUB TERRA - Croc Jeux","robots":{"index":"index","follow":"follow","max-snippet":"max-snippet:-1","max-image-preview":"max-image-preview:large","max-video-preview":"max-video-preview:-1"},"canonical":"https:\/\/crocjeux.com\/index.php\/produit\/sub-terra\/","og_locale":"fr_FR","og_type":"article","og_title":"SUB TERRA - Croc Jeux","og_description":"LE JEU : &nbsp; Sub Terra est un jeu collaboratif de survie horrifique pour un \u00e0 six joueurs. Avec jusqu\u2019\u00e0","og_url":"https:\/\/crocjeux.com\/index.php\/produit\/sub-terra\/","og_site_name":"Croc Jeux","article_modified_time":"2024-10-11T15:50:35+00:00","og_image":[{"width":1080,"height":1080,"url":"https:\/\/crocjeux.com\/wp-content\/uploads\/2024\/07\/sub-terra-base.png","type":"image\/png"}],"twitter_card":"summary_large_image","twitter_misc":{"Dur\u00e9e de lecture estim\u00e9e":"2 minutes"},"schema":{"@context":"https:\/\/schema.org","@graph":[{"@type":"WebPage","@id":"https:\/\/crocjeux.com\/index.php\/produit\/sub-terra\/","url":"https:\/\/crocjeux.com\/index.php\/produit\/sub-terra\/","name":"SUB TERRA - Croc Jeux","isPartOf":{"@id":"https:\/\/crocjeux.com\/#website"},"primaryImageOfPage":{"@id":"https:\/\/crocjeux.com\/index.php\/produit\/sub-terra\/#primaryimage"},"image":{"@id":"https:\/\/crocjeux.com\/index.php\/produit\/sub-terra\/#primaryimage"},"thumbnailUrl":"https:\/\/crocjeux.com\/wp-content\/uploads\/2024\/07\/sub-terra-base.png","datePublished":"2024-07-17T14:10:29+00:00","dateModified":"2024-10-11T15:50:35+00:00","breadcrumb":{"@id":"https:\/\/crocjeux.com\/index.php\/produit\/sub-terra\/#breadcrumb"},"inLanguage":"fr-FR","potentialAction":[{"@type":"ReadAction","target":["https:\/\/crocjeux.com\/index.php\/produit\/sub-terra\/"]}]},{"@type":"ImageObject","inLanguage":"fr-FR","@id":"https:\/\/crocjeux.com\/index.php\/produit\/sub-terra\/#primaryimage","url":"https:\/\/crocjeux.com\/wp-content\/uploads\/2024\/07\/sub-terra-base.png","contentUrl":"https:\/\/crocjeux.com\/wp-content\/uploads\/2024\/07\/sub-terra-base.png","width":1080,"height":1080},{"@type":"BreadcrumbList","@id":"https:\/\/crocjeux.com\/index.php\/produit\/sub-terra\/#breadcrumb","itemListElement":[{"@type":"ListItem","position":1,"name":"Accueil","item":"https:\/\/crocjeux.com\/"},{"@type":"ListItem","position":2,"name":"Boutique","item":"https:\/\/crocjeux.com\/"},{"@type":"ListItem","position":3,"name":"SUB TERRA"}]},{"@type":"WebSite","@id":"https:\/\/crocjeux.com\/#website","url":"https:\/\/crocjeux.com\/","name":"Croc Jeux","description":"Bienvenue chez Croc Jeux!","publisher":{"@id":"https:\/\/crocjeux.com\/#organization"},"potentialAction":[{"@type":"SearchAction","target":{"@type":"EntryPoint","urlTemplate":"https:\/\/crocjeux.com\/?s={search_term_string}"},"query-input":{"@type":"PropertyValueSpecification","valueRequired":true,"valueName":"search_term_string"}}],"inLanguage":"fr-FR"},{"@type":"Organization","@id":"https:\/\/crocjeux.com\/#organization","name":"Croc Jeux","url":"https:\/\/crocjeux.com\/","logo":{"@type":"ImageObject","inLanguage":"fr-FR","@id":"https:\/\/crocjeux.com\/#\/schema\/logo\/image\/","url":"https:\/\/crocjeux.com\/wp-content\/uploads\/2022\/01\/cropped-logo-croc-etape-1-e1644574034239.jpg","contentUrl":"https:\/\/crocjeux.com\/wp-content\/uploads\/2022\/01\/cropped-logo-croc-etape-1-e1644574034239.jpg","width":1224,"height":314,"caption":"Croc Jeux"},"image":{"@id":"https:\/\/crocjeux.com\/#\/schema\/logo\/image\/"}}]}},"_links":{"self":[{"href":"https:\/\/crocjeux.com\/index.php\/wp-json\/wp\/v2\/product\/6289","targetHints":{"allow":["GET"]}}],"collection":[{"href":"https:\/\/crocjeux.com\/index.php\/wp-json\/wp\/v2\/product"}],"about":[{"href":"https:\/\/crocjeux.com\/index.php\/wp-json\/wp\/v2\/types\/product"}],"replies":[{"embeddable":true,"href":"https:\/\/crocjeux.com\/index.php\/wp-json\/wp\/v2\/comments?post=6289"}],"wp:featuredmedia":[{"embeddable":true,"href":"https:\/\/crocjeux.com\/index.php\/wp-json\/wp\/v2\/media\/6290"}],"wp:attachment":[{"href":"https:\/\/crocjeux.com\/index.php\/wp-json\/wp\/v2\/media?parent=6289"}],"wp:term":[{"taxonomy":"product_brand","embeddable":true,"href":"https:\/\/crocjeux.com\/index.php\/wp-json\/wp\/v2\/product_brand?post=6289"},{"taxonomy":"product_cat","embeddable":true,"href":"https:\/\/crocjeux.com\/index.php\/wp-json\/wp\/v2\/product_cat?post=6289"},{"taxonomy":"product_tag","embeddable":true,"href":"https:\/\/crocjeux.com\/index.php\/wp-json\/wp\/v2\/product_tag?post=6289"}],"curies":[{"name":"wp","href":"https:\/\/api.w.org\/{rel}","templated":true}]}}