{"id":6292,"date":"2024-07-18T15:58:50","date_gmt":"2024-07-18T14:58:50","guid":{"rendered":"https:\/\/crocjeux.com\/?post_type=product&#038;p=6292"},"modified":"2024-07-18T15:58:50","modified_gmt":"2024-07-18T14:58:50","slug":"azul-pavillon-dete-mini","status":"publish","type":"product","link":"https:\/\/crocjeux.com\/index.php\/produit\/azul-pavillon-dete-mini\/","title":{"rendered":"Azul \u2013 Pavillon d\u2019\u00c9t\u00e9 mini"},"content":{"rendered":"<h2>Description<\/h2>\n<h2>Pavillon d\u2019\u00c9t\u00e9, le troisi\u00e8me jeu de la collection Azul !<\/h2>\n<p>Le roi Manuel 1er du Portugal souhaite marquer le 16\u00e8me si\u00e8cle de son empreinte. Pour cela, il demanda aux plus talentueux artisans du pays de concevoir de prestigieux \u00e9difices.<\/p>\n<p>Apr\u00e8s les palais d\u2019\u00c9vora et de Sintra, le monarque souhaite d\u00e9sormais poursuivre son r\u00eave en demandant qu\u2019un pavillon d\u2019\u00e9t\u00e9 soit sp\u00e9cialement \u00e9rig\u00e9 en son honneur. Comme pour les autres \u00e9difices, celui-ci sera confi\u00e9 au plus dou\u00e9 des artisans du Portugal. Le pavillon devra faire resplendir tout le prestige de la famille royale.<\/p>\n<p>Malheureusement, Manuel 1er\u00a0mourut avant le commencement des travaux, et n\u2019eut jamais le plaisir de contempler le b\u00e2timent tant d\u00e9sir\u00e9.<\/p>\n<h2>L\u2019aventure continue !<\/h2>\n<p>Dans Azul \u2013 Pavillon d\u2019\u00e9t\u00e9 mini, les joueurs ont pour t\u00e2che de garnir les planchers du pavillon d\u2019\u00e9t\u00e9 selon les volont\u00e9s du d\u00e9funt roi Manuel 1er.<\/p>\n<p>Les fans reconna\u00eetront imm\u00e9diatement la m\u00e9canique de draft d\u2019Azul, mais seront intrigu\u00e9s par la nouvelle fa\u00e7on de marquer des points bas\u00e9e sur l\u2019assemblage de motifs de tuiles. La nouvelle forme des tuiles permet d\u00e9sormais de cr\u00e9er de magnifiques motifs en \u00e9toile sur votre plateau joueur.<\/p>\n<p>Utilisez au mieux les mat\u00e9riaux les plus raffin\u00e9s pour embellir l\u2019\u00e9difice tout en \u00e9vitant le gaspillage de vos pr\u00e9cieuses ressources. La concurrence sera rude. Un tel projet attire les artisans de tout le pays. Mais un seul d\u2019entre vous se verra confier le chantier.<br \/>\nSerez-vous l\u2019artisan qui fera revivre ce prestigieux projet en l\u2019honneur de la m\u00e9moire du d\u00e9funt souverain\u00a0?<\/p>\n<h2>D\u00e9roulement de la partie<\/h2>\n<p>Pour \u00eatre le joueur avec le plus grand nombre de points \u00e0 la fin de la partie, vous devrez utiliser habilement vos ressources.<\/p>\n<p>La partie se d\u00e9roule en 6 manches, chacune compos\u00e9e des phases suivantes\u00a0:<\/p>\n<p><b>Phase 1\u00a0: R\u00e9cup\u00e9ration des tuiles<\/b><br \/>\nPrenez toutes les tuiles d\u2019une m\u00eame couleur \u00e0 partir du centre de la table ou \u00e0 partir du cercle Fabrique de votre choix.<\/p>\n<p><b>Phase 2\u00a0: Placement des tuiles <\/b><br \/>\nChoisissez un espace de votre plateau \u00e0 garnir, v\u00e9rifiez le co\u00fbt et placez une tuile de cette couleur sur cet espace.<\/p>\n<p><b>Phase 3\u00a0: Pr\u00e9paration de la manche suivante <\/b><br \/>\nAvancez le marqueur de manche, puis commencez cette nouvelle manche. Remplissez les cercles Fabrique, remettez le marqueur Premier joueur au centre de la table et placez les tuiles conserv\u00e9es \u00e0 c\u00f4t\u00e9 de votre plateau.<\/p>\n<h2>Et le gagnant est \u2026<\/h2>\n<p>\u00c0 l\u2019issue de la 6\u00e8me manche, proc\u00e9dez au d\u00e9compte final des points. Les tuiles conserv\u00e9es \u00e0 la fin de cette manche sont d\u00e9fauss\u00e9es dans la tour. Chaque tuile enl\u00e8ve un point au joueur.<\/p>\n<p>Le joueur ayant comptabilis\u00e9 le plus grand nombre de points, remporte la partie. En cas d\u2019\u00e9galit\u00e9, la victoire est partag\u00e9e entre les joueurs concern\u00e9s.<\/p>\n","protected":false},"excerpt":{"rendered":"<p>Description Pavillon d\u2019\u00c9t\u00e9, le troisi\u00e8me jeu de la collection Azul ! Le roi Manuel 1er du Portugal souhaite marquer le<\/p>\n","protected":false},"featured_media":6293,"comment_status":"open","ping_status":"closed","template":"","meta":{"colormag_page_container_layout":"default_layout","colormag_page_sidebar_layout":"default_layout"},"product_brand":[],"product_cat":[18],"product_tag":[],"class_list":{"0":"post-6292","1":"product","2":"type-product","3":"status-publish","4":"has-post-thumbnail","6":"product_cat-jeux-de-strategie","8":"first","9":"instock","10":"taxable","11":"shipping-taxable","12":"purchasable","13":"product-type-simple"},"yoast_head":"<!-- This site is optimized with the Yoast SEO plugin v27.3 - https:\/\/yoast.com\/product\/yoast-seo-wordpress\/ -->\n<title>Azul \u2013 Pavillon d\u2019\u00c9t\u00e9 mini - Croc Jeux<\/title>\n<meta name=\"description\" content=\"Dans Azul \u2013 Pavillon d\u2019\u00e9t\u00e9 mini, les joueurs ont pour t\u00e2che de garnir les planchers du pavillon d\u2019\u00e9t\u00e9 selon les volont\u00e9s du d\u00e9funt roi Manuel 1er. Cette version &quot;Mini&quot; vous permet de jouer \u00e0 Azul : Pavillon d&#039;\u00e9t\u00e9 quand vous voulez et o\u00f9 vous voulez !\" \/>\n<meta name=\"robots\" content=\"index, follow, max-snippet:-1, max-image-preview:large, max-video-preview:-1\" \/>\n<link rel=\"canonical\" href=\"https:\/\/crocjeux.com\/index.php\/produit\/azul-pavillon-dete-mini\/\" \/>\n<meta property=\"og:locale\" content=\"fr_FR\" \/>\n<meta property=\"og:type\" content=\"article\" \/>\n<meta property=\"og:title\" content=\"Azul \u2013 Pavillon d\u2019\u00c9t\u00e9 mini - Croc Jeux\" \/>\n<meta property=\"og:description\" content=\"Dans Azul \u2013 Pavillon d\u2019\u00e9t\u00e9 mini, les joueurs ont pour t\u00e2che de garnir les planchers du pavillon d\u2019\u00e9t\u00e9 selon les volont\u00e9s du d\u00e9funt roi Manuel 1er. Cette version &quot;Mini&quot; vous permet de jouer \u00e0 Azul : Pavillon d&#039;\u00e9t\u00e9 quand vous voulez et o\u00f9 vous voulez !\" \/>\n<meta property=\"og:url\" content=\"https:\/\/crocjeux.com\/index.php\/produit\/azul-pavillon-dete-mini\/\" \/>\n<meta property=\"og:site_name\" content=\"Croc Jeux\" \/>\n<meta property=\"og:image\" content=\"https:\/\/crocjeux.com\/wp-content\/uploads\/2024\/07\/azul-mini-pav-ete.png\" \/>\n\t<meta property=\"og:image:width\" content=\"1280\" \/>\n\t<meta property=\"og:image:height\" content=\"800\" \/>\n\t<meta property=\"og:image:type\" content=\"image\/png\" \/>\n<meta name=\"twitter:card\" content=\"summary_large_image\" \/>\n<meta name=\"twitter:label1\" content=\"Dur\u00e9e de lecture estim\u00e9e\" \/>\n\t<meta name=\"twitter:data1\" content=\"3 minutes\" \/>\n<script type=\"application\/ld+json\" class=\"yoast-schema-graph\">{\"@context\":\"https:\\\/\\\/schema.org\",\"@graph\":[{\"@type\":\"WebPage\",\"@id\":\"https:\\\/\\\/crocjeux.com\\\/index.php\\\/produit\\\/azul-pavillon-dete-mini\\\/\",\"url\":\"https:\\\/\\\/crocjeux.com\\\/index.php\\\/produit\\\/azul-pavillon-dete-mini\\\/\",\"name\":\"Azul \u2013 Pavillon d\u2019\u00c9t\u00e9 mini - Croc Jeux\",\"isPartOf\":{\"@id\":\"https:\\\/\\\/crocjeux.com\\\/#website\"},\"primaryImageOfPage\":{\"@id\":\"https:\\\/\\\/crocjeux.com\\\/index.php\\\/produit\\\/azul-pavillon-dete-mini\\\/#primaryimage\"},\"image\":{\"@id\":\"https:\\\/\\\/crocjeux.com\\\/index.php\\\/produit\\\/azul-pavillon-dete-mini\\\/#primaryimage\"},\"thumbnailUrl\":\"https:\\\/\\\/crocjeux.com\\\/wp-content\\\/uploads\\\/2024\\\/07\\\/azul-mini-pav-ete.png\",\"datePublished\":\"2024-07-18T14:58:50+00:00\",\"description\":\"Dans Azul \u2013 Pavillon d\u2019\u00e9t\u00e9 mini, les joueurs ont pour t\u00e2che de garnir les planchers du pavillon d\u2019\u00e9t\u00e9 selon les volont\u00e9s du d\u00e9funt roi Manuel 1er. Cette version \\\"Mini\\\" vous permet de jouer \u00e0 Azul : Pavillon d'\u00e9t\u00e9 quand vous voulez et o\u00f9 vous voulez !\",\"breadcrumb\":{\"@id\":\"https:\\\/\\\/crocjeux.com\\\/index.php\\\/produit\\\/azul-pavillon-dete-mini\\\/#breadcrumb\"},\"inLanguage\":\"fr-FR\",\"potentialAction\":[{\"@type\":\"ReadAction\",\"target\":[\"https:\\\/\\\/crocjeux.com\\\/index.php\\\/produit\\\/azul-pavillon-dete-mini\\\/\"]}]},{\"@type\":\"ImageObject\",\"inLanguage\":\"fr-FR\",\"@id\":\"https:\\\/\\\/crocjeux.com\\\/index.php\\\/produit\\\/azul-pavillon-dete-mini\\\/#primaryimage\",\"url\":\"https:\\\/\\\/crocjeux.com\\\/wp-content\\\/uploads\\\/2024\\\/07\\\/azul-mini-pav-ete.png\",\"contentUrl\":\"https:\\\/\\\/crocjeux.com\\\/wp-content\\\/uploads\\\/2024\\\/07\\\/azul-mini-pav-ete.png\",\"width\":1280,\"height\":800},{\"@type\":\"BreadcrumbList\",\"@id\":\"https:\\\/\\\/crocjeux.com\\\/index.php\\\/produit\\\/azul-pavillon-dete-mini\\\/#breadcrumb\",\"itemListElement\":[{\"@type\":\"ListItem\",\"position\":1,\"name\":\"Accueil\",\"item\":\"https:\\\/\\\/crocjeux.com\\\/\"},{\"@type\":\"ListItem\",\"position\":2,\"name\":\"Boutique\",\"item\":\"https:\\\/\\\/crocjeux.com\\\/\"},{\"@type\":\"ListItem\",\"position\":3,\"name\":\"Azul \u2013 Pavillon d\u2019\u00c9t\u00e9 mini\"}]},{\"@type\":\"WebSite\",\"@id\":\"https:\\\/\\\/crocjeux.com\\\/#website\",\"url\":\"https:\\\/\\\/crocjeux.com\\\/\",\"name\":\"Croc Jeux\",\"description\":\"Bienvenue chez Croc Jeux!\",\"publisher\":{\"@id\":\"https:\\\/\\\/crocjeux.com\\\/#organization\"},\"potentialAction\":[{\"@type\":\"SearchAction\",\"target\":{\"@type\":\"EntryPoint\",\"urlTemplate\":\"https:\\\/\\\/crocjeux.com\\\/?s={search_term_string}\"},\"query-input\":{\"@type\":\"PropertyValueSpecification\",\"valueRequired\":true,\"valueName\":\"search_term_string\"}}],\"inLanguage\":\"fr-FR\"},{\"@type\":\"Organization\",\"@id\":\"https:\\\/\\\/crocjeux.com\\\/#organization\",\"name\":\"Croc Jeux\",\"url\":\"https:\\\/\\\/crocjeux.com\\\/\",\"logo\":{\"@type\":\"ImageObject\",\"inLanguage\":\"fr-FR\",\"@id\":\"https:\\\/\\\/crocjeux.com\\\/#\\\/schema\\\/logo\\\/image\\\/\",\"url\":\"https:\\\/\\\/crocjeux.com\\\/wp-content\\\/uploads\\\/2022\\\/01\\\/cropped-logo-croc-etape-1-e1644574034239.jpg\",\"contentUrl\":\"https:\\\/\\\/crocjeux.com\\\/wp-content\\\/uploads\\\/2022\\\/01\\\/cropped-logo-croc-etape-1-e1644574034239.jpg\",\"width\":1224,\"height\":314,\"caption\":\"Croc Jeux\"},\"image\":{\"@id\":\"https:\\\/\\\/crocjeux.com\\\/#\\\/schema\\\/logo\\\/image\\\/\"}}]}<\/script>\n<!-- \/ Yoast SEO plugin. -->","yoast_head_json":{"title":"Azul \u2013 Pavillon d\u2019\u00c9t\u00e9 mini - Croc Jeux","description":"Dans Azul \u2013 Pavillon d\u2019\u00e9t\u00e9 mini, les joueurs ont pour t\u00e2che de garnir les planchers du pavillon d\u2019\u00e9t\u00e9 selon les volont\u00e9s du d\u00e9funt roi Manuel 1er. Cette version \"Mini\" vous permet de jouer \u00e0 Azul : Pavillon d'\u00e9t\u00e9 quand vous voulez et o\u00f9 vous voulez !","robots":{"index":"index","follow":"follow","max-snippet":"max-snippet:-1","max-image-preview":"max-image-preview:large","max-video-preview":"max-video-preview:-1"},"canonical":"https:\/\/crocjeux.com\/index.php\/produit\/azul-pavillon-dete-mini\/","og_locale":"fr_FR","og_type":"article","og_title":"Azul \u2013 Pavillon d\u2019\u00c9t\u00e9 mini - Croc Jeux","og_description":"Dans Azul \u2013 Pavillon d\u2019\u00e9t\u00e9 mini, les joueurs ont pour t\u00e2che de garnir les planchers du pavillon d\u2019\u00e9t\u00e9 selon les volont\u00e9s du d\u00e9funt roi Manuel 1er. Cette version \"Mini\" vous permet de jouer \u00e0 Azul : Pavillon d'\u00e9t\u00e9 quand vous voulez et o\u00f9 vous voulez !","og_url":"https:\/\/crocjeux.com\/index.php\/produit\/azul-pavillon-dete-mini\/","og_site_name":"Croc Jeux","og_image":[{"width":1280,"height":800,"url":"https:\/\/crocjeux.com\/wp-content\/uploads\/2024\/07\/azul-mini-pav-ete.png","type":"image\/png"}],"twitter_card":"summary_large_image","twitter_misc":{"Dur\u00e9e de lecture estim\u00e9e":"3 minutes"},"schema":{"@context":"https:\/\/schema.org","@graph":[{"@type":"WebPage","@id":"https:\/\/crocjeux.com\/index.php\/produit\/azul-pavillon-dete-mini\/","url":"https:\/\/crocjeux.com\/index.php\/produit\/azul-pavillon-dete-mini\/","name":"Azul \u2013 Pavillon d\u2019\u00c9t\u00e9 mini - Croc Jeux","isPartOf":{"@id":"https:\/\/crocjeux.com\/#website"},"primaryImageOfPage":{"@id":"https:\/\/crocjeux.com\/index.php\/produit\/azul-pavillon-dete-mini\/#primaryimage"},"image":{"@id":"https:\/\/crocjeux.com\/index.php\/produit\/azul-pavillon-dete-mini\/#primaryimage"},"thumbnailUrl":"https:\/\/crocjeux.com\/wp-content\/uploads\/2024\/07\/azul-mini-pav-ete.png","datePublished":"2024-07-18T14:58:50+00:00","description":"Dans Azul \u2013 Pavillon d\u2019\u00e9t\u00e9 mini, les joueurs ont pour t\u00e2che de garnir les planchers du pavillon d\u2019\u00e9t\u00e9 selon les volont\u00e9s du d\u00e9funt roi Manuel 1er. Cette version \"Mini\" vous permet de jouer \u00e0 Azul : Pavillon d'\u00e9t\u00e9 quand vous voulez et o\u00f9 vous voulez !","breadcrumb":{"@id":"https:\/\/crocjeux.com\/index.php\/produit\/azul-pavillon-dete-mini\/#breadcrumb"},"inLanguage":"fr-FR","potentialAction":[{"@type":"ReadAction","target":["https:\/\/crocjeux.com\/index.php\/produit\/azul-pavillon-dete-mini\/"]}]},{"@type":"ImageObject","inLanguage":"fr-FR","@id":"https:\/\/crocjeux.com\/index.php\/produit\/azul-pavillon-dete-mini\/#primaryimage","url":"https:\/\/crocjeux.com\/wp-content\/uploads\/2024\/07\/azul-mini-pav-ete.png","contentUrl":"https:\/\/crocjeux.com\/wp-content\/uploads\/2024\/07\/azul-mini-pav-ete.png","width":1280,"height":800},{"@type":"BreadcrumbList","@id":"https:\/\/crocjeux.com\/index.php\/produit\/azul-pavillon-dete-mini\/#breadcrumb","itemListElement":[{"@type":"ListItem","position":1,"name":"Accueil","item":"https:\/\/crocjeux.com\/"},{"@type":"ListItem","position":2,"name":"Boutique","item":"https:\/\/crocjeux.com\/"},{"@type":"ListItem","position":3,"name":"Azul \u2013 Pavillon d\u2019\u00c9t\u00e9 mini"}]},{"@type":"WebSite","@id":"https:\/\/crocjeux.com\/#website","url":"https:\/\/crocjeux.com\/","name":"Croc Jeux","description":"Bienvenue chez Croc Jeux!","publisher":{"@id":"https:\/\/crocjeux.com\/#organization"},"potentialAction":[{"@type":"SearchAction","target":{"@type":"EntryPoint","urlTemplate":"https:\/\/crocjeux.com\/?s={search_term_string}"},"query-input":{"@type":"PropertyValueSpecification","valueRequired":true,"valueName":"search_term_string"}}],"inLanguage":"fr-FR"},{"@type":"Organization","@id":"https:\/\/crocjeux.com\/#organization","name":"Croc Jeux","url":"https:\/\/crocjeux.com\/","logo":{"@type":"ImageObject","inLanguage":"fr-FR","@id":"https:\/\/crocjeux.com\/#\/schema\/logo\/image\/","url":"https:\/\/crocjeux.com\/wp-content\/uploads\/2022\/01\/cropped-logo-croc-etape-1-e1644574034239.jpg","contentUrl":"https:\/\/crocjeux.com\/wp-content\/uploads\/2022\/01\/cropped-logo-croc-etape-1-e1644574034239.jpg","width":1224,"height":314,"caption":"Croc Jeux"},"image":{"@id":"https:\/\/crocjeux.com\/#\/schema\/logo\/image\/"}}]}},"_links":{"self":[{"href":"https:\/\/crocjeux.com\/index.php\/wp-json\/wp\/v2\/product\/6292","targetHints":{"allow":["GET"]}}],"collection":[{"href":"https:\/\/crocjeux.com\/index.php\/wp-json\/wp\/v2\/product"}],"about":[{"href":"https:\/\/crocjeux.com\/index.php\/wp-json\/wp\/v2\/types\/product"}],"replies":[{"embeddable":true,"href":"https:\/\/crocjeux.com\/index.php\/wp-json\/wp\/v2\/comments?post=6292"}],"wp:featuredmedia":[{"embeddable":true,"href":"https:\/\/crocjeux.com\/index.php\/wp-json\/wp\/v2\/media\/6293"}],"wp:attachment":[{"href":"https:\/\/crocjeux.com\/index.php\/wp-json\/wp\/v2\/media?parent=6292"}],"wp:term":[{"taxonomy":"product_brand","embeddable":true,"href":"https:\/\/crocjeux.com\/index.php\/wp-json\/wp\/v2\/product_brand?post=6292"},{"taxonomy":"product_cat","embeddable":true,"href":"https:\/\/crocjeux.com\/index.php\/wp-json\/wp\/v2\/product_cat?post=6292"},{"taxonomy":"product_tag","embeddable":true,"href":"https:\/\/crocjeux.com\/index.php\/wp-json\/wp\/v2\/product_tag?post=6292"}],"curies":[{"name":"wp","href":"https:\/\/api.w.org\/{rel}","templated":true}]}}