{"id":6327,"date":"2024-08-27T13:53:17","date_gmt":"2024-08-27T12:53:17","guid":{"rendered":"https:\/\/crocjeux.com\/?post_type=product&#038;p=6327"},"modified":"2025-12-09T18:11:42","modified_gmt":"2025-12-09T17:11:42","slug":"dorfromantik","status":"publish","type":"product","link":"https:\/\/crocjeux.com\/index.php\/produit\/dorfromantik\/","title":{"rendered":"Dorfromantik"},"content":{"rendered":"<h2>Cr\u00e9ez le paysage le plus idyllique !<\/h2>\n<p>Des rivi\u00e8res qui ondulent, des for\u00eats qui bruissent, des champs de bl\u00e9 qui se balancent dans le vent et, ici et l\u00e0, un mignon petit village : c&rsquo;est \u00e7a Dorfromantik !<\/p>\n<div>\n<p>Le jeu vid\u00e9o du petit studio de d\u00e9veloppement Toukana Interactive a enthousiasm\u00e9 la communaut\u00e9 des joueurs depuis son acc\u00e8s anticip\u00e9 en mars 2021 et a d\u00e9j\u00e0 remport\u00e9 toutes sortes de prix prestigieux. Aujourd&rsquo;hui, Michael Palm et Lukas Zach transforment le populaire jeu de strat\u00e9gie et de r\u00e9flexion sur la construction en un jeu familial pour petits et grands avec <b>Dorfromantik<\/b>.<\/p>\n<p>Dans Dorfromantik, jusqu&rsquo;\u00e0 six joueurs travaillent ensemble pour poser des tuiles hexagonales afin de cr\u00e9er un beau paysage et essayer d&rsquo;ex\u00e9cuter les commandes de la population, tout en posant une piste et une rivi\u00e8re aussi longues que possible, mais aussi en tenant compte des drapeaux qui donnent des points dans les zones ferm\u00e9es. Plus les joueurs y parviennent, plus ils peuvent marquer de points \u00e0 la fin.<\/p>\n<\/div>\n<div><\/div>\n<div>Au cours de la campagne rejouable, les points gagn\u00e9s peuvent \u00eatre utilis\u00e9s pour d\u00e9bloquer de nouvelles tuiles qui sont cach\u00e9es dans des bo\u00eetes initialement verrouill\u00e9es. Celles-ci posent de nouvelles t\u00e2ches suppl\u00e9mentaires aux joueurs et permettent d&rsquo;augmenter le score de plus en plus haut.<\/div>\n","protected":false},"excerpt":{"rendered":"<p>Dans Dorfromantik, jusqu&rsquo;\u00e0 six joueurs travaillent ensemble pour poser des tuiles hexagonales afin de cr\u00e9er un beau paysage et essayer d&rsquo;ex\u00e9cuter les commandes de la population, tout en posant une piste et une rivi\u00e8re aussi longues que possible, mais aussi en tenant compte des drapeaux qui donnent des points dans les zones ferm\u00e9es.<\/p>\n","protected":false},"featured_media":6328,"comment_status":"open","ping_status":"closed","template":"","meta":{"colormag_page_container_layout":"default_layout","colormag_page_sidebar_layout":"default_layout"},"product_brand":[],"product_cat":[18,36,44,29],"product_tag":[],"class_list":{"0":"post-6327","1":"product","2":"type-product","3":"status-publish","4":"has-post-thumbnail","6":"product_cat-jeux-de-strategie","7":"product_cat-jeux-familiaux","8":"product_cat-jeux-solo","9":"product_cat-jeux-2-joueurs","11":"first","12":"instock","13":"taxable","14":"shipping-taxable","15":"purchasable","16":"product-type-simple"},"yoast_head":"<!-- This site is optimized with the Yoast SEO plugin v27.3 - https:\/\/yoast.com\/product\/yoast-seo-wordpress\/ -->\n<title>Dorfromantik - Croc Jeux<\/title>\n<meta name=\"robots\" content=\"index, follow, max-snippet:-1, max-image-preview:large, max-video-preview:-1\" \/>\n<link rel=\"canonical\" href=\"https:\/\/crocjeux.com\/index.php\/produit\/dorfromantik\/\" \/>\n<meta property=\"og:locale\" content=\"fr_FR\" \/>\n<meta property=\"og:type\" content=\"article\" \/>\n<meta property=\"og:title\" content=\"Dorfromantik - Croc Jeux\" \/>\n<meta property=\"og:description\" content=\"Dans Dorfromantik, jusqu&#039;\u00e0 six joueurs travaillent ensemble pour poser des tuiles hexagonales afin de cr\u00e9er un beau paysage et essayer d&#039;ex\u00e9cuter les commandes de la population, tout en posant une piste et une rivi\u00e8re aussi longues que possible, mais aussi en tenant compte des drapeaux qui donnent des points dans les zones ferm\u00e9es.\" \/>\n<meta property=\"og:url\" content=\"https:\/\/crocjeux.com\/index.php\/produit\/dorfromantik\/\" \/>\n<meta property=\"og:site_name\" content=\"Croc Jeux\" \/>\n<meta property=\"article:modified_time\" content=\"2025-12-09T17:11:42+00:00\" \/>\n<meta property=\"og:image\" content=\"https:\/\/crocjeux.com\/wp-content\/uploads\/2024\/08\/dorfromantik.jpg\" \/>\n\t<meta property=\"og:image:width\" content=\"1721\" \/>\n\t<meta property=\"og:image:height\" content=\"1948\" \/>\n\t<meta property=\"og:image:type\" content=\"image\/jpeg\" \/>\n<meta name=\"twitter:card\" content=\"summary_large_image\" \/>\n<meta name=\"twitter:label1\" content=\"Dur\u00e9e de lecture estim\u00e9e\" \/>\n\t<meta name=\"twitter:data1\" content=\"2 minutes\" \/>\n<script type=\"application\/ld+json\" class=\"yoast-schema-graph\">{\"@context\":\"https:\\\/\\\/schema.org\",\"@graph\":[{\"@type\":\"WebPage\",\"@id\":\"https:\\\/\\\/crocjeux.com\\\/index.php\\\/produit\\\/dorfromantik\\\/\",\"url\":\"https:\\\/\\\/crocjeux.com\\\/index.php\\\/produit\\\/dorfromantik\\\/\",\"name\":\"Dorfromantik - Croc Jeux\",\"isPartOf\":{\"@id\":\"https:\\\/\\\/crocjeux.com\\\/#website\"},\"primaryImageOfPage\":{\"@id\":\"https:\\\/\\\/crocjeux.com\\\/index.php\\\/produit\\\/dorfromantik\\\/#primaryimage\"},\"image\":{\"@id\":\"https:\\\/\\\/crocjeux.com\\\/index.php\\\/produit\\\/dorfromantik\\\/#primaryimage\"},\"thumbnailUrl\":\"https:\\\/\\\/crocjeux.com\\\/wp-content\\\/uploads\\\/2024\\\/08\\\/dorfromantik.jpg\",\"datePublished\":\"2024-08-27T12:53:17+00:00\",\"dateModified\":\"2025-12-09T17:11:42+00:00\",\"breadcrumb\":{\"@id\":\"https:\\\/\\\/crocjeux.com\\\/index.php\\\/produit\\\/dorfromantik\\\/#breadcrumb\"},\"inLanguage\":\"fr-FR\",\"potentialAction\":[{\"@type\":\"ReadAction\",\"target\":[\"https:\\\/\\\/crocjeux.com\\\/index.php\\\/produit\\\/dorfromantik\\\/\"]}]},{\"@type\":\"ImageObject\",\"inLanguage\":\"fr-FR\",\"@id\":\"https:\\\/\\\/crocjeux.com\\\/index.php\\\/produit\\\/dorfromantik\\\/#primaryimage\",\"url\":\"https:\\\/\\\/crocjeux.com\\\/wp-content\\\/uploads\\\/2024\\\/08\\\/dorfromantik.jpg\",\"contentUrl\":\"https:\\\/\\\/crocjeux.com\\\/wp-content\\\/uploads\\\/2024\\\/08\\\/dorfromantik.jpg\",\"width\":1721,\"height\":1948},{\"@type\":\"BreadcrumbList\",\"@id\":\"https:\\\/\\\/crocjeux.com\\\/index.php\\\/produit\\\/dorfromantik\\\/#breadcrumb\",\"itemListElement\":[{\"@type\":\"ListItem\",\"position\":1,\"name\":\"Accueil\",\"item\":\"https:\\\/\\\/crocjeux.com\\\/\"},{\"@type\":\"ListItem\",\"position\":2,\"name\":\"Boutique\",\"item\":\"https:\\\/\\\/crocjeux.com\\\/\"},{\"@type\":\"ListItem\",\"position\":3,\"name\":\"Dorfromantik\"}]},{\"@type\":\"WebSite\",\"@id\":\"https:\\\/\\\/crocjeux.com\\\/#website\",\"url\":\"https:\\\/\\\/crocjeux.com\\\/\",\"name\":\"Croc Jeux\",\"description\":\"Bienvenue chez Croc Jeux!\",\"publisher\":{\"@id\":\"https:\\\/\\\/crocjeux.com\\\/#organization\"},\"potentialAction\":[{\"@type\":\"SearchAction\",\"target\":{\"@type\":\"EntryPoint\",\"urlTemplate\":\"https:\\\/\\\/crocjeux.com\\\/?s={search_term_string}\"},\"query-input\":{\"@type\":\"PropertyValueSpecification\",\"valueRequired\":true,\"valueName\":\"search_term_string\"}}],\"inLanguage\":\"fr-FR\"},{\"@type\":\"Organization\",\"@id\":\"https:\\\/\\\/crocjeux.com\\\/#organization\",\"name\":\"Croc Jeux\",\"url\":\"https:\\\/\\\/crocjeux.com\\\/\",\"logo\":{\"@type\":\"ImageObject\",\"inLanguage\":\"fr-FR\",\"@id\":\"https:\\\/\\\/crocjeux.com\\\/#\\\/schema\\\/logo\\\/image\\\/\",\"url\":\"https:\\\/\\\/crocjeux.com\\\/wp-content\\\/uploads\\\/2022\\\/01\\\/cropped-logo-croc-etape-1-e1644574034239.jpg\",\"contentUrl\":\"https:\\\/\\\/crocjeux.com\\\/wp-content\\\/uploads\\\/2022\\\/01\\\/cropped-logo-croc-etape-1-e1644574034239.jpg\",\"width\":1224,\"height\":314,\"caption\":\"Croc Jeux\"},\"image\":{\"@id\":\"https:\\\/\\\/crocjeux.com\\\/#\\\/schema\\\/logo\\\/image\\\/\"}}]}<\/script>\n<!-- \/ Yoast SEO plugin. -->","yoast_head_json":{"title":"Dorfromantik - Croc Jeux","robots":{"index":"index","follow":"follow","max-snippet":"max-snippet:-1","max-image-preview":"max-image-preview:large","max-video-preview":"max-video-preview:-1"},"canonical":"https:\/\/crocjeux.com\/index.php\/produit\/dorfromantik\/","og_locale":"fr_FR","og_type":"article","og_title":"Dorfromantik - Croc Jeux","og_description":"Dans Dorfromantik, jusqu'\u00e0 six joueurs travaillent ensemble pour poser des tuiles hexagonales afin de cr\u00e9er un beau paysage et essayer d'ex\u00e9cuter les commandes de la population, tout en posant une piste et une rivi\u00e8re aussi longues que possible, mais aussi en tenant compte des drapeaux qui donnent des points dans les zones ferm\u00e9es.","og_url":"https:\/\/crocjeux.com\/index.php\/produit\/dorfromantik\/","og_site_name":"Croc Jeux","article_modified_time":"2025-12-09T17:11:42+00:00","og_image":[{"width":1721,"height":1948,"url":"https:\/\/crocjeux.com\/wp-content\/uploads\/2024\/08\/dorfromantik.jpg","type":"image\/jpeg"}],"twitter_card":"summary_large_image","twitter_misc":{"Dur\u00e9e de lecture estim\u00e9e":"2 minutes"},"schema":{"@context":"https:\/\/schema.org","@graph":[{"@type":"WebPage","@id":"https:\/\/crocjeux.com\/index.php\/produit\/dorfromantik\/","url":"https:\/\/crocjeux.com\/index.php\/produit\/dorfromantik\/","name":"Dorfromantik - Croc Jeux","isPartOf":{"@id":"https:\/\/crocjeux.com\/#website"},"primaryImageOfPage":{"@id":"https:\/\/crocjeux.com\/index.php\/produit\/dorfromantik\/#primaryimage"},"image":{"@id":"https:\/\/crocjeux.com\/index.php\/produit\/dorfromantik\/#primaryimage"},"thumbnailUrl":"https:\/\/crocjeux.com\/wp-content\/uploads\/2024\/08\/dorfromantik.jpg","datePublished":"2024-08-27T12:53:17+00:00","dateModified":"2025-12-09T17:11:42+00:00","breadcrumb":{"@id":"https:\/\/crocjeux.com\/index.php\/produit\/dorfromantik\/#breadcrumb"},"inLanguage":"fr-FR","potentialAction":[{"@type":"ReadAction","target":["https:\/\/crocjeux.com\/index.php\/produit\/dorfromantik\/"]}]},{"@type":"ImageObject","inLanguage":"fr-FR","@id":"https:\/\/crocjeux.com\/index.php\/produit\/dorfromantik\/#primaryimage","url":"https:\/\/crocjeux.com\/wp-content\/uploads\/2024\/08\/dorfromantik.jpg","contentUrl":"https:\/\/crocjeux.com\/wp-content\/uploads\/2024\/08\/dorfromantik.jpg","width":1721,"height":1948},{"@type":"BreadcrumbList","@id":"https:\/\/crocjeux.com\/index.php\/produit\/dorfromantik\/#breadcrumb","itemListElement":[{"@type":"ListItem","position":1,"name":"Accueil","item":"https:\/\/crocjeux.com\/"},{"@type":"ListItem","position":2,"name":"Boutique","item":"https:\/\/crocjeux.com\/"},{"@type":"ListItem","position":3,"name":"Dorfromantik"}]},{"@type":"WebSite","@id":"https:\/\/crocjeux.com\/#website","url":"https:\/\/crocjeux.com\/","name":"Croc Jeux","description":"Bienvenue chez Croc Jeux!","publisher":{"@id":"https:\/\/crocjeux.com\/#organization"},"potentialAction":[{"@type":"SearchAction","target":{"@type":"EntryPoint","urlTemplate":"https:\/\/crocjeux.com\/?s={search_term_string}"},"query-input":{"@type":"PropertyValueSpecification","valueRequired":true,"valueName":"search_term_string"}}],"inLanguage":"fr-FR"},{"@type":"Organization","@id":"https:\/\/crocjeux.com\/#organization","name":"Croc Jeux","url":"https:\/\/crocjeux.com\/","logo":{"@type":"ImageObject","inLanguage":"fr-FR","@id":"https:\/\/crocjeux.com\/#\/schema\/logo\/image\/","url":"https:\/\/crocjeux.com\/wp-content\/uploads\/2022\/01\/cropped-logo-croc-etape-1-e1644574034239.jpg","contentUrl":"https:\/\/crocjeux.com\/wp-content\/uploads\/2022\/01\/cropped-logo-croc-etape-1-e1644574034239.jpg","width":1224,"height":314,"caption":"Croc Jeux"},"image":{"@id":"https:\/\/crocjeux.com\/#\/schema\/logo\/image\/"}}]}},"_links":{"self":[{"href":"https:\/\/crocjeux.com\/index.php\/wp-json\/wp\/v2\/product\/6327","targetHints":{"allow":["GET"]}}],"collection":[{"href":"https:\/\/crocjeux.com\/index.php\/wp-json\/wp\/v2\/product"}],"about":[{"href":"https:\/\/crocjeux.com\/index.php\/wp-json\/wp\/v2\/types\/product"}],"replies":[{"embeddable":true,"href":"https:\/\/crocjeux.com\/index.php\/wp-json\/wp\/v2\/comments?post=6327"}],"wp:featuredmedia":[{"embeddable":true,"href":"https:\/\/crocjeux.com\/index.php\/wp-json\/wp\/v2\/media\/6328"}],"wp:attachment":[{"href":"https:\/\/crocjeux.com\/index.php\/wp-json\/wp\/v2\/media?parent=6327"}],"wp:term":[{"taxonomy":"product_brand","embeddable":true,"href":"https:\/\/crocjeux.com\/index.php\/wp-json\/wp\/v2\/product_brand?post=6327"},{"taxonomy":"product_cat","embeddable":true,"href":"https:\/\/crocjeux.com\/index.php\/wp-json\/wp\/v2\/product_cat?post=6327"},{"taxonomy":"product_tag","embeddable":true,"href":"https:\/\/crocjeux.com\/index.php\/wp-json\/wp\/v2\/product_tag?post=6327"}],"curies":[{"name":"wp","href":"https:\/\/api.w.org\/{rel}","templated":true}]}}