{"id":6367,"date":"2024-09-04T14:54:20","date_gmt":"2024-09-04T13:54:20","guid":{"rendered":"https:\/\/crocjeux.com\/?post_type=product&#038;p=6367"},"modified":"2025-04-30T10:06:17","modified_gmt":"2025-04-30T09:06:17","slug":"6367","status":"publish","type":"product","link":"https:\/\/crocjeux.com\/index.php\/produit\/6367\/","title":{"rendered":"King Of Tokyo Origins"},"content":{"rendered":"<h2><b>Utilisez vos monstrueux pouvoirs pour devenir le roi de Tokyo !<br \/>\n<\/b><\/h2>\n<div><b>King Of Tokyo : Origins <\/b>comprend quatre nouveaux monstres, un assortiment de nouvelles cartes de pouvoir m\u00e9lang\u00e9es \u00e0 d&rsquo;anciennes, des cubes d&rsquo;\u00e9nergie et des d\u00e9s verts avec des personnages jaunes.<\/div>\n<p>Le gameplay reste le m\u00eame que dans le jeu original : Pour gagner, il faut \u00eatre le premier \u00e0 marquer 20 points ou \u00eatre la seule cr\u00e9ature encore debout.<\/p>\n<div>\u00c0 chaque tour, vous lancez six d\u00e9s, qui affichent les six symboles suivants : 1, 2 ou 3 points, \u00e9nergie, soin et attaque. Au cours de trois lancers successifs, choisissez de conserver ou de d\u00e9fausser chaque d\u00e9 afin de gagner des points, de gagner de l&rsquo;\u00e9nergie, de restaurer des points de vie ou d&rsquo;attaquer d&rsquo;autres joueurs.<\/div>\n<div><\/div>\n<div>Lorsque vous attaquez, si vous \u00eates \u00e0 l&rsquo;ext\u00e9rieur de Tokyo, vous frappez celui qui se trouve \u00e0 Tokyo ; si vous \u00eates \u00e0 Tokyo, vous frappez tous les autres joueurs !<\/div>\n<div><\/div>\n<div>Si la sant\u00e9 d&rsquo;un joueur tombe \u00e0 0, il est hors jeu. (Vous ne pouvez pas soigner les d\u00e9g\u00e2ts lorsque vous \u00eates \u00e0 Tokyo, et le seul moyen de quitter la ville est de vous faire attaquer par quelqu&rsquo;un&#8230; ce qui risque de vous mettre \u00e0 l&rsquo;abri de la mort).<\/div>\n<p>Lorsque vous gagnez de l&rsquo;\u00e9nergie, vous la stockez dans des cubes, que vous pouvez utiliser pour acheter des cartes de pouvoir, qui ont un effet permanent ou temporaire.<\/p>\n<p><strong><span class=\"PBLongTxt PBItemDesc ng-scope ng-isolate-scope c-app-product-tabs c-app-product-tabs--accordion\"><span class=\"ng-scope\">Contenu :<\/span><\/span><\/strong><\/p>\n<p><span class=\"PBLongTxt PBItemDesc ng-scope ng-isolate-scope c-app-product-tabs c-app-product-tabs--accordion\"><span class=\"ng-scope\"> &#8211; 4 fiches de Monstre, <\/span><\/span><\/p>\n<p><span class=\"PBLongTxt PBItemDesc ng-scope ng-isolate-scope c-app-product-tabs c-app-product-tabs--accordion\"><span class=\"ng-scope\">&#8211; 4 figurines cartonn\u00e9es, <\/span><\/span><\/p>\n<p><span class=\"PBLongTxt PBItemDesc ng-scope ng-isolate-scope c-app-product-tabs c-app-product-tabs--accordion\"><span class=\"ng-scope\">&#8211; 1 plateau Tokyo, <\/span><\/span><\/p>\n<p><span class=\"PBLongTxt PBItemDesc ng-scope ng-isolate-scope c-app-product-tabs c-app-product-tabs--accordion\"><span class=\"ng-scope\">&#8211; 6 d\u00e9s,<\/span><\/span><\/p>\n<p><span class=\"PBLongTxt PBItemDesc ng-scope ng-isolate-scope c-app-product-tabs c-app-product-tabs--accordion\"><span class=\"ng-scope\"> &#8211; 50 cartes \u00c9nergie,<\/span><\/span><\/p>\n<p><span class=\"PBLongTxt PBItemDesc ng-scope ng-isolate-scope c-app-product-tabs c-app-product-tabs--accordion\"><span class=\"ng-scope\"> &#8211; des cubes \u00c9nergie,<\/span><\/span><\/p>\n<p><span class=\"PBLongTxt PBItemDesc ng-scope ng-isolate-scope c-app-product-tabs c-app-product-tabs--accordion\"><span class=\"ng-scope\">&#8211; 1 livret de r\u00e8gles.<\/span><\/span><\/p>\n<p>Dimension des cartes : 50 cartes au format Standard.<\/p>\n<p>&nbsp;<\/p>\n<div><\/div>\n<p><iframe title=\"\u26e9\ufe0f King of Tokyo Origins - IELLO Pro [Le Pitch]\" width=\"800\" height=\"450\" src=\"https:\/\/www.youtube.com\/embed\/nSg6Sbr0jIE?feature=oembed\" frameborder=\"0\" allow=\"accelerometer; autoplay; clipboard-write; encrypted-media; gyroscope; picture-in-picture; web-share\" referrerpolicy=\"strict-origin-when-cross-origin\" allowfullscreen><\/iframe><\/p>\n","protected":false},"excerpt":{"rendered":"<p>Utilisez vos monstrueux pouvoirs pour devenir le roi de Tokyo ! King Of Tokyo : Origins comprend quatre nouveaux monstres,<\/p>\n","protected":false},"featured_media":6368,"comment_status":"open","ping_status":"closed","template":"","meta":{"colormag_page_container_layout":"default_layout","colormag_page_sidebar_layout":"default_layout"},"product_brand":[],"product_cat":[30,18,36,29,37],"product_tag":[],"class_list":{"0":"post-6367","1":"product","2":"type-product","3":"status-publish","4":"has-post-thumbnail","6":"product_cat-jeux-collaboratifs","7":"product_cat-jeux-de-strategie","8":"product_cat-jeux-familiaux","9":"product_cat-jeux-2-joueurs","10":"product_cat-ne-ratez-pas","12":"first","13":"instock","14":"taxable","15":"shipping-taxable","16":"purchasable","17":"product-type-simple"},"yoast_head":"<!-- This site is optimized with the Yoast SEO plugin v27.4 - https:\/\/yoast.com\/product\/yoast-seo-wordpress\/ -->\n<title>King Of Tokyo Origins - Croc Jeux<\/title>\n<meta name=\"description\" content=\"King Of Tokyo : Origins est un jeu ind\u00e9pendant de la s\u00e9rie King of Tokyo, destin\u00e9 \u00e0 servir de point d&#039;entr\u00e9e pour les nouveaux joueurs, car il est all\u00e9g\u00e9 et plus abordable.\" \/>\n<meta name=\"robots\" content=\"index, follow, max-snippet:-1, max-image-preview:large, max-video-preview:-1\" \/>\n<link rel=\"canonical\" href=\"https:\/\/crocjeux.com\/index.php\/produit\/6367\/\" \/>\n<meta property=\"og:locale\" content=\"fr_FR\" \/>\n<meta property=\"og:type\" content=\"article\" \/>\n<meta property=\"og:title\" content=\"King Of Tokyo Origins - Croc Jeux\" \/>\n<meta property=\"og:description\" content=\"King Of Tokyo : Origins est un jeu ind\u00e9pendant de la s\u00e9rie King of Tokyo, destin\u00e9 \u00e0 servir de point d&#039;entr\u00e9e pour les nouveaux joueurs, car il est all\u00e9g\u00e9 et plus abordable.\" \/>\n<meta property=\"og:url\" content=\"https:\/\/crocjeux.com\/index.php\/produit\/6367\/\" \/>\n<meta property=\"og:site_name\" content=\"Croc Jeux\" \/>\n<meta property=\"article:modified_time\" content=\"2025-04-30T09:06:17+00:00\" \/>\n<meta property=\"og:image\" content=\"https:\/\/crocjeux.com\/wp-content\/uploads\/2024\/09\/stupide-vautour4.png\" \/>\n\t<meta property=\"og:image:width\" content=\"1080\" \/>\n\t<meta property=\"og:image:height\" content=\"1080\" \/>\n\t<meta property=\"og:image:type\" content=\"image\/png\" \/>\n<meta name=\"twitter:card\" content=\"summary_large_image\" \/>\n<meta name=\"twitter:label1\" content=\"Dur\u00e9e de lecture estim\u00e9e\" \/>\n\t<meta name=\"twitter:data1\" content=\"2 minutes\" \/>\n<script type=\"application\/ld+json\" class=\"yoast-schema-graph\">{\"@context\":\"https:\\\/\\\/schema.org\",\"@graph\":[{\"@type\":\"WebPage\",\"@id\":\"https:\\\/\\\/crocjeux.com\\\/index.php\\\/produit\\\/6367\\\/\",\"url\":\"https:\\\/\\\/crocjeux.com\\\/index.php\\\/produit\\\/6367\\\/\",\"name\":\"King Of Tokyo Origins - Croc Jeux\",\"isPartOf\":{\"@id\":\"https:\\\/\\\/crocjeux.com\\\/#website\"},\"primaryImageOfPage\":{\"@id\":\"https:\\\/\\\/crocjeux.com\\\/index.php\\\/produit\\\/6367\\\/#primaryimage\"},\"image\":{\"@id\":\"https:\\\/\\\/crocjeux.com\\\/index.php\\\/produit\\\/6367\\\/#primaryimage\"},\"thumbnailUrl\":\"https:\\\/\\\/crocjeux.com\\\/wp-content\\\/uploads\\\/2024\\\/09\\\/stupide-vautour4.png\",\"datePublished\":\"2024-09-04T13:54:20+00:00\",\"dateModified\":\"2025-04-30T09:06:17+00:00\",\"description\":\"King Of Tokyo : Origins est un jeu ind\u00e9pendant de la s\u00e9rie King of Tokyo, destin\u00e9 \u00e0 servir de point d'entr\u00e9e pour les nouveaux joueurs, car il est all\u00e9g\u00e9 et plus abordable.\",\"breadcrumb\":{\"@id\":\"https:\\\/\\\/crocjeux.com\\\/index.php\\\/produit\\\/6367\\\/#breadcrumb\"},\"inLanguage\":\"fr-FR\",\"potentialAction\":[{\"@type\":\"ReadAction\",\"target\":[\"https:\\\/\\\/crocjeux.com\\\/index.php\\\/produit\\\/6367\\\/\"]}]},{\"@type\":\"ImageObject\",\"inLanguage\":\"fr-FR\",\"@id\":\"https:\\\/\\\/crocjeux.com\\\/index.php\\\/produit\\\/6367\\\/#primaryimage\",\"url\":\"https:\\\/\\\/crocjeux.com\\\/wp-content\\\/uploads\\\/2024\\\/09\\\/stupide-vautour4.png\",\"contentUrl\":\"https:\\\/\\\/crocjeux.com\\\/wp-content\\\/uploads\\\/2024\\\/09\\\/stupide-vautour4.png\",\"width\":1080,\"height\":1080},{\"@type\":\"BreadcrumbList\",\"@id\":\"https:\\\/\\\/crocjeux.com\\\/index.php\\\/produit\\\/6367\\\/#breadcrumb\",\"itemListElement\":[{\"@type\":\"ListItem\",\"position\":1,\"name\":\"Accueil\",\"item\":\"https:\\\/\\\/crocjeux.com\\\/\"},{\"@type\":\"ListItem\",\"position\":2,\"name\":\"Boutique\",\"item\":\"https:\\\/\\\/crocjeux.com\\\/\"},{\"@type\":\"ListItem\",\"position\":3,\"name\":\"King Of Tokyo Origins\"}]},{\"@type\":\"WebSite\",\"@id\":\"https:\\\/\\\/crocjeux.com\\\/#website\",\"url\":\"https:\\\/\\\/crocjeux.com\\\/\",\"name\":\"Croc Jeux\",\"description\":\"Bienvenue chez Croc Jeux!\",\"publisher\":{\"@id\":\"https:\\\/\\\/crocjeux.com\\\/#organization\"},\"potentialAction\":[{\"@type\":\"SearchAction\",\"target\":{\"@type\":\"EntryPoint\",\"urlTemplate\":\"https:\\\/\\\/crocjeux.com\\\/?s={search_term_string}\"},\"query-input\":{\"@type\":\"PropertyValueSpecification\",\"valueRequired\":true,\"valueName\":\"search_term_string\"}}],\"inLanguage\":\"fr-FR\"},{\"@type\":\"Organization\",\"@id\":\"https:\\\/\\\/crocjeux.com\\\/#organization\",\"name\":\"Croc Jeux\",\"url\":\"https:\\\/\\\/crocjeux.com\\\/\",\"logo\":{\"@type\":\"ImageObject\",\"inLanguage\":\"fr-FR\",\"@id\":\"https:\\\/\\\/crocjeux.com\\\/#\\\/schema\\\/logo\\\/image\\\/\",\"url\":\"https:\\\/\\\/crocjeux.com\\\/wp-content\\\/uploads\\\/2022\\\/01\\\/cropped-logo-croc-etape-1-e1644574034239.jpg\",\"contentUrl\":\"https:\\\/\\\/crocjeux.com\\\/wp-content\\\/uploads\\\/2022\\\/01\\\/cropped-logo-croc-etape-1-e1644574034239.jpg\",\"width\":1224,\"height\":314,\"caption\":\"Croc Jeux\"},\"image\":{\"@id\":\"https:\\\/\\\/crocjeux.com\\\/#\\\/schema\\\/logo\\\/image\\\/\"}}]}<\/script>\n<!-- \/ Yoast SEO plugin. -->","yoast_head_json":{"title":"King Of Tokyo Origins - Croc Jeux","description":"King Of Tokyo : Origins est un jeu ind\u00e9pendant de la s\u00e9rie King of Tokyo, destin\u00e9 \u00e0 servir de point d'entr\u00e9e pour les nouveaux joueurs, car il est all\u00e9g\u00e9 et plus abordable.","robots":{"index":"index","follow":"follow","max-snippet":"max-snippet:-1","max-image-preview":"max-image-preview:large","max-video-preview":"max-video-preview:-1"},"canonical":"https:\/\/crocjeux.com\/index.php\/produit\/6367\/","og_locale":"fr_FR","og_type":"article","og_title":"King Of Tokyo Origins - Croc Jeux","og_description":"King Of Tokyo : Origins est un jeu ind\u00e9pendant de la s\u00e9rie King of Tokyo, destin\u00e9 \u00e0 servir de point d'entr\u00e9e pour les nouveaux joueurs, car il est all\u00e9g\u00e9 et plus abordable.","og_url":"https:\/\/crocjeux.com\/index.php\/produit\/6367\/","og_site_name":"Croc Jeux","article_modified_time":"2025-04-30T09:06:17+00:00","og_image":[{"width":1080,"height":1080,"url":"https:\/\/crocjeux.com\/wp-content\/uploads\/2024\/09\/stupide-vautour4.png","type":"image\/png"}],"twitter_card":"summary_large_image","twitter_misc":{"Dur\u00e9e de lecture estim\u00e9e":"2 minutes"},"schema":{"@context":"https:\/\/schema.org","@graph":[{"@type":"WebPage","@id":"https:\/\/crocjeux.com\/index.php\/produit\/6367\/","url":"https:\/\/crocjeux.com\/index.php\/produit\/6367\/","name":"King Of Tokyo Origins - Croc Jeux","isPartOf":{"@id":"https:\/\/crocjeux.com\/#website"},"primaryImageOfPage":{"@id":"https:\/\/crocjeux.com\/index.php\/produit\/6367\/#primaryimage"},"image":{"@id":"https:\/\/crocjeux.com\/index.php\/produit\/6367\/#primaryimage"},"thumbnailUrl":"https:\/\/crocjeux.com\/wp-content\/uploads\/2024\/09\/stupide-vautour4.png","datePublished":"2024-09-04T13:54:20+00:00","dateModified":"2025-04-30T09:06:17+00:00","description":"King Of Tokyo : Origins est un jeu ind\u00e9pendant de la s\u00e9rie King of Tokyo, destin\u00e9 \u00e0 servir de point d'entr\u00e9e pour les nouveaux joueurs, car il est all\u00e9g\u00e9 et plus abordable.","breadcrumb":{"@id":"https:\/\/crocjeux.com\/index.php\/produit\/6367\/#breadcrumb"},"inLanguage":"fr-FR","potentialAction":[{"@type":"ReadAction","target":["https:\/\/crocjeux.com\/index.php\/produit\/6367\/"]}]},{"@type":"ImageObject","inLanguage":"fr-FR","@id":"https:\/\/crocjeux.com\/index.php\/produit\/6367\/#primaryimage","url":"https:\/\/crocjeux.com\/wp-content\/uploads\/2024\/09\/stupide-vautour4.png","contentUrl":"https:\/\/crocjeux.com\/wp-content\/uploads\/2024\/09\/stupide-vautour4.png","width":1080,"height":1080},{"@type":"BreadcrumbList","@id":"https:\/\/crocjeux.com\/index.php\/produit\/6367\/#breadcrumb","itemListElement":[{"@type":"ListItem","position":1,"name":"Accueil","item":"https:\/\/crocjeux.com\/"},{"@type":"ListItem","position":2,"name":"Boutique","item":"https:\/\/crocjeux.com\/"},{"@type":"ListItem","position":3,"name":"King Of Tokyo Origins"}]},{"@type":"WebSite","@id":"https:\/\/crocjeux.com\/#website","url":"https:\/\/crocjeux.com\/","name":"Croc Jeux","description":"Bienvenue chez Croc Jeux!","publisher":{"@id":"https:\/\/crocjeux.com\/#organization"},"potentialAction":[{"@type":"SearchAction","target":{"@type":"EntryPoint","urlTemplate":"https:\/\/crocjeux.com\/?s={search_term_string}"},"query-input":{"@type":"PropertyValueSpecification","valueRequired":true,"valueName":"search_term_string"}}],"inLanguage":"fr-FR"},{"@type":"Organization","@id":"https:\/\/crocjeux.com\/#organization","name":"Croc Jeux","url":"https:\/\/crocjeux.com\/","logo":{"@type":"ImageObject","inLanguage":"fr-FR","@id":"https:\/\/crocjeux.com\/#\/schema\/logo\/image\/","url":"https:\/\/crocjeux.com\/wp-content\/uploads\/2022\/01\/cropped-logo-croc-etape-1-e1644574034239.jpg","contentUrl":"https:\/\/crocjeux.com\/wp-content\/uploads\/2022\/01\/cropped-logo-croc-etape-1-e1644574034239.jpg","width":1224,"height":314,"caption":"Croc Jeux"},"image":{"@id":"https:\/\/crocjeux.com\/#\/schema\/logo\/image\/"}}]}},"_links":{"self":[{"href":"https:\/\/crocjeux.com\/index.php\/wp-json\/wp\/v2\/product\/6367","targetHints":{"allow":["GET"]}}],"collection":[{"href":"https:\/\/crocjeux.com\/index.php\/wp-json\/wp\/v2\/product"}],"about":[{"href":"https:\/\/crocjeux.com\/index.php\/wp-json\/wp\/v2\/types\/product"}],"replies":[{"embeddable":true,"href":"https:\/\/crocjeux.com\/index.php\/wp-json\/wp\/v2\/comments?post=6367"}],"wp:featuredmedia":[{"embeddable":true,"href":"https:\/\/crocjeux.com\/index.php\/wp-json\/wp\/v2\/media\/6368"}],"wp:attachment":[{"href":"https:\/\/crocjeux.com\/index.php\/wp-json\/wp\/v2\/media?parent=6367"}],"wp:term":[{"taxonomy":"product_brand","embeddable":true,"href":"https:\/\/crocjeux.com\/index.php\/wp-json\/wp\/v2\/product_brand?post=6367"},{"taxonomy":"product_cat","embeddable":true,"href":"https:\/\/crocjeux.com\/index.php\/wp-json\/wp\/v2\/product_cat?post=6367"},{"taxonomy":"product_tag","embeddable":true,"href":"https:\/\/crocjeux.com\/index.php\/wp-json\/wp\/v2\/product_tag?post=6367"}],"curies":[{"name":"wp","href":"https:\/\/api.w.org\/{rel}","templated":true}]}}