{"id":6387,"date":"2024-09-06T14:42:31","date_gmt":"2024-09-06T13:42:31","guid":{"rendered":"https:\/\/crocjeux.com\/?post_type=product&#038;p=6387"},"modified":"2025-04-30T10:05:37","modified_gmt":"2025-04-30T09:05:37","slug":"dongeons-dragons-les-trefonds-de-phancreux-lobelisque-brise","status":"publish","type":"product","link":"https:\/\/crocjeux.com\/index.php\/produit\/dongeons-dragons-les-trefonds-de-phancreux-lobelisque-brise\/","title":{"rendered":"Dongeons &#038; Dragons Les Tr\u00e9fonds de Phancreux : L\u2019Ob\u00e9lisque Bris\u00e9"},"content":{"rendered":"<h2>Les Tr\u00e9fonds de Phancreux : L\u2019Ob\u00e9lisque Bris\u00e9, un suppl\u00e9ment pour le jeu de r\u00f4le Dungeons &amp; Dragons<\/h2>\n<div>\n<p>D\u00e9couvrez ce qui menace Phandaline dans cette aventure de donjon intemporelle pour le plus grand jeu de r\u00f4le au monde.<\/p>\n<p>Les Tr\u00e9fonds de Phancreux : L\u2019Ob\u00e9lisque Bris\u00e9 est une aventure fantastique qui d\u00e9bute dans la c\u00e9l\u00e8bre ville de Phandaline alors qu&rsquo;elle court un grave danger.<br \/>\nLes h\u00e9ros, qui peuvent \u00eatre de nouveaux arrivants \u00e0 Phandaline ou de retour apr\u00e8s la c\u00e9l\u00e8bre aventure Dungeons &amp; Dragons Mine oubli\u00e9e de Phancreux, d\u00e9couvrent les signes d&rsquo;une menace qui r\u00f4de sous la ville.<br \/>\nIls apprennent rapidement qu&rsquo;une secte d\u00e9vou\u00e9e \u00e0 une entit\u00e9 mal\u00e9fique a jet\u00e9 son d\u00e9volu sur la ville de Phandaline pour en faire la capitale de son empire mal\u00e9fique. Pour emp\u00eacher la destruction de la ville, les h\u00e9ros devront d\u00e9jouer le plan machiav\u00e9lique des occultistes et affronter directement ces \u00eatres venus d&rsquo;un autre monde.<\/p>\n<p>Dans ce suppl\u00e9ment, vous trouverez :<\/p>\n<p>&nbsp;<\/p>\n<ul>\n<li>Une toute nouvelle aventure qui reprend les th\u00e8mes classiques de D&amp;D avec un soup\u00e7on d&rsquo;horreur.<\/li>\n<li>Un bestiaire contenant une vingtaine de nouvelles cr\u00e9atures qui \u00e9voquent tour \u00e0 tour magie psionique, horreur corporelle et plus encore.<\/li>\n<li>De nouveaux objets m\u00e9tamagiques consommables et de la magie duergar.<\/li>\n<li>Une affiche recto-verso avec la carte de la r\u00e9gion de Phandaline d&rsquo;un c\u00f4t\u00e9 et la ville de Phandaline avec les rencontres essentielles pour l&rsquo;aventure de l&rsquo;autre.<\/li>\n<\/ul>\n<\/div>\n","protected":false},"excerpt":{"rendered":"<p>Les Tr\u00e9fonds de Phancreux : L\u2019Ob\u00e9lisque Bris\u00e9, un suppl\u00e9ment pour le jeu de r\u00f4le Dungeons &amp; Dragons D\u00e9couvrez ce qui<\/p>\n","protected":false},"featured_media":6389,"comment_status":"open","ping_status":"closed","template":"","meta":{"colormag_page_container_layout":"default_layout","colormag_page_sidebar_layout":"default_layout"},"product_brand":[],"product_cat":[35,37],"product_tag":[],"class_list":{"0":"post-6387","1":"product","2":"type-product","3":"status-publish","4":"has-post-thumbnail","6":"product_cat-jeux-jdr","7":"product_cat-ne-ratez-pas","9":"first","10":"instock","11":"taxable","12":"shipping-taxable","13":"purchasable","14":"product-type-simple"},"yoast_head":"<!-- This site is optimized with the Yoast SEO plugin v27.4 - https:\/\/yoast.com\/product\/yoast-seo-wordpress\/ -->\n<title>Dongeons &amp; Dragons Les Tr\u00e9fonds de Phancreux : L\u2019Ob\u00e9lisque Bris\u00e9 - Croc Jeux<\/title>\n<meta name=\"description\" content=\"Les Tr\u00e9fonds de Phancreux : L\u2019Ob\u00e9lisque Bris\u00e9 est une aventure fantastique qui d\u00e9bute dans la c\u00e9l\u00e8bre ville de Phandaline alors qu&#039;elle court un grave danger.\" \/>\n<meta name=\"robots\" content=\"index, follow, max-snippet:-1, max-image-preview:large, max-video-preview:-1\" \/>\n<link rel=\"canonical\" href=\"https:\/\/crocjeux.com\/index.php\/produit\/dongeons-dragons-les-trefonds-de-phancreux-lobelisque-brise\/\" \/>\n<meta property=\"og:locale\" content=\"fr_FR\" \/>\n<meta property=\"og:type\" content=\"article\" \/>\n<meta property=\"og:title\" content=\"Dongeons &amp; Dragons Les Tr\u00e9fonds de Phancreux : L\u2019Ob\u00e9lisque Bris\u00e9 - Croc Jeux\" \/>\n<meta property=\"og:description\" content=\"Les Tr\u00e9fonds de Phancreux : L\u2019Ob\u00e9lisque Bris\u00e9 est une aventure fantastique qui d\u00e9bute dans la c\u00e9l\u00e8bre ville de Phandaline alors qu&#039;elle court un grave danger.\" \/>\n<meta property=\"og:url\" content=\"https:\/\/crocjeux.com\/index.php\/produit\/dongeons-dragons-les-trefonds-de-phancreux-lobelisque-brise\/\" \/>\n<meta property=\"og:site_name\" content=\"Croc Jeux\" \/>\n<meta property=\"article:modified_time\" content=\"2025-04-30T09:05:37+00:00\" \/>\n<meta property=\"og:image\" content=\"https:\/\/crocjeux.com\/wp-content\/uploads\/2024\/09\/contenu-the-mandalorian-1.png\" \/>\n\t<meta property=\"og:image:width\" content=\"1280\" \/>\n\t<meta property=\"og:image:height\" content=\"800\" \/>\n\t<meta property=\"og:image:type\" content=\"image\/png\" \/>\n<meta name=\"twitter:card\" content=\"summary_large_image\" \/>\n<meta name=\"twitter:label1\" content=\"Dur\u00e9e de lecture estim\u00e9e\" \/>\n\t<meta name=\"twitter:data1\" content=\"2 minutes\" \/>\n<script type=\"application\/ld+json\" class=\"yoast-schema-graph\">{\"@context\":\"https:\\\/\\\/schema.org\",\"@graph\":[{\"@type\":\"WebPage\",\"@id\":\"https:\\\/\\\/crocjeux.com\\\/index.php\\\/produit\\\/dongeons-dragons-les-trefonds-de-phancreux-lobelisque-brise\\\/\",\"url\":\"https:\\\/\\\/crocjeux.com\\\/index.php\\\/produit\\\/dongeons-dragons-les-trefonds-de-phancreux-lobelisque-brise\\\/\",\"name\":\"Dongeons & Dragons Les Tr\u00e9fonds de Phancreux : L\u2019Ob\u00e9lisque Bris\u00e9 - Croc Jeux\",\"isPartOf\":{\"@id\":\"https:\\\/\\\/crocjeux.com\\\/#website\"},\"primaryImageOfPage\":{\"@id\":\"https:\\\/\\\/crocjeux.com\\\/index.php\\\/produit\\\/dongeons-dragons-les-trefonds-de-phancreux-lobelisque-brise\\\/#primaryimage\"},\"image\":{\"@id\":\"https:\\\/\\\/crocjeux.com\\\/index.php\\\/produit\\\/dongeons-dragons-les-trefonds-de-phancreux-lobelisque-brise\\\/#primaryimage\"},\"thumbnailUrl\":\"https:\\\/\\\/crocjeux.com\\\/wp-content\\\/uploads\\\/2024\\\/09\\\/contenu-the-mandalorian-1.png\",\"datePublished\":\"2024-09-06T13:42:31+00:00\",\"dateModified\":\"2025-04-30T09:05:37+00:00\",\"description\":\"Les Tr\u00e9fonds de Phancreux : L\u2019Ob\u00e9lisque Bris\u00e9 est une aventure fantastique qui d\u00e9bute dans la c\u00e9l\u00e8bre ville de Phandaline alors qu'elle court un grave danger.\",\"breadcrumb\":{\"@id\":\"https:\\\/\\\/crocjeux.com\\\/index.php\\\/produit\\\/dongeons-dragons-les-trefonds-de-phancreux-lobelisque-brise\\\/#breadcrumb\"},\"inLanguage\":\"fr-FR\",\"potentialAction\":[{\"@type\":\"ReadAction\",\"target\":[\"https:\\\/\\\/crocjeux.com\\\/index.php\\\/produit\\\/dongeons-dragons-les-trefonds-de-phancreux-lobelisque-brise\\\/\"]}]},{\"@type\":\"ImageObject\",\"inLanguage\":\"fr-FR\",\"@id\":\"https:\\\/\\\/crocjeux.com\\\/index.php\\\/produit\\\/dongeons-dragons-les-trefonds-de-phancreux-lobelisque-brise\\\/#primaryimage\",\"url\":\"https:\\\/\\\/crocjeux.com\\\/wp-content\\\/uploads\\\/2024\\\/09\\\/contenu-the-mandalorian-1.png\",\"contentUrl\":\"https:\\\/\\\/crocjeux.com\\\/wp-content\\\/uploads\\\/2024\\\/09\\\/contenu-the-mandalorian-1.png\",\"width\":1280,\"height\":800},{\"@type\":\"BreadcrumbList\",\"@id\":\"https:\\\/\\\/crocjeux.com\\\/index.php\\\/produit\\\/dongeons-dragons-les-trefonds-de-phancreux-lobelisque-brise\\\/#breadcrumb\",\"itemListElement\":[{\"@type\":\"ListItem\",\"position\":1,\"name\":\"Accueil\",\"item\":\"https:\\\/\\\/crocjeux.com\\\/\"},{\"@type\":\"ListItem\",\"position\":2,\"name\":\"Boutique\",\"item\":\"https:\\\/\\\/crocjeux.com\\\/\"},{\"@type\":\"ListItem\",\"position\":3,\"name\":\"Dongeons &#038; Dragons Les Tr\u00e9fonds de Phancreux : L\u2019Ob\u00e9lisque Bris\u00e9\"}]},{\"@type\":\"WebSite\",\"@id\":\"https:\\\/\\\/crocjeux.com\\\/#website\",\"url\":\"https:\\\/\\\/crocjeux.com\\\/\",\"name\":\"Croc Jeux\",\"description\":\"Bienvenue chez Croc Jeux!\",\"publisher\":{\"@id\":\"https:\\\/\\\/crocjeux.com\\\/#organization\"},\"potentialAction\":[{\"@type\":\"SearchAction\",\"target\":{\"@type\":\"EntryPoint\",\"urlTemplate\":\"https:\\\/\\\/crocjeux.com\\\/?s={search_term_string}\"},\"query-input\":{\"@type\":\"PropertyValueSpecification\",\"valueRequired\":true,\"valueName\":\"search_term_string\"}}],\"inLanguage\":\"fr-FR\"},{\"@type\":\"Organization\",\"@id\":\"https:\\\/\\\/crocjeux.com\\\/#organization\",\"name\":\"Croc Jeux\",\"url\":\"https:\\\/\\\/crocjeux.com\\\/\",\"logo\":{\"@type\":\"ImageObject\",\"inLanguage\":\"fr-FR\",\"@id\":\"https:\\\/\\\/crocjeux.com\\\/#\\\/schema\\\/logo\\\/image\\\/\",\"url\":\"https:\\\/\\\/crocjeux.com\\\/wp-content\\\/uploads\\\/2022\\\/01\\\/cropped-logo-croc-etape-1-e1644574034239.jpg\",\"contentUrl\":\"https:\\\/\\\/crocjeux.com\\\/wp-content\\\/uploads\\\/2022\\\/01\\\/cropped-logo-croc-etape-1-e1644574034239.jpg\",\"width\":1224,\"height\":314,\"caption\":\"Croc Jeux\"},\"image\":{\"@id\":\"https:\\\/\\\/crocjeux.com\\\/#\\\/schema\\\/logo\\\/image\\\/\"}}]}<\/script>\n<!-- \/ Yoast SEO plugin. -->","yoast_head_json":{"title":"Dongeons & Dragons Les Tr\u00e9fonds de Phancreux : L\u2019Ob\u00e9lisque Bris\u00e9 - Croc Jeux","description":"Les Tr\u00e9fonds de Phancreux : L\u2019Ob\u00e9lisque Bris\u00e9 est une aventure fantastique qui d\u00e9bute dans la c\u00e9l\u00e8bre ville de Phandaline alors qu'elle court un grave danger.","robots":{"index":"index","follow":"follow","max-snippet":"max-snippet:-1","max-image-preview":"max-image-preview:large","max-video-preview":"max-video-preview:-1"},"canonical":"https:\/\/crocjeux.com\/index.php\/produit\/dongeons-dragons-les-trefonds-de-phancreux-lobelisque-brise\/","og_locale":"fr_FR","og_type":"article","og_title":"Dongeons & Dragons Les Tr\u00e9fonds de Phancreux : L\u2019Ob\u00e9lisque Bris\u00e9 - Croc Jeux","og_description":"Les Tr\u00e9fonds de Phancreux : L\u2019Ob\u00e9lisque Bris\u00e9 est une aventure fantastique qui d\u00e9bute dans la c\u00e9l\u00e8bre ville de Phandaline alors qu'elle court un grave danger.","og_url":"https:\/\/crocjeux.com\/index.php\/produit\/dongeons-dragons-les-trefonds-de-phancreux-lobelisque-brise\/","og_site_name":"Croc Jeux","article_modified_time":"2025-04-30T09:05:37+00:00","og_image":[{"width":1280,"height":800,"url":"https:\/\/crocjeux.com\/wp-content\/uploads\/2024\/09\/contenu-the-mandalorian-1.png","type":"image\/png"}],"twitter_card":"summary_large_image","twitter_misc":{"Dur\u00e9e de lecture estim\u00e9e":"2 minutes"},"schema":{"@context":"https:\/\/schema.org","@graph":[{"@type":"WebPage","@id":"https:\/\/crocjeux.com\/index.php\/produit\/dongeons-dragons-les-trefonds-de-phancreux-lobelisque-brise\/","url":"https:\/\/crocjeux.com\/index.php\/produit\/dongeons-dragons-les-trefonds-de-phancreux-lobelisque-brise\/","name":"Dongeons & Dragons Les Tr\u00e9fonds de Phancreux : L\u2019Ob\u00e9lisque Bris\u00e9 - Croc Jeux","isPartOf":{"@id":"https:\/\/crocjeux.com\/#website"},"primaryImageOfPage":{"@id":"https:\/\/crocjeux.com\/index.php\/produit\/dongeons-dragons-les-trefonds-de-phancreux-lobelisque-brise\/#primaryimage"},"image":{"@id":"https:\/\/crocjeux.com\/index.php\/produit\/dongeons-dragons-les-trefonds-de-phancreux-lobelisque-brise\/#primaryimage"},"thumbnailUrl":"https:\/\/crocjeux.com\/wp-content\/uploads\/2024\/09\/contenu-the-mandalorian-1.png","datePublished":"2024-09-06T13:42:31+00:00","dateModified":"2025-04-30T09:05:37+00:00","description":"Les Tr\u00e9fonds de Phancreux : L\u2019Ob\u00e9lisque Bris\u00e9 est une aventure fantastique qui d\u00e9bute dans la c\u00e9l\u00e8bre ville de Phandaline alors qu'elle court un grave danger.","breadcrumb":{"@id":"https:\/\/crocjeux.com\/index.php\/produit\/dongeons-dragons-les-trefonds-de-phancreux-lobelisque-brise\/#breadcrumb"},"inLanguage":"fr-FR","potentialAction":[{"@type":"ReadAction","target":["https:\/\/crocjeux.com\/index.php\/produit\/dongeons-dragons-les-trefonds-de-phancreux-lobelisque-brise\/"]}]},{"@type":"ImageObject","inLanguage":"fr-FR","@id":"https:\/\/crocjeux.com\/index.php\/produit\/dongeons-dragons-les-trefonds-de-phancreux-lobelisque-brise\/#primaryimage","url":"https:\/\/crocjeux.com\/wp-content\/uploads\/2024\/09\/contenu-the-mandalorian-1.png","contentUrl":"https:\/\/crocjeux.com\/wp-content\/uploads\/2024\/09\/contenu-the-mandalorian-1.png","width":1280,"height":800},{"@type":"BreadcrumbList","@id":"https:\/\/crocjeux.com\/index.php\/produit\/dongeons-dragons-les-trefonds-de-phancreux-lobelisque-brise\/#breadcrumb","itemListElement":[{"@type":"ListItem","position":1,"name":"Accueil","item":"https:\/\/crocjeux.com\/"},{"@type":"ListItem","position":2,"name":"Boutique","item":"https:\/\/crocjeux.com\/"},{"@type":"ListItem","position":3,"name":"Dongeons &#038; Dragons Les Tr\u00e9fonds de Phancreux : L\u2019Ob\u00e9lisque Bris\u00e9"}]},{"@type":"WebSite","@id":"https:\/\/crocjeux.com\/#website","url":"https:\/\/crocjeux.com\/","name":"Croc Jeux","description":"Bienvenue chez Croc Jeux!","publisher":{"@id":"https:\/\/crocjeux.com\/#organization"},"potentialAction":[{"@type":"SearchAction","target":{"@type":"EntryPoint","urlTemplate":"https:\/\/crocjeux.com\/?s={search_term_string}"},"query-input":{"@type":"PropertyValueSpecification","valueRequired":true,"valueName":"search_term_string"}}],"inLanguage":"fr-FR"},{"@type":"Organization","@id":"https:\/\/crocjeux.com\/#organization","name":"Croc Jeux","url":"https:\/\/crocjeux.com\/","logo":{"@type":"ImageObject","inLanguage":"fr-FR","@id":"https:\/\/crocjeux.com\/#\/schema\/logo\/image\/","url":"https:\/\/crocjeux.com\/wp-content\/uploads\/2022\/01\/cropped-logo-croc-etape-1-e1644574034239.jpg","contentUrl":"https:\/\/crocjeux.com\/wp-content\/uploads\/2022\/01\/cropped-logo-croc-etape-1-e1644574034239.jpg","width":1224,"height":314,"caption":"Croc Jeux"},"image":{"@id":"https:\/\/crocjeux.com\/#\/schema\/logo\/image\/"}}]}},"_links":{"self":[{"href":"https:\/\/crocjeux.com\/index.php\/wp-json\/wp\/v2\/product\/6387","targetHints":{"allow":["GET"]}}],"collection":[{"href":"https:\/\/crocjeux.com\/index.php\/wp-json\/wp\/v2\/product"}],"about":[{"href":"https:\/\/crocjeux.com\/index.php\/wp-json\/wp\/v2\/types\/product"}],"replies":[{"embeddable":true,"href":"https:\/\/crocjeux.com\/index.php\/wp-json\/wp\/v2\/comments?post=6387"}],"wp:featuredmedia":[{"embeddable":true,"href":"https:\/\/crocjeux.com\/index.php\/wp-json\/wp\/v2\/media\/6389"}],"wp:attachment":[{"href":"https:\/\/crocjeux.com\/index.php\/wp-json\/wp\/v2\/media?parent=6387"}],"wp:term":[{"taxonomy":"product_brand","embeddable":true,"href":"https:\/\/crocjeux.com\/index.php\/wp-json\/wp\/v2\/product_brand?post=6387"},{"taxonomy":"product_cat","embeddable":true,"href":"https:\/\/crocjeux.com\/index.php\/wp-json\/wp\/v2\/product_cat?post=6387"},{"taxonomy":"product_tag","embeddable":true,"href":"https:\/\/crocjeux.com\/index.php\/wp-json\/wp\/v2\/product_tag?post=6387"}],"curies":[{"name":"wp","href":"https:\/\/api.w.org\/{rel}","templated":true}]}}