{"id":6390,"date":"2024-09-06T15:03:01","date_gmt":"2024-09-06T14:03:01","guid":{"rendered":"https:\/\/crocjeux.com\/?post_type=product&#038;p=6390"},"modified":"2024-09-06T15:03:01","modified_gmt":"2024-09-06T14:03:01","slug":"wild-tiled-west","status":"publish","type":"product","link":"https:\/\/crocjeux.com\/index.php\/produit\/wild-tiled-west\/","title":{"rendered":"Wild Tiled West"},"content":{"rendered":"<section id=\"tab-description\" class=\"page-product-box r-tabs-panel r-tabs-state-active\">\n<div class=\"rte\">\n<h2>D\u00e9frichez, minez, attroupez, affrontez !<\/h2>\n<p>Une fronti\u00e8re peupl\u00e9e de cr\u00e9atures travailleuses et de vermines d\u00e9loyales vous attend dans<b> Wild Tiled West<\/b> !<\/p>\n<p>Draftez des tuiles pour fonder de nouvelles villes sur la prairie et faire grandir votre colonie. Prot\u00e9gez vos citoyens des bandits sans foi ni loi. Faites fortune en exploitant vos mines, ou risquez tout \u00e0 la table de jeu !<\/p>\n<h4>Contenu :<\/h4>\n<ul>\n<li>8 plateaux Colonie recto verso<\/li>\n<li>5 pistes de mine<\/li>\n<li>4 plateaux Tuiles<\/li>\n<li>96 tuiles<\/li>\n<li>1 plateau Score<\/li>\n<li>16 cartes Partenaire<\/li>\n<li>6 d\u00e9s pour drafter les tuiles<\/li>\n<li>30 p\u00e9pites d\u2019or<\/li>\n<li>35 balles\/tombes<\/li>\n<li>15 santiags<\/li>\n<li>15 bandits des collines<\/li>\n<li>25 all\u00e9es<\/li>\n<li>4 contrats de b\u00e9tail<\/li>\n<li>4 cartes As<\/li>\n<li>12 cartes pour le mode Solo<\/li>\n<\/ul>\n<\/div>\n<\/section>\n","protected":false},"excerpt":{"rendered":"<p>D\u00e9frichez, minez, attroupez, affrontez ! Une fronti\u00e8re peupl\u00e9e de cr\u00e9atures travailleuses et de vermines d\u00e9loyales vous attend dans Wild Tiled<\/p>\n","protected":false},"featured_media":6391,"comment_status":"open","ping_status":"closed","template":"","meta":{"colormag_page_container_layout":"default_layout","colormag_page_sidebar_layout":"default_layout"},"product_brand":[],"product_cat":[18,36,29],"product_tag":[],"class_list":{"0":"post-6390","1":"product","2":"type-product","3":"status-publish","4":"has-post-thumbnail","6":"product_cat-jeux-de-strategie","7":"product_cat-jeux-familiaux","8":"product_cat-jeux-2-joueurs","10":"first","11":"instock","12":"taxable","13":"shipping-taxable","14":"purchasable","15":"product-type-simple"},"yoast_head":"<!-- This site is optimized with the Yoast SEO plugin v27.4 - https:\/\/yoast.com\/product\/yoast-seo-wordpress\/ -->\n<title>Wild Tiled West - Croc Jeux<\/title>\n<meta name=\"description\" content=\"L\u2019Ouest est plus sauvage que jamais ! C\u2019est avec une bonne strat\u00e9gie \u2013 et un peu de chance \u2013 que vous finirez en t\u00eate. Alors en selle, cowboy !\" \/>\n<meta name=\"robots\" content=\"index, follow, max-snippet:-1, max-image-preview:large, max-video-preview:-1\" \/>\n<link rel=\"canonical\" href=\"https:\/\/crocjeux.com\/index.php\/produit\/wild-tiled-west\/\" \/>\n<meta property=\"og:locale\" content=\"fr_FR\" \/>\n<meta property=\"og:type\" content=\"article\" \/>\n<meta property=\"og:title\" content=\"Wild Tiled West - Croc Jeux\" \/>\n<meta property=\"og:description\" content=\"L\u2019Ouest est plus sauvage que jamais ! C\u2019est avec une bonne strat\u00e9gie \u2013 et un peu de chance \u2013 que vous finirez en t\u00eate. Alors en selle, cowboy !\" \/>\n<meta property=\"og:url\" content=\"https:\/\/crocjeux.com\/index.php\/produit\/wild-tiled-west\/\" \/>\n<meta property=\"og:site_name\" content=\"Croc Jeux\" \/>\n<meta property=\"og:image\" content=\"https:\/\/crocjeux.com\/wp-content\/uploads\/2024\/09\/Dune-insurection.png\" \/>\n\t<meta property=\"og:image:width\" content=\"1080\" \/>\n\t<meta property=\"og:image:height\" content=\"1080\" \/>\n\t<meta property=\"og:image:type\" content=\"image\/png\" \/>\n<meta name=\"twitter:card\" content=\"summary_large_image\" \/>\n<meta name=\"twitter:label1\" content=\"Dur\u00e9e de lecture estim\u00e9e\" \/>\n\t<meta name=\"twitter:data1\" content=\"1 minute\" \/>\n<script type=\"application\/ld+json\" class=\"yoast-schema-graph\">{\"@context\":\"https:\\\/\\\/schema.org\",\"@graph\":[{\"@type\":\"WebPage\",\"@id\":\"https:\\\/\\\/crocjeux.com\\\/index.php\\\/produit\\\/wild-tiled-west\\\/\",\"url\":\"https:\\\/\\\/crocjeux.com\\\/index.php\\\/produit\\\/wild-tiled-west\\\/\",\"name\":\"Wild Tiled West - Croc Jeux\",\"isPartOf\":{\"@id\":\"https:\\\/\\\/crocjeux.com\\\/#website\"},\"primaryImageOfPage\":{\"@id\":\"https:\\\/\\\/crocjeux.com\\\/index.php\\\/produit\\\/wild-tiled-west\\\/#primaryimage\"},\"image\":{\"@id\":\"https:\\\/\\\/crocjeux.com\\\/index.php\\\/produit\\\/wild-tiled-west\\\/#primaryimage\"},\"thumbnailUrl\":\"https:\\\/\\\/crocjeux.com\\\/wp-content\\\/uploads\\\/2024\\\/09\\\/Dune-insurection.png\",\"datePublished\":\"2024-09-06T14:03:01+00:00\",\"description\":\"L\u2019Ouest est plus sauvage que jamais ! C\u2019est avec une bonne strat\u00e9gie \u2013 et un peu de chance \u2013 que vous finirez en t\u00eate. Alors en selle, cowboy !\",\"breadcrumb\":{\"@id\":\"https:\\\/\\\/crocjeux.com\\\/index.php\\\/produit\\\/wild-tiled-west\\\/#breadcrumb\"},\"inLanguage\":\"fr-FR\",\"potentialAction\":[{\"@type\":\"ReadAction\",\"target\":[\"https:\\\/\\\/crocjeux.com\\\/index.php\\\/produit\\\/wild-tiled-west\\\/\"]}]},{\"@type\":\"ImageObject\",\"inLanguage\":\"fr-FR\",\"@id\":\"https:\\\/\\\/crocjeux.com\\\/index.php\\\/produit\\\/wild-tiled-west\\\/#primaryimage\",\"url\":\"https:\\\/\\\/crocjeux.com\\\/wp-content\\\/uploads\\\/2024\\\/09\\\/Dune-insurection.png\",\"contentUrl\":\"https:\\\/\\\/crocjeux.com\\\/wp-content\\\/uploads\\\/2024\\\/09\\\/Dune-insurection.png\",\"width\":1080,\"height\":1080},{\"@type\":\"BreadcrumbList\",\"@id\":\"https:\\\/\\\/crocjeux.com\\\/index.php\\\/produit\\\/wild-tiled-west\\\/#breadcrumb\",\"itemListElement\":[{\"@type\":\"ListItem\",\"position\":1,\"name\":\"Accueil\",\"item\":\"https:\\\/\\\/crocjeux.com\\\/\"},{\"@type\":\"ListItem\",\"position\":2,\"name\":\"Boutique\",\"item\":\"https:\\\/\\\/crocjeux.com\\\/\"},{\"@type\":\"ListItem\",\"position\":3,\"name\":\"Wild Tiled West\"}]},{\"@type\":\"WebSite\",\"@id\":\"https:\\\/\\\/crocjeux.com\\\/#website\",\"url\":\"https:\\\/\\\/crocjeux.com\\\/\",\"name\":\"Croc Jeux\",\"description\":\"Bienvenue chez Croc Jeux!\",\"publisher\":{\"@id\":\"https:\\\/\\\/crocjeux.com\\\/#organization\"},\"potentialAction\":[{\"@type\":\"SearchAction\",\"target\":{\"@type\":\"EntryPoint\",\"urlTemplate\":\"https:\\\/\\\/crocjeux.com\\\/?s={search_term_string}\"},\"query-input\":{\"@type\":\"PropertyValueSpecification\",\"valueRequired\":true,\"valueName\":\"search_term_string\"}}],\"inLanguage\":\"fr-FR\"},{\"@type\":\"Organization\",\"@id\":\"https:\\\/\\\/crocjeux.com\\\/#organization\",\"name\":\"Croc Jeux\",\"url\":\"https:\\\/\\\/crocjeux.com\\\/\",\"logo\":{\"@type\":\"ImageObject\",\"inLanguage\":\"fr-FR\",\"@id\":\"https:\\\/\\\/crocjeux.com\\\/#\\\/schema\\\/logo\\\/image\\\/\",\"url\":\"https:\\\/\\\/crocjeux.com\\\/wp-content\\\/uploads\\\/2022\\\/01\\\/cropped-logo-croc-etape-1-e1644574034239.jpg\",\"contentUrl\":\"https:\\\/\\\/crocjeux.com\\\/wp-content\\\/uploads\\\/2022\\\/01\\\/cropped-logo-croc-etape-1-e1644574034239.jpg\",\"width\":1224,\"height\":314,\"caption\":\"Croc Jeux\"},\"image\":{\"@id\":\"https:\\\/\\\/crocjeux.com\\\/#\\\/schema\\\/logo\\\/image\\\/\"}}]}<\/script>\n<!-- \/ Yoast SEO plugin. -->","yoast_head_json":{"title":"Wild Tiled West - Croc Jeux","description":"L\u2019Ouest est plus sauvage que jamais ! C\u2019est avec une bonne strat\u00e9gie \u2013 et un peu de chance \u2013 que vous finirez en t\u00eate. Alors en selle, cowboy !","robots":{"index":"index","follow":"follow","max-snippet":"max-snippet:-1","max-image-preview":"max-image-preview:large","max-video-preview":"max-video-preview:-1"},"canonical":"https:\/\/crocjeux.com\/index.php\/produit\/wild-tiled-west\/","og_locale":"fr_FR","og_type":"article","og_title":"Wild Tiled West - Croc Jeux","og_description":"L\u2019Ouest est plus sauvage que jamais ! C\u2019est avec une bonne strat\u00e9gie \u2013 et un peu de chance \u2013 que vous finirez en t\u00eate. Alors en selle, cowboy !","og_url":"https:\/\/crocjeux.com\/index.php\/produit\/wild-tiled-west\/","og_site_name":"Croc Jeux","og_image":[{"width":1080,"height":1080,"url":"https:\/\/crocjeux.com\/wp-content\/uploads\/2024\/09\/Dune-insurection.png","type":"image\/png"}],"twitter_card":"summary_large_image","twitter_misc":{"Dur\u00e9e de lecture estim\u00e9e":"1 minute"},"schema":{"@context":"https:\/\/schema.org","@graph":[{"@type":"WebPage","@id":"https:\/\/crocjeux.com\/index.php\/produit\/wild-tiled-west\/","url":"https:\/\/crocjeux.com\/index.php\/produit\/wild-tiled-west\/","name":"Wild Tiled West - Croc Jeux","isPartOf":{"@id":"https:\/\/crocjeux.com\/#website"},"primaryImageOfPage":{"@id":"https:\/\/crocjeux.com\/index.php\/produit\/wild-tiled-west\/#primaryimage"},"image":{"@id":"https:\/\/crocjeux.com\/index.php\/produit\/wild-tiled-west\/#primaryimage"},"thumbnailUrl":"https:\/\/crocjeux.com\/wp-content\/uploads\/2024\/09\/Dune-insurection.png","datePublished":"2024-09-06T14:03:01+00:00","description":"L\u2019Ouest est plus sauvage que jamais ! C\u2019est avec une bonne strat\u00e9gie \u2013 et un peu de chance \u2013 que vous finirez en t\u00eate. Alors en selle, cowboy !","breadcrumb":{"@id":"https:\/\/crocjeux.com\/index.php\/produit\/wild-tiled-west\/#breadcrumb"},"inLanguage":"fr-FR","potentialAction":[{"@type":"ReadAction","target":["https:\/\/crocjeux.com\/index.php\/produit\/wild-tiled-west\/"]}]},{"@type":"ImageObject","inLanguage":"fr-FR","@id":"https:\/\/crocjeux.com\/index.php\/produit\/wild-tiled-west\/#primaryimage","url":"https:\/\/crocjeux.com\/wp-content\/uploads\/2024\/09\/Dune-insurection.png","contentUrl":"https:\/\/crocjeux.com\/wp-content\/uploads\/2024\/09\/Dune-insurection.png","width":1080,"height":1080},{"@type":"BreadcrumbList","@id":"https:\/\/crocjeux.com\/index.php\/produit\/wild-tiled-west\/#breadcrumb","itemListElement":[{"@type":"ListItem","position":1,"name":"Accueil","item":"https:\/\/crocjeux.com\/"},{"@type":"ListItem","position":2,"name":"Boutique","item":"https:\/\/crocjeux.com\/"},{"@type":"ListItem","position":3,"name":"Wild Tiled West"}]},{"@type":"WebSite","@id":"https:\/\/crocjeux.com\/#website","url":"https:\/\/crocjeux.com\/","name":"Croc Jeux","description":"Bienvenue chez Croc Jeux!","publisher":{"@id":"https:\/\/crocjeux.com\/#organization"},"potentialAction":[{"@type":"SearchAction","target":{"@type":"EntryPoint","urlTemplate":"https:\/\/crocjeux.com\/?s={search_term_string}"},"query-input":{"@type":"PropertyValueSpecification","valueRequired":true,"valueName":"search_term_string"}}],"inLanguage":"fr-FR"},{"@type":"Organization","@id":"https:\/\/crocjeux.com\/#organization","name":"Croc Jeux","url":"https:\/\/crocjeux.com\/","logo":{"@type":"ImageObject","inLanguage":"fr-FR","@id":"https:\/\/crocjeux.com\/#\/schema\/logo\/image\/","url":"https:\/\/crocjeux.com\/wp-content\/uploads\/2022\/01\/cropped-logo-croc-etape-1-e1644574034239.jpg","contentUrl":"https:\/\/crocjeux.com\/wp-content\/uploads\/2022\/01\/cropped-logo-croc-etape-1-e1644574034239.jpg","width":1224,"height":314,"caption":"Croc Jeux"},"image":{"@id":"https:\/\/crocjeux.com\/#\/schema\/logo\/image\/"}}]}},"_links":{"self":[{"href":"https:\/\/crocjeux.com\/index.php\/wp-json\/wp\/v2\/product\/6390","targetHints":{"allow":["GET"]}}],"collection":[{"href":"https:\/\/crocjeux.com\/index.php\/wp-json\/wp\/v2\/product"}],"about":[{"href":"https:\/\/crocjeux.com\/index.php\/wp-json\/wp\/v2\/types\/product"}],"replies":[{"embeddable":true,"href":"https:\/\/crocjeux.com\/index.php\/wp-json\/wp\/v2\/comments?post=6390"}],"wp:featuredmedia":[{"embeddable":true,"href":"https:\/\/crocjeux.com\/index.php\/wp-json\/wp\/v2\/media\/6391"}],"wp:attachment":[{"href":"https:\/\/crocjeux.com\/index.php\/wp-json\/wp\/v2\/media?parent=6390"}],"wp:term":[{"taxonomy":"product_brand","embeddable":true,"href":"https:\/\/crocjeux.com\/index.php\/wp-json\/wp\/v2\/product_brand?post=6390"},{"taxonomy":"product_cat","embeddable":true,"href":"https:\/\/crocjeux.com\/index.php\/wp-json\/wp\/v2\/product_cat?post=6390"},{"taxonomy":"product_tag","embeddable":true,"href":"https:\/\/crocjeux.com\/index.php\/wp-json\/wp\/v2\/product_tag?post=6390"}],"curies":[{"name":"wp","href":"https:\/\/api.w.org\/{rel}","templated":true}]}}