{"id":6427,"date":"2024-09-12T10:24:33","date_gmt":"2024-09-12T09:24:33","guid":{"rendered":"https:\/\/crocjeux.com\/?post_type=product&#038;p=6427"},"modified":"2025-04-30T10:05:04","modified_gmt":"2025-04-30T09:05:04","slug":"yu-gi-oh-boite-du-25e-anniversaire-miroirs-du-duel-precommande-sortie-le-19-septembre","status":"publish","type":"product","link":"https:\/\/crocjeux.com\/index.php\/produit\/yu-gi-oh-boite-du-25e-anniversaire-miroirs-du-duel-precommande-sortie-le-19-septembre\/","title":{"rendered":"Yu Gi Oh Boite du 25e anniversaire : Miroirs du Duel"},"content":{"rendered":"<p>PRECOMMANDE SORTIE LE 19 Septembre!<\/p>\n<p>&nbsp;<\/p>\n<p>Le 25e anniversaire de Dueling bat son plein avec la boite m\u00e9tal the 25th Anniversary Tin : Dueling Mirrors !<\/p>\n<p>Dos-\u00e0-dos, comme en miroir, Yami Yugi et Seto Kaiba se dressent comme des g\u00e9ants face \u00e0 une s\u00e9rie de monstres embl\u00e9matiques de la s\u00e9rie anim\u00e9e Yu-Gi-Oh! Bien qu&rsquo;ils soient les plus grands duellistes du monde, Yugi et Kaiba ont toujours \u00e9t\u00e9 des miroirs l&rsquo;un de l&rsquo;autre, Yugi s&rsquo;appuyant sur l&rsquo;unit\u00e9 de son \u00e9quipe et le pouvoir de l&rsquo;amiti\u00e9, Kaiba tirant fiert\u00e9 de ses propres comp\u00e9tences presque in\u00e9gal\u00e9es.<\/p>\n<p>Comme toujours, chaque bo\u00eete contiendra 3 Mega-Packs, chacun avec plusieurs raret\u00e9s garanties. Le Tin de cette ann\u00e9e \u00e9limine certains des slots de raret\u00e9 inf\u00e9rieure pour donner \u00e0 chacun plus de la raret\u00e9 sup\u00e9rieure que les gens recherchent, y compris un Quarter Century Secret Rare dans chacun des trois packs ! Soyez fiers de vos talents, puisque nous les avons r\u00e9unis dans les raret\u00e9s sup\u00e9rieures !<\/p>\n<p>Cette ann\u00e9e, les meilleurs choix de Tin box rassemblent des cartes populaires et recherch\u00e9es d&rsquo;une douzaine de boosters r\u00e9cents, y compris Pouvoir des El\u00e9ments, Photon Hypernova, Acc\u00e8s \u00e0 la Cybertemp\u00eate, Nexus du Duelliste, Ere du Seigneur Supr\u00eame, Labyrinthe du Mill\u00e9naire, et plus encore ! De plus, de nouvelles versions artistiques de certaines des cartes les plus c\u00e9l\u00e8bres de Dueling, de Red-Eyes Black Dragon et Dark Magician Girl \u00e0 Harpie&rsquo;s Feather Duster et Raigeki. Avec 400 cartes dans le set, cette Tin n&rsquo;a pas seulement quelque chose pour tout le monde, elle a beaucoup de choses \u00e0 offrir !<\/p>\n<p>Pendant ce temps, les 50 cartes Quarter Century Secret Rare de l&rsquo;ensemble sont un voyage dans le pass\u00e9, mettant en vedette des monstres embl\u00e9matiques et des images de d\u00e9cennies de duel. En plus des seize cartes montr\u00e9es sur les c\u00f4t\u00e9s des bo\u00eetes (et plus \u00e0 ce sujet plus tard), il y avait trop de moments c\u00e9l\u00e8bres \u00e0 se rem\u00e9morer, nous avons donc ajout\u00e9 34 cartes suppl\u00e9mentaires \u00e0 la s\u00e9lection Quarter Century Secret Rare, et vous en aurez trois dans chaque bo\u00eete.<\/p>\n<p>Total par bo\u00eete :<br \/>\n3 Quarter Century Secret Rares<br \/>\n3 Prismatic Secret Rares<br \/>\n9 Ultra Rares 24 Commons<\/p>\n<p>Le nom et le contenu de l&rsquo;ensemble sont sujets \u00e0 modification.<\/p>\n","protected":false},"excerpt":{"rendered":"<p>PRECOMMANDE SORTIE LE 19 Septembre! &nbsp; Le 25e anniversaire de Dueling bat son plein avec la boite m\u00e9tal the 25th<\/p>\n","protected":false},"featured_media":6428,"comment_status":"open","ping_status":"closed","template":"","meta":{"colormag_page_container_layout":"default_layout","colormag_page_sidebar_layout":"default_layout"},"product_brand":[],"product_cat":[32,37,49],"product_tag":[],"class_list":{"0":"post-6427","1":"product","2":"type-product","3":"status-publish","4":"has-post-thumbnail","6":"product_cat-jeux-de-cartes","7":"product_cat-ne-ratez-pas","8":"product_cat-cartes-yu-gi-oh","10":"first","11":"instock","12":"taxable","13":"shipping-taxable","14":"purchasable","15":"product-type-simple"},"yoast_head":"<!-- This site is optimized with the Yoast SEO plugin v27.3 - https:\/\/yoast.com\/product\/yoast-seo-wordpress\/ -->\n<title>Yu Gi Oh Boite du 25e anniversaire : Miroirs du Duel - Croc Jeux<\/title>\n<meta name=\"robots\" content=\"index, follow, max-snippet:-1, max-image-preview:large, max-video-preview:-1\" \/>\n<link rel=\"canonical\" href=\"https:\/\/crocjeux.com\/index.php\/produit\/yu-gi-oh-boite-du-25e-anniversaire-miroirs-du-duel-precommande-sortie-le-19-septembre\/\" \/>\n<meta property=\"og:locale\" content=\"fr_FR\" \/>\n<meta property=\"og:type\" content=\"article\" \/>\n<meta property=\"og:title\" content=\"Yu Gi Oh Boite du 25e anniversaire : Miroirs du Duel - Croc Jeux\" \/>\n<meta property=\"og:description\" content=\"PRECOMMANDE SORTIE LE 19 Septembre! &nbsp; Le 25e anniversaire de Dueling bat son plein avec la boite m\u00e9tal the 25th\" \/>\n<meta property=\"og:url\" content=\"https:\/\/crocjeux.com\/index.php\/produit\/yu-gi-oh-boite-du-25e-anniversaire-miroirs-du-duel-precommande-sortie-le-19-septembre\/\" \/>\n<meta property=\"og:site_name\" content=\"Croc Jeux\" \/>\n<meta property=\"article:modified_time\" content=\"2025-04-30T09:05:04+00:00\" \/>\n<meta property=\"og:image\" content=\"https:\/\/crocjeux.com\/wp-content\/uploads\/2024\/09\/Tin-box-Yugi.png\" \/>\n\t<meta property=\"og:image:width\" content=\"1080\" \/>\n\t<meta property=\"og:image:height\" content=\"1080\" \/>\n\t<meta property=\"og:image:type\" content=\"image\/png\" \/>\n<meta name=\"twitter:card\" content=\"summary_large_image\" \/>\n<meta name=\"twitter:label1\" content=\"Dur\u00e9e de lecture estim\u00e9e\" \/>\n\t<meta name=\"twitter:data1\" content=\"2 minutes\" \/>\n<script type=\"application\/ld+json\" class=\"yoast-schema-graph\">{\"@context\":\"https:\\\/\\\/schema.org\",\"@graph\":[{\"@type\":\"WebPage\",\"@id\":\"https:\\\/\\\/crocjeux.com\\\/index.php\\\/produit\\\/yu-gi-oh-boite-du-25e-anniversaire-miroirs-du-duel-precommande-sortie-le-19-septembre\\\/\",\"url\":\"https:\\\/\\\/crocjeux.com\\\/index.php\\\/produit\\\/yu-gi-oh-boite-du-25e-anniversaire-miroirs-du-duel-precommande-sortie-le-19-septembre\\\/\",\"name\":\"Yu Gi Oh Boite du 25e anniversaire : Miroirs du Duel - Croc Jeux\",\"isPartOf\":{\"@id\":\"https:\\\/\\\/crocjeux.com\\\/#website\"},\"primaryImageOfPage\":{\"@id\":\"https:\\\/\\\/crocjeux.com\\\/index.php\\\/produit\\\/yu-gi-oh-boite-du-25e-anniversaire-miroirs-du-duel-precommande-sortie-le-19-septembre\\\/#primaryimage\"},\"image\":{\"@id\":\"https:\\\/\\\/crocjeux.com\\\/index.php\\\/produit\\\/yu-gi-oh-boite-du-25e-anniversaire-miroirs-du-duel-precommande-sortie-le-19-septembre\\\/#primaryimage\"},\"thumbnailUrl\":\"https:\\\/\\\/crocjeux.com\\\/wp-content\\\/uploads\\\/2024\\\/09\\\/Tin-box-Yugi.png\",\"datePublished\":\"2024-09-12T09:24:33+00:00\",\"dateModified\":\"2025-04-30T09:05:04+00:00\",\"breadcrumb\":{\"@id\":\"https:\\\/\\\/crocjeux.com\\\/index.php\\\/produit\\\/yu-gi-oh-boite-du-25e-anniversaire-miroirs-du-duel-precommande-sortie-le-19-septembre\\\/#breadcrumb\"},\"inLanguage\":\"fr-FR\",\"potentialAction\":[{\"@type\":\"ReadAction\",\"target\":[\"https:\\\/\\\/crocjeux.com\\\/index.php\\\/produit\\\/yu-gi-oh-boite-du-25e-anniversaire-miroirs-du-duel-precommande-sortie-le-19-septembre\\\/\"]}]},{\"@type\":\"ImageObject\",\"inLanguage\":\"fr-FR\",\"@id\":\"https:\\\/\\\/crocjeux.com\\\/index.php\\\/produit\\\/yu-gi-oh-boite-du-25e-anniversaire-miroirs-du-duel-precommande-sortie-le-19-septembre\\\/#primaryimage\",\"url\":\"https:\\\/\\\/crocjeux.com\\\/wp-content\\\/uploads\\\/2024\\\/09\\\/Tin-box-Yugi.png\",\"contentUrl\":\"https:\\\/\\\/crocjeux.com\\\/wp-content\\\/uploads\\\/2024\\\/09\\\/Tin-box-Yugi.png\",\"width\":1080,\"height\":1080},{\"@type\":\"BreadcrumbList\",\"@id\":\"https:\\\/\\\/crocjeux.com\\\/index.php\\\/produit\\\/yu-gi-oh-boite-du-25e-anniversaire-miroirs-du-duel-precommande-sortie-le-19-septembre\\\/#breadcrumb\",\"itemListElement\":[{\"@type\":\"ListItem\",\"position\":1,\"name\":\"Accueil\",\"item\":\"https:\\\/\\\/crocjeux.com\\\/\"},{\"@type\":\"ListItem\",\"position\":2,\"name\":\"Boutique\",\"item\":\"https:\\\/\\\/crocjeux.com\\\/\"},{\"@type\":\"ListItem\",\"position\":3,\"name\":\"Yu Gi Oh Boite du 25e anniversaire : Miroirs du Duel\"}]},{\"@type\":\"WebSite\",\"@id\":\"https:\\\/\\\/crocjeux.com\\\/#website\",\"url\":\"https:\\\/\\\/crocjeux.com\\\/\",\"name\":\"Croc Jeux\",\"description\":\"Bienvenue chez Croc Jeux!\",\"publisher\":{\"@id\":\"https:\\\/\\\/crocjeux.com\\\/#organization\"},\"potentialAction\":[{\"@type\":\"SearchAction\",\"target\":{\"@type\":\"EntryPoint\",\"urlTemplate\":\"https:\\\/\\\/crocjeux.com\\\/?s={search_term_string}\"},\"query-input\":{\"@type\":\"PropertyValueSpecification\",\"valueRequired\":true,\"valueName\":\"search_term_string\"}}],\"inLanguage\":\"fr-FR\"},{\"@type\":\"Organization\",\"@id\":\"https:\\\/\\\/crocjeux.com\\\/#organization\",\"name\":\"Croc Jeux\",\"url\":\"https:\\\/\\\/crocjeux.com\\\/\",\"logo\":{\"@type\":\"ImageObject\",\"inLanguage\":\"fr-FR\",\"@id\":\"https:\\\/\\\/crocjeux.com\\\/#\\\/schema\\\/logo\\\/image\\\/\",\"url\":\"https:\\\/\\\/crocjeux.com\\\/wp-content\\\/uploads\\\/2022\\\/01\\\/cropped-logo-croc-etape-1-e1644574034239.jpg\",\"contentUrl\":\"https:\\\/\\\/crocjeux.com\\\/wp-content\\\/uploads\\\/2022\\\/01\\\/cropped-logo-croc-etape-1-e1644574034239.jpg\",\"width\":1224,\"height\":314,\"caption\":\"Croc Jeux\"},\"image\":{\"@id\":\"https:\\\/\\\/crocjeux.com\\\/#\\\/schema\\\/logo\\\/image\\\/\"}}]}<\/script>\n<!-- \/ Yoast SEO plugin. -->","yoast_head_json":{"title":"Yu Gi Oh Boite du 25e anniversaire : Miroirs du Duel - Croc Jeux","robots":{"index":"index","follow":"follow","max-snippet":"max-snippet:-1","max-image-preview":"max-image-preview:large","max-video-preview":"max-video-preview:-1"},"canonical":"https:\/\/crocjeux.com\/index.php\/produit\/yu-gi-oh-boite-du-25e-anniversaire-miroirs-du-duel-precommande-sortie-le-19-septembre\/","og_locale":"fr_FR","og_type":"article","og_title":"Yu Gi Oh Boite du 25e anniversaire : Miroirs du Duel - Croc Jeux","og_description":"PRECOMMANDE SORTIE LE 19 Septembre! &nbsp; Le 25e anniversaire de Dueling bat son plein avec la boite m\u00e9tal the 25th","og_url":"https:\/\/crocjeux.com\/index.php\/produit\/yu-gi-oh-boite-du-25e-anniversaire-miroirs-du-duel-precommande-sortie-le-19-septembre\/","og_site_name":"Croc Jeux","article_modified_time":"2025-04-30T09:05:04+00:00","og_image":[{"width":1080,"height":1080,"url":"https:\/\/crocjeux.com\/wp-content\/uploads\/2024\/09\/Tin-box-Yugi.png","type":"image\/png"}],"twitter_card":"summary_large_image","twitter_misc":{"Dur\u00e9e de lecture estim\u00e9e":"2 minutes"},"schema":{"@context":"https:\/\/schema.org","@graph":[{"@type":"WebPage","@id":"https:\/\/crocjeux.com\/index.php\/produit\/yu-gi-oh-boite-du-25e-anniversaire-miroirs-du-duel-precommande-sortie-le-19-septembre\/","url":"https:\/\/crocjeux.com\/index.php\/produit\/yu-gi-oh-boite-du-25e-anniversaire-miroirs-du-duel-precommande-sortie-le-19-septembre\/","name":"Yu Gi Oh Boite du 25e anniversaire : Miroirs du Duel - Croc Jeux","isPartOf":{"@id":"https:\/\/crocjeux.com\/#website"},"primaryImageOfPage":{"@id":"https:\/\/crocjeux.com\/index.php\/produit\/yu-gi-oh-boite-du-25e-anniversaire-miroirs-du-duel-precommande-sortie-le-19-septembre\/#primaryimage"},"image":{"@id":"https:\/\/crocjeux.com\/index.php\/produit\/yu-gi-oh-boite-du-25e-anniversaire-miroirs-du-duel-precommande-sortie-le-19-septembre\/#primaryimage"},"thumbnailUrl":"https:\/\/crocjeux.com\/wp-content\/uploads\/2024\/09\/Tin-box-Yugi.png","datePublished":"2024-09-12T09:24:33+00:00","dateModified":"2025-04-30T09:05:04+00:00","breadcrumb":{"@id":"https:\/\/crocjeux.com\/index.php\/produit\/yu-gi-oh-boite-du-25e-anniversaire-miroirs-du-duel-precommande-sortie-le-19-septembre\/#breadcrumb"},"inLanguage":"fr-FR","potentialAction":[{"@type":"ReadAction","target":["https:\/\/crocjeux.com\/index.php\/produit\/yu-gi-oh-boite-du-25e-anniversaire-miroirs-du-duel-precommande-sortie-le-19-septembre\/"]}]},{"@type":"ImageObject","inLanguage":"fr-FR","@id":"https:\/\/crocjeux.com\/index.php\/produit\/yu-gi-oh-boite-du-25e-anniversaire-miroirs-du-duel-precommande-sortie-le-19-septembre\/#primaryimage","url":"https:\/\/crocjeux.com\/wp-content\/uploads\/2024\/09\/Tin-box-Yugi.png","contentUrl":"https:\/\/crocjeux.com\/wp-content\/uploads\/2024\/09\/Tin-box-Yugi.png","width":1080,"height":1080},{"@type":"BreadcrumbList","@id":"https:\/\/crocjeux.com\/index.php\/produit\/yu-gi-oh-boite-du-25e-anniversaire-miroirs-du-duel-precommande-sortie-le-19-septembre\/#breadcrumb","itemListElement":[{"@type":"ListItem","position":1,"name":"Accueil","item":"https:\/\/crocjeux.com\/"},{"@type":"ListItem","position":2,"name":"Boutique","item":"https:\/\/crocjeux.com\/"},{"@type":"ListItem","position":3,"name":"Yu Gi Oh Boite du 25e anniversaire : Miroirs du Duel"}]},{"@type":"WebSite","@id":"https:\/\/crocjeux.com\/#website","url":"https:\/\/crocjeux.com\/","name":"Croc Jeux","description":"Bienvenue chez Croc Jeux!","publisher":{"@id":"https:\/\/crocjeux.com\/#organization"},"potentialAction":[{"@type":"SearchAction","target":{"@type":"EntryPoint","urlTemplate":"https:\/\/crocjeux.com\/?s={search_term_string}"},"query-input":{"@type":"PropertyValueSpecification","valueRequired":true,"valueName":"search_term_string"}}],"inLanguage":"fr-FR"},{"@type":"Organization","@id":"https:\/\/crocjeux.com\/#organization","name":"Croc Jeux","url":"https:\/\/crocjeux.com\/","logo":{"@type":"ImageObject","inLanguage":"fr-FR","@id":"https:\/\/crocjeux.com\/#\/schema\/logo\/image\/","url":"https:\/\/crocjeux.com\/wp-content\/uploads\/2022\/01\/cropped-logo-croc-etape-1-e1644574034239.jpg","contentUrl":"https:\/\/crocjeux.com\/wp-content\/uploads\/2022\/01\/cropped-logo-croc-etape-1-e1644574034239.jpg","width":1224,"height":314,"caption":"Croc Jeux"},"image":{"@id":"https:\/\/crocjeux.com\/#\/schema\/logo\/image\/"}}]}},"_links":{"self":[{"href":"https:\/\/crocjeux.com\/index.php\/wp-json\/wp\/v2\/product\/6427","targetHints":{"allow":["GET"]}}],"collection":[{"href":"https:\/\/crocjeux.com\/index.php\/wp-json\/wp\/v2\/product"}],"about":[{"href":"https:\/\/crocjeux.com\/index.php\/wp-json\/wp\/v2\/types\/product"}],"replies":[{"embeddable":true,"href":"https:\/\/crocjeux.com\/index.php\/wp-json\/wp\/v2\/comments?post=6427"}],"wp:featuredmedia":[{"embeddable":true,"href":"https:\/\/crocjeux.com\/index.php\/wp-json\/wp\/v2\/media\/6428"}],"wp:attachment":[{"href":"https:\/\/crocjeux.com\/index.php\/wp-json\/wp\/v2\/media?parent=6427"}],"wp:term":[{"taxonomy":"product_brand","embeddable":true,"href":"https:\/\/crocjeux.com\/index.php\/wp-json\/wp\/v2\/product_brand?post=6427"},{"taxonomy":"product_cat","embeddable":true,"href":"https:\/\/crocjeux.com\/index.php\/wp-json\/wp\/v2\/product_cat?post=6427"},{"taxonomy":"product_tag","embeddable":true,"href":"https:\/\/crocjeux.com\/index.php\/wp-json\/wp\/v2\/product_tag?post=6427"}],"curies":[{"name":"wp","href":"https:\/\/api.w.org\/{rel}","templated":true}]}}